{"id":99765,"date":"2024-10-02T13:42:13","date_gmt":"2024-10-02T13:42:13","guid":{"rendered":"https:\/\/www.lifenatura.com\/produto\/tostada-crujiente-de-fibra-de-sarraceno-230-g-le-pain-des-fleurs\/"},"modified":"2024-10-02T14:04:09","modified_gmt":"2024-10-02T14:04:09","slug":"tostada-crujiente-de-fibra-de-sarraceno-230-g-le-pain-des-fleurs","status":"publish","type":"product","link":"https:\/\/www.lifenatura.com\/es\/produto\/tostada-crujiente-de-fibra-de-sarraceno-230-g-le-pain-des-fleurs\/","title":{"rendered":"Tostada crujiente de fibra de sarraceno 230 g &#8211; Le Pain des Fleurs"},"content":{"rendered":"<h2 style=\"text-align: left;\"><strong>Crujientes tostadas de trigo sarraceno, super sabrosas y ricas en fibra<\/strong><\/h2>\n<p>&nbsp;<\/p>\n<p><strong>Las Tortitas Crujientes de Trigo con Fibra<\/strong> de Le Pain des Fleurs son una excelente opci\u00f3n para quien busque una opci\u00f3n crujiente y rica en fibra para el d\u00eda a d\u00eda.<br \/>\nElaboradas con trigo integral ecol\u00f3gico, estas tostadas ofrecen un sabor natural y una textura ligera, ideal para el desayuno, como tentempi\u00e9 o para acompa\u00f1ar las comidas.<\/p>\n<p>Sin az\u00facares ni grasas a\u00f1adidos, son perfectas para quienes valoran una dieta equilibrada rica en nutrientes esenciales para el buen funcionamiento del organismo.<\/p>\n<p><strong>Principales ventajas:<\/strong><\/p>\n<ul>\n<li><strong>Rico en fibra:<\/strong> contribuye a una digesti\u00f3n sana y al buen funcionamiento del sistema intestinal.<\/li>\n<li><strong>Elaborado con ingredientes ecol\u00f3gicos:<\/strong> Producido con trigo integral ecol\u00f3gico, respetando los principios de sostenibilidad y calidad.<\/li>\n<li><strong>Textura ligera y crujiente:<\/strong> Ideales para acompa\u00f1ar una variedad de alimentos o para comerlas solas, con un crujido irresistible.<\/li>\n<li><strong>Sin az\u00facares ni grasas a\u00f1adidos:<\/strong> Perfecto para quienes siguen una dieta sana y controlada.<\/li>\n<li><strong>Versatilidad:<\/strong> Pueden combinarse con platos dulces o salados, lo que las convierte en una opci\u00f3n pr\u00e1ctica y nutritiva para cualquier comida.<\/li>\n<\/ul>\n<p><strong>Adecuado para:<\/strong><\/p>\n<ul>\n<li><strong>Personas que buscan una dieta rica en fibra:<\/strong> Ideal para quienes desean mejorar su salud digestiva.<\/li>\n<li><strong>Aficionados a los productos ecol\u00f3gicos:<\/strong> Ideal para quienes prefieren productos naturales elaborados con ingredientes ecol\u00f3gicos.<\/li>\n<li><strong>Los que buscan tentempi\u00e9s sanos:<\/strong> Una elecci\u00f3n excelente para los que quieren evitar az\u00facares y grasas manteniendo el sabor y la calidad.<\/li>\n<li><strong>Para toda la familia:<\/strong> Un producto vers\u00e1til y nutritivo apto para todas las edades.<\/li>\n<\/ul>\n<p><strong>PRESENTACI\u00d3N<\/strong><\/p>\n<p>230g<\/p>\n<p>&nbsp;<\/p>\n","protected":false},"excerpt":{"rendered":"<p>Tostadas crujientes de trigo con fibra Le Pain des Fleurs, la elecci\u00f3n perfecta para quienes desean a\u00f1adir m\u00e1s fibra a su dieta de forma pr\u00e1ctica y sabrosa. [&#8230;]<\/p>\n<p><a class=\"btn btn-secondary understrap-read-more-link\" href=\"https:\/\/www.lifenatura.com\/es\/produto\/tostada-crujiente-de-fibra-de-sarraceno-230-g-le-pain-des-fleurs\/\">Leer m\u00e1s&#8230;<span class=\"screen-reader-text\"> from Tostada crujiente de fibra de sarraceno 230 g &#8211; Le Pain des Fleurs<\/span><\/a><\/p>\n","protected":false},"featured_media":99751,"template":"","meta":{"_acf_changed":false},"product_brand":[8456],"product_cat":[7064,7287,7659,7074,7791],"product_tag":[],"class_list":{"0":"post-99765","1":"product","2":"type-product","3":"status-publish","4":"has-post-thumbnail","6":"product_brand-le-pain-des-fleurs","7":"product_cat-alimentacion-sana","8":"product_cat-barritas-y-snacks","9":"product_cat-ingrediente-natural-bio","10":"product_cat-productos-alimenticios","11":"product_cat-trigo-sarraceno-es","12":"pa_caracteristicas-biologico","13":"pa_caracteristicas-sin-azucares-anadidos","14":"pa_caracteristicas-sin-gluten","15":"pa_caracteristicas-vegano","17":"first","18":"instock","19":"shipping-taxable","20":"purchasable","21":"product-type-simple","22":"add-to-wishlist-before_image"},"acf":[],"yoast_head":"<!-- This site is optimized with the Yoast SEO Premium plugin v27.1 (Yoast SEO v27.5) - https:\/\/yoast.com\/product\/yoast-seo-premium-wordpress\/ -->\n<title>Tostada crujiente de fibra de sarraceno 230 g - Le Pain des Fleurs - Na Lifenatura ao Melhor Pre\u00e7o | Envio em 48h<\/title>\n<meta name=\"description\" content=\"Tostadas crujientes de trigo con fibra Le Pain des Fleurs, la elecci\u00f3n perfecta para quienes desean a\u00f1adir m\u00e1s fibra a su dieta de forma pr\u00e1ctica y sabrosa.\" \/>\n<meta name=\"robots\" content=\"index, follow, max-snippet:-1, max-image-preview:large, max-video-preview:-1\" \/>\n<link rel=\"canonical\" href=\"https:\/\/www.lifenatura.com\/es\/produto\/tostada-crujiente-de-fibra-de-sarraceno-230-g-le-pain-des-fleurs\/\" \/>\n<meta property=\"og:locale\" content=\"es_ES\" \/>\n<meta property=\"og:type\" content=\"article\" \/>\n<meta property=\"og:title\" content=\"Tostada crujiente de fibra de sarraceno 230 g - Le Pain des Fleurs - Na Lifenatura ao Melhor Pre\u00e7o | Envio 48h\" \/>\n<meta property=\"og:description\" content=\"Compre Tostada crujiente de fibra de sarraceno 230 g - Le Pain des Fleurs com envio r\u00e1pido. Entrega em 48h e portes gr\u00e1tis em compras &gt;35\u20ac. Aproveite j\u00e1 na Lifenatura\" \/>\n<meta property=\"og:url\" content=\"https:\/\/www.lifenatura.com\/es\/produto\/tostada-crujiente-de-fibra-de-sarraceno-230-g-le-pain-des-fleurs\/\" \/>\n<meta property=\"og:site_name\" content=\"Lifenatura\" \/>\n<meta property=\"article:publisher\" content=\"https:\/\/www.facebook.com\/lifenatura\" \/>\n<meta property=\"article:modified_time\" content=\"2024-10-02T14:04:09+00:00\" \/>\n<meta property=\"og:image\" content=\"https:\/\/www.lifenatura.com\/wp-content\/uploads\/2024\/10\/tostas-trigo-sarraceno-fibra-le-pain-des-fleurs.jpg\" \/>\n\t<meta property=\"og:image:width\" content=\"1000\" \/>\n\t<meta property=\"og:image:height\" content=\"1000\" \/>\n\t<meta property=\"og:image:type\" content=\"image\/jpeg\" \/>\n<meta name=\"twitter:card\" content=\"summary_large_image\" \/>\n<meta name=\"twitter:label1\" content=\"Precio\" \/>\n\t<meta name=\"twitter:data1\" content=\"5,81&nbsp;&euro;\" \/>\n\t<meta name=\"twitter:label2\" content=\"Disponibilidad\" \/>\n\t<meta name=\"twitter:data2\" content=\"Disponible\" \/>\n<script type=\"application\/ld+json\" class=\"yoast-schema-graph\">{\"@context\":\"https:\\\/\\\/schema.org\",\"@graph\":[{\"@type\":\"WebPage\",\"@id\":\"https:\\\/\\\/www.lifenatura.com\\\/es\\\/produto\\\/tostada-crujiente-de-fibra-de-sarraceno-230-g-le-pain-des-fleurs\\\/\",\"url\":\"https:\\\/\\\/www.lifenatura.com\\\/es\\\/produto\\\/tostada-crujiente-de-fibra-de-sarraceno-230-g-le-pain-des-fleurs\\\/\",\"name\":\"Tostada crujiente de fibra de sarraceno 230 g - Le Pain des Fleurs - Na Lifenatura ao Melhor Pre\u00e7o | Envio em 48h\",\"isPartOf\":{\"@id\":\"https:\\\/\\\/www.lifenatura.com\\\/es\\\/#website\"},\"primaryImageOfPage\":{\"@id\":\"https:\\\/\\\/www.lifenatura.com\\\/es\\\/produto\\\/tostada-crujiente-de-fibra-de-sarraceno-230-g-le-pain-des-fleurs\\\/#primaryimage\"},\"image\":{\"@id\":\"https:\\\/\\\/www.lifenatura.com\\\/es\\\/produto\\\/tostada-crujiente-de-fibra-de-sarraceno-230-g-le-pain-des-fleurs\\\/#primaryimage\"},\"thumbnailUrl\":\"https:\\\/\\\/www.lifenatura.com\\\/wp-content\\\/uploads\\\/2024\\\/10\\\/tostas-trigo-sarraceno-fibra-le-pain-des-fleurs.jpg\",\"datePublished\":\"2024-10-02T13:42:13+00:00\",\"dateModified\":\"2024-10-02T14:04:09+00:00\",\"description\":\"Tostadas crujientes de trigo con fibra Le Pain des Fleurs, la elecci\u00f3n perfecta para quienes desean a\u00f1adir m\u00e1s fibra a su dieta de forma pr\u00e1ctica y sabrosa.\",\"breadcrumb\":{\"@id\":\"https:\\\/\\\/www.lifenatura.com\\\/es\\\/produto\\\/tostada-crujiente-de-fibra-de-sarraceno-230-g-le-pain-des-fleurs\\\/#breadcrumb\"},\"inLanguage\":\"es\",\"potentialAction\":[{\"@type\":\"ReadAction\",\"target\":[\"https:\\\/\\\/www.lifenatura.com\\\/es\\\/produto\\\/tostada-crujiente-de-fibra-de-sarraceno-230-g-le-pain-des-fleurs\\\/\"]}]},{\"@type\":\"ImageObject\",\"inLanguage\":\"es\",\"@id\":\"https:\\\/\\\/www.lifenatura.com\\\/es\\\/produto\\\/tostada-crujiente-de-fibra-de-sarraceno-230-g-le-pain-des-fleurs\\\/#primaryimage\",\"url\":\"https:\\\/\\\/www.lifenatura.com\\\/wp-content\\\/uploads\\\/2024\\\/10\\\/tostas-trigo-sarraceno-fibra-le-pain-des-fleurs.jpg\",\"contentUrl\":\"https:\\\/\\\/www.lifenatura.com\\\/wp-content\\\/uploads\\\/2024\\\/10\\\/tostas-trigo-sarraceno-fibra-le-pain-des-fleurs.jpg\",\"width\":1000,\"height\":1000,\"caption\":\"Tostada de fibra de trigo sarraceno de Le Pain de fleurs\"},{\"@type\":\"BreadcrumbList\",\"@id\":\"https:\\\/\\\/www.lifenatura.com\\\/es\\\/produto\\\/tostada-crujiente-de-fibra-de-sarraceno-230-g-le-pain-des-fleurs\\\/#breadcrumb\",\"itemListElement\":[{\"@type\":\"ListItem\",\"position\":1,\"name\":\"In\u00edcio\",\"item\":\"https:\\\/\\\/www.lifenatura.com\\\/es\\\/\"},{\"@type\":\"ListItem\",\"position\":2,\"name\":\"Todos los Productos\",\"item\":\"https:\\\/\\\/www.lifenatura.com\\\/es\\\/tienda\\\/\"},{\"@type\":\"ListItem\",\"position\":3,\"name\":\"Tostada crujiente de fibra de sarraceno 230 g &#8211; Le Pain des Fleurs\"}]},{\"@type\":\"WebSite\",\"@id\":\"https:\\\/\\\/www.lifenatura.com\\\/es\\\/#website\",\"url\":\"https:\\\/\\\/www.lifenatura.com\\\/es\\\/\",\"name\":\"Lifenatura\",\"description\":\"A Lifenatura \u00e9 uma loja de produtos naturais, cosm\u00e9tica natural e alimenta\u00e7\u00e3o Biol\u00f3gica.\",\"publisher\":{\"@id\":\"https:\\\/\\\/www.lifenatura.com\\\/es\\\/#organization\"},\"potentialAction\":[{\"@type\":\"SearchAction\",\"target\":{\"@type\":\"EntryPoint\",\"urlTemplate\":\"https:\\\/\\\/www.lifenatura.com\\\/es\\\/?s={search_term_string}\"},\"query-input\":{\"@type\":\"PropertyValueSpecification\",\"valueRequired\":true,\"valueName\":\"search_term_string\"}}],\"inLanguage\":\"es\"},{\"@type\":\"Organization\",\"@id\":\"https:\\\/\\\/www.lifenatura.com\\\/es\\\/#organization\",\"name\":\"Lifenatura\",\"url\":\"https:\\\/\\\/www.lifenatura.com\\\/es\\\/\",\"logo\":{\"@type\":\"ImageObject\",\"inLanguage\":\"es\",\"@id\":\"https:\\\/\\\/www.lifenatura.com\\\/es\\\/#\\\/schema\\\/logo\\\/image\\\/\",\"url\":\"https:\\\/\\\/www.lifenatura.com\\\/wp-content\\\/uploads\\\/2021\\\/07\\\/logo.png\",\"contentUrl\":\"https:\\\/\\\/www.lifenatura.com\\\/wp-content\\\/uploads\\\/2021\\\/07\\\/logo.png\",\"width\":175,\"height\":55,\"caption\":\"Lifenatura\"},\"image\":{\"@id\":\"https:\\\/\\\/www.lifenatura.com\\\/es\\\/#\\\/schema\\\/logo\\\/image\\\/\"},\"sameAs\":[\"https:\\\/\\\/www.facebook.com\\\/lifenatura\",\"https:\\\/\\\/www.instagram.com\\\/lifenaturapt\\\/\"],\"hasMerchantReturnPolicy\":{\"@type\":\"MerchantReturnPolicy\",\"merchantReturnLink\":\"https:\\\/\\\/www.lifenatura.com\\\/termos-condicoes-lifenatura\\\/\"}}]}<\/script>\n<meta property=\"product:price:amount\" content=\"5.81\" \/>\n<meta property=\"product:price:currency\" content=\"EUR\" \/>\n<meta property=\"og:availability\" content=\"instock\" \/>\n<meta property=\"product:availability\" content=\"instock\" \/>\n<meta property=\"product:retailer_item_id\" content=\"3380380087400\" \/>\n<meta property=\"product:condition\" content=\"new\" \/>\n<!-- \/ Yoast SEO Premium plugin. -->","yoast_head_json":{"title":"Tostada crujiente de fibra de sarraceno 230 g - Le Pain des Fleurs - Na Lifenatura ao Melhor Pre\u00e7o | Envio em 48h","description":"Tostadas crujientes de trigo con fibra Le Pain des Fleurs, la elecci\u00f3n perfecta para quienes desean a\u00f1adir m\u00e1s fibra a su dieta de forma pr\u00e1ctica y sabrosa.","robots":{"index":"index","follow":"follow","max-snippet":"max-snippet:-1","max-image-preview":"max-image-preview:large","max-video-preview":"max-video-preview:-1"},"canonical":"https:\/\/www.lifenatura.com\/es\/produto\/tostada-crujiente-de-fibra-de-sarraceno-230-g-le-pain-des-fleurs\/","og_locale":"es_ES","og_type":"article","og_title":"Tostada crujiente de fibra de sarraceno 230 g - Le Pain des Fleurs - Na Lifenatura ao Melhor Pre\u00e7o | Envio 48h","og_description":"Compre Tostada crujiente de fibra de sarraceno 230 g - Le Pain des Fleurs com envio r\u00e1pido. Entrega em 48h e portes gr\u00e1tis em compras >35\u20ac. Aproveite j\u00e1 na Lifenatura","og_url":"https:\/\/www.lifenatura.com\/es\/produto\/tostada-crujiente-de-fibra-de-sarraceno-230-g-le-pain-des-fleurs\/","og_site_name":"Lifenatura","article_publisher":"https:\/\/www.facebook.com\/lifenatura","article_modified_time":"2024-10-02T14:04:09+00:00","og_image":[{"width":1000,"height":1000,"url":"https:\/\/www.lifenatura.com\/wp-content\/uploads\/2024\/10\/tostas-trigo-sarraceno-fibra-le-pain-des-fleurs.jpg","type":"image\/jpeg"}],"twitter_card":"summary_large_image","twitter_misc":{"Precio":"5,81&nbsp;&euro;","Disponibilidad":"Disponible"},"schema":{"@context":"https:\/\/schema.org","@graph":[{"@type":"WebPage","@id":"https:\/\/www.lifenatura.com\/es\/produto\/tostada-crujiente-de-fibra-de-sarraceno-230-g-le-pain-des-fleurs\/","url":"https:\/\/www.lifenatura.com\/es\/produto\/tostada-crujiente-de-fibra-de-sarraceno-230-g-le-pain-des-fleurs\/","name":"Tostada crujiente de fibra de sarraceno 230 g - Le Pain des Fleurs - Na Lifenatura ao Melhor Pre\u00e7o | Envio em 48h","isPartOf":{"@id":"https:\/\/www.lifenatura.com\/es\/#website"},"primaryImageOfPage":{"@id":"https:\/\/www.lifenatura.com\/es\/produto\/tostada-crujiente-de-fibra-de-sarraceno-230-g-le-pain-des-fleurs\/#primaryimage"},"image":{"@id":"https:\/\/www.lifenatura.com\/es\/produto\/tostada-crujiente-de-fibra-de-sarraceno-230-g-le-pain-des-fleurs\/#primaryimage"},"thumbnailUrl":"https:\/\/www.lifenatura.com\/wp-content\/uploads\/2024\/10\/tostas-trigo-sarraceno-fibra-le-pain-des-fleurs.jpg","datePublished":"2024-10-02T13:42:13+00:00","dateModified":"2024-10-02T14:04:09+00:00","description":"Tostadas crujientes de trigo con fibra Le Pain des Fleurs, la elecci\u00f3n perfecta para quienes desean a\u00f1adir m\u00e1s fibra a su dieta de forma pr\u00e1ctica y sabrosa.","breadcrumb":{"@id":"https:\/\/www.lifenatura.com\/es\/produto\/tostada-crujiente-de-fibra-de-sarraceno-230-g-le-pain-des-fleurs\/#breadcrumb"},"inLanguage":"es","potentialAction":[{"@type":"ReadAction","target":["https:\/\/www.lifenatura.com\/es\/produto\/tostada-crujiente-de-fibra-de-sarraceno-230-g-le-pain-des-fleurs\/"]}]},{"@type":"ImageObject","inLanguage":"es","@id":"https:\/\/www.lifenatura.com\/es\/produto\/tostada-crujiente-de-fibra-de-sarraceno-230-g-le-pain-des-fleurs\/#primaryimage","url":"https:\/\/www.lifenatura.com\/wp-content\/uploads\/2024\/10\/tostas-trigo-sarraceno-fibra-le-pain-des-fleurs.jpg","contentUrl":"https:\/\/www.lifenatura.com\/wp-content\/uploads\/2024\/10\/tostas-trigo-sarraceno-fibra-le-pain-des-fleurs.jpg","width":1000,"height":1000,"caption":"Tostada de fibra de trigo sarraceno de Le Pain de fleurs"},{"@type":"BreadcrumbList","@id":"https:\/\/www.lifenatura.com\/es\/produto\/tostada-crujiente-de-fibra-de-sarraceno-230-g-le-pain-des-fleurs\/#breadcrumb","itemListElement":[{"@type":"ListItem","position":1,"name":"In\u00edcio","item":"https:\/\/www.lifenatura.com\/es\/"},{"@type":"ListItem","position":2,"name":"Todos los Productos","item":"https:\/\/www.lifenatura.com\/es\/tienda\/"},{"@type":"ListItem","position":3,"name":"Tostada crujiente de fibra de sarraceno 230 g &#8211; Le Pain des Fleurs"}]},{"@type":"WebSite","@id":"https:\/\/www.lifenatura.com\/es\/#website","url":"https:\/\/www.lifenatura.com\/es\/","name":"Lifenatura","description":"A Lifenatura \u00e9 uma loja de produtos naturais, cosm\u00e9tica natural e alimenta\u00e7\u00e3o Biol\u00f3gica.","publisher":{"@id":"https:\/\/www.lifenatura.com\/es\/#organization"},"potentialAction":[{"@type":"SearchAction","target":{"@type":"EntryPoint","urlTemplate":"https:\/\/www.lifenatura.com\/es\/?s={search_term_string}"},"query-input":{"@type":"PropertyValueSpecification","valueRequired":true,"valueName":"search_term_string"}}],"inLanguage":"es"},{"@type":"Organization","@id":"https:\/\/www.lifenatura.com\/es\/#organization","name":"Lifenatura","url":"https:\/\/www.lifenatura.com\/es\/","logo":{"@type":"ImageObject","inLanguage":"es","@id":"https:\/\/www.lifenatura.com\/es\/#\/schema\/logo\/image\/","url":"https:\/\/www.lifenatura.com\/wp-content\/uploads\/2021\/07\/logo.png","contentUrl":"https:\/\/www.lifenatura.com\/wp-content\/uploads\/2021\/07\/logo.png","width":175,"height":55,"caption":"Lifenatura"},"image":{"@id":"https:\/\/www.lifenatura.com\/es\/#\/schema\/logo\/image\/"},"sameAs":["https:\/\/www.facebook.com\/lifenatura","https:\/\/www.instagram.com\/lifenaturapt\/"],"hasMerchantReturnPolicy":{"@type":"MerchantReturnPolicy","merchantReturnLink":"https:\/\/www.lifenatura.com\/termos-condicoes-lifenatura\/"}}]},"product_price_amount":"5.81","product_price_currency":"EUR","og_availability":"instock","product_availability":"instock","product_retailer_item_id":"3380380087400","product_condition":"new"},"df_price":5.81,"df_sale_price":"","df_regular_price":5.81,"df_image_link":"https:\/\/www.lifenatura.com\/wp-content\/uploads\/2024\/10\/tostas-trigo-sarraceno-fibra-le-pain-des-fleurs-300x300.jpg","_links":{"self":[{"href":"https:\/\/www.lifenatura.com\/es\/wp-json\/wp\/v2\/product\/99765","targetHints":{"allow":["GET"]}}],"collection":[{"href":"https:\/\/www.lifenatura.com\/es\/wp-json\/wp\/v2\/product"}],"about":[{"href":"https:\/\/www.lifenatura.com\/es\/wp-json\/wp\/v2\/types\/product"}],"wp:featuredmedia":[{"embeddable":true,"href":"https:\/\/www.lifenatura.com\/es\/wp-json\/wp\/v2\/media\/99751"}],"wp:attachment":[{"href":"https:\/\/www.lifenatura.com\/es\/wp-json\/wp\/v2\/media?parent=99765"}],"wp:term":[{"taxonomy":"product_brand","embeddable":true,"href":"https:\/\/www.lifenatura.com\/es\/wp-json\/wp\/v2\/product_brand?post=99765"},{"taxonomy":"product_cat","embeddable":true,"href":"https:\/\/www.lifenatura.com\/es\/wp-json\/wp\/v2\/product_cat?post=99765"},{"taxonomy":"product_tag","embeddable":true,"href":"https:\/\/www.lifenatura.com\/es\/wp-json\/wp\/v2\/product_tag?post=99765"}],"curies":[{"name":"wp","href":"https:\/\/api.w.org\/{rel}","templated":true}]}}