{"id":99757,"date":"2024-10-01T16:46:45","date_gmt":"2024-10-01T16:46:45","guid":{"rendered":"https:\/\/www.lifenatura.com\/produto\/patatas-fritas-de-lentejas-con-cebolla-ecologica-50g-le-pain-des-fleurs\/"},"modified":"2024-10-02T14:02:28","modified_gmt":"2024-10-02T14:02:28","slug":"patatas-fritas-de-lentejas-con-cebolla-ecologica-50g-le-pain-des-fleurs","status":"publish","type":"product","link":"https:\/\/www.lifenatura.com\/es\/produto\/patatas-fritas-de-lentejas-con-cebolla-ecologica-50g-le-pain-des-fleurs\/","title":{"rendered":"Patatas fritas de lentejas con cebolla ecol\u00f3gica 50g &#8211; Le Pain des Fleurs"},"content":{"rendered":"<h2 style=\"text-align: left;\"><strong>Patatas fritas de lentejas con cebolla &#8211; un tentempi\u00e9 s\u00faper nutritivo y sabroso<\/strong><\/h2>\n<p>&nbsp;<\/p>\n<p><strong>Las chips de lentejas y cebolla ecol\u00f3gicas<\/strong> Le Pain des Fleurs son un crujiente y delicioso aperitivo elaborado con ingredientes 100% ecol\u00f3gicos. Estas chips est\u00e1n enriquecidas con el sabor suave y ligeramente dulce de la cebolla, ofreciendo una experiencia de sabor \u00fanica.<\/p>\n<p>Ricas en prote\u00ednas y fibra, las chips de lentejas son una alternativa sana a los aperitivos convencionales, perfectas para quienes buscan un tentempi\u00e9 nutritivo y sabroso. Sin gluten y bajas en grasa, estas chips son ideales para cel\u00edacos y para quienes siguen una dieta equilibrada.<\/p>\n<p><strong>Principales ventajas:<\/strong><\/p>\n<ul>\n<li><strong>Ricas en prote\u00ednas y fibra:<\/strong> Las lentejas son una excelente fuente de prote\u00ednas vegetales y fibra, que favorecen la saciedad y el bienestar digestivo.<\/li>\n<li><strong>Sabor natural a cebolla:<\/strong> El toque de cebolla a\u00f1ade un sabor especial, que hace que estas patatas fritas sean irresistibles sin comprometer la salud.<\/li>\n<li><strong>Sin gluten:<\/strong> Adecuado para quienes tienen intolerancia al gluten o siguen una dieta sin gluten.<\/li>\n<li><strong>Merienda sana y nutritiva:<\/strong> Con un bajo contenido en grasa, es una opci\u00f3n nutritiva para incluir en cualquier dieta.<\/li>\n<li><strong>Producido con ingredientes ecol\u00f3gicos:<\/strong> Elaborado con ingredientes procedentes de la agricultura ecol\u00f3gica, respetando el medio ambiente y la salud.<\/li>\n<\/ul>\n<p><strong>Adecuado para:<\/strong><\/p>\n<ul>\n<li><strong>Personas con intolerancia al gluten:<\/strong> Una opci\u00f3n excelente para los cel\u00edacos o los que buscan tentempi\u00e9s sin gluten.<\/li>\n<li><strong>Vegetarianos y veganos:<\/strong> Ricas en prote\u00ednas vegetales, son un complemento ideal para una dieta vegana o vegetariana.<\/li>\n<li><strong>Los que buscan tentempi\u00e9s saludables:<\/strong> Ideal para los que quieren mantener una dieta equilibrada sin renunciar al sabor.<\/li>\n<li><strong>Consumidores de productos ecol\u00f3gicos:<\/strong> Perfecto para quienes valoran los productos elaborados con ingredientes ecol\u00f3gicos y sostenibles.<\/li>\n<\/ul>\n<p><strong>PRESENTACI\u00d3N<\/strong><\/p>\n<p>50g<\/p>\n<p>&nbsp;<\/p>\n","protected":false},"excerpt":{"rendered":"<p>Las Patatas fritas ecol\u00f3gicas de lentejas y cebolla de la marca Le Pain des Fleurs son la combinaci\u00f3n perfecta de sabor y super ricas nutricionalmente. [&#8230;]<\/p>\n<p><a class=\"btn btn-secondary understrap-read-more-link\" href=\"https:\/\/www.lifenatura.com\/es\/produto\/patatas-fritas-de-lentejas-con-cebolla-ecologica-50g-le-pain-des-fleurs\/\">Leer m\u00e1s&#8230;<span class=\"screen-reader-text\"> from Patatas fritas de lentejas con cebolla ecol\u00f3gica 50g &#8211; Le Pain des Fleurs<\/span><\/a><\/p>\n","protected":false},"featured_media":99641,"template":"","meta":{"_acf_changed":false},"product_brand":[8456],"product_cat":[7064,7287,7074],"product_tag":[],"class_list":{"0":"post-99757","1":"product","2":"type-product","3":"status-publish","4":"has-post-thumbnail","6":"product_brand-le-pain-des-fleurs","7":"product_cat-alimentacion-sana","8":"product_cat-barritas-y-snacks","9":"product_cat-productos-alimenticios","10":"pa_caracteristicas-biologico","11":"pa_caracteristicas-sin-gluten","12":"pa_caracteristicas-vegano","14":"first","15":"instock","16":"shipping-taxable","17":"purchasable","18":"product-type-simple","19":"add-to-wishlist-before_image"},"acf":[],"yoast_head":"<!-- This site is optimized with the Yoast SEO Premium plugin v27.1 (Yoast SEO v27.5) - https:\/\/yoast.com\/product\/yoast-seo-premium-wordpress\/ -->\n<title>Patatas de lentejas cebolla Eco Le Pain des Fleurs - Lifenatura<\/title>\n<meta name=\"description\" content=\"Las Patatas fritas ecol\u00f3gicas de lentejas y cebolla de la marca Le Pain des Fleurs son la combinaci\u00f3n perfecta de sabor y super ricas nutricionalmente.\" \/>\n<meta name=\"robots\" content=\"index, follow, max-snippet:-1, max-image-preview:large, max-video-preview:-1\" \/>\n<link rel=\"canonical\" href=\"https:\/\/www.lifenatura.com\/es\/produto\/patatas-fritas-de-lentejas-con-cebolla-ecologica-50g-le-pain-des-fleurs\/\" \/>\n<meta property=\"og:locale\" content=\"es_ES\" \/>\n<meta property=\"og:type\" content=\"article\" \/>\n<meta property=\"og:title\" content=\"Patatas fritas de lentejas con cebolla ecol\u00f3gica 50g - Le Pain des Fleurs - Na Lifenatura ao Melhor Pre\u00e7o | Envio 48h\" \/>\n<meta property=\"og:description\" content=\"Compre Patatas fritas de lentejas con cebolla ecol\u00f3gica 50g - Le Pain des Fleurs com envio r\u00e1pido. Entrega em 48h e portes gr\u00e1tis em compras &gt;35\u20ac. Aproveite j\u00e1 na Lifenatura\" \/>\n<meta property=\"og:url\" content=\"https:\/\/www.lifenatura.com\/es\/produto\/patatas-fritas-de-lentejas-con-cebolla-ecologica-50g-le-pain-des-fleurs\/\" \/>\n<meta property=\"og:site_name\" content=\"Lifenatura\" \/>\n<meta property=\"article:publisher\" content=\"https:\/\/www.facebook.com\/lifenatura\" \/>\n<meta property=\"article:modified_time\" content=\"2024-10-02T14:02:28+00:00\" \/>\n<meta property=\"og:image\" content=\"https:\/\/www.lifenatura.com\/wp-content\/uploads\/2024\/10\/chips-lentilhas-cebola-le-pain-des-fleurs.jpg\" \/>\n\t<meta property=\"og:image:width\" content=\"1000\" \/>\n\t<meta property=\"og:image:height\" content=\"1000\" \/>\n\t<meta property=\"og:image:type\" content=\"image\/jpeg\" \/>\n<meta name=\"twitter:card\" content=\"summary_large_image\" \/>\n<meta name=\"twitter:label1\" content=\"Precio\" \/>\n\t<meta name=\"twitter:data1\" content=\"2,85&nbsp;&euro;\" \/>\n\t<meta name=\"twitter:label2\" content=\"Disponibilidad\" \/>\n\t<meta name=\"twitter:data2\" content=\"Disponible\" \/>\n<script type=\"application\/ld+json\" class=\"yoast-schema-graph\">{\"@context\":\"https:\\\/\\\/schema.org\",\"@graph\":[{\"@type\":\"WebPage\",\"@id\":\"https:\\\/\\\/www.lifenatura.com\\\/es\\\/produto\\\/patatas-fritas-de-lentejas-con-cebolla-ecologica-50g-le-pain-des-fleurs\\\/\",\"url\":\"https:\\\/\\\/www.lifenatura.com\\\/es\\\/produto\\\/patatas-fritas-de-lentejas-con-cebolla-ecologica-50g-le-pain-des-fleurs\\\/\",\"name\":\"Patatas de lentejas cebolla Eco Le Pain des Fleurs - Lifenatura\",\"isPartOf\":{\"@id\":\"https:\\\/\\\/www.lifenatura.com\\\/es\\\/#website\"},\"primaryImageOfPage\":{\"@id\":\"https:\\\/\\\/www.lifenatura.com\\\/es\\\/produto\\\/patatas-fritas-de-lentejas-con-cebolla-ecologica-50g-le-pain-des-fleurs\\\/#primaryimage\"},\"image\":{\"@id\":\"https:\\\/\\\/www.lifenatura.com\\\/es\\\/produto\\\/patatas-fritas-de-lentejas-con-cebolla-ecologica-50g-le-pain-des-fleurs\\\/#primaryimage\"},\"thumbnailUrl\":\"https:\\\/\\\/www.lifenatura.com\\\/wp-content\\\/uploads\\\/2024\\\/10\\\/chips-lentilhas-cebola-le-pain-des-fleurs.jpg\",\"datePublished\":\"2024-10-01T16:46:45+00:00\",\"dateModified\":\"2024-10-02T14:02:28+00:00\",\"description\":\"Las Patatas fritas ecol\u00f3gicas de lentejas y cebolla de la marca Le Pain des Fleurs son la combinaci\u00f3n perfecta de sabor y super ricas nutricionalmente.\",\"breadcrumb\":{\"@id\":\"https:\\\/\\\/www.lifenatura.com\\\/es\\\/produto\\\/patatas-fritas-de-lentejas-con-cebolla-ecologica-50g-le-pain-des-fleurs\\\/#breadcrumb\"},\"inLanguage\":\"es\",\"potentialAction\":[{\"@type\":\"ReadAction\",\"target\":[\"https:\\\/\\\/www.lifenatura.com\\\/es\\\/produto\\\/patatas-fritas-de-lentejas-con-cebolla-ecologica-50g-le-pain-des-fleurs\\\/\"]}]},{\"@type\":\"ImageObject\",\"inLanguage\":\"es\",\"@id\":\"https:\\\/\\\/www.lifenatura.com\\\/es\\\/produto\\\/patatas-fritas-de-lentejas-con-cebolla-ecologica-50g-le-pain-des-fleurs\\\/#primaryimage\",\"url\":\"https:\\\/\\\/www.lifenatura.com\\\/wp-content\\\/uploads\\\/2024\\\/10\\\/chips-lentilhas-cebola-le-pain-des-fleurs.jpg\",\"contentUrl\":\"https:\\\/\\\/www.lifenatura.com\\\/wp-content\\\/uploads\\\/2024\\\/10\\\/chips-lentilhas-cebola-le-pain-des-fleurs.jpg\",\"width\":1000,\"height\":1000,\"caption\":\"chips de lentejas y cebolla de Les Pain de Fleurs\"},{\"@type\":\"BreadcrumbList\",\"@id\":\"https:\\\/\\\/www.lifenatura.com\\\/es\\\/produto\\\/patatas-fritas-de-lentejas-con-cebolla-ecologica-50g-le-pain-des-fleurs\\\/#breadcrumb\",\"itemListElement\":[{\"@type\":\"ListItem\",\"position\":1,\"name\":\"In\u00edcio\",\"item\":\"https:\\\/\\\/www.lifenatura.com\\\/es\\\/\"},{\"@type\":\"ListItem\",\"position\":2,\"name\":\"Todos los Productos\",\"item\":\"https:\\\/\\\/www.lifenatura.com\\\/es\\\/tienda\\\/\"},{\"@type\":\"ListItem\",\"position\":3,\"name\":\"Patatas fritas de lentejas con cebolla ecol\u00f3gica 50g &#8211; Le Pain des Fleurs\"}]},{\"@type\":\"WebSite\",\"@id\":\"https:\\\/\\\/www.lifenatura.com\\\/es\\\/#website\",\"url\":\"https:\\\/\\\/www.lifenatura.com\\\/es\\\/\",\"name\":\"Lifenatura\",\"description\":\"A Lifenatura \u00e9 uma loja de produtos naturais, cosm\u00e9tica natural e alimenta\u00e7\u00e3o Biol\u00f3gica.\",\"publisher\":{\"@id\":\"https:\\\/\\\/www.lifenatura.com\\\/es\\\/#organization\"},\"potentialAction\":[{\"@type\":\"SearchAction\",\"target\":{\"@type\":\"EntryPoint\",\"urlTemplate\":\"https:\\\/\\\/www.lifenatura.com\\\/es\\\/?s={search_term_string}\"},\"query-input\":{\"@type\":\"PropertyValueSpecification\",\"valueRequired\":true,\"valueName\":\"search_term_string\"}}],\"inLanguage\":\"es\"},{\"@type\":\"Organization\",\"@id\":\"https:\\\/\\\/www.lifenatura.com\\\/es\\\/#organization\",\"name\":\"Lifenatura\",\"url\":\"https:\\\/\\\/www.lifenatura.com\\\/es\\\/\",\"logo\":{\"@type\":\"ImageObject\",\"inLanguage\":\"es\",\"@id\":\"https:\\\/\\\/www.lifenatura.com\\\/es\\\/#\\\/schema\\\/logo\\\/image\\\/\",\"url\":\"https:\\\/\\\/www.lifenatura.com\\\/wp-content\\\/uploads\\\/2021\\\/07\\\/logo.png\",\"contentUrl\":\"https:\\\/\\\/www.lifenatura.com\\\/wp-content\\\/uploads\\\/2021\\\/07\\\/logo.png\",\"width\":175,\"height\":55,\"caption\":\"Lifenatura\"},\"image\":{\"@id\":\"https:\\\/\\\/www.lifenatura.com\\\/es\\\/#\\\/schema\\\/logo\\\/image\\\/\"},\"sameAs\":[\"https:\\\/\\\/www.facebook.com\\\/lifenatura\",\"https:\\\/\\\/www.instagram.com\\\/lifenaturapt\\\/\"],\"hasMerchantReturnPolicy\":{\"@type\":\"MerchantReturnPolicy\",\"merchantReturnLink\":\"https:\\\/\\\/www.lifenatura.com\\\/termos-condicoes-lifenatura\\\/\"}}]}<\/script>\n<meta property=\"product:price:amount\" content=\"2.85\" \/>\n<meta property=\"product:price:currency\" content=\"EUR\" \/>\n<meta property=\"og:availability\" content=\"instock\" \/>\n<meta property=\"product:availability\" content=\"instock\" \/>\n<meta property=\"product:retailer_item_id\" content=\"3380380095054\" \/>\n<meta property=\"product:condition\" content=\"new\" \/>\n<!-- \/ Yoast SEO Premium plugin. -->","yoast_head_json":{"title":"Patatas de lentejas cebolla Eco Le Pain des Fleurs - Lifenatura","description":"Las Patatas fritas ecol\u00f3gicas de lentejas y cebolla de la marca Le Pain des Fleurs son la combinaci\u00f3n perfecta de sabor y super ricas nutricionalmente.","robots":{"index":"index","follow":"follow","max-snippet":"max-snippet:-1","max-image-preview":"max-image-preview:large","max-video-preview":"max-video-preview:-1"},"canonical":"https:\/\/www.lifenatura.com\/es\/produto\/patatas-fritas-de-lentejas-con-cebolla-ecologica-50g-le-pain-des-fleurs\/","og_locale":"es_ES","og_type":"article","og_title":"Patatas fritas de lentejas con cebolla ecol\u00f3gica 50g - Le Pain des Fleurs - Na Lifenatura ao Melhor Pre\u00e7o | Envio 48h","og_description":"Compre Patatas fritas de lentejas con cebolla ecol\u00f3gica 50g - Le Pain des Fleurs com envio r\u00e1pido. Entrega em 48h e portes gr\u00e1tis em compras >35\u20ac. Aproveite j\u00e1 na Lifenatura","og_url":"https:\/\/www.lifenatura.com\/es\/produto\/patatas-fritas-de-lentejas-con-cebolla-ecologica-50g-le-pain-des-fleurs\/","og_site_name":"Lifenatura","article_publisher":"https:\/\/www.facebook.com\/lifenatura","article_modified_time":"2024-10-02T14:02:28+00:00","og_image":[{"width":1000,"height":1000,"url":"https:\/\/www.lifenatura.com\/wp-content\/uploads\/2024\/10\/chips-lentilhas-cebola-le-pain-des-fleurs.jpg","type":"image\/jpeg"}],"twitter_card":"summary_large_image","twitter_misc":{"Precio":"2,85&nbsp;&euro;","Disponibilidad":"Disponible"},"schema":{"@context":"https:\/\/schema.org","@graph":[{"@type":"WebPage","@id":"https:\/\/www.lifenatura.com\/es\/produto\/patatas-fritas-de-lentejas-con-cebolla-ecologica-50g-le-pain-des-fleurs\/","url":"https:\/\/www.lifenatura.com\/es\/produto\/patatas-fritas-de-lentejas-con-cebolla-ecologica-50g-le-pain-des-fleurs\/","name":"Patatas de lentejas cebolla Eco Le Pain des Fleurs - Lifenatura","isPartOf":{"@id":"https:\/\/www.lifenatura.com\/es\/#website"},"primaryImageOfPage":{"@id":"https:\/\/www.lifenatura.com\/es\/produto\/patatas-fritas-de-lentejas-con-cebolla-ecologica-50g-le-pain-des-fleurs\/#primaryimage"},"image":{"@id":"https:\/\/www.lifenatura.com\/es\/produto\/patatas-fritas-de-lentejas-con-cebolla-ecologica-50g-le-pain-des-fleurs\/#primaryimage"},"thumbnailUrl":"https:\/\/www.lifenatura.com\/wp-content\/uploads\/2024\/10\/chips-lentilhas-cebola-le-pain-des-fleurs.jpg","datePublished":"2024-10-01T16:46:45+00:00","dateModified":"2024-10-02T14:02:28+00:00","description":"Las Patatas fritas ecol\u00f3gicas de lentejas y cebolla de la marca Le Pain des Fleurs son la combinaci\u00f3n perfecta de sabor y super ricas nutricionalmente.","breadcrumb":{"@id":"https:\/\/www.lifenatura.com\/es\/produto\/patatas-fritas-de-lentejas-con-cebolla-ecologica-50g-le-pain-des-fleurs\/#breadcrumb"},"inLanguage":"es","potentialAction":[{"@type":"ReadAction","target":["https:\/\/www.lifenatura.com\/es\/produto\/patatas-fritas-de-lentejas-con-cebolla-ecologica-50g-le-pain-des-fleurs\/"]}]},{"@type":"ImageObject","inLanguage":"es","@id":"https:\/\/www.lifenatura.com\/es\/produto\/patatas-fritas-de-lentejas-con-cebolla-ecologica-50g-le-pain-des-fleurs\/#primaryimage","url":"https:\/\/www.lifenatura.com\/wp-content\/uploads\/2024\/10\/chips-lentilhas-cebola-le-pain-des-fleurs.jpg","contentUrl":"https:\/\/www.lifenatura.com\/wp-content\/uploads\/2024\/10\/chips-lentilhas-cebola-le-pain-des-fleurs.jpg","width":1000,"height":1000,"caption":"chips de lentejas y cebolla de Les Pain de Fleurs"},{"@type":"BreadcrumbList","@id":"https:\/\/www.lifenatura.com\/es\/produto\/patatas-fritas-de-lentejas-con-cebolla-ecologica-50g-le-pain-des-fleurs\/#breadcrumb","itemListElement":[{"@type":"ListItem","position":1,"name":"In\u00edcio","item":"https:\/\/www.lifenatura.com\/es\/"},{"@type":"ListItem","position":2,"name":"Todos los Productos","item":"https:\/\/www.lifenatura.com\/es\/tienda\/"},{"@type":"ListItem","position":3,"name":"Patatas fritas de lentejas con cebolla ecol\u00f3gica 50g &#8211; Le Pain des Fleurs"}]},{"@type":"WebSite","@id":"https:\/\/www.lifenatura.com\/es\/#website","url":"https:\/\/www.lifenatura.com\/es\/","name":"Lifenatura","description":"A Lifenatura \u00e9 uma loja de produtos naturais, cosm\u00e9tica natural e alimenta\u00e7\u00e3o Biol\u00f3gica.","publisher":{"@id":"https:\/\/www.lifenatura.com\/es\/#organization"},"potentialAction":[{"@type":"SearchAction","target":{"@type":"EntryPoint","urlTemplate":"https:\/\/www.lifenatura.com\/es\/?s={search_term_string}"},"query-input":{"@type":"PropertyValueSpecification","valueRequired":true,"valueName":"search_term_string"}}],"inLanguage":"es"},{"@type":"Organization","@id":"https:\/\/www.lifenatura.com\/es\/#organization","name":"Lifenatura","url":"https:\/\/www.lifenatura.com\/es\/","logo":{"@type":"ImageObject","inLanguage":"es","@id":"https:\/\/www.lifenatura.com\/es\/#\/schema\/logo\/image\/","url":"https:\/\/www.lifenatura.com\/wp-content\/uploads\/2021\/07\/logo.png","contentUrl":"https:\/\/www.lifenatura.com\/wp-content\/uploads\/2021\/07\/logo.png","width":175,"height":55,"caption":"Lifenatura"},"image":{"@id":"https:\/\/www.lifenatura.com\/es\/#\/schema\/logo\/image\/"},"sameAs":["https:\/\/www.facebook.com\/lifenatura","https:\/\/www.instagram.com\/lifenaturapt\/"],"hasMerchantReturnPolicy":{"@type":"MerchantReturnPolicy","merchantReturnLink":"https:\/\/www.lifenatura.com\/termos-condicoes-lifenatura\/"}}]},"product_price_amount":"2.85","product_price_currency":"EUR","og_availability":"instock","product_availability":"instock","product_retailer_item_id":"3380380095054","product_condition":"new"},"df_price":2.85,"df_sale_price":"","df_regular_price":2.85,"df_image_link":"https:\/\/www.lifenatura.com\/wp-content\/uploads\/2024\/10\/chips-lentilhas-cebola-le-pain-des-fleurs-300x300.jpg","_links":{"self":[{"href":"https:\/\/www.lifenatura.com\/es\/wp-json\/wp\/v2\/product\/99757","targetHints":{"allow":["GET"]}}],"collection":[{"href":"https:\/\/www.lifenatura.com\/es\/wp-json\/wp\/v2\/product"}],"about":[{"href":"https:\/\/www.lifenatura.com\/es\/wp-json\/wp\/v2\/types\/product"}],"wp:featuredmedia":[{"embeddable":true,"href":"https:\/\/www.lifenatura.com\/es\/wp-json\/wp\/v2\/media\/99641"}],"wp:attachment":[{"href":"https:\/\/www.lifenatura.com\/es\/wp-json\/wp\/v2\/media?parent=99757"}],"wp:term":[{"taxonomy":"product_brand","embeddable":true,"href":"https:\/\/www.lifenatura.com\/es\/wp-json\/wp\/v2\/product_brand?post=99757"},{"taxonomy":"product_cat","embeddable":true,"href":"https:\/\/www.lifenatura.com\/es\/wp-json\/wp\/v2\/product_cat?post=99757"},{"taxonomy":"product_tag","embeddable":true,"href":"https:\/\/www.lifenatura.com\/es\/wp-json\/wp\/v2\/product_tag?post=99757"}],"curies":[{"name":"wp","href":"https:\/\/api.w.org\/{rel}","templated":true}]}}