{"id":99754,"date":"2024-10-02T09:44:08","date_gmt":"2024-10-02T09:44:08","guid":{"rendered":"https:\/\/www.lifenatura.com\/produto\/tostada-de-cereales-ecologicos-150g-le-pain-des-fleurs\/"},"modified":"2024-10-02T17:30:46","modified_gmt":"2024-10-02T17:30:46","slug":"tostada-de-cereales-ecologicos-150g-le-pain-des-fleurs","status":"publish","type":"product","link":"https:\/\/www.lifenatura.com\/es\/produto\/tostada-de-cereales-ecologicos-150g-le-pain-des-fleurs\/","title":{"rendered":"Tostada de cereales ecol\u00f3gicos 150g &#8211; Le Pain des Fleurs"},"content":{"rendered":"<h2 style=\"text-align: left;\"><strong>Crujientes, sabrosas y nutritivas tostadas de garbanzos<\/strong><\/h2>\n<p>&nbsp;<\/p>\n<p>Las tostadas de garbanzos ecol\u00f3gicas de Le Pain des Fleurs son una opci\u00f3n crujiente, ligera y sana elaborada con garbanzos ecol\u00f3gicos. Estas tostadas no contienen gluten por naturaleza, por lo que son ideales para cel\u00edacos o cualquier persona que siga una dieta sana y equilibrada.<\/p>\n<p>Su sabor suave y su textura ligera las convierten en el acompa\u00f1amiento perfecto de pat\u00e9s, cremas para untar o como base de aperitivos sencillos. Elaboradas sin aditivos artificiales, estas tostadas ofrecen una alternativa nutritiva y deliciosa para el d\u00eda a d\u00eda.<\/p>\n<p><strong>Principales ventajas:<\/strong><\/p>\n<ul>\n<li><strong>Sin gluten:<\/strong> Apto para personas con intolerancia al gluten o que siguen una dieta sin gluten.<\/li>\n<li><strong>Fuente de prote\u00ednas vegetales:<\/strong> Los garbanzos son una excelente fuente de prote\u00ednas, ideal para quienes buscan alternativas vegetales.<\/li>\n<li><strong>Ricas en fibra:<\/strong> las tostadas ayudan a regular el tr\u00e1nsito intestinal y te dan sensaci\u00f3n de saciedad.<\/li>\n<li><strong>Producci\u00f3n ecol\u00f3gica:<\/strong> Elaborado con ingredientes ecol\u00f3gicos, sin productos qu\u00edmicos, respetando la salud y el medio ambiente.<\/li>\n<li><strong>Aperitivo sano y vers\u00e1til:<\/strong> Perfecto para cualquier momento del d\u00eda, como tentempi\u00e9 o como acompa\u00f1amiento de las comidas.<\/li>\n<\/ul>\n<p><strong>Adecuado para:<\/strong><\/p>\n<ul>\n<li><strong>Cel\u00edacos e intolerantes al gluten:<\/strong> Perfecto para quienes necesitan evitar el gluten manteniendo una dieta sabrosa y nutritiva.<\/li>\n<li><strong>Personas que buscan alternativas ricas en prote\u00ednas:<\/strong> Ideal para quienes siguen una dieta vegetariana o vegana y desean aumentar su ingesta de prote\u00ednas.<\/li>\n<li><strong>Fans de los productos ecol\u00f3gicos:<\/strong> Elaborados con garbanzos ecol\u00f3gicos, sin aditivos, proporcionan un tentempi\u00e9 sano y sostenible.<\/li>\n<li><strong>Toda la familia:<\/strong> Su sabor suave y su textura crujiente son adecuados tanto para adultos como para ni\u00f1os.<\/li>\n<\/ul>\n<p><strong>PRESENTACI\u00d3N<\/strong><\/p>\n<p>150g<\/p>\n<p>&nbsp;<\/p>\n","protected":false},"excerpt":{"rendered":"<p>Las Tostas de cereales ecol\u00f3gicos Le Pain des Fleurs son la opci\u00f3n ideal para quien busque un tentempi\u00e9 nutritivo, sin gluten y con ingredientes ecol\u00f3gicos [&#8230;]<\/p>\n<p><a class=\"btn btn-secondary understrap-read-more-link\" href=\"https:\/\/www.lifenatura.com\/es\/produto\/tostada-de-cereales-ecologicos-150g-le-pain-des-fleurs\/\">Leer m\u00e1s&#8230;<span class=\"screen-reader-text\"> from Tostada de cereales ecol\u00f3gicos 150g &#8211; Le Pain des Fleurs<\/span><\/a><\/p>\n","protected":false},"featured_media":99696,"template":"","meta":{"_acf_changed":false},"product_brand":[8456],"product_cat":[7064,7095,7074],"product_tag":[],"class_list":{"0":"post-99754","1":"product","2":"type-product","3":"status-publish","4":"has-post-thumbnail","6":"product_brand-le-pain-des-fleurs","7":"product_cat-alimentacion-sana","8":"product_cat-pan","9":"product_cat-productos-alimenticios","10":"pa_caracteristicas-biologico","11":"pa_caracteristicas-sin-azucares-anadidos","12":"pa_caracteristicas-sin-gluten","13":"pa_caracteristicas-vegano","15":"first","16":"instock","17":"shipping-taxable","18":"purchasable","19":"product-type-simple","20":"add-to-wishlist-before_image"},"acf":[],"yoast_head":"<!-- This site is optimized with the Yoast SEO Premium plugin v27.1 (Yoast SEO v27.5) - https:\/\/yoast.com\/product\/yoast-seo-premium-wordpress\/ -->\n<title>Tostada de cereales ecol\u00f3gicos 150g - Le Pain des Fleurs - Na Lifenatura ao Melhor Pre\u00e7o | Envio em 48h<\/title>\n<meta name=\"description\" content=\"Las Tostas de Cereales Ecol\u00f3gicos Le Pain des Fleurs son la opci\u00f3n ideal para quien busque un tentempi\u00e9 nutritivo, sin gluten y con ingredientes ecol\u00f3gicos.\" \/>\n<meta name=\"robots\" content=\"index, follow, max-snippet:-1, max-image-preview:large, max-video-preview:-1\" \/>\n<link rel=\"canonical\" href=\"https:\/\/www.lifenatura.com\/es\/produto\/tostada-de-cereales-ecologicos-150g-le-pain-des-fleurs\/\" \/>\n<meta property=\"og:locale\" content=\"es_ES\" \/>\n<meta property=\"og:type\" content=\"article\" \/>\n<meta property=\"og:title\" content=\"Tostada de cereales ecol\u00f3gicos 150g - Le Pain des Fleurs - Na Lifenatura ao Melhor Pre\u00e7o | Envio 48h\" \/>\n<meta property=\"og:description\" content=\"Compre Tostada de cereales ecol\u00f3gicos 150g - Le Pain des Fleurs com envio r\u00e1pido. Entrega em 48h e portes gr\u00e1tis em compras &gt;35\u20ac. Aproveite j\u00e1 na Lifenatura\" \/>\n<meta property=\"og:url\" content=\"https:\/\/www.lifenatura.com\/es\/produto\/tostada-de-cereales-ecologicos-150g-le-pain-des-fleurs\/\" \/>\n<meta property=\"og:site_name\" content=\"Lifenatura\" \/>\n<meta property=\"article:publisher\" content=\"https:\/\/www.facebook.com\/lifenatura\" \/>\n<meta property=\"article:modified_time\" content=\"2024-10-02T17:30:46+00:00\" \/>\n<meta property=\"og:image\" content=\"https:\/\/www.lifenatura.com\/wp-content\/uploads\/2024\/10\/tostas-grao-le-pain-des-fleurs.jpg\" \/>\n\t<meta property=\"og:image:width\" content=\"1000\" \/>\n\t<meta property=\"og:image:height\" content=\"1000\" \/>\n\t<meta property=\"og:image:type\" content=\"image\/jpeg\" \/>\n<meta name=\"twitter:card\" content=\"summary_large_image\" \/>\n<meta name=\"twitter:label1\" content=\"Precio\" \/>\n\t<meta name=\"twitter:data1\" content=\"4,99&nbsp;&euro;\" \/>\n\t<meta name=\"twitter:label2\" content=\"Disponibilidad\" \/>\n\t<meta name=\"twitter:data2\" content=\"Disponible\" \/>\n<script type=\"application\/ld+json\" class=\"yoast-schema-graph\">{\"@context\":\"https:\\\/\\\/schema.org\",\"@graph\":[{\"@type\":\"WebPage\",\"@id\":\"https:\\\/\\\/www.lifenatura.com\\\/es\\\/produto\\\/tostada-de-cereales-ecologicos-150g-le-pain-des-fleurs\\\/\",\"url\":\"https:\\\/\\\/www.lifenatura.com\\\/es\\\/produto\\\/tostada-de-cereales-ecologicos-150g-le-pain-des-fleurs\\\/\",\"name\":\"Tostada de cereales ecol\u00f3gicos 150g - Le Pain des Fleurs - Na Lifenatura ao Melhor Pre\u00e7o | Envio em 48h\",\"isPartOf\":{\"@id\":\"https:\\\/\\\/www.lifenatura.com\\\/es\\\/#website\"},\"primaryImageOfPage\":{\"@id\":\"https:\\\/\\\/www.lifenatura.com\\\/es\\\/produto\\\/tostada-de-cereales-ecologicos-150g-le-pain-des-fleurs\\\/#primaryimage\"},\"image\":{\"@id\":\"https:\\\/\\\/www.lifenatura.com\\\/es\\\/produto\\\/tostada-de-cereales-ecologicos-150g-le-pain-des-fleurs\\\/#primaryimage\"},\"thumbnailUrl\":\"https:\\\/\\\/www.lifenatura.com\\\/wp-content\\\/uploads\\\/2024\\\/10\\\/tostas-grao-le-pain-des-fleurs.jpg\",\"datePublished\":\"2024-10-02T09:44:08+00:00\",\"dateModified\":\"2024-10-02T17:30:46+00:00\",\"description\":\"Las Tostas de Cereales Ecol\u00f3gicos Le Pain des Fleurs son la opci\u00f3n ideal para quien busque un tentempi\u00e9 nutritivo, sin gluten y con ingredientes ecol\u00f3gicos.\",\"breadcrumb\":{\"@id\":\"https:\\\/\\\/www.lifenatura.com\\\/es\\\/produto\\\/tostada-de-cereales-ecologicos-150g-le-pain-des-fleurs\\\/#breadcrumb\"},\"inLanguage\":\"es\",\"potentialAction\":[{\"@type\":\"ReadAction\",\"target\":[\"https:\\\/\\\/www.lifenatura.com\\\/es\\\/produto\\\/tostada-de-cereales-ecologicos-150g-le-pain-des-fleurs\\\/\"]}]},{\"@type\":\"ImageObject\",\"inLanguage\":\"es\",\"@id\":\"https:\\\/\\\/www.lifenatura.com\\\/es\\\/produto\\\/tostada-de-cereales-ecologicos-150g-le-pain-des-fleurs\\\/#primaryimage\",\"url\":\"https:\\\/\\\/www.lifenatura.com\\\/wp-content\\\/uploads\\\/2024\\\/10\\\/tostas-grao-le-pain-des-fleurs.jpg\",\"contentUrl\":\"https:\\\/\\\/www.lifenatura.com\\\/wp-content\\\/uploads\\\/2024\\\/10\\\/tostas-grao-le-pain-des-fleurs.jpg\",\"width\":1000,\"height\":1000,\"caption\":\"Tostada de cereales Le Pain des Fleurs\"},{\"@type\":\"BreadcrumbList\",\"@id\":\"https:\\\/\\\/www.lifenatura.com\\\/es\\\/produto\\\/tostada-de-cereales-ecologicos-150g-le-pain-des-fleurs\\\/#breadcrumb\",\"itemListElement\":[{\"@type\":\"ListItem\",\"position\":1,\"name\":\"In\u00edcio\",\"item\":\"https:\\\/\\\/www.lifenatura.com\\\/es\\\/\"},{\"@type\":\"ListItem\",\"position\":2,\"name\":\"Todos los Productos\",\"item\":\"https:\\\/\\\/www.lifenatura.com\\\/es\\\/tienda\\\/\"},{\"@type\":\"ListItem\",\"position\":3,\"name\":\"Tostada de cereales ecol\u00f3gicos 150g &#8211; Le Pain des Fleurs\"}]},{\"@type\":\"WebSite\",\"@id\":\"https:\\\/\\\/www.lifenatura.com\\\/es\\\/#website\",\"url\":\"https:\\\/\\\/www.lifenatura.com\\\/es\\\/\",\"name\":\"Lifenatura\",\"description\":\"A Lifenatura \u00e9 uma loja de produtos naturais, cosm\u00e9tica natural e alimenta\u00e7\u00e3o Biol\u00f3gica.\",\"publisher\":{\"@id\":\"https:\\\/\\\/www.lifenatura.com\\\/es\\\/#organization\"},\"potentialAction\":[{\"@type\":\"SearchAction\",\"target\":{\"@type\":\"EntryPoint\",\"urlTemplate\":\"https:\\\/\\\/www.lifenatura.com\\\/es\\\/?s={search_term_string}\"},\"query-input\":{\"@type\":\"PropertyValueSpecification\",\"valueRequired\":true,\"valueName\":\"search_term_string\"}}],\"inLanguage\":\"es\"},{\"@type\":\"Organization\",\"@id\":\"https:\\\/\\\/www.lifenatura.com\\\/es\\\/#organization\",\"name\":\"Lifenatura\",\"url\":\"https:\\\/\\\/www.lifenatura.com\\\/es\\\/\",\"logo\":{\"@type\":\"ImageObject\",\"inLanguage\":\"es\",\"@id\":\"https:\\\/\\\/www.lifenatura.com\\\/es\\\/#\\\/schema\\\/logo\\\/image\\\/\",\"url\":\"https:\\\/\\\/www.lifenatura.com\\\/wp-content\\\/uploads\\\/2021\\\/07\\\/logo.png\",\"contentUrl\":\"https:\\\/\\\/www.lifenatura.com\\\/wp-content\\\/uploads\\\/2021\\\/07\\\/logo.png\",\"width\":175,\"height\":55,\"caption\":\"Lifenatura\"},\"image\":{\"@id\":\"https:\\\/\\\/www.lifenatura.com\\\/es\\\/#\\\/schema\\\/logo\\\/image\\\/\"},\"sameAs\":[\"https:\\\/\\\/www.facebook.com\\\/lifenatura\",\"https:\\\/\\\/www.instagram.com\\\/lifenaturapt\\\/\"],\"hasMerchantReturnPolicy\":{\"@type\":\"MerchantReturnPolicy\",\"merchantReturnLink\":\"https:\\\/\\\/www.lifenatura.com\\\/termos-condicoes-lifenatura\\\/\"}}]}<\/script>\n<meta property=\"product:price:amount\" content=\"4.99\" \/>\n<meta property=\"product:price:currency\" content=\"EUR\" \/>\n<meta property=\"og:availability\" content=\"instock\" \/>\n<meta property=\"product:availability\" content=\"instock\" \/>\n<meta property=\"product:retailer_item_id\" content=\"3380380080487\" \/>\n<meta property=\"product:condition\" content=\"new\" \/>\n<!-- \/ Yoast SEO Premium plugin. -->","yoast_head_json":{"title":"Tostada de cereales ecol\u00f3gicos 150g - Le Pain des Fleurs - Na Lifenatura ao Melhor Pre\u00e7o | Envio em 48h","description":"Las Tostas de Cereales Ecol\u00f3gicos Le Pain des Fleurs son la opci\u00f3n ideal para quien busque un tentempi\u00e9 nutritivo, sin gluten y con ingredientes ecol\u00f3gicos.","robots":{"index":"index","follow":"follow","max-snippet":"max-snippet:-1","max-image-preview":"max-image-preview:large","max-video-preview":"max-video-preview:-1"},"canonical":"https:\/\/www.lifenatura.com\/es\/produto\/tostada-de-cereales-ecologicos-150g-le-pain-des-fleurs\/","og_locale":"es_ES","og_type":"article","og_title":"Tostada de cereales ecol\u00f3gicos 150g - Le Pain des Fleurs - Na Lifenatura ao Melhor Pre\u00e7o | Envio 48h","og_description":"Compre Tostada de cereales ecol\u00f3gicos 150g - Le Pain des Fleurs com envio r\u00e1pido. Entrega em 48h e portes gr\u00e1tis em compras >35\u20ac. Aproveite j\u00e1 na Lifenatura","og_url":"https:\/\/www.lifenatura.com\/es\/produto\/tostada-de-cereales-ecologicos-150g-le-pain-des-fleurs\/","og_site_name":"Lifenatura","article_publisher":"https:\/\/www.facebook.com\/lifenatura","article_modified_time":"2024-10-02T17:30:46+00:00","og_image":[{"width":1000,"height":1000,"url":"https:\/\/www.lifenatura.com\/wp-content\/uploads\/2024\/10\/tostas-grao-le-pain-des-fleurs.jpg","type":"image\/jpeg"}],"twitter_card":"summary_large_image","twitter_misc":{"Precio":"4,99&nbsp;&euro;","Disponibilidad":"Disponible"},"schema":{"@context":"https:\/\/schema.org","@graph":[{"@type":"WebPage","@id":"https:\/\/www.lifenatura.com\/es\/produto\/tostada-de-cereales-ecologicos-150g-le-pain-des-fleurs\/","url":"https:\/\/www.lifenatura.com\/es\/produto\/tostada-de-cereales-ecologicos-150g-le-pain-des-fleurs\/","name":"Tostada de cereales ecol\u00f3gicos 150g - Le Pain des Fleurs - Na Lifenatura ao Melhor Pre\u00e7o | Envio em 48h","isPartOf":{"@id":"https:\/\/www.lifenatura.com\/es\/#website"},"primaryImageOfPage":{"@id":"https:\/\/www.lifenatura.com\/es\/produto\/tostada-de-cereales-ecologicos-150g-le-pain-des-fleurs\/#primaryimage"},"image":{"@id":"https:\/\/www.lifenatura.com\/es\/produto\/tostada-de-cereales-ecologicos-150g-le-pain-des-fleurs\/#primaryimage"},"thumbnailUrl":"https:\/\/www.lifenatura.com\/wp-content\/uploads\/2024\/10\/tostas-grao-le-pain-des-fleurs.jpg","datePublished":"2024-10-02T09:44:08+00:00","dateModified":"2024-10-02T17:30:46+00:00","description":"Las Tostas de Cereales Ecol\u00f3gicos Le Pain des Fleurs son la opci\u00f3n ideal para quien busque un tentempi\u00e9 nutritivo, sin gluten y con ingredientes ecol\u00f3gicos.","breadcrumb":{"@id":"https:\/\/www.lifenatura.com\/es\/produto\/tostada-de-cereales-ecologicos-150g-le-pain-des-fleurs\/#breadcrumb"},"inLanguage":"es","potentialAction":[{"@type":"ReadAction","target":["https:\/\/www.lifenatura.com\/es\/produto\/tostada-de-cereales-ecologicos-150g-le-pain-des-fleurs\/"]}]},{"@type":"ImageObject","inLanguage":"es","@id":"https:\/\/www.lifenatura.com\/es\/produto\/tostada-de-cereales-ecologicos-150g-le-pain-des-fleurs\/#primaryimage","url":"https:\/\/www.lifenatura.com\/wp-content\/uploads\/2024\/10\/tostas-grao-le-pain-des-fleurs.jpg","contentUrl":"https:\/\/www.lifenatura.com\/wp-content\/uploads\/2024\/10\/tostas-grao-le-pain-des-fleurs.jpg","width":1000,"height":1000,"caption":"Tostada de cereales Le Pain des Fleurs"},{"@type":"BreadcrumbList","@id":"https:\/\/www.lifenatura.com\/es\/produto\/tostada-de-cereales-ecologicos-150g-le-pain-des-fleurs\/#breadcrumb","itemListElement":[{"@type":"ListItem","position":1,"name":"In\u00edcio","item":"https:\/\/www.lifenatura.com\/es\/"},{"@type":"ListItem","position":2,"name":"Todos los Productos","item":"https:\/\/www.lifenatura.com\/es\/tienda\/"},{"@type":"ListItem","position":3,"name":"Tostada de cereales ecol\u00f3gicos 150g &#8211; Le Pain des Fleurs"}]},{"@type":"WebSite","@id":"https:\/\/www.lifenatura.com\/es\/#website","url":"https:\/\/www.lifenatura.com\/es\/","name":"Lifenatura","description":"A Lifenatura \u00e9 uma loja de produtos naturais, cosm\u00e9tica natural e alimenta\u00e7\u00e3o Biol\u00f3gica.","publisher":{"@id":"https:\/\/www.lifenatura.com\/es\/#organization"},"potentialAction":[{"@type":"SearchAction","target":{"@type":"EntryPoint","urlTemplate":"https:\/\/www.lifenatura.com\/es\/?s={search_term_string}"},"query-input":{"@type":"PropertyValueSpecification","valueRequired":true,"valueName":"search_term_string"}}],"inLanguage":"es"},{"@type":"Organization","@id":"https:\/\/www.lifenatura.com\/es\/#organization","name":"Lifenatura","url":"https:\/\/www.lifenatura.com\/es\/","logo":{"@type":"ImageObject","inLanguage":"es","@id":"https:\/\/www.lifenatura.com\/es\/#\/schema\/logo\/image\/","url":"https:\/\/www.lifenatura.com\/wp-content\/uploads\/2021\/07\/logo.png","contentUrl":"https:\/\/www.lifenatura.com\/wp-content\/uploads\/2021\/07\/logo.png","width":175,"height":55,"caption":"Lifenatura"},"image":{"@id":"https:\/\/www.lifenatura.com\/es\/#\/schema\/logo\/image\/"},"sameAs":["https:\/\/www.facebook.com\/lifenatura","https:\/\/www.instagram.com\/lifenaturapt\/"],"hasMerchantReturnPolicy":{"@type":"MerchantReturnPolicy","merchantReturnLink":"https:\/\/www.lifenatura.com\/termos-condicoes-lifenatura\/"}}]},"product_price_amount":"4.99","product_price_currency":"EUR","og_availability":"instock","product_availability":"instock","product_retailer_item_id":"3380380080487","product_condition":"new"},"df_price":4.99,"df_sale_price":"","df_regular_price":4.99,"df_image_link":"https:\/\/www.lifenatura.com\/wp-content\/uploads\/2024\/10\/tostas-grao-le-pain-des-fleurs-300x300.jpg","_links":{"self":[{"href":"https:\/\/www.lifenatura.com\/es\/wp-json\/wp\/v2\/product\/99754","targetHints":{"allow":["GET"]}}],"collection":[{"href":"https:\/\/www.lifenatura.com\/es\/wp-json\/wp\/v2\/product"}],"about":[{"href":"https:\/\/www.lifenatura.com\/es\/wp-json\/wp\/v2\/types\/product"}],"wp:featuredmedia":[{"embeddable":true,"href":"https:\/\/www.lifenatura.com\/es\/wp-json\/wp\/v2\/media\/99696"}],"wp:attachment":[{"href":"https:\/\/www.lifenatura.com\/es\/wp-json\/wp\/v2\/media?parent=99754"}],"wp:term":[{"taxonomy":"product_brand","embeddable":true,"href":"https:\/\/www.lifenatura.com\/es\/wp-json\/wp\/v2\/product_brand?post=99754"},{"taxonomy":"product_cat","embeddable":true,"href":"https:\/\/www.lifenatura.com\/es\/wp-json\/wp\/v2\/product_cat?post=99754"},{"taxonomy":"product_tag","embeddable":true,"href":"https:\/\/www.lifenatura.com\/es\/wp-json\/wp\/v2\/product_tag?post=99754"}],"curies":[{"name":"wp","href":"https:\/\/api.w.org\/{rel}","templated":true}]}}