{"id":99753,"date":"2024-10-01T16:31:46","date_gmt":"2024-10-01T16:31:46","guid":{"rendered":"https:\/\/www.lifenatura.com\/produto\/chips-de-cereales-ecologicos-50g-le-pain-des-fleurs\/"},"modified":"2024-10-02T13:56:06","modified_gmt":"2024-10-02T13:56:06","slug":"chips-de-cereales-ecologicos-50g-le-pain-des-fleurs","status":"publish","type":"product","link":"https:\/\/www.lifenatura.com\/es\/produto\/chips-de-cereales-ecologicos-50g-le-pain-des-fleurs\/","title":{"rendered":"Chips de cereales ecol\u00f3gicos 50g &#8211; Le Pain des Fleurs"},"content":{"rendered":"<h2 style=\"text-align: left;\"><strong>Chips de cereales ecol\u00f3gicos, crujientes y sabrosos<\/strong><\/h2>\n<p>&nbsp;<\/p>\n<p>Las patatas <strong>fritas de garbanzo ecol\u00f3gicas<\/strong> Le Pain des Fleurs son una alternativa sana y deliciosa a los aperitivos convencionales. Elaboradas con garbanzos ecol\u00f3gicos, estas chips son naturalmente ricas en prote\u00ednas vegetales y fibra, lo que las convierte en una excelente opci\u00f3n para quienes buscan un tentempi\u00e9 equilibrado y nutritivo.<\/p>\n<p>Con su textura crujiente y su sabor \u00fanico, son perfectas para comer en cualquier momento del d\u00eda, para acompa\u00f1ar las comidas o como tentempi\u00e9 ligero y saludable.<br \/>\nEste producto no contiene gluten, por lo que es apto para cel\u00edacos y personas que siguen una dieta sin gluten.<\/p>\n<p><strong>Principales ventajas:<\/strong><\/p>\n<ul>\n<li><strong>Ricos en prote\u00ednas y fibra:<\/strong> Los garbanzos son una excelente fuente de prote\u00ednas vegetales y fibra, lo que ayuda a promover la saciedad y contribuye a una dieta equilibrada.<\/li>\n<li><strong>Snack sano y nutritivo:<\/strong> Una alternativa sana a los snacks convencionales, sin aditivos artificiales y con ingredientes ecol\u00f3gicos de alta calidad.<\/li>\n<li><strong>Sin gluten:<\/strong> Perfecto para personas con intolerancia al gluten o que siguen una dieta sin gluten.<\/li>\n<li><strong>Bajo en grasas:<\/strong> Estas patatas fritas son una opci\u00f3n ligera y baja en grasas, ideal para quienes quieren cuidar su dieta sin renunciar al sabor.<\/li>\n<li><strong>Ecol\u00f3gico y sostenible:<\/strong> Elaborado con ingredientes procedentes de la agricultura ecol\u00f3gica, respetando el medio ambiente y la salud del consumidor.<\/li>\n<\/ul>\n<p><strong>Adecuado para:<\/strong><\/p>\n<ul>\n<li><strong>Cel\u00edacos e intolerantes al gluten:<\/strong> Ideal para quienes necesitan evitar el gluten y buscan una opci\u00f3n sabrosa y segura.<\/li>\n<li><strong>Personas con dietas vegetarianas o veganas:<\/strong> Estas patatas fritas, ricas en prote\u00ednas vegetales, son un complemento excelente para una dieta basada en plantas.<\/li>\n<li><strong>Quienes buscan tentempi\u00e9s saludables:<\/strong> Adecuado para quienes desean opciones nutritivas y ecol\u00f3gicas para el d\u00eda a d\u00eda, sin renunciar al sabor ni a la calidad.<\/li>\n<li><strong>Amantes de los productos ecol\u00f3gicos:<\/strong> Adecuado para quienes valoran los ingredientes ecol\u00f3gicos y quieren contribuir a una dieta m\u00e1s sostenible.<\/li>\n<\/ul>\n<p><strong>PRESENTACI\u00d3N<\/strong><\/p>\n<p>50g<\/p>\n<p>&nbsp;<\/p>\n","protected":false},"excerpt":{"rendered":"<p>Las Chips de cereales ecol\u00f3gicos Le Pain des Fleurs son para quienes buscan un aperitivo sano, sin gluten, nutritivo y crujiente, con un sabor irresistible. [&#8230;]<\/p>\n<p><a class=\"btn btn-secondary understrap-read-more-link\" href=\"https:\/\/www.lifenatura.com\/es\/produto\/chips-de-cereales-ecologicos-50g-le-pain-des-fleurs\/\">Leer m\u00e1s&#8230;<span class=\"screen-reader-text\"> from Chips de cereales ecol\u00f3gicos 50g &#8211; Le Pain des Fleurs<\/span><\/a><\/p>\n","protected":false},"featured_media":99627,"template":"","meta":{"_acf_changed":false},"product_brand":[8456],"product_cat":[7064,7287,7074],"product_tag":[],"class_list":{"0":"post-99753","1":"product","2":"type-product","3":"status-publish","4":"has-post-thumbnail","6":"product_brand-le-pain-des-fleurs","7":"product_cat-alimentacion-sana","8":"product_cat-barritas-y-snacks","9":"product_cat-productos-alimenticios","10":"pa_caracteristicas-biologico","11":"pa_caracteristicas-sin-gluten","12":"pa_caracteristicas-vegano","14":"first","15":"instock","16":"shipping-taxable","17":"purchasable","18":"product-type-simple","19":"add-to-wishlist-before_image"},"acf":[],"yoast_head":"<!-- This site is optimized with the Yoast SEO Premium plugin v27.1 (Yoast SEO v27.5) - https:\/\/yoast.com\/product\/yoast-seo-premium-wordpress\/ -->\n<title>Chips de cereales ecol\u00f3gicos 50g - Le Pain des Fleurs - Na Lifenatura ao Melhor Pre\u00e7o | Envio em 48h<\/title>\n<meta name=\"description\" content=\"Las Chips de cereales ecol\u00f3gicos Le Pain des Fleurs son para quienes buscan un aperitivo sano, sin gluten, nutritivo y crujiente, con un sabor irresistible.\" \/>\n<meta name=\"robots\" content=\"index, follow, max-snippet:-1, max-image-preview:large, max-video-preview:-1\" \/>\n<link rel=\"canonical\" href=\"https:\/\/www.lifenatura.com\/es\/produto\/chips-de-cereales-ecologicos-50g-le-pain-des-fleurs\/\" \/>\n<meta property=\"og:locale\" content=\"es_ES\" \/>\n<meta property=\"og:type\" content=\"article\" \/>\n<meta property=\"og:title\" content=\"Chips de cereales ecol\u00f3gicos 50g - Le Pain des Fleurs - Na Lifenatura ao Melhor Pre\u00e7o | Envio 48h\" \/>\n<meta property=\"og:description\" content=\"Compre Chips de cereales ecol\u00f3gicos 50g - Le Pain des Fleurs com envio r\u00e1pido. Entrega em 48h e portes gr\u00e1tis em compras &gt;35\u20ac. Aproveite j\u00e1 na Lifenatura\" \/>\n<meta property=\"og:url\" content=\"https:\/\/www.lifenatura.com\/es\/produto\/chips-de-cereales-ecologicos-50g-le-pain-des-fleurs\/\" \/>\n<meta property=\"og:site_name\" content=\"Lifenatura\" \/>\n<meta property=\"article:publisher\" content=\"https:\/\/www.facebook.com\/lifenatura\" \/>\n<meta property=\"article:modified_time\" content=\"2024-10-02T13:56:06+00:00\" \/>\n<meta property=\"og:image\" content=\"https:\/\/www.lifenatura.com\/wp-content\/uploads\/2024\/10\/chips-grao-le-pain-des-fleurs.jpg\" \/>\n\t<meta property=\"og:image:width\" content=\"1000\" \/>\n\t<meta property=\"og:image:height\" content=\"1000\" \/>\n\t<meta property=\"og:image:type\" content=\"image\/jpeg\" \/>\n<meta name=\"twitter:card\" content=\"summary_large_image\" \/>\n<meta name=\"twitter:label1\" content=\"Precio\" \/>\n\t<meta name=\"twitter:data1\" content=\"3,07&nbsp;&euro;\" \/>\n\t<meta name=\"twitter:label2\" content=\"Disponibilidad\" \/>\n\t<meta name=\"twitter:data2\" content=\"Disponible\" \/>\n<script type=\"application\/ld+json\" class=\"yoast-schema-graph\">{\"@context\":\"https:\\\/\\\/schema.org\",\"@graph\":[{\"@type\":\"WebPage\",\"@id\":\"https:\\\/\\\/www.lifenatura.com\\\/es\\\/produto\\\/chips-de-cereales-ecologicos-50g-le-pain-des-fleurs\\\/\",\"url\":\"https:\\\/\\\/www.lifenatura.com\\\/es\\\/produto\\\/chips-de-cereales-ecologicos-50g-le-pain-des-fleurs\\\/\",\"name\":\"Chips de cereales ecol\u00f3gicos 50g - Le Pain des Fleurs - Na Lifenatura ao Melhor Pre\u00e7o | Envio em 48h\",\"isPartOf\":{\"@id\":\"https:\\\/\\\/www.lifenatura.com\\\/es\\\/#website\"},\"primaryImageOfPage\":{\"@id\":\"https:\\\/\\\/www.lifenatura.com\\\/es\\\/produto\\\/chips-de-cereales-ecologicos-50g-le-pain-des-fleurs\\\/#primaryimage\"},\"image\":{\"@id\":\"https:\\\/\\\/www.lifenatura.com\\\/es\\\/produto\\\/chips-de-cereales-ecologicos-50g-le-pain-des-fleurs\\\/#primaryimage\"},\"thumbnailUrl\":\"https:\\\/\\\/www.lifenatura.com\\\/wp-content\\\/uploads\\\/2024\\\/10\\\/chips-grao-le-pain-des-fleurs.jpg\",\"datePublished\":\"2024-10-01T16:31:46+00:00\",\"dateModified\":\"2024-10-02T13:56:06+00:00\",\"description\":\"Las Chips de cereales ecol\u00f3gicos Le Pain des Fleurs son para quienes buscan un aperitivo sano, sin gluten, nutritivo y crujiente, con un sabor irresistible.\",\"breadcrumb\":{\"@id\":\"https:\\\/\\\/www.lifenatura.com\\\/es\\\/produto\\\/chips-de-cereales-ecologicos-50g-le-pain-des-fleurs\\\/#breadcrumb\"},\"inLanguage\":\"es\",\"potentialAction\":[{\"@type\":\"ReadAction\",\"target\":[\"https:\\\/\\\/www.lifenatura.com\\\/es\\\/produto\\\/chips-de-cereales-ecologicos-50g-le-pain-des-fleurs\\\/\"]}]},{\"@type\":\"ImageObject\",\"inLanguage\":\"es\",\"@id\":\"https:\\\/\\\/www.lifenatura.com\\\/es\\\/produto\\\/chips-de-cereales-ecologicos-50g-le-pain-des-fleurs\\\/#primaryimage\",\"url\":\"https:\\\/\\\/www.lifenatura.com\\\/wp-content\\\/uploads\\\/2024\\\/10\\\/chips-grao-le-pain-des-fleurs.jpg\",\"contentUrl\":\"https:\\\/\\\/www.lifenatura.com\\\/wp-content\\\/uploads\\\/2024\\\/10\\\/chips-grao-le-pain-des-fleurs.jpg\",\"width\":1000,\"height\":1000,\"caption\":\"Chips de cereales Le Pain des Fleurs\"},{\"@type\":\"BreadcrumbList\",\"@id\":\"https:\\\/\\\/www.lifenatura.com\\\/es\\\/produto\\\/chips-de-cereales-ecologicos-50g-le-pain-des-fleurs\\\/#breadcrumb\",\"itemListElement\":[{\"@type\":\"ListItem\",\"position\":1,\"name\":\"In\u00edcio\",\"item\":\"https:\\\/\\\/www.lifenatura.com\\\/es\\\/\"},{\"@type\":\"ListItem\",\"position\":2,\"name\":\"Todos los Productos\",\"item\":\"https:\\\/\\\/www.lifenatura.com\\\/es\\\/tienda\\\/\"},{\"@type\":\"ListItem\",\"position\":3,\"name\":\"Chips de cereales ecol\u00f3gicos 50g &#8211; Le Pain des Fleurs\"}]},{\"@type\":\"WebSite\",\"@id\":\"https:\\\/\\\/www.lifenatura.com\\\/es\\\/#website\",\"url\":\"https:\\\/\\\/www.lifenatura.com\\\/es\\\/\",\"name\":\"Lifenatura\",\"description\":\"A Lifenatura \u00e9 uma loja de produtos naturais, cosm\u00e9tica natural e alimenta\u00e7\u00e3o Biol\u00f3gica.\",\"publisher\":{\"@id\":\"https:\\\/\\\/www.lifenatura.com\\\/es\\\/#organization\"},\"potentialAction\":[{\"@type\":\"SearchAction\",\"target\":{\"@type\":\"EntryPoint\",\"urlTemplate\":\"https:\\\/\\\/www.lifenatura.com\\\/es\\\/?s={search_term_string}\"},\"query-input\":{\"@type\":\"PropertyValueSpecification\",\"valueRequired\":true,\"valueName\":\"search_term_string\"}}],\"inLanguage\":\"es\"},{\"@type\":\"Organization\",\"@id\":\"https:\\\/\\\/www.lifenatura.com\\\/es\\\/#organization\",\"name\":\"Lifenatura\",\"url\":\"https:\\\/\\\/www.lifenatura.com\\\/es\\\/\",\"logo\":{\"@type\":\"ImageObject\",\"inLanguage\":\"es\",\"@id\":\"https:\\\/\\\/www.lifenatura.com\\\/es\\\/#\\\/schema\\\/logo\\\/image\\\/\",\"url\":\"https:\\\/\\\/www.lifenatura.com\\\/wp-content\\\/uploads\\\/2021\\\/07\\\/logo.png\",\"contentUrl\":\"https:\\\/\\\/www.lifenatura.com\\\/wp-content\\\/uploads\\\/2021\\\/07\\\/logo.png\",\"width\":175,\"height\":55,\"caption\":\"Lifenatura\"},\"image\":{\"@id\":\"https:\\\/\\\/www.lifenatura.com\\\/es\\\/#\\\/schema\\\/logo\\\/image\\\/\"},\"sameAs\":[\"https:\\\/\\\/www.facebook.com\\\/lifenatura\",\"https:\\\/\\\/www.instagram.com\\\/lifenaturapt\\\/\"],\"hasMerchantReturnPolicy\":{\"@type\":\"MerchantReturnPolicy\",\"merchantReturnLink\":\"https:\\\/\\\/www.lifenatura.com\\\/termos-condicoes-lifenatura\\\/\"}}]}<\/script>\n<meta property=\"product:price:amount\" content=\"3.07\" \/>\n<meta property=\"product:price:currency\" content=\"EUR\" \/>\n<meta property=\"og:availability\" content=\"instock\" \/>\n<meta property=\"product:availability\" content=\"instock\" \/>\n<meta property=\"product:retailer_item_id\" content=\"3380380093067\" \/>\n<meta property=\"product:condition\" content=\"new\" \/>\n<!-- \/ Yoast SEO Premium plugin. -->","yoast_head_json":{"title":"Chips de cereales ecol\u00f3gicos 50g - Le Pain des Fleurs - Na Lifenatura ao Melhor Pre\u00e7o | Envio em 48h","description":"Las Chips de cereales ecol\u00f3gicos Le Pain des Fleurs son para quienes buscan un aperitivo sano, sin gluten, nutritivo y crujiente, con un sabor irresistible.","robots":{"index":"index","follow":"follow","max-snippet":"max-snippet:-1","max-image-preview":"max-image-preview:large","max-video-preview":"max-video-preview:-1"},"canonical":"https:\/\/www.lifenatura.com\/es\/produto\/chips-de-cereales-ecologicos-50g-le-pain-des-fleurs\/","og_locale":"es_ES","og_type":"article","og_title":"Chips de cereales ecol\u00f3gicos 50g - Le Pain des Fleurs - Na Lifenatura ao Melhor Pre\u00e7o | Envio 48h","og_description":"Compre Chips de cereales ecol\u00f3gicos 50g - Le Pain des Fleurs com envio r\u00e1pido. Entrega em 48h e portes gr\u00e1tis em compras >35\u20ac. Aproveite j\u00e1 na Lifenatura","og_url":"https:\/\/www.lifenatura.com\/es\/produto\/chips-de-cereales-ecologicos-50g-le-pain-des-fleurs\/","og_site_name":"Lifenatura","article_publisher":"https:\/\/www.facebook.com\/lifenatura","article_modified_time":"2024-10-02T13:56:06+00:00","og_image":[{"width":1000,"height":1000,"url":"https:\/\/www.lifenatura.com\/wp-content\/uploads\/2024\/10\/chips-grao-le-pain-des-fleurs.jpg","type":"image\/jpeg"}],"twitter_card":"summary_large_image","twitter_misc":{"Precio":"3,07&nbsp;&euro;","Disponibilidad":"Disponible"},"schema":{"@context":"https:\/\/schema.org","@graph":[{"@type":"WebPage","@id":"https:\/\/www.lifenatura.com\/es\/produto\/chips-de-cereales-ecologicos-50g-le-pain-des-fleurs\/","url":"https:\/\/www.lifenatura.com\/es\/produto\/chips-de-cereales-ecologicos-50g-le-pain-des-fleurs\/","name":"Chips de cereales ecol\u00f3gicos 50g - Le Pain des Fleurs - Na Lifenatura ao Melhor Pre\u00e7o | Envio em 48h","isPartOf":{"@id":"https:\/\/www.lifenatura.com\/es\/#website"},"primaryImageOfPage":{"@id":"https:\/\/www.lifenatura.com\/es\/produto\/chips-de-cereales-ecologicos-50g-le-pain-des-fleurs\/#primaryimage"},"image":{"@id":"https:\/\/www.lifenatura.com\/es\/produto\/chips-de-cereales-ecologicos-50g-le-pain-des-fleurs\/#primaryimage"},"thumbnailUrl":"https:\/\/www.lifenatura.com\/wp-content\/uploads\/2024\/10\/chips-grao-le-pain-des-fleurs.jpg","datePublished":"2024-10-01T16:31:46+00:00","dateModified":"2024-10-02T13:56:06+00:00","description":"Las Chips de cereales ecol\u00f3gicos Le Pain des Fleurs son para quienes buscan un aperitivo sano, sin gluten, nutritivo y crujiente, con un sabor irresistible.","breadcrumb":{"@id":"https:\/\/www.lifenatura.com\/es\/produto\/chips-de-cereales-ecologicos-50g-le-pain-des-fleurs\/#breadcrumb"},"inLanguage":"es","potentialAction":[{"@type":"ReadAction","target":["https:\/\/www.lifenatura.com\/es\/produto\/chips-de-cereales-ecologicos-50g-le-pain-des-fleurs\/"]}]},{"@type":"ImageObject","inLanguage":"es","@id":"https:\/\/www.lifenatura.com\/es\/produto\/chips-de-cereales-ecologicos-50g-le-pain-des-fleurs\/#primaryimage","url":"https:\/\/www.lifenatura.com\/wp-content\/uploads\/2024\/10\/chips-grao-le-pain-des-fleurs.jpg","contentUrl":"https:\/\/www.lifenatura.com\/wp-content\/uploads\/2024\/10\/chips-grao-le-pain-des-fleurs.jpg","width":1000,"height":1000,"caption":"Chips de cereales Le Pain des Fleurs"},{"@type":"BreadcrumbList","@id":"https:\/\/www.lifenatura.com\/es\/produto\/chips-de-cereales-ecologicos-50g-le-pain-des-fleurs\/#breadcrumb","itemListElement":[{"@type":"ListItem","position":1,"name":"In\u00edcio","item":"https:\/\/www.lifenatura.com\/es\/"},{"@type":"ListItem","position":2,"name":"Todos los Productos","item":"https:\/\/www.lifenatura.com\/es\/tienda\/"},{"@type":"ListItem","position":3,"name":"Chips de cereales ecol\u00f3gicos 50g &#8211; Le Pain des Fleurs"}]},{"@type":"WebSite","@id":"https:\/\/www.lifenatura.com\/es\/#website","url":"https:\/\/www.lifenatura.com\/es\/","name":"Lifenatura","description":"A Lifenatura \u00e9 uma loja de produtos naturais, cosm\u00e9tica natural e alimenta\u00e7\u00e3o Biol\u00f3gica.","publisher":{"@id":"https:\/\/www.lifenatura.com\/es\/#organization"},"potentialAction":[{"@type":"SearchAction","target":{"@type":"EntryPoint","urlTemplate":"https:\/\/www.lifenatura.com\/es\/?s={search_term_string}"},"query-input":{"@type":"PropertyValueSpecification","valueRequired":true,"valueName":"search_term_string"}}],"inLanguage":"es"},{"@type":"Organization","@id":"https:\/\/www.lifenatura.com\/es\/#organization","name":"Lifenatura","url":"https:\/\/www.lifenatura.com\/es\/","logo":{"@type":"ImageObject","inLanguage":"es","@id":"https:\/\/www.lifenatura.com\/es\/#\/schema\/logo\/image\/","url":"https:\/\/www.lifenatura.com\/wp-content\/uploads\/2021\/07\/logo.png","contentUrl":"https:\/\/www.lifenatura.com\/wp-content\/uploads\/2021\/07\/logo.png","width":175,"height":55,"caption":"Lifenatura"},"image":{"@id":"https:\/\/www.lifenatura.com\/es\/#\/schema\/logo\/image\/"},"sameAs":["https:\/\/www.facebook.com\/lifenatura","https:\/\/www.instagram.com\/lifenaturapt\/"],"hasMerchantReturnPolicy":{"@type":"MerchantReturnPolicy","merchantReturnLink":"https:\/\/www.lifenatura.com\/termos-condicoes-lifenatura\/"}}]},"product_price_amount":"3.07","product_price_currency":"EUR","og_availability":"instock","product_availability":"instock","product_retailer_item_id":"3380380093067","product_condition":"new"},"df_price":3.07,"df_sale_price":"","df_regular_price":3.07,"df_image_link":"https:\/\/www.lifenatura.com\/wp-content\/uploads\/2024\/10\/chips-grao-le-pain-des-fleurs-300x300.jpg","_links":{"self":[{"href":"https:\/\/www.lifenatura.com\/es\/wp-json\/wp\/v2\/product\/99753","targetHints":{"allow":["GET"]}}],"collection":[{"href":"https:\/\/www.lifenatura.com\/es\/wp-json\/wp\/v2\/product"}],"about":[{"href":"https:\/\/www.lifenatura.com\/es\/wp-json\/wp\/v2\/types\/product"}],"wp:featuredmedia":[{"embeddable":true,"href":"https:\/\/www.lifenatura.com\/es\/wp-json\/wp\/v2\/media\/99627"}],"wp:attachment":[{"href":"https:\/\/www.lifenatura.com\/es\/wp-json\/wp\/v2\/media?parent=99753"}],"wp:term":[{"taxonomy":"product_brand","embeddable":true,"href":"https:\/\/www.lifenatura.com\/es\/wp-json\/wp\/v2\/product_brand?post=99753"},{"taxonomy":"product_cat","embeddable":true,"href":"https:\/\/www.lifenatura.com\/es\/wp-json\/wp\/v2\/product_cat?post=99753"},{"taxonomy":"product_tag","embeddable":true,"href":"https:\/\/www.lifenatura.com\/es\/wp-json\/wp\/v2\/product_tag?post=99753"}],"curies":[{"name":"wp","href":"https:\/\/api.w.org\/{rel}","templated":true}]}}