{"id":99349,"date":"2024-09-27T10:08:12","date_gmt":"2024-09-27T10:08:12","guid":{"rendered":"https:\/\/www.lifenatura.com\/produto\/flor-de-sauco-50g-dietica\/"},"modified":"2024-09-27T16:11:02","modified_gmt":"2024-09-27T16:11:02","slug":"flor-de-sauco-50g-dietica","status":"publish","type":"product","link":"https:\/\/www.lifenatura.com\/es\/produto\/flor-de-sauco-50g-dietica\/","title":{"rendered":"Flor de sa\u00faco 50g &#8211; Di\u00e9tica"},"content":{"rendered":"<h2 style=\"text-align: left;\">Con propiedades antiinflamatorias, antioxidantes y desintoxicantes<\/h2>\n<p>&nbsp;<\/p>\n<p>La Flor de Sa\u00faco de Di\u00e9tica es un producto natural utilizado tradicionalmente por sus numerosos beneficios para la salud. La flor de sa\u00faco es conocida por sus propiedades antiinflamatorias, antioxidantes y desintoxicantes. Utilizada en infusiones, esta planta es una poderosa aliada para aliviar los s\u00edntomas del resfriado y la gripe, adem\u00e1s de ayudar a despejar las v\u00edas respiratorias y reducir la fiebre. Adem\u00e1s, el sa\u00faco es apreciado por sus propiedades diur\u00e9ticas, que favorecen la eliminaci\u00f3n de toxinas del organismo.<\/p>\n<p><strong>Principales ventajas:<\/strong><\/p>\n<ul>\n<li><strong>Alivio del resfriado y la gripe:<\/strong> con sus propiedades sudor\u00edficas, ayuda a reducir la fiebre y a aliviar los s\u00edntomas del resfriado y la gripe, favoreciendo el bienestar.<\/li>\n<li><strong>Acci\u00f3n antiinflamatoria:<\/strong> ayuda a reducir la inflamaci\u00f3n del organismo y es \u00fatil en casos de infecciones respiratorias y fiebres.<\/li>\n<li><strong>Propiedades antioxidantes:<\/strong> la baya del sa\u00faco es rica en antioxidantes, que ayudan a combatir los radicales libres, protegiendo las c\u00e9lulas del envejecimiento prematuro.<\/li>\n<li><strong>Efecto diur\u00e9tico y desintoxicante:<\/strong> estimula la eliminaci\u00f3n de toxinas del organismo a trav\u00e9s de la orina, ayudando a desintoxicar el cuerpo.<\/li>\n<li><strong>Alivia los s\u00edntomas respiratorios:<\/strong> ayuda a despejar las v\u00edas respiratorias, aliviando los s\u00edntomas de tos, flemas y congesti\u00f3n nasal.<\/li>\n<\/ul>\n<p><strong>Adecuado para:<\/strong><\/p>\n<ul>\n<li><strong>Personas<\/strong> resfriadas <strong>y<\/strong> con gripe<strong>:<\/strong> ideal para quienes buscan un remedio natural para reducir la fiebre y aliviar los s\u00edntomas del resfriado y la gripe.<\/li>\n<li><strong>Mejora de la funci\u00f3n respiratoria:<\/strong> adecuado para quienes padecen problemas respiratorios leves y desean un alivio natural y eficaz.<\/li>\n<li><strong>Desintoxicar el organismo:<\/strong> recomendado para quienes desean eliminar toxinas y favorecer la salud de los ri\u00f1ones y el sistema urinario.<\/li>\n<li><strong>Alivia la inflamaci\u00f3n:<\/strong> adecuado para quienes necesitan un antiinflamatorio natural, ya sea para inflamaciones leves o infecciones respiratorias.<\/li>\n<\/ul>\n<p><strong>PRESENTACI\u00d3N<\/strong><\/p>\n<p>50 g<\/p>\n<p>&nbsp;<\/p>\n","protected":false},"excerpt":{"rendered":"<p>La Flor de Sa\u00faco de Di\u00e9tica es un producto natural y es conocida por sus propiedades antiinflamatorias, antioxidantes y desintoxicantes. [&#8230;]<\/p>\n<p><a class=\"btn btn-secondary understrap-read-more-link\" href=\"https:\/\/www.lifenatura.com\/es\/produto\/flor-de-sauco-50g-dietica\/\">Leer m\u00e1s&#8230;<span class=\"screen-reader-text\"> from Flor de sa\u00faco 50g &#8211; Di\u00e9tica<\/span><\/a><\/p>\n","protected":false},"featured_media":99314,"template":"","meta":{"_acf_changed":false},"product_brand":[8325],"product_cat":[7064,7071],"product_tag":[],"class_list":{"0":"post-99349","1":"product","2":"type-product","3":"status-publish","4":"has-post-thumbnail","6":"product_brand-dietica-es","7":"product_cat-alimentacion-sana","8":"product_cat-tes-y-infusiones","10":"first","11":"instock","12":"shipping-taxable","13":"purchasable","14":"product-type-simple","15":"add-to-wishlist-before_image"},"acf":[],"yoast_head":"<!-- This site is optimized with the Yoast SEO Premium plugin v27.1 (Yoast SEO v27.5) - https:\/\/yoast.com\/product\/yoast-seo-premium-wordpress\/ -->\n<title>Flor de sa\u00faco 50g - Di\u00e9tica - Na Lifenatura ao Melhor Pre\u00e7o | Envio em 48h<\/title>\n<meta name=\"description\" content=\"La Flor de Sa\u00faco de Di\u00e9tica es un producto natural y es conocida por sus propiedades antiinflamatorias, antioxidantes y desintoxicantes.\" \/>\n<meta name=\"robots\" content=\"index, follow, max-snippet:-1, max-image-preview:large, max-video-preview:-1\" \/>\n<link rel=\"canonical\" href=\"https:\/\/www.lifenatura.com\/es\/produto\/flor-de-sauco-50g-dietica\/\" \/>\n<meta property=\"og:locale\" content=\"es_ES\" \/>\n<meta property=\"og:type\" content=\"article\" \/>\n<meta property=\"og:title\" content=\"Flor de sa\u00faco 50g - Di\u00e9tica - Na Lifenatura ao Melhor Pre\u00e7o | Envio 48h\" \/>\n<meta property=\"og:description\" content=\"Compre Flor de sa\u00faco 50g - Di\u00e9tica com envio r\u00e1pido. Entrega em 48h e portes gr\u00e1tis em compras &gt;35\u20ac. Aproveite j\u00e1 na Lifenatura\" \/>\n<meta property=\"og:url\" content=\"https:\/\/www.lifenatura.com\/es\/produto\/flor-de-sauco-50g-dietica\/\" \/>\n<meta property=\"og:site_name\" content=\"Lifenatura\" \/>\n<meta property=\"article:publisher\" content=\"https:\/\/www.facebook.com\/lifenatura\" \/>\n<meta property=\"article:modified_time\" content=\"2024-09-27T16:11:02+00:00\" \/>\n<meta property=\"og:image\" content=\"https:\/\/www.lifenatura.com\/wp-content\/uploads\/2024\/09\/sabugueiro-flor-50g-dietica.jpg\" \/>\n\t<meta property=\"og:image:width\" content=\"1000\" \/>\n\t<meta property=\"og:image:height\" content=\"1000\" \/>\n\t<meta property=\"og:image:type\" content=\"image\/jpeg\" \/>\n<meta name=\"twitter:card\" content=\"summary_large_image\" \/>\n<meta name=\"twitter:label1\" content=\"Precio\" \/>\n\t<meta name=\"twitter:data1\" content=\"4,83&nbsp;&euro;\" \/>\n\t<meta name=\"twitter:label2\" content=\"Disponibilidad\" \/>\n\t<meta name=\"twitter:data2\" content=\"Disponible\" \/>\n<script type=\"application\/ld+json\" class=\"yoast-schema-graph\">{\"@context\":\"https:\\\/\\\/schema.org\",\"@graph\":[{\"@type\":\"WebPage\",\"@id\":\"https:\\\/\\\/www.lifenatura.com\\\/es\\\/produto\\\/flor-de-sauco-50g-dietica\\\/\",\"url\":\"https:\\\/\\\/www.lifenatura.com\\\/es\\\/produto\\\/flor-de-sauco-50g-dietica\\\/\",\"name\":\"Flor de sa\u00faco 50g - Di\u00e9tica - Na Lifenatura ao Melhor Pre\u00e7o | Envio em 48h\",\"isPartOf\":{\"@id\":\"https:\\\/\\\/www.lifenatura.com\\\/es\\\/#website\"},\"primaryImageOfPage\":{\"@id\":\"https:\\\/\\\/www.lifenatura.com\\\/es\\\/produto\\\/flor-de-sauco-50g-dietica\\\/#primaryimage\"},\"image\":{\"@id\":\"https:\\\/\\\/www.lifenatura.com\\\/es\\\/produto\\\/flor-de-sauco-50g-dietica\\\/#primaryimage\"},\"thumbnailUrl\":\"https:\\\/\\\/www.lifenatura.com\\\/wp-content\\\/uploads\\\/2024\\\/09\\\/sabugueiro-flor-50g-dietica.jpg\",\"datePublished\":\"2024-09-27T10:08:12+00:00\",\"dateModified\":\"2024-09-27T16:11:02+00:00\",\"description\":\"La Flor de Sa\u00faco de Di\u00e9tica es un producto natural y es conocida por sus propiedades antiinflamatorias, antioxidantes y desintoxicantes.\",\"breadcrumb\":{\"@id\":\"https:\\\/\\\/www.lifenatura.com\\\/es\\\/produto\\\/flor-de-sauco-50g-dietica\\\/#breadcrumb\"},\"inLanguage\":\"es\",\"potentialAction\":[{\"@type\":\"ReadAction\",\"target\":[\"https:\\\/\\\/www.lifenatura.com\\\/es\\\/produto\\\/flor-de-sauco-50g-dietica\\\/\"]}]},{\"@type\":\"ImageObject\",\"inLanguage\":\"es\",\"@id\":\"https:\\\/\\\/www.lifenatura.com\\\/es\\\/produto\\\/flor-de-sauco-50g-dietica\\\/#primaryimage\",\"url\":\"https:\\\/\\\/www.lifenatura.com\\\/wp-content\\\/uploads\\\/2024\\\/09\\\/sabugueiro-flor-50g-dietica.jpg\",\"contentUrl\":\"https:\\\/\\\/www.lifenatura.com\\\/wp-content\\\/uploads\\\/2024\\\/09\\\/sabugueiro-flor-50g-dietica.jpg\",\"width\":1000,\"height\":1000,\"caption\":\"Flor de sa\u00faco 50g - Di\u00e9tica\"},{\"@type\":\"BreadcrumbList\",\"@id\":\"https:\\\/\\\/www.lifenatura.com\\\/es\\\/produto\\\/flor-de-sauco-50g-dietica\\\/#breadcrumb\",\"itemListElement\":[{\"@type\":\"ListItem\",\"position\":1,\"name\":\"In\u00edcio\",\"item\":\"https:\\\/\\\/www.lifenatura.com\\\/es\\\/\"},{\"@type\":\"ListItem\",\"position\":2,\"name\":\"Todos los Productos\",\"item\":\"https:\\\/\\\/www.lifenatura.com\\\/es\\\/tienda\\\/\"},{\"@type\":\"ListItem\",\"position\":3,\"name\":\"Flor de sa\u00faco 50g &#8211; Di\u00e9tica\"}]},{\"@type\":\"WebSite\",\"@id\":\"https:\\\/\\\/www.lifenatura.com\\\/es\\\/#website\",\"url\":\"https:\\\/\\\/www.lifenatura.com\\\/es\\\/\",\"name\":\"Lifenatura\",\"description\":\"A Lifenatura \u00e9 uma loja de produtos naturais, cosm\u00e9tica natural e alimenta\u00e7\u00e3o Biol\u00f3gica.\",\"publisher\":{\"@id\":\"https:\\\/\\\/www.lifenatura.com\\\/es\\\/#organization\"},\"potentialAction\":[{\"@type\":\"SearchAction\",\"target\":{\"@type\":\"EntryPoint\",\"urlTemplate\":\"https:\\\/\\\/www.lifenatura.com\\\/es\\\/?s={search_term_string}\"},\"query-input\":{\"@type\":\"PropertyValueSpecification\",\"valueRequired\":true,\"valueName\":\"search_term_string\"}}],\"inLanguage\":\"es\"},{\"@type\":\"Organization\",\"@id\":\"https:\\\/\\\/www.lifenatura.com\\\/es\\\/#organization\",\"name\":\"Lifenatura\",\"url\":\"https:\\\/\\\/www.lifenatura.com\\\/es\\\/\",\"logo\":{\"@type\":\"ImageObject\",\"inLanguage\":\"es\",\"@id\":\"https:\\\/\\\/www.lifenatura.com\\\/es\\\/#\\\/schema\\\/logo\\\/image\\\/\",\"url\":\"https:\\\/\\\/www.lifenatura.com\\\/wp-content\\\/uploads\\\/2021\\\/07\\\/logo.png\",\"contentUrl\":\"https:\\\/\\\/www.lifenatura.com\\\/wp-content\\\/uploads\\\/2021\\\/07\\\/logo.png\",\"width\":175,\"height\":55,\"caption\":\"Lifenatura\"},\"image\":{\"@id\":\"https:\\\/\\\/www.lifenatura.com\\\/es\\\/#\\\/schema\\\/logo\\\/image\\\/\"},\"sameAs\":[\"https:\\\/\\\/www.facebook.com\\\/lifenatura\",\"https:\\\/\\\/www.instagram.com\\\/lifenaturapt\\\/\"],\"hasMerchantReturnPolicy\":{\"@type\":\"MerchantReturnPolicy\",\"merchantReturnLink\":\"https:\\\/\\\/www.lifenatura.com\\\/termos-condicoes-lifenatura\\\/\"}}]}<\/script>\n<meta property=\"product:price:amount\" content=\"4.83\" \/>\n<meta property=\"product:price:currency\" content=\"EUR\" \/>\n<meta property=\"og:availability\" content=\"instock\" \/>\n<meta property=\"product:availability\" content=\"instock\" \/>\n<meta property=\"product:retailer_item_id\" content=\"5605024050793\" \/>\n<meta property=\"product:condition\" content=\"new\" \/>\n<!-- \/ Yoast SEO Premium plugin. -->","yoast_head_json":{"title":"Flor de sa\u00faco 50g - Di\u00e9tica - Na Lifenatura ao Melhor Pre\u00e7o | Envio em 48h","description":"La Flor de Sa\u00faco de Di\u00e9tica es un producto natural y es conocida por sus propiedades antiinflamatorias, antioxidantes y desintoxicantes.","robots":{"index":"index","follow":"follow","max-snippet":"max-snippet:-1","max-image-preview":"max-image-preview:large","max-video-preview":"max-video-preview:-1"},"canonical":"https:\/\/www.lifenatura.com\/es\/produto\/flor-de-sauco-50g-dietica\/","og_locale":"es_ES","og_type":"article","og_title":"Flor de sa\u00faco 50g - Di\u00e9tica - Na Lifenatura ao Melhor Pre\u00e7o | Envio 48h","og_description":"Compre Flor de sa\u00faco 50g - Di\u00e9tica com envio r\u00e1pido. Entrega em 48h e portes gr\u00e1tis em compras >35\u20ac. Aproveite j\u00e1 na Lifenatura","og_url":"https:\/\/www.lifenatura.com\/es\/produto\/flor-de-sauco-50g-dietica\/","og_site_name":"Lifenatura","article_publisher":"https:\/\/www.facebook.com\/lifenatura","article_modified_time":"2024-09-27T16:11:02+00:00","og_image":[{"width":1000,"height":1000,"url":"https:\/\/www.lifenatura.com\/wp-content\/uploads\/2024\/09\/sabugueiro-flor-50g-dietica.jpg","type":"image\/jpeg"}],"twitter_card":"summary_large_image","twitter_misc":{"Precio":"4,83&nbsp;&euro;","Disponibilidad":"Disponible"},"schema":{"@context":"https:\/\/schema.org","@graph":[{"@type":"WebPage","@id":"https:\/\/www.lifenatura.com\/es\/produto\/flor-de-sauco-50g-dietica\/","url":"https:\/\/www.lifenatura.com\/es\/produto\/flor-de-sauco-50g-dietica\/","name":"Flor de sa\u00faco 50g - Di\u00e9tica - Na Lifenatura ao Melhor Pre\u00e7o | Envio em 48h","isPartOf":{"@id":"https:\/\/www.lifenatura.com\/es\/#website"},"primaryImageOfPage":{"@id":"https:\/\/www.lifenatura.com\/es\/produto\/flor-de-sauco-50g-dietica\/#primaryimage"},"image":{"@id":"https:\/\/www.lifenatura.com\/es\/produto\/flor-de-sauco-50g-dietica\/#primaryimage"},"thumbnailUrl":"https:\/\/www.lifenatura.com\/wp-content\/uploads\/2024\/09\/sabugueiro-flor-50g-dietica.jpg","datePublished":"2024-09-27T10:08:12+00:00","dateModified":"2024-09-27T16:11:02+00:00","description":"La Flor de Sa\u00faco de Di\u00e9tica es un producto natural y es conocida por sus propiedades antiinflamatorias, antioxidantes y desintoxicantes.","breadcrumb":{"@id":"https:\/\/www.lifenatura.com\/es\/produto\/flor-de-sauco-50g-dietica\/#breadcrumb"},"inLanguage":"es","potentialAction":[{"@type":"ReadAction","target":["https:\/\/www.lifenatura.com\/es\/produto\/flor-de-sauco-50g-dietica\/"]}]},{"@type":"ImageObject","inLanguage":"es","@id":"https:\/\/www.lifenatura.com\/es\/produto\/flor-de-sauco-50g-dietica\/#primaryimage","url":"https:\/\/www.lifenatura.com\/wp-content\/uploads\/2024\/09\/sabugueiro-flor-50g-dietica.jpg","contentUrl":"https:\/\/www.lifenatura.com\/wp-content\/uploads\/2024\/09\/sabugueiro-flor-50g-dietica.jpg","width":1000,"height":1000,"caption":"Flor de sa\u00faco 50g - Di\u00e9tica"},{"@type":"BreadcrumbList","@id":"https:\/\/www.lifenatura.com\/es\/produto\/flor-de-sauco-50g-dietica\/#breadcrumb","itemListElement":[{"@type":"ListItem","position":1,"name":"In\u00edcio","item":"https:\/\/www.lifenatura.com\/es\/"},{"@type":"ListItem","position":2,"name":"Todos los Productos","item":"https:\/\/www.lifenatura.com\/es\/tienda\/"},{"@type":"ListItem","position":3,"name":"Flor de sa\u00faco 50g &#8211; Di\u00e9tica"}]},{"@type":"WebSite","@id":"https:\/\/www.lifenatura.com\/es\/#website","url":"https:\/\/www.lifenatura.com\/es\/","name":"Lifenatura","description":"A Lifenatura \u00e9 uma loja de produtos naturais, cosm\u00e9tica natural e alimenta\u00e7\u00e3o Biol\u00f3gica.","publisher":{"@id":"https:\/\/www.lifenatura.com\/es\/#organization"},"potentialAction":[{"@type":"SearchAction","target":{"@type":"EntryPoint","urlTemplate":"https:\/\/www.lifenatura.com\/es\/?s={search_term_string}"},"query-input":{"@type":"PropertyValueSpecification","valueRequired":true,"valueName":"search_term_string"}}],"inLanguage":"es"},{"@type":"Organization","@id":"https:\/\/www.lifenatura.com\/es\/#organization","name":"Lifenatura","url":"https:\/\/www.lifenatura.com\/es\/","logo":{"@type":"ImageObject","inLanguage":"es","@id":"https:\/\/www.lifenatura.com\/es\/#\/schema\/logo\/image\/","url":"https:\/\/www.lifenatura.com\/wp-content\/uploads\/2021\/07\/logo.png","contentUrl":"https:\/\/www.lifenatura.com\/wp-content\/uploads\/2021\/07\/logo.png","width":175,"height":55,"caption":"Lifenatura"},"image":{"@id":"https:\/\/www.lifenatura.com\/es\/#\/schema\/logo\/image\/"},"sameAs":["https:\/\/www.facebook.com\/lifenatura","https:\/\/www.instagram.com\/lifenaturapt\/"],"hasMerchantReturnPolicy":{"@type":"MerchantReturnPolicy","merchantReturnLink":"https:\/\/www.lifenatura.com\/termos-condicoes-lifenatura\/"}}]},"product_price_amount":"4.83","product_price_currency":"EUR","og_availability":"instock","product_availability":"instock","product_retailer_item_id":"5605024050793","product_condition":"new"},"df_price":4.83,"df_sale_price":"","df_regular_price":4.83,"df_image_link":"https:\/\/www.lifenatura.com\/wp-content\/uploads\/2024\/09\/sabugueiro-flor-50g-dietica-300x300.jpg","_links":{"self":[{"href":"https:\/\/www.lifenatura.com\/es\/wp-json\/wp\/v2\/product\/99349","targetHints":{"allow":["GET"]}}],"collection":[{"href":"https:\/\/www.lifenatura.com\/es\/wp-json\/wp\/v2\/product"}],"about":[{"href":"https:\/\/www.lifenatura.com\/es\/wp-json\/wp\/v2\/types\/product"}],"wp:featuredmedia":[{"embeddable":true,"href":"https:\/\/www.lifenatura.com\/es\/wp-json\/wp\/v2\/media\/99314"}],"wp:attachment":[{"href":"https:\/\/www.lifenatura.com\/es\/wp-json\/wp\/v2\/media?parent=99349"}],"wp:term":[{"taxonomy":"product_brand","embeddable":true,"href":"https:\/\/www.lifenatura.com\/es\/wp-json\/wp\/v2\/product_brand?post=99349"},{"taxonomy":"product_cat","embeddable":true,"href":"https:\/\/www.lifenatura.com\/es\/wp-json\/wp\/v2\/product_cat?post=99349"},{"taxonomy":"product_tag","embeddable":true,"href":"https:\/\/www.lifenatura.com\/es\/wp-json\/wp\/v2\/product_tag?post=99349"}],"curies":[{"name":"wp","href":"https:\/\/api.w.org\/{rel}","templated":true}]}}