{"id":99251,"date":"2024-09-26T17:15:55","date_gmt":"2024-09-26T17:15:55","guid":{"rendered":"https:\/\/www.lifenatura.com\/produto\/comprimidos-de-propoleo-sin-azucar-biprol\/"},"modified":"2026-04-14T02:07:30","modified_gmt":"2026-04-14T02:07:30","slug":"comprimidos-de-propoleo-sin-azucar-biprol","status":"publish","type":"product","link":"https:\/\/www.lifenatura.com\/es\/produto\/comprimidos-de-propoleo-sin-azucar-biprol\/","title":{"rendered":"Comprimidos de prop\u00f3leo sin az\u00facar &#8211; Biprol"},"content":{"rendered":"<h2 style=\"text-align: left;\"><strong>Pastillas para la garganta de prop\u00f3leo sin az\u00facar<\/strong><\/h2>\n<p>&nbsp;<\/p>\n<p><strong>Las Pastillas de Pr\u00f3polis sin Az\u00facar<\/strong> Biprol son una opci\u00f3n natural y saludable para quienes buscan aliviar el dolor de garganta y reforzar el sistema inmunitario.<br \/>\nFormuladas con pr\u00f3polis de alta calidad y sin az\u00facar a\u00f1adido, estas pastillas son ideales para quienes siguen una dieta equilibrada o quieren evitar el consumo de az\u00facar.<\/p>\n<p>El prop\u00f3leo, conocido por sus propiedades antibacterianas, antivirales y antiinflamatorias, es un poderoso aliado para proteger las v\u00edas respiratorias y mantener sana la garganta.<\/p>\n<p><strong>Principales ventajas:<\/strong><\/p>\n<ul>\n<li><strong>Alivio natural del dolor de garganta:<\/strong> el prop\u00f3leo ayuda a calmar y aliviar la irritaci\u00f3n de la garganta, sobre todo en casos de resfriados y gripe.<\/li>\n<li><strong>Refuerza el sistema inmunitario:<\/strong> Las propiedades antibacterianas y antivirales del prop\u00f3leo ayudan a reforzar las defensas naturales del organismo.<\/li>\n<li><strong>Sin az\u00facar:<\/strong> Una opci\u00f3n perfecta para quienes quieren evitar el az\u00facar o siguen una dieta restringida en az\u00facar.<\/li>\n<li><strong>Acci\u00f3n antiinflamatoria:<\/strong> Ayuda a reducir la inflamaci\u00f3n de las v\u00edas respiratorias, mejorando el confort y el bienestar.<\/li>\n<li><strong>F\u00e1cil de usar:<\/strong> Ideal para llevar en el bolsillo o en el bolso, garantiza un alivio r\u00e1pido y pr\u00e1ctico en cualquier momento del d\u00eda.<\/li>\n<\/ul>\n<p><strong>Adecuado para:<\/strong><\/p>\n<ul>\n<li><strong>Personas con problemas de garganta:<\/strong> Perfecto para quienes sufren con frecuencia irritaci\u00f3n o inflamaci\u00f3n de garganta y buscan una soluci\u00f3n natural.<\/li>\n<li><strong>Refuerzo del sistema inmunitario:<\/strong> Indicado para quienes desean prevenir las infecciones y aumentar la resistencia del organismo a los resfriados y la gripe.<\/li>\n<li><strong>Dietas sin az\u00facar:<\/strong> Adecuadas para quienes necesitan o prefieren evitar el consumo de az\u00facar.<\/li>\n<li><strong>Uso diario:<\/strong> Ideal para quienes desean mantener la garganta protegida y sana durante todo el d\u00eda, especialmente en climas fr\u00edos o secos.<\/li>\n<\/ul>\n<p><strong>PRESENTACI\u00d3N<\/strong><\/p>\n<p>10 Comprimidos<\/p>\n<p>&nbsp;<\/p>\n","protected":false},"excerpt":{"rendered":"<p>Las Pastillas de Pr\u00f3polis sin Az\u00facar Biprol son una excelente opci\u00f3n para cuidar tu garganta de forma natural y eficaz, reduce la inflamaci\u00f3n. [&#8230;]<\/p>\n<p><a class=\"btn btn-secondary understrap-read-more-link\" href=\"https:\/\/www.lifenatura.com\/es\/produto\/comprimidos-de-propoleo-sin-azucar-biprol\/\">Leer m\u00e1s&#8230;<span class=\"screen-reader-text\"> from Comprimidos de prop\u00f3leo sin az\u00facar &#8211; Biprol<\/span><\/a><\/p>\n","protected":false},"featured_media":99250,"template":"","meta":{"_acf_changed":false},"product_brand":[8529],"product_cat":[7659,7773,7179,7233],"product_tag":[],"class_list":{"0":"post-99251","1":"product","2":"type-product","3":"status-publish","4":"has-post-thumbnail","6":"product_brand-biprol-es","7":"product_cat-ingrediente-natural-bio","8":"product_cat-propolis-es","9":"product_cat-salud","10":"product_cat-tos-garganta-inflamada","11":"pa_dicas-refuerce-inmunidad-este-invierno","13":"first","14":"instock","15":"sale","16":"featured","17":"shipping-taxable","18":"purchasable","19":"product-type-simple","20":"add-to-wishlist-before_image"},"acf":[],"yoast_head":"<!-- This site is optimized with the Yoast SEO Premium plugin v27.1 (Yoast SEO v27.5) - https:\/\/yoast.com\/product\/yoast-seo-premium-wordpress\/ -->\n<title>Comprimidos de prop\u00f3leo sin az\u00facar - Biprol - Na Lifenatura ao Melhor Pre\u00e7o | Envio em 48h<\/title>\n<meta name=\"description\" content=\"Las Pastillas de Pr\u00f3polis sin Az\u00facar Biprol son una excelente opci\u00f3n para cuidar tu garganta de forma natural y eficaz, reduce la inflamacin.\" \/>\n<meta name=\"robots\" content=\"index, follow, max-snippet:-1, max-image-preview:large, max-video-preview:-1\" \/>\n<link rel=\"canonical\" href=\"https:\/\/www.lifenatura.com\/es\/produto\/comprimidos-de-propoleo-sin-azucar-biprol\/\" \/>\n<meta property=\"og:locale\" content=\"es_ES\" \/>\n<meta property=\"og:type\" content=\"article\" \/>\n<meta property=\"og:title\" content=\"Comprimidos de prop\u00f3leo sin az\u00facar - Biprol - Na Lifenatura ao Melhor Pre\u00e7o | Envio 48h\" \/>\n<meta property=\"og:description\" content=\"Compre Comprimidos de prop\u00f3leo sin az\u00facar - Biprol com envio r\u00e1pido. Entrega em 48h e portes gr\u00e1tis em compras &gt;35\u20ac. Aproveite j\u00e1 na Lifenatura\" \/>\n<meta property=\"og:url\" content=\"https:\/\/www.lifenatura.com\/es\/produto\/comprimidos-de-propoleo-sin-azucar-biprol\/\" \/>\n<meta property=\"og:site_name\" content=\"Lifenatura\" \/>\n<meta property=\"article:publisher\" content=\"https:\/\/www.facebook.com\/lifenatura\" \/>\n<meta property=\"article:modified_time\" content=\"2026-04-14T02:07:30+00:00\" \/>\n<meta property=\"og:image\" content=\"https:\/\/www.lifenatura.com\/wp-content\/uploads\/2024\/09\/pastilhas-propolis-biprol.jpg\" \/>\n\t<meta property=\"og:image:width\" content=\"1000\" \/>\n\t<meta property=\"og:image:height\" content=\"1000\" \/>\n\t<meta property=\"og:image:type\" content=\"image\/jpeg\" \/>\n<meta name=\"twitter:card\" content=\"summary_large_image\" \/>\n<meta name=\"twitter:label1\" content=\"Precio\" \/>\n\t<meta name=\"twitter:data1\" content=\"6,76&nbsp;&euro;\" \/>\n\t<meta name=\"twitter:label2\" content=\"Disponibilidad\" \/>\n\t<meta name=\"twitter:data2\" content=\"Disponible\" \/>\n<script type=\"application\/ld+json\" class=\"yoast-schema-graph\">{\"@context\":\"https:\\\/\\\/schema.org\",\"@graph\":[{\"@type\":\"WebPage\",\"@id\":\"https:\\\/\\\/www.lifenatura.com\\\/es\\\/produto\\\/comprimidos-de-propoleo-sin-azucar-biprol\\\/\",\"url\":\"https:\\\/\\\/www.lifenatura.com\\\/es\\\/produto\\\/comprimidos-de-propoleo-sin-azucar-biprol\\\/\",\"name\":\"Comprimidos de prop\u00f3leo sin az\u00facar - Biprol - Na Lifenatura ao Melhor Pre\u00e7o | Envio em 48h\",\"isPartOf\":{\"@id\":\"https:\\\/\\\/www.lifenatura.com\\\/es\\\/#website\"},\"primaryImageOfPage\":{\"@id\":\"https:\\\/\\\/www.lifenatura.com\\\/es\\\/produto\\\/comprimidos-de-propoleo-sin-azucar-biprol\\\/#primaryimage\"},\"image\":{\"@id\":\"https:\\\/\\\/www.lifenatura.com\\\/es\\\/produto\\\/comprimidos-de-propoleo-sin-azucar-biprol\\\/#primaryimage\"},\"thumbnailUrl\":\"https:\\\/\\\/www.lifenatura.com\\\/wp-content\\\/uploads\\\/2024\\\/09\\\/pastilhas-propolis-biprol.jpg\",\"datePublished\":\"2024-09-26T17:15:55+00:00\",\"dateModified\":\"2026-04-14T02:07:30+00:00\",\"description\":\"Las Pastillas de Pr\u00f3polis sin Az\u00facar Biprol son una excelente opci\u00f3n para cuidar tu garganta de forma natural y eficaz, reduce la inflamacin.\",\"breadcrumb\":{\"@id\":\"https:\\\/\\\/www.lifenatura.com\\\/es\\\/produto\\\/comprimidos-de-propoleo-sin-azucar-biprol\\\/#breadcrumb\"},\"inLanguage\":\"es\",\"potentialAction\":[{\"@type\":\"ReadAction\",\"target\":[\"https:\\\/\\\/www.lifenatura.com\\\/es\\\/produto\\\/comprimidos-de-propoleo-sin-azucar-biprol\\\/\"]}]},{\"@type\":\"ImageObject\",\"inLanguage\":\"es\",\"@id\":\"https:\\\/\\\/www.lifenatura.com\\\/es\\\/produto\\\/comprimidos-de-propoleo-sin-azucar-biprol\\\/#primaryimage\",\"url\":\"https:\\\/\\\/www.lifenatura.com\\\/wp-content\\\/uploads\\\/2024\\\/09\\\/pastilhas-propolis-biprol.jpg\",\"contentUrl\":\"https:\\\/\\\/www.lifenatura.com\\\/wp-content\\\/uploads\\\/2024\\\/09\\\/pastilhas-propolis-biprol.jpg\",\"width\":1000,\"height\":1000,\"caption\":\"Biprol Pr\u00f3polis Comprimidos\"},{\"@type\":\"BreadcrumbList\",\"@id\":\"https:\\\/\\\/www.lifenatura.com\\\/es\\\/produto\\\/comprimidos-de-propoleo-sin-azucar-biprol\\\/#breadcrumb\",\"itemListElement\":[{\"@type\":\"ListItem\",\"position\":1,\"name\":\"In\u00edcio\",\"item\":\"https:\\\/\\\/www.lifenatura.com\\\/es\\\/\"},{\"@type\":\"ListItem\",\"position\":2,\"name\":\"Todos los Productos\",\"item\":\"https:\\\/\\\/www.lifenatura.com\\\/es\\\/tienda\\\/\"},{\"@type\":\"ListItem\",\"position\":3,\"name\":\"Comprimidos de prop\u00f3leo sin az\u00facar &#8211; Biprol\"}]},{\"@type\":\"WebSite\",\"@id\":\"https:\\\/\\\/www.lifenatura.com\\\/es\\\/#website\",\"url\":\"https:\\\/\\\/www.lifenatura.com\\\/es\\\/\",\"name\":\"Lifenatura\",\"description\":\"A Lifenatura \u00e9 uma loja de produtos naturais, cosm\u00e9tica natural e alimenta\u00e7\u00e3o Biol\u00f3gica.\",\"publisher\":{\"@id\":\"https:\\\/\\\/www.lifenatura.com\\\/es\\\/#organization\"},\"potentialAction\":[{\"@type\":\"SearchAction\",\"target\":{\"@type\":\"EntryPoint\",\"urlTemplate\":\"https:\\\/\\\/www.lifenatura.com\\\/es\\\/?s={search_term_string}\"},\"query-input\":{\"@type\":\"PropertyValueSpecification\",\"valueRequired\":true,\"valueName\":\"search_term_string\"}}],\"inLanguage\":\"es\"},{\"@type\":\"Organization\",\"@id\":\"https:\\\/\\\/www.lifenatura.com\\\/es\\\/#organization\",\"name\":\"Lifenatura\",\"url\":\"https:\\\/\\\/www.lifenatura.com\\\/es\\\/\",\"logo\":{\"@type\":\"ImageObject\",\"inLanguage\":\"es\",\"@id\":\"https:\\\/\\\/www.lifenatura.com\\\/es\\\/#\\\/schema\\\/logo\\\/image\\\/\",\"url\":\"https:\\\/\\\/www.lifenatura.com\\\/wp-content\\\/uploads\\\/2021\\\/07\\\/logo.png\",\"contentUrl\":\"https:\\\/\\\/www.lifenatura.com\\\/wp-content\\\/uploads\\\/2021\\\/07\\\/logo.png\",\"width\":175,\"height\":55,\"caption\":\"Lifenatura\"},\"image\":{\"@id\":\"https:\\\/\\\/www.lifenatura.com\\\/es\\\/#\\\/schema\\\/logo\\\/image\\\/\"},\"sameAs\":[\"https:\\\/\\\/www.facebook.com\\\/lifenatura\",\"https:\\\/\\\/www.instagram.com\\\/lifenaturapt\\\/\"],\"hasMerchantReturnPolicy\":{\"@type\":\"MerchantReturnPolicy\",\"merchantReturnLink\":\"https:\\\/\\\/www.lifenatura.com\\\/termos-condicoes-lifenatura\\\/\"}}]}<\/script>\n<meta property=\"product:price:amount\" content=\"6.76\" \/>\n<meta property=\"product:price:currency\" content=\"EUR\" \/>\n<meta property=\"og:availability\" content=\"instock\" \/>\n<meta property=\"product:availability\" content=\"instock\" \/>\n<meta property=\"product:retailer_item_id\" content=\"5603839004475\" \/>\n<meta property=\"product:condition\" content=\"new\" \/>\n<!-- \/ Yoast SEO Premium plugin. -->","yoast_head_json":{"title":"Comprimidos de prop\u00f3leo sin az\u00facar - Biprol - Na Lifenatura ao Melhor Pre\u00e7o | Envio em 48h","description":"Las Pastillas de Pr\u00f3polis sin Az\u00facar Biprol son una excelente opci\u00f3n para cuidar tu garganta de forma natural y eficaz, reduce la inflamacin.","robots":{"index":"index","follow":"follow","max-snippet":"max-snippet:-1","max-image-preview":"max-image-preview:large","max-video-preview":"max-video-preview:-1"},"canonical":"https:\/\/www.lifenatura.com\/es\/produto\/comprimidos-de-propoleo-sin-azucar-biprol\/","og_locale":"es_ES","og_type":"article","og_title":"Comprimidos de prop\u00f3leo sin az\u00facar - Biprol - Na Lifenatura ao Melhor Pre\u00e7o | Envio 48h","og_description":"Compre Comprimidos de prop\u00f3leo sin az\u00facar - Biprol com envio r\u00e1pido. Entrega em 48h e portes gr\u00e1tis em compras >35\u20ac. Aproveite j\u00e1 na Lifenatura","og_url":"https:\/\/www.lifenatura.com\/es\/produto\/comprimidos-de-propoleo-sin-azucar-biprol\/","og_site_name":"Lifenatura","article_publisher":"https:\/\/www.facebook.com\/lifenatura","article_modified_time":"2026-04-14T02:07:30+00:00","og_image":[{"width":1000,"height":1000,"url":"https:\/\/www.lifenatura.com\/wp-content\/uploads\/2024\/09\/pastilhas-propolis-biprol.jpg","type":"image\/jpeg"}],"twitter_card":"summary_large_image","twitter_misc":{"Precio":"6,76&nbsp;&euro;","Disponibilidad":"Disponible"},"schema":{"@context":"https:\/\/schema.org","@graph":[{"@type":"WebPage","@id":"https:\/\/www.lifenatura.com\/es\/produto\/comprimidos-de-propoleo-sin-azucar-biprol\/","url":"https:\/\/www.lifenatura.com\/es\/produto\/comprimidos-de-propoleo-sin-azucar-biprol\/","name":"Comprimidos de prop\u00f3leo sin az\u00facar - Biprol - Na Lifenatura ao Melhor Pre\u00e7o | Envio em 48h","isPartOf":{"@id":"https:\/\/www.lifenatura.com\/es\/#website"},"primaryImageOfPage":{"@id":"https:\/\/www.lifenatura.com\/es\/produto\/comprimidos-de-propoleo-sin-azucar-biprol\/#primaryimage"},"image":{"@id":"https:\/\/www.lifenatura.com\/es\/produto\/comprimidos-de-propoleo-sin-azucar-biprol\/#primaryimage"},"thumbnailUrl":"https:\/\/www.lifenatura.com\/wp-content\/uploads\/2024\/09\/pastilhas-propolis-biprol.jpg","datePublished":"2024-09-26T17:15:55+00:00","dateModified":"2026-04-14T02:07:30+00:00","description":"Las Pastillas de Pr\u00f3polis sin Az\u00facar Biprol son una excelente opci\u00f3n para cuidar tu garganta de forma natural y eficaz, reduce la inflamacin.","breadcrumb":{"@id":"https:\/\/www.lifenatura.com\/es\/produto\/comprimidos-de-propoleo-sin-azucar-biprol\/#breadcrumb"},"inLanguage":"es","potentialAction":[{"@type":"ReadAction","target":["https:\/\/www.lifenatura.com\/es\/produto\/comprimidos-de-propoleo-sin-azucar-biprol\/"]}]},{"@type":"ImageObject","inLanguage":"es","@id":"https:\/\/www.lifenatura.com\/es\/produto\/comprimidos-de-propoleo-sin-azucar-biprol\/#primaryimage","url":"https:\/\/www.lifenatura.com\/wp-content\/uploads\/2024\/09\/pastilhas-propolis-biprol.jpg","contentUrl":"https:\/\/www.lifenatura.com\/wp-content\/uploads\/2024\/09\/pastilhas-propolis-biprol.jpg","width":1000,"height":1000,"caption":"Biprol Pr\u00f3polis Comprimidos"},{"@type":"BreadcrumbList","@id":"https:\/\/www.lifenatura.com\/es\/produto\/comprimidos-de-propoleo-sin-azucar-biprol\/#breadcrumb","itemListElement":[{"@type":"ListItem","position":1,"name":"In\u00edcio","item":"https:\/\/www.lifenatura.com\/es\/"},{"@type":"ListItem","position":2,"name":"Todos los Productos","item":"https:\/\/www.lifenatura.com\/es\/tienda\/"},{"@type":"ListItem","position":3,"name":"Comprimidos de prop\u00f3leo sin az\u00facar &#8211; Biprol"}]},{"@type":"WebSite","@id":"https:\/\/www.lifenatura.com\/es\/#website","url":"https:\/\/www.lifenatura.com\/es\/","name":"Lifenatura","description":"A Lifenatura \u00e9 uma loja de produtos naturais, cosm\u00e9tica natural e alimenta\u00e7\u00e3o Biol\u00f3gica.","publisher":{"@id":"https:\/\/www.lifenatura.com\/es\/#organization"},"potentialAction":[{"@type":"SearchAction","target":{"@type":"EntryPoint","urlTemplate":"https:\/\/www.lifenatura.com\/es\/?s={search_term_string}"},"query-input":{"@type":"PropertyValueSpecification","valueRequired":true,"valueName":"search_term_string"}}],"inLanguage":"es"},{"@type":"Organization","@id":"https:\/\/www.lifenatura.com\/es\/#organization","name":"Lifenatura","url":"https:\/\/www.lifenatura.com\/es\/","logo":{"@type":"ImageObject","inLanguage":"es","@id":"https:\/\/www.lifenatura.com\/es\/#\/schema\/logo\/image\/","url":"https:\/\/www.lifenatura.com\/wp-content\/uploads\/2021\/07\/logo.png","contentUrl":"https:\/\/www.lifenatura.com\/wp-content\/uploads\/2021\/07\/logo.png","width":175,"height":55,"caption":"Lifenatura"},"image":{"@id":"https:\/\/www.lifenatura.com\/es\/#\/schema\/logo\/image\/"},"sameAs":["https:\/\/www.facebook.com\/lifenatura","https:\/\/www.instagram.com\/lifenaturapt\/"],"hasMerchantReturnPolicy":{"@type":"MerchantReturnPolicy","merchantReturnLink":"https:\/\/www.lifenatura.com\/termos-condicoes-lifenatura\/"}}]},"product_price_amount":"6.76","product_price_currency":"EUR","og_availability":"instock","product_availability":"instock","product_retailer_item_id":"5603839004475","product_condition":"new"},"df_price":6.76,"df_sale_price":6.76,"df_regular_price":11.27,"df_image_link":"https:\/\/www.lifenatura.com\/wp-content\/uploads\/2024\/09\/pastilhas-propolis-biprol-300x300.jpg","_links":{"self":[{"href":"https:\/\/www.lifenatura.com\/es\/wp-json\/wp\/v2\/product\/99251","targetHints":{"allow":["GET"]}}],"collection":[{"href":"https:\/\/www.lifenatura.com\/es\/wp-json\/wp\/v2\/product"}],"about":[{"href":"https:\/\/www.lifenatura.com\/es\/wp-json\/wp\/v2\/types\/product"}],"wp:featuredmedia":[{"embeddable":true,"href":"https:\/\/www.lifenatura.com\/es\/wp-json\/wp\/v2\/media\/99250"}],"wp:attachment":[{"href":"https:\/\/www.lifenatura.com\/es\/wp-json\/wp\/v2\/media?parent=99251"}],"wp:term":[{"taxonomy":"product_brand","embeddable":true,"href":"https:\/\/www.lifenatura.com\/es\/wp-json\/wp\/v2\/product_brand?post=99251"},{"taxonomy":"product_cat","embeddable":true,"href":"https:\/\/www.lifenatura.com\/es\/wp-json\/wp\/v2\/product_cat?post=99251"},{"taxonomy":"product_tag","embeddable":true,"href":"https:\/\/www.lifenatura.com\/es\/wp-json\/wp\/v2\/product_tag?post=99251"}],"curies":[{"name":"wp","href":"https:\/\/api.w.org\/{rel}","templated":true}]}}