{"id":98918,"date":"2024-09-12T16:09:05","date_gmt":"2024-09-12T16:09:05","guid":{"rendered":"https:\/\/www.lifenatura.com\/produto\/harina-de-coco-500g-el-granero\/"},"modified":"2024-09-24T09:21:45","modified_gmt":"2024-09-24T09:21:45","slug":"harina-de-coco-500g-el-granero","status":"publish","type":"product","link":"https:\/\/www.lifenatura.com\/es\/produto\/harina-de-coco-500g-el-granero\/","title":{"rendered":"Harina de Coco 500g &#8211; El Granero"},"content":{"rendered":"<h2 style=\"text-align: left;\"><strong>Harina de Coco Ecol\u00f3gica El Granero<\/strong><\/h2>\n<p>&nbsp;<\/p>\n<p>La Harina de Coco El Granero es una alternativa sana y deliciosa a las harinas tradicionales, ideal para quienes buscan enriquecer su dieta con un ingrediente nutritivo y naturalmente sin gluten.<\/p>\n<p>Obtenida de la pulpa del coco, esta harina tiene un sabor ligeramente dulce y una textura fina, por lo que es perfecta para usar en recetas dulces o saladas como pasteles, galletas, tortitas e incluso para espesar salsas y batidos.<\/p>\n<p>La harina de coco es rica en fibra, prote\u00ednas y grasas saludables, lo que la convierte en una excelente opci\u00f3n para una dieta equilibrada.<\/p>\n<p><strong>Principales ventajas:<\/strong><\/p>\n<ul>\n<li>Alto <strong>contenido en fibra:<\/strong> Esta harina contiene una gran cantidad de fibra, que favorece una digesti\u00f3n sana y ayuda a regular el tr\u00e1nsito intestinal.<\/li>\n<li><strong>Fuente de grasas saludables:<\/strong> La harina de coco es rica en triglic\u00e9ridos de cadena media (TCM), un tipo de grasa que el cuerpo convierte f\u00e1cilmente en energ\u00eda.<\/li>\n<li><strong>Bajo en hidratos de carbono:<\/strong> Una excelente opci\u00f3n para quienes siguen dietas bajas en carbohidratos, como la dieta cetog\u00e9nica, manteniendo el sabor y la textura en las recetas.<\/li>\n<li><strong>Sabor naturalmente dulce:<\/strong> Gracias a su ligero sabor dulce, te permite reducir la cantidad de az\u00facar en muchas recetas, haci\u00e9ndolas m\u00e1s saludables.<\/li>\n<\/ul>\n<p><strong>Adecuado para:<\/strong><\/p>\n<ul>\n<li><strong>Recetas bajas en carbohidratos:<\/strong> Perfectas para quienes siguen una dieta cetog\u00e9nica o baja en carbohidratos, como alternativa a las harinas convencionales.<\/li>\n<li><strong>Personas que buscan aumentar la ingesta de fibra:<\/strong> Adecuado para quienes buscan mejorar la digesti\u00f3n y aumentar la ingesta de fibra mediante un ingrediente saludable.<\/li>\n<li><strong>Cocina sana y vers\u00e1til:<\/strong> Excelente para los cocineros creativos que desean incluir una harina nutritiva y sabrosa tanto en recetas dulces como saladas.<\/li>\n<\/ul>\n<p><strong>PRESENTACI\u00d3N<\/strong><\/p>\n<p>500g<\/p>\n<p>&nbsp;<\/p>\n","protected":false},"excerpt":{"rendered":"<p>La Harina de Coco El Granero es perfecta para quienes desean transformar sus recetas con una opci\u00f3n sin gluten, rica en fibra y grasas saludables. [&#8230;]<\/p>\n<p><a class=\"btn btn-secondary understrap-read-more-link\" href=\"https:\/\/www.lifenatura.com\/es\/produto\/harina-de-coco-500g-el-granero\/\">Leer m\u00e1s&#8230;<span class=\"screen-reader-text\"> from Harina de Coco 500g &#8211; El Granero<\/span><\/a><\/p>\n","protected":false},"featured_media":98358,"template":"","meta":{"_acf_changed":false},"product_brand":[8494],"product_cat":[7064,7084,7074],"product_tag":[],"class_list":{"0":"post-98918","1":"product","2":"type-product","3":"status-publish","4":"has-post-thumbnail","6":"product_brand-el-granero","7":"product_cat-alimentacion-sana","8":"product_cat-harinas","9":"product_cat-productos-alimenticios","10":"pa_caracteristicas-biologico","12":"first","13":"instock","14":"shipping-taxable","15":"purchasable","16":"product-type-simple","17":"add-to-wishlist-before_image"},"acf":[],"yoast_head":"<!-- This site is optimized with the Yoast SEO Premium plugin v27.1 (Yoast SEO v27.5) - https:\/\/yoast.com\/product\/yoast-seo-premium-wordpress\/ -->\n<title>Harina de Coco 500g - El Granero - Na Lifenatura ao Melhor Pre\u00e7o | Envio em 48h<\/title>\n<meta name=\"description\" content=\"La Harina de Coco El Granero es perfecta para quienes desean transformar sus recetas con una opci\u00f3n sin gluten, rica en fibra y grasas saludables.\" \/>\n<meta name=\"robots\" content=\"index, follow, max-snippet:-1, max-image-preview:large, max-video-preview:-1\" \/>\n<link rel=\"canonical\" href=\"https:\/\/www.lifenatura.com\/es\/produto\/harina-de-coco-500g-el-granero\/\" \/>\n<meta property=\"og:locale\" content=\"es_ES\" \/>\n<meta property=\"og:type\" content=\"article\" \/>\n<meta property=\"og:title\" content=\"Harina de Coco 500g - El Granero - Na Lifenatura ao Melhor Pre\u00e7o | Envio 48h\" \/>\n<meta property=\"og:description\" content=\"Compre Harina de Coco 500g - El Granero com envio r\u00e1pido. Entrega em 48h e portes gr\u00e1tis em compras &gt;35\u20ac. Aproveite j\u00e1 na Lifenatura\" \/>\n<meta property=\"og:url\" content=\"https:\/\/www.lifenatura.com\/es\/produto\/harina-de-coco-500g-el-granero\/\" \/>\n<meta property=\"og:site_name\" content=\"Lifenatura\" \/>\n<meta property=\"article:publisher\" content=\"https:\/\/www.facebook.com\/lifenatura\" \/>\n<meta property=\"article:modified_time\" content=\"2024-09-24T09:21:45+00:00\" \/>\n<meta property=\"og:image\" content=\"https:\/\/www.lifenatura.com\/wp-content\/uploads\/2024\/09\/farinha-de-coco-el-granero.jpg\" \/>\n\t<meta property=\"og:image:width\" content=\"1000\" \/>\n\t<meta property=\"og:image:height\" content=\"1000\" \/>\n\t<meta property=\"og:image:type\" content=\"image\/jpeg\" \/>\n<meta name=\"twitter:card\" content=\"summary_large_image\" \/>\n<meta name=\"twitter:label1\" content=\"Precio\" \/>\n\t<meta name=\"twitter:data1\" content=\"5,94&nbsp;&euro;\" \/>\n\t<meta name=\"twitter:label2\" content=\"Disponibilidad\" \/>\n\t<meta name=\"twitter:data2\" content=\"Disponible\" \/>\n<script type=\"application\/ld+json\" class=\"yoast-schema-graph\">{\"@context\":\"https:\\\/\\\/schema.org\",\"@graph\":[{\"@type\":\"WebPage\",\"@id\":\"https:\\\/\\\/www.lifenatura.com\\\/es\\\/produto\\\/harina-de-coco-500g-el-granero\\\/\",\"url\":\"https:\\\/\\\/www.lifenatura.com\\\/es\\\/produto\\\/harina-de-coco-500g-el-granero\\\/\",\"name\":\"Harina de Coco 500g - El Granero - Na Lifenatura ao Melhor Pre\u00e7o | Envio em 48h\",\"isPartOf\":{\"@id\":\"https:\\\/\\\/www.lifenatura.com\\\/es\\\/#website\"},\"primaryImageOfPage\":{\"@id\":\"https:\\\/\\\/www.lifenatura.com\\\/es\\\/produto\\\/harina-de-coco-500g-el-granero\\\/#primaryimage\"},\"image\":{\"@id\":\"https:\\\/\\\/www.lifenatura.com\\\/es\\\/produto\\\/harina-de-coco-500g-el-granero\\\/#primaryimage\"},\"thumbnailUrl\":\"https:\\\/\\\/www.lifenatura.com\\\/wp-content\\\/uploads\\\/2024\\\/09\\\/farinha-de-coco-el-granero.jpg\",\"datePublished\":\"2024-09-12T16:09:05+00:00\",\"dateModified\":\"2024-09-24T09:21:45+00:00\",\"description\":\"La Harina de Coco El Granero es perfecta para quienes desean transformar sus recetas con una opci\u00f3n sin gluten, rica en fibra y grasas saludables.\",\"breadcrumb\":{\"@id\":\"https:\\\/\\\/www.lifenatura.com\\\/es\\\/produto\\\/harina-de-coco-500g-el-granero\\\/#breadcrumb\"},\"inLanguage\":\"es\",\"potentialAction\":[{\"@type\":\"ReadAction\",\"target\":[\"https:\\\/\\\/www.lifenatura.com\\\/es\\\/produto\\\/harina-de-coco-500g-el-granero\\\/\"]}]},{\"@type\":\"ImageObject\",\"inLanguage\":\"es\",\"@id\":\"https:\\\/\\\/www.lifenatura.com\\\/es\\\/produto\\\/harina-de-coco-500g-el-granero\\\/#primaryimage\",\"url\":\"https:\\\/\\\/www.lifenatura.com\\\/wp-content\\\/uploads\\\/2024\\\/09\\\/farinha-de-coco-el-granero.jpg\",\"contentUrl\":\"https:\\\/\\\/www.lifenatura.com\\\/wp-content\\\/uploads\\\/2024\\\/09\\\/farinha-de-coco-el-granero.jpg\",\"width\":1000,\"height\":1000,\"caption\":\"Harina de coco El Granero\"},{\"@type\":\"BreadcrumbList\",\"@id\":\"https:\\\/\\\/www.lifenatura.com\\\/es\\\/produto\\\/harina-de-coco-500g-el-granero\\\/#breadcrumb\",\"itemListElement\":[{\"@type\":\"ListItem\",\"position\":1,\"name\":\"In\u00edcio\",\"item\":\"https:\\\/\\\/www.lifenatura.com\\\/es\\\/\"},{\"@type\":\"ListItem\",\"position\":2,\"name\":\"Todos los Productos\",\"item\":\"https:\\\/\\\/www.lifenatura.com\\\/es\\\/tienda\\\/\"},{\"@type\":\"ListItem\",\"position\":3,\"name\":\"Harina de Coco 500g &#8211; El Granero\"}]},{\"@type\":\"WebSite\",\"@id\":\"https:\\\/\\\/www.lifenatura.com\\\/es\\\/#website\",\"url\":\"https:\\\/\\\/www.lifenatura.com\\\/es\\\/\",\"name\":\"Lifenatura\",\"description\":\"A Lifenatura \u00e9 uma loja de produtos naturais, cosm\u00e9tica natural e alimenta\u00e7\u00e3o Biol\u00f3gica.\",\"publisher\":{\"@id\":\"https:\\\/\\\/www.lifenatura.com\\\/es\\\/#organization\"},\"potentialAction\":[{\"@type\":\"SearchAction\",\"target\":{\"@type\":\"EntryPoint\",\"urlTemplate\":\"https:\\\/\\\/www.lifenatura.com\\\/es\\\/?s={search_term_string}\"},\"query-input\":{\"@type\":\"PropertyValueSpecification\",\"valueRequired\":true,\"valueName\":\"search_term_string\"}}],\"inLanguage\":\"es\"},{\"@type\":\"Organization\",\"@id\":\"https:\\\/\\\/www.lifenatura.com\\\/es\\\/#organization\",\"name\":\"Lifenatura\",\"url\":\"https:\\\/\\\/www.lifenatura.com\\\/es\\\/\",\"logo\":{\"@type\":\"ImageObject\",\"inLanguage\":\"es\",\"@id\":\"https:\\\/\\\/www.lifenatura.com\\\/es\\\/#\\\/schema\\\/logo\\\/image\\\/\",\"url\":\"https:\\\/\\\/www.lifenatura.com\\\/wp-content\\\/uploads\\\/2021\\\/07\\\/logo.png\",\"contentUrl\":\"https:\\\/\\\/www.lifenatura.com\\\/wp-content\\\/uploads\\\/2021\\\/07\\\/logo.png\",\"width\":175,\"height\":55,\"caption\":\"Lifenatura\"},\"image\":{\"@id\":\"https:\\\/\\\/www.lifenatura.com\\\/es\\\/#\\\/schema\\\/logo\\\/image\\\/\"},\"sameAs\":[\"https:\\\/\\\/www.facebook.com\\\/lifenatura\",\"https:\\\/\\\/www.instagram.com\\\/lifenaturapt\\\/\"],\"hasMerchantReturnPolicy\":{\"@type\":\"MerchantReturnPolicy\",\"merchantReturnLink\":\"https:\\\/\\\/www.lifenatura.com\\\/termos-condicoes-lifenatura\\\/\"}}]}<\/script>\n<meta property=\"product:price:amount\" content=\"5.94\" \/>\n<meta property=\"product:price:currency\" content=\"EUR\" \/>\n<meta property=\"og:availability\" content=\"instock\" \/>\n<meta property=\"product:availability\" content=\"instock\" \/>\n<meta property=\"product:retailer_item_id\" content=\"8422584044027\" \/>\n<meta property=\"product:condition\" content=\"new\" \/>\n<!-- \/ Yoast SEO Premium plugin. -->","yoast_head_json":{"title":"Harina de Coco 500g - El Granero - Na Lifenatura ao Melhor Pre\u00e7o | Envio em 48h","description":"La Harina de Coco El Granero es perfecta para quienes desean transformar sus recetas con una opci\u00f3n sin gluten, rica en fibra y grasas saludables.","robots":{"index":"index","follow":"follow","max-snippet":"max-snippet:-1","max-image-preview":"max-image-preview:large","max-video-preview":"max-video-preview:-1"},"canonical":"https:\/\/www.lifenatura.com\/es\/produto\/harina-de-coco-500g-el-granero\/","og_locale":"es_ES","og_type":"article","og_title":"Harina de Coco 500g - El Granero - Na Lifenatura ao Melhor Pre\u00e7o | Envio 48h","og_description":"Compre Harina de Coco 500g - El Granero com envio r\u00e1pido. Entrega em 48h e portes gr\u00e1tis em compras >35\u20ac. Aproveite j\u00e1 na Lifenatura","og_url":"https:\/\/www.lifenatura.com\/es\/produto\/harina-de-coco-500g-el-granero\/","og_site_name":"Lifenatura","article_publisher":"https:\/\/www.facebook.com\/lifenatura","article_modified_time":"2024-09-24T09:21:45+00:00","og_image":[{"width":1000,"height":1000,"url":"https:\/\/www.lifenatura.com\/wp-content\/uploads\/2024\/09\/farinha-de-coco-el-granero.jpg","type":"image\/jpeg"}],"twitter_card":"summary_large_image","twitter_misc":{"Precio":"5,94&nbsp;&euro;","Disponibilidad":"Disponible"},"schema":{"@context":"https:\/\/schema.org","@graph":[{"@type":"WebPage","@id":"https:\/\/www.lifenatura.com\/es\/produto\/harina-de-coco-500g-el-granero\/","url":"https:\/\/www.lifenatura.com\/es\/produto\/harina-de-coco-500g-el-granero\/","name":"Harina de Coco 500g - El Granero - Na Lifenatura ao Melhor Pre\u00e7o | Envio em 48h","isPartOf":{"@id":"https:\/\/www.lifenatura.com\/es\/#website"},"primaryImageOfPage":{"@id":"https:\/\/www.lifenatura.com\/es\/produto\/harina-de-coco-500g-el-granero\/#primaryimage"},"image":{"@id":"https:\/\/www.lifenatura.com\/es\/produto\/harina-de-coco-500g-el-granero\/#primaryimage"},"thumbnailUrl":"https:\/\/www.lifenatura.com\/wp-content\/uploads\/2024\/09\/farinha-de-coco-el-granero.jpg","datePublished":"2024-09-12T16:09:05+00:00","dateModified":"2024-09-24T09:21:45+00:00","description":"La Harina de Coco El Granero es perfecta para quienes desean transformar sus recetas con una opci\u00f3n sin gluten, rica en fibra y grasas saludables.","breadcrumb":{"@id":"https:\/\/www.lifenatura.com\/es\/produto\/harina-de-coco-500g-el-granero\/#breadcrumb"},"inLanguage":"es","potentialAction":[{"@type":"ReadAction","target":["https:\/\/www.lifenatura.com\/es\/produto\/harina-de-coco-500g-el-granero\/"]}]},{"@type":"ImageObject","inLanguage":"es","@id":"https:\/\/www.lifenatura.com\/es\/produto\/harina-de-coco-500g-el-granero\/#primaryimage","url":"https:\/\/www.lifenatura.com\/wp-content\/uploads\/2024\/09\/farinha-de-coco-el-granero.jpg","contentUrl":"https:\/\/www.lifenatura.com\/wp-content\/uploads\/2024\/09\/farinha-de-coco-el-granero.jpg","width":1000,"height":1000,"caption":"Harina de coco El Granero"},{"@type":"BreadcrumbList","@id":"https:\/\/www.lifenatura.com\/es\/produto\/harina-de-coco-500g-el-granero\/#breadcrumb","itemListElement":[{"@type":"ListItem","position":1,"name":"In\u00edcio","item":"https:\/\/www.lifenatura.com\/es\/"},{"@type":"ListItem","position":2,"name":"Todos los Productos","item":"https:\/\/www.lifenatura.com\/es\/tienda\/"},{"@type":"ListItem","position":3,"name":"Harina de Coco 500g &#8211; El Granero"}]},{"@type":"WebSite","@id":"https:\/\/www.lifenatura.com\/es\/#website","url":"https:\/\/www.lifenatura.com\/es\/","name":"Lifenatura","description":"A Lifenatura \u00e9 uma loja de produtos naturais, cosm\u00e9tica natural e alimenta\u00e7\u00e3o Biol\u00f3gica.","publisher":{"@id":"https:\/\/www.lifenatura.com\/es\/#organization"},"potentialAction":[{"@type":"SearchAction","target":{"@type":"EntryPoint","urlTemplate":"https:\/\/www.lifenatura.com\/es\/?s={search_term_string}"},"query-input":{"@type":"PropertyValueSpecification","valueRequired":true,"valueName":"search_term_string"}}],"inLanguage":"es"},{"@type":"Organization","@id":"https:\/\/www.lifenatura.com\/es\/#organization","name":"Lifenatura","url":"https:\/\/www.lifenatura.com\/es\/","logo":{"@type":"ImageObject","inLanguage":"es","@id":"https:\/\/www.lifenatura.com\/es\/#\/schema\/logo\/image\/","url":"https:\/\/www.lifenatura.com\/wp-content\/uploads\/2021\/07\/logo.png","contentUrl":"https:\/\/www.lifenatura.com\/wp-content\/uploads\/2021\/07\/logo.png","width":175,"height":55,"caption":"Lifenatura"},"image":{"@id":"https:\/\/www.lifenatura.com\/es\/#\/schema\/logo\/image\/"},"sameAs":["https:\/\/www.facebook.com\/lifenatura","https:\/\/www.instagram.com\/lifenaturapt\/"],"hasMerchantReturnPolicy":{"@type":"MerchantReturnPolicy","merchantReturnLink":"https:\/\/www.lifenatura.com\/termos-condicoes-lifenatura\/"}}]},"product_price_amount":"5.94","product_price_currency":"EUR","og_availability":"instock","product_availability":"instock","product_retailer_item_id":"8422584044027","product_condition":"new"},"df_price":5.94,"df_sale_price":"","df_regular_price":5.94,"df_image_link":"https:\/\/www.lifenatura.com\/wp-content\/uploads\/2024\/09\/farinha-de-coco-el-granero-300x300.jpg","_links":{"self":[{"href":"https:\/\/www.lifenatura.com\/es\/wp-json\/wp\/v2\/product\/98918","targetHints":{"allow":["GET"]}}],"collection":[{"href":"https:\/\/www.lifenatura.com\/es\/wp-json\/wp\/v2\/product"}],"about":[{"href":"https:\/\/www.lifenatura.com\/es\/wp-json\/wp\/v2\/types\/product"}],"wp:featuredmedia":[{"embeddable":true,"href":"https:\/\/www.lifenatura.com\/es\/wp-json\/wp\/v2\/media\/98358"}],"wp:attachment":[{"href":"https:\/\/www.lifenatura.com\/es\/wp-json\/wp\/v2\/media?parent=98918"}],"wp:term":[{"taxonomy":"product_brand","embeddable":true,"href":"https:\/\/www.lifenatura.com\/es\/wp-json\/wp\/v2\/product_brand?post=98918"},{"taxonomy":"product_cat","embeddable":true,"href":"https:\/\/www.lifenatura.com\/es\/wp-json\/wp\/v2\/product_cat?post=98918"},{"taxonomy":"product_tag","embeddable":true,"href":"https:\/\/www.lifenatura.com\/es\/wp-json\/wp\/v2\/product_tag?post=98918"}],"curies":[{"name":"wp","href":"https:\/\/api.w.org\/{rel}","templated":true}]}}