{"id":98914,"date":"2024-09-12T15:42:26","date_gmt":"2024-09-12T15:42:26","guid":{"rendered":"https:\/\/www.lifenatura.com\/produto\/avena-integral-ecologica-500g-naturgreen\/"},"modified":"2024-09-24T09:20:22","modified_gmt":"2024-09-24T09:20:22","slug":"avena-integral-ecologica-500g-naturgreen","status":"publish","type":"product","link":"https:\/\/www.lifenatura.com\/es\/produto\/avena-integral-ecologica-500g-naturgreen\/","title":{"rendered":"Avena Integral Ecol\u00f3gica 500g &#8211; Naturgreen"},"content":{"rendered":"<h2 style=\"text-align: left;\"><strong>Harina de Avena Integral NaturGreen<\/strong><\/h2>\n<p>&nbsp;<\/p>\n<p>La Harina de Avena Integral NaturGreen es una opci\u00f3n nutritiva y saludable, obtenida a partir de granos de avena integrales de alta calidad.<br \/>\nEsta harina es ideal para quien desee a\u00f1adir m\u00e1s fibra y nutrientes esenciales a su dieta diaria.<\/p>\n<p>Con un sabor suave y vers\u00e1til, puede utilizarse en innumerables recetas, desde panes y pasteles hasta tortitas, galletas y batidos, o incluso para espesar sopas y salsas.<br \/>\nAl ser integral, conserva todas sus propiedades nutritivas, lo que la convierte en una excelente opci\u00f3n para una dieta equilibrada y nutritiva.<\/p>\n<p><strong>Principales ventajas:<\/strong><\/p>\n<ul>\n<li><strong>Rica en fibra:<\/strong> la avena integral es una excelente fuente de fibra, que favorece la salud digestiva y ayuda a regular el tr\u00e1nsito intestinal.<\/li>\n<li><strong>Fuente sostenida de energ\u00eda:<\/strong> La avena es conocida por sus hidratos de carbono de absorci\u00f3n lenta, que proporcionan energ\u00eda de forma gradual, ideal para mantener la saciedad y unos niveles de energ\u00eda estables a lo largo del d\u00eda.<\/li>\n<li><strong>Ayuda a controlar el colesterol:<\/strong> El consumo regular de avena puede ayudar a reducir los niveles de colesterol LDL, favoreciendo la salud cardiovascular.<\/li>\n<li><strong>Bajo \u00edndice gluc\u00e9mico:<\/strong> La avena tiene un bajo \u00edndice gluc\u00e9mico, lo que ayuda a mantener bajo control los niveles de az\u00facar en sangre, por lo que es una gran elecci\u00f3n para quienes desean controlar su az\u00facar en sangre.<\/li>\n<li><strong>Fuente de prote\u00ednas y nutrientes:<\/strong> Rica en prote\u00ednas vegetales, vitaminas del complejo B y minerales como el hierro y el magnesio, la avena integral ofrece un perfil nutricional completo.<\/li>\n<\/ul>\n<p><strong>Adecuado para:<\/strong><\/p>\n<ul>\n<li><strong>Personas con estilos de vida activos:<\/strong> Ideal para quienes necesitan una fuente de energ\u00eda sostenible y saludable para mantenerse activos durante todo el d\u00eda.<\/li>\n<li><strong>Mantener la salud digestiva:<\/strong> Perfecto para quienes desean aumentar su ingesta de fibra y mejorar la digesti\u00f3n.<\/li>\n<li><strong>Los que quieren controlar su peso:<\/strong> Adecuado para los que quieren mantener la saciedad durante m\u00e1s tiempo, contribuyendo a un control eficaz del peso.<\/li>\n<li><strong>Dieta equilibrada:<\/strong> Adecuada para quienes valoran una dieta equilibrada, rica en prote\u00ednas, fibra y nutrientes esenciales para el bienestar general.<\/li>\n<\/ul>\n<p><strong>PRESENTACI\u00d3N<\/strong><\/p>\n<p>500g<\/p>\n<p>&nbsp;<\/p>\n","protected":false},"excerpt":{"rendered":"<p>La Harina de Avena Integral NaturGreen es la elecci\u00f3n perfecta para quienes desean integrar una dieta sana y rica en fibra en su vida diaria. [&#8230;]<\/p>\n<p><a class=\"btn btn-secondary understrap-read-more-link\" href=\"https:\/\/www.lifenatura.com\/es\/produto\/avena-integral-ecologica-500g-naturgreen\/\">Leer m\u00e1s&#8230;<span class=\"screen-reader-text\"> from Avena Integral Ecol\u00f3gica 500g &#8211; Naturgreen<\/span><\/a><\/p>\n","protected":false},"featured_media":98353,"template":"","meta":{"_acf_changed":false},"product_brand":[8344],"product_cat":[7064,7084,7074],"product_tag":[],"class_list":{"0":"post-98914","1":"product","2":"type-product","3":"status-publish","4":"has-post-thumbnail","6":"product_brand-naturgreen-es","7":"product_cat-alimentacion-sana","8":"product_cat-harinas","9":"product_cat-productos-alimenticios","10":"pa_caracteristicas-biologico","11":"pa_caracteristicas-sin-gluten","12":"pa_caracteristicas-vegano","14":"first","15":"instock","16":"shipping-taxable","17":"purchasable","18":"product-type-simple","19":"add-to-wishlist-before_image"},"acf":[],"yoast_head":"<!-- This site is optimized with the Yoast SEO Premium plugin v27.1 (Yoast SEO v27.5) - https:\/\/yoast.com\/product\/yoast-seo-premium-wordpress\/ -->\n<title>Avena Integral Ecol\u00f3gica 500g - Naturgreen - Na Lifenatura ao Melhor Pre\u00e7o | Envio em 48h<\/title>\n<meta name=\"description\" content=\"La Harina de Avena Integral NaturGreen es la elecci\u00f3n perfecta para quienes desean integrar una dieta sana y rica en fibra en su vida diaria.\" \/>\n<meta name=\"robots\" content=\"index, follow, max-snippet:-1, max-image-preview:large, max-video-preview:-1\" \/>\n<link rel=\"canonical\" href=\"https:\/\/www.lifenatura.com\/es\/produto\/avena-integral-ecologica-500g-naturgreen\/\" \/>\n<meta property=\"og:locale\" content=\"es_ES\" \/>\n<meta property=\"og:type\" content=\"article\" \/>\n<meta property=\"og:title\" content=\"Avena Integral Ecol\u00f3gica 500g - Naturgreen - Na Lifenatura ao Melhor Pre\u00e7o | Envio 48h\" \/>\n<meta property=\"og:description\" content=\"Compre Avena Integral Ecol\u00f3gica 500g - Naturgreen com envio r\u00e1pido. Entrega em 48h e portes gr\u00e1tis em compras &gt;35\u20ac. Aproveite j\u00e1 na Lifenatura\" \/>\n<meta property=\"og:url\" content=\"https:\/\/www.lifenatura.com\/es\/produto\/avena-integral-ecologica-500g-naturgreen\/\" \/>\n<meta property=\"og:site_name\" content=\"Lifenatura\" \/>\n<meta property=\"article:publisher\" content=\"https:\/\/www.facebook.com\/lifenatura\" \/>\n<meta property=\"article:modified_time\" content=\"2024-09-24T09:20:22+00:00\" \/>\n<meta property=\"og:image\" content=\"https:\/\/www.lifenatura.com\/wp-content\/uploads\/2024\/09\/farinha-aveia-integral-naturgreen.jpg\" \/>\n\t<meta property=\"og:image:width\" content=\"1000\" \/>\n\t<meta property=\"og:image:height\" content=\"1000\" \/>\n\t<meta property=\"og:image:type\" content=\"image\/jpeg\" \/>\n<meta name=\"twitter:card\" content=\"summary_large_image\" \/>\n<meta name=\"twitter:label1\" content=\"Precio\" \/>\n\t<meta name=\"twitter:data1\" content=\"5,44&nbsp;&euro;\" \/>\n\t<meta name=\"twitter:label2\" content=\"Disponibilidad\" \/>\n\t<meta name=\"twitter:data2\" content=\"Disponible\" \/>\n<script type=\"application\/ld+json\" class=\"yoast-schema-graph\">{\"@context\":\"https:\\\/\\\/schema.org\",\"@graph\":[{\"@type\":\"WebPage\",\"@id\":\"https:\\\/\\\/www.lifenatura.com\\\/es\\\/produto\\\/avena-integral-ecologica-500g-naturgreen\\\/\",\"url\":\"https:\\\/\\\/www.lifenatura.com\\\/es\\\/produto\\\/avena-integral-ecologica-500g-naturgreen\\\/\",\"name\":\"Avena Integral Ecol\u00f3gica 500g - Naturgreen - Na Lifenatura ao Melhor Pre\u00e7o | Envio em 48h\",\"isPartOf\":{\"@id\":\"https:\\\/\\\/www.lifenatura.com\\\/es\\\/#website\"},\"primaryImageOfPage\":{\"@id\":\"https:\\\/\\\/www.lifenatura.com\\\/es\\\/produto\\\/avena-integral-ecologica-500g-naturgreen\\\/#primaryimage\"},\"image\":{\"@id\":\"https:\\\/\\\/www.lifenatura.com\\\/es\\\/produto\\\/avena-integral-ecologica-500g-naturgreen\\\/#primaryimage\"},\"thumbnailUrl\":\"https:\\\/\\\/www.lifenatura.com\\\/wp-content\\\/uploads\\\/2024\\\/09\\\/farinha-aveia-integral-naturgreen.jpg\",\"datePublished\":\"2024-09-12T15:42:26+00:00\",\"dateModified\":\"2024-09-24T09:20:22+00:00\",\"description\":\"La Harina de Avena Integral NaturGreen es la elecci\u00f3n perfecta para quienes desean integrar una dieta sana y rica en fibra en su vida diaria.\",\"breadcrumb\":{\"@id\":\"https:\\\/\\\/www.lifenatura.com\\\/es\\\/produto\\\/avena-integral-ecologica-500g-naturgreen\\\/#breadcrumb\"},\"inLanguage\":\"es\",\"potentialAction\":[{\"@type\":\"ReadAction\",\"target\":[\"https:\\\/\\\/www.lifenatura.com\\\/es\\\/produto\\\/avena-integral-ecologica-500g-naturgreen\\\/\"]}]},{\"@type\":\"ImageObject\",\"inLanguage\":\"es\",\"@id\":\"https:\\\/\\\/www.lifenatura.com\\\/es\\\/produto\\\/avena-integral-ecologica-500g-naturgreen\\\/#primaryimage\",\"url\":\"https:\\\/\\\/www.lifenatura.com\\\/wp-content\\\/uploads\\\/2024\\\/09\\\/farinha-aveia-integral-naturgreen.jpg\",\"contentUrl\":\"https:\\\/\\\/www.lifenatura.com\\\/wp-content\\\/uploads\\\/2024\\\/09\\\/farinha-aveia-integral-naturgreen.jpg\",\"width\":1000,\"height\":1000,\"caption\":\"Harina de avena integral Naturgreen\"},{\"@type\":\"BreadcrumbList\",\"@id\":\"https:\\\/\\\/www.lifenatura.com\\\/es\\\/produto\\\/avena-integral-ecologica-500g-naturgreen\\\/#breadcrumb\",\"itemListElement\":[{\"@type\":\"ListItem\",\"position\":1,\"name\":\"In\u00edcio\",\"item\":\"https:\\\/\\\/www.lifenatura.com\\\/es\\\/\"},{\"@type\":\"ListItem\",\"position\":2,\"name\":\"Todos los Productos\",\"item\":\"https:\\\/\\\/www.lifenatura.com\\\/es\\\/tienda\\\/\"},{\"@type\":\"ListItem\",\"position\":3,\"name\":\"Avena Integral Ecol\u00f3gica 500g &#8211; Naturgreen\"}]},{\"@type\":\"WebSite\",\"@id\":\"https:\\\/\\\/www.lifenatura.com\\\/es\\\/#website\",\"url\":\"https:\\\/\\\/www.lifenatura.com\\\/es\\\/\",\"name\":\"Lifenatura\",\"description\":\"A Lifenatura \u00e9 uma loja de produtos naturais, cosm\u00e9tica natural e alimenta\u00e7\u00e3o Biol\u00f3gica.\",\"publisher\":{\"@id\":\"https:\\\/\\\/www.lifenatura.com\\\/es\\\/#organization\"},\"potentialAction\":[{\"@type\":\"SearchAction\",\"target\":{\"@type\":\"EntryPoint\",\"urlTemplate\":\"https:\\\/\\\/www.lifenatura.com\\\/es\\\/?s={search_term_string}\"},\"query-input\":{\"@type\":\"PropertyValueSpecification\",\"valueRequired\":true,\"valueName\":\"search_term_string\"}}],\"inLanguage\":\"es\"},{\"@type\":\"Organization\",\"@id\":\"https:\\\/\\\/www.lifenatura.com\\\/es\\\/#organization\",\"name\":\"Lifenatura\",\"url\":\"https:\\\/\\\/www.lifenatura.com\\\/es\\\/\",\"logo\":{\"@type\":\"ImageObject\",\"inLanguage\":\"es\",\"@id\":\"https:\\\/\\\/www.lifenatura.com\\\/es\\\/#\\\/schema\\\/logo\\\/image\\\/\",\"url\":\"https:\\\/\\\/www.lifenatura.com\\\/wp-content\\\/uploads\\\/2021\\\/07\\\/logo.png\",\"contentUrl\":\"https:\\\/\\\/www.lifenatura.com\\\/wp-content\\\/uploads\\\/2021\\\/07\\\/logo.png\",\"width\":175,\"height\":55,\"caption\":\"Lifenatura\"},\"image\":{\"@id\":\"https:\\\/\\\/www.lifenatura.com\\\/es\\\/#\\\/schema\\\/logo\\\/image\\\/\"},\"sameAs\":[\"https:\\\/\\\/www.facebook.com\\\/lifenatura\",\"https:\\\/\\\/www.instagram.com\\\/lifenaturapt\\\/\"],\"hasMerchantReturnPolicy\":{\"@type\":\"MerchantReturnPolicy\",\"merchantReturnLink\":\"https:\\\/\\\/www.lifenatura.com\\\/termos-condicoes-lifenatura\\\/\"}}]}<\/script>\n<meta property=\"product:price:amount\" content=\"5.44\" \/>\n<meta property=\"product:price:currency\" content=\"EUR\" \/>\n<meta property=\"og:availability\" content=\"instock\" \/>\n<meta property=\"product:availability\" content=\"instock\" \/>\n<meta property=\"product:retailer_item_id\" content=\"8436542196284\" \/>\n<meta property=\"product:condition\" content=\"new\" \/>\n<!-- \/ Yoast SEO Premium plugin. -->","yoast_head_json":{"title":"Avena Integral Ecol\u00f3gica 500g - Naturgreen - Na Lifenatura ao Melhor Pre\u00e7o | Envio em 48h","description":"La Harina de Avena Integral NaturGreen es la elecci\u00f3n perfecta para quienes desean integrar una dieta sana y rica en fibra en su vida diaria.","robots":{"index":"index","follow":"follow","max-snippet":"max-snippet:-1","max-image-preview":"max-image-preview:large","max-video-preview":"max-video-preview:-1"},"canonical":"https:\/\/www.lifenatura.com\/es\/produto\/avena-integral-ecologica-500g-naturgreen\/","og_locale":"es_ES","og_type":"article","og_title":"Avena Integral Ecol\u00f3gica 500g - Naturgreen - Na Lifenatura ao Melhor Pre\u00e7o | Envio 48h","og_description":"Compre Avena Integral Ecol\u00f3gica 500g - Naturgreen com envio r\u00e1pido. Entrega em 48h e portes gr\u00e1tis em compras >35\u20ac. Aproveite j\u00e1 na Lifenatura","og_url":"https:\/\/www.lifenatura.com\/es\/produto\/avena-integral-ecologica-500g-naturgreen\/","og_site_name":"Lifenatura","article_publisher":"https:\/\/www.facebook.com\/lifenatura","article_modified_time":"2024-09-24T09:20:22+00:00","og_image":[{"width":1000,"height":1000,"url":"https:\/\/www.lifenatura.com\/wp-content\/uploads\/2024\/09\/farinha-aveia-integral-naturgreen.jpg","type":"image\/jpeg"}],"twitter_card":"summary_large_image","twitter_misc":{"Precio":"5,44&nbsp;&euro;","Disponibilidad":"Disponible"},"schema":{"@context":"https:\/\/schema.org","@graph":[{"@type":"WebPage","@id":"https:\/\/www.lifenatura.com\/es\/produto\/avena-integral-ecologica-500g-naturgreen\/","url":"https:\/\/www.lifenatura.com\/es\/produto\/avena-integral-ecologica-500g-naturgreen\/","name":"Avena Integral Ecol\u00f3gica 500g - Naturgreen - Na Lifenatura ao Melhor Pre\u00e7o | Envio em 48h","isPartOf":{"@id":"https:\/\/www.lifenatura.com\/es\/#website"},"primaryImageOfPage":{"@id":"https:\/\/www.lifenatura.com\/es\/produto\/avena-integral-ecologica-500g-naturgreen\/#primaryimage"},"image":{"@id":"https:\/\/www.lifenatura.com\/es\/produto\/avena-integral-ecologica-500g-naturgreen\/#primaryimage"},"thumbnailUrl":"https:\/\/www.lifenatura.com\/wp-content\/uploads\/2024\/09\/farinha-aveia-integral-naturgreen.jpg","datePublished":"2024-09-12T15:42:26+00:00","dateModified":"2024-09-24T09:20:22+00:00","description":"La Harina de Avena Integral NaturGreen es la elecci\u00f3n perfecta para quienes desean integrar una dieta sana y rica en fibra en su vida diaria.","breadcrumb":{"@id":"https:\/\/www.lifenatura.com\/es\/produto\/avena-integral-ecologica-500g-naturgreen\/#breadcrumb"},"inLanguage":"es","potentialAction":[{"@type":"ReadAction","target":["https:\/\/www.lifenatura.com\/es\/produto\/avena-integral-ecologica-500g-naturgreen\/"]}]},{"@type":"ImageObject","inLanguage":"es","@id":"https:\/\/www.lifenatura.com\/es\/produto\/avena-integral-ecologica-500g-naturgreen\/#primaryimage","url":"https:\/\/www.lifenatura.com\/wp-content\/uploads\/2024\/09\/farinha-aveia-integral-naturgreen.jpg","contentUrl":"https:\/\/www.lifenatura.com\/wp-content\/uploads\/2024\/09\/farinha-aveia-integral-naturgreen.jpg","width":1000,"height":1000,"caption":"Harina de avena integral Naturgreen"},{"@type":"BreadcrumbList","@id":"https:\/\/www.lifenatura.com\/es\/produto\/avena-integral-ecologica-500g-naturgreen\/#breadcrumb","itemListElement":[{"@type":"ListItem","position":1,"name":"In\u00edcio","item":"https:\/\/www.lifenatura.com\/es\/"},{"@type":"ListItem","position":2,"name":"Todos los Productos","item":"https:\/\/www.lifenatura.com\/es\/tienda\/"},{"@type":"ListItem","position":3,"name":"Avena Integral Ecol\u00f3gica 500g &#8211; Naturgreen"}]},{"@type":"WebSite","@id":"https:\/\/www.lifenatura.com\/es\/#website","url":"https:\/\/www.lifenatura.com\/es\/","name":"Lifenatura","description":"A Lifenatura \u00e9 uma loja de produtos naturais, cosm\u00e9tica natural e alimenta\u00e7\u00e3o Biol\u00f3gica.","publisher":{"@id":"https:\/\/www.lifenatura.com\/es\/#organization"},"potentialAction":[{"@type":"SearchAction","target":{"@type":"EntryPoint","urlTemplate":"https:\/\/www.lifenatura.com\/es\/?s={search_term_string}"},"query-input":{"@type":"PropertyValueSpecification","valueRequired":true,"valueName":"search_term_string"}}],"inLanguage":"es"},{"@type":"Organization","@id":"https:\/\/www.lifenatura.com\/es\/#organization","name":"Lifenatura","url":"https:\/\/www.lifenatura.com\/es\/","logo":{"@type":"ImageObject","inLanguage":"es","@id":"https:\/\/www.lifenatura.com\/es\/#\/schema\/logo\/image\/","url":"https:\/\/www.lifenatura.com\/wp-content\/uploads\/2021\/07\/logo.png","contentUrl":"https:\/\/www.lifenatura.com\/wp-content\/uploads\/2021\/07\/logo.png","width":175,"height":55,"caption":"Lifenatura"},"image":{"@id":"https:\/\/www.lifenatura.com\/es\/#\/schema\/logo\/image\/"},"sameAs":["https:\/\/www.facebook.com\/lifenatura","https:\/\/www.instagram.com\/lifenaturapt\/"],"hasMerchantReturnPolicy":{"@type":"MerchantReturnPolicy","merchantReturnLink":"https:\/\/www.lifenatura.com\/termos-condicoes-lifenatura\/"}}]},"product_price_amount":"5.44","product_price_currency":"EUR","og_availability":"instock","product_availability":"instock","product_retailer_item_id":"8436542196284","product_condition":"new"},"df_price":5.44,"df_sale_price":"","df_regular_price":5.44,"df_image_link":"https:\/\/www.lifenatura.com\/wp-content\/uploads\/2024\/09\/farinha-aveia-integral-naturgreen-300x300.jpg","_links":{"self":[{"href":"https:\/\/www.lifenatura.com\/es\/wp-json\/wp\/v2\/product\/98914","targetHints":{"allow":["GET"]}}],"collection":[{"href":"https:\/\/www.lifenatura.com\/es\/wp-json\/wp\/v2\/product"}],"about":[{"href":"https:\/\/www.lifenatura.com\/es\/wp-json\/wp\/v2\/types\/product"}],"wp:featuredmedia":[{"embeddable":true,"href":"https:\/\/www.lifenatura.com\/es\/wp-json\/wp\/v2\/media\/98353"}],"wp:attachment":[{"href":"https:\/\/www.lifenatura.com\/es\/wp-json\/wp\/v2\/media?parent=98914"}],"wp:term":[{"taxonomy":"product_brand","embeddable":true,"href":"https:\/\/www.lifenatura.com\/es\/wp-json\/wp\/v2\/product_brand?post=98914"},{"taxonomy":"product_cat","embeddable":true,"href":"https:\/\/www.lifenatura.com\/es\/wp-json\/wp\/v2\/product_cat?post=98914"},{"taxonomy":"product_tag","embeddable":true,"href":"https:\/\/www.lifenatura.com\/es\/wp-json\/wp\/v2\/product_tag?post=98914"}],"curies":[{"name":"wp","href":"https:\/\/api.w.org\/{rel}","templated":true}]}}