{"id":98913,"date":"2024-09-13T16:14:51","date_gmt":"2024-09-13T16:14:51","guid":{"rendered":"https:\/\/www.lifenatura.com\/produto\/harina-integral-de-quinoa-300g-biogra\/"},"modified":"2024-09-24T09:45:51","modified_gmt":"2024-09-24T09:45:51","slug":"harina-integral-de-quinoa-300g-biogra","status":"publish","type":"product","link":"https:\/\/www.lifenatura.com\/es\/produto\/harina-integral-de-quinoa-300g-biogra\/","title":{"rendered":"Harina integral de quinoa 300g &#8211; Biogr\u00e1"},"content":{"rendered":"<h2 style=\"text-align: left;\"><strong>Harina de quinoa ecol\u00f3gica sin lactosa ideal para veganos<\/strong><\/h2>\n<p>&nbsp;<\/p>\n<p>La harina de quinoa Biogr\u00e1 es una opci\u00f3n nutritiva y vers\u00e1til elaborada con quinoa de alta calidad. Este superalimento, conocido por sus beneficios nutricionales, es una excelente alternativa a las harinas convencionales, ideal para incorporar a recetas saludables.<\/p>\n<p>Con su sabor suave y ligeramente almendrado, la harina de quinoa puede utilizarse para preparar panes, pasteles, tortitas e incluso como espesante en salsas y sopas.<br \/>\nAdem\u00e1s de no contener gluten por naturaleza, es rica en prote\u00ednas, fibra, vitaminas y minerales, ofreciendo un perfil nutricional completo para quienes buscan una dieta equilibrada.<\/p>\n<p><strong>Principales ventajas:<\/strong><\/p>\n<ul>\n<li><strong>Rica en prote\u00ednas vegetales:<\/strong> La quinoa es una excelente fuente de prote\u00ednas completas, que contiene todos los amino\u00e1cidos esenciales, lo que la hace ideal para vegetarianos y veganos.<\/li>\n<li><strong>Sin gluten:<\/strong> Naturalmente sin gluten, es perfecto para las personas con intolerancia al gluten o que siguen una dieta sin gluten.<\/li>\n<li><strong>Fuente de fibra:<\/strong> la harina de quinoa es rica en fibra, que ayuda a mejorar la digesti\u00f3n y favorece un tr\u00e1nsito intestinal saludable.<\/li>\n<li><strong>Rica en vitaminas y minerales:<\/strong> Contiene una buena cantidad de hierro, magnesio, f\u00f3sforo y vitaminas del grupo B, esenciales para el buen funcionamiento del organismo.<\/li>\n<li><strong>Bajo \u00edndice gluc\u00e9mico:<\/strong> Ayuda a mantener bajo control los niveles de az\u00facar en sangre y es ideal para quienes buscan una dieta de bajo \u00edndice gluc\u00e9mico.<\/li>\n<\/ul>\n<p><strong>Adecuado para:<\/strong><\/p>\n<ul>\n<li><strong>Dietas sin gluten:<\/strong> Perfectas para quienes padecen intolerancia al gluten o siguen una dieta sin gluten, sin comprometer el sabor ni la textura de las recetas.<\/li>\n<li><strong>Personas activas:<\/strong> Ideal para quienes necesitan una fuente saludable de energ\u00eda y prote\u00ednas completas para mantener el bienestar f\u00edsico y mental.<\/li>\n<li><strong>Alimentaci\u00f3n sana:<\/strong> Adecuada para quienes buscan alimentos ricos en nutrientes y fibra, que ayuden a mantener una dieta equilibrada y nutritiva.<\/li>\n<li><strong>Cocina vers\u00e1til:<\/strong> Excelente para quienes les gusta experimentar con nuevas recetas y buscan una harina vers\u00e1til y nutritiva para a\u00f1adir sabor y valor nutritivo a sus preparaciones.<\/li>\n<\/ul>\n<p><strong>PRESENTACI\u00d3N<\/strong><\/p>\n<p>300g<\/p>\n<p>&nbsp;<\/p>\n","protected":false},"excerpt":{"rendered":"<p>La harina de quinoa de Biogr\u00e1 es una excelente opci\u00f3n para enriquecer tus recetas con un superalimento nutritivo que ofrece beneficios para la salud [&#8230;]<\/p>\n<p><a class=\"btn btn-secondary understrap-read-more-link\" href=\"https:\/\/www.lifenatura.com\/es\/produto\/harina-integral-de-quinoa-300g-biogra\/\">Leer m\u00e1s&#8230;<span class=\"screen-reader-text\"> from Harina integral de quinoa 300g &#8211; Biogr\u00e1<\/span><\/a><\/p>\n","protected":false},"featured_media":98433,"template":"","meta":{"_acf_changed":false},"product_brand":[8531],"product_cat":[7064,7084,7074],"product_tag":[],"class_list":{"0":"post-98913","1":"product","2":"type-product","3":"status-publish","4":"has-post-thumbnail","6":"product_brand-biogra","7":"product_cat-alimentacion-sana","8":"product_cat-harinas","9":"product_cat-productos-alimenticios","10":"pa_caracteristicas-biologico","11":"pa_caracteristicas-sin-lactosa","12":"pa_caracteristicas-vegano","14":"first","15":"outofstock","16":"shipping-taxable","17":"purchasable","18":"product-type-simple","19":"add-to-wishlist-before_image"},"acf":[],"yoast_head":"<!-- This site is optimized with the Yoast SEO Premium plugin v27.1 (Yoast SEO v27.5) - https:\/\/yoast.com\/product\/yoast-seo-premium-wordpress\/ -->\n<title>Harina integral de quinoa 300g - Biogr\u00e1 - Na Lifenatura ao Melhor Pre\u00e7o | Envio em 48h<\/title>\n<meta name=\"description\" content=\"La harina de quinoa Biogr\u00e1 es una excelente opci\u00f3n para enriquecer tus recetas con un superalimento nutritivo que ofrece beneficios para la salud.\" \/>\n<meta name=\"robots\" content=\"index, follow, max-snippet:-1, max-image-preview:large, max-video-preview:-1\" \/>\n<link rel=\"canonical\" href=\"https:\/\/www.lifenatura.com\/es\/produto\/harina-integral-de-quinoa-300g-biogra\/\" \/>\n<meta property=\"og:locale\" content=\"es_ES\" \/>\n<meta property=\"og:type\" content=\"article\" \/>\n<meta property=\"og:title\" content=\"Harina integral de quinoa 300g - Biogr\u00e1 - Na Lifenatura ao Melhor Pre\u00e7o | Envio 48h\" \/>\n<meta property=\"og:description\" content=\"Compre Harina integral de quinoa 300g - Biogr\u00e1 com envio r\u00e1pido. Entrega em 48h e portes gr\u00e1tis em compras &gt;35\u20ac. Aproveite j\u00e1 na Lifenatura\" \/>\n<meta property=\"og:url\" content=\"https:\/\/www.lifenatura.com\/es\/produto\/harina-integral-de-quinoa-300g-biogra\/\" \/>\n<meta property=\"og:site_name\" content=\"Lifenatura\" \/>\n<meta property=\"article:publisher\" content=\"https:\/\/www.facebook.com\/lifenatura\" \/>\n<meta property=\"article:modified_time\" content=\"2024-09-24T09:45:51+00:00\" \/>\n<meta property=\"og:image\" content=\"https:\/\/www.lifenatura.com\/wp-content\/uploads\/2024\/09\/farinha-quinoa-biogra.jpg\" \/>\n\t<meta property=\"og:image:width\" content=\"1000\" \/>\n\t<meta property=\"og:image:height\" content=\"1000\" \/>\n\t<meta property=\"og:image:type\" content=\"image\/jpeg\" \/>\n<meta name=\"twitter:card\" content=\"summary_large_image\" \/>\n<meta name=\"twitter:label1\" content=\"Precio\" \/>\n\t<meta name=\"twitter:data1\" content=\"4,37&nbsp;&euro;\" \/>\n\t<meta name=\"twitter:label2\" content=\"Disponibilidad\" \/>\n\t<meta name=\"twitter:data2\" content=\"Sin existencias\" \/>\n<script type=\"application\/ld+json\" class=\"yoast-schema-graph\">{\"@context\":\"https:\\\/\\\/schema.org\",\"@graph\":[{\"@type\":\"WebPage\",\"@id\":\"https:\\\/\\\/www.lifenatura.com\\\/es\\\/produto\\\/harina-integral-de-quinoa-300g-biogra\\\/\",\"url\":\"https:\\\/\\\/www.lifenatura.com\\\/es\\\/produto\\\/harina-integral-de-quinoa-300g-biogra\\\/\",\"name\":\"Harina integral de quinoa 300g - Biogr\u00e1 - Na Lifenatura ao Melhor Pre\u00e7o | Envio em 48h\",\"isPartOf\":{\"@id\":\"https:\\\/\\\/www.lifenatura.com\\\/es\\\/#website\"},\"primaryImageOfPage\":{\"@id\":\"https:\\\/\\\/www.lifenatura.com\\\/es\\\/produto\\\/harina-integral-de-quinoa-300g-biogra\\\/#primaryimage\"},\"image\":{\"@id\":\"https:\\\/\\\/www.lifenatura.com\\\/es\\\/produto\\\/harina-integral-de-quinoa-300g-biogra\\\/#primaryimage\"},\"thumbnailUrl\":\"https:\\\/\\\/www.lifenatura.com\\\/wp-content\\\/uploads\\\/2024\\\/09\\\/farinha-quinoa-biogra.jpg\",\"datePublished\":\"2024-09-13T16:14:51+00:00\",\"dateModified\":\"2024-09-24T09:45:51+00:00\",\"description\":\"La harina de quinoa Biogr\u00e1 es una excelente opci\u00f3n para enriquecer tus recetas con un superalimento nutritivo que ofrece beneficios para la salud.\",\"breadcrumb\":{\"@id\":\"https:\\\/\\\/www.lifenatura.com\\\/es\\\/produto\\\/harina-integral-de-quinoa-300g-biogra\\\/#breadcrumb\"},\"inLanguage\":\"es\",\"potentialAction\":[{\"@type\":\"ReadAction\",\"target\":[\"https:\\\/\\\/www.lifenatura.com\\\/es\\\/produto\\\/harina-integral-de-quinoa-300g-biogra\\\/\"]}]},{\"@type\":\"ImageObject\",\"inLanguage\":\"es\",\"@id\":\"https:\\\/\\\/www.lifenatura.com\\\/es\\\/produto\\\/harina-integral-de-quinoa-300g-biogra\\\/#primaryimage\",\"url\":\"https:\\\/\\\/www.lifenatura.com\\\/wp-content\\\/uploads\\\/2024\\\/09\\\/farinha-quinoa-biogra.jpg\",\"contentUrl\":\"https:\\\/\\\/www.lifenatura.com\\\/wp-content\\\/uploads\\\/2024\\\/09\\\/farinha-quinoa-biogra.jpg\",\"width\":1000,\"height\":1000,\"caption\":\"Harina integral de quinoa Biogr\u00e1\"},{\"@type\":\"BreadcrumbList\",\"@id\":\"https:\\\/\\\/www.lifenatura.com\\\/es\\\/produto\\\/harina-integral-de-quinoa-300g-biogra\\\/#breadcrumb\",\"itemListElement\":[{\"@type\":\"ListItem\",\"position\":1,\"name\":\"In\u00edcio\",\"item\":\"https:\\\/\\\/www.lifenatura.com\\\/es\\\/\"},{\"@type\":\"ListItem\",\"position\":2,\"name\":\"Todos los Productos\",\"item\":\"https:\\\/\\\/www.lifenatura.com\\\/es\\\/tienda\\\/\"},{\"@type\":\"ListItem\",\"position\":3,\"name\":\"Harina integral de quinoa 300g &#8211; Biogr\u00e1\"}]},{\"@type\":\"WebSite\",\"@id\":\"https:\\\/\\\/www.lifenatura.com\\\/es\\\/#website\",\"url\":\"https:\\\/\\\/www.lifenatura.com\\\/es\\\/\",\"name\":\"Lifenatura\",\"description\":\"A Lifenatura \u00e9 uma loja de produtos naturais, cosm\u00e9tica natural e alimenta\u00e7\u00e3o Biol\u00f3gica.\",\"publisher\":{\"@id\":\"https:\\\/\\\/www.lifenatura.com\\\/es\\\/#organization\"},\"potentialAction\":[{\"@type\":\"SearchAction\",\"target\":{\"@type\":\"EntryPoint\",\"urlTemplate\":\"https:\\\/\\\/www.lifenatura.com\\\/es\\\/?s={search_term_string}\"},\"query-input\":{\"@type\":\"PropertyValueSpecification\",\"valueRequired\":true,\"valueName\":\"search_term_string\"}}],\"inLanguage\":\"es\"},{\"@type\":\"Organization\",\"@id\":\"https:\\\/\\\/www.lifenatura.com\\\/es\\\/#organization\",\"name\":\"Lifenatura\",\"url\":\"https:\\\/\\\/www.lifenatura.com\\\/es\\\/\",\"logo\":{\"@type\":\"ImageObject\",\"inLanguage\":\"es\",\"@id\":\"https:\\\/\\\/www.lifenatura.com\\\/es\\\/#\\\/schema\\\/logo\\\/image\\\/\",\"url\":\"https:\\\/\\\/www.lifenatura.com\\\/wp-content\\\/uploads\\\/2021\\\/07\\\/logo.png\",\"contentUrl\":\"https:\\\/\\\/www.lifenatura.com\\\/wp-content\\\/uploads\\\/2021\\\/07\\\/logo.png\",\"width\":175,\"height\":55,\"caption\":\"Lifenatura\"},\"image\":{\"@id\":\"https:\\\/\\\/www.lifenatura.com\\\/es\\\/#\\\/schema\\\/logo\\\/image\\\/\"},\"sameAs\":[\"https:\\\/\\\/www.facebook.com\\\/lifenatura\",\"https:\\\/\\\/www.instagram.com\\\/lifenaturapt\\\/\"],\"hasMerchantReturnPolicy\":{\"@type\":\"MerchantReturnPolicy\",\"merchantReturnLink\":\"https:\\\/\\\/www.lifenatura.com\\\/termos-condicoes-lifenatura\\\/\"}}]}<\/script>\n<meta property=\"product:price:amount\" content=\"4.37\" \/>\n<meta property=\"product:price:currency\" content=\"EUR\" \/>\n<meta property=\"og:availability\" content=\"out of stock\" \/>\n<meta property=\"product:availability\" content=\"out of stock\" \/>\n<meta property=\"product:retailer_item_id\" content=\"8426904173275\" \/>\n<meta property=\"product:condition\" content=\"new\" \/>\n<!-- \/ Yoast SEO Premium plugin. -->","yoast_head_json":{"title":"Harina integral de quinoa 300g - Biogr\u00e1 - Na Lifenatura ao Melhor Pre\u00e7o | Envio em 48h","description":"La harina de quinoa Biogr\u00e1 es una excelente opci\u00f3n para enriquecer tus recetas con un superalimento nutritivo que ofrece beneficios para la salud.","robots":{"index":"index","follow":"follow","max-snippet":"max-snippet:-1","max-image-preview":"max-image-preview:large","max-video-preview":"max-video-preview:-1"},"canonical":"https:\/\/www.lifenatura.com\/es\/produto\/harina-integral-de-quinoa-300g-biogra\/","og_locale":"es_ES","og_type":"article","og_title":"Harina integral de quinoa 300g - Biogr\u00e1 - Na Lifenatura ao Melhor Pre\u00e7o | Envio 48h","og_description":"Compre Harina integral de quinoa 300g - Biogr\u00e1 com envio r\u00e1pido. Entrega em 48h e portes gr\u00e1tis em compras >35\u20ac. Aproveite j\u00e1 na Lifenatura","og_url":"https:\/\/www.lifenatura.com\/es\/produto\/harina-integral-de-quinoa-300g-biogra\/","og_site_name":"Lifenatura","article_publisher":"https:\/\/www.facebook.com\/lifenatura","article_modified_time":"2024-09-24T09:45:51+00:00","og_image":[{"width":1000,"height":1000,"url":"https:\/\/www.lifenatura.com\/wp-content\/uploads\/2024\/09\/farinha-quinoa-biogra.jpg","type":"image\/jpeg"}],"twitter_card":"summary_large_image","twitter_misc":{"Precio":"4,37&nbsp;&euro;","Disponibilidad":"Sin existencias"},"schema":{"@context":"https:\/\/schema.org","@graph":[{"@type":"WebPage","@id":"https:\/\/www.lifenatura.com\/es\/produto\/harina-integral-de-quinoa-300g-biogra\/","url":"https:\/\/www.lifenatura.com\/es\/produto\/harina-integral-de-quinoa-300g-biogra\/","name":"Harina integral de quinoa 300g - Biogr\u00e1 - Na Lifenatura ao Melhor Pre\u00e7o | Envio em 48h","isPartOf":{"@id":"https:\/\/www.lifenatura.com\/es\/#website"},"primaryImageOfPage":{"@id":"https:\/\/www.lifenatura.com\/es\/produto\/harina-integral-de-quinoa-300g-biogra\/#primaryimage"},"image":{"@id":"https:\/\/www.lifenatura.com\/es\/produto\/harina-integral-de-quinoa-300g-biogra\/#primaryimage"},"thumbnailUrl":"https:\/\/www.lifenatura.com\/wp-content\/uploads\/2024\/09\/farinha-quinoa-biogra.jpg","datePublished":"2024-09-13T16:14:51+00:00","dateModified":"2024-09-24T09:45:51+00:00","description":"La harina de quinoa Biogr\u00e1 es una excelente opci\u00f3n para enriquecer tus recetas con un superalimento nutritivo que ofrece beneficios para la salud.","breadcrumb":{"@id":"https:\/\/www.lifenatura.com\/es\/produto\/harina-integral-de-quinoa-300g-biogra\/#breadcrumb"},"inLanguage":"es","potentialAction":[{"@type":"ReadAction","target":["https:\/\/www.lifenatura.com\/es\/produto\/harina-integral-de-quinoa-300g-biogra\/"]}]},{"@type":"ImageObject","inLanguage":"es","@id":"https:\/\/www.lifenatura.com\/es\/produto\/harina-integral-de-quinoa-300g-biogra\/#primaryimage","url":"https:\/\/www.lifenatura.com\/wp-content\/uploads\/2024\/09\/farinha-quinoa-biogra.jpg","contentUrl":"https:\/\/www.lifenatura.com\/wp-content\/uploads\/2024\/09\/farinha-quinoa-biogra.jpg","width":1000,"height":1000,"caption":"Harina integral de quinoa Biogr\u00e1"},{"@type":"BreadcrumbList","@id":"https:\/\/www.lifenatura.com\/es\/produto\/harina-integral-de-quinoa-300g-biogra\/#breadcrumb","itemListElement":[{"@type":"ListItem","position":1,"name":"In\u00edcio","item":"https:\/\/www.lifenatura.com\/es\/"},{"@type":"ListItem","position":2,"name":"Todos los Productos","item":"https:\/\/www.lifenatura.com\/es\/tienda\/"},{"@type":"ListItem","position":3,"name":"Harina integral de quinoa 300g &#8211; Biogr\u00e1"}]},{"@type":"WebSite","@id":"https:\/\/www.lifenatura.com\/es\/#website","url":"https:\/\/www.lifenatura.com\/es\/","name":"Lifenatura","description":"A Lifenatura \u00e9 uma loja de produtos naturais, cosm\u00e9tica natural e alimenta\u00e7\u00e3o Biol\u00f3gica.","publisher":{"@id":"https:\/\/www.lifenatura.com\/es\/#organization"},"potentialAction":[{"@type":"SearchAction","target":{"@type":"EntryPoint","urlTemplate":"https:\/\/www.lifenatura.com\/es\/?s={search_term_string}"},"query-input":{"@type":"PropertyValueSpecification","valueRequired":true,"valueName":"search_term_string"}}],"inLanguage":"es"},{"@type":"Organization","@id":"https:\/\/www.lifenatura.com\/es\/#organization","name":"Lifenatura","url":"https:\/\/www.lifenatura.com\/es\/","logo":{"@type":"ImageObject","inLanguage":"es","@id":"https:\/\/www.lifenatura.com\/es\/#\/schema\/logo\/image\/","url":"https:\/\/www.lifenatura.com\/wp-content\/uploads\/2021\/07\/logo.png","contentUrl":"https:\/\/www.lifenatura.com\/wp-content\/uploads\/2021\/07\/logo.png","width":175,"height":55,"caption":"Lifenatura"},"image":{"@id":"https:\/\/www.lifenatura.com\/es\/#\/schema\/logo\/image\/"},"sameAs":["https:\/\/www.facebook.com\/lifenatura","https:\/\/www.instagram.com\/lifenaturapt\/"],"hasMerchantReturnPolicy":{"@type":"MerchantReturnPolicy","merchantReturnLink":"https:\/\/www.lifenatura.com\/termos-condicoes-lifenatura\/"}}]},"product_price_amount":"4.37","product_price_currency":"EUR","og_availability":"out of stock","product_availability":"out of stock","product_retailer_item_id":"8426904173275","product_condition":"new"},"df_price":4.37,"df_sale_price":"","df_regular_price":4.37,"df_image_link":"https:\/\/www.lifenatura.com\/wp-content\/uploads\/2024\/09\/farinha-quinoa-biogra-300x300.jpg","_links":{"self":[{"href":"https:\/\/www.lifenatura.com\/es\/wp-json\/wp\/v2\/product\/98913","targetHints":{"allow":["GET"]}}],"collection":[{"href":"https:\/\/www.lifenatura.com\/es\/wp-json\/wp\/v2\/product"}],"about":[{"href":"https:\/\/www.lifenatura.com\/es\/wp-json\/wp\/v2\/types\/product"}],"wp:featuredmedia":[{"embeddable":true,"href":"https:\/\/www.lifenatura.com\/es\/wp-json\/wp\/v2\/media\/98433"}],"wp:attachment":[{"href":"https:\/\/www.lifenatura.com\/es\/wp-json\/wp\/v2\/media?parent=98913"}],"wp:term":[{"taxonomy":"product_brand","embeddable":true,"href":"https:\/\/www.lifenatura.com\/es\/wp-json\/wp\/v2\/product_brand?post=98913"},{"taxonomy":"product_cat","embeddable":true,"href":"https:\/\/www.lifenatura.com\/es\/wp-json\/wp\/v2\/product_cat?post=98913"},{"taxonomy":"product_tag","embeddable":true,"href":"https:\/\/www.lifenatura.com\/es\/wp-json\/wp\/v2\/product_tag?post=98913"}],"curies":[{"name":"wp","href":"https:\/\/api.w.org\/{rel}","templated":true}]}}