{"id":98905,"date":"2024-09-12T13:11:04","date_gmt":"2024-09-12T13:11:04","guid":{"rendered":"https:\/\/www.lifenatura.com\/produto\/harina-de-algarroba-ecologica-sin-gluten-500g-naturgreen\/"},"modified":"2024-09-23T10:29:15","modified_gmt":"2024-09-23T10:29:15","slug":"harina-de-algarroba-ecologica-sin-gluten-500g-naturgreen","status":"publish","type":"product","link":"https:\/\/www.lifenatura.com\/es\/produto\/harina-de-algarroba-ecologica-sin-gluten-500g-naturgreen\/","title":{"rendered":"Harina de Algarroba Ecol\u00f3gica sin gluten 500g &#8211; Naturgreen"},"content":{"rendered":"<h2 style=\"text-align: left;\"><strong>Harina de algarroba ecol\u00f3gica y sin gluten<\/strong><\/h2>\n<p>&nbsp;<\/p>\n<p>La harina de algarroba de NaturGreen es una alternativa saludable al cacao, ideal para quienes buscan una opci\u00f3n natural y nutritiva para a\u00f1adir a sus recetas.<\/p>\n<p>Esta harina se obtiene de la vaina de la algarroba, un fruto rico en fibra y con un sabor naturalmente dulce y achocolatado.<\/p>\n<p>Es perfecta para sustituir al cacao o a las harinas tradicionales en recetas de pasteles, panes, galletas o postres, ya que ofrece un toque de dulzor natural sin necesidad de a\u00f1adir az\u00facar, y no contiene gluten.<\/p>\n<p><strong>Principales ventajas:<\/strong><\/p>\n<ul>\n<li><strong>Rica en fibra:<\/strong> la harina de algarroba es una excelente fuente de fibra alimentaria, que ayuda a regular el tr\u00e1nsito intestinal y a mejorar la digesti\u00f3n.<\/li>\n<li><strong>Sin gluten:<\/strong> Ideal para quienes siguen una dieta sin gluten o son intolerantes, es una alternativa segura y saludable para muchas recetas.<\/li>\n<li><strong>Bajo en grasa:<\/strong> Contiene menos <strong>grasa<\/strong> que el cacao, lo que lo convierte en una opci\u00f3n m\u00e1s ligera y saludable para las recetas dulces.<\/li>\n<li><strong>Naturalmente dulce:<\/strong> Gracias a su sabor naturalmente dulce, puedes reducir o eliminar la necesidad de a\u00f1adir az\u00facar a tus preparaciones culinarias.<\/li>\n<li><strong>Fuente de minerales y vitaminas:<\/strong> rica en calcio, hierro y magnesio, esta harina contribuye a la salud \u00f3sea y general del organismo.<\/li>\n<\/ul>\n<p><strong>Adecuado para:<\/strong><\/p>\n<ul>\n<li><strong>Sustitutivo del<\/strong> cacao<strong>:<\/strong> Ideal para quienes buscan una alternativa al cacao, sobre todo para reducir el contenido en grasa y evitar estimulantes como la cafe\u00edna.<\/li>\n<li><strong>Dietas sin gluten:<\/strong> Perfectas para personas con intolerancia al gluten o que siguen una dieta sin gluten, manteniendo el sabor y la textura en las recetas.<\/li>\n<li><strong>Recetas saludables:<\/strong> Adecuadas para quienes desean preparar postres y tentempi\u00e9s m\u00e1s sanos, utilizando una harina nutritiva sin aditivos artificiales.<\/li>\n<li><strong>Reducir el az\u00facar en la dieta:<\/strong> Adecuado para quienes desean reducir el az\u00facar a\u00f1adido en las recetas, gracias al sabor naturalmente dulce de la algarroba.<\/li>\n<\/ul>\n<p><strong>PRESENTACI\u00d3N<\/strong><\/p>\n<p>500g<\/p>\n<p>&nbsp;<\/p>\n","protected":false},"excerpt":{"rendered":"<p>La Harina de Algarroba NaturGreen es una excelente opci\u00f3n para a\u00f1adir valor nutritivo a tus recetas de forma sabrosa y saludable. [&#8230;]<\/p>\n<p><a class=\"btn btn-secondary understrap-read-more-link\" href=\"https:\/\/www.lifenatura.com\/es\/produto\/harina-de-algarroba-ecologica-sin-gluten-500g-naturgreen\/\">Leer m\u00e1s&#8230;<span class=\"screen-reader-text\"> from Harina de Algarroba Ecol\u00f3gica sin gluten 500g &#8211; Naturgreen<\/span><\/a><\/p>\n","protected":false},"featured_media":98337,"template":"","meta":{"_acf_changed":false},"product_brand":[8344],"product_cat":[7064,7084,7074],"product_tag":[],"class_list":{"0":"post-98905","1":"product","2":"type-product","3":"status-publish","4":"has-post-thumbnail","6":"product_brand-naturgreen-es","7":"product_cat-alimentacion-sana","8":"product_cat-harinas","9":"product_cat-productos-alimenticios","10":"pa_caracteristicas-biologico","11":"pa_caracteristicas-sin-gluten","12":"pa_caracteristicas-vegano","14":"first","15":"instock","16":"shipping-taxable","17":"purchasable","18":"product-type-simple","19":"add-to-wishlist-before_image"},"acf":[],"yoast_head":"<!-- This site is optimized with the Yoast SEO Premium plugin v27.1 (Yoast SEO v27.5) - https:\/\/yoast.com\/product\/yoast-seo-premium-wordpress\/ -->\n<title>Harina de Algarroba Ecol\u00f3gica sin gluten 500g - Naturgreen - Na Lifenatura ao Melhor Pre\u00e7o | Envio em 48h<\/title>\n<meta name=\"description\" content=\"La Harina de Algarroba NaturGreen es una excelente opci\u00f3n para a\u00f1adir valor nutritivo a tus recetas de forma sabrosa y saludable.\" \/>\n<meta name=\"robots\" content=\"index, follow, max-snippet:-1, max-image-preview:large, max-video-preview:-1\" \/>\n<link rel=\"canonical\" href=\"https:\/\/www.lifenatura.com\/es\/produto\/harina-de-algarroba-ecologica-sin-gluten-500g-naturgreen\/\" \/>\n<meta property=\"og:locale\" content=\"es_ES\" \/>\n<meta property=\"og:type\" content=\"article\" \/>\n<meta property=\"og:title\" content=\"Harina de Algarroba Ecol\u00f3gica sin gluten 500g - Naturgreen - Na Lifenatura ao Melhor Pre\u00e7o | Envio 48h\" \/>\n<meta property=\"og:description\" content=\"Compre Harina de Algarroba Ecol\u00f3gica sin gluten 500g - Naturgreen com envio r\u00e1pido. Entrega em 48h e portes gr\u00e1tis em compras &gt;35\u20ac. Aproveite j\u00e1 na Lifenatura\" \/>\n<meta property=\"og:url\" content=\"https:\/\/www.lifenatura.com\/es\/produto\/harina-de-algarroba-ecologica-sin-gluten-500g-naturgreen\/\" \/>\n<meta property=\"og:site_name\" content=\"Lifenatura\" \/>\n<meta property=\"article:publisher\" content=\"https:\/\/www.facebook.com\/lifenatura\" \/>\n<meta property=\"article:modified_time\" content=\"2024-09-23T10:29:15+00:00\" \/>\n<meta property=\"og:image\" content=\"https:\/\/www.lifenatura.com\/wp-content\/uploads\/2024\/09\/farinha-alfarroba-500g-naturgreen.jpg\" \/>\n\t<meta property=\"og:image:width\" content=\"1000\" \/>\n\t<meta property=\"og:image:height\" content=\"1000\" \/>\n\t<meta property=\"og:image:type\" content=\"image\/jpeg\" \/>\n<meta name=\"twitter:card\" content=\"summary_large_image\" \/>\n<meta name=\"twitter:label1\" content=\"Precio\" \/>\n\t<meta name=\"twitter:data1\" content=\"9,06&nbsp;&euro;\" \/>\n\t<meta name=\"twitter:label2\" content=\"Disponibilidad\" \/>\n\t<meta name=\"twitter:data2\" content=\"Disponible\" \/>\n<script type=\"application\/ld+json\" class=\"yoast-schema-graph\">{\"@context\":\"https:\\\/\\\/schema.org\",\"@graph\":[{\"@type\":\"WebPage\",\"@id\":\"https:\\\/\\\/www.lifenatura.com\\\/es\\\/produto\\\/harina-de-algarroba-ecologica-sin-gluten-500g-naturgreen\\\/\",\"url\":\"https:\\\/\\\/www.lifenatura.com\\\/es\\\/produto\\\/harina-de-algarroba-ecologica-sin-gluten-500g-naturgreen\\\/\",\"name\":\"Harina de Algarroba Ecol\u00f3gica sin gluten 500g - Naturgreen - Na Lifenatura ao Melhor Pre\u00e7o | Envio em 48h\",\"isPartOf\":{\"@id\":\"https:\\\/\\\/www.lifenatura.com\\\/es\\\/#website\"},\"primaryImageOfPage\":{\"@id\":\"https:\\\/\\\/www.lifenatura.com\\\/es\\\/produto\\\/harina-de-algarroba-ecologica-sin-gluten-500g-naturgreen\\\/#primaryimage\"},\"image\":{\"@id\":\"https:\\\/\\\/www.lifenatura.com\\\/es\\\/produto\\\/harina-de-algarroba-ecologica-sin-gluten-500g-naturgreen\\\/#primaryimage\"},\"thumbnailUrl\":\"https:\\\/\\\/www.lifenatura.com\\\/wp-content\\\/uploads\\\/2024\\\/09\\\/farinha-alfarroba-500g-naturgreen.jpg\",\"datePublished\":\"2024-09-12T13:11:04+00:00\",\"dateModified\":\"2024-09-23T10:29:15+00:00\",\"description\":\"La Harina de Algarroba NaturGreen es una excelente opci\u00f3n para a\u00f1adir valor nutritivo a tus recetas de forma sabrosa y saludable.\",\"breadcrumb\":{\"@id\":\"https:\\\/\\\/www.lifenatura.com\\\/es\\\/produto\\\/harina-de-algarroba-ecologica-sin-gluten-500g-naturgreen\\\/#breadcrumb\"},\"inLanguage\":\"es\",\"potentialAction\":[{\"@type\":\"ReadAction\",\"target\":[\"https:\\\/\\\/www.lifenatura.com\\\/es\\\/produto\\\/harina-de-algarroba-ecologica-sin-gluten-500g-naturgreen\\\/\"]}]},{\"@type\":\"ImageObject\",\"inLanguage\":\"es\",\"@id\":\"https:\\\/\\\/www.lifenatura.com\\\/es\\\/produto\\\/harina-de-algarroba-ecologica-sin-gluten-500g-naturgreen\\\/#primaryimage\",\"url\":\"https:\\\/\\\/www.lifenatura.com\\\/wp-content\\\/uploads\\\/2024\\\/09\\\/farinha-alfarroba-500g-naturgreen.jpg\",\"contentUrl\":\"https:\\\/\\\/www.lifenatura.com\\\/wp-content\\\/uploads\\\/2024\\\/09\\\/farinha-alfarroba-500g-naturgreen.jpg\",\"width\":1000,\"height\":1000,\"caption\":\"Naturgreen Harina de Algarroba\"},{\"@type\":\"BreadcrumbList\",\"@id\":\"https:\\\/\\\/www.lifenatura.com\\\/es\\\/produto\\\/harina-de-algarroba-ecologica-sin-gluten-500g-naturgreen\\\/#breadcrumb\",\"itemListElement\":[{\"@type\":\"ListItem\",\"position\":1,\"name\":\"In\u00edcio\",\"item\":\"https:\\\/\\\/www.lifenatura.com\\\/es\\\/\"},{\"@type\":\"ListItem\",\"position\":2,\"name\":\"Todos los Productos\",\"item\":\"https:\\\/\\\/www.lifenatura.com\\\/es\\\/tienda\\\/\"},{\"@type\":\"ListItem\",\"position\":3,\"name\":\"Harina de Algarroba Ecol\u00f3gica sin gluten 500g &#8211; Naturgreen\"}]},{\"@type\":\"WebSite\",\"@id\":\"https:\\\/\\\/www.lifenatura.com\\\/es\\\/#website\",\"url\":\"https:\\\/\\\/www.lifenatura.com\\\/es\\\/\",\"name\":\"Lifenatura\",\"description\":\"A Lifenatura \u00e9 uma loja de produtos naturais, cosm\u00e9tica natural e alimenta\u00e7\u00e3o Biol\u00f3gica.\",\"publisher\":{\"@id\":\"https:\\\/\\\/www.lifenatura.com\\\/es\\\/#organization\"},\"potentialAction\":[{\"@type\":\"SearchAction\",\"target\":{\"@type\":\"EntryPoint\",\"urlTemplate\":\"https:\\\/\\\/www.lifenatura.com\\\/es\\\/?s={search_term_string}\"},\"query-input\":{\"@type\":\"PropertyValueSpecification\",\"valueRequired\":true,\"valueName\":\"search_term_string\"}}],\"inLanguage\":\"es\"},{\"@type\":\"Organization\",\"@id\":\"https:\\\/\\\/www.lifenatura.com\\\/es\\\/#organization\",\"name\":\"Lifenatura\",\"url\":\"https:\\\/\\\/www.lifenatura.com\\\/es\\\/\",\"logo\":{\"@type\":\"ImageObject\",\"inLanguage\":\"es\",\"@id\":\"https:\\\/\\\/www.lifenatura.com\\\/es\\\/#\\\/schema\\\/logo\\\/image\\\/\",\"url\":\"https:\\\/\\\/www.lifenatura.com\\\/wp-content\\\/uploads\\\/2021\\\/07\\\/logo.png\",\"contentUrl\":\"https:\\\/\\\/www.lifenatura.com\\\/wp-content\\\/uploads\\\/2021\\\/07\\\/logo.png\",\"width\":175,\"height\":55,\"caption\":\"Lifenatura\"},\"image\":{\"@id\":\"https:\\\/\\\/www.lifenatura.com\\\/es\\\/#\\\/schema\\\/logo\\\/image\\\/\"},\"sameAs\":[\"https:\\\/\\\/www.facebook.com\\\/lifenatura\",\"https:\\\/\\\/www.instagram.com\\\/lifenaturapt\\\/\"],\"hasMerchantReturnPolicy\":{\"@type\":\"MerchantReturnPolicy\",\"merchantReturnLink\":\"https:\\\/\\\/www.lifenatura.com\\\/termos-condicoes-lifenatura\\\/\"}}]}<\/script>\n<meta property=\"product:price:amount\" content=\"9.06\" \/>\n<meta property=\"product:price:currency\" content=\"EUR\" \/>\n<meta property=\"og:availability\" content=\"instock\" \/>\n<meta property=\"product:availability\" content=\"instock\" \/>\n<meta property=\"product:retailer_item_id\" content=\"8436542196239\" \/>\n<meta property=\"product:condition\" content=\"new\" \/>\n<!-- \/ Yoast SEO Premium plugin. -->","yoast_head_json":{"title":"Harina de Algarroba Ecol\u00f3gica sin gluten 500g - Naturgreen - Na Lifenatura ao Melhor Pre\u00e7o | Envio em 48h","description":"La Harina de Algarroba NaturGreen es una excelente opci\u00f3n para a\u00f1adir valor nutritivo a tus recetas de forma sabrosa y saludable.","robots":{"index":"index","follow":"follow","max-snippet":"max-snippet:-1","max-image-preview":"max-image-preview:large","max-video-preview":"max-video-preview:-1"},"canonical":"https:\/\/www.lifenatura.com\/es\/produto\/harina-de-algarroba-ecologica-sin-gluten-500g-naturgreen\/","og_locale":"es_ES","og_type":"article","og_title":"Harina de Algarroba Ecol\u00f3gica sin gluten 500g - Naturgreen - Na Lifenatura ao Melhor Pre\u00e7o | Envio 48h","og_description":"Compre Harina de Algarroba Ecol\u00f3gica sin gluten 500g - Naturgreen com envio r\u00e1pido. Entrega em 48h e portes gr\u00e1tis em compras >35\u20ac. Aproveite j\u00e1 na Lifenatura","og_url":"https:\/\/www.lifenatura.com\/es\/produto\/harina-de-algarroba-ecologica-sin-gluten-500g-naturgreen\/","og_site_name":"Lifenatura","article_publisher":"https:\/\/www.facebook.com\/lifenatura","article_modified_time":"2024-09-23T10:29:15+00:00","og_image":[{"width":1000,"height":1000,"url":"https:\/\/www.lifenatura.com\/wp-content\/uploads\/2024\/09\/farinha-alfarroba-500g-naturgreen.jpg","type":"image\/jpeg"}],"twitter_card":"summary_large_image","twitter_misc":{"Precio":"9,06&nbsp;&euro;","Disponibilidad":"Disponible"},"schema":{"@context":"https:\/\/schema.org","@graph":[{"@type":"WebPage","@id":"https:\/\/www.lifenatura.com\/es\/produto\/harina-de-algarroba-ecologica-sin-gluten-500g-naturgreen\/","url":"https:\/\/www.lifenatura.com\/es\/produto\/harina-de-algarroba-ecologica-sin-gluten-500g-naturgreen\/","name":"Harina de Algarroba Ecol\u00f3gica sin gluten 500g - Naturgreen - Na Lifenatura ao Melhor Pre\u00e7o | Envio em 48h","isPartOf":{"@id":"https:\/\/www.lifenatura.com\/es\/#website"},"primaryImageOfPage":{"@id":"https:\/\/www.lifenatura.com\/es\/produto\/harina-de-algarroba-ecologica-sin-gluten-500g-naturgreen\/#primaryimage"},"image":{"@id":"https:\/\/www.lifenatura.com\/es\/produto\/harina-de-algarroba-ecologica-sin-gluten-500g-naturgreen\/#primaryimage"},"thumbnailUrl":"https:\/\/www.lifenatura.com\/wp-content\/uploads\/2024\/09\/farinha-alfarroba-500g-naturgreen.jpg","datePublished":"2024-09-12T13:11:04+00:00","dateModified":"2024-09-23T10:29:15+00:00","description":"La Harina de Algarroba NaturGreen es una excelente opci\u00f3n para a\u00f1adir valor nutritivo a tus recetas de forma sabrosa y saludable.","breadcrumb":{"@id":"https:\/\/www.lifenatura.com\/es\/produto\/harina-de-algarroba-ecologica-sin-gluten-500g-naturgreen\/#breadcrumb"},"inLanguage":"es","potentialAction":[{"@type":"ReadAction","target":["https:\/\/www.lifenatura.com\/es\/produto\/harina-de-algarroba-ecologica-sin-gluten-500g-naturgreen\/"]}]},{"@type":"ImageObject","inLanguage":"es","@id":"https:\/\/www.lifenatura.com\/es\/produto\/harina-de-algarroba-ecologica-sin-gluten-500g-naturgreen\/#primaryimage","url":"https:\/\/www.lifenatura.com\/wp-content\/uploads\/2024\/09\/farinha-alfarroba-500g-naturgreen.jpg","contentUrl":"https:\/\/www.lifenatura.com\/wp-content\/uploads\/2024\/09\/farinha-alfarroba-500g-naturgreen.jpg","width":1000,"height":1000,"caption":"Naturgreen Harina de Algarroba"},{"@type":"BreadcrumbList","@id":"https:\/\/www.lifenatura.com\/es\/produto\/harina-de-algarroba-ecologica-sin-gluten-500g-naturgreen\/#breadcrumb","itemListElement":[{"@type":"ListItem","position":1,"name":"In\u00edcio","item":"https:\/\/www.lifenatura.com\/es\/"},{"@type":"ListItem","position":2,"name":"Todos los Productos","item":"https:\/\/www.lifenatura.com\/es\/tienda\/"},{"@type":"ListItem","position":3,"name":"Harina de Algarroba Ecol\u00f3gica sin gluten 500g &#8211; Naturgreen"}]},{"@type":"WebSite","@id":"https:\/\/www.lifenatura.com\/es\/#website","url":"https:\/\/www.lifenatura.com\/es\/","name":"Lifenatura","description":"A Lifenatura \u00e9 uma loja de produtos naturais, cosm\u00e9tica natural e alimenta\u00e7\u00e3o Biol\u00f3gica.","publisher":{"@id":"https:\/\/www.lifenatura.com\/es\/#organization"},"potentialAction":[{"@type":"SearchAction","target":{"@type":"EntryPoint","urlTemplate":"https:\/\/www.lifenatura.com\/es\/?s={search_term_string}"},"query-input":{"@type":"PropertyValueSpecification","valueRequired":true,"valueName":"search_term_string"}}],"inLanguage":"es"},{"@type":"Organization","@id":"https:\/\/www.lifenatura.com\/es\/#organization","name":"Lifenatura","url":"https:\/\/www.lifenatura.com\/es\/","logo":{"@type":"ImageObject","inLanguage":"es","@id":"https:\/\/www.lifenatura.com\/es\/#\/schema\/logo\/image\/","url":"https:\/\/www.lifenatura.com\/wp-content\/uploads\/2021\/07\/logo.png","contentUrl":"https:\/\/www.lifenatura.com\/wp-content\/uploads\/2021\/07\/logo.png","width":175,"height":55,"caption":"Lifenatura"},"image":{"@id":"https:\/\/www.lifenatura.com\/es\/#\/schema\/logo\/image\/"},"sameAs":["https:\/\/www.facebook.com\/lifenatura","https:\/\/www.instagram.com\/lifenaturapt\/"],"hasMerchantReturnPolicy":{"@type":"MerchantReturnPolicy","merchantReturnLink":"https:\/\/www.lifenatura.com\/termos-condicoes-lifenatura\/"}}]},"product_price_amount":"9.06","product_price_currency":"EUR","og_availability":"instock","product_availability":"instock","product_retailer_item_id":"8436542196239","product_condition":"new"},"df_price":9.06,"df_sale_price":"","df_regular_price":9.06,"df_image_link":"https:\/\/www.lifenatura.com\/wp-content\/uploads\/2024\/09\/farinha-alfarroba-500g-naturgreen-300x300.jpg","_links":{"self":[{"href":"https:\/\/www.lifenatura.com\/es\/wp-json\/wp\/v2\/product\/98905","targetHints":{"allow":["GET"]}}],"collection":[{"href":"https:\/\/www.lifenatura.com\/es\/wp-json\/wp\/v2\/product"}],"about":[{"href":"https:\/\/www.lifenatura.com\/es\/wp-json\/wp\/v2\/types\/product"}],"wp:featuredmedia":[{"embeddable":true,"href":"https:\/\/www.lifenatura.com\/es\/wp-json\/wp\/v2\/media\/98337"}],"wp:attachment":[{"href":"https:\/\/www.lifenatura.com\/es\/wp-json\/wp\/v2\/media?parent=98905"}],"wp:term":[{"taxonomy":"product_brand","embeddable":true,"href":"https:\/\/www.lifenatura.com\/es\/wp-json\/wp\/v2\/product_brand?post=98905"},{"taxonomy":"product_cat","embeddable":true,"href":"https:\/\/www.lifenatura.com\/es\/wp-json\/wp\/v2\/product_cat?post=98905"},{"taxonomy":"product_tag","embeddable":true,"href":"https:\/\/www.lifenatura.com\/es\/wp-json\/wp\/v2\/product_tag?post=98905"}],"curies":[{"name":"wp","href":"https:\/\/api.w.org\/{rel}","templated":true}]}}