{"id":98275,"date":"2024-09-11T09:15:42","date_gmt":"2024-09-11T09:15:42","guid":{"rendered":"https:\/\/www.lifenatura.com\/produto\/galletas-de-salvado-de-trigo-sanavi\/"},"modified":"2024-09-11T10:34:59","modified_gmt":"2024-09-11T10:34:59","slug":"galletas-de-salvado-de-trigo-sanavi","status":"publish","type":"product","link":"https:\/\/www.lifenatura.com\/es\/produto\/galletas-de-salvado-de-trigo-sanavi\/","title":{"rendered":"Galletas de salvado de trigo &#8211; Sanavi"},"content":{"rendered":"<h2 style=\"text-align: left;\"><strong>Galletas de salvado de trigo con fructosa a\u00f1adida<\/strong><\/h2>\n<p>&nbsp;<\/p>\n<p>Las Galletas de Salvado de Trigo Sanavi son una opci\u00f3n excelente para quien busque un tentempi\u00e9 sano, nutritivo y rico en fibra.<\/p>\n<p>Hechas con salvado de trigo integral, estas galletas ayudan a promover la salud digestiva y proporcionan una sensaci\u00f3n de saciedad prolongada.<br \/>\nCon su textura crujiente y sabor natural, son perfectas para el desayuno, la merienda o en cualquier momento del d\u00eda.<\/p>\n<p>Estas galletas son ideales para quienes valoran una dieta equilibrada y rica en nutrientes.<\/p>\n<p><strong>Principales ventajas:<\/strong><\/p>\n<ul>\n<li><strong>Rico en fibra:<\/strong> El salvado de trigo es una fuente natural de fibra que ayuda a mejorar la digesti\u00f3n y a regular el tr\u00e1nsito intestinal.<\/li>\n<li><strong>Sensaci\u00f3n de saciedad:<\/strong> La elevada cantidad de fibra proporciona una sensaci\u00f3n de saciedad m\u00e1s duradera, ayudando a controlar el apetito.<\/li>\n<li><strong>Ingredientes naturales:<\/strong> Elaborados con ingredientes de calidad, sin conservantes ni aditivos artificiales, garantizando una opci\u00f3n m\u00e1s saludable.<\/li>\n<li><strong>Apoyo digestivo:<\/strong> Perfecto para quienes desean mantener una digesti\u00f3n sana y prevenir problemas como el estre\u00f1imiento.<\/li>\n<li><strong>Bajo en az\u00facares y grasas:<\/strong> Una alternativa sana y nutritiva a los aperitivos procesados, sin az\u00facares refinados ni grasas saturadas.<\/li>\n<\/ul>\n<p><strong>Adecuado para:<\/strong><\/p>\n<ul>\n<li><strong>Mantenimiento de la salud digestiva:<\/strong> Ideal para quienes desean mejorar el funcionamiento del aparato digestivo aumentando su ingesta de fibra alimentaria.<\/li>\n<li><strong>Aperitivos saludables:<\/strong> perfectos para quienes desean un aperitivo nutritivo y equilibrado que les ayude a mantenerse saciados durante m\u00e1s tiempo.<\/li>\n<li><strong>Personas activas:<\/strong> Adecuado para quienes necesitan una fuente de energ\u00eda sana y duradera para mantenerse activos durante todo el d\u00eda.<\/li>\n<li><strong>Control de peso:<\/strong> Adecuado para quienes controlan su peso, debido a su bajo contenido cal\u00f3rico y a su capacidad para promover la sensaci\u00f3n de saciedad.<\/li>\n<\/ul>\n<p><strong>PRESENTACI\u00d3N<\/strong><\/p>\n<p>300g<\/p>\n<p>&nbsp;<\/p>\n","protected":false},"excerpt":{"rendered":"<p>Las Galletas de Salvado de Trigo Sanavi son la elecci\u00f3n perfecta para quienes desean incorporar m\u00e1s fibra a su dieta de forma deliciosa y pr\u00e1ctica. [&#8230;]<\/p>\n<p><a class=\"btn btn-secondary understrap-read-more-link\" href=\"https:\/\/www.lifenatura.com\/es\/produto\/galletas-de-salvado-de-trigo-sanavi\/\">Leer m\u00e1s&#8230;<span class=\"screen-reader-text\"> from Galletas de salvado de trigo &#8211; Sanavi<\/span><\/a><\/p>\n","protected":false},"featured_media":98256,"template":"","meta":{"_acf_changed":false},"product_brand":[8374],"product_cat":[7064,7079,7074],"product_tag":[],"class_list":{"0":"post-98275","1":"product","2":"type-product","3":"status-publish","4":"has-post-thumbnail","6":"product_brand-sanavi-bio","7":"product_cat-alimentacion-sana","8":"product_cat-galletas","9":"product_cat-productos-alimenticios","11":"first","12":"instock","13":"shipping-taxable","14":"purchasable","15":"product-type-simple","16":"add-to-wishlist-before_image"},"acf":[],"yoast_head":"<!-- This site is optimized with the Yoast SEO Premium plugin v27.1 (Yoast SEO v27.5) - https:\/\/yoast.com\/product\/yoast-seo-premium-wordpress\/ -->\n<title>Galletas de salvado de trigo - Sanavi - Na Lifenatura ao Melhor Pre\u00e7o | Envio em 48h<\/title>\n<meta name=\"description\" content=\"Las Galletas de Salvado de Trigo Sanavi son la elecci\u00f3n perfecta para quienes desean incorporar m\u00e1s fibra a su dieta de forma deliciosa y pr\u00e1ctica.\" \/>\n<meta name=\"robots\" content=\"index, follow, max-snippet:-1, max-image-preview:large, max-video-preview:-1\" \/>\n<link rel=\"canonical\" href=\"https:\/\/www.lifenatura.com\/es\/produto\/galletas-de-salvado-de-trigo-sanavi\/\" \/>\n<meta property=\"og:locale\" content=\"es_ES\" \/>\n<meta property=\"og:type\" content=\"article\" \/>\n<meta property=\"og:title\" content=\"Galletas de salvado de trigo - Sanavi - Na Lifenatura ao Melhor Pre\u00e7o | Envio 48h\" \/>\n<meta property=\"og:description\" content=\"Compre Galletas de salvado de trigo - Sanavi com envio r\u00e1pido. Entrega em 48h e portes gr\u00e1tis em compras &gt;35\u20ac. Aproveite j\u00e1 na Lifenatura\" \/>\n<meta property=\"og:url\" content=\"https:\/\/www.lifenatura.com\/es\/produto\/galletas-de-salvado-de-trigo-sanavi\/\" \/>\n<meta property=\"og:site_name\" content=\"Lifenatura\" \/>\n<meta property=\"article:publisher\" content=\"https:\/\/www.facebook.com\/lifenatura\" \/>\n<meta property=\"article:modified_time\" content=\"2024-09-11T10:34:59+00:00\" \/>\n<meta property=\"og:image\" content=\"https:\/\/www.lifenatura.com\/wp-content\/uploads\/2024\/09\/biscoitos-farelo-trigo-sanavi.jpg\" \/>\n\t<meta property=\"og:image:width\" content=\"1000\" \/>\n\t<meta property=\"og:image:height\" content=\"1000\" \/>\n\t<meta property=\"og:image:type\" content=\"image\/jpeg\" \/>\n<meta name=\"twitter:card\" content=\"summary_large_image\" \/>\n<meta name=\"twitter:label1\" content=\"Precio\" \/>\n\t<meta name=\"twitter:data1\" content=\"4,36&nbsp;&euro;\" \/>\n\t<meta name=\"twitter:label2\" content=\"Disponibilidad\" \/>\n\t<meta name=\"twitter:data2\" content=\"Disponible\" \/>\n<script type=\"application\/ld+json\" class=\"yoast-schema-graph\">{\"@context\":\"https:\\\/\\\/schema.org\",\"@graph\":[{\"@type\":\"WebPage\",\"@id\":\"https:\\\/\\\/www.lifenatura.com\\\/es\\\/produto\\\/galletas-de-salvado-de-trigo-sanavi\\\/\",\"url\":\"https:\\\/\\\/www.lifenatura.com\\\/es\\\/produto\\\/galletas-de-salvado-de-trigo-sanavi\\\/\",\"name\":\"Galletas de salvado de trigo - Sanavi - Na Lifenatura ao Melhor Pre\u00e7o | Envio em 48h\",\"isPartOf\":{\"@id\":\"https:\\\/\\\/www.lifenatura.com\\\/es\\\/#website\"},\"primaryImageOfPage\":{\"@id\":\"https:\\\/\\\/www.lifenatura.com\\\/es\\\/produto\\\/galletas-de-salvado-de-trigo-sanavi\\\/#primaryimage\"},\"image\":{\"@id\":\"https:\\\/\\\/www.lifenatura.com\\\/es\\\/produto\\\/galletas-de-salvado-de-trigo-sanavi\\\/#primaryimage\"},\"thumbnailUrl\":\"https:\\\/\\\/www.lifenatura.com\\\/wp-content\\\/uploads\\\/2024\\\/09\\\/biscoitos-farelo-trigo-sanavi.jpg\",\"datePublished\":\"2024-09-11T09:15:42+00:00\",\"dateModified\":\"2024-09-11T10:34:59+00:00\",\"description\":\"Las Galletas de Salvado de Trigo Sanavi son la elecci\u00f3n perfecta para quienes desean incorporar m\u00e1s fibra a su dieta de forma deliciosa y pr\u00e1ctica.\",\"breadcrumb\":{\"@id\":\"https:\\\/\\\/www.lifenatura.com\\\/es\\\/produto\\\/galletas-de-salvado-de-trigo-sanavi\\\/#breadcrumb\"},\"inLanguage\":\"es\",\"potentialAction\":[{\"@type\":\"ReadAction\",\"target\":[\"https:\\\/\\\/www.lifenatura.com\\\/es\\\/produto\\\/galletas-de-salvado-de-trigo-sanavi\\\/\"]}]},{\"@type\":\"ImageObject\",\"inLanguage\":\"es\",\"@id\":\"https:\\\/\\\/www.lifenatura.com\\\/es\\\/produto\\\/galletas-de-salvado-de-trigo-sanavi\\\/#primaryimage\",\"url\":\"https:\\\/\\\/www.lifenatura.com\\\/wp-content\\\/uploads\\\/2024\\\/09\\\/biscoitos-farelo-trigo-sanavi.jpg\",\"contentUrl\":\"https:\\\/\\\/www.lifenatura.com\\\/wp-content\\\/uploads\\\/2024\\\/09\\\/biscoitos-farelo-trigo-sanavi.jpg\",\"width\":1000,\"height\":1000,\"caption\":\"Galletas de salvado de trigo Sanavi\"},{\"@type\":\"BreadcrumbList\",\"@id\":\"https:\\\/\\\/www.lifenatura.com\\\/es\\\/produto\\\/galletas-de-salvado-de-trigo-sanavi\\\/#breadcrumb\",\"itemListElement\":[{\"@type\":\"ListItem\",\"position\":1,\"name\":\"In\u00edcio\",\"item\":\"https:\\\/\\\/www.lifenatura.com\\\/es\\\/\"},{\"@type\":\"ListItem\",\"position\":2,\"name\":\"Todos los Productos\",\"item\":\"https:\\\/\\\/www.lifenatura.com\\\/es\\\/tienda\\\/\"},{\"@type\":\"ListItem\",\"position\":3,\"name\":\"Galletas de salvado de trigo &#8211; Sanavi\"}]},{\"@type\":\"WebSite\",\"@id\":\"https:\\\/\\\/www.lifenatura.com\\\/es\\\/#website\",\"url\":\"https:\\\/\\\/www.lifenatura.com\\\/es\\\/\",\"name\":\"Lifenatura\",\"description\":\"A Lifenatura \u00e9 uma loja de produtos naturais, cosm\u00e9tica natural e alimenta\u00e7\u00e3o Biol\u00f3gica.\",\"publisher\":{\"@id\":\"https:\\\/\\\/www.lifenatura.com\\\/es\\\/#organization\"},\"potentialAction\":[{\"@type\":\"SearchAction\",\"target\":{\"@type\":\"EntryPoint\",\"urlTemplate\":\"https:\\\/\\\/www.lifenatura.com\\\/es\\\/?s={search_term_string}\"},\"query-input\":{\"@type\":\"PropertyValueSpecification\",\"valueRequired\":true,\"valueName\":\"search_term_string\"}}],\"inLanguage\":\"es\"},{\"@type\":\"Organization\",\"@id\":\"https:\\\/\\\/www.lifenatura.com\\\/es\\\/#organization\",\"name\":\"Lifenatura\",\"url\":\"https:\\\/\\\/www.lifenatura.com\\\/es\\\/\",\"logo\":{\"@type\":\"ImageObject\",\"inLanguage\":\"es\",\"@id\":\"https:\\\/\\\/www.lifenatura.com\\\/es\\\/#\\\/schema\\\/logo\\\/image\\\/\",\"url\":\"https:\\\/\\\/www.lifenatura.com\\\/wp-content\\\/uploads\\\/2021\\\/07\\\/logo.png\",\"contentUrl\":\"https:\\\/\\\/www.lifenatura.com\\\/wp-content\\\/uploads\\\/2021\\\/07\\\/logo.png\",\"width\":175,\"height\":55,\"caption\":\"Lifenatura\"},\"image\":{\"@id\":\"https:\\\/\\\/www.lifenatura.com\\\/es\\\/#\\\/schema\\\/logo\\\/image\\\/\"},\"sameAs\":[\"https:\\\/\\\/www.facebook.com\\\/lifenatura\",\"https:\\\/\\\/www.instagram.com\\\/lifenaturapt\\\/\"],\"hasMerchantReturnPolicy\":{\"@type\":\"MerchantReturnPolicy\",\"merchantReturnLink\":\"https:\\\/\\\/www.lifenatura.com\\\/termos-condicoes-lifenatura\\\/\"}}]}<\/script>\n<meta property=\"product:price:amount\" content=\"4.36\" \/>\n<meta property=\"product:price:currency\" content=\"EUR\" \/>\n<meta property=\"og:availability\" content=\"instock\" \/>\n<meta property=\"product:availability\" content=\"instock\" \/>\n<meta property=\"product:retailer_item_id\" content=\"8425887001056\" \/>\n<meta property=\"product:condition\" content=\"new\" \/>\n<!-- \/ Yoast SEO Premium plugin. -->","yoast_head_json":{"title":"Galletas de salvado de trigo - Sanavi - Na Lifenatura ao Melhor Pre\u00e7o | Envio em 48h","description":"Las Galletas de Salvado de Trigo Sanavi son la elecci\u00f3n perfecta para quienes desean incorporar m\u00e1s fibra a su dieta de forma deliciosa y pr\u00e1ctica.","robots":{"index":"index","follow":"follow","max-snippet":"max-snippet:-1","max-image-preview":"max-image-preview:large","max-video-preview":"max-video-preview:-1"},"canonical":"https:\/\/www.lifenatura.com\/es\/produto\/galletas-de-salvado-de-trigo-sanavi\/","og_locale":"es_ES","og_type":"article","og_title":"Galletas de salvado de trigo - Sanavi - Na Lifenatura ao Melhor Pre\u00e7o | Envio 48h","og_description":"Compre Galletas de salvado de trigo - Sanavi com envio r\u00e1pido. Entrega em 48h e portes gr\u00e1tis em compras >35\u20ac. Aproveite j\u00e1 na Lifenatura","og_url":"https:\/\/www.lifenatura.com\/es\/produto\/galletas-de-salvado-de-trigo-sanavi\/","og_site_name":"Lifenatura","article_publisher":"https:\/\/www.facebook.com\/lifenatura","article_modified_time":"2024-09-11T10:34:59+00:00","og_image":[{"width":1000,"height":1000,"url":"https:\/\/www.lifenatura.com\/wp-content\/uploads\/2024\/09\/biscoitos-farelo-trigo-sanavi.jpg","type":"image\/jpeg"}],"twitter_card":"summary_large_image","twitter_misc":{"Precio":"4,36&nbsp;&euro;","Disponibilidad":"Disponible"},"schema":{"@context":"https:\/\/schema.org","@graph":[{"@type":"WebPage","@id":"https:\/\/www.lifenatura.com\/es\/produto\/galletas-de-salvado-de-trigo-sanavi\/","url":"https:\/\/www.lifenatura.com\/es\/produto\/galletas-de-salvado-de-trigo-sanavi\/","name":"Galletas de salvado de trigo - Sanavi - Na Lifenatura ao Melhor Pre\u00e7o | Envio em 48h","isPartOf":{"@id":"https:\/\/www.lifenatura.com\/es\/#website"},"primaryImageOfPage":{"@id":"https:\/\/www.lifenatura.com\/es\/produto\/galletas-de-salvado-de-trigo-sanavi\/#primaryimage"},"image":{"@id":"https:\/\/www.lifenatura.com\/es\/produto\/galletas-de-salvado-de-trigo-sanavi\/#primaryimage"},"thumbnailUrl":"https:\/\/www.lifenatura.com\/wp-content\/uploads\/2024\/09\/biscoitos-farelo-trigo-sanavi.jpg","datePublished":"2024-09-11T09:15:42+00:00","dateModified":"2024-09-11T10:34:59+00:00","description":"Las Galletas de Salvado de Trigo Sanavi son la elecci\u00f3n perfecta para quienes desean incorporar m\u00e1s fibra a su dieta de forma deliciosa y pr\u00e1ctica.","breadcrumb":{"@id":"https:\/\/www.lifenatura.com\/es\/produto\/galletas-de-salvado-de-trigo-sanavi\/#breadcrumb"},"inLanguage":"es","potentialAction":[{"@type":"ReadAction","target":["https:\/\/www.lifenatura.com\/es\/produto\/galletas-de-salvado-de-trigo-sanavi\/"]}]},{"@type":"ImageObject","inLanguage":"es","@id":"https:\/\/www.lifenatura.com\/es\/produto\/galletas-de-salvado-de-trigo-sanavi\/#primaryimage","url":"https:\/\/www.lifenatura.com\/wp-content\/uploads\/2024\/09\/biscoitos-farelo-trigo-sanavi.jpg","contentUrl":"https:\/\/www.lifenatura.com\/wp-content\/uploads\/2024\/09\/biscoitos-farelo-trigo-sanavi.jpg","width":1000,"height":1000,"caption":"Galletas de salvado de trigo Sanavi"},{"@type":"BreadcrumbList","@id":"https:\/\/www.lifenatura.com\/es\/produto\/galletas-de-salvado-de-trigo-sanavi\/#breadcrumb","itemListElement":[{"@type":"ListItem","position":1,"name":"In\u00edcio","item":"https:\/\/www.lifenatura.com\/es\/"},{"@type":"ListItem","position":2,"name":"Todos los Productos","item":"https:\/\/www.lifenatura.com\/es\/tienda\/"},{"@type":"ListItem","position":3,"name":"Galletas de salvado de trigo &#8211; Sanavi"}]},{"@type":"WebSite","@id":"https:\/\/www.lifenatura.com\/es\/#website","url":"https:\/\/www.lifenatura.com\/es\/","name":"Lifenatura","description":"A Lifenatura \u00e9 uma loja de produtos naturais, cosm\u00e9tica natural e alimenta\u00e7\u00e3o Biol\u00f3gica.","publisher":{"@id":"https:\/\/www.lifenatura.com\/es\/#organization"},"potentialAction":[{"@type":"SearchAction","target":{"@type":"EntryPoint","urlTemplate":"https:\/\/www.lifenatura.com\/es\/?s={search_term_string}"},"query-input":{"@type":"PropertyValueSpecification","valueRequired":true,"valueName":"search_term_string"}}],"inLanguage":"es"},{"@type":"Organization","@id":"https:\/\/www.lifenatura.com\/es\/#organization","name":"Lifenatura","url":"https:\/\/www.lifenatura.com\/es\/","logo":{"@type":"ImageObject","inLanguage":"es","@id":"https:\/\/www.lifenatura.com\/es\/#\/schema\/logo\/image\/","url":"https:\/\/www.lifenatura.com\/wp-content\/uploads\/2021\/07\/logo.png","contentUrl":"https:\/\/www.lifenatura.com\/wp-content\/uploads\/2021\/07\/logo.png","width":175,"height":55,"caption":"Lifenatura"},"image":{"@id":"https:\/\/www.lifenatura.com\/es\/#\/schema\/logo\/image\/"},"sameAs":["https:\/\/www.facebook.com\/lifenatura","https:\/\/www.instagram.com\/lifenaturapt\/"],"hasMerchantReturnPolicy":{"@type":"MerchantReturnPolicy","merchantReturnLink":"https:\/\/www.lifenatura.com\/termos-condicoes-lifenatura\/"}}]},"product_price_amount":"4.36","product_price_currency":"EUR","og_availability":"instock","product_availability":"instock","product_retailer_item_id":"8425887001056","product_condition":"new"},"df_price":4.36,"df_sale_price":"","df_regular_price":4.36,"df_image_link":"https:\/\/www.lifenatura.com\/wp-content\/uploads\/2024\/09\/biscoitos-farelo-trigo-sanavi-300x300.jpg","_links":{"self":[{"href":"https:\/\/www.lifenatura.com\/es\/wp-json\/wp\/v2\/product\/98275","targetHints":{"allow":["GET"]}}],"collection":[{"href":"https:\/\/www.lifenatura.com\/es\/wp-json\/wp\/v2\/product"}],"about":[{"href":"https:\/\/www.lifenatura.com\/es\/wp-json\/wp\/v2\/types\/product"}],"wp:featuredmedia":[{"embeddable":true,"href":"https:\/\/www.lifenatura.com\/es\/wp-json\/wp\/v2\/media\/98256"}],"wp:attachment":[{"href":"https:\/\/www.lifenatura.com\/es\/wp-json\/wp\/v2\/media?parent=98275"}],"wp:term":[{"taxonomy":"product_brand","embeddable":true,"href":"https:\/\/www.lifenatura.com\/es\/wp-json\/wp\/v2\/product_brand?post=98275"},{"taxonomy":"product_cat","embeddable":true,"href":"https:\/\/www.lifenatura.com\/es\/wp-json\/wp\/v2\/product_cat?post=98275"},{"taxonomy":"product_tag","embeddable":true,"href":"https:\/\/www.lifenatura.com\/es\/wp-json\/wp\/v2\/product_tag?post=98275"}],"curies":[{"name":"wp","href":"https:\/\/api.w.org\/{rel}","templated":true}]}}