{"id":96777,"date":"2024-08-12T13:21:35","date_gmt":"2024-08-12T13:21:35","guid":{"rendered":"https:\/\/www.lifenatura.com\/produto\/cafe-inka-cereal-200g-mimasa\/"},"modified":"2024-08-13T20:27:31","modified_gmt":"2024-08-13T20:27:31","slug":"cafe-inka-cereal-200g-mimasa","status":"publish","type":"product","link":"https:\/\/www.lifenatura.com\/es\/produto\/cafe-inka-cereal-200g-mimasa\/","title":{"rendered":"Caf\u00e9 Inka Cereal 200g &#8211; Mimasa"},"content":{"rendered":"<h2 style=\"text-align: left;\"><strong>Cereal de caf\u00e9 con tinta, ideal como sustituto del caf\u00e9 tradicional<\/strong><\/h2>\n<p>&nbsp;<\/p>\n<p>El Caf\u00e9 de Cereales Inka de Mimasa es una alternativa deliciosa y saludable al caf\u00e9 tradicional, elaborada con una mezcla de cereales tostados.<br \/>\nEste caf\u00e9 de cereales ofrece un sabor suave y reconfortante sin la presencia de cafe\u00edna y es ideal para tomar a cualquier hora del d\u00eda.<\/p>\n<p>Rico en nutrientes y naturalmente libre de aditivos artificiales, el Caf\u00e9 de Cereales Inka es perfecto para quienes buscan una opci\u00f3n sana y equilibrada para sustituir al caf\u00e9 normal.<\/p>\n<p><strong>Principales ventajas:<\/strong><\/p>\n<ul>\n<li><strong>Sin cafe\u00edna:<\/strong> Una alternativa excelente para quienes desean evitar la cafe\u00edna, que permite su consumo a cualquier hora, incluso por la noche.<\/li>\n<li><strong>Rico en nutrientes:<\/strong> Elaborado con cereales seleccionados, este caf\u00e9 es una fuente natural de nutrientes esenciales que contribuyen a la salud general.<\/li>\n<li><strong>Sabor suave y reconfortante:<\/strong> Ofrece un sabor agradable y suave, ideal para quienes buscan un sustituto del caf\u00e9 con un toque menos intenso.<\/li>\n<li><strong>Digestivo natural:<\/strong> Los cereales de la f\u00f3rmula ayudan a promover una digesti\u00f3n sana, lo que la convierte en una excelente opci\u00f3n para despu\u00e9s de las comidas.<\/li>\n<li><strong>Vers\u00e1til y f\u00e1cil de preparar:<\/strong> se puede comer caliente o fr\u00edo y es f\u00e1cil de preparar, lo que lo convierte en una opci\u00f3n pr\u00e1ctica para cualquier momento del d\u00eda.<\/li>\n<\/ul>\n<p><strong>Adecuado para:<\/strong><\/p>\n<ul>\n<li><strong>Personas que evitan la cafe\u00edna:<\/strong> Ideal para quienes desean reducir o eliminar su consumo de cafe\u00edna, sin renunciar a una bebida sabrosa y reconfortante.<\/li>\n<li><strong>Dietas sanas:<\/strong> Adecuado para quienes siguen una dieta equilibrada y buscan productos naturales sin aditivos artificiales.<\/li>\n<li><strong>Amantes de las bebidas calientes:<\/strong> Perfecto para quienes disfrutan con una bebida caliente, puede consumirse tanto por la ma\u00f1ana como por la noche.<\/li>\n<li><strong>Quienes buscan alternativas al caf\u00e9:<\/strong> Excelente para quienes desean una alternativa al caf\u00e9 tradicional, con beneficios adicionales para la digesti\u00f3n y la salud en general.<\/li>\n<\/ul>\n<p><strong>PRESENTACI\u00d3N<\/strong><\/p>\n<p>200g<\/p>\n<p>&nbsp;<\/p>\n","protected":false},"excerpt":{"rendered":"<p>El Caf\u00e9 de Cereales Inka de Mimasa es la opci\u00f3n ideal para quienes buscan una alternativa sana, sabrosa y nutritiva al caf\u00e9 convencional. [&#8230;]<\/p>\n<p><a class=\"btn btn-secondary understrap-read-more-link\" href=\"https:\/\/www.lifenatura.com\/es\/produto\/cafe-inka-cereal-200g-mimasa\/\">Leer m\u00e1s&#8230;<span class=\"screen-reader-text\"> from Caf\u00e9 Inka Cereal 200g &#8211; Mimasa<\/span><\/a><\/p>\n","protected":false},"featured_media":96710,"template":"","meta":{"_acf_changed":false},"product_brand":[8443],"product_cat":[7064,7065,7067],"product_tag":[],"class_list":{"0":"post-96777","1":"product","2":"type-product","3":"status-publish","4":"has-post-thumbnail","6":"product_brand-mimasa","7":"product_cat-alimentacion-sana","8":"product_cat-bebidas","9":"product_cat-cafe-bebida","11":"first","12":"outofstock","13":"shipping-taxable","14":"purchasable","15":"product-type-simple","16":"add-to-wishlist-before_image"},"acf":[],"yoast_head":"<!-- This site is optimized with the Yoast SEO Premium plugin v27.1 (Yoast SEO v27.5) - https:\/\/yoast.com\/product\/yoast-seo-premium-wordpress\/ -->\n<title>Caf\u00e9 Inka Cereal 200g - Mimasa - Na Lifenatura ao Melhor Pre\u00e7o | Envio em 48h<\/title>\n<meta name=\"description\" content=\"El Caf\u00e9 de Cereales Inka de Mimasa es la opci\u00f3n ideal para quienes buscan una alternativa sana, sabrosa y nutritiva al caf\u00e9 convencional.\" \/>\n<meta name=\"robots\" content=\"index, follow, max-snippet:-1, max-image-preview:large, max-video-preview:-1\" \/>\n<link rel=\"canonical\" href=\"https:\/\/www.lifenatura.com\/es\/produto\/cafe-inka-cereal-200g-mimasa\/\" \/>\n<meta property=\"og:locale\" content=\"es_ES\" \/>\n<meta property=\"og:type\" content=\"article\" \/>\n<meta property=\"og:title\" content=\"Caf\u00e9 Inka Cereal 200g - Mimasa - Na Lifenatura ao Melhor Pre\u00e7o | Envio 48h\" \/>\n<meta property=\"og:description\" content=\"Compre Caf\u00e9 Inka Cereal 200g - Mimasa com envio r\u00e1pido. Entrega em 48h e portes gr\u00e1tis em compras &gt;35\u20ac. Aproveite j\u00e1 na Lifenatura\" \/>\n<meta property=\"og:url\" content=\"https:\/\/www.lifenatura.com\/es\/produto\/cafe-inka-cereal-200g-mimasa\/\" \/>\n<meta property=\"og:site_name\" content=\"Lifenatura\" \/>\n<meta property=\"article:publisher\" content=\"https:\/\/www.facebook.com\/lifenatura\" \/>\n<meta property=\"article:modified_time\" content=\"2024-08-13T20:27:31+00:00\" \/>\n<meta property=\"og:image\" content=\"https:\/\/www.lifenatura.com\/wp-content\/uploads\/2024\/08\/inka-cafe-cereales-mimasa.jpg\" \/>\n\t<meta property=\"og:image:width\" content=\"1000\" \/>\n\t<meta property=\"og:image:height\" content=\"1000\" \/>\n\t<meta property=\"og:image:type\" content=\"image\/jpeg\" \/>\n<meta name=\"twitter:card\" content=\"summary_large_image\" \/>\n<meta name=\"twitter:label1\" content=\"Precio\" \/>\n\t<meta name=\"twitter:data1\" content=\"9,30&nbsp;&euro;\" \/>\n\t<meta name=\"twitter:label2\" content=\"Disponibilidad\" \/>\n\t<meta name=\"twitter:data2\" content=\"Sin existencias\" \/>\n<script type=\"application\/ld+json\" class=\"yoast-schema-graph\">{\"@context\":\"https:\\\/\\\/schema.org\",\"@graph\":[{\"@type\":\"WebPage\",\"@id\":\"https:\\\/\\\/www.lifenatura.com\\\/es\\\/produto\\\/cafe-inka-cereal-200g-mimasa\\\/\",\"url\":\"https:\\\/\\\/www.lifenatura.com\\\/es\\\/produto\\\/cafe-inka-cereal-200g-mimasa\\\/\",\"name\":\"Caf\u00e9 Inka Cereal 200g - Mimasa - Na Lifenatura ao Melhor Pre\u00e7o | Envio em 48h\",\"isPartOf\":{\"@id\":\"https:\\\/\\\/www.lifenatura.com\\\/es\\\/#website\"},\"primaryImageOfPage\":{\"@id\":\"https:\\\/\\\/www.lifenatura.com\\\/es\\\/produto\\\/cafe-inka-cereal-200g-mimasa\\\/#primaryimage\"},\"image\":{\"@id\":\"https:\\\/\\\/www.lifenatura.com\\\/es\\\/produto\\\/cafe-inka-cereal-200g-mimasa\\\/#primaryimage\"},\"thumbnailUrl\":\"https:\\\/\\\/www.lifenatura.com\\\/wp-content\\\/uploads\\\/2024\\\/08\\\/inka-cafe-cereales-mimasa.jpg\",\"datePublished\":\"2024-08-12T13:21:35+00:00\",\"dateModified\":\"2024-08-13T20:27:31+00:00\",\"description\":\"El Caf\u00e9 de Cereales Inka de Mimasa es la opci\u00f3n ideal para quienes buscan una alternativa sana, sabrosa y nutritiva al caf\u00e9 convencional.\",\"breadcrumb\":{\"@id\":\"https:\\\/\\\/www.lifenatura.com\\\/es\\\/produto\\\/cafe-inka-cereal-200g-mimasa\\\/#breadcrumb\"},\"inLanguage\":\"es\",\"potentialAction\":[{\"@type\":\"ReadAction\",\"target\":[\"https:\\\/\\\/www.lifenatura.com\\\/es\\\/produto\\\/cafe-inka-cereal-200g-mimasa\\\/\"]}]},{\"@type\":\"ImageObject\",\"inLanguage\":\"es\",\"@id\":\"https:\\\/\\\/www.lifenatura.com\\\/es\\\/produto\\\/cafe-inka-cereal-200g-mimasa\\\/#primaryimage\",\"url\":\"https:\\\/\\\/www.lifenatura.com\\\/wp-content\\\/uploads\\\/2024\\\/08\\\/inka-cafe-cereales-mimasa.jpg\",\"contentUrl\":\"https:\\\/\\\/www.lifenatura.com\\\/wp-content\\\/uploads\\\/2024\\\/08\\\/inka-cafe-cereales-mimasa.jpg\",\"width\":1000,\"height\":1000,\"caption\":\"Caf\u00e9 de cereales Mimasa\"},{\"@type\":\"BreadcrumbList\",\"@id\":\"https:\\\/\\\/www.lifenatura.com\\\/es\\\/produto\\\/cafe-inka-cereal-200g-mimasa\\\/#breadcrumb\",\"itemListElement\":[{\"@type\":\"ListItem\",\"position\":1,\"name\":\"In\u00edcio\",\"item\":\"https:\\\/\\\/www.lifenatura.com\\\/es\\\/\"},{\"@type\":\"ListItem\",\"position\":2,\"name\":\"Todos los Productos\",\"item\":\"https:\\\/\\\/www.lifenatura.com\\\/es\\\/tienda\\\/\"},{\"@type\":\"ListItem\",\"position\":3,\"name\":\"Caf\u00e9 Inka Cereal 200g &#8211; Mimasa\"}]},{\"@type\":\"WebSite\",\"@id\":\"https:\\\/\\\/www.lifenatura.com\\\/es\\\/#website\",\"url\":\"https:\\\/\\\/www.lifenatura.com\\\/es\\\/\",\"name\":\"Lifenatura\",\"description\":\"A Lifenatura \u00e9 uma loja de produtos naturais, cosm\u00e9tica natural e alimenta\u00e7\u00e3o Biol\u00f3gica.\",\"publisher\":{\"@id\":\"https:\\\/\\\/www.lifenatura.com\\\/es\\\/#organization\"},\"potentialAction\":[{\"@type\":\"SearchAction\",\"target\":{\"@type\":\"EntryPoint\",\"urlTemplate\":\"https:\\\/\\\/www.lifenatura.com\\\/es\\\/?s={search_term_string}\"},\"query-input\":{\"@type\":\"PropertyValueSpecification\",\"valueRequired\":true,\"valueName\":\"search_term_string\"}}],\"inLanguage\":\"es\"},{\"@type\":\"Organization\",\"@id\":\"https:\\\/\\\/www.lifenatura.com\\\/es\\\/#organization\",\"name\":\"Lifenatura\",\"url\":\"https:\\\/\\\/www.lifenatura.com\\\/es\\\/\",\"logo\":{\"@type\":\"ImageObject\",\"inLanguage\":\"es\",\"@id\":\"https:\\\/\\\/www.lifenatura.com\\\/es\\\/#\\\/schema\\\/logo\\\/image\\\/\",\"url\":\"https:\\\/\\\/www.lifenatura.com\\\/wp-content\\\/uploads\\\/2021\\\/07\\\/logo.png\",\"contentUrl\":\"https:\\\/\\\/www.lifenatura.com\\\/wp-content\\\/uploads\\\/2021\\\/07\\\/logo.png\",\"width\":175,\"height\":55,\"caption\":\"Lifenatura\"},\"image\":{\"@id\":\"https:\\\/\\\/www.lifenatura.com\\\/es\\\/#\\\/schema\\\/logo\\\/image\\\/\"},\"sameAs\":[\"https:\\\/\\\/www.facebook.com\\\/lifenatura\",\"https:\\\/\\\/www.instagram.com\\\/lifenaturapt\\\/\"],\"hasMerchantReturnPolicy\":{\"@type\":\"MerchantReturnPolicy\",\"merchantReturnLink\":\"https:\\\/\\\/www.lifenatura.com\\\/termos-condicoes-lifenatura\\\/\"}}]}<\/script>\n<meta property=\"product:price:amount\" content=\"9.30\" \/>\n<meta property=\"product:price:currency\" content=\"EUR\" \/>\n<meta property=\"og:availability\" content=\"out of stock\" \/>\n<meta property=\"product:availability\" content=\"out of stock\" \/>\n<meta property=\"product:retailer_item_id\" content=\"8436032152820\" \/>\n<meta property=\"product:condition\" content=\"new\" \/>\n<!-- \/ Yoast SEO Premium plugin. -->","yoast_head_json":{"title":"Caf\u00e9 Inka Cereal 200g - Mimasa - Na Lifenatura ao Melhor Pre\u00e7o | Envio em 48h","description":"El Caf\u00e9 de Cereales Inka de Mimasa es la opci\u00f3n ideal para quienes buscan una alternativa sana, sabrosa y nutritiva al caf\u00e9 convencional.","robots":{"index":"index","follow":"follow","max-snippet":"max-snippet:-1","max-image-preview":"max-image-preview:large","max-video-preview":"max-video-preview:-1"},"canonical":"https:\/\/www.lifenatura.com\/es\/produto\/cafe-inka-cereal-200g-mimasa\/","og_locale":"es_ES","og_type":"article","og_title":"Caf\u00e9 Inka Cereal 200g - Mimasa - Na Lifenatura ao Melhor Pre\u00e7o | Envio 48h","og_description":"Compre Caf\u00e9 Inka Cereal 200g - Mimasa com envio r\u00e1pido. Entrega em 48h e portes gr\u00e1tis em compras >35\u20ac. Aproveite j\u00e1 na Lifenatura","og_url":"https:\/\/www.lifenatura.com\/es\/produto\/cafe-inka-cereal-200g-mimasa\/","og_site_name":"Lifenatura","article_publisher":"https:\/\/www.facebook.com\/lifenatura","article_modified_time":"2024-08-13T20:27:31+00:00","og_image":[{"width":1000,"height":1000,"url":"https:\/\/www.lifenatura.com\/wp-content\/uploads\/2024\/08\/inka-cafe-cereales-mimasa.jpg","type":"image\/jpeg"}],"twitter_card":"summary_large_image","twitter_misc":{"Precio":"9,30&nbsp;&euro;","Disponibilidad":"Sin existencias"},"schema":{"@context":"https:\/\/schema.org","@graph":[{"@type":"WebPage","@id":"https:\/\/www.lifenatura.com\/es\/produto\/cafe-inka-cereal-200g-mimasa\/","url":"https:\/\/www.lifenatura.com\/es\/produto\/cafe-inka-cereal-200g-mimasa\/","name":"Caf\u00e9 Inka Cereal 200g - Mimasa - Na Lifenatura ao Melhor Pre\u00e7o | Envio em 48h","isPartOf":{"@id":"https:\/\/www.lifenatura.com\/es\/#website"},"primaryImageOfPage":{"@id":"https:\/\/www.lifenatura.com\/es\/produto\/cafe-inka-cereal-200g-mimasa\/#primaryimage"},"image":{"@id":"https:\/\/www.lifenatura.com\/es\/produto\/cafe-inka-cereal-200g-mimasa\/#primaryimage"},"thumbnailUrl":"https:\/\/www.lifenatura.com\/wp-content\/uploads\/2024\/08\/inka-cafe-cereales-mimasa.jpg","datePublished":"2024-08-12T13:21:35+00:00","dateModified":"2024-08-13T20:27:31+00:00","description":"El Caf\u00e9 de Cereales Inka de Mimasa es la opci\u00f3n ideal para quienes buscan una alternativa sana, sabrosa y nutritiva al caf\u00e9 convencional.","breadcrumb":{"@id":"https:\/\/www.lifenatura.com\/es\/produto\/cafe-inka-cereal-200g-mimasa\/#breadcrumb"},"inLanguage":"es","potentialAction":[{"@type":"ReadAction","target":["https:\/\/www.lifenatura.com\/es\/produto\/cafe-inka-cereal-200g-mimasa\/"]}]},{"@type":"ImageObject","inLanguage":"es","@id":"https:\/\/www.lifenatura.com\/es\/produto\/cafe-inka-cereal-200g-mimasa\/#primaryimage","url":"https:\/\/www.lifenatura.com\/wp-content\/uploads\/2024\/08\/inka-cafe-cereales-mimasa.jpg","contentUrl":"https:\/\/www.lifenatura.com\/wp-content\/uploads\/2024\/08\/inka-cafe-cereales-mimasa.jpg","width":1000,"height":1000,"caption":"Caf\u00e9 de cereales Mimasa"},{"@type":"BreadcrumbList","@id":"https:\/\/www.lifenatura.com\/es\/produto\/cafe-inka-cereal-200g-mimasa\/#breadcrumb","itemListElement":[{"@type":"ListItem","position":1,"name":"In\u00edcio","item":"https:\/\/www.lifenatura.com\/es\/"},{"@type":"ListItem","position":2,"name":"Todos los Productos","item":"https:\/\/www.lifenatura.com\/es\/tienda\/"},{"@type":"ListItem","position":3,"name":"Caf\u00e9 Inka Cereal 200g &#8211; Mimasa"}]},{"@type":"WebSite","@id":"https:\/\/www.lifenatura.com\/es\/#website","url":"https:\/\/www.lifenatura.com\/es\/","name":"Lifenatura","description":"A Lifenatura \u00e9 uma loja de produtos naturais, cosm\u00e9tica natural e alimenta\u00e7\u00e3o Biol\u00f3gica.","publisher":{"@id":"https:\/\/www.lifenatura.com\/es\/#organization"},"potentialAction":[{"@type":"SearchAction","target":{"@type":"EntryPoint","urlTemplate":"https:\/\/www.lifenatura.com\/es\/?s={search_term_string}"},"query-input":{"@type":"PropertyValueSpecification","valueRequired":true,"valueName":"search_term_string"}}],"inLanguage":"es"},{"@type":"Organization","@id":"https:\/\/www.lifenatura.com\/es\/#organization","name":"Lifenatura","url":"https:\/\/www.lifenatura.com\/es\/","logo":{"@type":"ImageObject","inLanguage":"es","@id":"https:\/\/www.lifenatura.com\/es\/#\/schema\/logo\/image\/","url":"https:\/\/www.lifenatura.com\/wp-content\/uploads\/2021\/07\/logo.png","contentUrl":"https:\/\/www.lifenatura.com\/wp-content\/uploads\/2021\/07\/logo.png","width":175,"height":55,"caption":"Lifenatura"},"image":{"@id":"https:\/\/www.lifenatura.com\/es\/#\/schema\/logo\/image\/"},"sameAs":["https:\/\/www.facebook.com\/lifenatura","https:\/\/www.instagram.com\/lifenaturapt\/"],"hasMerchantReturnPolicy":{"@type":"MerchantReturnPolicy","merchantReturnLink":"https:\/\/www.lifenatura.com\/termos-condicoes-lifenatura\/"}}]},"product_price_amount":"9.30","product_price_currency":"EUR","og_availability":"out of stock","product_availability":"out of stock","product_retailer_item_id":"8436032152820","product_condition":"new"},"df_price":9.3,"df_sale_price":"","df_regular_price":9.3,"df_image_link":"https:\/\/www.lifenatura.com\/wp-content\/uploads\/2024\/08\/inka-cafe-cereales-mimasa-300x300.jpg","_links":{"self":[{"href":"https:\/\/www.lifenatura.com\/es\/wp-json\/wp\/v2\/product\/96777","targetHints":{"allow":["GET"]}}],"collection":[{"href":"https:\/\/www.lifenatura.com\/es\/wp-json\/wp\/v2\/product"}],"about":[{"href":"https:\/\/www.lifenatura.com\/es\/wp-json\/wp\/v2\/types\/product"}],"wp:featuredmedia":[{"embeddable":true,"href":"https:\/\/www.lifenatura.com\/es\/wp-json\/wp\/v2\/media\/96710"}],"wp:attachment":[{"href":"https:\/\/www.lifenatura.com\/es\/wp-json\/wp\/v2\/media?parent=96777"}],"wp:term":[{"taxonomy":"product_brand","embeddable":true,"href":"https:\/\/www.lifenatura.com\/es\/wp-json\/wp\/v2\/product_brand?post=96777"},{"taxonomy":"product_cat","embeddable":true,"href":"https:\/\/www.lifenatura.com\/es\/wp-json\/wp\/v2\/product_cat?post=96777"},{"taxonomy":"product_tag","embeddable":true,"href":"https:\/\/www.lifenatura.com\/es\/wp-json\/wp\/v2\/product_tag?post=96777"}],"curies":[{"name":"wp","href":"https:\/\/api.w.org\/{rel}","templated":true}]}}