{"id":96771,"date":"2024-08-12T13:46:53","date_gmt":"2024-08-12T13:46:53","guid":{"rendered":"https:\/\/www.lifenatura.com\/produto\/cafe-ecologico-100g-naturgreen\/"},"modified":"2024-08-13T20:30:27","modified_gmt":"2024-08-13T20:30:27","slug":"cafe-ecologico-100g-naturgreen","status":"publish","type":"product","link":"https:\/\/www.lifenatura.com\/es\/produto\/cafe-ecologico-100g-naturgreen\/","title":{"rendered":"Caf\u00e9 ecol\u00f3gico 100g &#8211; Naturgreen"},"content":{"rendered":"<h2 style=\"text-align: left;\"><strong>Caf\u00e9 instant\u00e1neo ecol\u00f3gico ideal para cualquier momento del d\u00eda<\/strong><\/h2>\n<p>&nbsp;<\/p>\n<p>El Biocaf\u00e9 de Naturgreen es una bebida innovadora y saludable elaborada con ingredientes 100% ecol\u00f3gicos y naturales.<br \/>\nEsta alternativa al caf\u00e9 tradicional combina los ricos y arom\u00e1ticos sabores del caf\u00e9 con los beneficios de una f\u00f3rmula ecol\u00f3gica y equilibrada.<\/p>\n<p>Ideal para quienes buscan un caf\u00e9 m\u00e1s sano, es perfecto para empezar el d\u00eda con energ\u00eda o para una pausa vigorizante, sin comprometer tu salud.<\/p>\n<p><strong>Principales ventajas:<\/strong><\/p>\n<ul>\n<li><strong>Ingredientes 100% ecol\u00f3gicos:<\/strong> Elaborado con ingredientes ecol\u00f3gicos, lo que garantiza un producto libre de pesticidas y aditivos qu\u00edmicos.<\/li>\n<li><strong>Sabor rico y arom\u00e1tico:<\/strong> Mantiene el sabor intenso y arom\u00e1tico del caf\u00e9 tradicional, proporcionando una experiencia agradable en cada taza.<\/li>\n<li><strong>Fuente de energ\u00eda natural:<\/strong> Ofrece una dosis de energ\u00eda equilibrada y duradera, ideal para pasar el d\u00eda con mucho \u00e1nimo.<\/li>\n<li><strong>Apoyo digestivo:<\/strong> Formulado para ser suave con el est\u00f3mago, ayuda a promover una digesti\u00f3n sana, a diferencia del caf\u00e9 tradicional, que puede ser agresivo.<\/li>\n<li><strong>Producto sostenible:<\/strong> Fabricado con respeto al medio ambiente, promoviendo pr\u00e1cticas agr\u00edcolas sostenibles y el bienestar del consumidor.<\/li>\n<\/ul>\n<p><strong>Adecuado para:<\/strong><\/p>\n<ul>\n<li><strong>Amantes del caf\u00e9 ecol\u00f3gico:<\/strong> Ideal para quienes disfrutan del sabor del caf\u00e9 y buscan una opci\u00f3n m\u00e1s natural y saludable.<\/li>\n<li><strong>Personas con sensibilidad digestiva:<\/strong> Perfecto para quienes quieren evitar los efectos negativos del caf\u00e9 tradicional en el est\u00f3mago.<\/li>\n<li><strong>Estilos de vida saludables:<\/strong> Adecuado para quienes siguen una dieta sana y desean incorporar productos ecol\u00f3gicos a su rutina.<\/li>\n<li><strong>Buscadores de energ\u00eda sostenida:<\/strong> Excelente para quienes necesitan un impulso de energ\u00eda a lo largo del d\u00eda, de forma equilibrada y natural.<\/li>\n<\/ul>\n<p><strong>PRESENTACI\u00d3N<\/strong><\/p>\n<p>100g<\/p>\n<p>&nbsp;<\/p>\n","protected":false},"excerpt":{"rendered":"<p>Biocoffee de Naturgreen es ideal para quienes desean combinar el placer de un caf\u00e9 sabroso con los beneficios de una bebida ecol\u00f3gica y saludable. [&#8230;]<\/p>\n<p><a class=\"btn btn-secondary understrap-read-more-link\" href=\"https:\/\/www.lifenatura.com\/es\/produto\/cafe-ecologico-100g-naturgreen\/\">Leer m\u00e1s&#8230;<span class=\"screen-reader-text\"> from Caf\u00e9 ecol\u00f3gico 100g &#8211; Naturgreen<\/span><\/a><\/p>\n","protected":false},"featured_media":96713,"template":"","meta":{"_acf_changed":false},"product_brand":[8344],"product_cat":[7064,7065,7067],"product_tag":[],"class_list":{"0":"post-96771","1":"product","2":"type-product","3":"status-publish","4":"has-post-thumbnail","6":"product_brand-naturgreen-es","7":"product_cat-alimentacion-sana","8":"product_cat-bebidas","9":"product_cat-cafe-bebida","10":"pa_caracteristicas-biologico","11":"pa_caracteristicas-vegano","13":"first","14":"instock","15":"shipping-taxable","16":"purchasable","17":"product-type-simple","18":"add-to-wishlist-before_image"},"acf":[],"yoast_head":"<!-- This site is optimized with the Yoast SEO Premium plugin v27.1 (Yoast SEO v27.5) - https:\/\/yoast.com\/product\/yoast-seo-premium-wordpress\/ -->\n<title>Caf\u00e9 ecol\u00f3gico 100g - Naturgreen - Na Lifenatura ao Melhor Pre\u00e7o | Envio em 48h<\/title>\n<meta name=\"description\" content=\"Biocoffee de Naturgreen es ideal para quienes desean combinar el placer de un caf\u00e9 sabroso con los beneficios de una bebida ecol\u00f3gica y saludable.\" \/>\n<meta name=\"robots\" content=\"index, follow, max-snippet:-1, max-image-preview:large, max-video-preview:-1\" \/>\n<link rel=\"canonical\" href=\"https:\/\/www.lifenatura.com\/es\/produto\/cafe-ecologico-100g-naturgreen\/\" \/>\n<meta property=\"og:locale\" content=\"es_ES\" \/>\n<meta property=\"og:type\" content=\"article\" \/>\n<meta property=\"og:title\" content=\"Caf\u00e9 ecol\u00f3gico 100g - Naturgreen - Na Lifenatura ao Melhor Pre\u00e7o | Envio 48h\" \/>\n<meta property=\"og:description\" content=\"Compre Caf\u00e9 ecol\u00f3gico 100g - Naturgreen com envio r\u00e1pido. Entrega em 48h e portes gr\u00e1tis em compras &gt;35\u20ac. Aproveite j\u00e1 na Lifenatura\" \/>\n<meta property=\"og:url\" content=\"https:\/\/www.lifenatura.com\/es\/produto\/cafe-ecologico-100g-naturgreen\/\" \/>\n<meta property=\"og:site_name\" content=\"Lifenatura\" \/>\n<meta property=\"article:publisher\" content=\"https:\/\/www.facebook.com\/lifenatura\" \/>\n<meta property=\"article:modified_time\" content=\"2024-08-13T20:30:27+00:00\" \/>\n<meta property=\"og:image\" content=\"https:\/\/www.lifenatura.com\/wp-content\/uploads\/2024\/08\/biocoffee-bio-100g-naturgreen.jpg\" \/>\n\t<meta property=\"og:image:width\" content=\"1000\" \/>\n\t<meta property=\"og:image:height\" content=\"1000\" \/>\n\t<meta property=\"og:image:type\" content=\"image\/jpeg\" \/>\n<meta name=\"twitter:card\" content=\"summary_large_image\" \/>\n<meta name=\"twitter:label1\" content=\"Precio\" \/>\n\t<meta name=\"twitter:data1\" content=\"12,37&nbsp;&euro;\" \/>\n\t<meta name=\"twitter:label2\" content=\"Disponibilidad\" \/>\n\t<meta name=\"twitter:data2\" content=\"Disponible\" \/>\n<script type=\"application\/ld+json\" class=\"yoast-schema-graph\">{\"@context\":\"https:\\\/\\\/schema.org\",\"@graph\":[{\"@type\":\"WebPage\",\"@id\":\"https:\\\/\\\/www.lifenatura.com\\\/es\\\/produto\\\/cafe-ecologico-100g-naturgreen\\\/\",\"url\":\"https:\\\/\\\/www.lifenatura.com\\\/es\\\/produto\\\/cafe-ecologico-100g-naturgreen\\\/\",\"name\":\"Caf\u00e9 ecol\u00f3gico 100g - Naturgreen - Na Lifenatura ao Melhor Pre\u00e7o | Envio em 48h\",\"isPartOf\":{\"@id\":\"https:\\\/\\\/www.lifenatura.com\\\/es\\\/#website\"},\"primaryImageOfPage\":{\"@id\":\"https:\\\/\\\/www.lifenatura.com\\\/es\\\/produto\\\/cafe-ecologico-100g-naturgreen\\\/#primaryimage\"},\"image\":{\"@id\":\"https:\\\/\\\/www.lifenatura.com\\\/es\\\/produto\\\/cafe-ecologico-100g-naturgreen\\\/#primaryimage\"},\"thumbnailUrl\":\"https:\\\/\\\/www.lifenatura.com\\\/wp-content\\\/uploads\\\/2024\\\/08\\\/biocoffee-bio-100g-naturgreen.jpg\",\"datePublished\":\"2024-08-12T13:46:53+00:00\",\"dateModified\":\"2024-08-13T20:30:27+00:00\",\"description\":\"Biocoffee de Naturgreen es ideal para quienes desean combinar el placer de un caf\u00e9 sabroso con los beneficios de una bebida ecol\u00f3gica y saludable.\",\"breadcrumb\":{\"@id\":\"https:\\\/\\\/www.lifenatura.com\\\/es\\\/produto\\\/cafe-ecologico-100g-naturgreen\\\/#breadcrumb\"},\"inLanguage\":\"es\",\"potentialAction\":[{\"@type\":\"ReadAction\",\"target\":[\"https:\\\/\\\/www.lifenatura.com\\\/es\\\/produto\\\/cafe-ecologico-100g-naturgreen\\\/\"]}]},{\"@type\":\"ImageObject\",\"inLanguage\":\"es\",\"@id\":\"https:\\\/\\\/www.lifenatura.com\\\/es\\\/produto\\\/cafe-ecologico-100g-naturgreen\\\/#primaryimage\",\"url\":\"https:\\\/\\\/www.lifenatura.com\\\/wp-content\\\/uploads\\\/2024\\\/08\\\/biocoffee-bio-100g-naturgreen.jpg\",\"contentUrl\":\"https:\\\/\\\/www.lifenatura.com\\\/wp-content\\\/uploads\\\/2024\\\/08\\\/biocoffee-bio-100g-naturgreen.jpg\",\"width\":1000,\"height\":1000,\"caption\":\"Naturgreen caf\u00e9 instant\u00e1neo ecol\u00f3gico\"},{\"@type\":\"BreadcrumbList\",\"@id\":\"https:\\\/\\\/www.lifenatura.com\\\/es\\\/produto\\\/cafe-ecologico-100g-naturgreen\\\/#breadcrumb\",\"itemListElement\":[{\"@type\":\"ListItem\",\"position\":1,\"name\":\"In\u00edcio\",\"item\":\"https:\\\/\\\/www.lifenatura.com\\\/es\\\/\"},{\"@type\":\"ListItem\",\"position\":2,\"name\":\"Todos los Productos\",\"item\":\"https:\\\/\\\/www.lifenatura.com\\\/es\\\/tienda\\\/\"},{\"@type\":\"ListItem\",\"position\":3,\"name\":\"Caf\u00e9 ecol\u00f3gico 100g &#8211; Naturgreen\"}]},{\"@type\":\"WebSite\",\"@id\":\"https:\\\/\\\/www.lifenatura.com\\\/es\\\/#website\",\"url\":\"https:\\\/\\\/www.lifenatura.com\\\/es\\\/\",\"name\":\"Lifenatura\",\"description\":\"A Lifenatura \u00e9 uma loja de produtos naturais, cosm\u00e9tica natural e alimenta\u00e7\u00e3o Biol\u00f3gica.\",\"publisher\":{\"@id\":\"https:\\\/\\\/www.lifenatura.com\\\/es\\\/#organization\"},\"potentialAction\":[{\"@type\":\"SearchAction\",\"target\":{\"@type\":\"EntryPoint\",\"urlTemplate\":\"https:\\\/\\\/www.lifenatura.com\\\/es\\\/?s={search_term_string}\"},\"query-input\":{\"@type\":\"PropertyValueSpecification\",\"valueRequired\":true,\"valueName\":\"search_term_string\"}}],\"inLanguage\":\"es\"},{\"@type\":\"Organization\",\"@id\":\"https:\\\/\\\/www.lifenatura.com\\\/es\\\/#organization\",\"name\":\"Lifenatura\",\"url\":\"https:\\\/\\\/www.lifenatura.com\\\/es\\\/\",\"logo\":{\"@type\":\"ImageObject\",\"inLanguage\":\"es\",\"@id\":\"https:\\\/\\\/www.lifenatura.com\\\/es\\\/#\\\/schema\\\/logo\\\/image\\\/\",\"url\":\"https:\\\/\\\/www.lifenatura.com\\\/wp-content\\\/uploads\\\/2021\\\/07\\\/logo.png\",\"contentUrl\":\"https:\\\/\\\/www.lifenatura.com\\\/wp-content\\\/uploads\\\/2021\\\/07\\\/logo.png\",\"width\":175,\"height\":55,\"caption\":\"Lifenatura\"},\"image\":{\"@id\":\"https:\\\/\\\/www.lifenatura.com\\\/es\\\/#\\\/schema\\\/logo\\\/image\\\/\"},\"sameAs\":[\"https:\\\/\\\/www.facebook.com\\\/lifenatura\",\"https:\\\/\\\/www.instagram.com\\\/lifenaturapt\\\/\"],\"hasMerchantReturnPolicy\":{\"@type\":\"MerchantReturnPolicy\",\"merchantReturnLink\":\"https:\\\/\\\/www.lifenatura.com\\\/termos-condicoes-lifenatura\\\/\"}}]}<\/script>\n<meta property=\"product:price:amount\" content=\"12.37\" \/>\n<meta property=\"product:price:currency\" content=\"EUR\" \/>\n<meta property=\"og:availability\" content=\"instock\" \/>\n<meta property=\"product:availability\" content=\"instock\" \/>\n<meta property=\"product:retailer_item_id\" content=\"8437007759723\" \/>\n<meta property=\"product:condition\" content=\"new\" \/>\n<!-- \/ Yoast SEO Premium plugin. -->","yoast_head_json":{"title":"Caf\u00e9 ecol\u00f3gico 100g - Naturgreen - Na Lifenatura ao Melhor Pre\u00e7o | Envio em 48h","description":"Biocoffee de Naturgreen es ideal para quienes desean combinar el placer de un caf\u00e9 sabroso con los beneficios de una bebida ecol\u00f3gica y saludable.","robots":{"index":"index","follow":"follow","max-snippet":"max-snippet:-1","max-image-preview":"max-image-preview:large","max-video-preview":"max-video-preview:-1"},"canonical":"https:\/\/www.lifenatura.com\/es\/produto\/cafe-ecologico-100g-naturgreen\/","og_locale":"es_ES","og_type":"article","og_title":"Caf\u00e9 ecol\u00f3gico 100g - Naturgreen - Na Lifenatura ao Melhor Pre\u00e7o | Envio 48h","og_description":"Compre Caf\u00e9 ecol\u00f3gico 100g - Naturgreen com envio r\u00e1pido. Entrega em 48h e portes gr\u00e1tis em compras >35\u20ac. Aproveite j\u00e1 na Lifenatura","og_url":"https:\/\/www.lifenatura.com\/es\/produto\/cafe-ecologico-100g-naturgreen\/","og_site_name":"Lifenatura","article_publisher":"https:\/\/www.facebook.com\/lifenatura","article_modified_time":"2024-08-13T20:30:27+00:00","og_image":[{"width":1000,"height":1000,"url":"https:\/\/www.lifenatura.com\/wp-content\/uploads\/2024\/08\/biocoffee-bio-100g-naturgreen.jpg","type":"image\/jpeg"}],"twitter_card":"summary_large_image","twitter_misc":{"Precio":"12,37&nbsp;&euro;","Disponibilidad":"Disponible"},"schema":{"@context":"https:\/\/schema.org","@graph":[{"@type":"WebPage","@id":"https:\/\/www.lifenatura.com\/es\/produto\/cafe-ecologico-100g-naturgreen\/","url":"https:\/\/www.lifenatura.com\/es\/produto\/cafe-ecologico-100g-naturgreen\/","name":"Caf\u00e9 ecol\u00f3gico 100g - Naturgreen - Na Lifenatura ao Melhor Pre\u00e7o | Envio em 48h","isPartOf":{"@id":"https:\/\/www.lifenatura.com\/es\/#website"},"primaryImageOfPage":{"@id":"https:\/\/www.lifenatura.com\/es\/produto\/cafe-ecologico-100g-naturgreen\/#primaryimage"},"image":{"@id":"https:\/\/www.lifenatura.com\/es\/produto\/cafe-ecologico-100g-naturgreen\/#primaryimage"},"thumbnailUrl":"https:\/\/www.lifenatura.com\/wp-content\/uploads\/2024\/08\/biocoffee-bio-100g-naturgreen.jpg","datePublished":"2024-08-12T13:46:53+00:00","dateModified":"2024-08-13T20:30:27+00:00","description":"Biocoffee de Naturgreen es ideal para quienes desean combinar el placer de un caf\u00e9 sabroso con los beneficios de una bebida ecol\u00f3gica y saludable.","breadcrumb":{"@id":"https:\/\/www.lifenatura.com\/es\/produto\/cafe-ecologico-100g-naturgreen\/#breadcrumb"},"inLanguage":"es","potentialAction":[{"@type":"ReadAction","target":["https:\/\/www.lifenatura.com\/es\/produto\/cafe-ecologico-100g-naturgreen\/"]}]},{"@type":"ImageObject","inLanguage":"es","@id":"https:\/\/www.lifenatura.com\/es\/produto\/cafe-ecologico-100g-naturgreen\/#primaryimage","url":"https:\/\/www.lifenatura.com\/wp-content\/uploads\/2024\/08\/biocoffee-bio-100g-naturgreen.jpg","contentUrl":"https:\/\/www.lifenatura.com\/wp-content\/uploads\/2024\/08\/biocoffee-bio-100g-naturgreen.jpg","width":1000,"height":1000,"caption":"Naturgreen caf\u00e9 instant\u00e1neo ecol\u00f3gico"},{"@type":"BreadcrumbList","@id":"https:\/\/www.lifenatura.com\/es\/produto\/cafe-ecologico-100g-naturgreen\/#breadcrumb","itemListElement":[{"@type":"ListItem","position":1,"name":"In\u00edcio","item":"https:\/\/www.lifenatura.com\/es\/"},{"@type":"ListItem","position":2,"name":"Todos los Productos","item":"https:\/\/www.lifenatura.com\/es\/tienda\/"},{"@type":"ListItem","position":3,"name":"Caf\u00e9 ecol\u00f3gico 100g &#8211; Naturgreen"}]},{"@type":"WebSite","@id":"https:\/\/www.lifenatura.com\/es\/#website","url":"https:\/\/www.lifenatura.com\/es\/","name":"Lifenatura","description":"A Lifenatura \u00e9 uma loja de produtos naturais, cosm\u00e9tica natural e alimenta\u00e7\u00e3o Biol\u00f3gica.","publisher":{"@id":"https:\/\/www.lifenatura.com\/es\/#organization"},"potentialAction":[{"@type":"SearchAction","target":{"@type":"EntryPoint","urlTemplate":"https:\/\/www.lifenatura.com\/es\/?s={search_term_string}"},"query-input":{"@type":"PropertyValueSpecification","valueRequired":true,"valueName":"search_term_string"}}],"inLanguage":"es"},{"@type":"Organization","@id":"https:\/\/www.lifenatura.com\/es\/#organization","name":"Lifenatura","url":"https:\/\/www.lifenatura.com\/es\/","logo":{"@type":"ImageObject","inLanguage":"es","@id":"https:\/\/www.lifenatura.com\/es\/#\/schema\/logo\/image\/","url":"https:\/\/www.lifenatura.com\/wp-content\/uploads\/2021\/07\/logo.png","contentUrl":"https:\/\/www.lifenatura.com\/wp-content\/uploads\/2021\/07\/logo.png","width":175,"height":55,"caption":"Lifenatura"},"image":{"@id":"https:\/\/www.lifenatura.com\/es\/#\/schema\/logo\/image\/"},"sameAs":["https:\/\/www.facebook.com\/lifenatura","https:\/\/www.instagram.com\/lifenaturapt\/"],"hasMerchantReturnPolicy":{"@type":"MerchantReturnPolicy","merchantReturnLink":"https:\/\/www.lifenatura.com\/termos-condicoes-lifenatura\/"}}]},"product_price_amount":"12.37","product_price_currency":"EUR","og_availability":"instock","product_availability":"instock","product_retailer_item_id":"8437007759723","product_condition":"new"},"df_price":12.37,"df_sale_price":"","df_regular_price":12.37,"df_image_link":"https:\/\/www.lifenatura.com\/wp-content\/uploads\/2024\/08\/biocoffee-bio-100g-naturgreen-300x300.jpg","_links":{"self":[{"href":"https:\/\/www.lifenatura.com\/es\/wp-json\/wp\/v2\/product\/96771","targetHints":{"allow":["GET"]}}],"collection":[{"href":"https:\/\/www.lifenatura.com\/es\/wp-json\/wp\/v2\/product"}],"about":[{"href":"https:\/\/www.lifenatura.com\/es\/wp-json\/wp\/v2\/types\/product"}],"wp:featuredmedia":[{"embeddable":true,"href":"https:\/\/www.lifenatura.com\/es\/wp-json\/wp\/v2\/media\/96713"}],"wp:attachment":[{"href":"https:\/\/www.lifenatura.com\/es\/wp-json\/wp\/v2\/media?parent=96771"}],"wp:term":[{"taxonomy":"product_brand","embeddable":true,"href":"https:\/\/www.lifenatura.com\/es\/wp-json\/wp\/v2\/product_brand?post=96771"},{"taxonomy":"product_cat","embeddable":true,"href":"https:\/\/www.lifenatura.com\/es\/wp-json\/wp\/v2\/product_cat?post=96771"},{"taxonomy":"product_tag","embeddable":true,"href":"https:\/\/www.lifenatura.com\/es\/wp-json\/wp\/v2\/product_tag?post=96771"}],"curies":[{"name":"wp","href":"https:\/\/api.w.org\/{rel}","templated":true}]}}