{"id":96338,"date":"2024-07-31T14:21:36","date_gmt":"2024-07-31T14:21:36","guid":{"rendered":"https:\/\/www.lifenatura.com\/produto\/ajo-900-mg-30-comprimidos-soria-natural\/"},"modified":"2024-08-02T19:39:47","modified_gmt":"2024-08-02T19:39:47","slug":"ajo-900-mg-30-comprimidos-soria-natural","status":"publish","type":"product","link":"https:\/\/www.lifenatura.com\/es\/produto\/ajo-900-mg-30-comprimidos-soria-natural\/","title":{"rendered":"Ajo 900 mg 30 Comprimidos &#8211; Soria Natural"},"content":{"rendered":"<h2 style=\"text-align: left;\">Ajo para la salud cardiovascular<\/h2>\n<p>&nbsp;<\/p>\n<p>El Ajo Ent\u00e9rico de Soria Natural es un complemento alimenticio en forma de comprimidos, especialmente formulado para proporcionar los m\u00faltiples beneficios del ajo sin las molestias de su olor caracter\u00edstico. Cada comprimido contiene extracto de ajo de alta calidad, tras un exclusivo proceso de liofilizaci\u00f3n que garantiza el mantenimiento de altos niveles de alicina y otras sustancias activas organosulfuradas.<\/p>\n<p>Est\u00e1 recubierto de una capa ent\u00e9rica (que lo hace resistente a los \u00e1cidos estomacales) y se libera en el intestino, donde el organismo lo absorbe mejor, garantizando as\u00ed la m\u00e1xima absorci\u00f3n de alicina.<br \/>\nEste producto es ideal para quien busque un refuerzo natural de la salud cardiovascular, inmunol\u00f3gica y general.<\/p>\n<p><strong>Principales ventajas:<\/strong><\/p>\n<ul>\n<li><strong>Salud cardiovascular:<\/strong> ayuda a mantener la tensi\u00f3n arterial en niveles saludables y favorece la salud del coraz\u00f3n.<\/li>\n<li><strong>Propiedades antioxidantes:<\/strong> protege las c\u00e9lulas contra el da\u00f1o de los radicales libres, contribuyendo a la salud general del organismo.<\/li>\n<li><strong>Refuerza el sistema inmunitario:<\/strong> refuerza las defensas naturales del organismo, ayudando a prevenir infecciones y enfermedades.<\/li>\n<li><strong>Acci\u00f3n antimicrobiana:<\/strong> tiene propiedades antimicrobianas que ayudan a combatir bacterias, virus y hongos.<\/li>\n<li><strong>Mejora la circulaci\u00f3n sangu\u00ednea:<\/strong> ayuda a mejorar la circulaci\u00f3n sangu\u00ednea, previniendo los problemas relacionados con la mala circulaci\u00f3n.<\/li>\n<\/ul>\n<p><strong>Adecuado para:<\/strong><\/p>\n<ul>\n<li><strong>Personas con hipertensi\u00f3n:<\/strong> ideal para quienes necesitan controlar su tensi\u00f3n arterial y desean una soluci\u00f3n natural y eficaz.<\/li>\n<li><strong>Refuerzo inmunitario:<\/strong> recomendado para quienes desean reforzar el sistema inmunitario y aumentar la resistencia del organismo a las infecciones.<\/li>\n<li><strong>Salud cardiovascular:<\/strong> excelente para quienes desean mantener sano el coraz\u00f3n y prevenir las enfermedades cardiovasculares.<\/li>\n<li><strong>Mejora de la circulaci\u00f3n:<\/strong> perfecto para quienes desean mejorar la circulaci\u00f3n sangu\u00ednea y prevenir los problemas asociados.<\/li>\n<\/ul>\n<p><strong>PRESENTACI\u00d3N<\/strong><\/p>\n<p>30 Comprimidos<\/p>\n<p>&nbsp;<\/p>\n","protected":false},"excerpt":{"rendered":"<p>El Ajo Ent\u00e9rico de Soria Natural es ideal para quienes buscan un refuerzo natural del sistema inmunitario, cardiovascular y de la salud en general. [&#8230;]<\/p>\n<p><a class=\"btn btn-secondary understrap-read-more-link\" href=\"https:\/\/www.lifenatura.com\/es\/produto\/ajo-900-mg-30-comprimidos-soria-natural\/\">Leer m\u00e1s&#8230;<span class=\"screen-reader-text\"> from Ajo 900 mg 30 Comprimidos &#8211; Soria Natural<\/span><\/a><\/p>\n","protected":false},"featured_media":120871,"template":"","meta":{"_acf_changed":false},"product_brand":[8555],"product_cat":[7147,7221,7659,7179],"product_tag":[],"class_list":{"0":"post-96338","1":"product","2":"type-product","3":"status-publish","4":"has-post-thumbnail","6":"product_brand-soria-natural-es","7":"product_cat-ajo","8":"product_cat-sistema-circulatorio","9":"product_cat-ingrediente-natural-bio","10":"product_cat-salud","12":"first","13":"instock","14":"sale","15":"featured","16":"shipping-taxable","17":"purchasable","18":"product-type-simple","19":"add-to-wishlist-before_image"},"acf":[],"yoast_head":"<!-- This site is optimized with the Yoast SEO Premium plugin v27.1 (Yoast SEO v27.5) - https:\/\/yoast.com\/product\/yoast-seo-premium-wordpress\/ -->\n<title>Ajo 900 mg 30 Comprimidos - Soria Natural - Na Lifenatura ao Melhor Pre\u00e7o | Envio em 48h<\/title>\n<meta name=\"description\" content=\"El Ajo Ent\u00e9rico de Soria Natural es ideal para quienes buscan un refuerzo natural del sistema inmunitario, cardiovascular y de la salud en general.\" \/>\n<meta name=\"robots\" content=\"index, follow, max-snippet:-1, max-image-preview:large, max-video-preview:-1\" \/>\n<link rel=\"canonical\" href=\"https:\/\/www.lifenatura.com\/es\/produto\/ajo-900-mg-30-comprimidos-soria-natural\/\" \/>\n<meta property=\"og:locale\" content=\"es_ES\" \/>\n<meta property=\"og:type\" content=\"article\" \/>\n<meta property=\"og:title\" content=\"Ajo 900 mg 30 Comprimidos - Soria Natural - Na Lifenatura ao Melhor Pre\u00e7o | Envio 48h\" \/>\n<meta property=\"og:description\" content=\"Compre Ajo 900 mg 30 Comprimidos - Soria Natural com envio r\u00e1pido. Entrega em 48h e portes gr\u00e1tis em compras &gt;35\u20ac. Aproveite j\u00e1 na Lifenatura\" \/>\n<meta property=\"og:url\" content=\"https:\/\/www.lifenatura.com\/es\/produto\/ajo-900-mg-30-comprimidos-soria-natural\/\" \/>\n<meta property=\"og:site_name\" content=\"Lifenatura\" \/>\n<meta property=\"article:publisher\" content=\"https:\/\/www.facebook.com\/lifenatura\" \/>\n<meta property=\"article:modified_time\" content=\"2024-08-02T19:39:47+00:00\" \/>\n<meta property=\"og:image\" content=\"https:\/\/www.lifenatura.com\/wp-content\/uploads\/2024\/07\/alho-enterico-soria-natural.jpg\" \/>\n\t<meta property=\"og:image:width\" content=\"1001\" \/>\n\t<meta property=\"og:image:height\" content=\"1000\" \/>\n\t<meta property=\"og:image:type\" content=\"image\/jpeg\" \/>\n<meta name=\"twitter:card\" content=\"summary_large_image\" \/>\n<meta name=\"twitter:label1\" content=\"Precio\" \/>\n\t<meta name=\"twitter:data1\" content=\"9,42&nbsp;&euro;\" \/>\n\t<meta name=\"twitter:label2\" content=\"Disponibilidad\" \/>\n\t<meta name=\"twitter:data2\" content=\"Disponible\" \/>\n<script type=\"application\/ld+json\" class=\"yoast-schema-graph\">{\"@context\":\"https:\\\/\\\/schema.org\",\"@graph\":[{\"@type\":\"WebPage\",\"@id\":\"https:\\\/\\\/www.lifenatura.com\\\/es\\\/produto\\\/ajo-900-mg-30-comprimidos-soria-natural\\\/\",\"url\":\"https:\\\/\\\/www.lifenatura.com\\\/es\\\/produto\\\/ajo-900-mg-30-comprimidos-soria-natural\\\/\",\"name\":\"Ajo 900 mg 30 Comprimidos - Soria Natural - Na Lifenatura ao Melhor Pre\u00e7o | Envio em 48h\",\"isPartOf\":{\"@id\":\"https:\\\/\\\/www.lifenatura.com\\\/es\\\/#website\"},\"primaryImageOfPage\":{\"@id\":\"https:\\\/\\\/www.lifenatura.com\\\/es\\\/produto\\\/ajo-900-mg-30-comprimidos-soria-natural\\\/#primaryimage\"},\"image\":{\"@id\":\"https:\\\/\\\/www.lifenatura.com\\\/es\\\/produto\\\/ajo-900-mg-30-comprimidos-soria-natural\\\/#primaryimage\"},\"thumbnailUrl\":\"https:\\\/\\\/www.lifenatura.com\\\/wp-content\\\/uploads\\\/2025\\\/11\\\/alho-enterico-comprimidos-soria-natural.jpg\",\"datePublished\":\"2024-07-31T14:21:36+00:00\",\"dateModified\":\"2024-08-02T19:39:47+00:00\",\"description\":\"El Ajo Ent\u00e9rico de Soria Natural es ideal para quienes buscan un refuerzo natural del sistema inmunitario, cardiovascular y de la salud en general.\",\"breadcrumb\":{\"@id\":\"https:\\\/\\\/www.lifenatura.com\\\/es\\\/produto\\\/ajo-900-mg-30-comprimidos-soria-natural\\\/#breadcrumb\"},\"inLanguage\":\"es\",\"potentialAction\":[{\"@type\":\"ReadAction\",\"target\":[\"https:\\\/\\\/www.lifenatura.com\\\/es\\\/produto\\\/ajo-900-mg-30-comprimidos-soria-natural\\\/\"]}]},{\"@type\":\"ImageObject\",\"inLanguage\":\"es\",\"@id\":\"https:\\\/\\\/www.lifenatura.com\\\/es\\\/produto\\\/ajo-900-mg-30-comprimidos-soria-natural\\\/#primaryimage\",\"url\":\"https:\\\/\\\/www.lifenatura.com\\\/wp-content\\\/uploads\\\/2025\\\/11\\\/alho-enterico-comprimidos-soria-natural.jpg\",\"contentUrl\":\"https:\\\/\\\/www.lifenatura.com\\\/wp-content\\\/uploads\\\/2025\\\/11\\\/alho-enterico-comprimidos-soria-natural.jpg\",\"width\":1000,\"height\":1000,\"caption\":\"alho ent\u00e9rico comprimidos da soria natural\"},{\"@type\":\"BreadcrumbList\",\"@id\":\"https:\\\/\\\/www.lifenatura.com\\\/es\\\/produto\\\/ajo-900-mg-30-comprimidos-soria-natural\\\/#breadcrumb\",\"itemListElement\":[{\"@type\":\"ListItem\",\"position\":1,\"name\":\"In\u00edcio\",\"item\":\"https:\\\/\\\/www.lifenatura.com\\\/es\\\/\"},{\"@type\":\"ListItem\",\"position\":2,\"name\":\"Todos los Productos\",\"item\":\"https:\\\/\\\/www.lifenatura.com\\\/es\\\/tienda\\\/\"},{\"@type\":\"ListItem\",\"position\":3,\"name\":\"Ajo 900 mg 30 Comprimidos &#8211; Soria Natural\"}]},{\"@type\":\"WebSite\",\"@id\":\"https:\\\/\\\/www.lifenatura.com\\\/es\\\/#website\",\"url\":\"https:\\\/\\\/www.lifenatura.com\\\/es\\\/\",\"name\":\"Lifenatura\",\"description\":\"A Lifenatura \u00e9 uma loja de produtos naturais, cosm\u00e9tica natural e alimenta\u00e7\u00e3o Biol\u00f3gica.\",\"publisher\":{\"@id\":\"https:\\\/\\\/www.lifenatura.com\\\/es\\\/#organization\"},\"potentialAction\":[{\"@type\":\"SearchAction\",\"target\":{\"@type\":\"EntryPoint\",\"urlTemplate\":\"https:\\\/\\\/www.lifenatura.com\\\/es\\\/?s={search_term_string}\"},\"query-input\":{\"@type\":\"PropertyValueSpecification\",\"valueRequired\":true,\"valueName\":\"search_term_string\"}}],\"inLanguage\":\"es\"},{\"@type\":\"Organization\",\"@id\":\"https:\\\/\\\/www.lifenatura.com\\\/es\\\/#organization\",\"name\":\"Lifenatura\",\"url\":\"https:\\\/\\\/www.lifenatura.com\\\/es\\\/\",\"logo\":{\"@type\":\"ImageObject\",\"inLanguage\":\"es\",\"@id\":\"https:\\\/\\\/www.lifenatura.com\\\/es\\\/#\\\/schema\\\/logo\\\/image\\\/\",\"url\":\"https:\\\/\\\/www.lifenatura.com\\\/wp-content\\\/uploads\\\/2021\\\/07\\\/logo.png\",\"contentUrl\":\"https:\\\/\\\/www.lifenatura.com\\\/wp-content\\\/uploads\\\/2021\\\/07\\\/logo.png\",\"width\":175,\"height\":55,\"caption\":\"Lifenatura\"},\"image\":{\"@id\":\"https:\\\/\\\/www.lifenatura.com\\\/es\\\/#\\\/schema\\\/logo\\\/image\\\/\"},\"sameAs\":[\"https:\\\/\\\/www.facebook.com\\\/lifenatura\",\"https:\\\/\\\/www.instagram.com\\\/lifenaturapt\\\/\"],\"hasMerchantReturnPolicy\":{\"@type\":\"MerchantReturnPolicy\",\"merchantReturnLink\":\"https:\\\/\\\/www.lifenatura.com\\\/termos-condicoes-lifenatura\\\/\"}}]}<\/script>\n<meta property=\"product:price:amount\" content=\"9.42\" \/>\n<meta property=\"product:price:currency\" content=\"EUR\" \/>\n<meta property=\"og:availability\" content=\"instock\" \/>\n<meta property=\"product:availability\" content=\"instock\" \/>\n<meta property=\"product:retailer_item_id\" content=\"8422947094300\" \/>\n<meta property=\"product:condition\" content=\"new\" \/>\n<!-- \/ Yoast SEO Premium plugin. -->","yoast_head_json":{"title":"Ajo 900 mg 30 Comprimidos - Soria Natural - Na Lifenatura ao Melhor Pre\u00e7o | Envio em 48h","description":"El Ajo Ent\u00e9rico de Soria Natural es ideal para quienes buscan un refuerzo natural del sistema inmunitario, cardiovascular y de la salud en general.","robots":{"index":"index","follow":"follow","max-snippet":"max-snippet:-1","max-image-preview":"max-image-preview:large","max-video-preview":"max-video-preview:-1"},"canonical":"https:\/\/www.lifenatura.com\/es\/produto\/ajo-900-mg-30-comprimidos-soria-natural\/","og_locale":"es_ES","og_type":"article","og_title":"Ajo 900 mg 30 Comprimidos - Soria Natural - Na Lifenatura ao Melhor Pre\u00e7o | Envio 48h","og_description":"Compre Ajo 900 mg 30 Comprimidos - Soria Natural com envio r\u00e1pido. Entrega em 48h e portes gr\u00e1tis em compras >35\u20ac. Aproveite j\u00e1 na Lifenatura","og_url":"https:\/\/www.lifenatura.com\/es\/produto\/ajo-900-mg-30-comprimidos-soria-natural\/","og_site_name":"Lifenatura","article_publisher":"https:\/\/www.facebook.com\/lifenatura","article_modified_time":"2024-08-02T19:39:47+00:00","og_image":[{"width":1001,"height":1000,"url":"https:\/\/www.lifenatura.com\/wp-content\/uploads\/2024\/07\/alho-enterico-soria-natural.jpg","type":"image\/jpeg"}],"twitter_card":"summary_large_image","twitter_misc":{"Precio":"9,42&nbsp;&euro;","Disponibilidad":"Disponible"},"schema":{"@context":"https:\/\/schema.org","@graph":[{"@type":"WebPage","@id":"https:\/\/www.lifenatura.com\/es\/produto\/ajo-900-mg-30-comprimidos-soria-natural\/","url":"https:\/\/www.lifenatura.com\/es\/produto\/ajo-900-mg-30-comprimidos-soria-natural\/","name":"Ajo 900 mg 30 Comprimidos - Soria Natural - Na Lifenatura ao Melhor Pre\u00e7o | Envio em 48h","isPartOf":{"@id":"https:\/\/www.lifenatura.com\/es\/#website"},"primaryImageOfPage":{"@id":"https:\/\/www.lifenatura.com\/es\/produto\/ajo-900-mg-30-comprimidos-soria-natural\/#primaryimage"},"image":{"@id":"https:\/\/www.lifenatura.com\/es\/produto\/ajo-900-mg-30-comprimidos-soria-natural\/#primaryimage"},"thumbnailUrl":"https:\/\/www.lifenatura.com\/wp-content\/uploads\/2025\/11\/alho-enterico-comprimidos-soria-natural.jpg","datePublished":"2024-07-31T14:21:36+00:00","dateModified":"2024-08-02T19:39:47+00:00","description":"El Ajo Ent\u00e9rico de Soria Natural es ideal para quienes buscan un refuerzo natural del sistema inmunitario, cardiovascular y de la salud en general.","breadcrumb":{"@id":"https:\/\/www.lifenatura.com\/es\/produto\/ajo-900-mg-30-comprimidos-soria-natural\/#breadcrumb"},"inLanguage":"es","potentialAction":[{"@type":"ReadAction","target":["https:\/\/www.lifenatura.com\/es\/produto\/ajo-900-mg-30-comprimidos-soria-natural\/"]}]},{"@type":"ImageObject","inLanguage":"es","@id":"https:\/\/www.lifenatura.com\/es\/produto\/ajo-900-mg-30-comprimidos-soria-natural\/#primaryimage","url":"https:\/\/www.lifenatura.com\/wp-content\/uploads\/2025\/11\/alho-enterico-comprimidos-soria-natural.jpg","contentUrl":"https:\/\/www.lifenatura.com\/wp-content\/uploads\/2025\/11\/alho-enterico-comprimidos-soria-natural.jpg","width":1000,"height":1000,"caption":"alho ent\u00e9rico comprimidos da soria natural"},{"@type":"BreadcrumbList","@id":"https:\/\/www.lifenatura.com\/es\/produto\/ajo-900-mg-30-comprimidos-soria-natural\/#breadcrumb","itemListElement":[{"@type":"ListItem","position":1,"name":"In\u00edcio","item":"https:\/\/www.lifenatura.com\/es\/"},{"@type":"ListItem","position":2,"name":"Todos los Productos","item":"https:\/\/www.lifenatura.com\/es\/tienda\/"},{"@type":"ListItem","position":3,"name":"Ajo 900 mg 30 Comprimidos &#8211; Soria Natural"}]},{"@type":"WebSite","@id":"https:\/\/www.lifenatura.com\/es\/#website","url":"https:\/\/www.lifenatura.com\/es\/","name":"Lifenatura","description":"A Lifenatura \u00e9 uma loja de produtos naturais, cosm\u00e9tica natural e alimenta\u00e7\u00e3o Biol\u00f3gica.","publisher":{"@id":"https:\/\/www.lifenatura.com\/es\/#organization"},"potentialAction":[{"@type":"SearchAction","target":{"@type":"EntryPoint","urlTemplate":"https:\/\/www.lifenatura.com\/es\/?s={search_term_string}"},"query-input":{"@type":"PropertyValueSpecification","valueRequired":true,"valueName":"search_term_string"}}],"inLanguage":"es"},{"@type":"Organization","@id":"https:\/\/www.lifenatura.com\/es\/#organization","name":"Lifenatura","url":"https:\/\/www.lifenatura.com\/es\/","logo":{"@type":"ImageObject","inLanguage":"es","@id":"https:\/\/www.lifenatura.com\/es\/#\/schema\/logo\/image\/","url":"https:\/\/www.lifenatura.com\/wp-content\/uploads\/2021\/07\/logo.png","contentUrl":"https:\/\/www.lifenatura.com\/wp-content\/uploads\/2021\/07\/logo.png","width":175,"height":55,"caption":"Lifenatura"},"image":{"@id":"https:\/\/www.lifenatura.com\/es\/#\/schema\/logo\/image\/"},"sameAs":["https:\/\/www.facebook.com\/lifenatura","https:\/\/www.instagram.com\/lifenaturapt\/"],"hasMerchantReturnPolicy":{"@type":"MerchantReturnPolicy","merchantReturnLink":"https:\/\/www.lifenatura.com\/termos-condicoes-lifenatura\/"}}]},"product_price_amount":"9.42","product_price_currency":"EUR","og_availability":"instock","product_availability":"instock","product_retailer_item_id":"8422947094300","product_condition":"new"},"df_price":9.42,"df_sale_price":9.42,"df_regular_price":10.47,"df_image_link":"https:\/\/www.lifenatura.com\/wp-content\/uploads\/2025\/11\/alho-enterico-comprimidos-soria-natural-300x300.jpg","_links":{"self":[{"href":"https:\/\/www.lifenatura.com\/es\/wp-json\/wp\/v2\/product\/96338","targetHints":{"allow":["GET"]}}],"collection":[{"href":"https:\/\/www.lifenatura.com\/es\/wp-json\/wp\/v2\/product"}],"about":[{"href":"https:\/\/www.lifenatura.com\/es\/wp-json\/wp\/v2\/types\/product"}],"wp:featuredmedia":[{"embeddable":true,"href":"https:\/\/www.lifenatura.com\/es\/wp-json\/wp\/v2\/media\/120871"}],"wp:attachment":[{"href":"https:\/\/www.lifenatura.com\/es\/wp-json\/wp\/v2\/media?parent=96338"}],"wp:term":[{"taxonomy":"product_brand","embeddable":true,"href":"https:\/\/www.lifenatura.com\/es\/wp-json\/wp\/v2\/product_brand?post=96338"},{"taxonomy":"product_cat","embeddable":true,"href":"https:\/\/www.lifenatura.com\/es\/wp-json\/wp\/v2\/product_cat?post=96338"},{"taxonomy":"product_tag","embeddable":true,"href":"https:\/\/www.lifenatura.com\/es\/wp-json\/wp\/v2\/product_tag?post=96338"}],"curies":[{"name":"wp","href":"https:\/\/api.w.org\/{rel}","templated":true}]}}