{"id":96329,"date":"2024-07-31T14:21:45","date_gmt":"2024-07-31T14:21:45","guid":{"rendered":"https:\/\/www.lifenatura.com\/produto\/complejo-vitaminico-b-1000-mg-30-comprimidos-soria-natural\/"},"modified":"2024-08-02T20:16:12","modified_gmt":"2024-08-02T20:16:12","slug":"complejo-vitaminico-b-1000-mg-30-comprimidos-soria-natural","status":"publish","type":"product","link":"https:\/\/www.lifenatura.com\/es\/produto\/complejo-vitaminico-b-1000-mg-30-comprimidos-soria-natural\/","title":{"rendered":"Complejo vitam\u00ednico B 1000 mg 30 Comprimidos &#8211; Soria Natural"},"content":{"rendered":"<h2 style=\"text-align: left;\">Ayuda a reducir el cansancio y la fatiga<\/h2>\n<p>&nbsp;<\/p>\n<p>Complejo vitam\u00ednico B de Soria Natural es un complemento alimenticio formulado para proporcionar una dosis equilibrada y completa de todas las vitaminas del grupo B. Estas vitaminas son esenciales para diversas funciones metab\u00f3licas y desempe\u00f1an un papel crucial en el mantenimiento de la salud general.<\/p>\n<p>Cada comprimido est\u00e1 cuidadosamente elaborado para garantizar que obtienes los nutrientes que necesitas para un funcionamiento corporal \u00f3ptimo, fomentando la energ\u00eda, la salud mental y el bienestar.<\/p>\n<p><strong>Principales ventajas:<\/strong><\/p>\n<ul>\n<li><strong>Aumento de energ\u00eda:<\/strong> las vitaminas B ayudan a convertir los alimentos en energ\u00eda, combatiendo la fatiga y aumentando la vitalidad.<\/li>\n<li><strong>Salud mental:<\/strong> Contribuye a la salud del sistema nervioso, ayudando a mejorar el estado de \u00e1nimo y a reducir la ansiedad y el estr\u00e9s.<br \/>\nEl \u00e1cido pantot\u00e9nico contribuye al rendimiento intelectual normal.<\/li>\n<li><strong>Metabolismo saludable:<\/strong> Favorece el metabolismo saludable de prote\u00ednas, grasas e hidratos de carbono.<\/li>\n<li><strong>Salud de la piel y el cabello:<\/strong> Las vitaminas B son esenciales para mantener una piel sana y un cabello fuerte.<\/li>\n<li><strong>Sistema inmunitario:<\/strong> la riboflavina ayuda a proteger las c\u00e9lulas contra el da\u00f1o oxidativo, reforzando as\u00ed el sistema inmunitario.<\/li>\n<\/ul>\n<p><strong>Adecuado para:<\/strong><\/p>\n<ul>\n<li><strong>Personas con d\u00e9ficit de vitamina B:<\/strong> ideal para quienes necesitan complementar su ingesta de vitaminas del grupo B.<\/li>\n<li><strong>Aumento de la energ\u00eda y la vitalidad:<\/strong> recomendado para quienes se sienten fatigados y necesitan un impulso energ\u00e9tico natural.<\/li>\n<li><strong>Mejorar la salud mental:<\/strong> excelente para quienes buscan mejorar el estado de \u00e1nimo, reducir el estr\u00e9s y apoyar la salud mental.<\/li>\n<li><strong>Mantenimiento de la salud general:<\/strong> perfecto para quienes desean garantizar una ingesta equilibrada de vitaminas esenciales para el buen funcionamiento del organismo.<\/li>\n<li><strong>Salud de la piel y el cabello:<\/strong> recomendado para quienes desean mantener una piel sana y un cabello fuerte y brillante.<\/li>\n<\/ul>\n<p><strong>PRESENTACI\u00d3N<\/strong><\/p>\n<p>30 Comprimidos<\/p>\n<p>&nbsp;<\/p>\n","protected":false},"excerpt":{"rendered":"<p>El Complejo Vitam\u00ednico B de Soria Natural es un complemento alimenticio formulado para aportar una dosis equilibrada y completa de todas las vitaminas del grupo B. [&#8230;]<\/p>\n<p><a class=\"btn btn-secondary understrap-read-more-link\" href=\"https:\/\/www.lifenatura.com\/es\/produto\/complejo-vitaminico-b-1000-mg-30-comprimidos-soria-natural\/\">Leer m\u00e1s&#8230;<span class=\"screen-reader-text\"> from Complejo vitam\u00ednico B 1000 mg 30 Comprimidos &#8211; Soria Natural<\/span><\/a><\/p>\n","protected":false},"featured_media":96109,"template":"","meta":{"_acf_changed":false},"product_brand":[8555],"product_cat":[7179,7883,7952],"product_tag":[],"class_list":{"0":"post-96329","1":"product","2":"type-product","3":"status-publish","4":"has-post-thumbnail","6":"product_brand-soria-natural-es","7":"product_cat-salud","8":"product_cat-suplementos-alimenticios","9":"product_cat-vitamina-b-es","10":"pa_caracteristicas-sin-gluten","11":"pa_caracteristicas-vegano","12":"pa_dicas-vitaminas-minerales-soria-natural","14":"first","15":"instock","16":"sale","17":"featured","18":"shipping-taxable","19":"purchasable","20":"product-type-simple","21":"add-to-wishlist-before_image"},"acf":[],"yoast_head":"<!-- This site is optimized with the Yoast SEO Premium plugin v27.1 (Yoast SEO v27.4) - https:\/\/yoast.com\/product\/yoast-seo-premium-wordpress\/ -->\n<title>Complejo vitam\u00ednico B 1000 mg 30 Comprimidos - Soria Natural - Lifenatura<\/title>\n<meta name=\"description\" content=\"El Complejo Vitam\u00ednico B es un complemento alimenticio formulado para aportar una dosis equilibrada y completa de todas las vitaminas del grupo B.\" \/>\n<meta name=\"robots\" content=\"index, follow, max-snippet:-1, max-image-preview:large, max-video-preview:-1\" \/>\n<link rel=\"canonical\" href=\"https:\/\/www.lifenatura.com\/es\/produto\/complejo-vitaminico-b-1000-mg-30-comprimidos-soria-natural\/\" \/>\n<meta property=\"og:locale\" content=\"es_ES\" \/>\n<meta property=\"og:type\" content=\"article\" \/>\n<meta property=\"og:title\" content=\"Complejo vitam\u00ednico B 1000 mg 30 Comprimidos - Soria Natural - Lifenatura\" \/>\n<meta property=\"og:description\" content=\"Compre aqui o seu Complejo vitam\u00ednico B 1000 mg 30 Comprimidos - Soria Natural e a Lifenatura Online envia em 48 H com Portes Gratis &gt;35\u20ac de Pedido.\" \/>\n<meta property=\"og:url\" content=\"https:\/\/www.lifenatura.com\/es\/produto\/complejo-vitaminico-b-1000-mg-30-comprimidos-soria-natural\/\" \/>\n<meta property=\"og:site_name\" content=\"Lifenatura\" \/>\n<meta property=\"article:publisher\" content=\"https:\/\/www.facebook.com\/lifenatura\" \/>\n<meta property=\"article:modified_time\" content=\"2024-08-02T20:16:12+00:00\" \/>\n<meta property=\"og:image\" content=\"https:\/\/www.lifenatura.com\/wp-content\/uploads\/2024\/07\/b-complex-soria-natural.jpg\" \/>\n\t<meta property=\"og:image:width\" content=\"1000\" \/>\n\t<meta property=\"og:image:height\" content=\"1000\" \/>\n\t<meta property=\"og:image:type\" content=\"image\/jpeg\" \/>\n<meta name=\"twitter:card\" content=\"summary_large_image\" \/>\n<meta name=\"twitter:label1\" content=\"Precio\" \/>\n\t<meta name=\"twitter:data1\" content=\"12,70&nbsp;&euro;\" \/>\n\t<meta name=\"twitter:label2\" content=\"Disponibilidad\" \/>\n\t<meta name=\"twitter:data2\" content=\"Disponible\" \/>\n<meta property=\"product:price:amount\" content=\"12.70\" \/>\n<meta property=\"product:price:currency\" content=\"EUR\" \/>\n<meta property=\"og:availability\" content=\"instock\" \/>\n<meta property=\"product:availability\" content=\"instock\" \/>\n<meta property=\"product:retailer_item_id\" content=\"8422947111496\" \/>\n<meta property=\"product:condition\" content=\"new\" \/>\n<!-- \/ Yoast SEO Premium plugin. -->","yoast_head_json":{"title":"Complejo vitam\u00ednico B 1000 mg 30 Comprimidos - Soria Natural - Lifenatura","description":"El Complejo Vitam\u00ednico B es un complemento alimenticio formulado para aportar una dosis equilibrada y completa de todas las vitaminas del grupo B.","robots":{"index":"index","follow":"follow","max-snippet":"max-snippet:-1","max-image-preview":"max-image-preview:large","max-video-preview":"max-video-preview:-1"},"canonical":"https:\/\/www.lifenatura.com\/es\/produto\/complejo-vitaminico-b-1000-mg-30-comprimidos-soria-natural\/","og_locale":"es_ES","og_type":"article","og_title":"Complejo vitam\u00ednico B 1000 mg 30 Comprimidos - Soria Natural - Lifenatura","og_description":"Compre aqui o seu Complejo vitam\u00ednico B 1000 mg 30 Comprimidos - Soria Natural e a Lifenatura Online envia em 48 H com Portes Gratis >35\u20ac de Pedido.","og_url":"https:\/\/www.lifenatura.com\/es\/produto\/complejo-vitaminico-b-1000-mg-30-comprimidos-soria-natural\/","og_site_name":"Lifenatura","article_publisher":"https:\/\/www.facebook.com\/lifenatura","article_modified_time":"2024-08-02T20:16:12+00:00","og_image":[{"width":1000,"height":1000,"url":"https:\/\/www.lifenatura.com\/wp-content\/uploads\/2024\/07\/b-complex-soria-natural.jpg","type":"image\/jpeg"}],"twitter_card":"summary_large_image","twitter_misc":{"Precio":"12,70&nbsp;&euro;","Disponibilidad":"Disponible"},"schema":{"@context":"https:\/\/schema.org","@graph":[{"@type":"WebPage","@id":"https:\/\/www.lifenatura.com\/es\/produto\/complejo-vitaminico-b-1000-mg-30-comprimidos-soria-natural\/","url":"https:\/\/www.lifenatura.com\/es\/produto\/complejo-vitaminico-b-1000-mg-30-comprimidos-soria-natural\/","name":"Complejo vitam\u00ednico B 1000 mg 30 Comprimidos - Soria Natural - Lifenatura","isPartOf":{"@id":"https:\/\/www.lifenatura.com\/es\/#website"},"primaryImageOfPage":{"@id":"https:\/\/www.lifenatura.com\/es\/produto\/complejo-vitaminico-b-1000-mg-30-comprimidos-soria-natural\/#primaryimage"},"image":{"@id":"https:\/\/www.lifenatura.com\/es\/produto\/complejo-vitaminico-b-1000-mg-30-comprimidos-soria-natural\/#primaryimage"},"thumbnailUrl":"https:\/\/www.lifenatura.com\/wp-content\/uploads\/2024\/07\/b-complex-soria-natural.jpg","datePublished":"2024-07-31T14:21:45+00:00","dateModified":"2024-08-02T20:16:12+00:00","description":"El Complejo Vitam\u00ednico B es un complemento alimenticio formulado para aportar una dosis equilibrada y completa de todas las vitaminas del grupo B.","breadcrumb":{"@id":"https:\/\/www.lifenatura.com\/es\/produto\/complejo-vitaminico-b-1000-mg-30-comprimidos-soria-natural\/#breadcrumb"},"inLanguage":"es","potentialAction":[{"@type":"ReadAction","target":["https:\/\/www.lifenatura.com\/es\/produto\/complejo-vitaminico-b-1000-mg-30-comprimidos-soria-natural\/"]}]},{"@type":"ImageObject","inLanguage":"es","@id":"https:\/\/www.lifenatura.com\/es\/produto\/complejo-vitaminico-b-1000-mg-30-comprimidos-soria-natural\/#primaryimage","url":"https:\/\/www.lifenatura.com\/wp-content\/uploads\/2024\/07\/b-complex-soria-natural.jpg","contentUrl":"https:\/\/www.lifenatura.com\/wp-content\/uploads\/2024\/07\/b-complex-soria-natural.jpg","width":1000,"height":1000,"caption":"Complejo vitam\u00ednico B de Soria Natural"},{"@type":"BreadcrumbList","@id":"https:\/\/www.lifenatura.com\/es\/produto\/complejo-vitaminico-b-1000-mg-30-comprimidos-soria-natural\/#breadcrumb","itemListElement":[{"@type":"ListItem","position":1,"name":"In\u00edcio","item":"https:\/\/www.lifenatura.com\/es\/"},{"@type":"ListItem","position":2,"name":"Todos los Productos","item":"https:\/\/www.lifenatura.com\/es\/tienda\/"},{"@type":"ListItem","position":3,"name":"Complejo vitam\u00ednico B 1000 mg 30 Comprimidos &#8211; Soria Natural"}]},{"@type":"WebSite","@id":"https:\/\/www.lifenatura.com\/es\/#website","url":"https:\/\/www.lifenatura.com\/es\/","name":"Lifenatura","description":"A Lifenatura \u00e9 uma loja de produtos naturais, cosm\u00e9tica natural e alimenta\u00e7\u00e3o Biol\u00f3gica.","publisher":{"@id":"https:\/\/www.lifenatura.com\/es\/#organization"},"potentialAction":[{"@type":"SearchAction","target":{"@type":"EntryPoint","urlTemplate":"https:\/\/www.lifenatura.com\/es\/?s={search_term_string}"},"query-input":{"@type":"PropertyValueSpecification","valueRequired":true,"valueName":"search_term_string"}}],"inLanguage":"es"},{"@type":"Organization","@id":"https:\/\/www.lifenatura.com\/es\/#organization","name":"Lifenatura","url":"https:\/\/www.lifenatura.com\/es\/","logo":{"@type":"ImageObject","inLanguage":"es","@id":"https:\/\/www.lifenatura.com\/es\/#\/schema\/logo\/image\/","url":"https:\/\/www.lifenatura.com\/wp-content\/uploads\/2021\/11\/logo.png","contentUrl":"https:\/\/www.lifenatura.com\/wp-content\/uploads\/2021\/11\/logo.png","width":175,"height":55,"caption":"Lifenatura"},"image":{"@id":"https:\/\/www.lifenatura.com\/es\/#\/schema\/logo\/image\/"},"sameAs":["https:\/\/www.facebook.com\/lifenatura","https:\/\/www.instagram.com\/lifenaturapt\/"]}]},"product_price_amount":"12.70","product_price_currency":"EUR","og_availability":"instock","product_availability":"instock","product_retailer_item_id":"8422947111496","product_condition":"new"},"df_price":12.7,"df_sale_price":12.7,"df_regular_price":14.11,"df_image_link":"https:\/\/www.lifenatura.com\/wp-content\/uploads\/2024\/07\/b-complex-soria-natural-300x300.jpg","_links":{"self":[{"href":"https:\/\/www.lifenatura.com\/es\/wp-json\/wp\/v2\/product\/96329","targetHints":{"allow":["GET"]}}],"collection":[{"href":"https:\/\/www.lifenatura.com\/es\/wp-json\/wp\/v2\/product"}],"about":[{"href":"https:\/\/www.lifenatura.com\/es\/wp-json\/wp\/v2\/types\/product"}],"wp:featuredmedia":[{"embeddable":true,"href":"https:\/\/www.lifenatura.com\/es\/wp-json\/wp\/v2\/media\/96109"}],"wp:attachment":[{"href":"https:\/\/www.lifenatura.com\/es\/wp-json\/wp\/v2\/media?parent=96329"}],"wp:term":[{"taxonomy":"product_brand","embeddable":true,"href":"https:\/\/www.lifenatura.com\/es\/wp-json\/wp\/v2\/product_brand?post=96329"},{"taxonomy":"product_cat","embeddable":true,"href":"https:\/\/www.lifenatura.com\/es\/wp-json\/wp\/v2\/product_cat?post=96329"},{"taxonomy":"product_tag","embeddable":true,"href":"https:\/\/www.lifenatura.com\/es\/wp-json\/wp\/v2\/product_tag?post=96329"}],"curies":[{"name":"wp","href":"https:\/\/api.w.org\/{rel}","templated":true}]}}