{"id":96012,"date":"2024-05-23T11:06:15","date_gmt":"2024-05-23T11:06:15","guid":{"rendered":"https:\/\/www.lifenatura.com\/produto\/multivit-4g-energia-30-comprimidos-forte-pharma\/"},"modified":"2024-07-31T16:43:37","modified_gmt":"2024-07-31T16:43:37","slug":"multivit-4g-energia-30-comprimidos-forte-pharma","status":"publish","type":"product","link":"https:\/\/www.lifenatura.com\/es\/produto\/multivit-4g-energia-30-comprimidos-forte-pharma\/","title":{"rendered":"Multivit 4G Energ\u00eda 30 comprimidos &#8211; Forte Pharma"},"content":{"rendered":"<h2 style=\"text-align: left;\"><strong>Multivit 4G Energ\u00eda un complejo con 12 vitaminas y 7 minerales<\/strong><\/h2>\n<p>&nbsp;<\/p>\n<p>Multivit 4G Energ\u00eda de Forte Pharma es un complemento alimenticio formulado para proporcionar un aumento significativo de energ\u00eda y vitalidad.<\/p>\n<p>Este producto combina la eficacia de las vitaminas y minerales esenciales con la potente acci\u00f3n de los cuatro ingredientes naturales conocidos como &#8220;4G&#8221;: Ginseng, Guaran\u00e1, Jalea Real y Jengibre.<\/p>\n<p>Ideal para quienes buscan combatir la fatiga y mejorar el rendimiento f\u00edsico y mental, Multivit 4G Energ\u00eda es una soluci\u00f3n pr\u00e1ctica y eficaz para afrontar la vida cotidiana con m\u00e1s energ\u00eda y vitalidad.<\/p>\n<p><strong>Principales ventajas:<\/strong><\/p>\n<ul>\n<li><strong>Mayor energ\u00eda y vitalidad:<\/strong> Combate la fatiga y el cansancio, proporcionando un impulso extra de energ\u00eda para el cuerpo y la mente.<\/li>\n<li><strong>Mejora de la concentraci\u00f3n y el rendimiento mental:<\/strong> Los ingredientes &#8220;4G&#8221; ayudan a mejorar la concentraci\u00f3n y el rendimiento cognitivo.<\/li>\n<li><strong>Refuerzo nutricional:<\/strong> Proporciona una amplia gama de nutrientes esenciales, como vitaminas, minerales y amino\u00e1cidos, que favorecen las funciones metab\u00f3licas del organismo.<\/li>\n<li><strong>Acci\u00f3n antioxidante:<\/strong> Protege las c\u00e9lulas contra el da\u00f1o de los radicales libres, contribuyendo a la salud general del organismo.<\/li>\n<li><strong>Recuperaci\u00f3n r\u00e1pida:<\/strong> Te ayuda a recuperarte r\u00e1pidamente tras periodos de intenso estr\u00e9s f\u00edsico o mental.<\/li>\n<\/ul>\n<p><strong>Adecuado para:<\/strong><\/p>\n<ul>\n<li><strong>Personas con fatiga y cansancio:<\/strong> Ideal para quienes necesitan un impulso extra de energ\u00eda para afrontar la vida cotidiana.<\/li>\n<li><strong>Aumento del Rendimiento F\u00edsico y Mental:<\/strong> Adecuado para estudiantes, profesionales y deportistas que deseen mejorar su rendimiento y concentraci\u00f3n.<\/li>\n<li><strong>Periodos de Estr\u00e9s y Exigencia:<\/strong> Excelente para utilizar durante periodos de mayor estr\u00e9s o exigencia f\u00edsica y mental.<\/li>\n<li><strong>Mantener la vitalidad:<\/strong> Perfecto para quienes desean mantener niveles \u00f3ptimos de energ\u00eda y vitalidad a lo largo del d\u00eda.<\/li>\n<\/ul>\n<p><strong>PRESENTACI\u00d3N<\/strong><\/p>\n<p>30 Comprimidos<\/p>\n<p>&nbsp;<\/p>\n","protected":false},"excerpt":{"rendered":"<p>Multivit 4G Energy de Forte Pharma es la elecci\u00f3n ideal para quien busque un suplemento natural y eficaz para aumentar la energ\u00eda y la vitalidad. [&#8230;]<\/p>\n<p><a class=\"btn btn-secondary understrap-read-more-link\" href=\"https:\/\/www.lifenatura.com\/es\/produto\/multivit-4g-energia-30-comprimidos-forte-pharma\/\">Leer m\u00e1s&#8230;<span class=\"screen-reader-text\"> from Multivit 4G Energ\u00eda 30 comprimidos &#8211; Forte Pharma<\/span><\/a><\/p>\n","protected":false},"featured_media":91907,"template":"","meta":{"_acf_changed":false},"product_brand":[8557],"product_cat":[7722,7659,7164,7165,7259,7883],"product_tag":[],"class_list":{"0":"post-96012","1":"product","2":"type-product","3":"status-publish","4":"has-post-thumbnail","6":"product_brand-forte-pharma","7":"product_cat-guarana-es","8":"product_cat-ingrediente-natural-bio","9":"product_cat-jalea-real","10":"product_cat-jengibre","11":"product_cat-vitaminas-y-minerales","12":"product_cat-suplementos-alimenticios","14":"first","15":"instock","16":"shipping-taxable","17":"purchasable","18":"product-type-simple","19":"add-to-wishlist-before_image"},"acf":[],"yoast_head":"<!-- This site is optimized with the Yoast SEO Premium plugin v27.1 (Yoast SEO v27.5) - https:\/\/yoast.com\/product\/yoast-seo-premium-wordpress\/ -->\n<title>Multivit 4G Energ\u00eda 30 comprimidos - Forte Pharma - Na Lifenatura ao Melhor Pre\u00e7o | Envio em 48h<\/title>\n<meta name=\"description\" content=\"Multivit 4G Energy de Forte Pharma es la elecci\u00f3n ideal para quien busque un suplemento natural y eficaz para aumentar la energ\u00eda y la vitalidad.\" \/>\n<meta name=\"robots\" content=\"index, follow, max-snippet:-1, max-image-preview:large, max-video-preview:-1\" \/>\n<link rel=\"canonical\" href=\"https:\/\/www.lifenatura.com\/es\/produto\/multivit-4g-energia-30-comprimidos-forte-pharma\/\" \/>\n<meta property=\"og:locale\" content=\"es_ES\" \/>\n<meta property=\"og:type\" content=\"article\" \/>\n<meta property=\"og:title\" content=\"Multivit 4G Energ\u00eda 30 comprimidos - Forte Pharma - Na Lifenatura ao Melhor Pre\u00e7o | Envio 48h\" \/>\n<meta property=\"og:description\" content=\"Compre Multivit 4G Energ\u00eda 30 comprimidos - Forte Pharma com envio r\u00e1pido. Entrega em 48h e portes gr\u00e1tis em compras &gt;35\u20ac. Aproveite j\u00e1 na Lifenatura\" \/>\n<meta property=\"og:url\" content=\"https:\/\/www.lifenatura.com\/es\/produto\/multivit-4g-energia-30-comprimidos-forte-pharma\/\" \/>\n<meta property=\"og:site_name\" content=\"Lifenatura\" \/>\n<meta property=\"article:publisher\" content=\"https:\/\/www.facebook.com\/lifenatura\" \/>\n<meta property=\"article:modified_time\" content=\"2024-07-31T16:43:37+00:00\" \/>\n<meta property=\"og:image\" content=\"https:\/\/www.lifenatura.com\/wp-content\/uploads\/2024\/05\/multivit-energy-forte-pharma.jpg\" \/>\n\t<meta property=\"og:image:width\" content=\"1000\" \/>\n\t<meta property=\"og:image:height\" content=\"1000\" \/>\n\t<meta property=\"og:image:type\" content=\"image\/jpeg\" \/>\n<meta name=\"twitter:card\" content=\"summary_large_image\" \/>\n<meta name=\"twitter:label1\" content=\"Precio\" \/>\n\t<meta name=\"twitter:data1\" content=\"18,13&nbsp;&euro;\" \/>\n\t<meta name=\"twitter:label2\" content=\"Disponibilidad\" \/>\n\t<meta name=\"twitter:data2\" content=\"Disponible\" \/>\n<script type=\"application\/ld+json\" class=\"yoast-schema-graph\">{\"@context\":\"https:\\\/\\\/schema.org\",\"@graph\":[{\"@type\":\"WebPage\",\"@id\":\"https:\\\/\\\/www.lifenatura.com\\\/es\\\/produto\\\/multivit-4g-energia-30-comprimidos-forte-pharma\\\/\",\"url\":\"https:\\\/\\\/www.lifenatura.com\\\/es\\\/produto\\\/multivit-4g-energia-30-comprimidos-forte-pharma\\\/\",\"name\":\"Multivit 4G Energ\u00eda 30 comprimidos - Forte Pharma - Na Lifenatura ao Melhor Pre\u00e7o | Envio em 48h\",\"isPartOf\":{\"@id\":\"https:\\\/\\\/www.lifenatura.com\\\/es\\\/#website\"},\"primaryImageOfPage\":{\"@id\":\"https:\\\/\\\/www.lifenatura.com\\\/es\\\/produto\\\/multivit-4g-energia-30-comprimidos-forte-pharma\\\/#primaryimage\"},\"image\":{\"@id\":\"https:\\\/\\\/www.lifenatura.com\\\/es\\\/produto\\\/multivit-4g-energia-30-comprimidos-forte-pharma\\\/#primaryimage\"},\"thumbnailUrl\":\"https:\\\/\\\/www.lifenatura.com\\\/wp-content\\\/uploads\\\/2024\\\/05\\\/multivit-energy-forte-pharma.jpg\",\"datePublished\":\"2024-05-23T11:06:15+00:00\",\"dateModified\":\"2024-07-31T16:43:37+00:00\",\"description\":\"Multivit 4G Energy de Forte Pharma es la elecci\u00f3n ideal para quien busque un suplemento natural y eficaz para aumentar la energ\u00eda y la vitalidad.\",\"breadcrumb\":{\"@id\":\"https:\\\/\\\/www.lifenatura.com\\\/es\\\/produto\\\/multivit-4g-energia-30-comprimidos-forte-pharma\\\/#breadcrumb\"},\"inLanguage\":\"es\",\"potentialAction\":[{\"@type\":\"ReadAction\",\"target\":[\"https:\\\/\\\/www.lifenatura.com\\\/es\\\/produto\\\/multivit-4g-energia-30-comprimidos-forte-pharma\\\/\"]}]},{\"@type\":\"ImageObject\",\"inLanguage\":\"es\",\"@id\":\"https:\\\/\\\/www.lifenatura.com\\\/es\\\/produto\\\/multivit-4g-energia-30-comprimidos-forte-pharma\\\/#primaryimage\",\"url\":\"https:\\\/\\\/www.lifenatura.com\\\/wp-content\\\/uploads\\\/2024\\\/05\\\/multivit-energy-forte-pharma.jpg\",\"contentUrl\":\"https:\\\/\\\/www.lifenatura.com\\\/wp-content\\\/uploads\\\/2024\\\/05\\\/multivit-energy-forte-pharma.jpg\",\"width\":1000,\"height\":1000},{\"@type\":\"BreadcrumbList\",\"@id\":\"https:\\\/\\\/www.lifenatura.com\\\/es\\\/produto\\\/multivit-4g-energia-30-comprimidos-forte-pharma\\\/#breadcrumb\",\"itemListElement\":[{\"@type\":\"ListItem\",\"position\":1,\"name\":\"In\u00edcio\",\"item\":\"https:\\\/\\\/www.lifenatura.com\\\/es\\\/\"},{\"@type\":\"ListItem\",\"position\":2,\"name\":\"Todos los Productos\",\"item\":\"https:\\\/\\\/www.lifenatura.com\\\/es\\\/tienda\\\/\"},{\"@type\":\"ListItem\",\"position\":3,\"name\":\"Multivit 4G Energ\u00eda 30 comprimidos &#8211; Forte Pharma\"}]},{\"@type\":\"WebSite\",\"@id\":\"https:\\\/\\\/www.lifenatura.com\\\/es\\\/#website\",\"url\":\"https:\\\/\\\/www.lifenatura.com\\\/es\\\/\",\"name\":\"Lifenatura\",\"description\":\"A Lifenatura \u00e9 uma loja de produtos naturais, cosm\u00e9tica natural e alimenta\u00e7\u00e3o Biol\u00f3gica.\",\"publisher\":{\"@id\":\"https:\\\/\\\/www.lifenatura.com\\\/es\\\/#organization\"},\"potentialAction\":[{\"@type\":\"SearchAction\",\"target\":{\"@type\":\"EntryPoint\",\"urlTemplate\":\"https:\\\/\\\/www.lifenatura.com\\\/es\\\/?s={search_term_string}\"},\"query-input\":{\"@type\":\"PropertyValueSpecification\",\"valueRequired\":true,\"valueName\":\"search_term_string\"}}],\"inLanguage\":\"es\"},{\"@type\":\"Organization\",\"@id\":\"https:\\\/\\\/www.lifenatura.com\\\/es\\\/#organization\",\"name\":\"Lifenatura\",\"url\":\"https:\\\/\\\/www.lifenatura.com\\\/es\\\/\",\"logo\":{\"@type\":\"ImageObject\",\"inLanguage\":\"es\",\"@id\":\"https:\\\/\\\/www.lifenatura.com\\\/es\\\/#\\\/schema\\\/logo\\\/image\\\/\",\"url\":\"https:\\\/\\\/www.lifenatura.com\\\/wp-content\\\/uploads\\\/2021\\\/07\\\/logo.png\",\"contentUrl\":\"https:\\\/\\\/www.lifenatura.com\\\/wp-content\\\/uploads\\\/2021\\\/07\\\/logo.png\",\"width\":175,\"height\":55,\"caption\":\"Lifenatura\"},\"image\":{\"@id\":\"https:\\\/\\\/www.lifenatura.com\\\/es\\\/#\\\/schema\\\/logo\\\/image\\\/\"},\"sameAs\":[\"https:\\\/\\\/www.facebook.com\\\/lifenatura\",\"https:\\\/\\\/www.instagram.com\\\/lifenaturapt\\\/\"],\"hasMerchantReturnPolicy\":{\"@type\":\"MerchantReturnPolicy\",\"merchantReturnLink\":\"https:\\\/\\\/www.lifenatura.com\\\/termos-condicoes-lifenatura\\\/\"}}]}<\/script>\n<meta property=\"product:price:amount\" content=\"18.13\" \/>\n<meta property=\"product:price:currency\" content=\"EUR\" \/>\n<meta property=\"og:availability\" content=\"instock\" \/>\n<meta property=\"product:availability\" content=\"instock\" \/>\n<meta property=\"product:retailer_item_id\" content=\"6347245\" \/>\n<meta property=\"product:condition\" content=\"new\" \/>\n<!-- \/ Yoast SEO Premium plugin. -->","yoast_head_json":{"title":"Multivit 4G Energ\u00eda 30 comprimidos - Forte Pharma - Na Lifenatura ao Melhor Pre\u00e7o | Envio em 48h","description":"Multivit 4G Energy de Forte Pharma es la elecci\u00f3n ideal para quien busque un suplemento natural y eficaz para aumentar la energ\u00eda y la vitalidad.","robots":{"index":"index","follow":"follow","max-snippet":"max-snippet:-1","max-image-preview":"max-image-preview:large","max-video-preview":"max-video-preview:-1"},"canonical":"https:\/\/www.lifenatura.com\/es\/produto\/multivit-4g-energia-30-comprimidos-forte-pharma\/","og_locale":"es_ES","og_type":"article","og_title":"Multivit 4G Energ\u00eda 30 comprimidos - Forte Pharma - Na Lifenatura ao Melhor Pre\u00e7o | Envio 48h","og_description":"Compre Multivit 4G Energ\u00eda 30 comprimidos - Forte Pharma com envio r\u00e1pido. Entrega em 48h e portes gr\u00e1tis em compras >35\u20ac. Aproveite j\u00e1 na Lifenatura","og_url":"https:\/\/www.lifenatura.com\/es\/produto\/multivit-4g-energia-30-comprimidos-forte-pharma\/","og_site_name":"Lifenatura","article_publisher":"https:\/\/www.facebook.com\/lifenatura","article_modified_time":"2024-07-31T16:43:37+00:00","og_image":[{"width":1000,"height":1000,"url":"https:\/\/www.lifenatura.com\/wp-content\/uploads\/2024\/05\/multivit-energy-forte-pharma.jpg","type":"image\/jpeg"}],"twitter_card":"summary_large_image","twitter_misc":{"Precio":"18,13&nbsp;&euro;","Disponibilidad":"Disponible"},"schema":{"@context":"https:\/\/schema.org","@graph":[{"@type":"WebPage","@id":"https:\/\/www.lifenatura.com\/es\/produto\/multivit-4g-energia-30-comprimidos-forte-pharma\/","url":"https:\/\/www.lifenatura.com\/es\/produto\/multivit-4g-energia-30-comprimidos-forte-pharma\/","name":"Multivit 4G Energ\u00eda 30 comprimidos - Forte Pharma - Na Lifenatura ao Melhor Pre\u00e7o | Envio em 48h","isPartOf":{"@id":"https:\/\/www.lifenatura.com\/es\/#website"},"primaryImageOfPage":{"@id":"https:\/\/www.lifenatura.com\/es\/produto\/multivit-4g-energia-30-comprimidos-forte-pharma\/#primaryimage"},"image":{"@id":"https:\/\/www.lifenatura.com\/es\/produto\/multivit-4g-energia-30-comprimidos-forte-pharma\/#primaryimage"},"thumbnailUrl":"https:\/\/www.lifenatura.com\/wp-content\/uploads\/2024\/05\/multivit-energy-forte-pharma.jpg","datePublished":"2024-05-23T11:06:15+00:00","dateModified":"2024-07-31T16:43:37+00:00","description":"Multivit 4G Energy de Forte Pharma es la elecci\u00f3n ideal para quien busque un suplemento natural y eficaz para aumentar la energ\u00eda y la vitalidad.","breadcrumb":{"@id":"https:\/\/www.lifenatura.com\/es\/produto\/multivit-4g-energia-30-comprimidos-forte-pharma\/#breadcrumb"},"inLanguage":"es","potentialAction":[{"@type":"ReadAction","target":["https:\/\/www.lifenatura.com\/es\/produto\/multivit-4g-energia-30-comprimidos-forte-pharma\/"]}]},{"@type":"ImageObject","inLanguage":"es","@id":"https:\/\/www.lifenatura.com\/es\/produto\/multivit-4g-energia-30-comprimidos-forte-pharma\/#primaryimage","url":"https:\/\/www.lifenatura.com\/wp-content\/uploads\/2024\/05\/multivit-energy-forte-pharma.jpg","contentUrl":"https:\/\/www.lifenatura.com\/wp-content\/uploads\/2024\/05\/multivit-energy-forte-pharma.jpg","width":1000,"height":1000},{"@type":"BreadcrumbList","@id":"https:\/\/www.lifenatura.com\/es\/produto\/multivit-4g-energia-30-comprimidos-forte-pharma\/#breadcrumb","itemListElement":[{"@type":"ListItem","position":1,"name":"In\u00edcio","item":"https:\/\/www.lifenatura.com\/es\/"},{"@type":"ListItem","position":2,"name":"Todos los Productos","item":"https:\/\/www.lifenatura.com\/es\/tienda\/"},{"@type":"ListItem","position":3,"name":"Multivit 4G Energ\u00eda 30 comprimidos &#8211; Forte Pharma"}]},{"@type":"WebSite","@id":"https:\/\/www.lifenatura.com\/es\/#website","url":"https:\/\/www.lifenatura.com\/es\/","name":"Lifenatura","description":"A Lifenatura \u00e9 uma loja de produtos naturais, cosm\u00e9tica natural e alimenta\u00e7\u00e3o Biol\u00f3gica.","publisher":{"@id":"https:\/\/www.lifenatura.com\/es\/#organization"},"potentialAction":[{"@type":"SearchAction","target":{"@type":"EntryPoint","urlTemplate":"https:\/\/www.lifenatura.com\/es\/?s={search_term_string}"},"query-input":{"@type":"PropertyValueSpecification","valueRequired":true,"valueName":"search_term_string"}}],"inLanguage":"es"},{"@type":"Organization","@id":"https:\/\/www.lifenatura.com\/es\/#organization","name":"Lifenatura","url":"https:\/\/www.lifenatura.com\/es\/","logo":{"@type":"ImageObject","inLanguage":"es","@id":"https:\/\/www.lifenatura.com\/es\/#\/schema\/logo\/image\/","url":"https:\/\/www.lifenatura.com\/wp-content\/uploads\/2021\/07\/logo.png","contentUrl":"https:\/\/www.lifenatura.com\/wp-content\/uploads\/2021\/07\/logo.png","width":175,"height":55,"caption":"Lifenatura"},"image":{"@id":"https:\/\/www.lifenatura.com\/es\/#\/schema\/logo\/image\/"},"sameAs":["https:\/\/www.facebook.com\/lifenatura","https:\/\/www.instagram.com\/lifenaturapt\/"],"hasMerchantReturnPolicy":{"@type":"MerchantReturnPolicy","merchantReturnLink":"https:\/\/www.lifenatura.com\/termos-condicoes-lifenatura\/"}}]},"product_price_amount":"18.13","product_price_currency":"EUR","og_availability":"instock","product_availability":"instock","product_retailer_item_id":"6347245","product_condition":"new"},"df_price":18.13,"df_sale_price":"","df_regular_price":18.13,"df_image_link":"https:\/\/www.lifenatura.com\/wp-content\/uploads\/2024\/05\/multivit-energy-forte-pharma-300x300.jpg","_links":{"self":[{"href":"https:\/\/www.lifenatura.com\/es\/wp-json\/wp\/v2\/product\/96012","targetHints":{"allow":["GET"]}}],"collection":[{"href":"https:\/\/www.lifenatura.com\/es\/wp-json\/wp\/v2\/product"}],"about":[{"href":"https:\/\/www.lifenatura.com\/es\/wp-json\/wp\/v2\/types\/product"}],"wp:featuredmedia":[{"embeddable":true,"href":"https:\/\/www.lifenatura.com\/es\/wp-json\/wp\/v2\/media\/91907"}],"wp:attachment":[{"href":"https:\/\/www.lifenatura.com\/es\/wp-json\/wp\/v2\/media?parent=96012"}],"wp:term":[{"taxonomy":"product_brand","embeddable":true,"href":"https:\/\/www.lifenatura.com\/es\/wp-json\/wp\/v2\/product_brand?post=96012"},{"taxonomy":"product_cat","embeddable":true,"href":"https:\/\/www.lifenatura.com\/es\/wp-json\/wp\/v2\/product_cat?post=96012"},{"taxonomy":"product_tag","embeddable":true,"href":"https:\/\/www.lifenatura.com\/es\/wp-json\/wp\/v2\/product_tag?post=96012"}],"curies":[{"name":"wp","href":"https:\/\/api.w.org\/{rel}","templated":true}]}}