{"id":96000,"date":"2024-07-29T16:07:37","date_gmt":"2024-07-29T16:07:37","guid":{"rendered":"https:\/\/www.lifenatura.com\/produto\/hawa-squalk-60-capsulas-hawa-pharma\/"},"modified":"2024-07-30T17:05:16","modified_gmt":"2024-07-30T17:05:16","slug":"hawa-squalk-60-capsulas-hawa-pharma","status":"publish","type":"product","link":"https:\/\/www.lifenatura.com\/es\/produto\/hawa-squalk-60-capsulas-hawa-pharma\/","title":{"rendered":"Hawa Squalk 60 C\u00e1psulas &#8211; Hawa Pharma"},"content":{"rendered":"<h2 style=\"text-align: left;\"><strong>Hawa Squalk Apoyo a los tratamientos oncol\u00f3gicos<\/strong><\/h2>\n<p>&nbsp;<\/p>\n<p>Hawa Sqalk es un complemento alimenticio innovador de la marca Hawa Pharma con una f\u00f3rmula exclusiva que combina Escualeno y Alquilgliceroles, que son l\u00edpidos de origen marino que se encuentran de forma natural en el cuerpo humano.<\/p>\n<p>La sinergia de estos compuestos desempe\u00f1a un papel importante en la terapia adyuvante y complementaria de las enfermedades oncol\u00f3gicas (por sus propiedades antitumorales), protege las membranas celulares y las c\u00e9lulas contra los efectos secundarios de los tratamientos convencionales, aumenta el n\u00famero de linfocitos, anticuerpos, plaquetas y mejora la funci\u00f3n mitocondrial del h\u00edgado, participando en diversos ciclos energ\u00e9ticos.<\/p>\n<p>Este suplemento se ha formulado para promover el bienestar general y fortalecer el organismo durante procesos terap\u00e9uticos exigentes.<\/p>\n<p><strong>Principales ventajas:<\/strong><\/p>\n<ul>\n<li><strong>Apoyo en tratamientos oncol\u00f3gicos:<\/strong> La combinaci\u00f3n de escualeno y alquilgliceroles ofrece un valioso apoyo durante los tratamientos oncol\u00f3gicos, ayudando a mejorar la calidad de vida del paciente.<\/li>\n<li><strong>Refuerzo del sistema inmunitario:<\/strong> Se sabe que estos compuestos refuerzan el sistema inmunitario, que es esencial para combatir las infecciones y las c\u00e9lulas an\u00f3malas durante las terapias intensivas.<\/li>\n<li><strong>Acci\u00f3n antioxidante:<\/strong> el escualeno act\u00faa como un potente antioxidante, protegiendo las c\u00e9lulas del da\u00f1o causado por los radicales libres y ayudando a mantener la integridad celular.<\/li>\n<li><strong>Regeneraci\u00f3n celular<\/strong>: Los alquilgliceroles promueven la regeneraci\u00f3n celular, favoreciendo la recuperaci\u00f3n y la salud de los tejidos corporales.<\/li>\n<\/ul>\n<p><strong>Adecuado para:<\/strong><\/p>\n<ul>\n<li><strong>Personas sometidas a tratamiento oncol\u00f3gico:<\/strong> este suplemento desempe\u00f1a un papel importante en la terapia adyuvante y complementaria de las enfermedades oncol\u00f3gicas debido a sus propiedades antitumorales.<\/li>\n<li><strong>Refuerzo del sistema inmunitario:<\/strong> especialmente beneficioso para los pacientes que necesitan reforzar el sistema inmunitario, mejorar la resistencia f\u00edsica y promover la regeneraci\u00f3n celular<\/li>\n<li><strong>Desintoxica el organismo: <\/strong>perfecto para proteger las c\u00e9lulas de los da\u00f1os causados por los radicales libres.<\/li>\n<\/ul>\n<p><strong>PRESENTACI\u00d3N<\/strong><\/p>\n<p>60 C\u00e1psulas<\/p>\n<p>&nbsp;<\/p>\n","protected":false},"excerpt":{"rendered":"<p>Hawa Pharma Squalk protege la piel contra la radiaci\u00f3n UV y se utiliza junto con algunos f\u00e1rmacos quimioterap\u00e9uticos, perfecto para proteger las c\u00e9lulas. [&#8230;]<\/p>\n<p><a class=\"btn btn-secondary understrap-read-more-link\" href=\"https:\/\/www.lifenatura.com\/es\/produto\/hawa-squalk-60-capsulas-hawa-pharma\/\">Leer m\u00e1s&#8230;<span class=\"screen-reader-text\"> from Hawa Squalk 60 C\u00e1psulas &#8211; Hawa Pharma<\/span><\/a><\/p>\n","protected":false},"featured_media":95928,"template":"","meta":{"_acf_changed":false},"product_brand":[8480],"product_cat":[7211,7179],"product_tag":[],"class_list":{"0":"post-96000","1":"product","2":"type-product","3":"status-publish","4":"has-post-thumbnail","6":"product_brand-hawa-pharma","7":"product_cat-reforza-la-inmunidad-salud","8":"product_cat-salud","10":"first","11":"instock","12":"shipping-taxable","13":"purchasable","14":"product-type-simple","15":"add-to-wishlist-before_image"},"acf":[],"yoast_head":"<!-- This site is optimized with the Yoast SEO Premium plugin v27.1 (Yoast SEO v27.3) - https:\/\/yoast.com\/product\/yoast-seo-premium-wordpress\/ -->\n<title>Hawa Squalk 60 C\u00e1psulas - Hawa Pharma - Lifenatura<\/title>\n<meta name=\"description\" content=\"Hawa Pharma Squalk protege la piel contra la radiaci\u00f3n UV y se utiliza junto con algunos f\u00e1rmacos quimioterap\u00e9uticos, perfecto para proteger las c\u00e9lulas.\" \/>\n<meta name=\"robots\" content=\"index, follow, max-snippet:-1, max-image-preview:large, max-video-preview:-1\" \/>\n<link rel=\"canonical\" href=\"https:\/\/www.lifenatura.com\/es\/produto\/hawa-squalk-60-capsulas-hawa-pharma\/\" \/>\n<meta property=\"og:locale\" content=\"es_ES\" \/>\n<meta property=\"og:type\" content=\"article\" \/>\n<meta property=\"og:title\" content=\"Hawa Squalk 60 C\u00e1psulas - Hawa Pharma - Lifenatura\" \/>\n<meta property=\"og:description\" content=\"Compre aqui o seu Hawa Squalk 60 C\u00e1psulas - Hawa Pharma e a Lifenatura Online envia em 48 H com Portes Gratis &gt;35\u20ac de Pedido.\" \/>\n<meta property=\"og:url\" content=\"https:\/\/www.lifenatura.com\/es\/produto\/hawa-squalk-60-capsulas-hawa-pharma\/\" \/>\n<meta property=\"og:site_name\" content=\"Lifenatura\" \/>\n<meta property=\"article:publisher\" content=\"https:\/\/www.facebook.com\/lifenatura\" \/>\n<meta property=\"article:modified_time\" content=\"2024-07-30T17:05:16+00:00\" \/>\n<meta property=\"og:image\" content=\"https:\/\/www.lifenatura.com\/wp-content\/uploads\/2024\/07\/Hawa-squalk-hawa-pharma.jpg\" \/>\n\t<meta property=\"og:image:width\" content=\"1000\" \/>\n\t<meta property=\"og:image:height\" content=\"1000\" \/>\n\t<meta property=\"og:image:type\" content=\"image\/jpeg\" \/>\n<meta name=\"twitter:card\" content=\"summary_large_image\" \/>\n<meta name=\"twitter:label1\" content=\"Precio\" \/>\n\t<meta name=\"twitter:data1\" content=\"45,30&nbsp;&euro;\" \/>\n\t<meta name=\"twitter:label2\" content=\"Disponibilidad\" \/>\n\t<meta name=\"twitter:data2\" content=\"Disponible\" \/>\n<meta property=\"product:price:amount\" content=\"45.30\" \/>\n<meta property=\"product:price:currency\" content=\"EUR\" \/>\n<meta property=\"og:availability\" content=\"instock\" \/>\n<meta property=\"product:availability\" content=\"instock\" \/>\n<meta property=\"product:retailer_item_id\" content=\"5600162614401\" \/>\n<meta property=\"product:condition\" content=\"new\" \/>\n<!-- \/ Yoast SEO Premium plugin. -->","yoast_head_json":{"title":"Hawa Squalk 60 C\u00e1psulas - Hawa Pharma - Lifenatura","description":"Hawa Pharma Squalk protege la piel contra la radiaci\u00f3n UV y se utiliza junto con algunos f\u00e1rmacos quimioterap\u00e9uticos, perfecto para proteger las c\u00e9lulas.","robots":{"index":"index","follow":"follow","max-snippet":"max-snippet:-1","max-image-preview":"max-image-preview:large","max-video-preview":"max-video-preview:-1"},"canonical":"https:\/\/www.lifenatura.com\/es\/produto\/hawa-squalk-60-capsulas-hawa-pharma\/","og_locale":"es_ES","og_type":"article","og_title":"Hawa Squalk 60 C\u00e1psulas - Hawa Pharma - Lifenatura","og_description":"Compre aqui o seu Hawa Squalk 60 C\u00e1psulas - Hawa Pharma e a Lifenatura Online envia em 48 H com Portes Gratis >35\u20ac de Pedido.","og_url":"https:\/\/www.lifenatura.com\/es\/produto\/hawa-squalk-60-capsulas-hawa-pharma\/","og_site_name":"Lifenatura","article_publisher":"https:\/\/www.facebook.com\/lifenatura","article_modified_time":"2024-07-30T17:05:16+00:00","og_image":[{"width":1000,"height":1000,"url":"https:\/\/www.lifenatura.com\/wp-content\/uploads\/2024\/07\/Hawa-squalk-hawa-pharma.jpg","type":"image\/jpeg"}],"twitter_card":"summary_large_image","twitter_misc":{"Precio":"45,30&nbsp;&euro;","Disponibilidad":"Disponible"},"schema":{"@context":"https:\/\/schema.org","@graph":[{"@type":"WebPage","@id":"https:\/\/www.lifenatura.com\/es\/produto\/hawa-squalk-60-capsulas-hawa-pharma\/","url":"https:\/\/www.lifenatura.com\/es\/produto\/hawa-squalk-60-capsulas-hawa-pharma\/","name":"Hawa Squalk 60 C\u00e1psulas - Hawa Pharma - Lifenatura","isPartOf":{"@id":"https:\/\/www.lifenatura.com\/es\/#website"},"primaryImageOfPage":{"@id":"https:\/\/www.lifenatura.com\/es\/produto\/hawa-squalk-60-capsulas-hawa-pharma\/#primaryimage"},"image":{"@id":"https:\/\/www.lifenatura.com\/es\/produto\/hawa-squalk-60-capsulas-hawa-pharma\/#primaryimage"},"thumbnailUrl":"https:\/\/www.lifenatura.com\/wp-content\/uploads\/2024\/07\/Hawa-squalk-hawa-pharma.jpg","datePublished":"2024-07-29T16:07:37+00:00","dateModified":"2024-07-30T17:05:16+00:00","description":"Hawa Pharma Squalk protege la piel contra la radiaci\u00f3n UV y se utiliza junto con algunos f\u00e1rmacos quimioterap\u00e9uticos, perfecto para proteger las c\u00e9lulas.","breadcrumb":{"@id":"https:\/\/www.lifenatura.com\/es\/produto\/hawa-squalk-60-capsulas-hawa-pharma\/#breadcrumb"},"inLanguage":"es","potentialAction":[{"@type":"ReadAction","target":["https:\/\/www.lifenatura.com\/es\/produto\/hawa-squalk-60-capsulas-hawa-pharma\/"]}]},{"@type":"ImageObject","inLanguage":"es","@id":"https:\/\/www.lifenatura.com\/es\/produto\/hawa-squalk-60-capsulas-hawa-pharma\/#primaryimage","url":"https:\/\/www.lifenatura.com\/wp-content\/uploads\/2024\/07\/Hawa-squalk-hawa-pharma.jpg","contentUrl":"https:\/\/www.lifenatura.com\/wp-content\/uploads\/2024\/07\/Hawa-squalk-hawa-pharma.jpg","width":1000,"height":1000,"caption":"Hawa Squalk de la marca Hawa Pharma"},{"@type":"BreadcrumbList","@id":"https:\/\/www.lifenatura.com\/es\/produto\/hawa-squalk-60-capsulas-hawa-pharma\/#breadcrumb","itemListElement":[{"@type":"ListItem","position":1,"name":"In\u00edcio","item":"https:\/\/www.lifenatura.com\/es\/"},{"@type":"ListItem","position":2,"name":"Todos los Productos","item":"https:\/\/www.lifenatura.com\/es\/tienda\/"},{"@type":"ListItem","position":3,"name":"Hawa Squalk 60 C\u00e1psulas &#8211; Hawa Pharma"}]},{"@type":"WebSite","@id":"https:\/\/www.lifenatura.com\/es\/#website","url":"https:\/\/www.lifenatura.com\/es\/","name":"Lifenatura","description":"A Lifenatura \u00e9 uma loja de produtos naturais, cosm\u00e9tica natural e alimenta\u00e7\u00e3o Biol\u00f3gica.","publisher":{"@id":"https:\/\/www.lifenatura.com\/es\/#organization"},"potentialAction":[{"@type":"SearchAction","target":{"@type":"EntryPoint","urlTemplate":"https:\/\/www.lifenatura.com\/es\/?s={search_term_string}"},"query-input":{"@type":"PropertyValueSpecification","valueRequired":true,"valueName":"search_term_string"}}],"inLanguage":"es"},{"@type":"Organization","@id":"https:\/\/www.lifenatura.com\/es\/#organization","name":"Lifenatura","url":"https:\/\/www.lifenatura.com\/es\/","logo":{"@type":"ImageObject","inLanguage":"es","@id":"https:\/\/www.lifenatura.com\/es\/#\/schema\/logo\/image\/","url":"https:\/\/www.lifenatura.com\/wp-content\/uploads\/2021\/11\/logo.png","contentUrl":"https:\/\/www.lifenatura.com\/wp-content\/uploads\/2021\/11\/logo.png","width":175,"height":55,"caption":"Lifenatura"},"image":{"@id":"https:\/\/www.lifenatura.com\/es\/#\/schema\/logo\/image\/"},"sameAs":["https:\/\/www.facebook.com\/lifenatura","https:\/\/www.instagram.com\/lifenaturapt\/"]}]},"product_price_amount":"45.30","product_price_currency":"EUR","og_availability":"instock","product_availability":"instock","product_retailer_item_id":"5600162614401","product_condition":"new"},"df_price":45.3,"df_sale_price":"","df_regular_price":45.3,"df_image_link":"https:\/\/www.lifenatura.com\/wp-content\/uploads\/2024\/07\/Hawa-squalk-hawa-pharma-300x300.jpg","_links":{"self":[{"href":"https:\/\/www.lifenatura.com\/es\/wp-json\/wp\/v2\/product\/96000","targetHints":{"allow":["GET"]}}],"collection":[{"href":"https:\/\/www.lifenatura.com\/es\/wp-json\/wp\/v2\/product"}],"about":[{"href":"https:\/\/www.lifenatura.com\/es\/wp-json\/wp\/v2\/types\/product"}],"wp:featuredmedia":[{"embeddable":true,"href":"https:\/\/www.lifenatura.com\/es\/wp-json\/wp\/v2\/media\/95928"}],"wp:attachment":[{"href":"https:\/\/www.lifenatura.com\/es\/wp-json\/wp\/v2\/media?parent=96000"}],"wp:term":[{"taxonomy":"product_brand","embeddable":true,"href":"https:\/\/www.lifenatura.com\/es\/wp-json\/wp\/v2\/product_brand?post=96000"},{"taxonomy":"product_cat","embeddable":true,"href":"https:\/\/www.lifenatura.com\/es\/wp-json\/wp\/v2\/product_cat?post=96000"},{"taxonomy":"product_tag","embeddable":true,"href":"https:\/\/www.lifenatura.com\/es\/wp-json\/wp\/v2\/product_tag?post=96000"}],"curies":[{"name":"wp","href":"https:\/\/api.w.org\/{rel}","templated":true}]}}