{"id":95695,"date":"2024-07-25T14:53:09","date_gmt":"2024-07-25T14:53:09","guid":{"rendered":"https:\/\/www.lifenatura.com\/produto\/ginseng-negro-bio-24-capsulas-soria-natural\/"},"modified":"2024-07-26T10:37:43","modified_gmt":"2024-07-26T10:37:43","slug":"ginseng-negro-bio-24-capsulas-soria-natural","status":"publish","type":"product","link":"https:\/\/www.lifenatura.com\/es\/produto\/ginseng-negro-bio-24-capsulas-soria-natural\/","title":{"rendered":"Ginseng Negro Bio 24 C\u00e1psulas &#8211; Soria Natural"},"content":{"rendered":"<h2 style=\"text-align: left;\"><strong>El ginseng negro ayuda a combatir la fatiga<\/strong><\/h2>\n<p>&nbsp;<\/p>\n<p>El Ginseng Negro Bio de Soria Natural es un suplemento de primera calidad elaborado con ginseng negro de cultivo ecol\u00f3gico, conocido por sus propiedades energizantes y revitalizantes.<\/p>\n<p>Este producto aprovecha los beneficios de esta planta milenaria, promoviendo la vitalidad, la resistencia f\u00edsica y mental y el bienestar general.<br \/>\nEl Ginseng Negro Bio de Soria Natural es ideal para quienes buscan una alternativa natural para combatir el cansancio y mejorar el rendimiento diario.<br \/>\nDisponible en formato l\u00edquido para una absorci\u00f3n r\u00e1pida y eficaz.<\/p>\n<p><strong>Principales ventajas:<\/strong><\/p>\n<ul>\n<li><strong>Aumento de energ\u00eda:<\/strong> Proporciona un impulso energ\u00e9tico natural, ayudando a combatir el cansancio y la fatiga.<\/li>\n<li><strong>Mayor resistencia f\u00edsica y mental:<\/strong> Contribuye a una mayor resistencia y rendimiento, tanto f\u00edsico como mental, ideal para afrontar el d\u00eda a d\u00eda con m\u00e1s energ\u00eda.<\/li>\n<li><strong>Propiedades antioxidantes:<\/strong> Protege las c\u00e9lulas del organismo contra los da\u00f1os causados por los radicales libres, favoreciendo la salud general.<\/li>\n<li><strong>Refuerza el sistema inmunitario: refuerza<\/strong> las defensas naturales del organismo, ayudando a prevenir enfermedades e infecciones.<\/li>\n<li><strong>Equilibrio y bienestar:<\/strong> Promueve un estado general de bienestar, ayudando a equilibrar el organismo y a mejorar la calidad de vida.<\/li>\n<\/ul>\n<p><strong>Adecuado para:<\/strong><\/p>\n<ul>\n<li><strong>Personas con un estilo de vida activo:<\/strong> Ideal para quienes tienen una rutina diaria intensa y necesitan un apoyo energ\u00e9tico adicional.<\/li>\n<li><strong>Individuos en periodos estresantes:<\/strong> Perfecto para quienes se enfrentan a periodos de gran esfuerzo mental y f\u00edsico, ya que ayuda a mantener el equilibrio y la vitalidad.<\/li>\n<li><strong>Refuerzo del sistema inmunitario:<\/strong> Indicado para quienes desean reforzar las defensas del organismo y mantenerse sanos.<\/li>\n<li><strong>Apoyo al Envejecimiento Saludable:<\/strong> Excelente para las personas que desean mantener la vitalidad y la salud a lo largo del proceso de envejecimiento.<\/li>\n<\/ul>\n<p><strong>PRESENTACI\u00d3N <\/strong><\/p>\n<p>24 C\u00e1psulas<\/p>\n<p>&nbsp;<\/p>\n","protected":false},"excerpt":{"rendered":"<p>El Ginseng Negro Bio de Soria Natural es la elecci\u00f3n ideal para quienes desean aumentar la energ\u00eda, mejorar la resistencia y promover el bienestar de forma natural y eficaz. [&#8230;]<\/p>\n<p><a class=\"btn btn-secondary understrap-read-more-link\" href=\"https:\/\/www.lifenatura.com\/es\/produto\/ginseng-negro-bio-24-capsulas-soria-natural\/\">Leer m\u00e1s&#8230;<span class=\"screen-reader-text\"> from Ginseng Negro Bio 24 C\u00e1psulas &#8211; Soria Natural<\/span><\/a><\/p>\n","protected":false},"featured_media":95690,"template":"","meta":{"_acf_changed":false},"product_brand":[8555],"product_cat":[7238,7707,7659,7211,7179],"product_tag":[],"class_list":{"0":"post-95695","1":"product","2":"type-product","3":"status-publish","4":"has-post-thumbnail","6":"product_brand-soria-natural-es","7":"product_cat-energizante-natural","8":"product_cat-ginseng-es","9":"product_cat-ingrediente-natural-bio","10":"product_cat-reforza-la-inmunidad-salud","11":"product_cat-salud","13":"first","14":"instock","15":"sale","16":"featured","17":"shipping-taxable","18":"purchasable","19":"product-type-simple","20":"add-to-wishlist-before_image"},"acf":[],"yoast_head":"<!-- This site is optimized with the Yoast SEO Premium plugin v27.1 (Yoast SEO v27.5) - https:\/\/yoast.com\/product\/yoast-seo-premium-wordpress\/ -->\n<title>Ginseng Negro Bio 24 C\u00e1psulas - Soria Natural - Na Lifenatura ao Melhor Pre\u00e7o | Envio em 48h<\/title>\n<meta name=\"description\" content=\"El Ginseng Negro Bio es la elecci\u00f3n ideal para quienes desean aumentar la energ\u00eda, mejorar la resistencia y promover el bienestar de forma natural y eficaz.\" \/>\n<meta name=\"robots\" content=\"index, follow, max-snippet:-1, max-image-preview:large, max-video-preview:-1\" \/>\n<link rel=\"canonical\" href=\"https:\/\/www.lifenatura.com\/es\/produto\/ginseng-negro-bio-24-capsulas-soria-natural\/\" \/>\n<meta property=\"og:locale\" content=\"es_ES\" \/>\n<meta property=\"og:type\" content=\"article\" \/>\n<meta property=\"og:title\" content=\"Ginseng Negro Bio 24 C\u00e1psulas - Soria Natural - Na Lifenatura ao Melhor Pre\u00e7o | Envio 48h\" \/>\n<meta property=\"og:description\" content=\"Compre Ginseng Negro Bio 24 C\u00e1psulas - Soria Natural com envio r\u00e1pido. Entrega em 48h e portes gr\u00e1tis em compras &gt;35\u20ac. Aproveite j\u00e1 na Lifenatura\" \/>\n<meta property=\"og:url\" content=\"https:\/\/www.lifenatura.com\/es\/produto\/ginseng-negro-bio-24-capsulas-soria-natural\/\" \/>\n<meta property=\"og:site_name\" content=\"Lifenatura\" \/>\n<meta property=\"article:publisher\" content=\"https:\/\/www.facebook.com\/lifenatura\" \/>\n<meta property=\"article:modified_time\" content=\"2024-07-26T10:37:43+00:00\" \/>\n<meta property=\"og:image\" content=\"https:\/\/www.lifenatura.com\/wp-content\/uploads\/2024\/07\/ginseng-negro-soria-natural.jpg\" \/>\n\t<meta property=\"og:image:width\" content=\"1000\" \/>\n\t<meta property=\"og:image:height\" content=\"1000\" \/>\n\t<meta property=\"og:image:type\" content=\"image\/jpeg\" \/>\n<meta name=\"twitter:card\" content=\"summary_large_image\" \/>\n<meta name=\"twitter:label1\" content=\"Precio\" \/>\n\t<meta name=\"twitter:data1\" content=\"25,81&nbsp;&euro;\" \/>\n\t<meta name=\"twitter:label2\" content=\"Disponibilidad\" \/>\n\t<meta name=\"twitter:data2\" content=\"Disponible\" \/>\n<script type=\"application\/ld+json\" class=\"yoast-schema-graph\">{\"@context\":\"https:\\\/\\\/schema.org\",\"@graph\":[{\"@type\":\"WebPage\",\"@id\":\"https:\\\/\\\/www.lifenatura.com\\\/es\\\/produto\\\/ginseng-negro-bio-24-capsulas-soria-natural\\\/\",\"url\":\"https:\\\/\\\/www.lifenatura.com\\\/es\\\/produto\\\/ginseng-negro-bio-24-capsulas-soria-natural\\\/\",\"name\":\"Ginseng Negro Bio 24 C\u00e1psulas - Soria Natural - Na Lifenatura ao Melhor Pre\u00e7o | Envio em 48h\",\"isPartOf\":{\"@id\":\"https:\\\/\\\/www.lifenatura.com\\\/es\\\/#website\"},\"primaryImageOfPage\":{\"@id\":\"https:\\\/\\\/www.lifenatura.com\\\/es\\\/produto\\\/ginseng-negro-bio-24-capsulas-soria-natural\\\/#primaryimage\"},\"image\":{\"@id\":\"https:\\\/\\\/www.lifenatura.com\\\/es\\\/produto\\\/ginseng-negro-bio-24-capsulas-soria-natural\\\/#primaryimage\"},\"thumbnailUrl\":\"https:\\\/\\\/www.lifenatura.com\\\/wp-content\\\/uploads\\\/2024\\\/07\\\/ginseng-negro-soria-natural.jpg\",\"datePublished\":\"2024-07-25T14:53:09+00:00\",\"dateModified\":\"2024-07-26T10:37:43+00:00\",\"description\":\"El Ginseng Negro Bio es la elecci\u00f3n ideal para quienes desean aumentar la energ\u00eda, mejorar la resistencia y promover el bienestar de forma natural y eficaz.\",\"breadcrumb\":{\"@id\":\"https:\\\/\\\/www.lifenatura.com\\\/es\\\/produto\\\/ginseng-negro-bio-24-capsulas-soria-natural\\\/#breadcrumb\"},\"inLanguage\":\"es\",\"potentialAction\":[{\"@type\":\"ReadAction\",\"target\":[\"https:\\\/\\\/www.lifenatura.com\\\/es\\\/produto\\\/ginseng-negro-bio-24-capsulas-soria-natural\\\/\"]}]},{\"@type\":\"ImageObject\",\"inLanguage\":\"es\",\"@id\":\"https:\\\/\\\/www.lifenatura.com\\\/es\\\/produto\\\/ginseng-negro-bio-24-capsulas-soria-natural\\\/#primaryimage\",\"url\":\"https:\\\/\\\/www.lifenatura.com\\\/wp-content\\\/uploads\\\/2024\\\/07\\\/ginseng-negro-soria-natural.jpg\",\"contentUrl\":\"https:\\\/\\\/www.lifenatura.com\\\/wp-content\\\/uploads\\\/2024\\\/07\\\/ginseng-negro-soria-natural.jpg\",\"width\":1000,\"height\":1000,\"caption\":\"Soria Ginseng Negro Natural\"},{\"@type\":\"BreadcrumbList\",\"@id\":\"https:\\\/\\\/www.lifenatura.com\\\/es\\\/produto\\\/ginseng-negro-bio-24-capsulas-soria-natural\\\/#breadcrumb\",\"itemListElement\":[{\"@type\":\"ListItem\",\"position\":1,\"name\":\"In\u00edcio\",\"item\":\"https:\\\/\\\/www.lifenatura.com\\\/es\\\/\"},{\"@type\":\"ListItem\",\"position\":2,\"name\":\"Todos los Productos\",\"item\":\"https:\\\/\\\/www.lifenatura.com\\\/es\\\/tienda\\\/\"},{\"@type\":\"ListItem\",\"position\":3,\"name\":\"Ginseng Negro Bio 24 C\u00e1psulas &#8211; Soria Natural\"}]},{\"@type\":\"WebSite\",\"@id\":\"https:\\\/\\\/www.lifenatura.com\\\/es\\\/#website\",\"url\":\"https:\\\/\\\/www.lifenatura.com\\\/es\\\/\",\"name\":\"Lifenatura\",\"description\":\"A Lifenatura \u00e9 uma loja de produtos naturais, cosm\u00e9tica natural e alimenta\u00e7\u00e3o Biol\u00f3gica.\",\"publisher\":{\"@id\":\"https:\\\/\\\/www.lifenatura.com\\\/es\\\/#organization\"},\"potentialAction\":[{\"@type\":\"SearchAction\",\"target\":{\"@type\":\"EntryPoint\",\"urlTemplate\":\"https:\\\/\\\/www.lifenatura.com\\\/es\\\/?s={search_term_string}\"},\"query-input\":{\"@type\":\"PropertyValueSpecification\",\"valueRequired\":true,\"valueName\":\"search_term_string\"}}],\"inLanguage\":\"es\"},{\"@type\":\"Organization\",\"@id\":\"https:\\\/\\\/www.lifenatura.com\\\/es\\\/#organization\",\"name\":\"Lifenatura\",\"url\":\"https:\\\/\\\/www.lifenatura.com\\\/es\\\/\",\"logo\":{\"@type\":\"ImageObject\",\"inLanguage\":\"es\",\"@id\":\"https:\\\/\\\/www.lifenatura.com\\\/es\\\/#\\\/schema\\\/logo\\\/image\\\/\",\"url\":\"https:\\\/\\\/www.lifenatura.com\\\/wp-content\\\/uploads\\\/2021\\\/07\\\/logo.png\",\"contentUrl\":\"https:\\\/\\\/www.lifenatura.com\\\/wp-content\\\/uploads\\\/2021\\\/07\\\/logo.png\",\"width\":175,\"height\":55,\"caption\":\"Lifenatura\"},\"image\":{\"@id\":\"https:\\\/\\\/www.lifenatura.com\\\/es\\\/#\\\/schema\\\/logo\\\/image\\\/\"},\"sameAs\":[\"https:\\\/\\\/www.facebook.com\\\/lifenatura\",\"https:\\\/\\\/www.instagram.com\\\/lifenaturapt\\\/\"],\"hasMerchantReturnPolicy\":{\"@type\":\"MerchantReturnPolicy\",\"merchantReturnLink\":\"https:\\\/\\\/www.lifenatura.com\\\/termos-condicoes-lifenatura\\\/\"}}]}<\/script>\n<meta property=\"product:price:amount\" content=\"25.81\" \/>\n<meta property=\"product:price:currency\" content=\"EUR\" \/>\n<meta property=\"og:availability\" content=\"instock\" \/>\n<meta property=\"product:availability\" content=\"instock\" \/>\n<meta property=\"product:retailer_item_id\" content=\"8422947061340\" \/>\n<meta property=\"product:condition\" content=\"new\" \/>\n<!-- \/ Yoast SEO Premium plugin. -->","yoast_head_json":{"title":"Ginseng Negro Bio 24 C\u00e1psulas - Soria Natural - Na Lifenatura ao Melhor Pre\u00e7o | Envio em 48h","description":"El Ginseng Negro Bio es la elecci\u00f3n ideal para quienes desean aumentar la energ\u00eda, mejorar la resistencia y promover el bienestar de forma natural y eficaz.","robots":{"index":"index","follow":"follow","max-snippet":"max-snippet:-1","max-image-preview":"max-image-preview:large","max-video-preview":"max-video-preview:-1"},"canonical":"https:\/\/www.lifenatura.com\/es\/produto\/ginseng-negro-bio-24-capsulas-soria-natural\/","og_locale":"es_ES","og_type":"article","og_title":"Ginseng Negro Bio 24 C\u00e1psulas - Soria Natural - Na Lifenatura ao Melhor Pre\u00e7o | Envio 48h","og_description":"Compre Ginseng Negro Bio 24 C\u00e1psulas - Soria Natural com envio r\u00e1pido. Entrega em 48h e portes gr\u00e1tis em compras >35\u20ac. Aproveite j\u00e1 na Lifenatura","og_url":"https:\/\/www.lifenatura.com\/es\/produto\/ginseng-negro-bio-24-capsulas-soria-natural\/","og_site_name":"Lifenatura","article_publisher":"https:\/\/www.facebook.com\/lifenatura","article_modified_time":"2024-07-26T10:37:43+00:00","og_image":[{"width":1000,"height":1000,"url":"https:\/\/www.lifenatura.com\/wp-content\/uploads\/2024\/07\/ginseng-negro-soria-natural.jpg","type":"image\/jpeg"}],"twitter_card":"summary_large_image","twitter_misc":{"Precio":"25,81&nbsp;&euro;","Disponibilidad":"Disponible"},"schema":{"@context":"https:\/\/schema.org","@graph":[{"@type":"WebPage","@id":"https:\/\/www.lifenatura.com\/es\/produto\/ginseng-negro-bio-24-capsulas-soria-natural\/","url":"https:\/\/www.lifenatura.com\/es\/produto\/ginseng-negro-bio-24-capsulas-soria-natural\/","name":"Ginseng Negro Bio 24 C\u00e1psulas - Soria Natural - Na Lifenatura ao Melhor Pre\u00e7o | Envio em 48h","isPartOf":{"@id":"https:\/\/www.lifenatura.com\/es\/#website"},"primaryImageOfPage":{"@id":"https:\/\/www.lifenatura.com\/es\/produto\/ginseng-negro-bio-24-capsulas-soria-natural\/#primaryimage"},"image":{"@id":"https:\/\/www.lifenatura.com\/es\/produto\/ginseng-negro-bio-24-capsulas-soria-natural\/#primaryimage"},"thumbnailUrl":"https:\/\/www.lifenatura.com\/wp-content\/uploads\/2024\/07\/ginseng-negro-soria-natural.jpg","datePublished":"2024-07-25T14:53:09+00:00","dateModified":"2024-07-26T10:37:43+00:00","description":"El Ginseng Negro Bio es la elecci\u00f3n ideal para quienes desean aumentar la energ\u00eda, mejorar la resistencia y promover el bienestar de forma natural y eficaz.","breadcrumb":{"@id":"https:\/\/www.lifenatura.com\/es\/produto\/ginseng-negro-bio-24-capsulas-soria-natural\/#breadcrumb"},"inLanguage":"es","potentialAction":[{"@type":"ReadAction","target":["https:\/\/www.lifenatura.com\/es\/produto\/ginseng-negro-bio-24-capsulas-soria-natural\/"]}]},{"@type":"ImageObject","inLanguage":"es","@id":"https:\/\/www.lifenatura.com\/es\/produto\/ginseng-negro-bio-24-capsulas-soria-natural\/#primaryimage","url":"https:\/\/www.lifenatura.com\/wp-content\/uploads\/2024\/07\/ginseng-negro-soria-natural.jpg","contentUrl":"https:\/\/www.lifenatura.com\/wp-content\/uploads\/2024\/07\/ginseng-negro-soria-natural.jpg","width":1000,"height":1000,"caption":"Soria Ginseng Negro Natural"},{"@type":"BreadcrumbList","@id":"https:\/\/www.lifenatura.com\/es\/produto\/ginseng-negro-bio-24-capsulas-soria-natural\/#breadcrumb","itemListElement":[{"@type":"ListItem","position":1,"name":"In\u00edcio","item":"https:\/\/www.lifenatura.com\/es\/"},{"@type":"ListItem","position":2,"name":"Todos los Productos","item":"https:\/\/www.lifenatura.com\/es\/tienda\/"},{"@type":"ListItem","position":3,"name":"Ginseng Negro Bio 24 C\u00e1psulas &#8211; Soria Natural"}]},{"@type":"WebSite","@id":"https:\/\/www.lifenatura.com\/es\/#website","url":"https:\/\/www.lifenatura.com\/es\/","name":"Lifenatura","description":"A Lifenatura \u00e9 uma loja de produtos naturais, cosm\u00e9tica natural e alimenta\u00e7\u00e3o Biol\u00f3gica.","publisher":{"@id":"https:\/\/www.lifenatura.com\/es\/#organization"},"potentialAction":[{"@type":"SearchAction","target":{"@type":"EntryPoint","urlTemplate":"https:\/\/www.lifenatura.com\/es\/?s={search_term_string}"},"query-input":{"@type":"PropertyValueSpecification","valueRequired":true,"valueName":"search_term_string"}}],"inLanguage":"es"},{"@type":"Organization","@id":"https:\/\/www.lifenatura.com\/es\/#organization","name":"Lifenatura","url":"https:\/\/www.lifenatura.com\/es\/","logo":{"@type":"ImageObject","inLanguage":"es","@id":"https:\/\/www.lifenatura.com\/es\/#\/schema\/logo\/image\/","url":"https:\/\/www.lifenatura.com\/wp-content\/uploads\/2021\/07\/logo.png","contentUrl":"https:\/\/www.lifenatura.com\/wp-content\/uploads\/2021\/07\/logo.png","width":175,"height":55,"caption":"Lifenatura"},"image":{"@id":"https:\/\/www.lifenatura.com\/es\/#\/schema\/logo\/image\/"},"sameAs":["https:\/\/www.facebook.com\/lifenatura","https:\/\/www.instagram.com\/lifenaturapt\/"],"hasMerchantReturnPolicy":{"@type":"MerchantReturnPolicy","merchantReturnLink":"https:\/\/www.lifenatura.com\/termos-condicoes-lifenatura\/"}}]},"product_price_amount":"25.81","product_price_currency":"EUR","og_availability":"instock","product_availability":"instock","product_retailer_item_id":"8422947061340","product_condition":"new"},"df_price":25.81,"df_sale_price":25.81,"df_regular_price":28.68,"df_image_link":"https:\/\/www.lifenatura.com\/wp-content\/uploads\/2024\/07\/ginseng-negro-soria-natural-300x300.jpg","_links":{"self":[{"href":"https:\/\/www.lifenatura.com\/es\/wp-json\/wp\/v2\/product\/95695","targetHints":{"allow":["GET"]}}],"collection":[{"href":"https:\/\/www.lifenatura.com\/es\/wp-json\/wp\/v2\/product"}],"about":[{"href":"https:\/\/www.lifenatura.com\/es\/wp-json\/wp\/v2\/types\/product"}],"wp:featuredmedia":[{"embeddable":true,"href":"https:\/\/www.lifenatura.com\/es\/wp-json\/wp\/v2\/media\/95690"}],"wp:attachment":[{"href":"https:\/\/www.lifenatura.com\/es\/wp-json\/wp\/v2\/media?parent=95695"}],"wp:term":[{"taxonomy":"product_brand","embeddable":true,"href":"https:\/\/www.lifenatura.com\/es\/wp-json\/wp\/v2\/product_brand?post=95695"},{"taxonomy":"product_cat","embeddable":true,"href":"https:\/\/www.lifenatura.com\/es\/wp-json\/wp\/v2\/product_cat?post=95695"},{"taxonomy":"product_tag","embeddable":true,"href":"https:\/\/www.lifenatura.com\/es\/wp-json\/wp\/v2\/product_tag?post=95695"}],"curies":[{"name":"wp","href":"https:\/\/api.w.org\/{rel}","templated":true}]}}