{"id":95547,"date":"2024-07-19T14:24:10","date_gmt":"2024-07-19T14:24:10","guid":{"rendered":"https:\/\/www.lifenatura.com\/produto\/composor-01-farinol-30ml-soria-natural\/"},"modified":"2024-07-24T08:49:12","modified_gmt":"2024-07-24T08:49:12","slug":"composor-01-farinol-30ml-soria-natural","status":"publish","type":"product","link":"https:\/\/www.lifenatura.com\/es\/produto\/composor-01-farinol-30ml-soria-natural\/","title":{"rendered":"Composor 01 Farinol 30ml &#8211; Soria Natural"},"content":{"rendered":"<h2 style=\"text-align: left;\">Mezcla de Mirra, Prop\u00f3leo, Agrimonia, Salvia, Potentilla, Eucalipto y Tomillo<\/h2>\n<p>&nbsp;<\/p>\n<p>Composor 01 Farinol de Soria Natural es un complemento alimenticio formulado para favorecer la salud de la garganta y el sistema respiratorio. Este producto combina extractos de plantas medicinales (como el tomillo, el allium y la equin\u00e1cea) reconocidas por sus propiedades calmantes y antiinflamatorias, para aportar una sensaci\u00f3n de suavidad y frescor a la boca y la garganta.<br \/>\nDisponible en frascos de 30 ml, este complemento alimenticio es f\u00e1cil de usar e ideal para quien busque un alivio natural de las molestias de garganta y reforzar el sistema inmunitario.<\/p>\n<p><strong>Sus principales ventajas:<\/strong><\/p>\n<ul>\n<li><strong>Alivia las molestias<\/strong> en la garganta: ayuda a calmar la irritaci\u00f3n e inflamaci\u00f3n de la garganta, proporcionando un alivio r\u00e1pido y eficaz.<\/li>\n<li><strong>Propiedades antiinflamatorias<\/strong>: los extractos de plantas como el tomillo y el allium tienen propiedades antiinflamatorias que ayudan a reducir la inflamaci\u00f3n y el dolor de garganta.<\/li>\n<li><strong>Apoyo al sistema inmunitario<\/strong>: la presencia de equin\u00e1cea en la formulaci\u00f3n contribuye a reforzar el sistema inmunitario, ayudando al organismo a combatir las infecciones.<\/li>\n<li><strong>Propiedades an<\/strong>timicrobianas: Los ingredientes naturales que componen este suplemento tienen propiedades antimicrobianas que ayudan a combatir las bacterias y los virus responsables de las infecciones de garganta.<\/li>\n<li><strong>F\u00e1cil de usar<\/strong>: en formato l\u00edquido, es f\u00e1cil de dosificar y puede administrarse directamente en la boca o diluido en agua, proporcionando comodidad y eficacia.<\/li>\n<li><strong>Producto natural y seguro<\/strong>: formulado con extractos de plantas de alta calidad, es una opci\u00f3n segura y natural para el cuidado de la salud de la garganta y el sistema respiratorio.<\/li>\n<\/ul>\n<p><strong>PRESENTACI\u00d3N<\/strong><\/p>\n<p>30 ml<\/p>\n<p>&nbsp;<\/p>\n","protected":false},"excerpt":{"rendered":"<p>El Composor 01 Farinol combina extractos de plantas medicinales con propiedades calmantes y antiinflamatorias para favorecer la salud de la garganta y el sistema respiratorio. [&#8230;]<\/p>\n<p><a class=\"btn btn-secondary understrap-read-more-link\" href=\"https:\/\/www.lifenatura.com\/es\/produto\/composor-01-farinol-30ml-soria-natural\/\">Leer m\u00e1s&#8230;<span class=\"screen-reader-text\"> from Composor 01 Farinol 30ml &#8211; Soria Natural<\/span><\/a><\/p>\n","protected":false},"featured_media":120455,"template":"","meta":{"_acf_changed":false},"product_brand":[8555],"product_cat":[7211,7233],"product_tag":[],"class_list":{"0":"post-95547","1":"product","2":"type-product","3":"status-publish","4":"has-post-thumbnail","6":"product_brand-soria-natural-es","7":"product_cat-reforza-la-inmunidad-salud","8":"product_cat-tos-garganta-inflamada","9":"pa_dicas-soria-natural-gama-composores","11":"first","12":"instock","13":"sale","14":"shipping-taxable","15":"purchasable","16":"product-type-simple","17":"add-to-wishlist-before_image"},"acf":[],"yoast_head":"<!-- This site is optimized with the Yoast SEO Premium plugin v27.1 (Yoast SEO v27.3) - https:\/\/yoast.com\/product\/yoast-seo-premium-wordpress\/ -->\n<title>Composor 01 Farinol 30ml - Soria Natural - Lifenatura<\/title>\n<meta name=\"description\" content=\"El Composor 01 Farinol de Soria Natural tiene propiedades calmantes y antiinflamatorias para favorecer la salud de la garganta y el sistema respiratorio.\" \/>\n<meta name=\"robots\" content=\"index, follow, max-snippet:-1, max-image-preview:large, max-video-preview:-1\" \/>\n<link rel=\"canonical\" href=\"https:\/\/www.lifenatura.com\/es\/produto\/composor-01-farinol-30ml-soria-natural\/\" \/>\n<meta property=\"og:locale\" content=\"es_ES\" \/>\n<meta property=\"og:type\" content=\"article\" \/>\n<meta property=\"og:title\" content=\"Composor 01 Farinol 30ml - Soria Natural - Lifenatura\" \/>\n<meta property=\"og:description\" content=\"Compre aqui o seu Composor 01 Farinol 30ml - Soria Natural e a Lifenatura Online envia em 48 H com Portes Gratis &gt;35\u20ac de Pedido.\" \/>\n<meta property=\"og:url\" content=\"https:\/\/www.lifenatura.com\/es\/produto\/composor-01-farinol-30ml-soria-natural\/\" \/>\n<meta property=\"og:site_name\" content=\"Lifenatura\" \/>\n<meta property=\"article:publisher\" content=\"https:\/\/www.facebook.com\/lifenatura\" \/>\n<meta property=\"article:modified_time\" content=\"2024-07-24T08:49:12+00:00\" \/>\n<meta property=\"og:image\" content=\"https:\/\/www.lifenatura.com\/wp-content\/uploads\/2024\/07\/composor-01-farinol-50ml-soria-natural.jpg\" \/>\n\t<meta property=\"og:image:width\" content=\"1000\" \/>\n\t<meta property=\"og:image:height\" content=\"1000\" \/>\n\t<meta property=\"og:image:type\" content=\"image\/jpeg\" \/>\n<meta name=\"twitter:card\" content=\"summary_large_image\" \/>\n<meta name=\"twitter:label1\" content=\"Precio\" \/>\n\t<meta name=\"twitter:data1\" content=\"12,95&nbsp;&euro;\" \/>\n\t<meta name=\"twitter:label2\" content=\"Disponibilidad\" \/>\n\t<meta name=\"twitter:data2\" content=\"Disponible\" \/>\n<meta property=\"product:price:amount\" content=\"12.95\" \/>\n<meta property=\"product:price:currency\" content=\"EUR\" \/>\n<meta property=\"og:availability\" content=\"instock\" \/>\n<meta property=\"product:availability\" content=\"instock\" \/>\n<meta property=\"product:retailer_item_id\" content=\"8422947152017\" \/>\n<meta property=\"product:condition\" content=\"new\" \/>\n<!-- \/ Yoast SEO Premium plugin. -->","yoast_head_json":{"title":"Composor 01 Farinol 30ml - Soria Natural - Lifenatura","description":"El Composor 01 Farinol de Soria Natural tiene propiedades calmantes y antiinflamatorias para favorecer la salud de la garganta y el sistema respiratorio.","robots":{"index":"index","follow":"follow","max-snippet":"max-snippet:-1","max-image-preview":"max-image-preview:large","max-video-preview":"max-video-preview:-1"},"canonical":"https:\/\/www.lifenatura.com\/es\/produto\/composor-01-farinol-30ml-soria-natural\/","og_locale":"es_ES","og_type":"article","og_title":"Composor 01 Farinol 30ml - Soria Natural - Lifenatura","og_description":"Compre aqui o seu Composor 01 Farinol 30ml - Soria Natural e a Lifenatura Online envia em 48 H com Portes Gratis >35\u20ac de Pedido.","og_url":"https:\/\/www.lifenatura.com\/es\/produto\/composor-01-farinol-30ml-soria-natural\/","og_site_name":"Lifenatura","article_publisher":"https:\/\/www.facebook.com\/lifenatura","article_modified_time":"2024-07-24T08:49:12+00:00","og_image":[{"width":1000,"height":1000,"url":"https:\/\/www.lifenatura.com\/wp-content\/uploads\/2024\/07\/composor-01-farinol-50ml-soria-natural.jpg","type":"image\/jpeg"}],"twitter_card":"summary_large_image","twitter_misc":{"Precio":"12,95&nbsp;&euro;","Disponibilidad":"Disponible"},"schema":{"@context":"https:\/\/schema.org","@graph":[{"@type":"WebPage","@id":"https:\/\/www.lifenatura.com\/es\/produto\/composor-01-farinol-30ml-soria-natural\/","url":"https:\/\/www.lifenatura.com\/es\/produto\/composor-01-farinol-30ml-soria-natural\/","name":"Composor 01 Farinol 30ml - Soria Natural - Lifenatura","isPartOf":{"@id":"https:\/\/www.lifenatura.com\/es\/#website"},"primaryImageOfPage":{"@id":"https:\/\/www.lifenatura.com\/es\/produto\/composor-01-farinol-30ml-soria-natural\/#primaryimage"},"image":{"@id":"https:\/\/www.lifenatura.com\/es\/produto\/composor-01-farinol-30ml-soria-natural\/#primaryimage"},"thumbnailUrl":"https:\/\/www.lifenatura.com\/wp-content\/uploads\/2025\/11\/farinol-spray-nasal-soria-natural.jpg","datePublished":"2024-07-19T14:24:10+00:00","dateModified":"2024-07-24T08:49:12+00:00","description":"El Composor 01 Farinol de Soria Natural tiene propiedades calmantes y antiinflamatorias para favorecer la salud de la garganta y el sistema respiratorio.","breadcrumb":{"@id":"https:\/\/www.lifenatura.com\/es\/produto\/composor-01-farinol-30ml-soria-natural\/#breadcrumb"},"inLanguage":"es","potentialAction":[{"@type":"ReadAction","target":["https:\/\/www.lifenatura.com\/es\/produto\/composor-01-farinol-30ml-soria-natural\/"]}]},{"@type":"ImageObject","inLanguage":"es","@id":"https:\/\/www.lifenatura.com\/es\/produto\/composor-01-farinol-30ml-soria-natural\/#primaryimage","url":"https:\/\/www.lifenatura.com\/wp-content\/uploads\/2025\/11\/farinol-spray-nasal-soria-natural.jpg","contentUrl":"https:\/\/www.lifenatura.com\/wp-content\/uploads\/2025\/11\/farinol-spray-nasal-soria-natural.jpg","width":1000,"height":1000,"caption":"Farinol composor 1 da soria natural"},{"@type":"BreadcrumbList","@id":"https:\/\/www.lifenatura.com\/es\/produto\/composor-01-farinol-30ml-soria-natural\/#breadcrumb","itemListElement":[{"@type":"ListItem","position":1,"name":"In\u00edcio","item":"https:\/\/www.lifenatura.com\/es\/"},{"@type":"ListItem","position":2,"name":"Todos los Productos","item":"https:\/\/www.lifenatura.com\/es\/tienda\/"},{"@type":"ListItem","position":3,"name":"Composor 01 Farinol 30ml &#8211; Soria Natural"}]},{"@type":"WebSite","@id":"https:\/\/www.lifenatura.com\/es\/#website","url":"https:\/\/www.lifenatura.com\/es\/","name":"Lifenatura","description":"A Lifenatura \u00e9 uma loja de produtos naturais, cosm\u00e9tica natural e alimenta\u00e7\u00e3o Biol\u00f3gica.","publisher":{"@id":"https:\/\/www.lifenatura.com\/es\/#organization"},"potentialAction":[{"@type":"SearchAction","target":{"@type":"EntryPoint","urlTemplate":"https:\/\/www.lifenatura.com\/es\/?s={search_term_string}"},"query-input":{"@type":"PropertyValueSpecification","valueRequired":true,"valueName":"search_term_string"}}],"inLanguage":"es"},{"@type":"Organization","@id":"https:\/\/www.lifenatura.com\/es\/#organization","name":"Lifenatura","url":"https:\/\/www.lifenatura.com\/es\/","logo":{"@type":"ImageObject","inLanguage":"es","@id":"https:\/\/www.lifenatura.com\/es\/#\/schema\/logo\/image\/","url":"https:\/\/www.lifenatura.com\/wp-content\/uploads\/2021\/11\/logo.png","contentUrl":"https:\/\/www.lifenatura.com\/wp-content\/uploads\/2021\/11\/logo.png","width":175,"height":55,"caption":"Lifenatura"},"image":{"@id":"https:\/\/www.lifenatura.com\/es\/#\/schema\/logo\/image\/"},"sameAs":["https:\/\/www.facebook.com\/lifenatura","https:\/\/www.instagram.com\/lifenaturapt\/"]}]},"product_price_amount":"12.95","product_price_currency":"EUR","og_availability":"instock","product_availability":"instock","product_retailer_item_id":"8422947152017","product_condition":"new"},"df_price":12.95,"df_sale_price":12.95,"df_regular_price":14.7,"df_image_link":"https:\/\/www.lifenatura.com\/wp-content\/uploads\/2025\/11\/farinol-spray-nasal-soria-natural-300x300.jpg","_links":{"self":[{"href":"https:\/\/www.lifenatura.com\/es\/wp-json\/wp\/v2\/product\/95547","targetHints":{"allow":["GET"]}}],"collection":[{"href":"https:\/\/www.lifenatura.com\/es\/wp-json\/wp\/v2\/product"}],"about":[{"href":"https:\/\/www.lifenatura.com\/es\/wp-json\/wp\/v2\/types\/product"}],"wp:featuredmedia":[{"embeddable":true,"href":"https:\/\/www.lifenatura.com\/es\/wp-json\/wp\/v2\/media\/120455"}],"wp:attachment":[{"href":"https:\/\/www.lifenatura.com\/es\/wp-json\/wp\/v2\/media?parent=95547"}],"wp:term":[{"taxonomy":"product_brand","embeddable":true,"href":"https:\/\/www.lifenatura.com\/es\/wp-json\/wp\/v2\/product_brand?post=95547"},{"taxonomy":"product_cat","embeddable":true,"href":"https:\/\/www.lifenatura.com\/es\/wp-json\/wp\/v2\/product_cat?post=95547"},{"taxonomy":"product_tag","embeddable":true,"href":"https:\/\/www.lifenatura.com\/es\/wp-json\/wp\/v2\/product_tag?post=95547"}],"curies":[{"name":"wp","href":"https:\/\/api.w.org\/{rel}","templated":true}]}}