{"id":94913,"date":"2024-07-10T13:42:37","date_gmt":"2024-07-10T13:42:37","guid":{"rendered":"https:\/\/www.lifenatura.com\/produto\/galleta-de-algarroba-ecologica-el-granero\/"},"modified":"2024-07-11T13:34:32","modified_gmt":"2024-07-11T13:34:32","slug":"galleta-de-algarroba-ecologica-el-granero","status":"publish","type":"product","link":"https:\/\/www.lifenatura.com\/es\/produto\/galleta-de-algarroba-ecologica-el-granero\/","title":{"rendered":"Galleta de algarroba ecol\u00f3gica &#8211; El Granero"},"content":{"rendered":"<h2 style=\"text-align: left;\"><strong>La galleta de algarroba es un tentempi\u00e9 saludable ideal<\/strong><\/h2>\n<p>&nbsp;<\/p>\n<p>La galleta de algarroba de El Granero es un tentempi\u00e9 delicioso y saludable, perfecto para cualquier momento del d\u00eda. Elaborada con ingredientes naturales de alta calidad, esta galleta combina el sabor \u00fanico de la algarroba con una textura crujiente y agradable.<\/p>\n<p>La algarroba es una excelente alternativa al cacao, que ofrece un sabor naturalmente dulce y nutritivo. Ideal para quienes buscan un sabroso tentempi\u00e9 sin renunciar a la salud, la galleta de algarroba de El Granero es una elecci\u00f3n inteligente para toda la familia.<\/p>\n<p><strong>Principales ventajas:<\/strong><\/p>\n<ul>\n<li><strong>Fuente de energ\u00eda:<\/strong> Rico en carbohidratos saludables, proporciona energ\u00eda sostenida, ideal para un tentempi\u00e9 r\u00e1pido y nutritivo.<\/li>\n<li><strong>Naturalmente dulce:<\/strong> la algarroba tiene un sabor dulce natural, que reduce la necesidad de az\u00facares a\u00f1adidos y ofrece una opci\u00f3n m\u00e1s sana que las galletas de chocolate tradicionales.<\/li>\n<li><strong>Rico en fibra:<\/strong> Contiene fibra que facilita la digesti\u00f3n, favoreciendo la salud digestiva y aumentando la sensaci\u00f3n de saciedad.<\/li>\n<li><strong>Bajo en grasas:<\/strong> Elaborado con ingredientes bajos en <strong>grasas<\/strong>, es una opci\u00f3n m\u00e1s ligera y saludable para aperitivos y postres.<\/li>\n<li><strong>Sin cafe\u00edna:<\/strong> A diferencia del cacao, la algarroba no contiene cafe\u00edna, por lo que es una alternativa excelente para quienes quieren evitar los estimulantes.<\/li>\n<li><strong>Ingredientes naturales:<\/strong> Elaborado con ingredientes de alta calidad y sin aditivos artificiales, lo que garantiza un producto puro y saludable.<\/li>\n<\/ul>\n<p>\u00a1Pru\u00e9bala y descubre el sabor \u00fanico y los beneficios nutricionales que puede ofrecer esta galleta!<\/p>\n<p><strong>PRESENTACI\u00d3N<\/strong><\/p>\n<p>220g<\/p>\n<p>&nbsp;<\/p>\n","protected":false},"excerpt":{"rendered":"<p>La galleta de algarroba de El Granero es la elecci\u00f3n ideal para quienes desean disfrutar de un tentempi\u00e9 delicioso y saludable. [&#8230;]<\/p>\n<p><a class=\"btn btn-secondary understrap-read-more-link\" href=\"https:\/\/www.lifenatura.com\/es\/produto\/galleta-de-algarroba-ecologica-el-granero\/\">Leer m\u00e1s&#8230;<span class=\"screen-reader-text\"> from Galleta de algarroba ecol\u00f3gica &#8211; El Granero<\/span><\/a><\/p>\n","protected":false},"featured_media":94846,"template":"","meta":{"_acf_changed":false},"product_brand":[8494],"product_cat":[7064,7079,7074],"product_tag":[],"class_list":{"0":"post-94913","1":"product","2":"type-product","3":"status-publish","4":"has-post-thumbnail","6":"product_brand-el-granero","7":"product_cat-alimentacion-sana","8":"product_cat-galletas","9":"product_cat-productos-alimenticios","10":"pa_caracteristicas-biologico","12":"first","13":"instock","14":"sale","15":"shipping-taxable","16":"purchasable","17":"product-type-simple","18":"add-to-wishlist-before_image"},"acf":[],"yoast_head":"<!-- This site is optimized with the Yoast SEO Premium plugin v27.1 (Yoast SEO v27.4) - https:\/\/yoast.com\/product\/yoast-seo-premium-wordpress\/ -->\n<title>Galleta de algarroba ecol\u00f3gica - El Granero - Na Lifenatura ao Melhor Pre\u00e7o | Envio em 48h<\/title>\n<meta name=\"description\" content=\"La galleta de algarroba de El Granero es la elecci\u00f3n ideal para quienes desean disfrutar de un tentempi\u00e9 delicioso y saludable.\" \/>\n<meta name=\"robots\" content=\"index, follow, max-snippet:-1, max-image-preview:large, max-video-preview:-1\" \/>\n<link rel=\"canonical\" href=\"https:\/\/www.lifenatura.com\/es\/produto\/galleta-de-algarroba-ecologica-el-granero\/\" \/>\n<meta property=\"og:locale\" content=\"es_ES\" \/>\n<meta property=\"og:type\" content=\"article\" \/>\n<meta property=\"og:title\" content=\"Galleta de algarroba ecol\u00f3gica - El Granero - Na Lifenatura ao Melhor Pre\u00e7o | Envio 48h\" \/>\n<meta property=\"og:description\" content=\"Compre Galleta de algarroba ecol\u00f3gica - El Granero com envio r\u00e1pido. Entrega em 48h e portes gr\u00e1tis em compras &gt;35\u20ac. Aproveite j\u00e1 na Lifenatura\" \/>\n<meta property=\"og:url\" content=\"https:\/\/www.lifenatura.com\/es\/produto\/galleta-de-algarroba-ecologica-el-granero\/\" \/>\n<meta property=\"og:site_name\" content=\"Lifenatura\" \/>\n<meta property=\"article:publisher\" content=\"https:\/\/www.facebook.com\/lifenatura\" \/>\n<meta property=\"article:modified_time\" content=\"2024-07-11T13:34:32+00:00\" \/>\n<meta property=\"og:image\" content=\"https:\/\/www.lifenatura.com\/wp-content\/uploads\/2024\/07\/biscoitos-alfarroba-el-granero.jpg\" \/>\n\t<meta property=\"og:image:width\" content=\"1000\" \/>\n\t<meta property=\"og:image:height\" content=\"1000\" \/>\n\t<meta property=\"og:image:type\" content=\"image\/jpeg\" \/>\n<meta name=\"twitter:card\" content=\"summary_large_image\" \/>\n<meta name=\"twitter:label1\" content=\"Precio\" \/>\n\t<meta name=\"twitter:data1\" content=\"3,75&nbsp;&euro;\" \/>\n\t<meta name=\"twitter:label2\" content=\"Disponibilidad\" \/>\n\t<meta name=\"twitter:data2\" content=\"Disponible\" \/>\n<script type=\"application\/ld+json\" class=\"yoast-schema-graph\">{\"@context\":\"https:\\\/\\\/schema.org\",\"@graph\":[{\"@type\":\"WebPage\",\"@id\":\"https:\\\/\\\/www.lifenatura.com\\\/es\\\/produto\\\/galleta-de-algarroba-ecologica-el-granero\\\/\",\"url\":\"https:\\\/\\\/www.lifenatura.com\\\/es\\\/produto\\\/galleta-de-algarroba-ecologica-el-granero\\\/\",\"name\":\"Galleta de algarroba ecol\u00f3gica - El Granero - Na Lifenatura ao Melhor Pre\u00e7o | Envio em 48h\",\"isPartOf\":{\"@id\":\"https:\\\/\\\/www.lifenatura.com\\\/es\\\/#website\"},\"primaryImageOfPage\":{\"@id\":\"https:\\\/\\\/www.lifenatura.com\\\/es\\\/produto\\\/galleta-de-algarroba-ecologica-el-granero\\\/#primaryimage\"},\"image\":{\"@id\":\"https:\\\/\\\/www.lifenatura.com\\\/es\\\/produto\\\/galleta-de-algarroba-ecologica-el-granero\\\/#primaryimage\"},\"thumbnailUrl\":\"https:\\\/\\\/www.lifenatura.com\\\/wp-content\\\/uploads\\\/2024\\\/07\\\/biscoitos-alfarroba-el-granero.jpg\",\"datePublished\":\"2024-07-10T13:42:37+00:00\",\"dateModified\":\"2024-07-11T13:34:32+00:00\",\"description\":\"La galleta de algarroba de El Granero es la elecci\u00f3n ideal para quienes desean disfrutar de un tentempi\u00e9 delicioso y saludable.\",\"breadcrumb\":{\"@id\":\"https:\\\/\\\/www.lifenatura.com\\\/es\\\/produto\\\/galleta-de-algarroba-ecologica-el-granero\\\/#breadcrumb\"},\"inLanguage\":\"es\",\"potentialAction\":[{\"@type\":\"ReadAction\",\"target\":[\"https:\\\/\\\/www.lifenatura.com\\\/es\\\/produto\\\/galleta-de-algarroba-ecologica-el-granero\\\/\"]}]},{\"@type\":\"ImageObject\",\"inLanguage\":\"es\",\"@id\":\"https:\\\/\\\/www.lifenatura.com\\\/es\\\/produto\\\/galleta-de-algarroba-ecologica-el-granero\\\/#primaryimage\",\"url\":\"https:\\\/\\\/www.lifenatura.com\\\/wp-content\\\/uploads\\\/2024\\\/07\\\/biscoitos-alfarroba-el-granero.jpg\",\"contentUrl\":\"https:\\\/\\\/www.lifenatura.com\\\/wp-content\\\/uploads\\\/2024\\\/07\\\/biscoitos-alfarroba-el-granero.jpg\",\"width\":1000,\"height\":1000,\"caption\":\"Galletas de algarroba ecol\u00f3gicas de el granero\"},{\"@type\":\"BreadcrumbList\",\"@id\":\"https:\\\/\\\/www.lifenatura.com\\\/es\\\/produto\\\/galleta-de-algarroba-ecologica-el-granero\\\/#breadcrumb\",\"itemListElement\":[{\"@type\":\"ListItem\",\"position\":1,\"name\":\"In\u00edcio\",\"item\":\"https:\\\/\\\/www.lifenatura.com\\\/es\\\/\"},{\"@type\":\"ListItem\",\"position\":2,\"name\":\"Todos los Productos\",\"item\":\"https:\\\/\\\/www.lifenatura.com\\\/es\\\/tienda\\\/\"},{\"@type\":\"ListItem\",\"position\":3,\"name\":\"Galleta de algarroba ecol\u00f3gica &#8211; El Granero\"}]},{\"@type\":\"WebSite\",\"@id\":\"https:\\\/\\\/www.lifenatura.com\\\/es\\\/#website\",\"url\":\"https:\\\/\\\/www.lifenatura.com\\\/es\\\/\",\"name\":\"Lifenatura\",\"description\":\"A Lifenatura \u00e9 uma loja de produtos naturais, cosm\u00e9tica natural e alimenta\u00e7\u00e3o Biol\u00f3gica.\",\"publisher\":{\"@id\":\"https:\\\/\\\/www.lifenatura.com\\\/es\\\/#organization\"},\"potentialAction\":[{\"@type\":\"SearchAction\",\"target\":{\"@type\":\"EntryPoint\",\"urlTemplate\":\"https:\\\/\\\/www.lifenatura.com\\\/es\\\/?s={search_term_string}\"},\"query-input\":{\"@type\":\"PropertyValueSpecification\",\"valueRequired\":true,\"valueName\":\"search_term_string\"}}],\"inLanguage\":\"es\"},{\"@type\":\"Organization\",\"@id\":\"https:\\\/\\\/www.lifenatura.com\\\/es\\\/#organization\",\"name\":\"Lifenatura\",\"url\":\"https:\\\/\\\/www.lifenatura.com\\\/es\\\/\",\"logo\":{\"@type\":\"ImageObject\",\"inLanguage\":\"es\",\"@id\":\"https:\\\/\\\/www.lifenatura.com\\\/es\\\/#\\\/schema\\\/logo\\\/image\\\/\",\"url\":\"https:\\\/\\\/www.lifenatura.com\\\/wp-content\\\/uploads\\\/2021\\\/07\\\/logo.png\",\"contentUrl\":\"https:\\\/\\\/www.lifenatura.com\\\/wp-content\\\/uploads\\\/2021\\\/07\\\/logo.png\",\"width\":175,\"height\":55,\"caption\":\"Lifenatura\"},\"image\":{\"@id\":\"https:\\\/\\\/www.lifenatura.com\\\/es\\\/#\\\/schema\\\/logo\\\/image\\\/\"},\"sameAs\":[\"https:\\\/\\\/www.facebook.com\\\/lifenatura\",\"https:\\\/\\\/www.instagram.com\\\/lifenaturapt\\\/\"],\"hasMerchantReturnPolicy\":{\"@type\":\"MerchantReturnPolicy\",\"merchantReturnLink\":\"https:\\\/\\\/www.lifenatura.com\\\/termos-condicoes-lifenatura\\\/\"}}]}<\/script>\n<meta property=\"product:price:amount\" content=\"3.75\" \/>\n<meta property=\"product:price:currency\" content=\"EUR\" \/>\n<meta property=\"og:availability\" content=\"instock\" \/>\n<meta property=\"product:availability\" content=\"instock\" \/>\n<meta property=\"product:retailer_item_id\" content=\"8422584030488\" \/>\n<meta property=\"product:condition\" content=\"new\" \/>\n<!-- \/ Yoast SEO Premium plugin. -->","yoast_head_json":{"title":"Galleta de algarroba ecol\u00f3gica - El Granero - Na Lifenatura ao Melhor Pre\u00e7o | Envio em 48h","description":"La galleta de algarroba de El Granero es la elecci\u00f3n ideal para quienes desean disfrutar de un tentempi\u00e9 delicioso y saludable.","robots":{"index":"index","follow":"follow","max-snippet":"max-snippet:-1","max-image-preview":"max-image-preview:large","max-video-preview":"max-video-preview:-1"},"canonical":"https:\/\/www.lifenatura.com\/es\/produto\/galleta-de-algarroba-ecologica-el-granero\/","og_locale":"es_ES","og_type":"article","og_title":"Galleta de algarroba ecol\u00f3gica - El Granero - Na Lifenatura ao Melhor Pre\u00e7o | Envio 48h","og_description":"Compre Galleta de algarroba ecol\u00f3gica - El Granero com envio r\u00e1pido. Entrega em 48h e portes gr\u00e1tis em compras >35\u20ac. Aproveite j\u00e1 na Lifenatura","og_url":"https:\/\/www.lifenatura.com\/es\/produto\/galleta-de-algarroba-ecologica-el-granero\/","og_site_name":"Lifenatura","article_publisher":"https:\/\/www.facebook.com\/lifenatura","article_modified_time":"2024-07-11T13:34:32+00:00","og_image":[{"width":1000,"height":1000,"url":"https:\/\/www.lifenatura.com\/wp-content\/uploads\/2024\/07\/biscoitos-alfarroba-el-granero.jpg","type":"image\/jpeg"}],"twitter_card":"summary_large_image","twitter_misc":{"Precio":"3,75&nbsp;&euro;","Disponibilidad":"Disponible"},"schema":{"@context":"https:\/\/schema.org","@graph":[{"@type":"WebPage","@id":"https:\/\/www.lifenatura.com\/es\/produto\/galleta-de-algarroba-ecologica-el-granero\/","url":"https:\/\/www.lifenatura.com\/es\/produto\/galleta-de-algarroba-ecologica-el-granero\/","name":"Galleta de algarroba ecol\u00f3gica - El Granero - Na Lifenatura ao Melhor Pre\u00e7o | Envio em 48h","isPartOf":{"@id":"https:\/\/www.lifenatura.com\/es\/#website"},"primaryImageOfPage":{"@id":"https:\/\/www.lifenatura.com\/es\/produto\/galleta-de-algarroba-ecologica-el-granero\/#primaryimage"},"image":{"@id":"https:\/\/www.lifenatura.com\/es\/produto\/galleta-de-algarroba-ecologica-el-granero\/#primaryimage"},"thumbnailUrl":"https:\/\/www.lifenatura.com\/wp-content\/uploads\/2024\/07\/biscoitos-alfarroba-el-granero.jpg","datePublished":"2024-07-10T13:42:37+00:00","dateModified":"2024-07-11T13:34:32+00:00","description":"La galleta de algarroba de El Granero es la elecci\u00f3n ideal para quienes desean disfrutar de un tentempi\u00e9 delicioso y saludable.","breadcrumb":{"@id":"https:\/\/www.lifenatura.com\/es\/produto\/galleta-de-algarroba-ecologica-el-granero\/#breadcrumb"},"inLanguage":"es","potentialAction":[{"@type":"ReadAction","target":["https:\/\/www.lifenatura.com\/es\/produto\/galleta-de-algarroba-ecologica-el-granero\/"]}]},{"@type":"ImageObject","inLanguage":"es","@id":"https:\/\/www.lifenatura.com\/es\/produto\/galleta-de-algarroba-ecologica-el-granero\/#primaryimage","url":"https:\/\/www.lifenatura.com\/wp-content\/uploads\/2024\/07\/biscoitos-alfarroba-el-granero.jpg","contentUrl":"https:\/\/www.lifenatura.com\/wp-content\/uploads\/2024\/07\/biscoitos-alfarroba-el-granero.jpg","width":1000,"height":1000,"caption":"Galletas de algarroba ecol\u00f3gicas de el granero"},{"@type":"BreadcrumbList","@id":"https:\/\/www.lifenatura.com\/es\/produto\/galleta-de-algarroba-ecologica-el-granero\/#breadcrumb","itemListElement":[{"@type":"ListItem","position":1,"name":"In\u00edcio","item":"https:\/\/www.lifenatura.com\/es\/"},{"@type":"ListItem","position":2,"name":"Todos los Productos","item":"https:\/\/www.lifenatura.com\/es\/tienda\/"},{"@type":"ListItem","position":3,"name":"Galleta de algarroba ecol\u00f3gica &#8211; El Granero"}]},{"@type":"WebSite","@id":"https:\/\/www.lifenatura.com\/es\/#website","url":"https:\/\/www.lifenatura.com\/es\/","name":"Lifenatura","description":"A Lifenatura \u00e9 uma loja de produtos naturais, cosm\u00e9tica natural e alimenta\u00e7\u00e3o Biol\u00f3gica.","publisher":{"@id":"https:\/\/www.lifenatura.com\/es\/#organization"},"potentialAction":[{"@type":"SearchAction","target":{"@type":"EntryPoint","urlTemplate":"https:\/\/www.lifenatura.com\/es\/?s={search_term_string}"},"query-input":{"@type":"PropertyValueSpecification","valueRequired":true,"valueName":"search_term_string"}}],"inLanguage":"es"},{"@type":"Organization","@id":"https:\/\/www.lifenatura.com\/es\/#organization","name":"Lifenatura","url":"https:\/\/www.lifenatura.com\/es\/","logo":{"@type":"ImageObject","inLanguage":"es","@id":"https:\/\/www.lifenatura.com\/es\/#\/schema\/logo\/image\/","url":"https:\/\/www.lifenatura.com\/wp-content\/uploads\/2021\/07\/logo.png","contentUrl":"https:\/\/www.lifenatura.com\/wp-content\/uploads\/2021\/07\/logo.png","width":175,"height":55,"caption":"Lifenatura"},"image":{"@id":"https:\/\/www.lifenatura.com\/es\/#\/schema\/logo\/image\/"},"sameAs":["https:\/\/www.facebook.com\/lifenatura","https:\/\/www.instagram.com\/lifenaturapt\/"],"hasMerchantReturnPolicy":{"@type":"MerchantReturnPolicy","merchantReturnLink":"https:\/\/www.lifenatura.com\/termos-condicoes-lifenatura\/"}}]},"product_price_amount":"3.75","product_price_currency":"EUR","og_availability":"instock","product_availability":"instock","product_retailer_item_id":"8422584030488","product_condition":"new"},"df_price":3.75,"df_sale_price":3.75,"df_regular_price":4.17,"df_image_link":"https:\/\/www.lifenatura.com\/wp-content\/uploads\/2024\/07\/biscoitos-alfarroba-el-granero-300x300.jpg","_links":{"self":[{"href":"https:\/\/www.lifenatura.com\/es\/wp-json\/wp\/v2\/product\/94913","targetHints":{"allow":["GET"]}}],"collection":[{"href":"https:\/\/www.lifenatura.com\/es\/wp-json\/wp\/v2\/product"}],"about":[{"href":"https:\/\/www.lifenatura.com\/es\/wp-json\/wp\/v2\/types\/product"}],"wp:featuredmedia":[{"embeddable":true,"href":"https:\/\/www.lifenatura.com\/es\/wp-json\/wp\/v2\/media\/94846"}],"wp:attachment":[{"href":"https:\/\/www.lifenatura.com\/es\/wp-json\/wp\/v2\/media?parent=94913"}],"wp:term":[{"taxonomy":"product_brand","embeddable":true,"href":"https:\/\/www.lifenatura.com\/es\/wp-json\/wp\/v2\/product_brand?post=94913"},{"taxonomy":"product_cat","embeddable":true,"href":"https:\/\/www.lifenatura.com\/es\/wp-json\/wp\/v2\/product_cat?post=94913"},{"taxonomy":"product_tag","embeddable":true,"href":"https:\/\/www.lifenatura.com\/es\/wp-json\/wp\/v2\/product_tag?post=94913"}],"curies":[{"name":"wp","href":"https:\/\/api.w.org\/{rel}","templated":true}]}}