{"id":94752,"date":"2024-07-08T22:48:56","date_gmt":"2024-07-08T22:48:56","guid":{"rendered":"https:\/\/www.lifenatura.com\/produto\/arroz-basmati-integral-bio-500g-biogra\/"},"modified":"2024-07-09T14:35:19","modified_gmt":"2024-07-09T14:35:19","slug":"arroz-basmati-integral-bio-500g-biogra","status":"publish","type":"product","link":"https:\/\/www.lifenatura.com\/es\/produto\/arroz-basmati-integral-bio-500g-biogra\/","title":{"rendered":"Arroz Basmati Integral Bio 500g &#8211; Biogr\u00e1"},"content":{"rendered":"<h2 style=\"text-align: left;\"><strong>Arroz basmati integral rico en nutrientes, fibras y carbohidratos<\/strong><\/h2>\n<p>&nbsp;<\/p>\n<p>El Arroz Basmati Integral Bio de Biogr\u00e1 es una opci\u00f3n nutritiva y deliciosa, ideal para enriquecer tus comidas diarias. Este arroz integral ecol\u00f3gico se cultiva de forma sostenible, conservando todos sus nutrientes esenciales.<\/p>\n<p>De granos largos, aroma fragante y textura ligera y suelta, el Arroz Basmati Integral Ecol\u00f3gico Biogr\u00e1 es perfecto para una dieta equilibrada y sana. Es ideal para acompa\u00f1ar una gran variedad de platos, desde guarniciones hasta platos principales.<\/p>\n<p>El arroz basmati es uno de los arroces m\u00e1s conocidos y consumidos del mundo. Tiene una textura suelta y suave y un sabor ligero, seco y fragante. Su grano es largo.<\/p>\n<p><strong>Principales ventajas:<\/strong><\/p>\n<ul>\n<li><strong>Rico en fibra:<\/strong> el arroz basmati integral es una excelente fuente de fibra, que ayuda a promover una digesti\u00f3n sana y a regular el tr\u00e1nsito intestinal.<\/li>\n<li><strong>Fuente de nutrientes esenciales:<\/strong> Contiene vitaminas y minerales importantes, como vitaminas del grupo B, magnesio y f\u00f3sforo, que son esenciales para la salud general del organismo.<\/li>\n<li><strong>Bajo \u00edndice gluc\u00e9mico:<\/strong> Ayuda a mantener estables los niveles de az\u00facar en sangre, por lo que es una opci\u00f3n adecuada para las personas diab\u00e9ticas o las que quieren controlar su peso.<\/li>\n<li><strong>Sabor y aroma caracter\u00edsticos:<\/strong> Conocido por su aroma fragante y sabor suave, que complementan una gran variedad de platos.<\/li>\n<li><strong>Vers\u00e1til en la cocina:<\/strong> Puede utilizarse como acompa\u00f1amiento de carnes, pescados, verduras y en platos de curry, ensaladas y mucho m\u00e1s.<\/li>\n<li><strong>100% Ecol\u00f3gico:<\/strong> Cultivado sin utilizar pesticidas ni abonos qu\u00edmicos, lo que garantiza un producto puro, natural y respetuoso con el medio ambiente.<\/li>\n<\/ul>\n<p>\u00a1A\u00f1ade este arroz a tus comidas diarias y disfruta de sus innumerables beneficios para la salud y el bienestar!<\/p>\n<p>Es extremadamente rica en nutrientes esenciales, con un contenido muy elevado de vitaminas, minerales, hidratos de carbono complejos y fibra.<\/p>\n<p><strong>PRESENTACI\u00d3N<\/strong><\/p>\n<p>500g<\/p>\n<p>&nbsp;<\/p>\n","protected":false},"excerpt":{"rendered":"<p>El Arroz Basmati Integral Bio de Biogr\u00e1 es la opci\u00f3n ideal para quienes desean incorporar un alimento sano, rico en fibra y de bajo \u00edndice gluc\u00e9mico. [&#8230;]<\/p>\n<p><a class=\"btn btn-secondary understrap-read-more-link\" href=\"https:\/\/www.lifenatura.com\/es\/produto\/arroz-basmati-integral-bio-500g-biogra\/\">Leer m\u00e1s&#8230;<span class=\"screen-reader-text\"> from Arroz Basmati Integral Bio 500g &#8211; Biogr\u00e1<\/span><\/a><\/p>\n","protected":false},"featured_media":94714,"template":"","meta":{"_acf_changed":false},"product_brand":[8531],"product_cat":[7064,7290,7074],"product_tag":[],"class_list":{"0":"post-94752","1":"product","2":"type-product","3":"status-publish","4":"has-post-thumbnail","6":"product_brand-biogra","7":"product_cat-alimentacion-sana","8":"product_cat-arroz-y-pasta","9":"product_cat-productos-alimenticios","10":"pa_caracteristicas-biologico","11":"pa_caracteristicas-sin-azucares-anadidos","12":"pa_caracteristicas-vegano","13":"pa_caracteristicas-vegetariano","15":"first","16":"instock","17":"shipping-taxable","18":"purchasable","19":"product-type-simple","20":"add-to-wishlist-before_image"},"acf":[],"yoast_head":"<!-- This site is optimized with the Yoast SEO Premium plugin v27.1 (Yoast SEO v27.5) - https:\/\/yoast.com\/product\/yoast-seo-premium-wordpress\/ -->\n<title>Arroz Basmati Integral Bio 500g - Biogr\u00e1 - Na Lifenatura ao Melhor Pre\u00e7o | Envio em 48h<\/title>\n<meta name=\"description\" content=\"El Arroz Basmati Integral Bio de Biogr\u00e1 es la opci\u00f3n ideal para quienes desean incorporar un alimento sano, rico en fibra y de bajo \u00edndice gluc\u00e9mico.\" \/>\n<meta name=\"robots\" content=\"index, follow, max-snippet:-1, max-image-preview:large, max-video-preview:-1\" \/>\n<link rel=\"canonical\" href=\"https:\/\/www.lifenatura.com\/es\/produto\/arroz-basmati-integral-bio-500g-biogra\/\" \/>\n<meta property=\"og:locale\" content=\"es_ES\" \/>\n<meta property=\"og:type\" content=\"article\" \/>\n<meta property=\"og:title\" content=\"Arroz Basmati Integral Bio 500g - Biogr\u00e1 - Na Lifenatura ao Melhor Pre\u00e7o | Envio 48h\" \/>\n<meta property=\"og:description\" content=\"Compre Arroz Basmati Integral Bio 500g - Biogr\u00e1 com envio r\u00e1pido. Entrega em 48h e portes gr\u00e1tis em compras &gt;35\u20ac. Aproveite j\u00e1 na Lifenatura\" \/>\n<meta property=\"og:url\" content=\"https:\/\/www.lifenatura.com\/es\/produto\/arroz-basmati-integral-bio-500g-biogra\/\" \/>\n<meta property=\"og:site_name\" content=\"Lifenatura\" \/>\n<meta property=\"article:publisher\" content=\"https:\/\/www.facebook.com\/lifenatura\" \/>\n<meta property=\"article:modified_time\" content=\"2024-07-09T14:35:19+00:00\" \/>\n<meta property=\"og:image\" content=\"https:\/\/www.lifenatura.com\/wp-content\/uploads\/2024\/07\/arroz-basmati-integral-bio-biogra.jpg\" \/>\n\t<meta property=\"og:image:width\" content=\"1000\" \/>\n\t<meta property=\"og:image:height\" content=\"1000\" \/>\n\t<meta property=\"og:image:type\" content=\"image\/jpeg\" \/>\n<meta name=\"twitter:card\" content=\"summary_large_image\" \/>\n<meta name=\"twitter:label1\" content=\"Precio\" \/>\n\t<meta name=\"twitter:data1\" content=\"4,49&nbsp;&euro;\" \/>\n\t<meta name=\"twitter:label2\" content=\"Disponibilidad\" \/>\n\t<meta name=\"twitter:data2\" content=\"Disponible\" \/>\n<script type=\"application\/ld+json\" class=\"yoast-schema-graph\">{\"@context\":\"https:\\\/\\\/schema.org\",\"@graph\":[{\"@type\":\"WebPage\",\"@id\":\"https:\\\/\\\/www.lifenatura.com\\\/es\\\/produto\\\/arroz-basmati-integral-bio-500g-biogra\\\/\",\"url\":\"https:\\\/\\\/www.lifenatura.com\\\/es\\\/produto\\\/arroz-basmati-integral-bio-500g-biogra\\\/\",\"name\":\"Arroz Basmati Integral Bio 500g - Biogr\u00e1 - Na Lifenatura ao Melhor Pre\u00e7o | Envio em 48h\",\"isPartOf\":{\"@id\":\"https:\\\/\\\/www.lifenatura.com\\\/es\\\/#website\"},\"primaryImageOfPage\":{\"@id\":\"https:\\\/\\\/www.lifenatura.com\\\/es\\\/produto\\\/arroz-basmati-integral-bio-500g-biogra\\\/#primaryimage\"},\"image\":{\"@id\":\"https:\\\/\\\/www.lifenatura.com\\\/es\\\/produto\\\/arroz-basmati-integral-bio-500g-biogra\\\/#primaryimage\"},\"thumbnailUrl\":\"https:\\\/\\\/www.lifenatura.com\\\/wp-content\\\/uploads\\\/2024\\\/07\\\/arroz-basmati-integral-bio-biogra.jpg\",\"datePublished\":\"2024-07-08T22:48:56+00:00\",\"dateModified\":\"2024-07-09T14:35:19+00:00\",\"description\":\"El Arroz Basmati Integral Bio de Biogr\u00e1 es la opci\u00f3n ideal para quienes desean incorporar un alimento sano, rico en fibra y de bajo \u00edndice gluc\u00e9mico.\",\"breadcrumb\":{\"@id\":\"https:\\\/\\\/www.lifenatura.com\\\/es\\\/produto\\\/arroz-basmati-integral-bio-500g-biogra\\\/#breadcrumb\"},\"inLanguage\":\"es\",\"potentialAction\":[{\"@type\":\"ReadAction\",\"target\":[\"https:\\\/\\\/www.lifenatura.com\\\/es\\\/produto\\\/arroz-basmati-integral-bio-500g-biogra\\\/\"]}]},{\"@type\":\"ImageObject\",\"inLanguage\":\"es\",\"@id\":\"https:\\\/\\\/www.lifenatura.com\\\/es\\\/produto\\\/arroz-basmati-integral-bio-500g-biogra\\\/#primaryimage\",\"url\":\"https:\\\/\\\/www.lifenatura.com\\\/wp-content\\\/uploads\\\/2024\\\/07\\\/arroz-basmati-integral-bio-biogra.jpg\",\"contentUrl\":\"https:\\\/\\\/www.lifenatura.com\\\/wp-content\\\/uploads\\\/2024\\\/07\\\/arroz-basmati-integral-bio-biogra.jpg\",\"width\":1000,\"height\":1000,\"caption\":\"Arroz basmati integral Biogr\u00e1\"},{\"@type\":\"BreadcrumbList\",\"@id\":\"https:\\\/\\\/www.lifenatura.com\\\/es\\\/produto\\\/arroz-basmati-integral-bio-500g-biogra\\\/#breadcrumb\",\"itemListElement\":[{\"@type\":\"ListItem\",\"position\":1,\"name\":\"In\u00edcio\",\"item\":\"https:\\\/\\\/www.lifenatura.com\\\/es\\\/\"},{\"@type\":\"ListItem\",\"position\":2,\"name\":\"Todos los Productos\",\"item\":\"https:\\\/\\\/www.lifenatura.com\\\/es\\\/tienda\\\/\"},{\"@type\":\"ListItem\",\"position\":3,\"name\":\"Arroz Basmati Integral Bio 500g &#8211; Biogr\u00e1\"}]},{\"@type\":\"WebSite\",\"@id\":\"https:\\\/\\\/www.lifenatura.com\\\/es\\\/#website\",\"url\":\"https:\\\/\\\/www.lifenatura.com\\\/es\\\/\",\"name\":\"Lifenatura\",\"description\":\"A Lifenatura \u00e9 uma loja de produtos naturais, cosm\u00e9tica natural e alimenta\u00e7\u00e3o Biol\u00f3gica.\",\"publisher\":{\"@id\":\"https:\\\/\\\/www.lifenatura.com\\\/es\\\/#organization\"},\"potentialAction\":[{\"@type\":\"SearchAction\",\"target\":{\"@type\":\"EntryPoint\",\"urlTemplate\":\"https:\\\/\\\/www.lifenatura.com\\\/es\\\/?s={search_term_string}\"},\"query-input\":{\"@type\":\"PropertyValueSpecification\",\"valueRequired\":true,\"valueName\":\"search_term_string\"}}],\"inLanguage\":\"es\"},{\"@type\":\"Organization\",\"@id\":\"https:\\\/\\\/www.lifenatura.com\\\/es\\\/#organization\",\"name\":\"Lifenatura\",\"url\":\"https:\\\/\\\/www.lifenatura.com\\\/es\\\/\",\"logo\":{\"@type\":\"ImageObject\",\"inLanguage\":\"es\",\"@id\":\"https:\\\/\\\/www.lifenatura.com\\\/es\\\/#\\\/schema\\\/logo\\\/image\\\/\",\"url\":\"https:\\\/\\\/www.lifenatura.com\\\/wp-content\\\/uploads\\\/2021\\\/07\\\/logo.png\",\"contentUrl\":\"https:\\\/\\\/www.lifenatura.com\\\/wp-content\\\/uploads\\\/2021\\\/07\\\/logo.png\",\"width\":175,\"height\":55,\"caption\":\"Lifenatura\"},\"image\":{\"@id\":\"https:\\\/\\\/www.lifenatura.com\\\/es\\\/#\\\/schema\\\/logo\\\/image\\\/\"},\"sameAs\":[\"https:\\\/\\\/www.facebook.com\\\/lifenatura\",\"https:\\\/\\\/www.instagram.com\\\/lifenaturapt\\\/\"],\"hasMerchantReturnPolicy\":{\"@type\":\"MerchantReturnPolicy\",\"merchantReturnLink\":\"https:\\\/\\\/www.lifenatura.com\\\/termos-condicoes-lifenatura\\\/\"}}]}<\/script>\n<meta property=\"product:price:amount\" content=\"4.49\" \/>\n<meta property=\"product:price:currency\" content=\"EUR\" \/>\n<meta property=\"og:availability\" content=\"instock\" \/>\n<meta property=\"product:availability\" content=\"instock\" \/>\n<meta property=\"product:retailer_item_id\" content=\"8426904171035\" \/>\n<meta property=\"product:condition\" content=\"new\" \/>\n<!-- \/ Yoast SEO Premium plugin. -->","yoast_head_json":{"title":"Arroz Basmati Integral Bio 500g - Biogr\u00e1 - Na Lifenatura ao Melhor Pre\u00e7o | Envio em 48h","description":"El Arroz Basmati Integral Bio de Biogr\u00e1 es la opci\u00f3n ideal para quienes desean incorporar un alimento sano, rico en fibra y de bajo \u00edndice gluc\u00e9mico.","robots":{"index":"index","follow":"follow","max-snippet":"max-snippet:-1","max-image-preview":"max-image-preview:large","max-video-preview":"max-video-preview:-1"},"canonical":"https:\/\/www.lifenatura.com\/es\/produto\/arroz-basmati-integral-bio-500g-biogra\/","og_locale":"es_ES","og_type":"article","og_title":"Arroz Basmati Integral Bio 500g - Biogr\u00e1 - Na Lifenatura ao Melhor Pre\u00e7o | Envio 48h","og_description":"Compre Arroz Basmati Integral Bio 500g - Biogr\u00e1 com envio r\u00e1pido. Entrega em 48h e portes gr\u00e1tis em compras >35\u20ac. Aproveite j\u00e1 na Lifenatura","og_url":"https:\/\/www.lifenatura.com\/es\/produto\/arroz-basmati-integral-bio-500g-biogra\/","og_site_name":"Lifenatura","article_publisher":"https:\/\/www.facebook.com\/lifenatura","article_modified_time":"2024-07-09T14:35:19+00:00","og_image":[{"width":1000,"height":1000,"url":"https:\/\/www.lifenatura.com\/wp-content\/uploads\/2024\/07\/arroz-basmati-integral-bio-biogra.jpg","type":"image\/jpeg"}],"twitter_card":"summary_large_image","twitter_misc":{"Precio":"4,49&nbsp;&euro;","Disponibilidad":"Disponible"},"schema":{"@context":"https:\/\/schema.org","@graph":[{"@type":"WebPage","@id":"https:\/\/www.lifenatura.com\/es\/produto\/arroz-basmati-integral-bio-500g-biogra\/","url":"https:\/\/www.lifenatura.com\/es\/produto\/arroz-basmati-integral-bio-500g-biogra\/","name":"Arroz Basmati Integral Bio 500g - Biogr\u00e1 - Na Lifenatura ao Melhor Pre\u00e7o | Envio em 48h","isPartOf":{"@id":"https:\/\/www.lifenatura.com\/es\/#website"},"primaryImageOfPage":{"@id":"https:\/\/www.lifenatura.com\/es\/produto\/arroz-basmati-integral-bio-500g-biogra\/#primaryimage"},"image":{"@id":"https:\/\/www.lifenatura.com\/es\/produto\/arroz-basmati-integral-bio-500g-biogra\/#primaryimage"},"thumbnailUrl":"https:\/\/www.lifenatura.com\/wp-content\/uploads\/2024\/07\/arroz-basmati-integral-bio-biogra.jpg","datePublished":"2024-07-08T22:48:56+00:00","dateModified":"2024-07-09T14:35:19+00:00","description":"El Arroz Basmati Integral Bio de Biogr\u00e1 es la opci\u00f3n ideal para quienes desean incorporar un alimento sano, rico en fibra y de bajo \u00edndice gluc\u00e9mico.","breadcrumb":{"@id":"https:\/\/www.lifenatura.com\/es\/produto\/arroz-basmati-integral-bio-500g-biogra\/#breadcrumb"},"inLanguage":"es","potentialAction":[{"@type":"ReadAction","target":["https:\/\/www.lifenatura.com\/es\/produto\/arroz-basmati-integral-bio-500g-biogra\/"]}]},{"@type":"ImageObject","inLanguage":"es","@id":"https:\/\/www.lifenatura.com\/es\/produto\/arroz-basmati-integral-bio-500g-biogra\/#primaryimage","url":"https:\/\/www.lifenatura.com\/wp-content\/uploads\/2024\/07\/arroz-basmati-integral-bio-biogra.jpg","contentUrl":"https:\/\/www.lifenatura.com\/wp-content\/uploads\/2024\/07\/arroz-basmati-integral-bio-biogra.jpg","width":1000,"height":1000,"caption":"Arroz basmati integral Biogr\u00e1"},{"@type":"BreadcrumbList","@id":"https:\/\/www.lifenatura.com\/es\/produto\/arroz-basmati-integral-bio-500g-biogra\/#breadcrumb","itemListElement":[{"@type":"ListItem","position":1,"name":"In\u00edcio","item":"https:\/\/www.lifenatura.com\/es\/"},{"@type":"ListItem","position":2,"name":"Todos los Productos","item":"https:\/\/www.lifenatura.com\/es\/tienda\/"},{"@type":"ListItem","position":3,"name":"Arroz Basmati Integral Bio 500g &#8211; Biogr\u00e1"}]},{"@type":"WebSite","@id":"https:\/\/www.lifenatura.com\/es\/#website","url":"https:\/\/www.lifenatura.com\/es\/","name":"Lifenatura","description":"A Lifenatura \u00e9 uma loja de produtos naturais, cosm\u00e9tica natural e alimenta\u00e7\u00e3o Biol\u00f3gica.","publisher":{"@id":"https:\/\/www.lifenatura.com\/es\/#organization"},"potentialAction":[{"@type":"SearchAction","target":{"@type":"EntryPoint","urlTemplate":"https:\/\/www.lifenatura.com\/es\/?s={search_term_string}"},"query-input":{"@type":"PropertyValueSpecification","valueRequired":true,"valueName":"search_term_string"}}],"inLanguage":"es"},{"@type":"Organization","@id":"https:\/\/www.lifenatura.com\/es\/#organization","name":"Lifenatura","url":"https:\/\/www.lifenatura.com\/es\/","logo":{"@type":"ImageObject","inLanguage":"es","@id":"https:\/\/www.lifenatura.com\/es\/#\/schema\/logo\/image\/","url":"https:\/\/www.lifenatura.com\/wp-content\/uploads\/2021\/07\/logo.png","contentUrl":"https:\/\/www.lifenatura.com\/wp-content\/uploads\/2021\/07\/logo.png","width":175,"height":55,"caption":"Lifenatura"},"image":{"@id":"https:\/\/www.lifenatura.com\/es\/#\/schema\/logo\/image\/"},"sameAs":["https:\/\/www.facebook.com\/lifenatura","https:\/\/www.instagram.com\/lifenaturapt\/"],"hasMerchantReturnPolicy":{"@type":"MerchantReturnPolicy","merchantReturnLink":"https:\/\/www.lifenatura.com\/termos-condicoes-lifenatura\/"}}]},"product_price_amount":"4.49","product_price_currency":"EUR","og_availability":"instock","product_availability":"instock","product_retailer_item_id":"8426904171035","product_condition":"new"},"df_price":4.49,"df_sale_price":"","df_regular_price":4.49,"df_image_link":"https:\/\/www.lifenatura.com\/wp-content\/uploads\/2024\/07\/arroz-basmati-integral-bio-biogra-300x300.jpg","_links":{"self":[{"href":"https:\/\/www.lifenatura.com\/es\/wp-json\/wp\/v2\/product\/94752","targetHints":{"allow":["GET"]}}],"collection":[{"href":"https:\/\/www.lifenatura.com\/es\/wp-json\/wp\/v2\/product"}],"about":[{"href":"https:\/\/www.lifenatura.com\/es\/wp-json\/wp\/v2\/types\/product"}],"wp:featuredmedia":[{"embeddable":true,"href":"https:\/\/www.lifenatura.com\/es\/wp-json\/wp\/v2\/media\/94714"}],"wp:attachment":[{"href":"https:\/\/www.lifenatura.com\/es\/wp-json\/wp\/v2\/media?parent=94752"}],"wp:term":[{"taxonomy":"product_brand","embeddable":true,"href":"https:\/\/www.lifenatura.com\/es\/wp-json\/wp\/v2\/product_brand?post=94752"},{"taxonomy":"product_cat","embeddable":true,"href":"https:\/\/www.lifenatura.com\/es\/wp-json\/wp\/v2\/product_cat?post=94752"},{"taxonomy":"product_tag","embeddable":true,"href":"https:\/\/www.lifenatura.com\/es\/wp-json\/wp\/v2\/product_tag?post=94752"}],"curies":[{"name":"wp","href":"https:\/\/api.w.org\/{rel}","templated":true}]}}