{"id":94749,"date":"2024-07-03T10:15:38","date_gmt":"2024-07-03T10:15:38","guid":{"rendered":"https:\/\/www.lifenatura.com\/produto\/amaranto-bio-500g-el-granero\/"},"modified":"2024-07-09T14:27:58","modified_gmt":"2024-07-09T14:27:58","slug":"amaranto-bio-500g-el-granero","status":"publish","type":"product","link":"https:\/\/www.lifenatura.com\/es\/produto\/amaranto-bio-500g-el-granero\/","title":{"rendered":"Amaranto Bio 500g &#8211; El Granero"},"content":{"rendered":"<h2 style=\"text-align: left;\"><strong>El amaranto, un cereal muy nutritivo y rico en prote\u00ednas<\/strong><\/h2>\n<p>&nbsp;<\/p>\n<p>El Amaranto Ecol\u00f3gico de El Granero es un grano antiguo muy nutritivo cultivado ecol\u00f3gicamente, lo que garantiza un producto natural y de alta calidad. Este superalimento es conocido por su alto contenido en prote\u00ednas, fibra y micronutrientes, lo que lo convierte en un excelente complemento de una dieta equilibrada y sana. Vers\u00e1til y f\u00e1cil de preparar, el amaranto puede utilizarse en una gran variedad de recetas, desde ensaladas y sopas hasta platos principales y postres.<\/p>\n<p>El Amaranto Ecol\u00f3gico El Granero es ideal para quienes buscan una alternativa sana y nutritiva a los cereales tradicionales.<\/p>\n<p><strong>Principales ventajas:<\/strong><\/p>\n<ul>\n<li><strong>Rico en prote\u00ednas:<\/strong> el amaranto es una fuente excelente de prote\u00ednas vegetales de alta calidad, esenciales para construir y reparar los tejidos corporales, especialmente beneficiosas para vegetarianos y veganos.<\/li>\n<li><strong>Alto contenido en fibra:<\/strong> Contribuye a la salud digestiva, ayudando a regular el tr\u00e1nsito intestinal y favoreciendo la sensaci\u00f3n de saciedad.<\/li>\n<li><strong>Fuente de micronutrientes:<\/strong> Rico en vitaminas y minerales como hierro, magnesio, f\u00f3sforo y calcio, fundamentales para mantener la salud \u00f3sea y el sistema inmunitario.<\/li>\n<li><strong>Propiedades antioxidantes:<\/strong> Contiene compuestos antioxidantes que ayudan a combatir los radicales libres, protegiendo las c\u00e9lulas del organismo contra el estr\u00e9s oxidativo.<\/li>\n<li><strong>Versatilidad en la cocina:<\/strong> Se puede utilizar en una gran variedad de recetas, desde platos salados hasta postres, a\u00f1adiendo textura y valor nutritivo a tus comidas.<\/li>\n<li><strong>100% Ecol\u00f3gico:<\/strong> Cultivado ecol\u00f3gicamente, sin utilizar pesticidas ni abonos qu\u00edmicos, lo que garantiza un producto puro y sostenible.<\/li>\n<\/ul>\n<div class=\"flex flex-grow flex-col max-w-full\">\n<div class=\"min-h-[20px] text-message flex flex-col items-start whitespace-pre-wrap break-words [.text-message+&amp;]:mt-5 juice:w-full juice:items-end overflow-x-auto gap-2\" dir=\"auto\" data-message-author-role=\"assistant\" data-message-id=\"577e5277-e608-4dbe-9e33-c6bb7743efd5\">\n<div class=\"flex w-full flex-col gap-1 juice:empty:hidden juice:first:pt-[3px]\">\n<div class=\"markdown prose w-full break-words dark:prose-invert light\">\n<p>Incorpora este vers\u00e1til grano a tu rutina diaria y disfruta de los innumerables beneficios para la salud que ofrece el amaranto.<\/p>\n<p><strong>PRESENTACI\u00d3N<\/strong><\/p>\n<p>500g<\/p>\n<p>&nbsp;<\/p>\n<\/div>\n<\/div>\n<\/div>\n<\/div>\n","protected":false},"excerpt":{"rendered":"<p>El Amaranto Bio de la marca El Granero es la elecci\u00f3n perfecta para quienes desean enriquecer su dieta con un superalimento natural y altamente nutritivo. [&#8230;]<\/p>\n<p><a class=\"btn btn-secondary understrap-read-more-link\" href=\"https:\/\/www.lifenatura.com\/es\/produto\/amaranto-bio-500g-el-granero\/\">Leer m\u00e1s&#8230;<span class=\"screen-reader-text\"> from Amaranto Bio 500g &#8211; El Granero<\/span><\/a><\/p>\n","protected":false},"featured_media":94424,"template":"","meta":{"_acf_changed":false},"product_brand":[8494],"product_cat":[7064,7080,7074],"product_tag":[],"class_list":{"0":"post-94749","1":"product","2":"type-product","3":"status-publish","4":"has-post-thumbnail","6":"product_brand-el-granero","7":"product_cat-alimentacion-sana","8":"product_cat-cereales","9":"product_cat-productos-alimenticios","10":"pa_caracteristicas-biologico","12":"first","13":"instock","14":"shipping-taxable","15":"purchasable","16":"product-type-simple","17":"add-to-wishlist-before_image"},"acf":[],"yoast_head":"<!-- This site is optimized with the Yoast SEO Premium plugin v27.1 (Yoast SEO v27.5) - https:\/\/yoast.com\/product\/yoast-seo-premium-wordpress\/ -->\n<title>Amaranto Bio 500g - El Granero - Na Lifenatura ao Melhor Pre\u00e7o | Envio em 48h<\/title>\n<meta name=\"description\" content=\"El Amaranto Bio de la marca El Granero es la elecci\u00f3n perfecta para quienes desean enriquecer su dieta con un superalimento natural y altamente nutritivo.\" \/>\n<meta name=\"robots\" content=\"index, follow, max-snippet:-1, max-image-preview:large, max-video-preview:-1\" \/>\n<link rel=\"canonical\" href=\"https:\/\/www.lifenatura.com\/es\/produto\/amaranto-bio-500g-el-granero\/\" \/>\n<meta property=\"og:locale\" content=\"es_ES\" \/>\n<meta property=\"og:type\" content=\"article\" \/>\n<meta property=\"og:title\" content=\"Amaranto Bio 500g - El Granero - Na Lifenatura ao Melhor Pre\u00e7o | Envio 48h\" \/>\n<meta property=\"og:description\" content=\"Compre Amaranto Bio 500g - El Granero com envio r\u00e1pido. Entrega em 48h e portes gr\u00e1tis em compras &gt;35\u20ac. Aproveite j\u00e1 na Lifenatura\" \/>\n<meta property=\"og:url\" content=\"https:\/\/www.lifenatura.com\/es\/produto\/amaranto-bio-500g-el-granero\/\" \/>\n<meta property=\"og:site_name\" content=\"Lifenatura\" \/>\n<meta property=\"article:publisher\" content=\"https:\/\/www.facebook.com\/lifenatura\" \/>\n<meta property=\"article:modified_time\" content=\"2024-07-09T14:27:58+00:00\" \/>\n<meta property=\"og:image\" content=\"https:\/\/www.lifenatura.com\/wp-content\/uploads\/2024\/07\/amaranto-bio-500g-el-granero.jpg\" \/>\n\t<meta property=\"og:image:width\" content=\"1000\" \/>\n\t<meta property=\"og:image:height\" content=\"1000\" \/>\n\t<meta property=\"og:image:type\" content=\"image\/jpeg\" \/>\n<meta name=\"twitter:card\" content=\"summary_large_image\" \/>\n<meta name=\"twitter:label1\" content=\"Precio\" \/>\n\t<meta name=\"twitter:data1\" content=\"3,73&nbsp;&euro;\" \/>\n\t<meta name=\"twitter:label2\" content=\"Disponibilidad\" \/>\n\t<meta name=\"twitter:data2\" content=\"Disponible\" \/>\n<script type=\"application\/ld+json\" class=\"yoast-schema-graph\">{\"@context\":\"https:\\\/\\\/schema.org\",\"@graph\":[{\"@type\":\"WebPage\",\"@id\":\"https:\\\/\\\/www.lifenatura.com\\\/es\\\/produto\\\/amaranto-bio-500g-el-granero\\\/\",\"url\":\"https:\\\/\\\/www.lifenatura.com\\\/es\\\/produto\\\/amaranto-bio-500g-el-granero\\\/\",\"name\":\"Amaranto Bio 500g - El Granero - Na Lifenatura ao Melhor Pre\u00e7o | Envio em 48h\",\"isPartOf\":{\"@id\":\"https:\\\/\\\/www.lifenatura.com\\\/es\\\/#website\"},\"primaryImageOfPage\":{\"@id\":\"https:\\\/\\\/www.lifenatura.com\\\/es\\\/produto\\\/amaranto-bio-500g-el-granero\\\/#primaryimage\"},\"image\":{\"@id\":\"https:\\\/\\\/www.lifenatura.com\\\/es\\\/produto\\\/amaranto-bio-500g-el-granero\\\/#primaryimage\"},\"thumbnailUrl\":\"https:\\\/\\\/www.lifenatura.com\\\/wp-content\\\/uploads\\\/2024\\\/07\\\/amaranto-bio-500g-el-granero.jpg\",\"datePublished\":\"2024-07-03T10:15:38+00:00\",\"dateModified\":\"2024-07-09T14:27:58+00:00\",\"description\":\"El Amaranto Bio de la marca El Granero es la elecci\u00f3n perfecta para quienes desean enriquecer su dieta con un superalimento natural y altamente nutritivo.\",\"breadcrumb\":{\"@id\":\"https:\\\/\\\/www.lifenatura.com\\\/es\\\/produto\\\/amaranto-bio-500g-el-granero\\\/#breadcrumb\"},\"inLanguage\":\"es\",\"potentialAction\":[{\"@type\":\"ReadAction\",\"target\":[\"https:\\\/\\\/www.lifenatura.com\\\/es\\\/produto\\\/amaranto-bio-500g-el-granero\\\/\"]}]},{\"@type\":\"ImageObject\",\"inLanguage\":\"es\",\"@id\":\"https:\\\/\\\/www.lifenatura.com\\\/es\\\/produto\\\/amaranto-bio-500g-el-granero\\\/#primaryimage\",\"url\":\"https:\\\/\\\/www.lifenatura.com\\\/wp-content\\\/uploads\\\/2024\\\/07\\\/amaranto-bio-500g-el-granero.jpg\",\"contentUrl\":\"https:\\\/\\\/www.lifenatura.com\\\/wp-content\\\/uploads\\\/2024\\\/07\\\/amaranto-bio-500g-el-granero.jpg\",\"width\":1000,\"height\":1000,\"caption\":\"Amaranto de El Granero\"},{\"@type\":\"BreadcrumbList\",\"@id\":\"https:\\\/\\\/www.lifenatura.com\\\/es\\\/produto\\\/amaranto-bio-500g-el-granero\\\/#breadcrumb\",\"itemListElement\":[{\"@type\":\"ListItem\",\"position\":1,\"name\":\"In\u00edcio\",\"item\":\"https:\\\/\\\/www.lifenatura.com\\\/es\\\/\"},{\"@type\":\"ListItem\",\"position\":2,\"name\":\"Todos los Productos\",\"item\":\"https:\\\/\\\/www.lifenatura.com\\\/es\\\/tienda\\\/\"},{\"@type\":\"ListItem\",\"position\":3,\"name\":\"Amaranto Bio 500g &#8211; El Granero\"}]},{\"@type\":\"WebSite\",\"@id\":\"https:\\\/\\\/www.lifenatura.com\\\/es\\\/#website\",\"url\":\"https:\\\/\\\/www.lifenatura.com\\\/es\\\/\",\"name\":\"Lifenatura\",\"description\":\"A Lifenatura \u00e9 uma loja de produtos naturais, cosm\u00e9tica natural e alimenta\u00e7\u00e3o Biol\u00f3gica.\",\"publisher\":{\"@id\":\"https:\\\/\\\/www.lifenatura.com\\\/es\\\/#organization\"},\"potentialAction\":[{\"@type\":\"SearchAction\",\"target\":{\"@type\":\"EntryPoint\",\"urlTemplate\":\"https:\\\/\\\/www.lifenatura.com\\\/es\\\/?s={search_term_string}\"},\"query-input\":{\"@type\":\"PropertyValueSpecification\",\"valueRequired\":true,\"valueName\":\"search_term_string\"}}],\"inLanguage\":\"es\"},{\"@type\":\"Organization\",\"@id\":\"https:\\\/\\\/www.lifenatura.com\\\/es\\\/#organization\",\"name\":\"Lifenatura\",\"url\":\"https:\\\/\\\/www.lifenatura.com\\\/es\\\/\",\"logo\":{\"@type\":\"ImageObject\",\"inLanguage\":\"es\",\"@id\":\"https:\\\/\\\/www.lifenatura.com\\\/es\\\/#\\\/schema\\\/logo\\\/image\\\/\",\"url\":\"https:\\\/\\\/www.lifenatura.com\\\/wp-content\\\/uploads\\\/2021\\\/07\\\/logo.png\",\"contentUrl\":\"https:\\\/\\\/www.lifenatura.com\\\/wp-content\\\/uploads\\\/2021\\\/07\\\/logo.png\",\"width\":175,\"height\":55,\"caption\":\"Lifenatura\"},\"image\":{\"@id\":\"https:\\\/\\\/www.lifenatura.com\\\/es\\\/#\\\/schema\\\/logo\\\/image\\\/\"},\"sameAs\":[\"https:\\\/\\\/www.facebook.com\\\/lifenatura\",\"https:\\\/\\\/www.instagram.com\\\/lifenaturapt\\\/\"],\"hasMerchantReturnPolicy\":{\"@type\":\"MerchantReturnPolicy\",\"merchantReturnLink\":\"https:\\\/\\\/www.lifenatura.com\\\/termos-condicoes-lifenatura\\\/\"}}]}<\/script>\n<meta property=\"product:price:amount\" content=\"3.73\" \/>\n<meta property=\"product:price:currency\" content=\"EUR\" \/>\n<meta property=\"og:availability\" content=\"instock\" \/>\n<meta property=\"product:availability\" content=\"instock\" \/>\n<meta property=\"product:retailer_item_id\" content=\"8422584018622\" \/>\n<meta property=\"product:condition\" content=\"new\" \/>\n<!-- \/ Yoast SEO Premium plugin. -->","yoast_head_json":{"title":"Amaranto Bio 500g - El Granero - Na Lifenatura ao Melhor Pre\u00e7o | Envio em 48h","description":"El Amaranto Bio de la marca El Granero es la elecci\u00f3n perfecta para quienes desean enriquecer su dieta con un superalimento natural y altamente nutritivo.","robots":{"index":"index","follow":"follow","max-snippet":"max-snippet:-1","max-image-preview":"max-image-preview:large","max-video-preview":"max-video-preview:-1"},"canonical":"https:\/\/www.lifenatura.com\/es\/produto\/amaranto-bio-500g-el-granero\/","og_locale":"es_ES","og_type":"article","og_title":"Amaranto Bio 500g - El Granero - Na Lifenatura ao Melhor Pre\u00e7o | Envio 48h","og_description":"Compre Amaranto Bio 500g - El Granero com envio r\u00e1pido. Entrega em 48h e portes gr\u00e1tis em compras >35\u20ac. Aproveite j\u00e1 na Lifenatura","og_url":"https:\/\/www.lifenatura.com\/es\/produto\/amaranto-bio-500g-el-granero\/","og_site_name":"Lifenatura","article_publisher":"https:\/\/www.facebook.com\/lifenatura","article_modified_time":"2024-07-09T14:27:58+00:00","og_image":[{"width":1000,"height":1000,"url":"https:\/\/www.lifenatura.com\/wp-content\/uploads\/2024\/07\/amaranto-bio-500g-el-granero.jpg","type":"image\/jpeg"}],"twitter_card":"summary_large_image","twitter_misc":{"Precio":"3,73&nbsp;&euro;","Disponibilidad":"Disponible"},"schema":{"@context":"https:\/\/schema.org","@graph":[{"@type":"WebPage","@id":"https:\/\/www.lifenatura.com\/es\/produto\/amaranto-bio-500g-el-granero\/","url":"https:\/\/www.lifenatura.com\/es\/produto\/amaranto-bio-500g-el-granero\/","name":"Amaranto Bio 500g - El Granero - Na Lifenatura ao Melhor Pre\u00e7o | Envio em 48h","isPartOf":{"@id":"https:\/\/www.lifenatura.com\/es\/#website"},"primaryImageOfPage":{"@id":"https:\/\/www.lifenatura.com\/es\/produto\/amaranto-bio-500g-el-granero\/#primaryimage"},"image":{"@id":"https:\/\/www.lifenatura.com\/es\/produto\/amaranto-bio-500g-el-granero\/#primaryimage"},"thumbnailUrl":"https:\/\/www.lifenatura.com\/wp-content\/uploads\/2024\/07\/amaranto-bio-500g-el-granero.jpg","datePublished":"2024-07-03T10:15:38+00:00","dateModified":"2024-07-09T14:27:58+00:00","description":"El Amaranto Bio de la marca El Granero es la elecci\u00f3n perfecta para quienes desean enriquecer su dieta con un superalimento natural y altamente nutritivo.","breadcrumb":{"@id":"https:\/\/www.lifenatura.com\/es\/produto\/amaranto-bio-500g-el-granero\/#breadcrumb"},"inLanguage":"es","potentialAction":[{"@type":"ReadAction","target":["https:\/\/www.lifenatura.com\/es\/produto\/amaranto-bio-500g-el-granero\/"]}]},{"@type":"ImageObject","inLanguage":"es","@id":"https:\/\/www.lifenatura.com\/es\/produto\/amaranto-bio-500g-el-granero\/#primaryimage","url":"https:\/\/www.lifenatura.com\/wp-content\/uploads\/2024\/07\/amaranto-bio-500g-el-granero.jpg","contentUrl":"https:\/\/www.lifenatura.com\/wp-content\/uploads\/2024\/07\/amaranto-bio-500g-el-granero.jpg","width":1000,"height":1000,"caption":"Amaranto de El Granero"},{"@type":"BreadcrumbList","@id":"https:\/\/www.lifenatura.com\/es\/produto\/amaranto-bio-500g-el-granero\/#breadcrumb","itemListElement":[{"@type":"ListItem","position":1,"name":"In\u00edcio","item":"https:\/\/www.lifenatura.com\/es\/"},{"@type":"ListItem","position":2,"name":"Todos los Productos","item":"https:\/\/www.lifenatura.com\/es\/tienda\/"},{"@type":"ListItem","position":3,"name":"Amaranto Bio 500g &#8211; El Granero"}]},{"@type":"WebSite","@id":"https:\/\/www.lifenatura.com\/es\/#website","url":"https:\/\/www.lifenatura.com\/es\/","name":"Lifenatura","description":"A Lifenatura \u00e9 uma loja de produtos naturais, cosm\u00e9tica natural e alimenta\u00e7\u00e3o Biol\u00f3gica.","publisher":{"@id":"https:\/\/www.lifenatura.com\/es\/#organization"},"potentialAction":[{"@type":"SearchAction","target":{"@type":"EntryPoint","urlTemplate":"https:\/\/www.lifenatura.com\/es\/?s={search_term_string}"},"query-input":{"@type":"PropertyValueSpecification","valueRequired":true,"valueName":"search_term_string"}}],"inLanguage":"es"},{"@type":"Organization","@id":"https:\/\/www.lifenatura.com\/es\/#organization","name":"Lifenatura","url":"https:\/\/www.lifenatura.com\/es\/","logo":{"@type":"ImageObject","inLanguage":"es","@id":"https:\/\/www.lifenatura.com\/es\/#\/schema\/logo\/image\/","url":"https:\/\/www.lifenatura.com\/wp-content\/uploads\/2021\/07\/logo.png","contentUrl":"https:\/\/www.lifenatura.com\/wp-content\/uploads\/2021\/07\/logo.png","width":175,"height":55,"caption":"Lifenatura"},"image":{"@id":"https:\/\/www.lifenatura.com\/es\/#\/schema\/logo\/image\/"},"sameAs":["https:\/\/www.facebook.com\/lifenatura","https:\/\/www.instagram.com\/lifenaturapt\/"],"hasMerchantReturnPolicy":{"@type":"MerchantReturnPolicy","merchantReturnLink":"https:\/\/www.lifenatura.com\/termos-condicoes-lifenatura\/"}}]},"product_price_amount":"3.73","product_price_currency":"EUR","og_availability":"instock","product_availability":"instock","product_retailer_item_id":"8422584018622","product_condition":"new"},"df_price":3.73,"df_sale_price":"","df_regular_price":3.73,"df_image_link":"https:\/\/www.lifenatura.com\/wp-content\/uploads\/2024\/07\/amaranto-bio-500g-el-granero-300x300.jpg","_links":{"self":[{"href":"https:\/\/www.lifenatura.com\/es\/wp-json\/wp\/v2\/product\/94749","targetHints":{"allow":["GET"]}}],"collection":[{"href":"https:\/\/www.lifenatura.com\/es\/wp-json\/wp\/v2\/product"}],"about":[{"href":"https:\/\/www.lifenatura.com\/es\/wp-json\/wp\/v2\/types\/product"}],"wp:featuredmedia":[{"embeddable":true,"href":"https:\/\/www.lifenatura.com\/es\/wp-json\/wp\/v2\/media\/94424"}],"wp:attachment":[{"href":"https:\/\/www.lifenatura.com\/es\/wp-json\/wp\/v2\/media?parent=94749"}],"wp:term":[{"taxonomy":"product_brand","embeddable":true,"href":"https:\/\/www.lifenatura.com\/es\/wp-json\/wp\/v2\/product_brand?post=94749"},{"taxonomy":"product_cat","embeddable":true,"href":"https:\/\/www.lifenatura.com\/es\/wp-json\/wp\/v2\/product_cat?post=94749"},{"taxonomy":"product_tag","embeddable":true,"href":"https:\/\/www.lifenatura.com\/es\/wp-json\/wp\/v2\/product_tag?post=94749"}],"curies":[{"name":"wp","href":"https:\/\/api.w.org\/{rel}","templated":true}]}}