{"id":94746,"date":"2024-07-03T23:24:40","date_gmt":"2024-07-03T23:24:40","guid":{"rendered":"https:\/\/www.lifenatura.com\/produto\/arroz-basmati-integral-1kg-el-granero\/"},"modified":"2024-07-09T14:31:43","modified_gmt":"2024-07-09T14:31:43","slug":"arroz-basmati-integral-1kg-el-granero","status":"publish","type":"product","link":"https:\/\/www.lifenatura.com\/es\/produto\/arroz-basmati-integral-1kg-el-granero\/","title":{"rendered":"Arroz Basmati Integral 1kg &#8211; El Granero"},"content":{"rendered":"<h2 style=\"text-align: left;\"><strong>Arroz basmati ideal para una dieta sana y ecol\u00f3gica<\/strong><\/h2>\n<p>&nbsp;<\/p>\n<p>El Arroz Basmati Integral El Granero es una opci\u00f3n nutritiva y deliciosa para complementar tus comidas diarias. Este arroz, conocido por su grano largo y su fragante aroma, se cultiva de forma ecol\u00f3gica y sostenible, conservando todos sus nutrientes esenciales.<\/p>\n<p>El Arroz Basmati Integral es perfecto para una dieta equilibrada, ya que aporta un sabor suave y una textura ligera y suelta. Ideal para acompa\u00f1ar una gran variedad de platos, este arroz es la opci\u00f3n ideal para quienes buscan una dieta sana y sabrosa.<\/p>\n<p><strong>Principales ventajas:<\/strong><\/p>\n<ul>\n<li><strong>Rico en fibra:<\/strong> el arroz basmati integral es una excelente fuente de fibra, que ayuda a promover una digesti\u00f3n sana y a regular el tr\u00e1nsito intestinal.<\/li>\n<li><strong>Fuente de nutrientes esenciales:<\/strong> Contiene vitaminas y minerales importantes, como vitaminas del grupo B, magnesio y f\u00f3sforo, que son esenciales para la salud general del organismo.<\/li>\n<li><strong>Bajo \u00edndice gluc\u00e9mico:<\/strong> Ayuda a mantener estables los niveles de az\u00facar en sangre, por lo que es una opci\u00f3n adecuada para las personas diab\u00e9ticas o las que quieren controlar su peso.<\/li>\n<li><strong>Sabor y aroma caracter\u00edsticos:<\/strong> Conocido por su aroma fragante y sabor suave, que complementan una gran variedad de platos.<\/li>\n<li><strong>Vers\u00e1til en la cocina:<\/strong> Puede utilizarse como acompa\u00f1amiento de carnes, pescados, verduras y en platos de curry, ensaladas y mucho m\u00e1s.<\/li>\n<li><strong>100% Ecol\u00f3gico:<\/strong> Cultivado sin utilizar pesticidas ni abonos qu\u00edmicos, lo que garantiza un producto puro y natural.<\/li>\n<\/ul>\n<p>\u00a1A\u00f1ade este arroz a tus comidas diarias y disfruta de sus numerosos beneficios para la salud y el bienestar!<\/p>\n<p><strong>PRESENTACI\u00d3N<\/strong><\/p>\n<p>1kg<\/p>\n<p>&nbsp;<\/p>\n","protected":false},"excerpt":{"rendered":"<p>El Arroz Basmati Integral El Granero es la opci\u00f3n ideal para quienes desean incorporar a su dieta alimentos sanos, nutritivos y sabrosos. [&#8230;]<\/p>\n<p><a class=\"btn btn-secondary understrap-read-more-link\" href=\"https:\/\/www.lifenatura.com\/es\/produto\/arroz-basmati-integral-1kg-el-granero\/\">Leer m\u00e1s&#8230;<span class=\"screen-reader-text\"> from Arroz Basmati Integral 1kg &#8211; El Granero<\/span><\/a><\/p>\n","protected":false},"featured_media":94474,"template":"","meta":{"_acf_changed":false},"product_brand":[8494],"product_cat":[7064,7290,7074],"product_tag":[],"class_list":{"0":"post-94746","1":"product","2":"type-product","3":"status-publish","4":"has-post-thumbnail","6":"product_brand-el-granero","7":"product_cat-alimentacion-sana","8":"product_cat-arroz-y-pasta","9":"product_cat-productos-alimenticios","10":"pa_caracteristicas-biologico","12":"first","13":"instock","14":"shipping-taxable","15":"purchasable","16":"product-type-simple","17":"add-to-wishlist-before_image"},"acf":[],"yoast_head":"<!-- This site is optimized with the Yoast SEO Premium plugin v27.1 (Yoast SEO v27.3) - https:\/\/yoast.com\/product\/yoast-seo-premium-wordpress\/ -->\n<title>Arroz Basmati Integral 1kg - El Granero - Lifenatura<\/title>\n<meta name=\"description\" content=\"El Arroz Basmati Integral El Granero es la opci\u00f3n ideal para quienes desean incorporar a su dieta alimentos sanos, nutritivos y sabrosos.\" \/>\n<meta name=\"robots\" content=\"index, follow, max-snippet:-1, max-image-preview:large, max-video-preview:-1\" \/>\n<link rel=\"canonical\" href=\"https:\/\/www.lifenatura.com\/es\/produto\/arroz-basmati-integral-1kg-el-granero\/\" \/>\n<meta property=\"og:locale\" content=\"es_ES\" \/>\n<meta property=\"og:type\" content=\"article\" \/>\n<meta property=\"og:title\" content=\"Arroz Basmati Integral 1kg - El Granero - Lifenatura\" \/>\n<meta property=\"og:description\" content=\"Compre aqui o seu Arroz Basmati Integral 1kg - El Granero e a Lifenatura Online envia em 48 H com Portes Gratis &gt;35\u20ac de Pedido.\" \/>\n<meta property=\"og:url\" content=\"https:\/\/www.lifenatura.com\/es\/produto\/arroz-basmati-integral-1kg-el-granero\/\" \/>\n<meta property=\"og:site_name\" content=\"Lifenatura\" \/>\n<meta property=\"article:publisher\" content=\"https:\/\/www.facebook.com\/lifenatura\" \/>\n<meta property=\"article:modified_time\" content=\"2024-07-09T14:31:43+00:00\" \/>\n<meta property=\"og:image\" content=\"https:\/\/www.lifenatura.com\/wp-content\/uploads\/2024\/07\/arroz-basmati-1kg-el-granero.jpg\" \/>\n\t<meta property=\"og:image:width\" content=\"1000\" \/>\n\t<meta property=\"og:image:height\" content=\"1000\" \/>\n\t<meta property=\"og:image:type\" content=\"image\/jpeg\" \/>\n<meta name=\"twitter:card\" content=\"summary_large_image\" \/>\n<meta name=\"twitter:label1\" content=\"Precio\" \/>\n\t<meta name=\"twitter:data1\" content=\"7,22&nbsp;&euro;\" \/>\n\t<meta name=\"twitter:label2\" content=\"Disponibilidad\" \/>\n\t<meta name=\"twitter:data2\" content=\"Disponible\" \/>\n<meta property=\"product:price:amount\" content=\"7.22\" \/>\n<meta property=\"product:price:currency\" content=\"EUR\" \/>\n<meta property=\"og:availability\" content=\"instock\" \/>\n<meta property=\"product:availability\" content=\"instock\" \/>\n<meta property=\"product:retailer_item_id\" content=\"8422584018462\" \/>\n<meta property=\"product:condition\" content=\"new\" \/>\n<!-- \/ Yoast SEO Premium plugin. -->","yoast_head_json":{"title":"Arroz Basmati Integral 1kg - El Granero - Lifenatura","description":"El Arroz Basmati Integral El Granero es la opci\u00f3n ideal para quienes desean incorporar a su dieta alimentos sanos, nutritivos y sabrosos.","robots":{"index":"index","follow":"follow","max-snippet":"max-snippet:-1","max-image-preview":"max-image-preview:large","max-video-preview":"max-video-preview:-1"},"canonical":"https:\/\/www.lifenatura.com\/es\/produto\/arroz-basmati-integral-1kg-el-granero\/","og_locale":"es_ES","og_type":"article","og_title":"Arroz Basmati Integral 1kg - El Granero - Lifenatura","og_description":"Compre aqui o seu Arroz Basmati Integral 1kg - El Granero e a Lifenatura Online envia em 48 H com Portes Gratis >35\u20ac de Pedido.","og_url":"https:\/\/www.lifenatura.com\/es\/produto\/arroz-basmati-integral-1kg-el-granero\/","og_site_name":"Lifenatura","article_publisher":"https:\/\/www.facebook.com\/lifenatura","article_modified_time":"2024-07-09T14:31:43+00:00","og_image":[{"width":1000,"height":1000,"url":"https:\/\/www.lifenatura.com\/wp-content\/uploads\/2024\/07\/arroz-basmati-1kg-el-granero.jpg","type":"image\/jpeg"}],"twitter_card":"summary_large_image","twitter_misc":{"Precio":"7,22&nbsp;&euro;","Disponibilidad":"Disponible"},"schema":{"@context":"https:\/\/schema.org","@graph":[{"@type":"WebPage","@id":"https:\/\/www.lifenatura.com\/es\/produto\/arroz-basmati-integral-1kg-el-granero\/","url":"https:\/\/www.lifenatura.com\/es\/produto\/arroz-basmati-integral-1kg-el-granero\/","name":"Arroz Basmati Integral 1kg - El Granero - Lifenatura","isPartOf":{"@id":"https:\/\/www.lifenatura.com\/es\/#website"},"primaryImageOfPage":{"@id":"https:\/\/www.lifenatura.com\/es\/produto\/arroz-basmati-integral-1kg-el-granero\/#primaryimage"},"image":{"@id":"https:\/\/www.lifenatura.com\/es\/produto\/arroz-basmati-integral-1kg-el-granero\/#primaryimage"},"thumbnailUrl":"https:\/\/www.lifenatura.com\/wp-content\/uploads\/2024\/07\/arroz-basmati-1kg-el-granero.jpg","datePublished":"2024-07-03T23:24:40+00:00","dateModified":"2024-07-09T14:31:43+00:00","description":"El Arroz Basmati Integral El Granero es la opci\u00f3n ideal para quienes desean incorporar a su dieta alimentos sanos, nutritivos y sabrosos.","breadcrumb":{"@id":"https:\/\/www.lifenatura.com\/es\/produto\/arroz-basmati-integral-1kg-el-granero\/#breadcrumb"},"inLanguage":"es","potentialAction":[{"@type":"ReadAction","target":["https:\/\/www.lifenatura.com\/es\/produto\/arroz-basmati-integral-1kg-el-granero\/"]}]},{"@type":"ImageObject","inLanguage":"es","@id":"https:\/\/www.lifenatura.com\/es\/produto\/arroz-basmati-integral-1kg-el-granero\/#primaryimage","url":"https:\/\/www.lifenatura.com\/wp-content\/uploads\/2024\/07\/arroz-basmati-1kg-el-granero.jpg","contentUrl":"https:\/\/www.lifenatura.com\/wp-content\/uploads\/2024\/07\/arroz-basmati-1kg-el-granero.jpg","width":1000,"height":1000,"caption":"Arroz Basmati El Granero"},{"@type":"BreadcrumbList","@id":"https:\/\/www.lifenatura.com\/es\/produto\/arroz-basmati-integral-1kg-el-granero\/#breadcrumb","itemListElement":[{"@type":"ListItem","position":1,"name":"In\u00edcio","item":"https:\/\/www.lifenatura.com\/es\/"},{"@type":"ListItem","position":2,"name":"Todos los Productos","item":"https:\/\/www.lifenatura.com\/es\/tienda\/"},{"@type":"ListItem","position":3,"name":"Arroz Basmati Integral 1kg &#8211; El Granero"}]},{"@type":"WebSite","@id":"https:\/\/www.lifenatura.com\/es\/#website","url":"https:\/\/www.lifenatura.com\/es\/","name":"Lifenatura","description":"A Lifenatura \u00e9 uma loja de produtos naturais, cosm\u00e9tica natural e alimenta\u00e7\u00e3o Biol\u00f3gica.","publisher":{"@id":"https:\/\/www.lifenatura.com\/es\/#organization"},"potentialAction":[{"@type":"SearchAction","target":{"@type":"EntryPoint","urlTemplate":"https:\/\/www.lifenatura.com\/es\/?s={search_term_string}"},"query-input":{"@type":"PropertyValueSpecification","valueRequired":true,"valueName":"search_term_string"}}],"inLanguage":"es"},{"@type":"Organization","@id":"https:\/\/www.lifenatura.com\/es\/#organization","name":"Lifenatura","url":"https:\/\/www.lifenatura.com\/es\/","logo":{"@type":"ImageObject","inLanguage":"es","@id":"https:\/\/www.lifenatura.com\/es\/#\/schema\/logo\/image\/","url":"https:\/\/www.lifenatura.com\/wp-content\/uploads\/2021\/11\/logo.png","contentUrl":"https:\/\/www.lifenatura.com\/wp-content\/uploads\/2021\/11\/logo.png","width":175,"height":55,"caption":"Lifenatura"},"image":{"@id":"https:\/\/www.lifenatura.com\/es\/#\/schema\/logo\/image\/"},"sameAs":["https:\/\/www.facebook.com\/lifenatura","https:\/\/www.instagram.com\/lifenaturapt\/"]}]},"product_price_amount":"7.22","product_price_currency":"EUR","og_availability":"instock","product_availability":"instock","product_retailer_item_id":"8422584018462","product_condition":"new"},"df_price":7.22,"df_sale_price":"","df_regular_price":7.22,"df_image_link":"https:\/\/www.lifenatura.com\/wp-content\/uploads\/2024\/07\/arroz-basmati-1kg-el-granero-300x300.jpg","_links":{"self":[{"href":"https:\/\/www.lifenatura.com\/es\/wp-json\/wp\/v2\/product\/94746","targetHints":{"allow":["GET"]}}],"collection":[{"href":"https:\/\/www.lifenatura.com\/es\/wp-json\/wp\/v2\/product"}],"about":[{"href":"https:\/\/www.lifenatura.com\/es\/wp-json\/wp\/v2\/types\/product"}],"wp:featuredmedia":[{"embeddable":true,"href":"https:\/\/www.lifenatura.com\/es\/wp-json\/wp\/v2\/media\/94474"}],"wp:attachment":[{"href":"https:\/\/www.lifenatura.com\/es\/wp-json\/wp\/v2\/media?parent=94746"}],"wp:term":[{"taxonomy":"product_brand","embeddable":true,"href":"https:\/\/www.lifenatura.com\/es\/wp-json\/wp\/v2\/product_brand?post=94746"},{"taxonomy":"product_cat","embeddable":true,"href":"https:\/\/www.lifenatura.com\/es\/wp-json\/wp\/v2\/product_cat?post=94746"},{"taxonomy":"product_tag","embeddable":true,"href":"https:\/\/www.lifenatura.com\/es\/wp-json\/wp\/v2\/product_tag?post=94746"}],"curies":[{"name":"wp","href":"https:\/\/api.w.org\/{rel}","templated":true}]}}