{"id":94743,"date":"2024-07-03T08:46:14","date_gmt":"2024-07-03T08:46:14","guid":{"rendered":"https:\/\/www.lifenatura.com\/produto\/alga-dulse-100g-algamar\/"},"modified":"2024-07-09T14:22:57","modified_gmt":"2024-07-09T14:22:57","slug":"alga-dulse-100g-algamar","status":"publish","type":"product","link":"https:\/\/www.lifenatura.com\/es\/produto\/alga-dulse-100g-algamar\/","title":{"rendered":"Alga dulse 100g &#8211; Algamar"},"content":{"rendered":"<h2 style=\"text-align: left;\"><strong>Alga dulse, la verdura marina supernutritiva<\/strong><\/h2>\n<p>&nbsp;<\/p>\n<p>El alga Dulse de la marca Algamar es un superalimento marino, apreciado por su sabor \u00fanico y su alto valor nutritivo. Recolectada en las cristalinas aguas del Atl\u00e1ntico, el alga dulse es rica en prote\u00ednas, vitaminas, minerales y antioxidantes, lo que la convierte en una excelente adici\u00f3n a tu dieta saludable.<\/p>\n<p>De textura blanda y sabor ligeramente salado, puede comerse crudo, cocido o a\u00f1adido a diversos platos, como ensaladas, sopas, guisos y aperitivos. El Alga Dulse de Algamar es 100% natural, sin aditivos ni conservantes, lo que garantiza un producto puro y de alta calidad.<\/p>\n<p><strong>Principales ventajas:<\/strong><\/p>\n<ul>\n<li><strong>Alto contenido en prote\u00ednas:<\/strong> el Dulse es una excelente fuente de prote\u00ednas vegetales, ideal para complementar las dietas vegetarianas y veganas.<\/li>\n<li><strong>Fuente de minerales:<\/strong> Contiene abundantes minerales esenciales, como hierro, calcio, magnesio, potasio y yodo, que son importantes para la salud general del organismo.<\/li>\n<li><strong>Rico en vitaminas:<\/strong> Proporciona una amplia gama de vitaminas, incluidas las vitaminas A, C, E y el complejo B, que ayudan a reforzar el sistema inmunitario y favorecen la salud de la piel y los ojos.<\/li>\n<li><strong>Propiedades antioxidantes:<\/strong> Los antioxidantes presentes en el alga dulse ayudan a combatir los radicales libres, protegiendo las c\u00e9lulas contra el estr\u00e9s oxidativo.<\/li>\n<li><strong>Ayuda a la digesti\u00f3n:<\/strong> El alto contenido en fibra contribuye a una digesti\u00f3n sana y ayuda a regular el tr\u00e1nsito intestinal.<\/li>\n<li><strong>Bajo en calor\u00edas:<\/strong> Una opci\u00f3n nutritiva y baja en calor\u00edas, perfecta para incluir en una dieta equilibrada y sana.<\/li>\n<li><strong>Vers\u00e1til en la cocina:<\/strong> Se puede utilizar en una gran variedad de recetas, a\u00f1adiendo sabor y nutrientes a ensaladas, sopas, guisos, pasta y aperitivos.<\/li>\n<\/ul>\n<div class=\"flex flex-grow flex-col max-w-full\">\n<div class=\"min-h-[20px] text-message flex flex-col items-start whitespace-pre-wrap break-words [.text-message+&amp;]:mt-5 juice:w-full juice:items-end overflow-x-auto gap-2\" dir=\"auto\" data-message-author-role=\"assistant\" data-message-id=\"bd1da599-a728-464d-a627-5bc96fd3aaa9\">\n<div class=\"flex w-full flex-col gap-1 juice:empty:hidden juice:first:pt-[3px]\">\n<div class=\"markdown prose w-full break-words dark:prose-invert light\">\n<p>\u00a1Incorpora esta alga a tus recetas diarias y disfruta de los innumerables beneficios para la salud que ofrece el alga dulse!<\/p>\n<p>Esta &#8220;verdura marina&#8221; tiene multitud de propiedades nutritivas, recomendadas por los mejores nutricionistas y m\u00e9dicos. Muy recomendadas para personas con problemas de peso u obesidad, las algas contienen generalmente fenilalanina, un amino\u00e1cido que provoca sensaci\u00f3n de saciedad, ayudando a controlar la ingesta de alimentos.<\/p>\n<p><strong>PRESENTACI\u00d3N <\/strong><\/p>\n<p>100g<\/p>\n<p>&nbsp;<\/p>\n<\/div>\n<\/div>\n<\/div>\n<\/div>\n","protected":false},"excerpt":{"rendered":"<p>El alga Dulse de la marca Algamar es la elecci\u00f3n perfecta para quienes desean enriquecer su dieta con un superalimento natural y altamente nutritivo. [&#8230;]<\/p>\n<p><a class=\"btn btn-secondary understrap-read-more-link\" href=\"https:\/\/www.lifenatura.com\/es\/produto\/alga-dulse-100g-algamar\/\">Leer m\u00e1s&#8230;<span class=\"screen-reader-text\"> from Alga dulse 100g &#8211; Algamar<\/span><\/a><\/p>\n","protected":false},"featured_media":94409,"template":"","meta":{"_acf_changed":false},"product_brand":[8291],"product_cat":[7982,7064,7074],"product_tag":[],"class_list":{"0":"post-94743","1":"product","2":"type-product","3":"status-publish","4":"has-post-thumbnail","6":"product_brand-algamar","7":"product_cat-algas-marinas","8":"product_cat-alimentacion-sana","9":"product_cat-productos-alimenticios","10":"pa_caracteristicas-biologico","11":"pa_caracteristicas-sin-conservantes","12":"pa_caracteristicas-vegano","13":"pa_caracteristicas-vegetariano","15":"first","16":"instock","17":"shipping-taxable","18":"purchasable","19":"product-type-simple","20":"add-to-wishlist-before_image"},"acf":[],"yoast_head":"<!-- This site is optimized with the Yoast SEO Premium plugin v27.1 (Yoast SEO v27.6) - https:\/\/yoast.com\/product\/yoast-seo-premium-wordpress\/ -->\n<title>Alga dulse 100g - Algamar - Na Lifenatura ao Melhor Pre\u00e7o | Envio em 48h<\/title>\n<meta name=\"description\" content=\"El alga Dulse de la marca Algamar es la elecci\u00f3n perfecta para quienes desean enriquecer su dieta con un superalimento natural y altamente nutritivo.\" \/>\n<meta name=\"robots\" content=\"index, follow, max-snippet:-1, max-image-preview:large, max-video-preview:-1\" \/>\n<link rel=\"canonical\" href=\"https:\/\/www.lifenatura.com\/es\/produto\/alga-dulse-100g-algamar\/\" \/>\n<meta property=\"og:locale\" content=\"es_ES\" \/>\n<meta property=\"og:type\" content=\"article\" \/>\n<meta property=\"og:title\" content=\"Alga dulse 100g - Algamar - Na Lifenatura ao Melhor Pre\u00e7o | Envio 48h\" \/>\n<meta property=\"og:description\" content=\"Compre Alga dulse 100g - Algamar com envio r\u00e1pido. Entrega em 48h e portes gr\u00e1tis em compras &gt;35\u20ac. Aproveite j\u00e1 na Lifenatura\" \/>\n<meta property=\"og:url\" content=\"https:\/\/www.lifenatura.com\/es\/produto\/alga-dulse-100g-algamar\/\" \/>\n<meta property=\"og:site_name\" content=\"Lifenatura\" \/>\n<meta property=\"article:publisher\" content=\"https:\/\/www.facebook.com\/lifenatura\" \/>\n<meta property=\"article:modified_time\" content=\"2024-07-09T14:22:57+00:00\" \/>\n<meta property=\"og:image\" content=\"https:\/\/www.lifenatura.com\/wp-content\/uploads\/2024\/07\/alga-dulse-100g-algamar.jpg\" \/>\n\t<meta property=\"og:image:width\" content=\"1000\" \/>\n\t<meta property=\"og:image:height\" content=\"1000\" \/>\n\t<meta property=\"og:image:type\" content=\"image\/jpeg\" \/>\n<meta name=\"twitter:card\" content=\"summary_large_image\" \/>\n<meta name=\"twitter:label1\" content=\"Precio\" \/>\n\t<meta name=\"twitter:data1\" content=\"16,77&nbsp;&euro;\" \/>\n\t<meta name=\"twitter:label2\" content=\"Disponibilidad\" \/>\n\t<meta name=\"twitter:data2\" content=\"Disponible\" \/>\n<script type=\"application\/ld+json\" class=\"yoast-schema-graph\">{\"@context\":\"https:\\\/\\\/schema.org\",\"@graph\":[{\"@type\":\"WebPage\",\"@id\":\"https:\\\/\\\/www.lifenatura.com\\\/es\\\/produto\\\/alga-dulse-100g-algamar\\\/\",\"url\":\"https:\\\/\\\/www.lifenatura.com\\\/es\\\/produto\\\/alga-dulse-100g-algamar\\\/\",\"name\":\"Alga dulse 100g - Algamar - Na Lifenatura ao Melhor Pre\u00e7o | Envio em 48h\",\"isPartOf\":{\"@id\":\"https:\\\/\\\/www.lifenatura.com\\\/es\\\/#website\"},\"primaryImageOfPage\":{\"@id\":\"https:\\\/\\\/www.lifenatura.com\\\/es\\\/produto\\\/alga-dulse-100g-algamar\\\/#primaryimage\"},\"image\":{\"@id\":\"https:\\\/\\\/www.lifenatura.com\\\/es\\\/produto\\\/alga-dulse-100g-algamar\\\/#primaryimage\"},\"thumbnailUrl\":\"https:\\\/\\\/www.lifenatura.com\\\/wp-content\\\/uploads\\\/2024\\\/07\\\/alga-dulse-100g-algamar.jpg\",\"datePublished\":\"2024-07-03T08:46:14+00:00\",\"dateModified\":\"2024-07-09T14:22:57+00:00\",\"description\":\"El alga Dulse de la marca Algamar es la elecci\u00f3n perfecta para quienes desean enriquecer su dieta con un superalimento natural y altamente nutritivo.\",\"breadcrumb\":{\"@id\":\"https:\\\/\\\/www.lifenatura.com\\\/es\\\/produto\\\/alga-dulse-100g-algamar\\\/#breadcrumb\"},\"inLanguage\":\"es\",\"potentialAction\":[{\"@type\":\"ReadAction\",\"target\":[\"https:\\\/\\\/www.lifenatura.com\\\/es\\\/produto\\\/alga-dulse-100g-algamar\\\/\"]}]},{\"@type\":\"ImageObject\",\"inLanguage\":\"es\",\"@id\":\"https:\\\/\\\/www.lifenatura.com\\\/es\\\/produto\\\/alga-dulse-100g-algamar\\\/#primaryimage\",\"url\":\"https:\\\/\\\/www.lifenatura.com\\\/wp-content\\\/uploads\\\/2024\\\/07\\\/alga-dulse-100g-algamar.jpg\",\"contentUrl\":\"https:\\\/\\\/www.lifenatura.com\\\/wp-content\\\/uploads\\\/2024\\\/07\\\/alga-dulse-100g-algamar.jpg\",\"width\":1000,\"height\":1000,\"caption\":\"Alga dulse de la marca Algamar\"},{\"@type\":\"BreadcrumbList\",\"@id\":\"https:\\\/\\\/www.lifenatura.com\\\/es\\\/produto\\\/alga-dulse-100g-algamar\\\/#breadcrumb\",\"itemListElement\":[{\"@type\":\"ListItem\",\"position\":1,\"name\":\"In\u00edcio\",\"item\":\"https:\\\/\\\/www.lifenatura.com\\\/es\\\/\"},{\"@type\":\"ListItem\",\"position\":2,\"name\":\"Todos los Productos\",\"item\":\"https:\\\/\\\/www.lifenatura.com\\\/es\\\/tienda\\\/\"},{\"@type\":\"ListItem\",\"position\":3,\"name\":\"Alga dulse 100g &#8211; Algamar\"}]},{\"@type\":\"WebSite\",\"@id\":\"https:\\\/\\\/www.lifenatura.com\\\/es\\\/#website\",\"url\":\"https:\\\/\\\/www.lifenatura.com\\\/es\\\/\",\"name\":\"Lifenatura\",\"description\":\"A Lifenatura \u00e9 uma loja de produtos naturais, cosm\u00e9tica natural e alimenta\u00e7\u00e3o Biol\u00f3gica.\",\"publisher\":{\"@id\":\"https:\\\/\\\/www.lifenatura.com\\\/es\\\/#organization\"},\"potentialAction\":[{\"@type\":\"SearchAction\",\"target\":{\"@type\":\"EntryPoint\",\"urlTemplate\":\"https:\\\/\\\/www.lifenatura.com\\\/es\\\/?s={search_term_string}\"},\"query-input\":{\"@type\":\"PropertyValueSpecification\",\"valueRequired\":true,\"valueName\":\"search_term_string\"}}],\"inLanguage\":\"es\"},{\"@type\":\"Organization\",\"@id\":\"https:\\\/\\\/www.lifenatura.com\\\/es\\\/#organization\",\"name\":\"Lifenatura\",\"url\":\"https:\\\/\\\/www.lifenatura.com\\\/es\\\/\",\"logo\":{\"@type\":\"ImageObject\",\"inLanguage\":\"es\",\"@id\":\"https:\\\/\\\/www.lifenatura.com\\\/es\\\/#\\\/schema\\\/logo\\\/image\\\/\",\"url\":\"https:\\\/\\\/www.lifenatura.com\\\/wp-content\\\/uploads\\\/2021\\\/07\\\/logo.png\",\"contentUrl\":\"https:\\\/\\\/www.lifenatura.com\\\/wp-content\\\/uploads\\\/2021\\\/07\\\/logo.png\",\"width\":175,\"height\":55,\"caption\":\"Lifenatura\"},\"image\":{\"@id\":\"https:\\\/\\\/www.lifenatura.com\\\/es\\\/#\\\/schema\\\/logo\\\/image\\\/\"},\"sameAs\":[\"https:\\\/\\\/www.facebook.com\\\/lifenatura\",\"https:\\\/\\\/www.instagram.com\\\/lifenaturapt\\\/\"],\"hasMerchantReturnPolicy\":{\"@type\":\"MerchantReturnPolicy\",\"merchantReturnLink\":\"https:\\\/\\\/www.lifenatura.com\\\/termos-condicoes-lifenatura\\\/\"}}]}<\/script>\n<meta property=\"product:price:amount\" content=\"16.77\" \/>\n<meta property=\"product:price:currency\" content=\"EUR\" \/>\n<meta property=\"og:availability\" content=\"instock\" \/>\n<meta property=\"product:availability\" content=\"instock\" \/>\n<meta property=\"product:retailer_item_id\" content=\"8437002393014\" \/>\n<meta property=\"product:condition\" content=\"new\" \/>\n<!-- \/ Yoast SEO Premium plugin. -->","yoast_head_json":{"title":"Alga dulse 100g - Algamar - Na Lifenatura ao Melhor Pre\u00e7o | Envio em 48h","description":"El alga Dulse de la marca Algamar es la elecci\u00f3n perfecta para quienes desean enriquecer su dieta con un superalimento natural y altamente nutritivo.","robots":{"index":"index","follow":"follow","max-snippet":"max-snippet:-1","max-image-preview":"max-image-preview:large","max-video-preview":"max-video-preview:-1"},"canonical":"https:\/\/www.lifenatura.com\/es\/produto\/alga-dulse-100g-algamar\/","og_locale":"es_ES","og_type":"article","og_title":"Alga dulse 100g - Algamar - Na Lifenatura ao Melhor Pre\u00e7o | Envio 48h","og_description":"Compre Alga dulse 100g - Algamar com envio r\u00e1pido. Entrega em 48h e portes gr\u00e1tis em compras >35\u20ac. Aproveite j\u00e1 na Lifenatura","og_url":"https:\/\/www.lifenatura.com\/es\/produto\/alga-dulse-100g-algamar\/","og_site_name":"Lifenatura","article_publisher":"https:\/\/www.facebook.com\/lifenatura","article_modified_time":"2024-07-09T14:22:57+00:00","og_image":[{"width":1000,"height":1000,"url":"https:\/\/www.lifenatura.com\/wp-content\/uploads\/2024\/07\/alga-dulse-100g-algamar.jpg","type":"image\/jpeg"}],"twitter_card":"summary_large_image","twitter_misc":{"Precio":"16,77&nbsp;&euro;","Disponibilidad":"Disponible"},"schema":{"@context":"https:\/\/schema.org","@graph":[{"@type":"WebPage","@id":"https:\/\/www.lifenatura.com\/es\/produto\/alga-dulse-100g-algamar\/","url":"https:\/\/www.lifenatura.com\/es\/produto\/alga-dulse-100g-algamar\/","name":"Alga dulse 100g - Algamar - Na Lifenatura ao Melhor Pre\u00e7o | Envio em 48h","isPartOf":{"@id":"https:\/\/www.lifenatura.com\/es\/#website"},"primaryImageOfPage":{"@id":"https:\/\/www.lifenatura.com\/es\/produto\/alga-dulse-100g-algamar\/#primaryimage"},"image":{"@id":"https:\/\/www.lifenatura.com\/es\/produto\/alga-dulse-100g-algamar\/#primaryimage"},"thumbnailUrl":"https:\/\/www.lifenatura.com\/wp-content\/uploads\/2024\/07\/alga-dulse-100g-algamar.jpg","datePublished":"2024-07-03T08:46:14+00:00","dateModified":"2024-07-09T14:22:57+00:00","description":"El alga Dulse de la marca Algamar es la elecci\u00f3n perfecta para quienes desean enriquecer su dieta con un superalimento natural y altamente nutritivo.","breadcrumb":{"@id":"https:\/\/www.lifenatura.com\/es\/produto\/alga-dulse-100g-algamar\/#breadcrumb"},"inLanguage":"es","potentialAction":[{"@type":"ReadAction","target":["https:\/\/www.lifenatura.com\/es\/produto\/alga-dulse-100g-algamar\/"]}]},{"@type":"ImageObject","inLanguage":"es","@id":"https:\/\/www.lifenatura.com\/es\/produto\/alga-dulse-100g-algamar\/#primaryimage","url":"https:\/\/www.lifenatura.com\/wp-content\/uploads\/2024\/07\/alga-dulse-100g-algamar.jpg","contentUrl":"https:\/\/www.lifenatura.com\/wp-content\/uploads\/2024\/07\/alga-dulse-100g-algamar.jpg","width":1000,"height":1000,"caption":"Alga dulse de la marca Algamar"},{"@type":"BreadcrumbList","@id":"https:\/\/www.lifenatura.com\/es\/produto\/alga-dulse-100g-algamar\/#breadcrumb","itemListElement":[{"@type":"ListItem","position":1,"name":"In\u00edcio","item":"https:\/\/www.lifenatura.com\/es\/"},{"@type":"ListItem","position":2,"name":"Todos los Productos","item":"https:\/\/www.lifenatura.com\/es\/tienda\/"},{"@type":"ListItem","position":3,"name":"Alga dulse 100g &#8211; Algamar"}]},{"@type":"WebSite","@id":"https:\/\/www.lifenatura.com\/es\/#website","url":"https:\/\/www.lifenatura.com\/es\/","name":"Lifenatura","description":"A Lifenatura \u00e9 uma loja de produtos naturais, cosm\u00e9tica natural e alimenta\u00e7\u00e3o Biol\u00f3gica.","publisher":{"@id":"https:\/\/www.lifenatura.com\/es\/#organization"},"potentialAction":[{"@type":"SearchAction","target":{"@type":"EntryPoint","urlTemplate":"https:\/\/www.lifenatura.com\/es\/?s={search_term_string}"},"query-input":{"@type":"PropertyValueSpecification","valueRequired":true,"valueName":"search_term_string"}}],"inLanguage":"es"},{"@type":"Organization","@id":"https:\/\/www.lifenatura.com\/es\/#organization","name":"Lifenatura","url":"https:\/\/www.lifenatura.com\/es\/","logo":{"@type":"ImageObject","inLanguage":"es","@id":"https:\/\/www.lifenatura.com\/es\/#\/schema\/logo\/image\/","url":"https:\/\/www.lifenatura.com\/wp-content\/uploads\/2021\/07\/logo.png","contentUrl":"https:\/\/www.lifenatura.com\/wp-content\/uploads\/2021\/07\/logo.png","width":175,"height":55,"caption":"Lifenatura"},"image":{"@id":"https:\/\/www.lifenatura.com\/es\/#\/schema\/logo\/image\/"},"sameAs":["https:\/\/www.facebook.com\/lifenatura","https:\/\/www.instagram.com\/lifenaturapt\/"],"hasMerchantReturnPolicy":{"@type":"MerchantReturnPolicy","merchantReturnLink":"https:\/\/www.lifenatura.com\/termos-condicoes-lifenatura\/"}}]},"product_price_amount":"16.77","product_price_currency":"EUR","og_availability":"instock","product_availability":"instock","product_retailer_item_id":"8437002393014","product_condition":"new"},"df_price":16.77,"df_sale_price":"","df_regular_price":16.77,"df_image_link":"https:\/\/www.lifenatura.com\/wp-content\/uploads\/2024\/07\/alga-dulse-100g-algamar-300x300.jpg","_links":{"self":[{"href":"https:\/\/www.lifenatura.com\/es\/wp-json\/wp\/v2\/product\/94743","targetHints":{"allow":["GET"]}}],"collection":[{"href":"https:\/\/www.lifenatura.com\/es\/wp-json\/wp\/v2\/product"}],"about":[{"href":"https:\/\/www.lifenatura.com\/es\/wp-json\/wp\/v2\/types\/product"}],"wp:featuredmedia":[{"embeddable":true,"href":"https:\/\/www.lifenatura.com\/es\/wp-json\/wp\/v2\/media\/94409"}],"wp:attachment":[{"href":"https:\/\/www.lifenatura.com\/es\/wp-json\/wp\/v2\/media?parent=94743"}],"wp:term":[{"taxonomy":"product_brand","embeddable":true,"href":"https:\/\/www.lifenatura.com\/es\/wp-json\/wp\/v2\/product_brand?post=94743"},{"taxonomy":"product_cat","embeddable":true,"href":"https:\/\/www.lifenatura.com\/es\/wp-json\/wp\/v2\/product_cat?post=94743"},{"taxonomy":"product_tag","embeddable":true,"href":"https:\/\/www.lifenatura.com\/es\/wp-json\/wp\/v2\/product_tag?post=94743"}],"curies":[{"name":"wp","href":"https:\/\/api.w.org\/{rel}","templated":true}]}}