{"id":94741,"date":"2024-07-03T22:34:43","date_gmt":"2024-07-03T22:34:43","guid":{"rendered":"https:\/\/www.lifenatura.com\/produto\/wireweed-50g-terrasana\/"},"modified":"2024-07-09T14:28:41","modified_gmt":"2024-07-09T14:28:41","slug":"wireweed-50g-terrasana","status":"publish","type":"product","link":"https:\/\/www.lifenatura.com\/es\/produto\/wireweed-50g-terrasana\/","title":{"rendered":"Wireweed 50g &#8211; Terrasana"},"content":{"rendered":"<h2 style=\"text-align: left;\"><strong>Alga Arame aut\u00e9ntica alga japonesa supernutritiva<\/strong><\/h2>\n<p>&nbsp;<\/p>\n<p>Terrasana Wireweed es un superalimento marino nutritivo y vers\u00e1til recolectado en las limpias aguas de Jap\u00f3n. Con su delicada textura y su sabor suave y ligeramente dulce, la hierba de alambre es perfecta para a\u00f1adir a una gran variedad de platos, desde ensaladas y sopas hasta platos principales y guarniciones.<\/p>\n<p>Rica en minerales, vitaminas y fibra, esta alga es una opci\u00f3n excelente para quienes desean enriquecer su dieta con nutrientes esenciales. El Wireweed de Terrasana es 100% natural, sin aditivos ni conservantes, lo que garantiza un producto de la m\u00e1xima calidad y pureza.<\/p>\n<p><strong>Principales ventajas:<\/strong><\/p>\n<ul>\n<li><strong>Ricas en minerales:<\/strong> las algas son una fuente excelente de minerales esenciales como el calcio, el hierro, el magnesio y el yodo, que son importantes para la salud general del organismo.<\/li>\n<li><strong>Fuente de vitaminas:<\/strong> Contiene vitaminas A, C, E y del complejo B, que ayudan a reforzar el sistema inmunitario y favorecen la salud de la piel y los ojos.<\/li>\n<li><strong>Alto contenido en fibra:<\/strong> La fibra presente en el wireweed ayuda a promover una digesti\u00f3n saludable y a regular el tr\u00e1nsito intestinal.<\/li>\n<li><strong>Propiedades antioxidantes:<\/strong> Los antioxidantes presentes en el alga kelp ayudan a combatir los radicales libres, protegiendo las c\u00e9lulas contra el estr\u00e9s oxidativo.<\/li>\n<li><strong>Bajo en calor\u00edas:<\/strong> Una opci\u00f3n nutritiva y baja en calor\u00edas, ideal para incluir en una dieta equilibrada y sana.<\/li>\n<li><strong>Vers\u00e1til en la cocina:<\/strong> Se puede utilizar en una gran variedad de recetas, desde ensaladas y sopas hasta guisos y platos principales, a\u00f1adiendo sabor y nutrientes a los platos.<\/li>\n<li><strong>100% Natural y Sostenible:<\/strong> Cosechado de forma sostenible y sin aditivos ni conservantes, garantizando la m\u00e1xima calidad y pureza del producto.<\/li>\n<\/ul>\n<div class=\"flex flex-grow flex-col max-w-full\">\n<div class=\"min-h-[20px] text-message flex flex-col items-start whitespace-pre-wrap break-words [.text-message+&amp;]:mt-5 juice:w-full juice:items-end overflow-x-auto gap-2\" dir=\"auto\" data-message-author-role=\"assistant\" data-message-id=\"f88e4d48-4e47-4369-822c-2b0656e4fcaa\">\n<div class=\"flex w-full flex-col gap-1 juice:empty:hidden juice:first:pt-[3px]\">\n<div class=\"markdown prose w-full break-words dark:prose-invert light\">\n<p>\u00a1Incorpora esta alga a tus recetas diarias y disfruta de los innumerables beneficios que ofrece para la salud!<\/p>\n<p><strong>PRESENTACI\u00d3N<\/strong><\/p>\n<p>50g<\/p>\n<p>&nbsp;<\/p>\n<\/div>\n<\/div>\n<\/div>\n<\/div>\n","protected":false},"excerpt":{"rendered":"<p>Terrasana Wireweed es la elecci\u00f3n perfecta para quienes desean enriquecer su dieta con un superalimento natural y altamente nutritivo. [&#8230;]<\/p>\n<p><a class=\"btn btn-secondary understrap-read-more-link\" href=\"https:\/\/www.lifenatura.com\/es\/produto\/wireweed-50g-terrasana\/\">Leer m\u00e1s&#8230;<span class=\"screen-reader-text\"> from Wireweed 50g &#8211; Terrasana<\/span><\/a><\/p>\n","protected":false},"featured_media":94462,"template":"","meta":{"_acf_changed":false},"product_brand":[8354],"product_cat":[7982,7064,7074],"product_tag":[],"class_list":{"0":"post-94741","1":"product","2":"type-product","3":"status-publish","4":"has-post-thumbnail","6":"product_brand-terrasana-es","7":"product_cat-algas-marinas","8":"product_cat-alimentacion-sana","9":"product_cat-productos-alimenticios","10":"pa_caracteristicas-sin-azucares-anadidos","11":"pa_caracteristicas-sin-conservantes","12":"pa_caracteristicas-sin-gluten","13":"pa_caracteristicas-vegano","14":"pa_caracteristicas-vegetariano","16":"first","17":"instock","18":"shipping-taxable","19":"purchasable","20":"product-type-simple","21":"add-to-wishlist-before_image"},"acf":[],"yoast_head":"<!-- This site is optimized with the Yoast SEO Premium plugin v27.1 (Yoast SEO v27.5) - https:\/\/yoast.com\/product\/yoast-seo-premium-wordpress\/ -->\n<title>Wireweed 50g - Terrasana - Na Lifenatura ao Melhor Pre\u00e7o | Envio em 48h<\/title>\n<meta name=\"description\" content=\"Terrasana Wireweed es la elecci\u00f3n perfecta para quienes desean enriquecer su dieta con un superalimento natural y altamente nutritivo.\" \/>\n<meta name=\"robots\" content=\"index, follow, max-snippet:-1, max-image-preview:large, max-video-preview:-1\" \/>\n<link rel=\"canonical\" href=\"https:\/\/www.lifenatura.com\/es\/produto\/wireweed-50g-terrasana\/\" \/>\n<meta property=\"og:locale\" content=\"es_ES\" \/>\n<meta property=\"og:type\" content=\"article\" \/>\n<meta property=\"og:title\" content=\"Wireweed 50g - Terrasana - Na Lifenatura ao Melhor Pre\u00e7o | Envio 48h\" \/>\n<meta property=\"og:description\" content=\"Compre Wireweed 50g - Terrasana com envio r\u00e1pido. Entrega em 48h e portes gr\u00e1tis em compras &gt;35\u20ac. Aproveite j\u00e1 na Lifenatura\" \/>\n<meta property=\"og:url\" content=\"https:\/\/www.lifenatura.com\/es\/produto\/wireweed-50g-terrasana\/\" \/>\n<meta property=\"og:site_name\" content=\"Lifenatura\" \/>\n<meta property=\"article:publisher\" content=\"https:\/\/www.facebook.com\/lifenatura\" \/>\n<meta property=\"article:modified_time\" content=\"2024-07-09T14:28:41+00:00\" \/>\n<meta property=\"og:image\" content=\"https:\/\/www.lifenatura.com\/wp-content\/uploads\/2024\/07\/alga-arame-terrasana.jpg\" \/>\n\t<meta property=\"og:image:width\" content=\"1000\" \/>\n\t<meta property=\"og:image:height\" content=\"1000\" \/>\n\t<meta property=\"og:image:type\" content=\"image\/jpeg\" \/>\n<meta name=\"twitter:card\" content=\"summary_large_image\" \/>\n<meta name=\"twitter:label1\" content=\"Precio\" \/>\n\t<meta name=\"twitter:data1\" content=\"14,90&nbsp;&euro;\" \/>\n\t<meta name=\"twitter:label2\" content=\"Disponibilidad\" \/>\n\t<meta name=\"twitter:data2\" content=\"Disponible\" \/>\n<script type=\"application\/ld+json\" class=\"yoast-schema-graph\">{\"@context\":\"https:\\\/\\\/schema.org\",\"@graph\":[{\"@type\":\"WebPage\",\"@id\":\"https:\\\/\\\/www.lifenatura.com\\\/es\\\/produto\\\/wireweed-50g-terrasana\\\/\",\"url\":\"https:\\\/\\\/www.lifenatura.com\\\/es\\\/produto\\\/wireweed-50g-terrasana\\\/\",\"name\":\"Wireweed 50g - Terrasana - Na Lifenatura ao Melhor Pre\u00e7o | Envio em 48h\",\"isPartOf\":{\"@id\":\"https:\\\/\\\/www.lifenatura.com\\\/es\\\/#website\"},\"primaryImageOfPage\":{\"@id\":\"https:\\\/\\\/www.lifenatura.com\\\/es\\\/produto\\\/wireweed-50g-terrasana\\\/#primaryimage\"},\"image\":{\"@id\":\"https:\\\/\\\/www.lifenatura.com\\\/es\\\/produto\\\/wireweed-50g-terrasana\\\/#primaryimage\"},\"thumbnailUrl\":\"https:\\\/\\\/www.lifenatura.com\\\/wp-content\\\/uploads\\\/2024\\\/07\\\/alga-arame-terrasana.jpg\",\"datePublished\":\"2024-07-03T22:34:43+00:00\",\"dateModified\":\"2024-07-09T14:28:41+00:00\",\"description\":\"Terrasana Wireweed es la elecci\u00f3n perfecta para quienes desean enriquecer su dieta con un superalimento natural y altamente nutritivo.\",\"breadcrumb\":{\"@id\":\"https:\\\/\\\/www.lifenatura.com\\\/es\\\/produto\\\/wireweed-50g-terrasana\\\/#breadcrumb\"},\"inLanguage\":\"es\",\"potentialAction\":[{\"@type\":\"ReadAction\",\"target\":[\"https:\\\/\\\/www.lifenatura.com\\\/es\\\/produto\\\/wireweed-50g-terrasana\\\/\"]}]},{\"@type\":\"ImageObject\",\"inLanguage\":\"es\",\"@id\":\"https:\\\/\\\/www.lifenatura.com\\\/es\\\/produto\\\/wireweed-50g-terrasana\\\/#primaryimage\",\"url\":\"https:\\\/\\\/www.lifenatura.com\\\/wp-content\\\/uploads\\\/2024\\\/07\\\/alga-arame-terrasana.jpg\",\"contentUrl\":\"https:\\\/\\\/www.lifenatura.com\\\/wp-content\\\/uploads\\\/2024\\\/07\\\/alga-arame-terrasana.jpg\",\"width\":1000,\"height\":1000,\"caption\":\"Alambrama terrasana\"},{\"@type\":\"BreadcrumbList\",\"@id\":\"https:\\\/\\\/www.lifenatura.com\\\/es\\\/produto\\\/wireweed-50g-terrasana\\\/#breadcrumb\",\"itemListElement\":[{\"@type\":\"ListItem\",\"position\":1,\"name\":\"In\u00edcio\",\"item\":\"https:\\\/\\\/www.lifenatura.com\\\/es\\\/\"},{\"@type\":\"ListItem\",\"position\":2,\"name\":\"Todos los Productos\",\"item\":\"https:\\\/\\\/www.lifenatura.com\\\/es\\\/tienda\\\/\"},{\"@type\":\"ListItem\",\"position\":3,\"name\":\"Wireweed 50g &#8211; Terrasana\"}]},{\"@type\":\"WebSite\",\"@id\":\"https:\\\/\\\/www.lifenatura.com\\\/es\\\/#website\",\"url\":\"https:\\\/\\\/www.lifenatura.com\\\/es\\\/\",\"name\":\"Lifenatura\",\"description\":\"A Lifenatura \u00e9 uma loja de produtos naturais, cosm\u00e9tica natural e alimenta\u00e7\u00e3o Biol\u00f3gica.\",\"publisher\":{\"@id\":\"https:\\\/\\\/www.lifenatura.com\\\/es\\\/#organization\"},\"potentialAction\":[{\"@type\":\"SearchAction\",\"target\":{\"@type\":\"EntryPoint\",\"urlTemplate\":\"https:\\\/\\\/www.lifenatura.com\\\/es\\\/?s={search_term_string}\"},\"query-input\":{\"@type\":\"PropertyValueSpecification\",\"valueRequired\":true,\"valueName\":\"search_term_string\"}}],\"inLanguage\":\"es\"},{\"@type\":\"Organization\",\"@id\":\"https:\\\/\\\/www.lifenatura.com\\\/es\\\/#organization\",\"name\":\"Lifenatura\",\"url\":\"https:\\\/\\\/www.lifenatura.com\\\/es\\\/\",\"logo\":{\"@type\":\"ImageObject\",\"inLanguage\":\"es\",\"@id\":\"https:\\\/\\\/www.lifenatura.com\\\/es\\\/#\\\/schema\\\/logo\\\/image\\\/\",\"url\":\"https:\\\/\\\/www.lifenatura.com\\\/wp-content\\\/uploads\\\/2021\\\/07\\\/logo.png\",\"contentUrl\":\"https:\\\/\\\/www.lifenatura.com\\\/wp-content\\\/uploads\\\/2021\\\/07\\\/logo.png\",\"width\":175,\"height\":55,\"caption\":\"Lifenatura\"},\"image\":{\"@id\":\"https:\\\/\\\/www.lifenatura.com\\\/es\\\/#\\\/schema\\\/logo\\\/image\\\/\"},\"sameAs\":[\"https:\\\/\\\/www.facebook.com\\\/lifenatura\",\"https:\\\/\\\/www.instagram.com\\\/lifenaturapt\\\/\"],\"hasMerchantReturnPolicy\":{\"@type\":\"MerchantReturnPolicy\",\"merchantReturnLink\":\"https:\\\/\\\/www.lifenatura.com\\\/termos-condicoes-lifenatura\\\/\"}}]}<\/script>\n<meta property=\"product:price:amount\" content=\"14.90\" \/>\n<meta property=\"product:price:currency\" content=\"EUR\" \/>\n<meta property=\"og:availability\" content=\"instock\" \/>\n<meta property=\"product:availability\" content=\"instock\" \/>\n<meta property=\"product:retailer_item_id\" content=\"8713576271768\" \/>\n<meta property=\"product:condition\" content=\"new\" \/>\n<!-- \/ Yoast SEO Premium plugin. -->","yoast_head_json":{"title":"Wireweed 50g - Terrasana - Na Lifenatura ao Melhor Pre\u00e7o | Envio em 48h","description":"Terrasana Wireweed es la elecci\u00f3n perfecta para quienes desean enriquecer su dieta con un superalimento natural y altamente nutritivo.","robots":{"index":"index","follow":"follow","max-snippet":"max-snippet:-1","max-image-preview":"max-image-preview:large","max-video-preview":"max-video-preview:-1"},"canonical":"https:\/\/www.lifenatura.com\/es\/produto\/wireweed-50g-terrasana\/","og_locale":"es_ES","og_type":"article","og_title":"Wireweed 50g - Terrasana - Na Lifenatura ao Melhor Pre\u00e7o | Envio 48h","og_description":"Compre Wireweed 50g - Terrasana com envio r\u00e1pido. Entrega em 48h e portes gr\u00e1tis em compras >35\u20ac. Aproveite j\u00e1 na Lifenatura","og_url":"https:\/\/www.lifenatura.com\/es\/produto\/wireweed-50g-terrasana\/","og_site_name":"Lifenatura","article_publisher":"https:\/\/www.facebook.com\/lifenatura","article_modified_time":"2024-07-09T14:28:41+00:00","og_image":[{"width":1000,"height":1000,"url":"https:\/\/www.lifenatura.com\/wp-content\/uploads\/2024\/07\/alga-arame-terrasana.jpg","type":"image\/jpeg"}],"twitter_card":"summary_large_image","twitter_misc":{"Precio":"14,90&nbsp;&euro;","Disponibilidad":"Disponible"},"schema":{"@context":"https:\/\/schema.org","@graph":[{"@type":"WebPage","@id":"https:\/\/www.lifenatura.com\/es\/produto\/wireweed-50g-terrasana\/","url":"https:\/\/www.lifenatura.com\/es\/produto\/wireweed-50g-terrasana\/","name":"Wireweed 50g - Terrasana - Na Lifenatura ao Melhor Pre\u00e7o | Envio em 48h","isPartOf":{"@id":"https:\/\/www.lifenatura.com\/es\/#website"},"primaryImageOfPage":{"@id":"https:\/\/www.lifenatura.com\/es\/produto\/wireweed-50g-terrasana\/#primaryimage"},"image":{"@id":"https:\/\/www.lifenatura.com\/es\/produto\/wireweed-50g-terrasana\/#primaryimage"},"thumbnailUrl":"https:\/\/www.lifenatura.com\/wp-content\/uploads\/2024\/07\/alga-arame-terrasana.jpg","datePublished":"2024-07-03T22:34:43+00:00","dateModified":"2024-07-09T14:28:41+00:00","description":"Terrasana Wireweed es la elecci\u00f3n perfecta para quienes desean enriquecer su dieta con un superalimento natural y altamente nutritivo.","breadcrumb":{"@id":"https:\/\/www.lifenatura.com\/es\/produto\/wireweed-50g-terrasana\/#breadcrumb"},"inLanguage":"es","potentialAction":[{"@type":"ReadAction","target":["https:\/\/www.lifenatura.com\/es\/produto\/wireweed-50g-terrasana\/"]}]},{"@type":"ImageObject","inLanguage":"es","@id":"https:\/\/www.lifenatura.com\/es\/produto\/wireweed-50g-terrasana\/#primaryimage","url":"https:\/\/www.lifenatura.com\/wp-content\/uploads\/2024\/07\/alga-arame-terrasana.jpg","contentUrl":"https:\/\/www.lifenatura.com\/wp-content\/uploads\/2024\/07\/alga-arame-terrasana.jpg","width":1000,"height":1000,"caption":"Alambrama terrasana"},{"@type":"BreadcrumbList","@id":"https:\/\/www.lifenatura.com\/es\/produto\/wireweed-50g-terrasana\/#breadcrumb","itemListElement":[{"@type":"ListItem","position":1,"name":"In\u00edcio","item":"https:\/\/www.lifenatura.com\/es\/"},{"@type":"ListItem","position":2,"name":"Todos los Productos","item":"https:\/\/www.lifenatura.com\/es\/tienda\/"},{"@type":"ListItem","position":3,"name":"Wireweed 50g &#8211; Terrasana"}]},{"@type":"WebSite","@id":"https:\/\/www.lifenatura.com\/es\/#website","url":"https:\/\/www.lifenatura.com\/es\/","name":"Lifenatura","description":"A Lifenatura \u00e9 uma loja de produtos naturais, cosm\u00e9tica natural e alimenta\u00e7\u00e3o Biol\u00f3gica.","publisher":{"@id":"https:\/\/www.lifenatura.com\/es\/#organization"},"potentialAction":[{"@type":"SearchAction","target":{"@type":"EntryPoint","urlTemplate":"https:\/\/www.lifenatura.com\/es\/?s={search_term_string}"},"query-input":{"@type":"PropertyValueSpecification","valueRequired":true,"valueName":"search_term_string"}}],"inLanguage":"es"},{"@type":"Organization","@id":"https:\/\/www.lifenatura.com\/es\/#organization","name":"Lifenatura","url":"https:\/\/www.lifenatura.com\/es\/","logo":{"@type":"ImageObject","inLanguage":"es","@id":"https:\/\/www.lifenatura.com\/es\/#\/schema\/logo\/image\/","url":"https:\/\/www.lifenatura.com\/wp-content\/uploads\/2021\/07\/logo.png","contentUrl":"https:\/\/www.lifenatura.com\/wp-content\/uploads\/2021\/07\/logo.png","width":175,"height":55,"caption":"Lifenatura"},"image":{"@id":"https:\/\/www.lifenatura.com\/es\/#\/schema\/logo\/image\/"},"sameAs":["https:\/\/www.facebook.com\/lifenatura","https:\/\/www.instagram.com\/lifenaturapt\/"],"hasMerchantReturnPolicy":{"@type":"MerchantReturnPolicy","merchantReturnLink":"https:\/\/www.lifenatura.com\/termos-condicoes-lifenatura\/"}}]},"product_price_amount":"14.90","product_price_currency":"EUR","og_availability":"instock","product_availability":"instock","product_retailer_item_id":"8713576271768","product_condition":"new"},"df_price":14.9,"df_sale_price":"","df_regular_price":14.9,"df_image_link":"https:\/\/www.lifenatura.com\/wp-content\/uploads\/2024\/07\/alga-arame-terrasana-300x300.jpg","_links":{"self":[{"href":"https:\/\/www.lifenatura.com\/es\/wp-json\/wp\/v2\/product\/94741","targetHints":{"allow":["GET"]}}],"collection":[{"href":"https:\/\/www.lifenatura.com\/es\/wp-json\/wp\/v2\/product"}],"about":[{"href":"https:\/\/www.lifenatura.com\/es\/wp-json\/wp\/v2\/types\/product"}],"wp:featuredmedia":[{"embeddable":true,"href":"https:\/\/www.lifenatura.com\/es\/wp-json\/wp\/v2\/media\/94462"}],"wp:attachment":[{"href":"https:\/\/www.lifenatura.com\/es\/wp-json\/wp\/v2\/media?parent=94741"}],"wp:term":[{"taxonomy":"product_brand","embeddable":true,"href":"https:\/\/www.lifenatura.com\/es\/wp-json\/wp\/v2\/product_brand?post=94741"},{"taxonomy":"product_cat","embeddable":true,"href":"https:\/\/www.lifenatura.com\/es\/wp-json\/wp\/v2\/product_cat?post=94741"},{"taxonomy":"product_tag","embeddable":true,"href":"https:\/\/www.lifenatura.com\/es\/wp-json\/wp\/v2\/product_tag?post=94741"}],"curies":[{"name":"wp","href":"https:\/\/api.w.org\/{rel}","templated":true}]}}