{"id":94228,"date":"2024-06-28T14:39:03","date_gmt":"2024-06-28T14:39:03","guid":{"rendered":"https:\/\/www.lifenatura.com\/produto\/agua-de-coco-ecologica-330ml-dr-goerg\/"},"modified":"2024-06-29T14:08:19","modified_gmt":"2024-06-29T14:08:19","slug":"agua-de-coco-ecologica-330ml-dr-goerg","status":"publish","type":"product","link":"https:\/\/www.lifenatura.com\/es\/produto\/agua-de-coco-ecologica-330ml-dr-goerg\/","title":{"rendered":"Agua de Coco Ecol\u00f3gica 330ml &#8211; Dr Goerg"},"content":{"rendered":"<h2 style=\"text-align: left;\"><strong>Agua de Coco Bio ideal para hidratar llena de nutrientes<\/strong><\/h2>\n<p>&nbsp;<\/p>\n<p>El Agua de Coco Dr Goerg es una bebida natural y refrescante extra\u00edda directamente de cocos verdes ecol\u00f3gicos. Esta agua de coco es conocida por su sabor suave y ligeramente dulce, y es una opci\u00f3n excelente para hidratar el cuerpo de forma sana y sabrosa.<\/p>\n<p>Rica en electrolitos y nutrientes esenciales, el Agua de Coco Dr Goerg es ideal para beber despu\u00e9s del ejercicio, durante el d\u00eda o en cualquier momento en que necesites hidratarte r\u00e1pida y eficazmente. Con la garant\u00eda de calidad Dr Goerg, esta agua de coco es 100% pura y no contiene aditivos ni conservantes.<\/p>\n<p><strong>Principales ventajas:<\/strong><\/p>\n<ul>\n<li><strong>Hidrataci\u00f3n natural:<\/strong> Rica en electrolitos como potasio, magnesio y sodio, ayuda a reponer los minerales perdidos durante la actividad f\u00edsica y a mantener el equilibrio h\u00eddrico del organismo.<\/li>\n<li><strong>Rico en nutrientes:<\/strong> Fuente de vitaminas y minerales esenciales que contribuyen a una salud general equilibrada.<\/li>\n<li><strong>100% Ecol\u00f3gico:<\/strong> Producido a partir de cocos verdes de cultivo ecol\u00f3gico, lo que garantiza un producto puro, sin pesticidas ni productos qu\u00edmicos.<\/li>\n<li><strong>Baja en calor\u00edas:<\/strong> Una bebida sana y baja en calor\u00edas, ideal para incluir en una dieta equilibrada.<\/li>\n<li><strong>Sin aditivos ni conservantes:<\/strong> Agua de coco pura, sin az\u00facares a\u00f1adidos, conservantes ni otros aditivos artificiales.<\/li>\n<li><strong>Sabor natural y refrescante:<\/strong> Sabor suave y ligeramente dulce, perfecto para refrescar e hidratar en cualquier momento del d\u00eda.<\/li>\n<\/ul>\n<p>El Agua de Coco del Dr. Goerg es la elecci\u00f3n perfecta para quienes desean una hidrataci\u00f3n natural y nutritiva.<\/p>\n<p>\u00a1Incorpora esta bebida a tu rutina diaria y disfruta de los innumerables beneficios del agua de coco 100% pura y ecol\u00f3gica!<\/p>\n<p><strong>PRESENTACI\u00d3N<\/strong><\/p>\n<p>330 ml<\/p>\n<p>&nbsp;<\/p>\n","protected":false},"excerpt":{"rendered":"<p>El agua de coco D. Goerg es 100% ecol\u00f3gica y de la m\u00e1xima calidad, elaborada con cocos 100% ecol\u00f3gicos reci\u00e9n recolectados y sin conservantes. [&#8230;]<\/p>\n<p><a class=\"btn btn-secondary understrap-read-more-link\" href=\"https:\/\/www.lifenatura.com\/es\/produto\/agua-de-coco-ecologica-330ml-dr-goerg\/\">Leer m\u00e1s&#8230;<span class=\"screen-reader-text\"> from Agua de Coco Ecol\u00f3gica 330ml &#8211; Dr Goerg<\/span><\/a><\/p>\n","protected":false},"featured_media":94175,"template":"","meta":{"_acf_changed":false},"product_brand":[8505],"product_cat":[7066,7064,7065],"product_tag":[],"class_list":{"0":"post-94228","1":"product","2":"type-product","3":"status-publish","4":"has-post-thumbnail","6":"product_brand-dr-goerg","7":"product_cat-agua-de-coco","8":"product_cat-alimentacion-sana","9":"product_cat-bebidas","10":"pa_caracteristicas-biologico","11":"pa_caracteristicas-sin-azucares-anadidos","12":"pa_caracteristicas-sin-conservantes","13":"pa_caracteristicas-sin-gluten","14":"pa_caracteristicas-vegano","15":"pa_caracteristicas-vegetariano","17":"first","18":"instock","19":"shipping-taxable","20":"purchasable","21":"product-type-simple","22":"add-to-wishlist-before_image"},"acf":[],"yoast_head":"<!-- This site is optimized with the Yoast SEO Premium plugin v27.1 (Yoast SEO v27.5) - https:\/\/yoast.com\/product\/yoast-seo-premium-wordpress\/ -->\n<title>Agua de Coco Ecol\u00f3gica 330ml - Dr Goerg - Na Lifenatura ao Melhor Pre\u00e7o | Envio em 48h<\/title>\n<meta name=\"description\" content=\"El agua de coco D. Goerg es 100% ecol\u00f3gica y de la m\u00e1xima calidad, elaborada con cocos 100% ecol\u00f3gicos reci\u00e9n recolectados y sin conservantes.\" \/>\n<meta name=\"robots\" content=\"index, follow, max-snippet:-1, max-image-preview:large, max-video-preview:-1\" \/>\n<link rel=\"canonical\" href=\"https:\/\/www.lifenatura.com\/es\/produto\/agua-de-coco-ecologica-330ml-dr-goerg\/\" \/>\n<meta property=\"og:locale\" content=\"es_ES\" \/>\n<meta property=\"og:type\" content=\"article\" \/>\n<meta property=\"og:title\" content=\"Agua de Coco Ecol\u00f3gica 330ml - Dr Goerg - Na Lifenatura ao Melhor Pre\u00e7o | Envio 48h\" \/>\n<meta property=\"og:description\" content=\"Compre Agua de Coco Ecol\u00f3gica 330ml - Dr Goerg com envio r\u00e1pido. Entrega em 48h e portes gr\u00e1tis em compras &gt;35\u20ac. Aproveite j\u00e1 na Lifenatura\" \/>\n<meta property=\"og:url\" content=\"https:\/\/www.lifenatura.com\/es\/produto\/agua-de-coco-ecologica-330ml-dr-goerg\/\" \/>\n<meta property=\"og:site_name\" content=\"Lifenatura\" \/>\n<meta property=\"article:publisher\" content=\"https:\/\/www.facebook.com\/lifenatura\" \/>\n<meta property=\"article:modified_time\" content=\"2024-06-29T14:08:19+00:00\" \/>\n<meta property=\"og:image\" content=\"https:\/\/www.lifenatura.com\/wp-content\/uploads\/2024\/06\/agua-de-coco-330ml-dr-goerg.jpg\" \/>\n\t<meta property=\"og:image:width\" content=\"1000\" \/>\n\t<meta property=\"og:image:height\" content=\"1000\" \/>\n\t<meta property=\"og:image:type\" content=\"image\/jpeg\" \/>\n<meta name=\"twitter:card\" content=\"summary_large_image\" \/>\n<meta name=\"twitter:label1\" content=\"Precio\" \/>\n\t<meta name=\"twitter:data1\" content=\"2,68&nbsp;&euro;\" \/>\n\t<meta name=\"twitter:label2\" content=\"Disponibilidad\" \/>\n\t<meta name=\"twitter:data2\" content=\"Disponible\" \/>\n<script type=\"application\/ld+json\" class=\"yoast-schema-graph\">{\"@context\":\"https:\\\/\\\/schema.org\",\"@graph\":[{\"@type\":\"WebPage\",\"@id\":\"https:\\\/\\\/www.lifenatura.com\\\/es\\\/produto\\\/agua-de-coco-ecologica-330ml-dr-goerg\\\/\",\"url\":\"https:\\\/\\\/www.lifenatura.com\\\/es\\\/produto\\\/agua-de-coco-ecologica-330ml-dr-goerg\\\/\",\"name\":\"Agua de Coco Ecol\u00f3gica 330ml - Dr Goerg - Na Lifenatura ao Melhor Pre\u00e7o | Envio em 48h\",\"isPartOf\":{\"@id\":\"https:\\\/\\\/www.lifenatura.com\\\/es\\\/#website\"},\"primaryImageOfPage\":{\"@id\":\"https:\\\/\\\/www.lifenatura.com\\\/es\\\/produto\\\/agua-de-coco-ecologica-330ml-dr-goerg\\\/#primaryimage\"},\"image\":{\"@id\":\"https:\\\/\\\/www.lifenatura.com\\\/es\\\/produto\\\/agua-de-coco-ecologica-330ml-dr-goerg\\\/#primaryimage\"},\"thumbnailUrl\":\"https:\\\/\\\/www.lifenatura.com\\\/wp-content\\\/uploads\\\/2024\\\/06\\\/agua-de-coco-330ml-dr-goerg.jpg\",\"datePublished\":\"2024-06-28T14:39:03+00:00\",\"dateModified\":\"2024-06-29T14:08:19+00:00\",\"description\":\"El agua de coco D. Goerg es 100% ecol\u00f3gica y de la m\u00e1xima calidad, elaborada con cocos 100% ecol\u00f3gicos reci\u00e9n recolectados y sin conservantes.\",\"breadcrumb\":{\"@id\":\"https:\\\/\\\/www.lifenatura.com\\\/es\\\/produto\\\/agua-de-coco-ecologica-330ml-dr-goerg\\\/#breadcrumb\"},\"inLanguage\":\"es\",\"potentialAction\":[{\"@type\":\"ReadAction\",\"target\":[\"https:\\\/\\\/www.lifenatura.com\\\/es\\\/produto\\\/agua-de-coco-ecologica-330ml-dr-goerg\\\/\"]}]},{\"@type\":\"ImageObject\",\"inLanguage\":\"es\",\"@id\":\"https:\\\/\\\/www.lifenatura.com\\\/es\\\/produto\\\/agua-de-coco-ecologica-330ml-dr-goerg\\\/#primaryimage\",\"url\":\"https:\\\/\\\/www.lifenatura.com\\\/wp-content\\\/uploads\\\/2024\\\/06\\\/agua-de-coco-330ml-dr-goerg.jpg\",\"contentUrl\":\"https:\\\/\\\/www.lifenatura.com\\\/wp-content\\\/uploads\\\/2024\\\/06\\\/agua-de-coco-330ml-dr-goerg.jpg\",\"width\":1000,\"height\":1000,\"caption\":\"Dr goerg agua de coco\"},{\"@type\":\"BreadcrumbList\",\"@id\":\"https:\\\/\\\/www.lifenatura.com\\\/es\\\/produto\\\/agua-de-coco-ecologica-330ml-dr-goerg\\\/#breadcrumb\",\"itemListElement\":[{\"@type\":\"ListItem\",\"position\":1,\"name\":\"In\u00edcio\",\"item\":\"https:\\\/\\\/www.lifenatura.com\\\/es\\\/\"},{\"@type\":\"ListItem\",\"position\":2,\"name\":\"Todos los Productos\",\"item\":\"https:\\\/\\\/www.lifenatura.com\\\/es\\\/tienda\\\/\"},{\"@type\":\"ListItem\",\"position\":3,\"name\":\"Agua de Coco Ecol\u00f3gica 330ml &#8211; Dr Goerg\"}]},{\"@type\":\"WebSite\",\"@id\":\"https:\\\/\\\/www.lifenatura.com\\\/es\\\/#website\",\"url\":\"https:\\\/\\\/www.lifenatura.com\\\/es\\\/\",\"name\":\"Lifenatura\",\"description\":\"A Lifenatura \u00e9 uma loja de produtos naturais, cosm\u00e9tica natural e alimenta\u00e7\u00e3o Biol\u00f3gica.\",\"publisher\":{\"@id\":\"https:\\\/\\\/www.lifenatura.com\\\/es\\\/#organization\"},\"potentialAction\":[{\"@type\":\"SearchAction\",\"target\":{\"@type\":\"EntryPoint\",\"urlTemplate\":\"https:\\\/\\\/www.lifenatura.com\\\/es\\\/?s={search_term_string}\"},\"query-input\":{\"@type\":\"PropertyValueSpecification\",\"valueRequired\":true,\"valueName\":\"search_term_string\"}}],\"inLanguage\":\"es\"},{\"@type\":\"Organization\",\"@id\":\"https:\\\/\\\/www.lifenatura.com\\\/es\\\/#organization\",\"name\":\"Lifenatura\",\"url\":\"https:\\\/\\\/www.lifenatura.com\\\/es\\\/\",\"logo\":{\"@type\":\"ImageObject\",\"inLanguage\":\"es\",\"@id\":\"https:\\\/\\\/www.lifenatura.com\\\/es\\\/#\\\/schema\\\/logo\\\/image\\\/\",\"url\":\"https:\\\/\\\/www.lifenatura.com\\\/wp-content\\\/uploads\\\/2021\\\/07\\\/logo.png\",\"contentUrl\":\"https:\\\/\\\/www.lifenatura.com\\\/wp-content\\\/uploads\\\/2021\\\/07\\\/logo.png\",\"width\":175,\"height\":55,\"caption\":\"Lifenatura\"},\"image\":{\"@id\":\"https:\\\/\\\/www.lifenatura.com\\\/es\\\/#\\\/schema\\\/logo\\\/image\\\/\"},\"sameAs\":[\"https:\\\/\\\/www.facebook.com\\\/lifenatura\",\"https:\\\/\\\/www.instagram.com\\\/lifenaturapt\\\/\"],\"hasMerchantReturnPolicy\":{\"@type\":\"MerchantReturnPolicy\",\"merchantReturnLink\":\"https:\\\/\\\/www.lifenatura.com\\\/termos-condicoes-lifenatura\\\/\"}}]}<\/script>\n<meta property=\"product:price:amount\" content=\"2.68\" \/>\n<meta property=\"product:price:currency\" content=\"EUR\" \/>\n<meta property=\"og:availability\" content=\"instock\" \/>\n<meta property=\"product:availability\" content=\"instock\" \/>\n<meta property=\"product:retailer_item_id\" content=\"4260213391623\" \/>\n<meta property=\"product:condition\" content=\"new\" \/>\n<!-- \/ Yoast SEO Premium plugin. -->","yoast_head_json":{"title":"Agua de Coco Ecol\u00f3gica 330ml - Dr Goerg - Na Lifenatura ao Melhor Pre\u00e7o | Envio em 48h","description":"El agua de coco D. Goerg es 100% ecol\u00f3gica y de la m\u00e1xima calidad, elaborada con cocos 100% ecol\u00f3gicos reci\u00e9n recolectados y sin conservantes.","robots":{"index":"index","follow":"follow","max-snippet":"max-snippet:-1","max-image-preview":"max-image-preview:large","max-video-preview":"max-video-preview:-1"},"canonical":"https:\/\/www.lifenatura.com\/es\/produto\/agua-de-coco-ecologica-330ml-dr-goerg\/","og_locale":"es_ES","og_type":"article","og_title":"Agua de Coco Ecol\u00f3gica 330ml - Dr Goerg - Na Lifenatura ao Melhor Pre\u00e7o | Envio 48h","og_description":"Compre Agua de Coco Ecol\u00f3gica 330ml - Dr Goerg com envio r\u00e1pido. Entrega em 48h e portes gr\u00e1tis em compras >35\u20ac. Aproveite j\u00e1 na Lifenatura","og_url":"https:\/\/www.lifenatura.com\/es\/produto\/agua-de-coco-ecologica-330ml-dr-goerg\/","og_site_name":"Lifenatura","article_publisher":"https:\/\/www.facebook.com\/lifenatura","article_modified_time":"2024-06-29T14:08:19+00:00","og_image":[{"width":1000,"height":1000,"url":"https:\/\/www.lifenatura.com\/wp-content\/uploads\/2024\/06\/agua-de-coco-330ml-dr-goerg.jpg","type":"image\/jpeg"}],"twitter_card":"summary_large_image","twitter_misc":{"Precio":"2,68&nbsp;&euro;","Disponibilidad":"Disponible"},"schema":{"@context":"https:\/\/schema.org","@graph":[{"@type":"WebPage","@id":"https:\/\/www.lifenatura.com\/es\/produto\/agua-de-coco-ecologica-330ml-dr-goerg\/","url":"https:\/\/www.lifenatura.com\/es\/produto\/agua-de-coco-ecologica-330ml-dr-goerg\/","name":"Agua de Coco Ecol\u00f3gica 330ml - Dr Goerg - Na Lifenatura ao Melhor Pre\u00e7o | Envio em 48h","isPartOf":{"@id":"https:\/\/www.lifenatura.com\/es\/#website"},"primaryImageOfPage":{"@id":"https:\/\/www.lifenatura.com\/es\/produto\/agua-de-coco-ecologica-330ml-dr-goerg\/#primaryimage"},"image":{"@id":"https:\/\/www.lifenatura.com\/es\/produto\/agua-de-coco-ecologica-330ml-dr-goerg\/#primaryimage"},"thumbnailUrl":"https:\/\/www.lifenatura.com\/wp-content\/uploads\/2024\/06\/agua-de-coco-330ml-dr-goerg.jpg","datePublished":"2024-06-28T14:39:03+00:00","dateModified":"2024-06-29T14:08:19+00:00","description":"El agua de coco D. Goerg es 100% ecol\u00f3gica y de la m\u00e1xima calidad, elaborada con cocos 100% ecol\u00f3gicos reci\u00e9n recolectados y sin conservantes.","breadcrumb":{"@id":"https:\/\/www.lifenatura.com\/es\/produto\/agua-de-coco-ecologica-330ml-dr-goerg\/#breadcrumb"},"inLanguage":"es","potentialAction":[{"@type":"ReadAction","target":["https:\/\/www.lifenatura.com\/es\/produto\/agua-de-coco-ecologica-330ml-dr-goerg\/"]}]},{"@type":"ImageObject","inLanguage":"es","@id":"https:\/\/www.lifenatura.com\/es\/produto\/agua-de-coco-ecologica-330ml-dr-goerg\/#primaryimage","url":"https:\/\/www.lifenatura.com\/wp-content\/uploads\/2024\/06\/agua-de-coco-330ml-dr-goerg.jpg","contentUrl":"https:\/\/www.lifenatura.com\/wp-content\/uploads\/2024\/06\/agua-de-coco-330ml-dr-goerg.jpg","width":1000,"height":1000,"caption":"Dr goerg agua de coco"},{"@type":"BreadcrumbList","@id":"https:\/\/www.lifenatura.com\/es\/produto\/agua-de-coco-ecologica-330ml-dr-goerg\/#breadcrumb","itemListElement":[{"@type":"ListItem","position":1,"name":"In\u00edcio","item":"https:\/\/www.lifenatura.com\/es\/"},{"@type":"ListItem","position":2,"name":"Todos los Productos","item":"https:\/\/www.lifenatura.com\/es\/tienda\/"},{"@type":"ListItem","position":3,"name":"Agua de Coco Ecol\u00f3gica 330ml &#8211; Dr Goerg"}]},{"@type":"WebSite","@id":"https:\/\/www.lifenatura.com\/es\/#website","url":"https:\/\/www.lifenatura.com\/es\/","name":"Lifenatura","description":"A Lifenatura \u00e9 uma loja de produtos naturais, cosm\u00e9tica natural e alimenta\u00e7\u00e3o Biol\u00f3gica.","publisher":{"@id":"https:\/\/www.lifenatura.com\/es\/#organization"},"potentialAction":[{"@type":"SearchAction","target":{"@type":"EntryPoint","urlTemplate":"https:\/\/www.lifenatura.com\/es\/?s={search_term_string}"},"query-input":{"@type":"PropertyValueSpecification","valueRequired":true,"valueName":"search_term_string"}}],"inLanguage":"es"},{"@type":"Organization","@id":"https:\/\/www.lifenatura.com\/es\/#organization","name":"Lifenatura","url":"https:\/\/www.lifenatura.com\/es\/","logo":{"@type":"ImageObject","inLanguage":"es","@id":"https:\/\/www.lifenatura.com\/es\/#\/schema\/logo\/image\/","url":"https:\/\/www.lifenatura.com\/wp-content\/uploads\/2021\/07\/logo.png","contentUrl":"https:\/\/www.lifenatura.com\/wp-content\/uploads\/2021\/07\/logo.png","width":175,"height":55,"caption":"Lifenatura"},"image":{"@id":"https:\/\/www.lifenatura.com\/es\/#\/schema\/logo\/image\/"},"sameAs":["https:\/\/www.facebook.com\/lifenatura","https:\/\/www.instagram.com\/lifenaturapt\/"],"hasMerchantReturnPolicy":{"@type":"MerchantReturnPolicy","merchantReturnLink":"https:\/\/www.lifenatura.com\/termos-condicoes-lifenatura\/"}}]},"product_price_amount":"2.68","product_price_currency":"EUR","og_availability":"instock","product_availability":"instock","product_retailer_item_id":"4260213391623","product_condition":"new"},"df_price":2.68,"df_sale_price":"","df_regular_price":2.68,"df_image_link":"https:\/\/www.lifenatura.com\/wp-content\/uploads\/2024\/06\/agua-de-coco-330ml-dr-goerg-300x300.jpg","_links":{"self":[{"href":"https:\/\/www.lifenatura.com\/es\/wp-json\/wp\/v2\/product\/94228","targetHints":{"allow":["GET"]}}],"collection":[{"href":"https:\/\/www.lifenatura.com\/es\/wp-json\/wp\/v2\/product"}],"about":[{"href":"https:\/\/www.lifenatura.com\/es\/wp-json\/wp\/v2\/types\/product"}],"wp:featuredmedia":[{"embeddable":true,"href":"https:\/\/www.lifenatura.com\/es\/wp-json\/wp\/v2\/media\/94175"}],"wp:attachment":[{"href":"https:\/\/www.lifenatura.com\/es\/wp-json\/wp\/v2\/media?parent=94228"}],"wp:term":[{"taxonomy":"product_brand","embeddable":true,"href":"https:\/\/www.lifenatura.com\/es\/wp-json\/wp\/v2\/product_brand?post=94228"},{"taxonomy":"product_cat","embeddable":true,"href":"https:\/\/www.lifenatura.com\/es\/wp-json\/wp\/v2\/product_cat?post=94228"},{"taxonomy":"product_tag","embeddable":true,"href":"https:\/\/www.lifenatura.com\/es\/wp-json\/wp\/v2\/product_tag?post=94228"}],"curies":[{"name":"wp","href":"https:\/\/api.w.org\/{rel}","templated":true}]}}