{"id":94126,"date":"2024-06-27T22:18:16","date_gmt":"2024-06-27T22:18:16","guid":{"rendered":"https:\/\/www.lifenatura.com\/produto\/azucar-moreno-de-cana-integral-con-melaza-1kg-el-granero\/"},"modified":"2024-06-27T22:43:53","modified_gmt":"2024-06-27T22:43:53","slug":"azucar-moreno-de-cana-integral-con-melaza-1kg-el-granero","status":"publish","type":"product","link":"https:\/\/www.lifenatura.com\/es\/produto\/azucar-moreno-de-cana-integral-con-melaza-1kg-el-granero\/","title":{"rendered":"Az\u00facar moreno de ca\u00f1a integral con melaza 1kg &#8211; El Granero"},"content":{"rendered":"<h2 style=\"text-align: left;\"><strong>1 kg de az\u00facar moreno El granero con melaza<\/strong><\/h2>\n<p>&nbsp;<\/p>\n<p>El az\u00facar moreno integral El Granero con melaza es una alternativa sana y sabrosa al az\u00facar refinado, producida a partir de ca\u00f1a de az\u00facar integral y enriquecida con melaza natural.<\/p>\n<p>Ahora disponible en envases de 1 kg.<\/p>\n<p>Este az\u00facar sin refinar conserva todos los nutrientes esenciales de la ca\u00f1a de az\u00facar, d\u00e1ndole un sabor profundo y caracter\u00edstico con notas de caramelo y melaza. Ideal para endulzar bebidas, postres, cereales y otras recetas, el Az\u00facar Moreno con Melaza es perfecto para quienes buscan una opci\u00f3n m\u00e1s nutritiva y rica en sabor.<\/p>\n<p><strong>Principales ventajas:<\/strong><\/p>\n<ul>\n<li><strong>Rico en nutrientes:<\/strong> Mantiene todos los nutrientes naturales de la ca\u00f1a de az\u00facar, como el calcio, el magnesio, el potasio y el hierro, que son esenciales para una dieta equilibrada.<\/li>\n<li><strong>Sabor intenso y distintivo:<\/strong> La melaza natural a\u00f1ade un sabor profundo y rico con toques de caramelo que realza el sabor de muchas recetas.<\/li>\n<li><strong>100% Natural:<\/strong> Elaborado a partir de ca\u00f1a de az\u00facar integral y melaza, sin aditivos ni conservantes, lo que garantiza un producto puro y natural.<\/li>\n<li><strong>Sin refinar:<\/strong> A diferencia del az\u00facar blanco, este az\u00facar no pasa por procesos de refinado, conservando todos sus beneficios nutricionales.<\/li>\n<\/ul>\n<div class=\"flex flex-grow flex-col max-w-full\">\n<div class=\"min-h-[20px] text-message flex flex-col items-start whitespace-pre-wrap break-words [.text-message+&amp;]:mt-5 juice:w-full juice:items-end overflow-x-auto gap-2\" dir=\"auto\" data-message-author-role=\"assistant\" data-message-id=\"52b78d2c-5455-4355-aa38-8e2be6b1a92e\">\n<div class=\"flex w-full flex-col gap-1 juice:empty:hidden juice:first:pt-[3px]\">\n<div class=\"markdown prose w-full break-words dark:prose-invert light\">\n<p>Incorpora este az\u00facar a tu rutina diaria y disfruta de un sabor aut\u00e9ntico y de los beneficios de un edulcorante natural.<\/p>\n<p><strong>PRESENTACI\u00d3N<\/strong><\/p>\n<p>1kg<\/p>\n<p>&nbsp;<\/p>\n<\/div>\n<\/div>\n<\/div>\n<\/div>\n","protected":false},"excerpt":{"rendered":"<p>El az\u00facar moreno con melaza de la marca El Granero es perfecto para quienes buscan una opci\u00f3n m\u00e1s nutritiva y rica en sabor. [&#8230;]<\/p>\n<p><a class=\"btn btn-secondary understrap-read-more-link\" href=\"https:\/\/www.lifenatura.com\/es\/produto\/azucar-moreno-de-cana-integral-con-melaza-1kg-el-granero\/\">Leer m\u00e1s&#8230;<span class=\"screen-reader-text\"> from Az\u00facar moreno de ca\u00f1a integral con melaza 1kg &#8211; El Granero<\/span><\/a><\/p>\n","protected":false},"featured_media":94116,"template":"","meta":{"_acf_changed":false},"product_brand":[8494],"product_cat":[7289,7074,7929],"product_tag":[],"class_list":{"0":"post-94126","1":"product","2":"type-product","3":"status-publish","4":"has-post-thumbnail","6":"product_brand-el-granero","7":"product_cat-azucar-edulcorantes","8":"product_cat-productos-alimenticios","9":"product_cat-sin-categoria","10":"pa_caracteristicas-sin-gluten","11":"pa_caracteristicas-vegano","13":"first","14":"instock","15":"shipping-taxable","16":"purchasable","17":"product-type-simple","18":"add-to-wishlist-before_image"},"acf":[],"yoast_head":"<!-- This site is optimized with the Yoast SEO Premium plugin v27.1 (Yoast SEO v27.5) - https:\/\/yoast.com\/product\/yoast-seo-premium-wordpress\/ -->\n<title>Az\u00facar moreno integral 1kg El Granero - Lifenatura<\/title>\n<meta name=\"description\" content=\"El az\u00facar moreno con melaza de la marca El Granero es perfecto para quienes buscan una opci\u00f3n m\u00e1s nutritiva y rica en sabor.\" \/>\n<meta name=\"robots\" content=\"index, follow, max-snippet:-1, max-image-preview:large, max-video-preview:-1\" \/>\n<link rel=\"canonical\" href=\"https:\/\/www.lifenatura.com\/es\/produto\/azucar-moreno-de-cana-integral-con-melaza-1kg-el-granero\/\" \/>\n<meta property=\"og:locale\" content=\"es_ES\" \/>\n<meta property=\"og:type\" content=\"article\" \/>\n<meta property=\"og:title\" content=\"Az\u00facar moreno de ca\u00f1a integral con melaza 1kg - El Granero - Na Lifenatura ao Melhor Pre\u00e7o | Envio 48h\" \/>\n<meta property=\"og:description\" content=\"Compre Az\u00facar moreno de ca\u00f1a integral con melaza 1kg - El Granero com envio r\u00e1pido. Entrega em 48h e portes gr\u00e1tis em compras &gt;35\u20ac. Aproveite j\u00e1 na Lifenatura\" \/>\n<meta property=\"og:url\" content=\"https:\/\/www.lifenatura.com\/es\/produto\/azucar-moreno-de-cana-integral-con-melaza-1kg-el-granero\/\" \/>\n<meta property=\"og:site_name\" content=\"Lifenatura\" \/>\n<meta property=\"article:publisher\" content=\"https:\/\/www.facebook.com\/lifenatura\" \/>\n<meta property=\"article:modified_time\" content=\"2024-06-27T22:43:53+00:00\" \/>\n<meta property=\"og:image\" content=\"https:\/\/www.lifenatura.com\/wp-content\/uploads\/2024\/06\/acucar-mascavado-1kg-el-granero.jpg\" \/>\n\t<meta property=\"og:image:width\" content=\"1000\" \/>\n\t<meta property=\"og:image:height\" content=\"1000\" \/>\n\t<meta property=\"og:image:type\" content=\"image\/jpeg\" \/>\n<meta name=\"twitter:card\" content=\"summary_large_image\" \/>\n<meta name=\"twitter:label1\" content=\"Precio\" \/>\n\t<meta name=\"twitter:data1\" content=\"7,17&nbsp;&euro;\" \/>\n\t<meta name=\"twitter:label2\" content=\"Disponibilidad\" \/>\n\t<meta name=\"twitter:data2\" content=\"Disponible\" \/>\n<script type=\"application\/ld+json\" class=\"yoast-schema-graph\">{\"@context\":\"https:\\\/\\\/schema.org\",\"@graph\":[{\"@type\":\"WebPage\",\"@id\":\"https:\\\/\\\/www.lifenatura.com\\\/es\\\/produto\\\/azucar-moreno-de-cana-integral-con-melaza-1kg-el-granero\\\/\",\"url\":\"https:\\\/\\\/www.lifenatura.com\\\/es\\\/produto\\\/azucar-moreno-de-cana-integral-con-melaza-1kg-el-granero\\\/\",\"name\":\"Az\u00facar moreno integral 1kg El Granero - Lifenatura\",\"isPartOf\":{\"@id\":\"https:\\\/\\\/www.lifenatura.com\\\/es\\\/#website\"},\"primaryImageOfPage\":{\"@id\":\"https:\\\/\\\/www.lifenatura.com\\\/es\\\/produto\\\/azucar-moreno-de-cana-integral-con-melaza-1kg-el-granero\\\/#primaryimage\"},\"image\":{\"@id\":\"https:\\\/\\\/www.lifenatura.com\\\/es\\\/produto\\\/azucar-moreno-de-cana-integral-con-melaza-1kg-el-granero\\\/#primaryimage\"},\"thumbnailUrl\":\"https:\\\/\\\/www.lifenatura.com\\\/wp-content\\\/uploads\\\/2024\\\/06\\\/acucar-mascavado-1kg-el-granero.jpg\",\"datePublished\":\"2024-06-27T22:18:16+00:00\",\"dateModified\":\"2024-06-27T22:43:53+00:00\",\"description\":\"El az\u00facar moreno con melaza de la marca El Granero es perfecto para quienes buscan una opci\u00f3n m\u00e1s nutritiva y rica en sabor.\",\"breadcrumb\":{\"@id\":\"https:\\\/\\\/www.lifenatura.com\\\/es\\\/produto\\\/azucar-moreno-de-cana-integral-con-melaza-1kg-el-granero\\\/#breadcrumb\"},\"inLanguage\":\"es\",\"potentialAction\":[{\"@type\":\"ReadAction\",\"target\":[\"https:\\\/\\\/www.lifenatura.com\\\/es\\\/produto\\\/azucar-moreno-de-cana-integral-con-melaza-1kg-el-granero\\\/\"]}]},{\"@type\":\"ImageObject\",\"inLanguage\":\"es\",\"@id\":\"https:\\\/\\\/www.lifenatura.com\\\/es\\\/produto\\\/azucar-moreno-de-cana-integral-con-melaza-1kg-el-granero\\\/#primaryimage\",\"url\":\"https:\\\/\\\/www.lifenatura.com\\\/wp-content\\\/uploads\\\/2024\\\/06\\\/acucar-mascavado-1kg-el-granero.jpg\",\"contentUrl\":\"https:\\\/\\\/www.lifenatura.com\\\/wp-content\\\/uploads\\\/2024\\\/06\\\/acucar-mascavado-1kg-el-granero.jpg\",\"width\":1000,\"height\":1000,\"caption\":\"El Granero 1kg az\u00facar moreno\"},{\"@type\":\"BreadcrumbList\",\"@id\":\"https:\\\/\\\/www.lifenatura.com\\\/es\\\/produto\\\/azucar-moreno-de-cana-integral-con-melaza-1kg-el-granero\\\/#breadcrumb\",\"itemListElement\":[{\"@type\":\"ListItem\",\"position\":1,\"name\":\"In\u00edcio\",\"item\":\"https:\\\/\\\/www.lifenatura.com\\\/es\\\/\"},{\"@type\":\"ListItem\",\"position\":2,\"name\":\"Todos los Productos\",\"item\":\"https:\\\/\\\/www.lifenatura.com\\\/es\\\/tienda\\\/\"},{\"@type\":\"ListItem\",\"position\":3,\"name\":\"Az\u00facar moreno de ca\u00f1a integral con melaza 1kg &#8211; El Granero\"}]},{\"@type\":\"WebSite\",\"@id\":\"https:\\\/\\\/www.lifenatura.com\\\/es\\\/#website\",\"url\":\"https:\\\/\\\/www.lifenatura.com\\\/es\\\/\",\"name\":\"Lifenatura\",\"description\":\"A Lifenatura \u00e9 uma loja de produtos naturais, cosm\u00e9tica natural e alimenta\u00e7\u00e3o Biol\u00f3gica.\",\"publisher\":{\"@id\":\"https:\\\/\\\/www.lifenatura.com\\\/es\\\/#organization\"},\"potentialAction\":[{\"@type\":\"SearchAction\",\"target\":{\"@type\":\"EntryPoint\",\"urlTemplate\":\"https:\\\/\\\/www.lifenatura.com\\\/es\\\/?s={search_term_string}\"},\"query-input\":{\"@type\":\"PropertyValueSpecification\",\"valueRequired\":true,\"valueName\":\"search_term_string\"}}],\"inLanguage\":\"es\"},{\"@type\":\"Organization\",\"@id\":\"https:\\\/\\\/www.lifenatura.com\\\/es\\\/#organization\",\"name\":\"Lifenatura\",\"url\":\"https:\\\/\\\/www.lifenatura.com\\\/es\\\/\",\"logo\":{\"@type\":\"ImageObject\",\"inLanguage\":\"es\",\"@id\":\"https:\\\/\\\/www.lifenatura.com\\\/es\\\/#\\\/schema\\\/logo\\\/image\\\/\",\"url\":\"https:\\\/\\\/www.lifenatura.com\\\/wp-content\\\/uploads\\\/2021\\\/07\\\/logo.png\",\"contentUrl\":\"https:\\\/\\\/www.lifenatura.com\\\/wp-content\\\/uploads\\\/2021\\\/07\\\/logo.png\",\"width\":175,\"height\":55,\"caption\":\"Lifenatura\"},\"image\":{\"@id\":\"https:\\\/\\\/www.lifenatura.com\\\/es\\\/#\\\/schema\\\/logo\\\/image\\\/\"},\"sameAs\":[\"https:\\\/\\\/www.facebook.com\\\/lifenatura\",\"https:\\\/\\\/www.instagram.com\\\/lifenaturapt\\\/\"],\"hasMerchantReturnPolicy\":{\"@type\":\"MerchantReturnPolicy\",\"merchantReturnLink\":\"https:\\\/\\\/www.lifenatura.com\\\/termos-condicoes-lifenatura\\\/\"}}]}<\/script>\n<meta property=\"product:price:amount\" content=\"7.17\" \/>\n<meta property=\"product:price:currency\" content=\"EUR\" \/>\n<meta property=\"og:availability\" content=\"instock\" \/>\n<meta property=\"product:availability\" content=\"instock\" \/>\n<meta property=\"product:retailer_item_id\" content=\"8422584010497\" \/>\n<meta property=\"product:condition\" content=\"new\" \/>\n<!-- \/ Yoast SEO Premium plugin. -->","yoast_head_json":{"title":"Az\u00facar moreno integral 1kg El Granero - Lifenatura","description":"El az\u00facar moreno con melaza de la marca El Granero es perfecto para quienes buscan una opci\u00f3n m\u00e1s nutritiva y rica en sabor.","robots":{"index":"index","follow":"follow","max-snippet":"max-snippet:-1","max-image-preview":"max-image-preview:large","max-video-preview":"max-video-preview:-1"},"canonical":"https:\/\/www.lifenatura.com\/es\/produto\/azucar-moreno-de-cana-integral-con-melaza-1kg-el-granero\/","og_locale":"es_ES","og_type":"article","og_title":"Az\u00facar moreno de ca\u00f1a integral con melaza 1kg - El Granero - Na Lifenatura ao Melhor Pre\u00e7o | Envio 48h","og_description":"Compre Az\u00facar moreno de ca\u00f1a integral con melaza 1kg - El Granero com envio r\u00e1pido. Entrega em 48h e portes gr\u00e1tis em compras >35\u20ac. Aproveite j\u00e1 na Lifenatura","og_url":"https:\/\/www.lifenatura.com\/es\/produto\/azucar-moreno-de-cana-integral-con-melaza-1kg-el-granero\/","og_site_name":"Lifenatura","article_publisher":"https:\/\/www.facebook.com\/lifenatura","article_modified_time":"2024-06-27T22:43:53+00:00","og_image":[{"width":1000,"height":1000,"url":"https:\/\/www.lifenatura.com\/wp-content\/uploads\/2024\/06\/acucar-mascavado-1kg-el-granero.jpg","type":"image\/jpeg"}],"twitter_card":"summary_large_image","twitter_misc":{"Precio":"7,17&nbsp;&euro;","Disponibilidad":"Disponible"},"schema":{"@context":"https:\/\/schema.org","@graph":[{"@type":"WebPage","@id":"https:\/\/www.lifenatura.com\/es\/produto\/azucar-moreno-de-cana-integral-con-melaza-1kg-el-granero\/","url":"https:\/\/www.lifenatura.com\/es\/produto\/azucar-moreno-de-cana-integral-con-melaza-1kg-el-granero\/","name":"Az\u00facar moreno integral 1kg El Granero - Lifenatura","isPartOf":{"@id":"https:\/\/www.lifenatura.com\/es\/#website"},"primaryImageOfPage":{"@id":"https:\/\/www.lifenatura.com\/es\/produto\/azucar-moreno-de-cana-integral-con-melaza-1kg-el-granero\/#primaryimage"},"image":{"@id":"https:\/\/www.lifenatura.com\/es\/produto\/azucar-moreno-de-cana-integral-con-melaza-1kg-el-granero\/#primaryimage"},"thumbnailUrl":"https:\/\/www.lifenatura.com\/wp-content\/uploads\/2024\/06\/acucar-mascavado-1kg-el-granero.jpg","datePublished":"2024-06-27T22:18:16+00:00","dateModified":"2024-06-27T22:43:53+00:00","description":"El az\u00facar moreno con melaza de la marca El Granero es perfecto para quienes buscan una opci\u00f3n m\u00e1s nutritiva y rica en sabor.","breadcrumb":{"@id":"https:\/\/www.lifenatura.com\/es\/produto\/azucar-moreno-de-cana-integral-con-melaza-1kg-el-granero\/#breadcrumb"},"inLanguage":"es","potentialAction":[{"@type":"ReadAction","target":["https:\/\/www.lifenatura.com\/es\/produto\/azucar-moreno-de-cana-integral-con-melaza-1kg-el-granero\/"]}]},{"@type":"ImageObject","inLanguage":"es","@id":"https:\/\/www.lifenatura.com\/es\/produto\/azucar-moreno-de-cana-integral-con-melaza-1kg-el-granero\/#primaryimage","url":"https:\/\/www.lifenatura.com\/wp-content\/uploads\/2024\/06\/acucar-mascavado-1kg-el-granero.jpg","contentUrl":"https:\/\/www.lifenatura.com\/wp-content\/uploads\/2024\/06\/acucar-mascavado-1kg-el-granero.jpg","width":1000,"height":1000,"caption":"El Granero 1kg az\u00facar moreno"},{"@type":"BreadcrumbList","@id":"https:\/\/www.lifenatura.com\/es\/produto\/azucar-moreno-de-cana-integral-con-melaza-1kg-el-granero\/#breadcrumb","itemListElement":[{"@type":"ListItem","position":1,"name":"In\u00edcio","item":"https:\/\/www.lifenatura.com\/es\/"},{"@type":"ListItem","position":2,"name":"Todos los Productos","item":"https:\/\/www.lifenatura.com\/es\/tienda\/"},{"@type":"ListItem","position":3,"name":"Az\u00facar moreno de ca\u00f1a integral con melaza 1kg &#8211; El Granero"}]},{"@type":"WebSite","@id":"https:\/\/www.lifenatura.com\/es\/#website","url":"https:\/\/www.lifenatura.com\/es\/","name":"Lifenatura","description":"A Lifenatura \u00e9 uma loja de produtos naturais, cosm\u00e9tica natural e alimenta\u00e7\u00e3o Biol\u00f3gica.","publisher":{"@id":"https:\/\/www.lifenatura.com\/es\/#organization"},"potentialAction":[{"@type":"SearchAction","target":{"@type":"EntryPoint","urlTemplate":"https:\/\/www.lifenatura.com\/es\/?s={search_term_string}"},"query-input":{"@type":"PropertyValueSpecification","valueRequired":true,"valueName":"search_term_string"}}],"inLanguage":"es"},{"@type":"Organization","@id":"https:\/\/www.lifenatura.com\/es\/#organization","name":"Lifenatura","url":"https:\/\/www.lifenatura.com\/es\/","logo":{"@type":"ImageObject","inLanguage":"es","@id":"https:\/\/www.lifenatura.com\/es\/#\/schema\/logo\/image\/","url":"https:\/\/www.lifenatura.com\/wp-content\/uploads\/2021\/07\/logo.png","contentUrl":"https:\/\/www.lifenatura.com\/wp-content\/uploads\/2021\/07\/logo.png","width":175,"height":55,"caption":"Lifenatura"},"image":{"@id":"https:\/\/www.lifenatura.com\/es\/#\/schema\/logo\/image\/"},"sameAs":["https:\/\/www.facebook.com\/lifenatura","https:\/\/www.instagram.com\/lifenaturapt\/"],"hasMerchantReturnPolicy":{"@type":"MerchantReturnPolicy","merchantReturnLink":"https:\/\/www.lifenatura.com\/termos-condicoes-lifenatura\/"}}]},"product_price_amount":"7.17","product_price_currency":"EUR","og_availability":"instock","product_availability":"instock","product_retailer_item_id":"8422584010497","product_condition":"new"},"df_price":7.17,"df_sale_price":"","df_regular_price":7.17,"df_image_link":"https:\/\/www.lifenatura.com\/wp-content\/uploads\/2024\/06\/acucar-mascavado-1kg-el-granero-300x300.jpg","_links":{"self":[{"href":"https:\/\/www.lifenatura.com\/es\/wp-json\/wp\/v2\/product\/94126","targetHints":{"allow":["GET"]}}],"collection":[{"href":"https:\/\/www.lifenatura.com\/es\/wp-json\/wp\/v2\/product"}],"about":[{"href":"https:\/\/www.lifenatura.com\/es\/wp-json\/wp\/v2\/types\/product"}],"wp:featuredmedia":[{"embeddable":true,"href":"https:\/\/www.lifenatura.com\/es\/wp-json\/wp\/v2\/media\/94116"}],"wp:attachment":[{"href":"https:\/\/www.lifenatura.com\/es\/wp-json\/wp\/v2\/media?parent=94126"}],"wp:term":[{"taxonomy":"product_brand","embeddable":true,"href":"https:\/\/www.lifenatura.com\/es\/wp-json\/wp\/v2\/product_brand?post=94126"},{"taxonomy":"product_cat","embeddable":true,"href":"https:\/\/www.lifenatura.com\/es\/wp-json\/wp\/v2\/product_cat?post=94126"},{"taxonomy":"product_tag","embeddable":true,"href":"https:\/\/www.lifenatura.com\/es\/wp-json\/wp\/v2\/product_tag?post=94126"}],"curies":[{"name":"wp","href":"https:\/\/api.w.org\/{rel}","templated":true}]}}