{"id":94124,"date":"2024-06-27T22:01:02","date_gmt":"2024-06-27T22:01:02","guid":{"rendered":"https:\/\/www.lifenatura.com\/produto\/azucar-moreno-con-melaza-500g-biocop\/"},"modified":"2024-10-07T17:26:53","modified_gmt":"2024-10-07T17:26:53","slug":"azucar-moreno-con-melaza-500g-biocop","status":"publish","type":"product","link":"https:\/\/www.lifenatura.com\/es\/produto\/azucar-moreno-con-melaza-500g-biocop\/","title":{"rendered":"Az\u00facar moreno con melaza 500g &#8211; Biocop"},"content":{"rendered":"<h2 style=\"text-align: left;\"><strong>Az\u00facar moreno con melaza rico en sabor y nutrientes<\/strong><\/h2>\n<p>&nbsp;<\/p>\n<p>El az\u00facar moreno integral de ca\u00f1a Biocop es una alternativa natural y saludable al az\u00facar refinado, obtenida del jugo fresco de la ca\u00f1a de az\u00facar. Este az\u00facar no est\u00e1 refinado y conserva todos sus nutrientes naturales, ofreciendo un sabor rico e intenso con toques de caramelo.<\/p>\n<p>Ideal para endulzar bebidas, postres, cereales y otras recetas, el Az\u00facar Moreno Biocop es perfecto para quienes buscan una opci\u00f3n m\u00e1s sana y sabrosa para el d\u00eda a d\u00eda. Con la garant\u00eda de calidad Biocop, este producto es 100% ecol\u00f3gico y sostenible.<\/p>\n<p><strong>Principales ventajas:<\/strong><\/p>\n<ul>\n<li><strong>Rico en nutrientes:<\/strong> Mantiene todos los nutrientes naturales de la ca\u00f1a de az\u00facar, como el calcio, el magnesio, el potasio y el hierro, que son esenciales para una dieta equilibrada.<\/li>\n<li><strong>Sabor rico e intenso:<\/strong> Proporciona un sabor profundo y complejo con toques de caramelo que realzan el sabor de diversas recetas.<\/li>\n<li><strong>100% ecol\u00f3gico:<\/strong> Producido a partir de ca\u00f1a de az\u00facar ecol\u00f3gica, sin utilizar pesticidas ni fertilizantes qu\u00edmicos, lo que garantiza un producto puro y natural.<\/li>\n<li><strong>Sin refinar:<\/strong> A diferencia del az\u00facar blanco, este az\u00facar no pasa por procesos de refinado, conservando todos sus beneficios nutricionales.<\/li>\n<\/ul>\n<p>\u00a1Incorpora este az\u00facar a tu rutina diaria y disfruta de un sabor aut\u00e9ntico y de los beneficios de un edulcorante natural!<\/p>\n<p><strong>PRESENTACI\u00d3N<\/strong><\/p>\n<p>500g<\/p>\n<p>&nbsp;<\/p>\n","protected":false},"excerpt":{"rendered":"<p>El az\u00facar moreno integral de ca\u00f1a Biocop es la opci\u00f3n ideal para quienes desean una alternativa m\u00e1s nutritiva y sabrosa al az\u00facar refinado. [&#8230;]<\/p>\n<p><a class=\"btn btn-secondary understrap-read-more-link\" href=\"https:\/\/www.lifenatura.com\/es\/produto\/azucar-moreno-con-melaza-500g-biocop\/\">Leer m\u00e1s&#8230;<span class=\"screen-reader-text\"> from Az\u00facar moreno con melaza 500g &#8211; Biocop<\/span><\/a><\/p>\n","protected":false},"featured_media":94113,"template":"","meta":{"_acf_changed":false},"product_brand":[8363],"product_cat":[7064,7289,7074],"product_tag":[],"class_list":{"0":"post-94124","1":"product","2":"type-product","3":"status-publish","4":"has-post-thumbnail","6":"product_brand-biocop","7":"product_cat-alimentacion-sana","8":"product_cat-azucar-edulcorantes","9":"product_cat-productos-alimenticios","10":"pa_caracteristicas-biologico","12":"first","13":"instock","14":"shipping-taxable","15":"purchasable","16":"product-type-simple","17":"add-to-wishlist-before_image"},"acf":[],"yoast_head":"<!-- This site is optimized with the Yoast SEO Premium plugin v27.1 (Yoast SEO v27.4) - https:\/\/yoast.com\/product\/yoast-seo-premium-wordpress\/ -->\n<title>Az\u00facar moreno con melaza 500g - Biocop - Na Lifenatura ao Melhor Pre\u00e7o | Envio em 48h<\/title>\n<meta name=\"description\" content=\"El az\u00facar moreno integral de ca\u00f1a Biocop es la opci\u00f3n ideal para quienes desean una alternativa m\u00e1s nutritiva y sabrosa al az\u00facar refinado.\" \/>\n<meta name=\"robots\" content=\"index, follow, max-snippet:-1, max-image-preview:large, max-video-preview:-1\" \/>\n<link rel=\"canonical\" href=\"https:\/\/www.lifenatura.com\/es\/produto\/azucar-moreno-con-melaza-500g-biocop\/\" \/>\n<meta property=\"og:locale\" content=\"es_ES\" \/>\n<meta property=\"og:type\" content=\"article\" \/>\n<meta property=\"og:title\" content=\"Az\u00facar moreno con melaza 500g - Biocop - Na Lifenatura ao Melhor Pre\u00e7o | Envio 48h\" \/>\n<meta property=\"og:description\" content=\"Compre Az\u00facar moreno con melaza 500g - Biocop com envio r\u00e1pido. Entrega em 48h e portes gr\u00e1tis em compras &gt;35\u20ac. Aproveite j\u00e1 na Lifenatura\" \/>\n<meta property=\"og:url\" content=\"https:\/\/www.lifenatura.com\/es\/produto\/azucar-moreno-con-melaza-500g-biocop\/\" \/>\n<meta property=\"og:site_name\" content=\"Lifenatura\" \/>\n<meta property=\"article:publisher\" content=\"https:\/\/www.facebook.com\/lifenatura\" \/>\n<meta property=\"article:modified_time\" content=\"2024-10-07T17:26:53+00:00\" \/>\n<meta property=\"og:image\" content=\"https:\/\/www.lifenatura.com\/wp-content\/uploads\/2024\/06\/acucar-mascavado-500g-biocop.jpg\" \/>\n\t<meta property=\"og:image:width\" content=\"1000\" \/>\n\t<meta property=\"og:image:height\" content=\"1000\" \/>\n\t<meta property=\"og:image:type\" content=\"image\/jpeg\" \/>\n<meta name=\"twitter:card\" content=\"summary_large_image\" \/>\n<meta name=\"twitter:label1\" content=\"Precio\" \/>\n\t<meta name=\"twitter:data1\" content=\"4,49&nbsp;&euro;\" \/>\n\t<meta name=\"twitter:label2\" content=\"Disponibilidad\" \/>\n\t<meta name=\"twitter:data2\" content=\"Disponible\" \/>\n<script type=\"application\/ld+json\" class=\"yoast-schema-graph\">{\"@context\":\"https:\\\/\\\/schema.org\",\"@graph\":[{\"@type\":\"WebPage\",\"@id\":\"https:\\\/\\\/www.lifenatura.com\\\/es\\\/produto\\\/azucar-moreno-con-melaza-500g-biocop\\\/\",\"url\":\"https:\\\/\\\/www.lifenatura.com\\\/es\\\/produto\\\/azucar-moreno-con-melaza-500g-biocop\\\/\",\"name\":\"Az\u00facar moreno con melaza 500g - Biocop - Na Lifenatura ao Melhor Pre\u00e7o | Envio em 48h\",\"isPartOf\":{\"@id\":\"https:\\\/\\\/www.lifenatura.com\\\/es\\\/#website\"},\"primaryImageOfPage\":{\"@id\":\"https:\\\/\\\/www.lifenatura.com\\\/es\\\/produto\\\/azucar-moreno-con-melaza-500g-biocop\\\/#primaryimage\"},\"image\":{\"@id\":\"https:\\\/\\\/www.lifenatura.com\\\/es\\\/produto\\\/azucar-moreno-con-melaza-500g-biocop\\\/#primaryimage\"},\"thumbnailUrl\":\"https:\\\/\\\/www.lifenatura.com\\\/wp-content\\\/uploads\\\/2024\\\/06\\\/acucar-mascavado-500g-biocop.jpg\",\"datePublished\":\"2024-06-27T22:01:02+00:00\",\"dateModified\":\"2024-10-07T17:26:53+00:00\",\"description\":\"El az\u00facar moreno integral de ca\u00f1a Biocop es la opci\u00f3n ideal para quienes desean una alternativa m\u00e1s nutritiva y sabrosa al az\u00facar refinado.\",\"breadcrumb\":{\"@id\":\"https:\\\/\\\/www.lifenatura.com\\\/es\\\/produto\\\/azucar-moreno-con-melaza-500g-biocop\\\/#breadcrumb\"},\"inLanguage\":\"es\",\"potentialAction\":[{\"@type\":\"ReadAction\",\"target\":[\"https:\\\/\\\/www.lifenatura.com\\\/es\\\/produto\\\/azucar-moreno-con-melaza-500g-biocop\\\/\"]}]},{\"@type\":\"ImageObject\",\"inLanguage\":\"es\",\"@id\":\"https:\\\/\\\/www.lifenatura.com\\\/es\\\/produto\\\/azucar-moreno-con-melaza-500g-biocop\\\/#primaryimage\",\"url\":\"https:\\\/\\\/www.lifenatura.com\\\/wp-content\\\/uploads\\\/2024\\\/06\\\/acucar-mascavado-500g-biocop.jpg\",\"contentUrl\":\"https:\\\/\\\/www.lifenatura.com\\\/wp-content\\\/uploads\\\/2024\\\/06\\\/acucar-mascavado-500g-biocop.jpg\",\"width\":1000,\"height\":1000,\"caption\":\"Az\u00facar moreno con melaza Biocop\"},{\"@type\":\"BreadcrumbList\",\"@id\":\"https:\\\/\\\/www.lifenatura.com\\\/es\\\/produto\\\/azucar-moreno-con-melaza-500g-biocop\\\/#breadcrumb\",\"itemListElement\":[{\"@type\":\"ListItem\",\"position\":1,\"name\":\"In\u00edcio\",\"item\":\"https:\\\/\\\/www.lifenatura.com\\\/es\\\/\"},{\"@type\":\"ListItem\",\"position\":2,\"name\":\"Todos los Productos\",\"item\":\"https:\\\/\\\/www.lifenatura.com\\\/es\\\/tienda\\\/\"},{\"@type\":\"ListItem\",\"position\":3,\"name\":\"Az\u00facar moreno con melaza 500g &#8211; Biocop\"}]},{\"@type\":\"WebSite\",\"@id\":\"https:\\\/\\\/www.lifenatura.com\\\/es\\\/#website\",\"url\":\"https:\\\/\\\/www.lifenatura.com\\\/es\\\/\",\"name\":\"Lifenatura\",\"description\":\"A Lifenatura \u00e9 uma loja de produtos naturais, cosm\u00e9tica natural e alimenta\u00e7\u00e3o Biol\u00f3gica.\",\"publisher\":{\"@id\":\"https:\\\/\\\/www.lifenatura.com\\\/es\\\/#organization\"},\"potentialAction\":[{\"@type\":\"SearchAction\",\"target\":{\"@type\":\"EntryPoint\",\"urlTemplate\":\"https:\\\/\\\/www.lifenatura.com\\\/es\\\/?s={search_term_string}\"},\"query-input\":{\"@type\":\"PropertyValueSpecification\",\"valueRequired\":true,\"valueName\":\"search_term_string\"}}],\"inLanguage\":\"es\"},{\"@type\":\"Organization\",\"@id\":\"https:\\\/\\\/www.lifenatura.com\\\/es\\\/#organization\",\"name\":\"Lifenatura\",\"url\":\"https:\\\/\\\/www.lifenatura.com\\\/es\\\/\",\"logo\":{\"@type\":\"ImageObject\",\"inLanguage\":\"es\",\"@id\":\"https:\\\/\\\/www.lifenatura.com\\\/es\\\/#\\\/schema\\\/logo\\\/image\\\/\",\"url\":\"https:\\\/\\\/www.lifenatura.com\\\/wp-content\\\/uploads\\\/2021\\\/07\\\/logo.png\",\"contentUrl\":\"https:\\\/\\\/www.lifenatura.com\\\/wp-content\\\/uploads\\\/2021\\\/07\\\/logo.png\",\"width\":175,\"height\":55,\"caption\":\"Lifenatura\"},\"image\":{\"@id\":\"https:\\\/\\\/www.lifenatura.com\\\/es\\\/#\\\/schema\\\/logo\\\/image\\\/\"},\"sameAs\":[\"https:\\\/\\\/www.facebook.com\\\/lifenatura\",\"https:\\\/\\\/www.instagram.com\\\/lifenaturapt\\\/\"],\"hasMerchantReturnPolicy\":{\"@type\":\"MerchantReturnPolicy\",\"merchantReturnLink\":\"https:\\\/\\\/www.lifenatura.com\\\/termos-condicoes-lifenatura\\\/\"}}]}<\/script>\n<meta property=\"product:price:amount\" content=\"4.49\" \/>\n<meta property=\"product:price:currency\" content=\"EUR\" \/>\n<meta property=\"og:availability\" content=\"instock\" \/>\n<meta property=\"product:availability\" content=\"instock\" \/>\n<meta property=\"product:retailer_item_id\" content=\"8423903067154\" \/>\n<meta property=\"product:condition\" content=\"new\" \/>\n<!-- \/ Yoast SEO Premium plugin. -->","yoast_head_json":{"title":"Az\u00facar moreno con melaza 500g - Biocop - Na Lifenatura ao Melhor Pre\u00e7o | Envio em 48h","description":"El az\u00facar moreno integral de ca\u00f1a Biocop es la opci\u00f3n ideal para quienes desean una alternativa m\u00e1s nutritiva y sabrosa al az\u00facar refinado.","robots":{"index":"index","follow":"follow","max-snippet":"max-snippet:-1","max-image-preview":"max-image-preview:large","max-video-preview":"max-video-preview:-1"},"canonical":"https:\/\/www.lifenatura.com\/es\/produto\/azucar-moreno-con-melaza-500g-biocop\/","og_locale":"es_ES","og_type":"article","og_title":"Az\u00facar moreno con melaza 500g - Biocop - Na Lifenatura ao Melhor Pre\u00e7o | Envio 48h","og_description":"Compre Az\u00facar moreno con melaza 500g - Biocop com envio r\u00e1pido. Entrega em 48h e portes gr\u00e1tis em compras >35\u20ac. Aproveite j\u00e1 na Lifenatura","og_url":"https:\/\/www.lifenatura.com\/es\/produto\/azucar-moreno-con-melaza-500g-biocop\/","og_site_name":"Lifenatura","article_publisher":"https:\/\/www.facebook.com\/lifenatura","article_modified_time":"2024-10-07T17:26:53+00:00","og_image":[{"width":1000,"height":1000,"url":"https:\/\/www.lifenatura.com\/wp-content\/uploads\/2024\/06\/acucar-mascavado-500g-biocop.jpg","type":"image\/jpeg"}],"twitter_card":"summary_large_image","twitter_misc":{"Precio":"4,49&nbsp;&euro;","Disponibilidad":"Disponible"},"schema":{"@context":"https:\/\/schema.org","@graph":[{"@type":"WebPage","@id":"https:\/\/www.lifenatura.com\/es\/produto\/azucar-moreno-con-melaza-500g-biocop\/","url":"https:\/\/www.lifenatura.com\/es\/produto\/azucar-moreno-con-melaza-500g-biocop\/","name":"Az\u00facar moreno con melaza 500g - Biocop - Na Lifenatura ao Melhor Pre\u00e7o | Envio em 48h","isPartOf":{"@id":"https:\/\/www.lifenatura.com\/es\/#website"},"primaryImageOfPage":{"@id":"https:\/\/www.lifenatura.com\/es\/produto\/azucar-moreno-con-melaza-500g-biocop\/#primaryimage"},"image":{"@id":"https:\/\/www.lifenatura.com\/es\/produto\/azucar-moreno-con-melaza-500g-biocop\/#primaryimage"},"thumbnailUrl":"https:\/\/www.lifenatura.com\/wp-content\/uploads\/2024\/06\/acucar-mascavado-500g-biocop.jpg","datePublished":"2024-06-27T22:01:02+00:00","dateModified":"2024-10-07T17:26:53+00:00","description":"El az\u00facar moreno integral de ca\u00f1a Biocop es la opci\u00f3n ideal para quienes desean una alternativa m\u00e1s nutritiva y sabrosa al az\u00facar refinado.","breadcrumb":{"@id":"https:\/\/www.lifenatura.com\/es\/produto\/azucar-moreno-con-melaza-500g-biocop\/#breadcrumb"},"inLanguage":"es","potentialAction":[{"@type":"ReadAction","target":["https:\/\/www.lifenatura.com\/es\/produto\/azucar-moreno-con-melaza-500g-biocop\/"]}]},{"@type":"ImageObject","inLanguage":"es","@id":"https:\/\/www.lifenatura.com\/es\/produto\/azucar-moreno-con-melaza-500g-biocop\/#primaryimage","url":"https:\/\/www.lifenatura.com\/wp-content\/uploads\/2024\/06\/acucar-mascavado-500g-biocop.jpg","contentUrl":"https:\/\/www.lifenatura.com\/wp-content\/uploads\/2024\/06\/acucar-mascavado-500g-biocop.jpg","width":1000,"height":1000,"caption":"Az\u00facar moreno con melaza Biocop"},{"@type":"BreadcrumbList","@id":"https:\/\/www.lifenatura.com\/es\/produto\/azucar-moreno-con-melaza-500g-biocop\/#breadcrumb","itemListElement":[{"@type":"ListItem","position":1,"name":"In\u00edcio","item":"https:\/\/www.lifenatura.com\/es\/"},{"@type":"ListItem","position":2,"name":"Todos los Productos","item":"https:\/\/www.lifenatura.com\/es\/tienda\/"},{"@type":"ListItem","position":3,"name":"Az\u00facar moreno con melaza 500g &#8211; Biocop"}]},{"@type":"WebSite","@id":"https:\/\/www.lifenatura.com\/es\/#website","url":"https:\/\/www.lifenatura.com\/es\/","name":"Lifenatura","description":"A Lifenatura \u00e9 uma loja de produtos naturais, cosm\u00e9tica natural e alimenta\u00e7\u00e3o Biol\u00f3gica.","publisher":{"@id":"https:\/\/www.lifenatura.com\/es\/#organization"},"potentialAction":[{"@type":"SearchAction","target":{"@type":"EntryPoint","urlTemplate":"https:\/\/www.lifenatura.com\/es\/?s={search_term_string}"},"query-input":{"@type":"PropertyValueSpecification","valueRequired":true,"valueName":"search_term_string"}}],"inLanguage":"es"},{"@type":"Organization","@id":"https:\/\/www.lifenatura.com\/es\/#organization","name":"Lifenatura","url":"https:\/\/www.lifenatura.com\/es\/","logo":{"@type":"ImageObject","inLanguage":"es","@id":"https:\/\/www.lifenatura.com\/es\/#\/schema\/logo\/image\/","url":"https:\/\/www.lifenatura.com\/wp-content\/uploads\/2021\/07\/logo.png","contentUrl":"https:\/\/www.lifenatura.com\/wp-content\/uploads\/2021\/07\/logo.png","width":175,"height":55,"caption":"Lifenatura"},"image":{"@id":"https:\/\/www.lifenatura.com\/es\/#\/schema\/logo\/image\/"},"sameAs":["https:\/\/www.facebook.com\/lifenatura","https:\/\/www.instagram.com\/lifenaturapt\/"],"hasMerchantReturnPolicy":{"@type":"MerchantReturnPolicy","merchantReturnLink":"https:\/\/www.lifenatura.com\/termos-condicoes-lifenatura\/"}}]},"product_price_amount":"4.49","product_price_currency":"EUR","og_availability":"instock","product_availability":"instock","product_retailer_item_id":"8423903067154","product_condition":"new"},"df_price":4.49,"df_sale_price":"","df_regular_price":4.49,"df_image_link":"https:\/\/www.lifenatura.com\/wp-content\/uploads\/2024\/06\/acucar-mascavado-500g-biocop-300x300.jpg","_links":{"self":[{"href":"https:\/\/www.lifenatura.com\/es\/wp-json\/wp\/v2\/product\/94124","targetHints":{"allow":["GET"]}}],"collection":[{"href":"https:\/\/www.lifenatura.com\/es\/wp-json\/wp\/v2\/product"}],"about":[{"href":"https:\/\/www.lifenatura.com\/es\/wp-json\/wp\/v2\/types\/product"}],"wp:featuredmedia":[{"embeddable":true,"href":"https:\/\/www.lifenatura.com\/es\/wp-json\/wp\/v2\/media\/94113"}],"wp:attachment":[{"href":"https:\/\/www.lifenatura.com\/es\/wp-json\/wp\/v2\/media?parent=94124"}],"wp:term":[{"taxonomy":"product_brand","embeddable":true,"href":"https:\/\/www.lifenatura.com\/es\/wp-json\/wp\/v2\/product_brand?post=94124"},{"taxonomy":"product_cat","embeddable":true,"href":"https:\/\/www.lifenatura.com\/es\/wp-json\/wp\/v2\/product_cat?post=94124"},{"taxonomy":"product_tag","embeddable":true,"href":"https:\/\/www.lifenatura.com\/es\/wp-json\/wp\/v2\/product_tag?post=94124"}],"curies":[{"name":"wp","href":"https:\/\/api.w.org\/{rel}","templated":true}]}}