{"id":94123,"date":"2024-06-27T21:42:03","date_gmt":"2024-06-27T21:42:03","guid":{"rendered":"https:\/\/www.lifenatura.com\/produto\/azucar-de-coco-300g-naturgreen\/"},"modified":"2024-06-27T22:41:10","modified_gmt":"2024-06-27T22:41:10","slug":"azucar-de-coco-300g-naturgreen","status":"publish","type":"product","link":"https:\/\/www.lifenatura.com\/es\/produto\/azucar-de-coco-300g-naturgreen\/","title":{"rendered":"Az\u00facar de Coco 300g &#8211; NaturGreen"},"content":{"rendered":"<h2 style=\"text-align: left;\"><strong>Az\u00facar de coco el edulcorante naturalmente ecol\u00f3gico<\/strong><\/h2>\n<p>&nbsp;<\/p>\n<p>El Az\u00facar de Coco NaturGreen 300 g es una alternativa natural y saludable al az\u00facar refinado, extra\u00eddo de las flores de la palmera cocotera. Con su sabor suave y ligeramente caramelizado, este az\u00facar es perfecto para endulzar bebidas, postres, cereales y otras recetas, sin comprometer tu salud.<\/p>\n<p>Rico en nutrientes esenciales como potasio, magnesio, zinc y hierro, el Az\u00facar de Coco NaturGreen ofrece un \u00edndice gluc\u00e9mico m\u00e1s bajo que el az\u00facar com\u00fan, lo que lo convierte en una opci\u00f3n excelente para quienes desean mantener una dieta equilibrada y sana.<\/p>\n<p><strong>Principales ventajas:<\/strong><\/p>\n<ul>\n<li><strong>Bajo \u00edndice gluc\u00e9mico:<\/strong> Ayuda a mantener m\u00e1s estables los niveles de az\u00facar en sangre, por lo que es una opci\u00f3n m\u00e1s saludable para endulzar los alimentos.<\/li>\n<li><strong>Rico en nutrientes:<\/strong> Contiene minerales esenciales como potasio, magnesio, zinc y hierro, que contribuyen a una dieta equilibrada y nutritiva.<\/li>\n<li><strong>Sabor suave y caramelizado:<\/strong> Proporciona un sabor delicado que realza el gusto de diversas recetas, sin ser excesivamente dulce.<\/li>\n<li><strong>Alternativa natural al az\u00facar refinado:<\/strong> Ideal para sustituir al az\u00facar blanco en cualquier receta, fomentando un estilo de vida m\u00e1s sano.<\/li>\n<\/ul>\n<p>El Az\u00facar de Coco NaturGreen 300 g es la opci\u00f3n ideal para quienes desean una alternativa m\u00e1s nutritiva y saludable al az\u00facar refinado. \u00a1Incorpora este az\u00facar a tu rutina diaria y disfruta del delicioso sabor y los beneficios de un edulcorante natural!<\/p>\n<p><strong>PRESENTACI\u00d3N<\/strong><\/p>\n<p>300g<\/p>\n<p>&nbsp;<\/p>\n","protected":false},"excerpt":{"rendered":"<p>El Az\u00facar de Coco NaturGreen 300 g es la opci\u00f3n ideal para quienes desean una alternativa m\u00e1s nutritiva y saludable al az\u00facar refinado. [&#8230;]<\/p>\n<p><a class=\"btn btn-secondary understrap-read-more-link\" href=\"https:\/\/www.lifenatura.com\/es\/produto\/azucar-de-coco-300g-naturgreen\/\">Leer m\u00e1s&#8230;<span class=\"screen-reader-text\"> from Az\u00facar de Coco 300g &#8211; NaturGreen<\/span><\/a><\/p>\n","protected":false},"featured_media":94109,"template":"","meta":{"_acf_changed":false},"product_brand":[8344],"product_cat":[7064,7289,7074],"product_tag":[],"class_list":{"0":"post-94123","1":"product","2":"type-product","3":"status-publish","4":"has-post-thumbnail","6":"product_brand-naturgreen-es","7":"product_cat-alimentacion-sana","8":"product_cat-azucar-edulcorantes","9":"product_cat-productos-alimenticios","10":"pa_caracteristicas-biologico","11":"pa_caracteristicas-sin-gluten","12":"pa_caracteristicas-vegano","14":"first","15":"instock","16":"shipping-taxable","17":"purchasable","18":"product-type-simple","19":"add-to-wishlist-before_image"},"acf":[],"yoast_head":"<!-- This site is optimized with the Yoast SEO Premium plugin v27.1 (Yoast SEO v27.5) - https:\/\/yoast.com\/product\/yoast-seo-premium-wordpress\/ -->\n<title>Az\u00facar de Coco 300g - NaturGreen - Na Lifenatura ao Melhor Pre\u00e7o | Envio em 48h<\/title>\n<meta name=\"description\" content=\"El Az\u00facar de Coco NaturGreen 300 g es la opci\u00f3n ideal para quienes desean una alternativa m\u00e1s nutritiva y saludable al az\u00facar refinado.\" \/>\n<meta name=\"robots\" content=\"index, follow, max-snippet:-1, max-image-preview:large, max-video-preview:-1\" \/>\n<link rel=\"canonical\" href=\"https:\/\/www.lifenatura.com\/es\/produto\/azucar-de-coco-300g-naturgreen\/\" \/>\n<meta property=\"og:locale\" content=\"es_ES\" \/>\n<meta property=\"og:type\" content=\"article\" \/>\n<meta property=\"og:title\" content=\"Az\u00facar de Coco 300g - NaturGreen - Na Lifenatura ao Melhor Pre\u00e7o | Envio 48h\" \/>\n<meta property=\"og:description\" content=\"Compre Az\u00facar de Coco 300g - NaturGreen com envio r\u00e1pido. Entrega em 48h e portes gr\u00e1tis em compras &gt;35\u20ac. Aproveite j\u00e1 na Lifenatura\" \/>\n<meta property=\"og:url\" content=\"https:\/\/www.lifenatura.com\/es\/produto\/azucar-de-coco-300g-naturgreen\/\" \/>\n<meta property=\"og:site_name\" content=\"Lifenatura\" \/>\n<meta property=\"article:publisher\" content=\"https:\/\/www.facebook.com\/lifenatura\" \/>\n<meta property=\"article:modified_time\" content=\"2024-06-27T22:41:10+00:00\" \/>\n<meta property=\"og:image\" content=\"https:\/\/www.lifenatura.com\/wp-content\/uploads\/2024\/06\/acucar-coco-naturgreen.jpg\" \/>\n\t<meta property=\"og:image:width\" content=\"1000\" \/>\n\t<meta property=\"og:image:height\" content=\"1000\" \/>\n\t<meta property=\"og:image:type\" content=\"image\/jpeg\" \/>\n<meta name=\"twitter:card\" content=\"summary_large_image\" \/>\n<meta name=\"twitter:label1\" content=\"Precio\" \/>\n\t<meta name=\"twitter:data1\" content=\"5,95&nbsp;&euro;\" \/>\n\t<meta name=\"twitter:label2\" content=\"Disponibilidad\" \/>\n\t<meta name=\"twitter:data2\" content=\"Disponible\" \/>\n<script type=\"application\/ld+json\" class=\"yoast-schema-graph\">{\"@context\":\"https:\\\/\\\/schema.org\",\"@graph\":[{\"@type\":\"WebPage\",\"@id\":\"https:\\\/\\\/www.lifenatura.com\\\/es\\\/produto\\\/azucar-de-coco-300g-naturgreen\\\/\",\"url\":\"https:\\\/\\\/www.lifenatura.com\\\/es\\\/produto\\\/azucar-de-coco-300g-naturgreen\\\/\",\"name\":\"Az\u00facar de Coco 300g - NaturGreen - Na Lifenatura ao Melhor Pre\u00e7o | Envio em 48h\",\"isPartOf\":{\"@id\":\"https:\\\/\\\/www.lifenatura.com\\\/es\\\/#website\"},\"primaryImageOfPage\":{\"@id\":\"https:\\\/\\\/www.lifenatura.com\\\/es\\\/produto\\\/azucar-de-coco-300g-naturgreen\\\/#primaryimage\"},\"image\":{\"@id\":\"https:\\\/\\\/www.lifenatura.com\\\/es\\\/produto\\\/azucar-de-coco-300g-naturgreen\\\/#primaryimage\"},\"thumbnailUrl\":\"https:\\\/\\\/www.lifenatura.com\\\/wp-content\\\/uploads\\\/2024\\\/06\\\/acucar-coco-naturgreen.jpg\",\"datePublished\":\"2024-06-27T21:42:03+00:00\",\"dateModified\":\"2024-06-27T22:41:10+00:00\",\"description\":\"El Az\u00facar de Coco NaturGreen 300 g es la opci\u00f3n ideal para quienes desean una alternativa m\u00e1s nutritiva y saludable al az\u00facar refinado.\",\"breadcrumb\":{\"@id\":\"https:\\\/\\\/www.lifenatura.com\\\/es\\\/produto\\\/azucar-de-coco-300g-naturgreen\\\/#breadcrumb\"},\"inLanguage\":\"es\",\"potentialAction\":[{\"@type\":\"ReadAction\",\"target\":[\"https:\\\/\\\/www.lifenatura.com\\\/es\\\/produto\\\/azucar-de-coco-300g-naturgreen\\\/\"]}]},{\"@type\":\"ImageObject\",\"inLanguage\":\"es\",\"@id\":\"https:\\\/\\\/www.lifenatura.com\\\/es\\\/produto\\\/azucar-de-coco-300g-naturgreen\\\/#primaryimage\",\"url\":\"https:\\\/\\\/www.lifenatura.com\\\/wp-content\\\/uploads\\\/2024\\\/06\\\/acucar-coco-naturgreen.jpg\",\"contentUrl\":\"https:\\\/\\\/www.lifenatura.com\\\/wp-content\\\/uploads\\\/2024\\\/06\\\/acucar-coco-naturgreen.jpg\",\"width\":1000,\"height\":1000,\"caption\":\"az\u00facar de coco naturgreen\"},{\"@type\":\"BreadcrumbList\",\"@id\":\"https:\\\/\\\/www.lifenatura.com\\\/es\\\/produto\\\/azucar-de-coco-300g-naturgreen\\\/#breadcrumb\",\"itemListElement\":[{\"@type\":\"ListItem\",\"position\":1,\"name\":\"In\u00edcio\",\"item\":\"https:\\\/\\\/www.lifenatura.com\\\/es\\\/\"},{\"@type\":\"ListItem\",\"position\":2,\"name\":\"Todos los Productos\",\"item\":\"https:\\\/\\\/www.lifenatura.com\\\/es\\\/tienda\\\/\"},{\"@type\":\"ListItem\",\"position\":3,\"name\":\"Az\u00facar de Coco 300g &#8211; NaturGreen\"}]},{\"@type\":\"WebSite\",\"@id\":\"https:\\\/\\\/www.lifenatura.com\\\/es\\\/#website\",\"url\":\"https:\\\/\\\/www.lifenatura.com\\\/es\\\/\",\"name\":\"Lifenatura\",\"description\":\"A Lifenatura \u00e9 uma loja de produtos naturais, cosm\u00e9tica natural e alimenta\u00e7\u00e3o Biol\u00f3gica.\",\"publisher\":{\"@id\":\"https:\\\/\\\/www.lifenatura.com\\\/es\\\/#organization\"},\"potentialAction\":[{\"@type\":\"SearchAction\",\"target\":{\"@type\":\"EntryPoint\",\"urlTemplate\":\"https:\\\/\\\/www.lifenatura.com\\\/es\\\/?s={search_term_string}\"},\"query-input\":{\"@type\":\"PropertyValueSpecification\",\"valueRequired\":true,\"valueName\":\"search_term_string\"}}],\"inLanguage\":\"es\"},{\"@type\":\"Organization\",\"@id\":\"https:\\\/\\\/www.lifenatura.com\\\/es\\\/#organization\",\"name\":\"Lifenatura\",\"url\":\"https:\\\/\\\/www.lifenatura.com\\\/es\\\/\",\"logo\":{\"@type\":\"ImageObject\",\"inLanguage\":\"es\",\"@id\":\"https:\\\/\\\/www.lifenatura.com\\\/es\\\/#\\\/schema\\\/logo\\\/image\\\/\",\"url\":\"https:\\\/\\\/www.lifenatura.com\\\/wp-content\\\/uploads\\\/2021\\\/07\\\/logo.png\",\"contentUrl\":\"https:\\\/\\\/www.lifenatura.com\\\/wp-content\\\/uploads\\\/2021\\\/07\\\/logo.png\",\"width\":175,\"height\":55,\"caption\":\"Lifenatura\"},\"image\":{\"@id\":\"https:\\\/\\\/www.lifenatura.com\\\/es\\\/#\\\/schema\\\/logo\\\/image\\\/\"},\"sameAs\":[\"https:\\\/\\\/www.facebook.com\\\/lifenatura\",\"https:\\\/\\\/www.instagram.com\\\/lifenaturapt\\\/\"],\"hasMerchantReturnPolicy\":{\"@type\":\"MerchantReturnPolicy\",\"merchantReturnLink\":\"https:\\\/\\\/www.lifenatura.com\\\/termos-condicoes-lifenatura\\\/\"}}]}<\/script>\n<meta property=\"product:price:amount\" content=\"5.95\" \/>\n<meta property=\"product:price:currency\" content=\"EUR\" \/>\n<meta property=\"og:availability\" content=\"instock\" \/>\n<meta property=\"product:availability\" content=\"instock\" \/>\n<meta property=\"product:retailer_item_id\" content=\"8436542192569\" \/>\n<meta property=\"product:condition\" content=\"new\" \/>\n<!-- \/ Yoast SEO Premium plugin. -->","yoast_head_json":{"title":"Az\u00facar de Coco 300g - NaturGreen - Na Lifenatura ao Melhor Pre\u00e7o | Envio em 48h","description":"El Az\u00facar de Coco NaturGreen 300 g es la opci\u00f3n ideal para quienes desean una alternativa m\u00e1s nutritiva y saludable al az\u00facar refinado.","robots":{"index":"index","follow":"follow","max-snippet":"max-snippet:-1","max-image-preview":"max-image-preview:large","max-video-preview":"max-video-preview:-1"},"canonical":"https:\/\/www.lifenatura.com\/es\/produto\/azucar-de-coco-300g-naturgreen\/","og_locale":"es_ES","og_type":"article","og_title":"Az\u00facar de Coco 300g - NaturGreen - Na Lifenatura ao Melhor Pre\u00e7o | Envio 48h","og_description":"Compre Az\u00facar de Coco 300g - NaturGreen com envio r\u00e1pido. Entrega em 48h e portes gr\u00e1tis em compras >35\u20ac. Aproveite j\u00e1 na Lifenatura","og_url":"https:\/\/www.lifenatura.com\/es\/produto\/azucar-de-coco-300g-naturgreen\/","og_site_name":"Lifenatura","article_publisher":"https:\/\/www.facebook.com\/lifenatura","article_modified_time":"2024-06-27T22:41:10+00:00","og_image":[{"width":1000,"height":1000,"url":"https:\/\/www.lifenatura.com\/wp-content\/uploads\/2024\/06\/acucar-coco-naturgreen.jpg","type":"image\/jpeg"}],"twitter_card":"summary_large_image","twitter_misc":{"Precio":"5,95&nbsp;&euro;","Disponibilidad":"Disponible"},"schema":{"@context":"https:\/\/schema.org","@graph":[{"@type":"WebPage","@id":"https:\/\/www.lifenatura.com\/es\/produto\/azucar-de-coco-300g-naturgreen\/","url":"https:\/\/www.lifenatura.com\/es\/produto\/azucar-de-coco-300g-naturgreen\/","name":"Az\u00facar de Coco 300g - NaturGreen - Na Lifenatura ao Melhor Pre\u00e7o | Envio em 48h","isPartOf":{"@id":"https:\/\/www.lifenatura.com\/es\/#website"},"primaryImageOfPage":{"@id":"https:\/\/www.lifenatura.com\/es\/produto\/azucar-de-coco-300g-naturgreen\/#primaryimage"},"image":{"@id":"https:\/\/www.lifenatura.com\/es\/produto\/azucar-de-coco-300g-naturgreen\/#primaryimage"},"thumbnailUrl":"https:\/\/www.lifenatura.com\/wp-content\/uploads\/2024\/06\/acucar-coco-naturgreen.jpg","datePublished":"2024-06-27T21:42:03+00:00","dateModified":"2024-06-27T22:41:10+00:00","description":"El Az\u00facar de Coco NaturGreen 300 g es la opci\u00f3n ideal para quienes desean una alternativa m\u00e1s nutritiva y saludable al az\u00facar refinado.","breadcrumb":{"@id":"https:\/\/www.lifenatura.com\/es\/produto\/azucar-de-coco-300g-naturgreen\/#breadcrumb"},"inLanguage":"es","potentialAction":[{"@type":"ReadAction","target":["https:\/\/www.lifenatura.com\/es\/produto\/azucar-de-coco-300g-naturgreen\/"]}]},{"@type":"ImageObject","inLanguage":"es","@id":"https:\/\/www.lifenatura.com\/es\/produto\/azucar-de-coco-300g-naturgreen\/#primaryimage","url":"https:\/\/www.lifenatura.com\/wp-content\/uploads\/2024\/06\/acucar-coco-naturgreen.jpg","contentUrl":"https:\/\/www.lifenatura.com\/wp-content\/uploads\/2024\/06\/acucar-coco-naturgreen.jpg","width":1000,"height":1000,"caption":"az\u00facar de coco naturgreen"},{"@type":"BreadcrumbList","@id":"https:\/\/www.lifenatura.com\/es\/produto\/azucar-de-coco-300g-naturgreen\/#breadcrumb","itemListElement":[{"@type":"ListItem","position":1,"name":"In\u00edcio","item":"https:\/\/www.lifenatura.com\/es\/"},{"@type":"ListItem","position":2,"name":"Todos los Productos","item":"https:\/\/www.lifenatura.com\/es\/tienda\/"},{"@type":"ListItem","position":3,"name":"Az\u00facar de Coco 300g &#8211; NaturGreen"}]},{"@type":"WebSite","@id":"https:\/\/www.lifenatura.com\/es\/#website","url":"https:\/\/www.lifenatura.com\/es\/","name":"Lifenatura","description":"A Lifenatura \u00e9 uma loja de produtos naturais, cosm\u00e9tica natural e alimenta\u00e7\u00e3o Biol\u00f3gica.","publisher":{"@id":"https:\/\/www.lifenatura.com\/es\/#organization"},"potentialAction":[{"@type":"SearchAction","target":{"@type":"EntryPoint","urlTemplate":"https:\/\/www.lifenatura.com\/es\/?s={search_term_string}"},"query-input":{"@type":"PropertyValueSpecification","valueRequired":true,"valueName":"search_term_string"}}],"inLanguage":"es"},{"@type":"Organization","@id":"https:\/\/www.lifenatura.com\/es\/#organization","name":"Lifenatura","url":"https:\/\/www.lifenatura.com\/es\/","logo":{"@type":"ImageObject","inLanguage":"es","@id":"https:\/\/www.lifenatura.com\/es\/#\/schema\/logo\/image\/","url":"https:\/\/www.lifenatura.com\/wp-content\/uploads\/2021\/07\/logo.png","contentUrl":"https:\/\/www.lifenatura.com\/wp-content\/uploads\/2021\/07\/logo.png","width":175,"height":55,"caption":"Lifenatura"},"image":{"@id":"https:\/\/www.lifenatura.com\/es\/#\/schema\/logo\/image\/"},"sameAs":["https:\/\/www.facebook.com\/lifenatura","https:\/\/www.instagram.com\/lifenaturapt\/"],"hasMerchantReturnPolicy":{"@type":"MerchantReturnPolicy","merchantReturnLink":"https:\/\/www.lifenatura.com\/termos-condicoes-lifenatura\/"}}]},"product_price_amount":"5.95","product_price_currency":"EUR","og_availability":"instock","product_availability":"instock","product_retailer_item_id":"8436542192569","product_condition":"new"},"df_price":5.95,"df_sale_price":"","df_regular_price":5.95,"df_image_link":"https:\/\/www.lifenatura.com\/wp-content\/uploads\/2024\/06\/acucar-coco-naturgreen-300x300.jpg","_links":{"self":[{"href":"https:\/\/www.lifenatura.com\/es\/wp-json\/wp\/v2\/product\/94123","targetHints":{"allow":["GET"]}}],"collection":[{"href":"https:\/\/www.lifenatura.com\/es\/wp-json\/wp\/v2\/product"}],"about":[{"href":"https:\/\/www.lifenatura.com\/es\/wp-json\/wp\/v2\/types\/product"}],"wp:featuredmedia":[{"embeddable":true,"href":"https:\/\/www.lifenatura.com\/es\/wp-json\/wp\/v2\/media\/94109"}],"wp:attachment":[{"href":"https:\/\/www.lifenatura.com\/es\/wp-json\/wp\/v2\/media?parent=94123"}],"wp:term":[{"taxonomy":"product_brand","embeddable":true,"href":"https:\/\/www.lifenatura.com\/es\/wp-json\/wp\/v2\/product_brand?post=94123"},{"taxonomy":"product_cat","embeddable":true,"href":"https:\/\/www.lifenatura.com\/es\/wp-json\/wp\/v2\/product_cat?post=94123"},{"taxonomy":"product_tag","embeddable":true,"href":"https:\/\/www.lifenatura.com\/es\/wp-json\/wp\/v2\/product_tag?post=94123"}],"curies":[{"name":"wp","href":"https:\/\/api.w.org\/{rel}","templated":true}]}}