{"id":93946,"date":"2024-05-16T15:49:40","date_gmt":"2024-05-16T15:49:40","guid":{"rendered":"https:\/\/www.lifenatura.com\/produto\/aceite-esencial-de-romero-ct-cineol-bio-10ml-physalis\/"},"modified":"2024-06-25T14:20:12","modified_gmt":"2024-06-25T14:20:12","slug":"aceite-esencial-de-romero-ct-cineol-bio-10ml-physalis","status":"publish","type":"product","link":"https:\/\/www.lifenatura.com\/es\/produto\/aceite-esencial-de-romero-ct-cineol-bio-10ml-physalis\/","title":{"rendered":"Aceite esencial de romero Ct. Cineol Bio 10ml &#8211; Physalis"},"content":{"rendered":"<h2 style=\"text-align: left;\">Aceite esencial de romero Ct. El cineol estimula la memoria<\/h2>\n<p>&nbsp;<\/p>\n<p>Aceite esencial de romero Ct. El cineol es un producto natural puro extra\u00eddo de las hojas y flores del romero (Rosmarinus officinalis) mediante un proceso de destilaci\u00f3n al vapor. Conocido por su aroma fresco y estimulante, es especialmente apreciado por su alta concentraci\u00f3n de cineol, un compuesto activo con potentes propiedades terap\u00e9uticas. Este aceite esencial estimula la memoria, favorece la concentraci\u00f3n, aplicado en masaje favorece la circulaci\u00f3n sangu\u00ednea y tonifica los m\u00fasculos doloridos (es necesario diluirlo en un portador neutro).<\/p>\n<p>Ideal para su uso en difusores, masajes y cuidado personal, ofrece una serie de beneficios para la salud f\u00edsica y emocional. Physalis garantiza la m\u00e1xima calidad y pureza en cada frasco, proporcionando un producto eficaz y seguro para diversas aplicaciones.<\/p>\n<p><strong>Sus principales ventajas:<\/strong><\/p>\n<ul>\n<li><strong>Favorece el sistema respiratorio<\/strong>: tiene propiedades expectorantes y descongestionantes, ayudando a aliviar problemas respiratorios como la tos, la bronquitis y la sinusitis, favoreciendo una respiraci\u00f3n m\u00e1s f\u00e1cil y c\u00f3moda.<\/li>\n<li><strong>Estimula la circulaci\u00f3n sangu\u00ednea<\/strong>: ayuda a mejorar la circulaci\u00f3n sangu\u00ednea, contribuyendo a la oxigenaci\u00f3n de los tejidos y a la salud cardiovascular.<\/li>\n<li><strong>Propiedades analg\u00e9sicas y antiinflamatorias<\/strong>: eficaz para reducir el dolor muscular y articular, as\u00ed como para reducir la inflamaci\u00f3n, por lo que es ideal para masajes terap\u00e9uticos.<\/li>\n<li><strong>Aumento de la Concentraci\u00f3n y el Enfoque Mental<\/strong>: el aroma fresco y estimulante ayuda a mejorar la concentraci\u00f3n, el enfoque y la claridad mental, por lo que es ideal para los momentos de estudio o trabajo.<\/li>\n<li><strong>Propiedades antis\u00e9pticas y antibacterianas<\/strong>: tiene propiedades que ayudan a desinfectar y proteger la piel contra las infecciones, y es \u00fatil para curar peque\u00f1as heridas y cortes.<\/li>\n<li><strong>Revitalizante y energizante<\/strong>: es conocido por sus propiedades energizantes, que ayudan a combatir la fatiga y favorecen la sensaci\u00f3n de vitalidad y bienestar.<\/li>\n<\/ul>\n<p><strong>PRESENTACI\u00d3N<\/strong><\/p>\n<p>10 ml<\/p>\n<p>&nbsp;<\/p>\n","protected":false},"excerpt":{"rendered":"<p>Aceite esencial de romero Ct. Cineol de Physalis, estimula la memoria, favorece la concentraci\u00f3n, tiene propiedades expectorantes y descongestionantes. [&#8230;]<\/p>\n<p><a class=\"btn btn-secondary understrap-read-more-link\" href=\"https:\/\/www.lifenatura.com\/es\/produto\/aceite-esencial-de-romero-ct-cineol-bio-10ml-physalis\/\">Leer m\u00e1s&#8230;<span class=\"screen-reader-text\"> from Aceite esencial de romero Ct. Cineol Bio 10ml &#8211; Physalis<\/span><\/a><\/p>\n","protected":false},"featured_media":93626,"template":"","meta":{"_acf_changed":false},"product_brand":[8318],"product_cat":[7201,7221,7223],"product_tag":[],"class_list":{"0":"post-93946","1":"product","2":"type-product","3":"status-publish","4":"has-post-thumbnail","6":"product_brand-physalis-es","7":"product_cat-aromaterapia-salud","8":"product_cat-sistema-circulatorio","9":"product_cat-concentracion-memoria-salud","10":"pa_caracteristicas-biologico","12":"first","13":"instock","14":"shipping-taxable","15":"purchasable","16":"product-type-simple","17":"add-to-wishlist-before_image"},"acf":[],"yoast_head":"<!-- This site is optimized with the Yoast SEO Premium plugin v27.1 (Yoast SEO v27.5) - https:\/\/yoast.com\/product\/yoast-seo-premium-wordpress\/ -->\n<title>Aceite esencial de romero Ct. Cineol Bio 10ml - Physalis - Na Lifenatura ao Melhor Pre\u00e7o | Envio em 48h<\/title>\n<meta name=\"description\" content=\"Aceite esencial de romero Ct. Cineol de Physalis, estimula la memoria, favorece la concentraci\u00f3n, tiene propiedades expectorantes y descongestionantes.\" \/>\n<meta name=\"robots\" content=\"index, follow, max-snippet:-1, max-image-preview:large, max-video-preview:-1\" \/>\n<link rel=\"canonical\" href=\"https:\/\/www.lifenatura.com\/es\/produto\/aceite-esencial-de-romero-ct-cineol-bio-10ml-physalis\/\" \/>\n<meta property=\"og:locale\" content=\"es_ES\" \/>\n<meta property=\"og:type\" content=\"article\" \/>\n<meta property=\"og:title\" content=\"Aceite esencial de romero Ct. Cineol Bio 10ml - Physalis - Na Lifenatura ao Melhor Pre\u00e7o | Envio 48h\" \/>\n<meta property=\"og:description\" content=\"Compre Aceite esencial de romero Ct. Cineol Bio 10ml - Physalis com envio r\u00e1pido. Entrega em 48h e portes gr\u00e1tis em compras &gt;35\u20ac. Aproveite j\u00e1 na Lifenatura\" \/>\n<meta property=\"og:url\" content=\"https:\/\/www.lifenatura.com\/es\/produto\/aceite-esencial-de-romero-ct-cineol-bio-10ml-physalis\/\" \/>\n<meta property=\"og:site_name\" content=\"Lifenatura\" \/>\n<meta property=\"article:publisher\" content=\"https:\/\/www.facebook.com\/lifenatura\" \/>\n<meta property=\"article:modified_time\" content=\"2024-06-25T14:20:12+00:00\" \/>\n<meta property=\"og:image\" content=\"https:\/\/www.lifenatura.com\/wp-content\/uploads\/2024\/05\/oleo-essencial-alecrim-ct-cineol-bio-physalis.jpg\" \/>\n\t<meta property=\"og:image:width\" content=\"1000\" \/>\n\t<meta property=\"og:image:height\" content=\"1000\" \/>\n\t<meta property=\"og:image:type\" content=\"image\/jpeg\" \/>\n<meta name=\"twitter:card\" content=\"summary_large_image\" \/>\n<meta name=\"twitter:label1\" content=\"Precio\" \/>\n\t<meta name=\"twitter:data1\" content=\"7,60&nbsp;&euro;\" \/>\n\t<meta name=\"twitter:label2\" content=\"Disponibilidad\" \/>\n\t<meta name=\"twitter:data2\" content=\"Disponible\" \/>\n<script type=\"application\/ld+json\" class=\"yoast-schema-graph\">{\"@context\":\"https:\\\/\\\/schema.org\",\"@graph\":[{\"@type\":\"WebPage\",\"@id\":\"https:\\\/\\\/www.lifenatura.com\\\/es\\\/produto\\\/aceite-esencial-de-romero-ct-cineol-bio-10ml-physalis\\\/\",\"url\":\"https:\\\/\\\/www.lifenatura.com\\\/es\\\/produto\\\/aceite-esencial-de-romero-ct-cineol-bio-10ml-physalis\\\/\",\"name\":\"Aceite esencial de romero Ct. Cineol Bio 10ml - Physalis - Na Lifenatura ao Melhor Pre\u00e7o | Envio em 48h\",\"isPartOf\":{\"@id\":\"https:\\\/\\\/www.lifenatura.com\\\/es\\\/#website\"},\"primaryImageOfPage\":{\"@id\":\"https:\\\/\\\/www.lifenatura.com\\\/es\\\/produto\\\/aceite-esencial-de-romero-ct-cineol-bio-10ml-physalis\\\/#primaryimage\"},\"image\":{\"@id\":\"https:\\\/\\\/www.lifenatura.com\\\/es\\\/produto\\\/aceite-esencial-de-romero-ct-cineol-bio-10ml-physalis\\\/#primaryimage\"},\"thumbnailUrl\":\"https:\\\/\\\/www.lifenatura.com\\\/wp-content\\\/uploads\\\/2024\\\/05\\\/oleo-essencial-alecrim-ct-cineol-bio-physalis.jpg\",\"datePublished\":\"2024-05-16T15:49:40+00:00\",\"dateModified\":\"2024-06-25T14:20:12+00:00\",\"description\":\"Aceite esencial de romero Ct. Cineol de Physalis, estimula la memoria, favorece la concentraci\u00f3n, tiene propiedades expectorantes y descongestionantes.\",\"breadcrumb\":{\"@id\":\"https:\\\/\\\/www.lifenatura.com\\\/es\\\/produto\\\/aceite-esencial-de-romero-ct-cineol-bio-10ml-physalis\\\/#breadcrumb\"},\"inLanguage\":\"es\",\"potentialAction\":[{\"@type\":\"ReadAction\",\"target\":[\"https:\\\/\\\/www.lifenatura.com\\\/es\\\/produto\\\/aceite-esencial-de-romero-ct-cineol-bio-10ml-physalis\\\/\"]}]},{\"@type\":\"ImageObject\",\"inLanguage\":\"es\",\"@id\":\"https:\\\/\\\/www.lifenatura.com\\\/es\\\/produto\\\/aceite-esencial-de-romero-ct-cineol-bio-10ml-physalis\\\/#primaryimage\",\"url\":\"https:\\\/\\\/www.lifenatura.com\\\/wp-content\\\/uploads\\\/2024\\\/05\\\/oleo-essencial-alecrim-ct-cineol-bio-physalis.jpg\",\"contentUrl\":\"https:\\\/\\\/www.lifenatura.com\\\/wp-content\\\/uploads\\\/2024\\\/05\\\/oleo-essencial-alecrim-ct-cineol-bio-physalis.jpg\",\"width\":1000,\"height\":1000,\"caption\":\"Aceite esencial de romero Ct. Cineol Bio 10ml - Physalis\"},{\"@type\":\"BreadcrumbList\",\"@id\":\"https:\\\/\\\/www.lifenatura.com\\\/es\\\/produto\\\/aceite-esencial-de-romero-ct-cineol-bio-10ml-physalis\\\/#breadcrumb\",\"itemListElement\":[{\"@type\":\"ListItem\",\"position\":1,\"name\":\"In\u00edcio\",\"item\":\"https:\\\/\\\/www.lifenatura.com\\\/es\\\/\"},{\"@type\":\"ListItem\",\"position\":2,\"name\":\"Todos los Productos\",\"item\":\"https:\\\/\\\/www.lifenatura.com\\\/es\\\/tienda\\\/\"},{\"@type\":\"ListItem\",\"position\":3,\"name\":\"Aceite esencial de romero Ct. Cineol Bio 10ml &#8211; Physalis\"}]},{\"@type\":\"WebSite\",\"@id\":\"https:\\\/\\\/www.lifenatura.com\\\/es\\\/#website\",\"url\":\"https:\\\/\\\/www.lifenatura.com\\\/es\\\/\",\"name\":\"Lifenatura\",\"description\":\"A Lifenatura \u00e9 uma loja de produtos naturais, cosm\u00e9tica natural e alimenta\u00e7\u00e3o Biol\u00f3gica.\",\"publisher\":{\"@id\":\"https:\\\/\\\/www.lifenatura.com\\\/es\\\/#organization\"},\"potentialAction\":[{\"@type\":\"SearchAction\",\"target\":{\"@type\":\"EntryPoint\",\"urlTemplate\":\"https:\\\/\\\/www.lifenatura.com\\\/es\\\/?s={search_term_string}\"},\"query-input\":{\"@type\":\"PropertyValueSpecification\",\"valueRequired\":true,\"valueName\":\"search_term_string\"}}],\"inLanguage\":\"es\"},{\"@type\":\"Organization\",\"@id\":\"https:\\\/\\\/www.lifenatura.com\\\/es\\\/#organization\",\"name\":\"Lifenatura\",\"url\":\"https:\\\/\\\/www.lifenatura.com\\\/es\\\/\",\"logo\":{\"@type\":\"ImageObject\",\"inLanguage\":\"es\",\"@id\":\"https:\\\/\\\/www.lifenatura.com\\\/es\\\/#\\\/schema\\\/logo\\\/image\\\/\",\"url\":\"https:\\\/\\\/www.lifenatura.com\\\/wp-content\\\/uploads\\\/2021\\\/07\\\/logo.png\",\"contentUrl\":\"https:\\\/\\\/www.lifenatura.com\\\/wp-content\\\/uploads\\\/2021\\\/07\\\/logo.png\",\"width\":175,\"height\":55,\"caption\":\"Lifenatura\"},\"image\":{\"@id\":\"https:\\\/\\\/www.lifenatura.com\\\/es\\\/#\\\/schema\\\/logo\\\/image\\\/\"},\"sameAs\":[\"https:\\\/\\\/www.facebook.com\\\/lifenatura\",\"https:\\\/\\\/www.instagram.com\\\/lifenaturapt\\\/\"],\"hasMerchantReturnPolicy\":{\"@type\":\"MerchantReturnPolicy\",\"merchantReturnLink\":\"https:\\\/\\\/www.lifenatura.com\\\/termos-condicoes-lifenatura\\\/\"}}]}<\/script>\n<meta property=\"product:price:amount\" content=\"7.60\" \/>\n<meta property=\"product:price:currency\" content=\"EUR\" \/>\n<meta property=\"og:availability\" content=\"instock\" \/>\n<meta property=\"product:availability\" content=\"instock\" \/>\n<meta property=\"product:retailer_item_id\" content=\"5412360004263\" \/>\n<meta property=\"product:condition\" content=\"new\" \/>\n<!-- \/ Yoast SEO Premium plugin. -->","yoast_head_json":{"title":"Aceite esencial de romero Ct. Cineol Bio 10ml - Physalis - Na Lifenatura ao Melhor Pre\u00e7o | Envio em 48h","description":"Aceite esencial de romero Ct. Cineol de Physalis, estimula la memoria, favorece la concentraci\u00f3n, tiene propiedades expectorantes y descongestionantes.","robots":{"index":"index","follow":"follow","max-snippet":"max-snippet:-1","max-image-preview":"max-image-preview:large","max-video-preview":"max-video-preview:-1"},"canonical":"https:\/\/www.lifenatura.com\/es\/produto\/aceite-esencial-de-romero-ct-cineol-bio-10ml-physalis\/","og_locale":"es_ES","og_type":"article","og_title":"Aceite esencial de romero Ct. Cineol Bio 10ml - Physalis - Na Lifenatura ao Melhor Pre\u00e7o | Envio 48h","og_description":"Compre Aceite esencial de romero Ct. Cineol Bio 10ml - Physalis com envio r\u00e1pido. Entrega em 48h e portes gr\u00e1tis em compras >35\u20ac. Aproveite j\u00e1 na Lifenatura","og_url":"https:\/\/www.lifenatura.com\/es\/produto\/aceite-esencial-de-romero-ct-cineol-bio-10ml-physalis\/","og_site_name":"Lifenatura","article_publisher":"https:\/\/www.facebook.com\/lifenatura","article_modified_time":"2024-06-25T14:20:12+00:00","og_image":[{"width":1000,"height":1000,"url":"https:\/\/www.lifenatura.com\/wp-content\/uploads\/2024\/05\/oleo-essencial-alecrim-ct-cineol-bio-physalis.jpg","type":"image\/jpeg"}],"twitter_card":"summary_large_image","twitter_misc":{"Precio":"7,60&nbsp;&euro;","Disponibilidad":"Disponible"},"schema":{"@context":"https:\/\/schema.org","@graph":[{"@type":"WebPage","@id":"https:\/\/www.lifenatura.com\/es\/produto\/aceite-esencial-de-romero-ct-cineol-bio-10ml-physalis\/","url":"https:\/\/www.lifenatura.com\/es\/produto\/aceite-esencial-de-romero-ct-cineol-bio-10ml-physalis\/","name":"Aceite esencial de romero Ct. Cineol Bio 10ml - Physalis - Na Lifenatura ao Melhor Pre\u00e7o | Envio em 48h","isPartOf":{"@id":"https:\/\/www.lifenatura.com\/es\/#website"},"primaryImageOfPage":{"@id":"https:\/\/www.lifenatura.com\/es\/produto\/aceite-esencial-de-romero-ct-cineol-bio-10ml-physalis\/#primaryimage"},"image":{"@id":"https:\/\/www.lifenatura.com\/es\/produto\/aceite-esencial-de-romero-ct-cineol-bio-10ml-physalis\/#primaryimage"},"thumbnailUrl":"https:\/\/www.lifenatura.com\/wp-content\/uploads\/2024\/05\/oleo-essencial-alecrim-ct-cineol-bio-physalis.jpg","datePublished":"2024-05-16T15:49:40+00:00","dateModified":"2024-06-25T14:20:12+00:00","description":"Aceite esencial de romero Ct. Cineol de Physalis, estimula la memoria, favorece la concentraci\u00f3n, tiene propiedades expectorantes y descongestionantes.","breadcrumb":{"@id":"https:\/\/www.lifenatura.com\/es\/produto\/aceite-esencial-de-romero-ct-cineol-bio-10ml-physalis\/#breadcrumb"},"inLanguage":"es","potentialAction":[{"@type":"ReadAction","target":["https:\/\/www.lifenatura.com\/es\/produto\/aceite-esencial-de-romero-ct-cineol-bio-10ml-physalis\/"]}]},{"@type":"ImageObject","inLanguage":"es","@id":"https:\/\/www.lifenatura.com\/es\/produto\/aceite-esencial-de-romero-ct-cineol-bio-10ml-physalis\/#primaryimage","url":"https:\/\/www.lifenatura.com\/wp-content\/uploads\/2024\/05\/oleo-essencial-alecrim-ct-cineol-bio-physalis.jpg","contentUrl":"https:\/\/www.lifenatura.com\/wp-content\/uploads\/2024\/05\/oleo-essencial-alecrim-ct-cineol-bio-physalis.jpg","width":1000,"height":1000,"caption":"Aceite esencial de romero Ct. Cineol Bio 10ml - Physalis"},{"@type":"BreadcrumbList","@id":"https:\/\/www.lifenatura.com\/es\/produto\/aceite-esencial-de-romero-ct-cineol-bio-10ml-physalis\/#breadcrumb","itemListElement":[{"@type":"ListItem","position":1,"name":"In\u00edcio","item":"https:\/\/www.lifenatura.com\/es\/"},{"@type":"ListItem","position":2,"name":"Todos los Productos","item":"https:\/\/www.lifenatura.com\/es\/tienda\/"},{"@type":"ListItem","position":3,"name":"Aceite esencial de romero Ct. Cineol Bio 10ml &#8211; Physalis"}]},{"@type":"WebSite","@id":"https:\/\/www.lifenatura.com\/es\/#website","url":"https:\/\/www.lifenatura.com\/es\/","name":"Lifenatura","description":"A Lifenatura \u00e9 uma loja de produtos naturais, cosm\u00e9tica natural e alimenta\u00e7\u00e3o Biol\u00f3gica.","publisher":{"@id":"https:\/\/www.lifenatura.com\/es\/#organization"},"potentialAction":[{"@type":"SearchAction","target":{"@type":"EntryPoint","urlTemplate":"https:\/\/www.lifenatura.com\/es\/?s={search_term_string}"},"query-input":{"@type":"PropertyValueSpecification","valueRequired":true,"valueName":"search_term_string"}}],"inLanguage":"es"},{"@type":"Organization","@id":"https:\/\/www.lifenatura.com\/es\/#organization","name":"Lifenatura","url":"https:\/\/www.lifenatura.com\/es\/","logo":{"@type":"ImageObject","inLanguage":"es","@id":"https:\/\/www.lifenatura.com\/es\/#\/schema\/logo\/image\/","url":"https:\/\/www.lifenatura.com\/wp-content\/uploads\/2021\/07\/logo.png","contentUrl":"https:\/\/www.lifenatura.com\/wp-content\/uploads\/2021\/07\/logo.png","width":175,"height":55,"caption":"Lifenatura"},"image":{"@id":"https:\/\/www.lifenatura.com\/es\/#\/schema\/logo\/image\/"},"sameAs":["https:\/\/www.facebook.com\/lifenatura","https:\/\/www.instagram.com\/lifenaturapt\/"],"hasMerchantReturnPolicy":{"@type":"MerchantReturnPolicy","merchantReturnLink":"https:\/\/www.lifenatura.com\/termos-condicoes-lifenatura\/"}}]},"product_price_amount":"7.60","product_price_currency":"EUR","og_availability":"instock","product_availability":"instock","product_retailer_item_id":"5412360004263","product_condition":"new"},"df_price":7.6,"df_sale_price":"","df_regular_price":7.6,"df_image_link":"https:\/\/www.lifenatura.com\/wp-content\/uploads\/2024\/05\/oleo-essencial-alecrim-ct-cineol-bio-physalis-300x300.jpg","_links":{"self":[{"href":"https:\/\/www.lifenatura.com\/es\/wp-json\/wp\/v2\/product\/93946","targetHints":{"allow":["GET"]}}],"collection":[{"href":"https:\/\/www.lifenatura.com\/es\/wp-json\/wp\/v2\/product"}],"about":[{"href":"https:\/\/www.lifenatura.com\/es\/wp-json\/wp\/v2\/types\/product"}],"wp:featuredmedia":[{"embeddable":true,"href":"https:\/\/www.lifenatura.com\/es\/wp-json\/wp\/v2\/media\/93626"}],"wp:attachment":[{"href":"https:\/\/www.lifenatura.com\/es\/wp-json\/wp\/v2\/media?parent=93946"}],"wp:term":[{"taxonomy":"product_brand","embeddable":true,"href":"https:\/\/www.lifenatura.com\/es\/wp-json\/wp\/v2\/product_brand?post=93946"},{"taxonomy":"product_cat","embeddable":true,"href":"https:\/\/www.lifenatura.com\/es\/wp-json\/wp\/v2\/product_cat?post=93946"},{"taxonomy":"product_tag","embeddable":true,"href":"https:\/\/www.lifenatura.com\/es\/wp-json\/wp\/v2\/product_tag?post=93946"}],"curies":[{"name":"wp","href":"https:\/\/api.w.org\/{rel}","templated":true}]}}