{"id":93542,"date":"2024-05-23T11:06:09","date_gmt":"2024-05-23T11:06:09","guid":{"rendered":"https:\/\/www.lifenatura.com\/produto\/forte-noche-melatonina-pack-gominolas-forte-pharma\/"},"modified":"2026-04-21T00:03:43","modified_gmt":"2026-04-21T00:03:43","slug":"forte-noche-melatonina-pack-gominolas-forte-pharma","status":"publish","type":"product","link":"https:\/\/www.lifenatura.com\/es\/produto\/forte-noche-melatonina-pack-gominolas-forte-pharma\/","title":{"rendered":"Fort\u00e9 Noche Melatonina Pack Gominolas &#8211; Forte Pharma"},"content":{"rendered":"<h2 style=\"text-align: left;\"><strong>Pack de gominolas Fort\u00e9 Noche ricas en Melatonina<\/strong><\/h2>\n<p>&nbsp;<\/p>\n<p>Fort\u00e9 Noche Melatonina 1900 Flash ahora disponible en gominolas es un complemento alimenticio a base de melatonina, ideal para reducir los efectos del jetlag y aumentar la calidad de tu sue\u00f1o.<\/p>\n<p><strong>Ahora disponible en un pack promocional de 3 unidades<\/strong><\/p>\n<p>Las Gominolas de Melatonina Fort\u00e9 Noche de Forte Pharma son un complemento alimenticio innovador formulado para favorecer un sue\u00f1o reparador y de calidad. Estas deliciosas gominolas contienen melatonina, una hormona natural que ayuda a regular el ciclo del sue\u00f1o, lo que las convierte en una soluci\u00f3n pr\u00e1ctica y sabrosa para cualquiera que tenga problemas para conciliar el sue\u00f1o o mantenerlo de forma continuada.<\/p>\n<p>Con un agradable sabor a frambuesa y f\u00e1ciles de consumir, estas gominolas son ideales para los adultos que buscan mejorar la calidad de su sue\u00f1o de forma natural y eficaz.<\/p>\n<p><strong>Principales ventajas:<\/strong><\/p>\n<ul>\n<li><strong>Regulaci\u00f3n del ciclo del sue\u00f1o:<\/strong> La melatonina ayuda a ajustar el reloj biol\u00f3gico, facilitando el sue\u00f1o y promoviendo un sue\u00f1o continuo y reparador.<\/li>\n<li><strong>Reduce el tiempo que se tarda en conciliar el sue\u00f1o:<\/strong> Ayuda a reducir el tiempo que se tarda en conciliar el sue\u00f1o, especialmente \u00fatil para las personas con insomnio u horarios irregulares.<\/li>\n<li><strong>Mejora la calidad del sue\u00f1o:<\/strong> Ayuda a mejorar la profundidad y continuidad del sue\u00f1o, proporcionando un descanso m\u00e1s reparador.<\/li>\n<li><strong>F\u00e1ciles de consumir:<\/strong> Gominolas sabrosas y f\u00e1ciles de tragar, que convierten la suplementaci\u00f3n en una experiencia agradable.<\/li>\n<\/ul>\n<p><strong>PRESENTACI\u00d3N<\/strong><\/p>\n<p>30 gominolas x 3<\/p>\n<p>&nbsp;<\/p>\n","protected":false},"excerpt":{"rendered":"<p>Gomitas de Melatonina Fort\u00e9 Noche, ahora disponibles en un paquete promocional de 3. \u00a1Disfruta de noches m\u00e1s descansadas y vigorizantes! [&#8230;]<\/p>\n<p><a class=\"btn btn-secondary understrap-read-more-link\" href=\"https:\/\/www.lifenatura.com\/es\/produto\/forte-noche-melatonina-pack-gominolas-forte-pharma\/\">Leer m\u00e1s&#8230;<span class=\"screen-reader-text\"> from Fort\u00e9 Noche Melatonina Pack Gominolas &#8211; Forte Pharma<\/span><\/a><\/p>\n","protected":false},"featured_media":91899,"template":"","meta":{"_acf_changed":false},"product_brand":[8557],"product_cat":[7214,7659,8060,7263,7179],"product_tag":[],"class_list":{"0":"post-93542","1":"product","2":"type-product","3":"status-publish","4":"has-post-thumbnail","6":"product_brand-forte-pharma","7":"product_cat-para-dormir","8":"product_cat-ingrediente-natural-bio","9":"product_cat-melatonina-es","10":"product_cat-packs-de-salud","11":"product_cat-salud","12":"pa_dicas-forte-pharma-sueno-stress","14":"first","15":"instock","16":"sale","17":"shipping-taxable","18":"purchasable","19":"product-type-simple","20":"add-to-wishlist-before_image"},"acf":[],"yoast_head":"<!-- This site is optimized with the Yoast SEO Premium plugin v27.1 (Yoast SEO v27.4) - https:\/\/yoast.com\/product\/yoast-seo-premium-wordpress\/ -->\n<title>Fort\u00e9 Noche Melatonina Pack Gominolas - Forte Pharma - Lifenatura<\/title>\n<meta name=\"description\" content=\"Gomitas de Melatonina Fort\u00e9 Noche, ahora disponibles en un paquete promocional de 3. \u00a1Disfruta de noches m\u00e1s descansadas y vigorizantes!\" \/>\n<meta name=\"robots\" content=\"index, follow, max-snippet:-1, max-image-preview:large, max-video-preview:-1\" \/>\n<link rel=\"canonical\" href=\"https:\/\/www.lifenatura.com\/es\/produto\/forte-noche-melatonina-pack-gominolas-forte-pharma\/\" \/>\n<meta property=\"og:locale\" content=\"es_ES\" \/>\n<meta property=\"og:type\" content=\"article\" \/>\n<meta property=\"og:title\" content=\"Fort\u00e9 Noche Melatonina Pack Gominolas - Forte Pharma - Lifenatura\" \/>\n<meta property=\"og:description\" content=\"Compre aqui o seu Fort\u00e9 Noche Melatonina Pack Gominolas - Forte Pharma e a Lifenatura Online envia em 48 H com Portes Gratis &gt;35\u20ac de Pedido.\" \/>\n<meta property=\"og:url\" content=\"https:\/\/www.lifenatura.com\/es\/produto\/forte-noche-melatonina-pack-gominolas-forte-pharma\/\" \/>\n<meta property=\"og:site_name\" content=\"Lifenatura\" \/>\n<meta property=\"article:publisher\" content=\"https:\/\/www.facebook.com\/lifenatura\" \/>\n<meta property=\"article:modified_time\" content=\"2026-04-21T00:03:43+00:00\" \/>\n<meta property=\"og:image\" content=\"https:\/\/www.lifenatura.com\/wp-content\/uploads\/2024\/05\/melatonina-gummies-pack-forte-pharma.jpg\" \/>\n\t<meta property=\"og:image:width\" content=\"1000\" \/>\n\t<meta property=\"og:image:height\" content=\"1000\" \/>\n\t<meta property=\"og:image:type\" content=\"image\/jpeg\" \/>\n<meta name=\"twitter:card\" content=\"summary_large_image\" \/>\n<meta name=\"twitter:label1\" content=\"Precio\" \/>\n\t<meta name=\"twitter:data1\" content=\"33,92&nbsp;&euro;\" \/>\n\t<meta name=\"twitter:label2\" content=\"Disponibilidad\" \/>\n\t<meta name=\"twitter:data2\" content=\"Disponible\" \/>\n<meta property=\"product:price:amount\" content=\"33.92\" \/>\n<meta property=\"product:price:currency\" content=\"EUR\" \/>\n<meta property=\"og:availability\" content=\"instock\" \/>\n<meta property=\"product:availability\" content=\"instock\" \/>\n<meta property=\"product:retailer_item_id\" content=\"7291468pack\" \/>\n<meta property=\"product:condition\" content=\"new\" \/>\n<!-- \/ Yoast SEO Premium plugin. -->","yoast_head_json":{"title":"Fort\u00e9 Noche Melatonina Pack Gominolas - Forte Pharma - Lifenatura","description":"Gomitas de Melatonina Fort\u00e9 Noche, ahora disponibles en un paquete promocional de 3. \u00a1Disfruta de noches m\u00e1s descansadas y vigorizantes!","robots":{"index":"index","follow":"follow","max-snippet":"max-snippet:-1","max-image-preview":"max-image-preview:large","max-video-preview":"max-video-preview:-1"},"canonical":"https:\/\/www.lifenatura.com\/es\/produto\/forte-noche-melatonina-pack-gominolas-forte-pharma\/","og_locale":"es_ES","og_type":"article","og_title":"Fort\u00e9 Noche Melatonina Pack Gominolas - Forte Pharma - Lifenatura","og_description":"Compre aqui o seu Fort\u00e9 Noche Melatonina Pack Gominolas - Forte Pharma e a Lifenatura Online envia em 48 H com Portes Gratis >35\u20ac de Pedido.","og_url":"https:\/\/www.lifenatura.com\/es\/produto\/forte-noche-melatonina-pack-gominolas-forte-pharma\/","og_site_name":"Lifenatura","article_publisher":"https:\/\/www.facebook.com\/lifenatura","article_modified_time":"2026-04-21T00:03:43+00:00","og_image":[{"width":1000,"height":1000,"url":"https:\/\/www.lifenatura.com\/wp-content\/uploads\/2024\/05\/melatonina-gummies-pack-forte-pharma.jpg","type":"image\/jpeg"}],"twitter_card":"summary_large_image","twitter_misc":{"Precio":"33,92&nbsp;&euro;","Disponibilidad":"Disponible"},"schema":{"@context":"https:\/\/schema.org","@graph":[{"@type":"WebPage","@id":"https:\/\/www.lifenatura.com\/es\/produto\/forte-noche-melatonina-pack-gominolas-forte-pharma\/","url":"https:\/\/www.lifenatura.com\/es\/produto\/forte-noche-melatonina-pack-gominolas-forte-pharma\/","name":"Fort\u00e9 Noche Melatonina Pack Gominolas - Forte Pharma - Lifenatura","isPartOf":{"@id":"https:\/\/www.lifenatura.com\/es\/#website"},"primaryImageOfPage":{"@id":"https:\/\/www.lifenatura.com\/es\/produto\/forte-noche-melatonina-pack-gominolas-forte-pharma\/#primaryimage"},"image":{"@id":"https:\/\/www.lifenatura.com\/es\/produto\/forte-noche-melatonina-pack-gominolas-forte-pharma\/#primaryimage"},"thumbnailUrl":"https:\/\/www.lifenatura.com\/wp-content\/uploads\/2024\/05\/melatonina-gummies-pack-forte-pharma.jpg","datePublished":"2024-05-23T11:06:09+00:00","dateModified":"2026-04-21T00:03:43+00:00","description":"Gomitas de Melatonina Fort\u00e9 Noche, ahora disponibles en un paquete promocional de 3. \u00a1Disfruta de noches m\u00e1s descansadas y vigorizantes!","breadcrumb":{"@id":"https:\/\/www.lifenatura.com\/es\/produto\/forte-noche-melatonina-pack-gominolas-forte-pharma\/#breadcrumb"},"inLanguage":"es","potentialAction":[{"@type":"ReadAction","target":["https:\/\/www.lifenatura.com\/es\/produto\/forte-noche-melatonina-pack-gominolas-forte-pharma\/"]}]},{"@type":"ImageObject","inLanguage":"es","@id":"https:\/\/www.lifenatura.com\/es\/produto\/forte-noche-melatonina-pack-gominolas-forte-pharma\/#primaryimage","url":"https:\/\/www.lifenatura.com\/wp-content\/uploads\/2024\/05\/melatonina-gummies-pack-forte-pharma.jpg","contentUrl":"https:\/\/www.lifenatura.com\/wp-content\/uploads\/2024\/05\/melatonina-gummies-pack-forte-pharma.jpg","width":1000,"height":1000},{"@type":"BreadcrumbList","@id":"https:\/\/www.lifenatura.com\/es\/produto\/forte-noche-melatonina-pack-gominolas-forte-pharma\/#breadcrumb","itemListElement":[{"@type":"ListItem","position":1,"name":"In\u00edcio","item":"https:\/\/www.lifenatura.com\/es\/"},{"@type":"ListItem","position":2,"name":"Todos los Productos","item":"https:\/\/www.lifenatura.com\/es\/tienda\/"},{"@type":"ListItem","position":3,"name":"Fort\u00e9 Noche Melatonina Pack Gominolas &#8211; Forte Pharma"}]},{"@type":"WebSite","@id":"https:\/\/www.lifenatura.com\/es\/#website","url":"https:\/\/www.lifenatura.com\/es\/","name":"Lifenatura","description":"A Lifenatura \u00e9 uma loja de produtos naturais, cosm\u00e9tica natural e alimenta\u00e7\u00e3o Biol\u00f3gica.","publisher":{"@id":"https:\/\/www.lifenatura.com\/es\/#organization"},"potentialAction":[{"@type":"SearchAction","target":{"@type":"EntryPoint","urlTemplate":"https:\/\/www.lifenatura.com\/es\/?s={search_term_string}"},"query-input":{"@type":"PropertyValueSpecification","valueRequired":true,"valueName":"search_term_string"}}],"inLanguage":"es"},{"@type":"Organization","@id":"https:\/\/www.lifenatura.com\/es\/#organization","name":"Lifenatura","url":"https:\/\/www.lifenatura.com\/es\/","logo":{"@type":"ImageObject","inLanguage":"es","@id":"https:\/\/www.lifenatura.com\/es\/#\/schema\/logo\/image\/","url":"https:\/\/www.lifenatura.com\/wp-content\/uploads\/2021\/11\/logo.png","contentUrl":"https:\/\/www.lifenatura.com\/wp-content\/uploads\/2021\/11\/logo.png","width":175,"height":55,"caption":"Lifenatura"},"image":{"@id":"https:\/\/www.lifenatura.com\/es\/#\/schema\/logo\/image\/"},"sameAs":["https:\/\/www.facebook.com\/lifenatura","https:\/\/www.instagram.com\/lifenaturapt\/"]}]},"product_price_amount":"33.92","product_price_currency":"EUR","og_availability":"instock","product_availability":"instock","product_retailer_item_id":"7291468pack","product_condition":"new"},"df_price":33.92,"df_sale_price":33.92,"df_regular_price":47.09,"df_image_link":"https:\/\/www.lifenatura.com\/wp-content\/uploads\/2024\/05\/melatonina-gummies-pack-forte-pharma-300x300.jpg","_links":{"self":[{"href":"https:\/\/www.lifenatura.com\/es\/wp-json\/wp\/v2\/product\/93542","targetHints":{"allow":["GET"]}}],"collection":[{"href":"https:\/\/www.lifenatura.com\/es\/wp-json\/wp\/v2\/product"}],"about":[{"href":"https:\/\/www.lifenatura.com\/es\/wp-json\/wp\/v2\/types\/product"}],"wp:featuredmedia":[{"embeddable":true,"href":"https:\/\/www.lifenatura.com\/es\/wp-json\/wp\/v2\/media\/91899"}],"wp:attachment":[{"href":"https:\/\/www.lifenatura.com\/es\/wp-json\/wp\/v2\/media?parent=93542"}],"wp:term":[{"taxonomy":"product_brand","embeddable":true,"href":"https:\/\/www.lifenatura.com\/es\/wp-json\/wp\/v2\/product_brand?post=93542"},{"taxonomy":"product_cat","embeddable":true,"href":"https:\/\/www.lifenatura.com\/es\/wp-json\/wp\/v2\/product_cat?post=93542"},{"taxonomy":"product_tag","embeddable":true,"href":"https:\/\/www.lifenatura.com\/es\/wp-json\/wp\/v2\/product_tag?post=93542"}],"curies":[{"name":"wp","href":"https:\/\/api.w.org\/{rel}","templated":true}]}}