{"id":93196,"date":"2024-06-11T12:05:49","date_gmt":"2024-06-11T12:05:49","guid":{"rendered":"https:\/\/www.lifenatura.com\/produto\/bacidofilus-postbiotico-30-capsulas-dietmed\/"},"modified":"2026-04-21T00:01:58","modified_gmt":"2026-04-21T00:01:58","slug":"bacidofilus-postbiotico-30-capsulas-dietmed","status":"publish","type":"product","link":"https:\/\/www.lifenatura.com\/es\/produto\/bacidofilus-postbiotico-30-capsulas-dietmed\/","title":{"rendered":"Bacidofilus Postbi\u00f3tico 30 C\u00e1psulas &#8211; Dietmed"},"content":{"rendered":"<h2 style=\"text-align: left;\">El postbi\u00f3tico Bacidofilus favorece la salud intestinal y el bienestar general<\/h2>\n<p>&nbsp;<\/p>\n<p>Bacidofilus Postbi\u00f3tico es un complemento alimenticio innovador formulado para promover la salud intestinal y el bienestar general. Este producto contiene postbi\u00f3ticos, que son compuestos bioactivos producidos por las bacterias probi\u00f3ticas durante la fermentaci\u00f3n. Los postbi\u00f3ticos desempe\u00f1an un papel crucial en el mantenimiento de un microbioma intestinal sano, contribuyendo a la funci\u00f3n inmunitaria y a la salud digestiva.<\/p>\n<p>Con 30 c\u00e1psulas por envase, Bacidofilus Postbi\u00f3tico es f\u00e1cil de incorporar a tu rutina diaria, garantizando que tu sistema digestivo reciba el apoyo que necesita. Ideal para quienes buscan mejorar su salud intestinal y su bienestar general, es una opci\u00f3n eficaz y segura.<\/p>\n<p><strong>Sus principales ventajas:<\/strong><\/p>\n<ul>\n<li><strong>Salud intestinal<\/strong>: los postbi\u00f3ticos ayudan a mantener un equilibrio saludable del microbioma intestinal, favoreciendo la salud digestiva y mejorando la absorci\u00f3n de nutrientes.<\/li>\n<li>Apoyo <strong>al sistema inmunitario<\/strong>: la vitamina C contribuye al funcionamiento normal del sistema inmunitario y a la protecci\u00f3n de las c\u00e9lulas contra la oxidaci\u00f3n indeseable.<\/li>\n<li><strong>Mejora de la digesti\u00f3n<\/strong>: la biotina ayuda a mantener normales las mucosas. Ayuda a regular el tr\u00e1nsito intestinal y a prevenir molestias digestivas como la hinchaz\u00f3n, los gases y el estre\u00f1imiento.<\/li>\n<li><strong>Reducci\u00f3n de la inflamaci\u00f3n<\/strong>: los compuestos bioactivos de los postbi\u00f3ticos tienen propiedades antiinflamatorias que ayudan a reducir la inflamaci\u00f3n del tubo digestivo y de otras partes del cuerpo.<\/li>\n<li><strong>Equilibrio del microbioma<\/strong>: promueve un entorno intestinal sano favoreciendo el crecimiento de bacterias beneficiosas e inhibiendo el crecimiento de bacterias pat\u00f3genas.<\/li>\n<li><strong>Bienestar<\/strong> general: al mejorar la salud intestinal y reforzar el sistema inmunitario, este complemento alimenticio contribuye al bienestar general, aumentando la vitalidad y la calidad de vida. La vitamina C contribuye al metabolismo normal productor de energ\u00eda.<\/li>\n<\/ul>\n<p><strong>PRESENTACI\u00d3N<\/strong><\/p>\n<p>30 c\u00e1psulas<\/p>\n<p>&nbsp;<\/p>\n","protected":false},"excerpt":{"rendered":"<p>El Postbi\u00f3tico Bacidofilus de Dietmed es crucial para mantener un microbioma intestinal sano, contribuyendo a la funci\u00f3n inmunitaria y a la salud digestiva. [&#8230;]<\/p>\n<p><a class=\"btn btn-secondary understrap-read-more-link\" href=\"https:\/\/www.lifenatura.com\/es\/produto\/bacidofilus-postbiotico-30-capsulas-dietmed\/\">Leer m\u00e1s&#8230;<span class=\"screen-reader-text\"> from Bacidofilus Postbi\u00f3tico 30 C\u00e1psulas &#8211; Dietmed<\/span><\/a><\/p>\n","protected":false},"featured_media":92889,"template":"","meta":{"_acf_changed":false},"product_brand":[8509],"product_cat":[7256,7770,7211,7179],"product_tag":[],"class_list":{"0":"post-93196","1":"product","2":"type-product","3":"status-publish","4":"has-post-thumbnail","6":"product_brand-dietmed-es","7":"product_cat-flora-intestinal-salud","8":"product_cat-probioticos-es","9":"product_cat-reforza-la-inmunidad-salud","10":"product_cat-salud","11":"pa_caracteristicas-sin-azucares-anadidos","12":"pa_caracteristicas-sin-gluten","13":"pa_caracteristicas-sin-lactosa","14":"pa_caracteristicas-vegano","16":"first","17":"instock","18":"sale","19":"shipping-taxable","20":"purchasable","21":"product-type-simple","22":"add-to-wishlist-before_image"},"acf":[],"yoast_head":"<!-- This site is optimized with the Yoast SEO Premium plugin v27.1 (Yoast SEO v27.5) - https:\/\/yoast.com\/product\/yoast-seo-premium-wordpress\/ -->\n<title>Bacidofilus Postbi\u00f3tico 30 C\u00e1psulas - Dietmed - Na Lifenatura ao Melhor Pre\u00e7o | Envio em 48h<\/title>\n<meta name=\"description\" content=\"El Postbi\u00f3tico Bacidofilus de Dietmed es crucial para mantener un microbioma intestinal sano, contribuyendo a la funci\u00f3n inmunitaria y a la salud digestiva.\" \/>\n<meta name=\"robots\" content=\"index, follow, max-snippet:-1, max-image-preview:large, max-video-preview:-1\" \/>\n<link rel=\"canonical\" href=\"https:\/\/www.lifenatura.com\/es\/produto\/bacidofilus-postbiotico-30-capsulas-dietmed\/\" \/>\n<meta property=\"og:locale\" content=\"es_ES\" \/>\n<meta property=\"og:type\" content=\"article\" \/>\n<meta property=\"og:title\" content=\"Bacidofilus Postbi\u00f3tico 30 C\u00e1psulas - Dietmed - Na Lifenatura ao Melhor Pre\u00e7o | Envio 48h\" \/>\n<meta property=\"og:description\" content=\"Compre Bacidofilus Postbi\u00f3tico 30 C\u00e1psulas - Dietmed com envio r\u00e1pido. Entrega em 48h e portes gr\u00e1tis em compras &gt;35\u20ac. Aproveite j\u00e1 na Lifenatura\" \/>\n<meta property=\"og:url\" content=\"https:\/\/www.lifenatura.com\/es\/produto\/bacidofilus-postbiotico-30-capsulas-dietmed\/\" \/>\n<meta property=\"og:site_name\" content=\"Lifenatura\" \/>\n<meta property=\"article:publisher\" content=\"https:\/\/www.facebook.com\/lifenatura\" \/>\n<meta property=\"article:modified_time\" content=\"2026-04-21T00:01:58+00:00\" \/>\n<meta property=\"og:image\" content=\"https:\/\/www.lifenatura.com\/wp-content\/uploads\/2024\/06\/bacidofilus-postbiotic-30capsulas-dietmed.jpg\" \/>\n\t<meta property=\"og:image:width\" content=\"1000\" \/>\n\t<meta property=\"og:image:height\" content=\"1000\" \/>\n\t<meta property=\"og:image:type\" content=\"image\/jpeg\" \/>\n<meta name=\"twitter:card\" content=\"summary_large_image\" \/>\n<meta name=\"twitter:label1\" content=\"Precio\" \/>\n\t<meta name=\"twitter:data1\" content=\"17,95&nbsp;&euro;\" \/>\n\t<meta name=\"twitter:label2\" content=\"Disponibilidad\" \/>\n\t<meta name=\"twitter:data2\" content=\"Disponible\" \/>\n<script type=\"application\/ld+json\" class=\"yoast-schema-graph\">{\"@context\":\"https:\\\/\\\/schema.org\",\"@graph\":[{\"@type\":\"WebPage\",\"@id\":\"https:\\\/\\\/www.lifenatura.com\\\/es\\\/produto\\\/bacidofilus-postbiotico-30-capsulas-dietmed\\\/\",\"url\":\"https:\\\/\\\/www.lifenatura.com\\\/es\\\/produto\\\/bacidofilus-postbiotico-30-capsulas-dietmed\\\/\",\"name\":\"Bacidofilus Postbi\u00f3tico 30 C\u00e1psulas - Dietmed - Na Lifenatura ao Melhor Pre\u00e7o | Envio em 48h\",\"isPartOf\":{\"@id\":\"https:\\\/\\\/www.lifenatura.com\\\/es\\\/#website\"},\"primaryImageOfPage\":{\"@id\":\"https:\\\/\\\/www.lifenatura.com\\\/es\\\/produto\\\/bacidofilus-postbiotico-30-capsulas-dietmed\\\/#primaryimage\"},\"image\":{\"@id\":\"https:\\\/\\\/www.lifenatura.com\\\/es\\\/produto\\\/bacidofilus-postbiotico-30-capsulas-dietmed\\\/#primaryimage\"},\"thumbnailUrl\":\"https:\\\/\\\/www.lifenatura.com\\\/wp-content\\\/uploads\\\/2024\\\/06\\\/bacidofilus-postbiotic-30capsulas-dietmed.jpg\",\"datePublished\":\"2024-06-11T12:05:49+00:00\",\"dateModified\":\"2026-04-21T00:01:58+00:00\",\"description\":\"El Postbi\u00f3tico Bacidofilus de Dietmed es crucial para mantener un microbioma intestinal sano, contribuyendo a la funci\u00f3n inmunitaria y a la salud digestiva.\",\"breadcrumb\":{\"@id\":\"https:\\\/\\\/www.lifenatura.com\\\/es\\\/produto\\\/bacidofilus-postbiotico-30-capsulas-dietmed\\\/#breadcrumb\"},\"inLanguage\":\"es\",\"potentialAction\":[{\"@type\":\"ReadAction\",\"target\":[\"https:\\\/\\\/www.lifenatura.com\\\/es\\\/produto\\\/bacidofilus-postbiotico-30-capsulas-dietmed\\\/\"]}]},{\"@type\":\"ImageObject\",\"inLanguage\":\"es\",\"@id\":\"https:\\\/\\\/www.lifenatura.com\\\/es\\\/produto\\\/bacidofilus-postbiotico-30-capsulas-dietmed\\\/#primaryimage\",\"url\":\"https:\\\/\\\/www.lifenatura.com\\\/wp-content\\\/uploads\\\/2024\\\/06\\\/bacidofilus-postbiotic-30capsulas-dietmed.jpg\",\"contentUrl\":\"https:\\\/\\\/www.lifenatura.com\\\/wp-content\\\/uploads\\\/2024\\\/06\\\/bacidofilus-postbiotic-30capsulas-dietmed.jpg\",\"width\":1000,\"height\":1000,\"caption\":\"Bacidofilus Postbi\u00f3tico 30 C\u00e1psulas - Dietmed\"},{\"@type\":\"BreadcrumbList\",\"@id\":\"https:\\\/\\\/www.lifenatura.com\\\/es\\\/produto\\\/bacidofilus-postbiotico-30-capsulas-dietmed\\\/#breadcrumb\",\"itemListElement\":[{\"@type\":\"ListItem\",\"position\":1,\"name\":\"In\u00edcio\",\"item\":\"https:\\\/\\\/www.lifenatura.com\\\/es\\\/\"},{\"@type\":\"ListItem\",\"position\":2,\"name\":\"Todos los Productos\",\"item\":\"https:\\\/\\\/www.lifenatura.com\\\/es\\\/tienda\\\/\"},{\"@type\":\"ListItem\",\"position\":3,\"name\":\"Bacidofilus Postbi\u00f3tico 30 C\u00e1psulas &#8211; Dietmed\"}]},{\"@type\":\"WebSite\",\"@id\":\"https:\\\/\\\/www.lifenatura.com\\\/es\\\/#website\",\"url\":\"https:\\\/\\\/www.lifenatura.com\\\/es\\\/\",\"name\":\"Lifenatura\",\"description\":\"A Lifenatura \u00e9 uma loja de produtos naturais, cosm\u00e9tica natural e alimenta\u00e7\u00e3o Biol\u00f3gica.\",\"publisher\":{\"@id\":\"https:\\\/\\\/www.lifenatura.com\\\/es\\\/#organization\"},\"potentialAction\":[{\"@type\":\"SearchAction\",\"target\":{\"@type\":\"EntryPoint\",\"urlTemplate\":\"https:\\\/\\\/www.lifenatura.com\\\/es\\\/?s={search_term_string}\"},\"query-input\":{\"@type\":\"PropertyValueSpecification\",\"valueRequired\":true,\"valueName\":\"search_term_string\"}}],\"inLanguage\":\"es\"},{\"@type\":\"Organization\",\"@id\":\"https:\\\/\\\/www.lifenatura.com\\\/es\\\/#organization\",\"name\":\"Lifenatura\",\"url\":\"https:\\\/\\\/www.lifenatura.com\\\/es\\\/\",\"logo\":{\"@type\":\"ImageObject\",\"inLanguage\":\"es\",\"@id\":\"https:\\\/\\\/www.lifenatura.com\\\/es\\\/#\\\/schema\\\/logo\\\/image\\\/\",\"url\":\"https:\\\/\\\/www.lifenatura.com\\\/wp-content\\\/uploads\\\/2021\\\/07\\\/logo.png\",\"contentUrl\":\"https:\\\/\\\/www.lifenatura.com\\\/wp-content\\\/uploads\\\/2021\\\/07\\\/logo.png\",\"width\":175,\"height\":55,\"caption\":\"Lifenatura\"},\"image\":{\"@id\":\"https:\\\/\\\/www.lifenatura.com\\\/es\\\/#\\\/schema\\\/logo\\\/image\\\/\"},\"sameAs\":[\"https:\\\/\\\/www.facebook.com\\\/lifenatura\",\"https:\\\/\\\/www.instagram.com\\\/lifenaturapt\\\/\"],\"hasMerchantReturnPolicy\":{\"@type\":\"MerchantReturnPolicy\",\"merchantReturnLink\":\"https:\\\/\\\/www.lifenatura.com\\\/termos-condicoes-lifenatura\\\/\"}}]}<\/script>\n<meta property=\"product:price:amount\" content=\"17.95\" \/>\n<meta property=\"product:price:currency\" content=\"EUR\" \/>\n<meta property=\"og:availability\" content=\"instock\" \/>\n<meta property=\"product:availability\" content=\"instock\" \/>\n<meta property=\"product:retailer_item_id\" content=\"5605481109256\" \/>\n<meta property=\"product:condition\" content=\"new\" \/>\n<!-- \/ Yoast SEO Premium plugin. -->","yoast_head_json":{"title":"Bacidofilus Postbi\u00f3tico 30 C\u00e1psulas - Dietmed - Na Lifenatura ao Melhor Pre\u00e7o | Envio em 48h","description":"El Postbi\u00f3tico Bacidofilus de Dietmed es crucial para mantener un microbioma intestinal sano, contribuyendo a la funci\u00f3n inmunitaria y a la salud digestiva.","robots":{"index":"index","follow":"follow","max-snippet":"max-snippet:-1","max-image-preview":"max-image-preview:large","max-video-preview":"max-video-preview:-1"},"canonical":"https:\/\/www.lifenatura.com\/es\/produto\/bacidofilus-postbiotico-30-capsulas-dietmed\/","og_locale":"es_ES","og_type":"article","og_title":"Bacidofilus Postbi\u00f3tico 30 C\u00e1psulas - Dietmed - Na Lifenatura ao Melhor Pre\u00e7o | Envio 48h","og_description":"Compre Bacidofilus Postbi\u00f3tico 30 C\u00e1psulas - Dietmed com envio r\u00e1pido. Entrega em 48h e portes gr\u00e1tis em compras >35\u20ac. Aproveite j\u00e1 na Lifenatura","og_url":"https:\/\/www.lifenatura.com\/es\/produto\/bacidofilus-postbiotico-30-capsulas-dietmed\/","og_site_name":"Lifenatura","article_publisher":"https:\/\/www.facebook.com\/lifenatura","article_modified_time":"2026-04-21T00:01:58+00:00","og_image":[{"width":1000,"height":1000,"url":"https:\/\/www.lifenatura.com\/wp-content\/uploads\/2024\/06\/bacidofilus-postbiotic-30capsulas-dietmed.jpg","type":"image\/jpeg"}],"twitter_card":"summary_large_image","twitter_misc":{"Precio":"17,95&nbsp;&euro;","Disponibilidad":"Disponible"},"schema":{"@context":"https:\/\/schema.org","@graph":[{"@type":"WebPage","@id":"https:\/\/www.lifenatura.com\/es\/produto\/bacidofilus-postbiotico-30-capsulas-dietmed\/","url":"https:\/\/www.lifenatura.com\/es\/produto\/bacidofilus-postbiotico-30-capsulas-dietmed\/","name":"Bacidofilus Postbi\u00f3tico 30 C\u00e1psulas - Dietmed - Na Lifenatura ao Melhor Pre\u00e7o | Envio em 48h","isPartOf":{"@id":"https:\/\/www.lifenatura.com\/es\/#website"},"primaryImageOfPage":{"@id":"https:\/\/www.lifenatura.com\/es\/produto\/bacidofilus-postbiotico-30-capsulas-dietmed\/#primaryimage"},"image":{"@id":"https:\/\/www.lifenatura.com\/es\/produto\/bacidofilus-postbiotico-30-capsulas-dietmed\/#primaryimage"},"thumbnailUrl":"https:\/\/www.lifenatura.com\/wp-content\/uploads\/2024\/06\/bacidofilus-postbiotic-30capsulas-dietmed.jpg","datePublished":"2024-06-11T12:05:49+00:00","dateModified":"2026-04-21T00:01:58+00:00","description":"El Postbi\u00f3tico Bacidofilus de Dietmed es crucial para mantener un microbioma intestinal sano, contribuyendo a la funci\u00f3n inmunitaria y a la salud digestiva.","breadcrumb":{"@id":"https:\/\/www.lifenatura.com\/es\/produto\/bacidofilus-postbiotico-30-capsulas-dietmed\/#breadcrumb"},"inLanguage":"es","potentialAction":[{"@type":"ReadAction","target":["https:\/\/www.lifenatura.com\/es\/produto\/bacidofilus-postbiotico-30-capsulas-dietmed\/"]}]},{"@type":"ImageObject","inLanguage":"es","@id":"https:\/\/www.lifenatura.com\/es\/produto\/bacidofilus-postbiotico-30-capsulas-dietmed\/#primaryimage","url":"https:\/\/www.lifenatura.com\/wp-content\/uploads\/2024\/06\/bacidofilus-postbiotic-30capsulas-dietmed.jpg","contentUrl":"https:\/\/www.lifenatura.com\/wp-content\/uploads\/2024\/06\/bacidofilus-postbiotic-30capsulas-dietmed.jpg","width":1000,"height":1000,"caption":"Bacidofilus Postbi\u00f3tico 30 C\u00e1psulas - Dietmed"},{"@type":"BreadcrumbList","@id":"https:\/\/www.lifenatura.com\/es\/produto\/bacidofilus-postbiotico-30-capsulas-dietmed\/#breadcrumb","itemListElement":[{"@type":"ListItem","position":1,"name":"In\u00edcio","item":"https:\/\/www.lifenatura.com\/es\/"},{"@type":"ListItem","position":2,"name":"Todos los Productos","item":"https:\/\/www.lifenatura.com\/es\/tienda\/"},{"@type":"ListItem","position":3,"name":"Bacidofilus Postbi\u00f3tico 30 C\u00e1psulas &#8211; Dietmed"}]},{"@type":"WebSite","@id":"https:\/\/www.lifenatura.com\/es\/#website","url":"https:\/\/www.lifenatura.com\/es\/","name":"Lifenatura","description":"A Lifenatura \u00e9 uma loja de produtos naturais, cosm\u00e9tica natural e alimenta\u00e7\u00e3o Biol\u00f3gica.","publisher":{"@id":"https:\/\/www.lifenatura.com\/es\/#organization"},"potentialAction":[{"@type":"SearchAction","target":{"@type":"EntryPoint","urlTemplate":"https:\/\/www.lifenatura.com\/es\/?s={search_term_string}"},"query-input":{"@type":"PropertyValueSpecification","valueRequired":true,"valueName":"search_term_string"}}],"inLanguage":"es"},{"@type":"Organization","@id":"https:\/\/www.lifenatura.com\/es\/#organization","name":"Lifenatura","url":"https:\/\/www.lifenatura.com\/es\/","logo":{"@type":"ImageObject","inLanguage":"es","@id":"https:\/\/www.lifenatura.com\/es\/#\/schema\/logo\/image\/","url":"https:\/\/www.lifenatura.com\/wp-content\/uploads\/2021\/07\/logo.png","contentUrl":"https:\/\/www.lifenatura.com\/wp-content\/uploads\/2021\/07\/logo.png","width":175,"height":55,"caption":"Lifenatura"},"image":{"@id":"https:\/\/www.lifenatura.com\/es\/#\/schema\/logo\/image\/"},"sameAs":["https:\/\/www.facebook.com\/lifenatura","https:\/\/www.instagram.com\/lifenaturapt\/"],"hasMerchantReturnPolicy":{"@type":"MerchantReturnPolicy","merchantReturnLink":"https:\/\/www.lifenatura.com\/termos-condicoes-lifenatura\/"}}]},"product_price_amount":"17.95","product_price_currency":"EUR","og_availability":"instock","product_availability":"instock","product_retailer_item_id":"5605481109256","product_condition":"new"},"df_price":17.95,"df_sale_price":17.95,"df_regular_price":22.44,"df_image_link":"https:\/\/www.lifenatura.com\/wp-content\/uploads\/2024\/06\/bacidofilus-postbiotic-30capsulas-dietmed-300x300.jpg","_links":{"self":[{"href":"https:\/\/www.lifenatura.com\/es\/wp-json\/wp\/v2\/product\/93196","targetHints":{"allow":["GET"]}}],"collection":[{"href":"https:\/\/www.lifenatura.com\/es\/wp-json\/wp\/v2\/product"}],"about":[{"href":"https:\/\/www.lifenatura.com\/es\/wp-json\/wp\/v2\/types\/product"}],"wp:featuredmedia":[{"embeddable":true,"href":"https:\/\/www.lifenatura.com\/es\/wp-json\/wp\/v2\/media\/92889"}],"wp:attachment":[{"href":"https:\/\/www.lifenatura.com\/es\/wp-json\/wp\/v2\/media?parent=93196"}],"wp:term":[{"taxonomy":"product_brand","embeddable":true,"href":"https:\/\/www.lifenatura.com\/es\/wp-json\/wp\/v2\/product_brand?post=93196"},{"taxonomy":"product_cat","embeddable":true,"href":"https:\/\/www.lifenatura.com\/es\/wp-json\/wp\/v2\/product_cat?post=93196"},{"taxonomy":"product_tag","embeddable":true,"href":"https:\/\/www.lifenatura.com\/es\/wp-json\/wp\/v2\/product_tag?post=93196"}],"curies":[{"name":"wp","href":"https:\/\/api.w.org\/{rel}","templated":true}]}}