{"id":93195,"date":"2024-06-11T12:05:09","date_gmt":"2024-06-11T12:05:09","guid":{"rendered":"https:\/\/www.lifenatura.com\/produto\/bisglicinato-de-hierro-20mg-90-comprimidos-naturmil\/"},"modified":"2026-04-04T00:42:02","modified_gmt":"2026-04-04T00:42:02","slug":"bisglicinato-de-hierro-20mg-90-comprimidos-naturmil","status":"publish","type":"product","link":"https:\/\/www.lifenatura.com\/es\/produto\/bisglicinato-de-hierro-20mg-90-comprimidos-naturmil\/","title":{"rendered":"Bisglicinato de hierro 20mg 90 Comprimidos &#8211; Naturmil"},"content":{"rendered":"<h2 style=\"text-align: left;\">Bisglicinato de hierro esencial para la producci\u00f3n de gl\u00f3bulos rojos<\/h2>\n<p>&nbsp;<\/p>\n<p>El Bisglicinato de Hierro 20 mg es un complemento alimenticio de alta calidad formulado para aportar hierro de forma eficaz y bien tolerada por el organismo. El bisglicinato de hierro es una forma quelada de hierro, conocida por su excelente absorci\u00f3n y biodisponibilidad, adem\u00e1s de ser suave para el sistema digestivo.<\/p>\n<p>Este suplemento es ideal para quien desee aumentar los niveles de hierro en el organismo, que es esencial para la producci\u00f3n de gl\u00f3bulos rojos y para mantener unos niveles de energ\u00eda saludables. Con 90 comprimidos por envase, este suplemento es f\u00e1cil de integrar en tu rutina diaria, garantizando que tu cuerpo reciba la cantidad necesaria de hierro para un funcionamiento \u00f3ptimo.<\/p>\n<p><strong>Sus principales ventajas:<\/strong><\/p>\n<ul>\n<li><strong>Aumento de los niveles de hierro<\/strong>: ayuda a aumentar los niveles de hierro en la sangre, que es esencial para la producci\u00f3n de hemoglobina y gl\u00f3bulos rojos, previniendo la anemia ferrop\u00e9nica. El hierro contribuye a reducir el cansancio y la fatiga, contribuye a la formaci\u00f3n normal de gl\u00f3bulos rojos y hemoglobina, contribuye al transporte normal de ox\u00edgeno en el organismo, contribuye al proceso de divisi\u00f3n celular, contribuye a la funci\u00f3n cognitiva normal.<\/li>\n<li><strong>Mejora la absorci\u00f3n<\/strong>: el bisglicinato de hierro es una forma altamente biodisponible, lo que significa que el organismo lo absorbe f\u00e1cilmente, proporcionando mejores resultados en comparaci\u00f3n con otras formas de hierro.<\/li>\n<li><strong>Suave con el aparato digestivo<\/strong>: conocido por ser suave con el est\u00f3mago y los intestinos, reduce la aparici\u00f3n de efectos secundarios comunes como el estre\u00f1imiento y las molestias gastrointestinales.<\/li>\n<li><strong>Aumento de los niveles de energ\u00eda<\/strong>: al mejorar la producci\u00f3n de hemoglobina y la oxigenaci\u00f3n de los tejidos, este suplemento ayuda a aumentar los niveles de energ\u00eda y a reducir la fatiga.<\/li>\n<li><strong>Apoyo al sistema inmunitario<\/strong>: la vitamina C aumenta la absorci\u00f3n del hierro, ayudando a proteger las c\u00e9lulas contra la oxidaci\u00f3n indeseable y al funcionamiento normal del sistema inmunitario.<\/li>\n<li><strong>Salud cognitiva<\/strong>: contribuye a la salud cognitiva y a la funci\u00f3n mental, ya que el hierro es importante para la funci\u00f3n cerebral y la transmisi\u00f3n de se\u00f1ales nerviosas.<\/li>\n<\/ul>\n<p><strong>PRESENTACI\u00d3N<\/strong><\/p>\n<p>90 comprimidos<\/p>\n<p>&nbsp;<\/p>\n","protected":false},"excerpt":{"rendered":"<p>El Bisglicinato de Hierro 20 mg de Naturmil mantiene niveles saludables de energ\u00eda, aumenta los niveles de hierro y la producci\u00f3n de gl\u00f3bulos rojos en el organismo. [&#8230;]<\/p>\n<p><a class=\"btn btn-secondary understrap-read-more-link\" href=\"https:\/\/www.lifenatura.com\/es\/produto\/bisglicinato-de-hierro-20mg-90-comprimidos-naturmil\/\">Leer m\u00e1s&#8230;<span class=\"screen-reader-text\"> from Bisglicinato de hierro 20mg 90 Comprimidos &#8211; Naturmil<\/span><\/a><\/p>\n","protected":false},"featured_media":92893,"template":"","meta":{"_acf_changed":false},"product_brand":[8435],"product_cat":[7220,8561,7263,7211,7179],"product_tag":[],"class_list":{"0":"post-93195","1":"product","2":"type-product","3":"status-publish","4":"has-post-thumbnail","6":"product_brand-naturmil","7":"product_cat-anemia-salud","8":"product_cat-naturmil-lleve-4-pago-3","9":"product_cat-packs-de-salud","10":"product_cat-reforza-la-inmunidad-salud","11":"product_cat-salud","12":"pa_caracteristicas-sin-azucares-anadidos","13":"pa_caracteristicas-sin-gluten","14":"pa_caracteristicas-sin-lactosa","16":"first","17":"instock","18":"shipping-taxable","19":"purchasable","20":"product-type-simple","21":"add-to-wishlist-before_image"},"acf":[],"yoast_head":"<!-- This site is optimized with the Yoast SEO Premium plugin v27.1 (Yoast SEO v27.3) - https:\/\/yoast.com\/product\/yoast-seo-premium-wordpress\/ -->\n<title>Bisglicinato de hierro 20mg 90 Comprimidos - Naturmil - Lifenatura<\/title>\n<meta name=\"description\" content=\"El Bisglicinato de Hierro 20 mg de Naturmil mantiene niveles saludables de energ\u00eda, aumenta los niveles de hierro y la producci\u00f3n de gl\u00f3bulos rojos en el organismo.\" \/>\n<meta name=\"robots\" content=\"index, follow, max-snippet:-1, max-image-preview:large, max-video-preview:-1\" \/>\n<link rel=\"canonical\" href=\"https:\/\/www.lifenatura.com\/es\/produto\/bisglicinato-de-hierro-20mg-90-comprimidos-naturmil\/\" \/>\n<meta property=\"og:locale\" content=\"es_ES\" \/>\n<meta property=\"og:type\" content=\"article\" \/>\n<meta property=\"og:title\" content=\"Bisglicinato de hierro 20mg 90 Comprimidos - Naturmil - Lifenatura\" \/>\n<meta property=\"og:description\" content=\"Compre aqui o seu Bisglicinato de hierro 20mg 90 Comprimidos - Naturmil e a Lifenatura Online envia em 48 H com Portes Gratis &gt;35\u20ac de Pedido.\" \/>\n<meta property=\"og:url\" content=\"https:\/\/www.lifenatura.com\/es\/produto\/bisglicinato-de-hierro-20mg-90-comprimidos-naturmil\/\" \/>\n<meta property=\"og:site_name\" content=\"Lifenatura\" \/>\n<meta property=\"article:publisher\" content=\"https:\/\/www.facebook.com\/lifenatura\" \/>\n<meta property=\"article:modified_time\" content=\"2026-04-04T00:42:02+00:00\" \/>\n<meta property=\"og:image\" content=\"https:\/\/www.lifenatura.com\/wp-content\/uploads\/2024\/06\/bisglicinato-ferro-20mg-90comprimidos-naturmil.jpg\" \/>\n\t<meta property=\"og:image:width\" content=\"1000\" \/>\n\t<meta property=\"og:image:height\" content=\"1000\" \/>\n\t<meta property=\"og:image:type\" content=\"image\/jpeg\" \/>\n<meta name=\"twitter:card\" content=\"summary_large_image\" \/>\n<meta name=\"twitter:label1\" content=\"Precio\" \/>\n\t<meta name=\"twitter:data1\" content=\"12,82&nbsp;&euro;\" \/>\n\t<meta name=\"twitter:label2\" content=\"Disponibilidad\" \/>\n\t<meta name=\"twitter:data2\" content=\"Disponible\" \/>\n<meta property=\"product:price:amount\" content=\"12.82\" \/>\n<meta property=\"product:price:currency\" content=\"EUR\" \/>\n<meta property=\"og:availability\" content=\"instock\" \/>\n<meta property=\"product:availability\" content=\"instock\" \/>\n<meta property=\"product:retailer_item_id\" content=\"5605481209178\" \/>\n<meta property=\"product:condition\" content=\"new\" \/>\n<!-- \/ Yoast SEO Premium plugin. -->","yoast_head_json":{"title":"Bisglicinato de hierro 20mg 90 Comprimidos - Naturmil - Lifenatura","description":"El Bisglicinato de Hierro 20 mg de Naturmil mantiene niveles saludables de energ\u00eda, aumenta los niveles de hierro y la producci\u00f3n de gl\u00f3bulos rojos en el organismo.","robots":{"index":"index","follow":"follow","max-snippet":"max-snippet:-1","max-image-preview":"max-image-preview:large","max-video-preview":"max-video-preview:-1"},"canonical":"https:\/\/www.lifenatura.com\/es\/produto\/bisglicinato-de-hierro-20mg-90-comprimidos-naturmil\/","og_locale":"es_ES","og_type":"article","og_title":"Bisglicinato de hierro 20mg 90 Comprimidos - Naturmil - Lifenatura","og_description":"Compre aqui o seu Bisglicinato de hierro 20mg 90 Comprimidos - Naturmil e a Lifenatura Online envia em 48 H com Portes Gratis >35\u20ac de Pedido.","og_url":"https:\/\/www.lifenatura.com\/es\/produto\/bisglicinato-de-hierro-20mg-90-comprimidos-naturmil\/","og_site_name":"Lifenatura","article_publisher":"https:\/\/www.facebook.com\/lifenatura","article_modified_time":"2026-04-04T00:42:02+00:00","og_image":[{"width":1000,"height":1000,"url":"https:\/\/www.lifenatura.com\/wp-content\/uploads\/2024\/06\/bisglicinato-ferro-20mg-90comprimidos-naturmil.jpg","type":"image\/jpeg"}],"twitter_card":"summary_large_image","twitter_misc":{"Precio":"12,82&nbsp;&euro;","Disponibilidad":"Disponible"},"schema":{"@context":"https:\/\/schema.org","@graph":[{"@type":"WebPage","@id":"https:\/\/www.lifenatura.com\/es\/produto\/bisglicinato-de-hierro-20mg-90-comprimidos-naturmil\/","url":"https:\/\/www.lifenatura.com\/es\/produto\/bisglicinato-de-hierro-20mg-90-comprimidos-naturmil\/","name":"Bisglicinato de hierro 20mg 90 Comprimidos - Naturmil - Lifenatura","isPartOf":{"@id":"https:\/\/www.lifenatura.com\/es\/#website"},"primaryImageOfPage":{"@id":"https:\/\/www.lifenatura.com\/es\/produto\/bisglicinato-de-hierro-20mg-90-comprimidos-naturmil\/#primaryimage"},"image":{"@id":"https:\/\/www.lifenatura.com\/es\/produto\/bisglicinato-de-hierro-20mg-90-comprimidos-naturmil\/#primaryimage"},"thumbnailUrl":"https:\/\/www.lifenatura.com\/wp-content\/uploads\/2024\/06\/bisglicinato-ferro-20mg-90comprimidos-naturmil.jpg","datePublished":"2024-06-11T12:05:09+00:00","dateModified":"2026-04-04T00:42:02+00:00","description":"El Bisglicinato de Hierro 20 mg de Naturmil mantiene niveles saludables de energ\u00eda, aumenta los niveles de hierro y la producci\u00f3n de gl\u00f3bulos rojos en el organismo.","breadcrumb":{"@id":"https:\/\/www.lifenatura.com\/es\/produto\/bisglicinato-de-hierro-20mg-90-comprimidos-naturmil\/#breadcrumb"},"inLanguage":"es","potentialAction":[{"@type":"ReadAction","target":["https:\/\/www.lifenatura.com\/es\/produto\/bisglicinato-de-hierro-20mg-90-comprimidos-naturmil\/"]}]},{"@type":"ImageObject","inLanguage":"es","@id":"https:\/\/www.lifenatura.com\/es\/produto\/bisglicinato-de-hierro-20mg-90-comprimidos-naturmil\/#primaryimage","url":"https:\/\/www.lifenatura.com\/wp-content\/uploads\/2024\/06\/bisglicinato-ferro-20mg-90comprimidos-naturmil.jpg","contentUrl":"https:\/\/www.lifenatura.com\/wp-content\/uploads\/2024\/06\/bisglicinato-ferro-20mg-90comprimidos-naturmil.jpg","width":1000,"height":1000,"caption":"Bisglicinato de hierro 20mg 90 Comprimidos - Naturmil"},{"@type":"BreadcrumbList","@id":"https:\/\/www.lifenatura.com\/es\/produto\/bisglicinato-de-hierro-20mg-90-comprimidos-naturmil\/#breadcrumb","itemListElement":[{"@type":"ListItem","position":1,"name":"In\u00edcio","item":"https:\/\/www.lifenatura.com\/es\/"},{"@type":"ListItem","position":2,"name":"Todos los Productos","item":"https:\/\/www.lifenatura.com\/es\/tienda\/"},{"@type":"ListItem","position":3,"name":"Bisglicinato de hierro 20mg 90 Comprimidos &#8211; Naturmil"}]},{"@type":"WebSite","@id":"https:\/\/www.lifenatura.com\/es\/#website","url":"https:\/\/www.lifenatura.com\/es\/","name":"Lifenatura","description":"A Lifenatura \u00e9 uma loja de produtos naturais, cosm\u00e9tica natural e alimenta\u00e7\u00e3o Biol\u00f3gica.","publisher":{"@id":"https:\/\/www.lifenatura.com\/es\/#organization"},"potentialAction":[{"@type":"SearchAction","target":{"@type":"EntryPoint","urlTemplate":"https:\/\/www.lifenatura.com\/es\/?s={search_term_string}"},"query-input":{"@type":"PropertyValueSpecification","valueRequired":true,"valueName":"search_term_string"}}],"inLanguage":"es"},{"@type":"Organization","@id":"https:\/\/www.lifenatura.com\/es\/#organization","name":"Lifenatura","url":"https:\/\/www.lifenatura.com\/es\/","logo":{"@type":"ImageObject","inLanguage":"es","@id":"https:\/\/www.lifenatura.com\/es\/#\/schema\/logo\/image\/","url":"https:\/\/www.lifenatura.com\/wp-content\/uploads\/2021\/11\/logo.png","contentUrl":"https:\/\/www.lifenatura.com\/wp-content\/uploads\/2021\/11\/logo.png","width":175,"height":55,"caption":"Lifenatura"},"image":{"@id":"https:\/\/www.lifenatura.com\/es\/#\/schema\/logo\/image\/"},"sameAs":["https:\/\/www.facebook.com\/lifenatura","https:\/\/www.instagram.com\/lifenaturapt\/"]}]},"product_price_amount":"12.82","product_price_currency":"EUR","og_availability":"instock","product_availability":"instock","product_retailer_item_id":"5605481209178","product_condition":"new"},"df_price":12.82,"df_sale_price":10.25,"df_regular_price":12.82,"df_image_link":"https:\/\/www.lifenatura.com\/wp-content\/uploads\/2024\/06\/bisglicinato-ferro-20mg-90comprimidos-naturmil-300x300.jpg","_links":{"self":[{"href":"https:\/\/www.lifenatura.com\/es\/wp-json\/wp\/v2\/product\/93195","targetHints":{"allow":["GET"]}}],"collection":[{"href":"https:\/\/www.lifenatura.com\/es\/wp-json\/wp\/v2\/product"}],"about":[{"href":"https:\/\/www.lifenatura.com\/es\/wp-json\/wp\/v2\/types\/product"}],"wp:featuredmedia":[{"embeddable":true,"href":"https:\/\/www.lifenatura.com\/es\/wp-json\/wp\/v2\/media\/92893"}],"wp:attachment":[{"href":"https:\/\/www.lifenatura.com\/es\/wp-json\/wp\/v2\/media?parent=93195"}],"wp:term":[{"taxonomy":"product_brand","embeddable":true,"href":"https:\/\/www.lifenatura.com\/es\/wp-json\/wp\/v2\/product_brand?post=93195"},{"taxonomy":"product_cat","embeddable":true,"href":"https:\/\/www.lifenatura.com\/es\/wp-json\/wp\/v2\/product_cat?post=93195"},{"taxonomy":"product_tag","embeddable":true,"href":"https:\/\/www.lifenatura.com\/es\/wp-json\/wp\/v2\/product_tag?post=93195"}],"curies":[{"name":"wp","href":"https:\/\/api.w.org\/{rel}","templated":true}]}}