{"id":93192,"date":"2024-06-11T12:06:17","date_gmt":"2024-06-11T12:06:17","guid":{"rendered":"https:\/\/www.lifenatura.com\/produto\/bromelina-500mg-45-comprimidos-naturmil\/"},"modified":"2026-04-04T00:42:02","modified_gmt":"2026-04-04T00:42:02","slug":"bromelina-500mg-45-comprimidos-naturmil","status":"publish","type":"product","link":"https:\/\/www.lifenatura.com\/es\/produto\/bromelina-500mg-45-comprimidos-naturmil\/","title":{"rendered":"Bromelina 500mg 45 Comprimidos &#8211; Naturmil"},"content":{"rendered":"<h2 style=\"text-align: left;\">Bromelina 500 mg Favorece la Digesti\u00f3n y Promueve la Salud General<\/h2>\n<p>&nbsp;<\/p>\n<p>La bromela\u00edna 500 mg es un complemento alimenticio de alta calidad formulado para favorecer la digesti\u00f3n y promover la salud general. La bromelina es una enzima natural extra\u00edda del tallo de la pi\u00f1a y es conocida por sus potentes propiedades antiinflamatorias y digestivas. Este suplemento es ideal para quienes buscan mejorar la digesti\u00f3n, reducir la inflamaci\u00f3n y favorecer la recuperaci\u00f3n de lesiones.<\/p>\n<p>Con 45 comprimidos por envase, la Bromelina 500 mg de Naturmil es f\u00e1cil de integrar en tu rutina diaria, aportando importantes beneficios para tu salud y bienestar.<\/p>\n<p><strong>Sus principales ventajas:<\/strong><\/p>\n<ul>\n<li><strong>Apoyo digestivo<\/strong>: ayuda a descomponer las prote\u00ednas de los alimentos, facilitando la digesti\u00f3n y mejorando la absorci\u00f3n de nutrientes, lo que puede ayudar a reducir molestias digestivas como la hinchaz\u00f3n y la indigesti\u00f3n.<\/li>\n<li><strong>Propiedades antiinflamatorias<\/strong>: conocida por sus propiedades antiinflamatorias, la bromelina puede ayudar a reducir la inflamaci\u00f3n y el dolor asociados a afecciones inflamatorias cr\u00f3nicas como la artritis.<\/li>\n<li><strong>Recuperaci\u00f3n de lesiones<\/strong>: puede acelerar la recuperaci\u00f3n de lesiones reduciendo la hinchaz\u00f3n y la inflamaci\u00f3n, por lo que es \u00fatil para atletas y personas activas.<\/li>\n<li><strong>Salud<\/strong> cardiovascular: puede contribuir a la salud cardiovascular favoreciendo una circulaci\u00f3n sangu\u00ednea sana y reduciendo el riesgo de formaci\u00f3n de co\u00e1gulos.<\/li>\n<li><strong>Apoyo al sistema inmunitario<\/strong>: La vitamina C ayuda a proteger las c\u00e9lulas contra la oxidaci\u00f3n indeseable, reforzando el sistema inmunitario.<\/li>\n<li><strong>Reducci\u00f3n del dolor<\/strong>: puede ayudar a aliviar el dolor muscular y articular, proporcionando un alivio natural y eficaz.<\/li>\n<\/ul>\n<p><strong>PRESENTACI\u00d3N<\/strong><\/p>\n<p>45 comprimidos<\/p>\n<p>&nbsp;<\/p>\n","protected":false},"excerpt":{"rendered":"<p>La bromelina es conocida por sus potentes propiedades antiinflamatorias y digestivas. La Bromelina 500 mg de Naturmil favorece la digesti\u00f3n y promueve la salud en general. [&#8230;]<\/p>\n<p><a class=\"btn btn-secondary understrap-read-more-link\" href=\"https:\/\/www.lifenatura.com\/es\/produto\/bromelina-500mg-45-comprimidos-naturmil\/\">Leer m\u00e1s&#8230;<span class=\"screen-reader-text\"> from Bromelina 500mg 45 Comprimidos &#8211; Naturmil<\/span><\/a><\/p>\n","protected":false},"featured_media":92898,"template":"","meta":{"_acf_changed":false},"product_brand":[8435],"product_cat":[7253,8561,7263,7179],"product_tag":[],"class_list":{"0":"post-93192","1":"product","2":"type-product","3":"status-publish","4":"has-post-thumbnail","6":"product_brand-naturmil","7":"product_cat-digestion","8":"product_cat-naturmil-lleve-4-pago-3","9":"product_cat-packs-de-salud","10":"product_cat-salud","11":"pa_caracteristicas-sin-azucares-anadidos","12":"pa_caracteristicas-sin-gluten","13":"pa_caracteristicas-sin-lactosa","15":"first","16":"instock","17":"shipping-taxable","18":"purchasable","19":"product-type-simple","20":"add-to-wishlist-before_image"},"acf":[],"yoast_head":"<!-- This site is optimized with the Yoast SEO Premium plugin v27.1 (Yoast SEO v27.3) - https:\/\/yoast.com\/product\/yoast-seo-premium-wordpress\/ -->\n<title>Bromelina 500mg 45 Comprimidos - Naturmil - Lifenatura<\/title>\n<meta name=\"description\" content=\"La bromelina es conocida por sus potentes propiedades antiinflamatorias y digestivas. Este suplemento favorece la digesti\u00f3n y promueve la salud general.\" \/>\n<meta name=\"robots\" content=\"index, follow, max-snippet:-1, max-image-preview:large, max-video-preview:-1\" \/>\n<link rel=\"canonical\" href=\"https:\/\/www.lifenatura.com\/es\/produto\/bromelina-500mg-45-comprimidos-naturmil\/\" \/>\n<meta property=\"og:locale\" content=\"es_ES\" \/>\n<meta property=\"og:type\" content=\"article\" \/>\n<meta property=\"og:title\" content=\"Bromelina 500mg 45 Comprimidos - Naturmil - Lifenatura\" \/>\n<meta property=\"og:description\" content=\"Compre aqui o seu Bromelina 500mg 45 Comprimidos - Naturmil e a Lifenatura Online envia em 48 H com Portes Gratis &gt;35\u20ac de Pedido.\" \/>\n<meta property=\"og:url\" content=\"https:\/\/www.lifenatura.com\/es\/produto\/bromelina-500mg-45-comprimidos-naturmil\/\" \/>\n<meta property=\"og:site_name\" content=\"Lifenatura\" \/>\n<meta property=\"article:publisher\" content=\"https:\/\/www.facebook.com\/lifenatura\" \/>\n<meta property=\"article:modified_time\" content=\"2026-04-04T00:42:02+00:00\" \/>\n<meta property=\"og:image\" content=\"https:\/\/www.lifenatura.com\/wp-content\/uploads\/2024\/06\/bromelaina-500mg-45comprimidos-naturmil.jpg\" \/>\n\t<meta property=\"og:image:width\" content=\"1000\" \/>\n\t<meta property=\"og:image:height\" content=\"1000\" \/>\n\t<meta property=\"og:image:type\" content=\"image\/jpeg\" \/>\n<meta name=\"twitter:card\" content=\"summary_large_image\" \/>\n<meta name=\"twitter:label1\" content=\"Precio\" \/>\n\t<meta name=\"twitter:data1\" content=\"21,62&nbsp;&euro;\" \/>\n\t<meta name=\"twitter:label2\" content=\"Disponibilidad\" \/>\n\t<meta name=\"twitter:data2\" content=\"Disponible\" \/>\n<meta property=\"product:price:amount\" content=\"21.62\" \/>\n<meta property=\"product:price:currency\" content=\"EUR\" \/>\n<meta property=\"og:availability\" content=\"instock\" \/>\n<meta property=\"product:availability\" content=\"instock\" \/>\n<meta property=\"product:retailer_item_id\" content=\"5605481408984\" \/>\n<meta property=\"product:condition\" content=\"new\" \/>\n<!-- \/ Yoast SEO Premium plugin. -->","yoast_head_json":{"title":"Bromelina 500mg 45 Comprimidos - Naturmil - Lifenatura","description":"La bromelina es conocida por sus potentes propiedades antiinflamatorias y digestivas. Este suplemento favorece la digesti\u00f3n y promueve la salud general.","robots":{"index":"index","follow":"follow","max-snippet":"max-snippet:-1","max-image-preview":"max-image-preview:large","max-video-preview":"max-video-preview:-1"},"canonical":"https:\/\/www.lifenatura.com\/es\/produto\/bromelina-500mg-45-comprimidos-naturmil\/","og_locale":"es_ES","og_type":"article","og_title":"Bromelina 500mg 45 Comprimidos - Naturmil - Lifenatura","og_description":"Compre aqui o seu Bromelina 500mg 45 Comprimidos - Naturmil e a Lifenatura Online envia em 48 H com Portes Gratis >35\u20ac de Pedido.","og_url":"https:\/\/www.lifenatura.com\/es\/produto\/bromelina-500mg-45-comprimidos-naturmil\/","og_site_name":"Lifenatura","article_publisher":"https:\/\/www.facebook.com\/lifenatura","article_modified_time":"2026-04-04T00:42:02+00:00","og_image":[{"width":1000,"height":1000,"url":"https:\/\/www.lifenatura.com\/wp-content\/uploads\/2024\/06\/bromelaina-500mg-45comprimidos-naturmil.jpg","type":"image\/jpeg"}],"twitter_card":"summary_large_image","twitter_misc":{"Precio":"21,62&nbsp;&euro;","Disponibilidad":"Disponible"},"schema":{"@context":"https:\/\/schema.org","@graph":[{"@type":"WebPage","@id":"https:\/\/www.lifenatura.com\/es\/produto\/bromelina-500mg-45-comprimidos-naturmil\/","url":"https:\/\/www.lifenatura.com\/es\/produto\/bromelina-500mg-45-comprimidos-naturmil\/","name":"Bromelina 500mg 45 Comprimidos - Naturmil - Lifenatura","isPartOf":{"@id":"https:\/\/www.lifenatura.com\/es\/#website"},"primaryImageOfPage":{"@id":"https:\/\/www.lifenatura.com\/es\/produto\/bromelina-500mg-45-comprimidos-naturmil\/#primaryimage"},"image":{"@id":"https:\/\/www.lifenatura.com\/es\/produto\/bromelina-500mg-45-comprimidos-naturmil\/#primaryimage"},"thumbnailUrl":"https:\/\/www.lifenatura.com\/wp-content\/uploads\/2024\/06\/bromelaina-500mg-45comprimidos-naturmil.jpg","datePublished":"2024-06-11T12:06:17+00:00","dateModified":"2026-04-04T00:42:02+00:00","description":"La bromelina es conocida por sus potentes propiedades antiinflamatorias y digestivas. Este suplemento favorece la digesti\u00f3n y promueve la salud general.","breadcrumb":{"@id":"https:\/\/www.lifenatura.com\/es\/produto\/bromelina-500mg-45-comprimidos-naturmil\/#breadcrumb"},"inLanguage":"es","potentialAction":[{"@type":"ReadAction","target":["https:\/\/www.lifenatura.com\/es\/produto\/bromelina-500mg-45-comprimidos-naturmil\/"]}]},{"@type":"ImageObject","inLanguage":"es","@id":"https:\/\/www.lifenatura.com\/es\/produto\/bromelina-500mg-45-comprimidos-naturmil\/#primaryimage","url":"https:\/\/www.lifenatura.com\/wp-content\/uploads\/2024\/06\/bromelaina-500mg-45comprimidos-naturmil.jpg","contentUrl":"https:\/\/www.lifenatura.com\/wp-content\/uploads\/2024\/06\/bromelaina-500mg-45comprimidos-naturmil.jpg","width":1000,"height":1000,"caption":"Bromelina 500mg 45 Comprimidos - Naturmil"},{"@type":"BreadcrumbList","@id":"https:\/\/www.lifenatura.com\/es\/produto\/bromelina-500mg-45-comprimidos-naturmil\/#breadcrumb","itemListElement":[{"@type":"ListItem","position":1,"name":"In\u00edcio","item":"https:\/\/www.lifenatura.com\/es\/"},{"@type":"ListItem","position":2,"name":"Todos los Productos","item":"https:\/\/www.lifenatura.com\/es\/tienda\/"},{"@type":"ListItem","position":3,"name":"Bromelina 500mg 45 Comprimidos &#8211; Naturmil"}]},{"@type":"WebSite","@id":"https:\/\/www.lifenatura.com\/es\/#website","url":"https:\/\/www.lifenatura.com\/es\/","name":"Lifenatura","description":"A Lifenatura \u00e9 uma loja de produtos naturais, cosm\u00e9tica natural e alimenta\u00e7\u00e3o Biol\u00f3gica.","publisher":{"@id":"https:\/\/www.lifenatura.com\/es\/#organization"},"potentialAction":[{"@type":"SearchAction","target":{"@type":"EntryPoint","urlTemplate":"https:\/\/www.lifenatura.com\/es\/?s={search_term_string}"},"query-input":{"@type":"PropertyValueSpecification","valueRequired":true,"valueName":"search_term_string"}}],"inLanguage":"es"},{"@type":"Organization","@id":"https:\/\/www.lifenatura.com\/es\/#organization","name":"Lifenatura","url":"https:\/\/www.lifenatura.com\/es\/","logo":{"@type":"ImageObject","inLanguage":"es","@id":"https:\/\/www.lifenatura.com\/es\/#\/schema\/logo\/image\/","url":"https:\/\/www.lifenatura.com\/wp-content\/uploads\/2021\/11\/logo.png","contentUrl":"https:\/\/www.lifenatura.com\/wp-content\/uploads\/2021\/11\/logo.png","width":175,"height":55,"caption":"Lifenatura"},"image":{"@id":"https:\/\/www.lifenatura.com\/es\/#\/schema\/logo\/image\/"},"sameAs":["https:\/\/www.facebook.com\/lifenatura","https:\/\/www.instagram.com\/lifenaturapt\/"]}]},"product_price_amount":"21.62","product_price_currency":"EUR","og_availability":"instock","product_availability":"instock","product_retailer_item_id":"5605481408984","product_condition":"new"},"df_price":21.62,"df_sale_price":17.3,"df_regular_price":21.62,"df_image_link":"https:\/\/www.lifenatura.com\/wp-content\/uploads\/2024\/06\/bromelaina-500mg-45comprimidos-naturmil-300x300.jpg","_links":{"self":[{"href":"https:\/\/www.lifenatura.com\/es\/wp-json\/wp\/v2\/product\/93192","targetHints":{"allow":["GET"]}}],"collection":[{"href":"https:\/\/www.lifenatura.com\/es\/wp-json\/wp\/v2\/product"}],"about":[{"href":"https:\/\/www.lifenatura.com\/es\/wp-json\/wp\/v2\/types\/product"}],"wp:featuredmedia":[{"embeddable":true,"href":"https:\/\/www.lifenatura.com\/es\/wp-json\/wp\/v2\/media\/92898"}],"wp:attachment":[{"href":"https:\/\/www.lifenatura.com\/es\/wp-json\/wp\/v2\/media?parent=93192"}],"wp:term":[{"taxonomy":"product_brand","embeddable":true,"href":"https:\/\/www.lifenatura.com\/es\/wp-json\/wp\/v2\/product_brand?post=93192"},{"taxonomy":"product_cat","embeddable":true,"href":"https:\/\/www.lifenatura.com\/es\/wp-json\/wp\/v2\/product_cat?post=93192"},{"taxonomy":"product_tag","embeddable":true,"href":"https:\/\/www.lifenatura.com\/es\/wp-json\/wp\/v2\/product_tag?post=93192"}],"curies":[{"name":"wp","href":"https:\/\/api.w.org\/{rel}","templated":true}]}}