{"id":92326,"date":"2024-05-23T11:06:18","date_gmt":"2024-05-23T11:06:18","guid":{"rendered":"https:\/\/www.lifenatura.com\/produto\/pack-forte-detox-higado-forte-pharma\/"},"modified":"2026-04-08T01:19:12","modified_gmt":"2026-04-08T01:19:12","slug":"pack-forte-detox-higado-forte-pharma","status":"publish","type":"product","link":"https:\/\/www.lifenatura.com\/es\/produto\/pack-forte-detox-higado-forte-pharma\/","title":{"rendered":"Pack Fort\u00e9 Detox H\u00edgado &#8211; Forte Pharma"},"content":{"rendered":"<h2><strong>Fort\u00e9 Detox con acci\u00f3n desintoxicante hep\u00e1tica<\/strong><\/h2>\n<p>&nbsp;<\/p>\n<p>Fort\u00e9 Liver Detox de Forte Pharma es un complemento alimenticio dise\u00f1ado para favorecer la desintoxicaci\u00f3n y la salud del h\u00edgado. Formulado con ingredientes naturales como el cardo mariano, la alcachofa y el diente de le\u00f3n, este suplemento ayuda a promover la funci\u00f3n hep\u00e1tica y a eliminar las toxinas acumuladas en el organismo.<\/p>\n<p>Ideal para quienes desean mantener un h\u00edgado sano y funcional, Fort\u00e9 Liver Detox es una opci\u00f3n excelente para complementar tu rutina de bienestar.<\/p>\n<p><strong>Principales beneficios de Fort\u00e9 Liver Detox:<\/strong><\/p>\n<ul>\n<li><strong>Desintoxicaci\u00f3n hep\u00e1tica:<\/strong> Ayuda a eliminar las toxinas del h\u00edgado, favoreciendo un proceso de desintoxicaci\u00f3n natural y eficaz.<\/li>\n<li><strong>Favorece la funci\u00f3n hep\u00e1tica:<\/strong> Contribuye al buen funcionamiento del h\u00edgado, que es esencial para la salud general del organismo.<\/li>\n<li><strong>Propiedades antioxidantes:<\/strong> Los ingredientes naturales, como el cardo mariano, contienen antioxidantes que protegen las c\u00e9lulas hep\u00e1ticas contra el da\u00f1o oxidativo.<\/li>\n<li><strong>Salud digestiva:<\/strong> La alcachofa y el diente de le\u00f3n favorecen la digesti\u00f3n, ayudando a aliviar las molestias digestivas y promoviendo una digesti\u00f3n sana.<\/li>\n<\/ul>\n<p>Este suplemento natural est\u00e1 indicado tras periodos de exceso alcoh\u00f3lico, tras tratamiento con medicamentos o en caso de trastornos hep\u00e1ticos: <span class=\"s1\">esteatosis hep\u00e1tica<\/span>, transaminasas elevadas, hipercolesterolemia, hipertrigliceridemia, delipidemia e ictericia.<\/p>\n<p>Fort\u00e9 Detox H\u00edgado es un complemento alimenticio a base de desmosio, cardo mariano, br\u00e9col y achicoria, as\u00ed como vitaminas B5, B6, B9, amino\u00e1cidos y oligoelementos.<\/p>\n<p><strong>PRESENTACI\u00d3N<\/strong><\/p>\n<p>500 ml<\/p>\n<p>&nbsp;<\/p>\n","protected":false},"excerpt":{"rendered":"<p>Fort\u00e9 Detox h\u00edgado, ahora disponible en un envase promocional de 3 unidades, es ideal para desintoxicar, regenerar y proteger el h\u00edgado. [&#8230;]<\/p>\n<p><a class=\"btn btn-secondary understrap-read-more-link\" href=\"https:\/\/www.lifenatura.com\/es\/produto\/pack-forte-detox-higado-forte-pharma\/\">Leer m\u00e1s&#8230;<span class=\"screen-reader-text\"> from Pack Fort\u00e9 Detox H\u00edgado &#8211; Forte Pharma<\/span><\/a><\/p>\n","protected":false},"featured_media":91851,"template":"","meta":{"_acf_changed":false},"product_brand":[8557],"product_cat":[7677,7193,7254,7659,7263,7179],"product_tag":[],"class_list":{"0":"post-92326","1":"product","2":"type-product","3":"status-publish","4":"has-post-thumbnail","6":"product_brand-forte-pharma","7":"product_cat-cardo-mariano-bio","8":"product_cat-drenante-y-detox","9":"product_cat-higado-vesicula","10":"product_cat-ingrediente-natural-bio","11":"product_cat-packs-de-salud","12":"product_cat-salud","13":"pa_caracteristicas-sin-azucares-anadidos","14":"pa_caracteristicas-sin-gluten","15":"pa_caracteristicas-vegano","17":"first","18":"instock","19":"shipping-taxable","20":"purchasable","21":"product-type-simple","22":"add-to-wishlist-before_image"},"acf":[],"yoast_head":"<!-- This site is optimized with the Yoast SEO Premium plugin v27.1 (Yoast SEO v27.3) - https:\/\/yoast.com\/product\/yoast-seo-premium-wordpress\/ -->\n<title>Pack Fort\u00e9 Detox H\u00edgado - Forte Pharma - Lifenatura<\/title>\n<meta name=\"description\" content=\"Fort\u00e9 Detox h\u00edgado, ahora disponible en un envase promocional de 3 unidades, es ideal para desintoxicar, regenerar y proteger el h\u00edgado.\" \/>\n<meta name=\"robots\" content=\"index, follow, max-snippet:-1, max-image-preview:large, max-video-preview:-1\" \/>\n<link rel=\"canonical\" href=\"https:\/\/www.lifenatura.com\/es\/produto\/pack-forte-detox-higado-forte-pharma\/\" \/>\n<meta property=\"og:locale\" content=\"es_ES\" \/>\n<meta property=\"og:type\" content=\"article\" \/>\n<meta property=\"og:title\" content=\"Pack Fort\u00e9 Detox H\u00edgado - Forte Pharma - Lifenatura\" \/>\n<meta property=\"og:description\" content=\"Compre aqui o seu Pack Fort\u00e9 Detox H\u00edgado - Forte Pharma e a Lifenatura Online envia em 48 H com Portes Gratis &gt;35\u20ac de Pedido.\" \/>\n<meta property=\"og:url\" content=\"https:\/\/www.lifenatura.com\/es\/produto\/pack-forte-detox-higado-forte-pharma\/\" \/>\n<meta property=\"og:site_name\" content=\"Lifenatura\" \/>\n<meta property=\"article:publisher\" content=\"https:\/\/www.facebook.com\/lifenatura\" \/>\n<meta property=\"article:modified_time\" content=\"2026-04-08T01:19:12+00:00\" \/>\n<meta property=\"og:image\" content=\"https:\/\/www.lifenatura.com\/wp-content\/uploads\/2024\/05\/forte-detox-figado-pack-forte-pharma.jpg\" \/>\n\t<meta property=\"og:image:width\" content=\"1000\" \/>\n\t<meta property=\"og:image:height\" content=\"1000\" \/>\n\t<meta property=\"og:image:type\" content=\"image\/jpeg\" \/>\n<meta name=\"twitter:card\" content=\"summary_large_image\" \/>\n<meta name=\"twitter:label1\" content=\"Precio\" \/>\n\t<meta name=\"twitter:data1\" content=\"80,48&nbsp;&euro;\" \/>\n\t<meta name=\"twitter:label2\" content=\"Disponibilidad\" \/>\n\t<meta name=\"twitter:data2\" content=\"Disponible\" \/>\n<meta property=\"product:price:amount\" content=\"80.48\" \/>\n<meta property=\"product:price:currency\" content=\"EUR\" \/>\n<meta property=\"og:availability\" content=\"instock\" \/>\n<meta property=\"product:availability\" content=\"instock\" \/>\n<meta property=\"product:retailer_item_id\" content=\"7499343pack\" \/>\n<meta property=\"product:condition\" content=\"new\" \/>\n<!-- \/ Yoast SEO Premium plugin. -->","yoast_head_json":{"title":"Pack Fort\u00e9 Detox H\u00edgado - Forte Pharma - Lifenatura","description":"Fort\u00e9 Detox h\u00edgado, ahora disponible en un envase promocional de 3 unidades, es ideal para desintoxicar, regenerar y proteger el h\u00edgado.","robots":{"index":"index","follow":"follow","max-snippet":"max-snippet:-1","max-image-preview":"max-image-preview:large","max-video-preview":"max-video-preview:-1"},"canonical":"https:\/\/www.lifenatura.com\/es\/produto\/pack-forte-detox-higado-forte-pharma\/","og_locale":"es_ES","og_type":"article","og_title":"Pack Fort\u00e9 Detox H\u00edgado - Forte Pharma - Lifenatura","og_description":"Compre aqui o seu Pack Fort\u00e9 Detox H\u00edgado - Forte Pharma e a Lifenatura Online envia em 48 H com Portes Gratis >35\u20ac de Pedido.","og_url":"https:\/\/www.lifenatura.com\/es\/produto\/pack-forte-detox-higado-forte-pharma\/","og_site_name":"Lifenatura","article_publisher":"https:\/\/www.facebook.com\/lifenatura","article_modified_time":"2026-04-08T01:19:12+00:00","og_image":[{"width":1000,"height":1000,"url":"https:\/\/www.lifenatura.com\/wp-content\/uploads\/2024\/05\/forte-detox-figado-pack-forte-pharma.jpg","type":"image\/jpeg"}],"twitter_card":"summary_large_image","twitter_misc":{"Precio":"80,48&nbsp;&euro;","Disponibilidad":"Disponible"},"schema":{"@context":"https:\/\/schema.org","@graph":[{"@type":"WebPage","@id":"https:\/\/www.lifenatura.com\/es\/produto\/pack-forte-detox-higado-forte-pharma\/","url":"https:\/\/www.lifenatura.com\/es\/produto\/pack-forte-detox-higado-forte-pharma\/","name":"Pack Fort\u00e9 Detox H\u00edgado - Forte Pharma - Lifenatura","isPartOf":{"@id":"https:\/\/www.lifenatura.com\/es\/#website"},"primaryImageOfPage":{"@id":"https:\/\/www.lifenatura.com\/es\/produto\/pack-forte-detox-higado-forte-pharma\/#primaryimage"},"image":{"@id":"https:\/\/www.lifenatura.com\/es\/produto\/pack-forte-detox-higado-forte-pharma\/#primaryimage"},"thumbnailUrl":"https:\/\/www.lifenatura.com\/wp-content\/uploads\/2024\/05\/forte-detox-figado-pack-forte-pharma.jpg","datePublished":"2024-05-23T11:06:18+00:00","dateModified":"2026-04-08T01:19:12+00:00","description":"Fort\u00e9 Detox h\u00edgado, ahora disponible en un envase promocional de 3 unidades, es ideal para desintoxicar, regenerar y proteger el h\u00edgado.","breadcrumb":{"@id":"https:\/\/www.lifenatura.com\/es\/produto\/pack-forte-detox-higado-forte-pharma\/#breadcrumb"},"inLanguage":"es","potentialAction":[{"@type":"ReadAction","target":["https:\/\/www.lifenatura.com\/es\/produto\/pack-forte-detox-higado-forte-pharma\/"]}]},{"@type":"ImageObject","inLanguage":"es","@id":"https:\/\/www.lifenatura.com\/es\/produto\/pack-forte-detox-higado-forte-pharma\/#primaryimage","url":"https:\/\/www.lifenatura.com\/wp-content\/uploads\/2024\/05\/forte-detox-figado-pack-forte-pharma.jpg","contentUrl":"https:\/\/www.lifenatura.com\/wp-content\/uploads\/2024\/05\/forte-detox-figado-pack-forte-pharma.jpg","width":1000,"height":1000},{"@type":"BreadcrumbList","@id":"https:\/\/www.lifenatura.com\/es\/produto\/pack-forte-detox-higado-forte-pharma\/#breadcrumb","itemListElement":[{"@type":"ListItem","position":1,"name":"In\u00edcio","item":"https:\/\/www.lifenatura.com\/es\/"},{"@type":"ListItem","position":2,"name":"Todos los Productos","item":"https:\/\/www.lifenatura.com\/es\/tienda\/"},{"@type":"ListItem","position":3,"name":"Pack Fort\u00e9 Detox H\u00edgado &#8211; Forte Pharma"}]},{"@type":"WebSite","@id":"https:\/\/www.lifenatura.com\/es\/#website","url":"https:\/\/www.lifenatura.com\/es\/","name":"Lifenatura","description":"A Lifenatura \u00e9 uma loja de produtos naturais, cosm\u00e9tica natural e alimenta\u00e7\u00e3o Biol\u00f3gica.","publisher":{"@id":"https:\/\/www.lifenatura.com\/es\/#organization"},"potentialAction":[{"@type":"SearchAction","target":{"@type":"EntryPoint","urlTemplate":"https:\/\/www.lifenatura.com\/es\/?s={search_term_string}"},"query-input":{"@type":"PropertyValueSpecification","valueRequired":true,"valueName":"search_term_string"}}],"inLanguage":"es"},{"@type":"Organization","@id":"https:\/\/www.lifenatura.com\/es\/#organization","name":"Lifenatura","url":"https:\/\/www.lifenatura.com\/es\/","logo":{"@type":"ImageObject","inLanguage":"es","@id":"https:\/\/www.lifenatura.com\/es\/#\/schema\/logo\/image\/","url":"https:\/\/www.lifenatura.com\/wp-content\/uploads\/2021\/11\/logo.png","contentUrl":"https:\/\/www.lifenatura.com\/wp-content\/uploads\/2021\/11\/logo.png","width":175,"height":55,"caption":"Lifenatura"},"image":{"@id":"https:\/\/www.lifenatura.com\/es\/#\/schema\/logo\/image\/"},"sameAs":["https:\/\/www.facebook.com\/lifenatura","https:\/\/www.instagram.com\/lifenaturapt\/"]}]},"product_price_amount":"80.48","product_price_currency":"EUR","og_availability":"instock","product_availability":"instock","product_retailer_item_id":"7499343pack","product_condition":"new"},"df_price":80.48,"df_sale_price":54.69,"df_regular_price":80.48,"df_image_link":"https:\/\/www.lifenatura.com\/wp-content\/uploads\/2024\/05\/forte-detox-figado-pack-forte-pharma-300x300.jpg","_links":{"self":[{"href":"https:\/\/www.lifenatura.com\/es\/wp-json\/wp\/v2\/product\/92326","targetHints":{"allow":["GET"]}}],"collection":[{"href":"https:\/\/www.lifenatura.com\/es\/wp-json\/wp\/v2\/product"}],"about":[{"href":"https:\/\/www.lifenatura.com\/es\/wp-json\/wp\/v2\/types\/product"}],"wp:featuredmedia":[{"embeddable":true,"href":"https:\/\/www.lifenatura.com\/es\/wp-json\/wp\/v2\/media\/91851"}],"wp:attachment":[{"href":"https:\/\/www.lifenatura.com\/es\/wp-json\/wp\/v2\/media?parent=92326"}],"wp:term":[{"taxonomy":"product_brand","embeddable":true,"href":"https:\/\/www.lifenatura.com\/es\/wp-json\/wp\/v2\/product_brand?post=92326"},{"taxonomy":"product_cat","embeddable":true,"href":"https:\/\/www.lifenatura.com\/es\/wp-json\/wp\/v2\/product_cat?post=92326"},{"taxonomy":"product_tag","embeddable":true,"href":"https:\/\/www.lifenatura.com\/es\/wp-json\/wp\/v2\/product_tag?post=92326"}],"curies":[{"name":"wp","href":"https:\/\/api.w.org\/{rel}","templated":true}]}}