{"id":92310,"date":"2024-05-16T15:49:06","date_gmt":"2024-05-16T15:49:06","guid":{"rendered":"https:\/\/www.lifenatura.com\/produto\/aceite-esencial-de-eucalipto-globulus-bio-10ml-physalis\/"},"modified":"2024-05-28T12:27:39","modified_gmt":"2024-05-28T12:27:39","slug":"aceite-esencial-de-eucalipto-globulus-bio-10ml-physalis","status":"publish","type":"product","link":"https:\/\/www.lifenatura.com\/es\/produto\/aceite-esencial-de-eucalipto-globulus-bio-10ml-physalis\/","title":{"rendered":"Aceite Esencial de Eucalipto Globulus Bio 10ml &#8211; Physalis"},"content":{"rendered":"<h2 style=\"text-align: left;\">Aceite esencal de Eucalipto de la marca Physalis<\/h2>\n<p>&nbsp;<\/p>\n<p>El aceite esencial de eucalipto globulus es un producto natural puro extra\u00eddo de las hojas de eucalipto globulus mediante un proceso de destilaci\u00f3n al vapor. Conocido por su aroma fresco y penetrante, este aceite esencial se utiliza mucho en aromaterapia y pr\u00e1cticas de bienestar.<\/p>\n<p>A menudo se utiliza para ablandar las v\u00edas respiratorias y facilitar la respiraci\u00f3n. Calienta los m\u00fasculos y las articulaciones cuando se aplica en masaje. Tambi\u00e9n puede utilizarse como repelente natural debido a su aroma.<\/p>\n<p>Physalis garantiza la m\u00e1xima calidad y pureza en cada frasco, proporcionando un producto eficaz y seguro para diversas aplicaciones.<\/p>\n<p><strong>Sus principales ventajas:<\/strong><\/p>\n<ul>\n<li><strong>Apoyo al sistema respiratorio<\/strong>: es eficaz para aliviar problemas respiratorios como la congesti\u00f3n nasal, la tos y la bronquitis, ayudando a abrir las v\u00edas respiratorias y facilitando la respiraci\u00f3n.<\/li>\n<li><strong>Propiedades antis\u00e9pticas<\/strong> y <strong>antibacterianas<\/strong>: tiene propiedades antis\u00e9pticas y antibacterianas y es \u00fatil para desinfectar heridas y prevenir infecciones.<\/li>\n<li><strong>Alivio del dolor muscular y articular<\/strong>: puede utilizarse en masajes para aliviar el dolor muscular y articular, gracias a sus propiedades antiinflamatorias y analg\u00e9sicas.<\/li>\n<li><strong>Acci\u00f3n energizante y refrescante<\/strong>: el penetrante aroma del aceite de eucalipto globulus es tonificante, ayudando a combatir la fatiga y a mejorar la concentraci\u00f3n y el enfoque mental.<\/li>\n<li><strong>Repelente de insectos natural<\/strong>: conocido por sus propiedades repelentes de insectos, ofrece una alternativa natural y eficaz para mantener alejados a los insectos.<\/li>\n<li><strong>Promover<\/strong> el bienestar general: utilizando este aceite esencial, es posible mejorar la sensaci\u00f3n de bienestar general, promoviendo un ambiente fresco y purificado.<\/li>\n<\/ul>\n<p><strong>PRESENTACI\u00d3N<\/strong><\/p>\n<p>30 ml<\/p>\n<p>&nbsp;<\/p>\n","protected":false},"excerpt":{"rendered":"<p>El aceite esencial de eucalipto globulus tiene un aroma fresco y suele utilizarse para aliviar las v\u00edas respiratorias y facilitar la respiraci\u00f3n. [&#8230;]<\/p>\n<p><a class=\"btn btn-secondary understrap-read-more-link\" href=\"https:\/\/www.lifenatura.com\/es\/produto\/aceite-esencial-de-eucalipto-globulus-bio-10ml-physalis\/\">Leer m\u00e1s&#8230;<span class=\"screen-reader-text\"> from Aceite Esencial de Eucalipto Globulus Bio 10ml &#8211; Physalis<\/span><\/a><\/p>\n","protected":false},"featured_media":92063,"template":"","meta":{"_acf_changed":false},"product_brand":[8318],"product_cat":[7201,7205,7206],"product_tag":[],"class_list":{"0":"post-92310","1":"product","2":"type-product","3":"status-publish","4":"has-post-thumbnail","6":"product_brand-physalis-es","7":"product_cat-aromaterapia-salud","8":"product_cat-articulaciones","9":"product_cat-musculos-salud","10":"pa_caracteristicas-biologico","12":"first","13":"instock","14":"shipping-taxable","15":"purchasable","16":"product-type-simple","17":"add-to-wishlist-before_image"},"acf":[],"yoast_head":"<!-- This site is optimized with the Yoast SEO Premium plugin v27.1 (Yoast SEO v27.4) - https:\/\/yoast.com\/product\/yoast-seo-premium-wordpress\/ -->\n<title>Aceite Esencial de Eucalipto Globulus Bio 10ml - Physalis - Lifenatura<\/title>\n<meta name=\"description\" content=\"El aceite esencial de eucalipto globulus tiene un aroma fresco y suele utilizarse para aliviar las v\u00edas respiratorias y facilitar la respiraci\u00f3n.\" \/>\n<meta name=\"robots\" content=\"index, follow, max-snippet:-1, max-image-preview:large, max-video-preview:-1\" \/>\n<link rel=\"canonical\" href=\"https:\/\/www.lifenatura.com\/es\/produto\/aceite-esencial-de-eucalipto-globulus-bio-10ml-physalis\/\" \/>\n<meta property=\"og:locale\" content=\"es_ES\" \/>\n<meta property=\"og:type\" content=\"article\" \/>\n<meta property=\"og:title\" content=\"Aceite Esencial de Eucalipto Globulus Bio 10ml - Physalis - Lifenatura\" \/>\n<meta property=\"og:description\" content=\"Compre aqui o seu Aceite Esencial de Eucalipto Globulus Bio 10ml - Physalis e a Lifenatura Online envia em 48 H com Portes Gratis &gt;35\u20ac de Pedido.\" \/>\n<meta property=\"og:url\" content=\"https:\/\/www.lifenatura.com\/es\/produto\/aceite-esencial-de-eucalipto-globulus-bio-10ml-physalis\/\" \/>\n<meta property=\"og:site_name\" content=\"Lifenatura\" \/>\n<meta property=\"article:publisher\" content=\"https:\/\/www.facebook.com\/lifenatura\" \/>\n<meta property=\"article:modified_time\" content=\"2024-05-28T12:27:39+00:00\" \/>\n<meta property=\"og:image\" content=\"https:\/\/www.lifenatura.com\/wp-content\/uploads\/2024\/05\/oleo-essencial-eucalipto-globulus-bio-physalis.jpg\" \/>\n\t<meta property=\"og:image:width\" content=\"1000\" \/>\n\t<meta property=\"og:image:height\" content=\"1000\" \/>\n\t<meta property=\"og:image:type\" content=\"image\/jpeg\" \/>\n<meta name=\"twitter:card\" content=\"summary_large_image\" \/>\n<meta name=\"twitter:label1\" content=\"Precio\" \/>\n\t<meta name=\"twitter:data1\" content=\"6,39&nbsp;&euro;\" \/>\n\t<meta name=\"twitter:label2\" content=\"Disponibilidad\" \/>\n\t<meta name=\"twitter:data2\" content=\"Disponible\" \/>\n<meta property=\"product:price:amount\" content=\"6.39\" \/>\n<meta property=\"product:price:currency\" content=\"EUR\" \/>\n<meta property=\"og:availability\" content=\"instock\" \/>\n<meta property=\"product:availability\" content=\"instock\" \/>\n<meta property=\"product:retailer_item_id\" content=\"5412360004164\" \/>\n<meta property=\"product:condition\" content=\"new\" \/>\n<!-- \/ Yoast SEO Premium plugin. -->","yoast_head_json":{"title":"Aceite Esencial de Eucalipto Globulus Bio 10ml - Physalis - Lifenatura","description":"El aceite esencial de eucalipto globulus tiene un aroma fresco y suele utilizarse para aliviar las v\u00edas respiratorias y facilitar la respiraci\u00f3n.","robots":{"index":"index","follow":"follow","max-snippet":"max-snippet:-1","max-image-preview":"max-image-preview:large","max-video-preview":"max-video-preview:-1"},"canonical":"https:\/\/www.lifenatura.com\/es\/produto\/aceite-esencial-de-eucalipto-globulus-bio-10ml-physalis\/","og_locale":"es_ES","og_type":"article","og_title":"Aceite Esencial de Eucalipto Globulus Bio 10ml - Physalis - Lifenatura","og_description":"Compre aqui o seu Aceite Esencial de Eucalipto Globulus Bio 10ml - Physalis e a Lifenatura Online envia em 48 H com Portes Gratis >35\u20ac de Pedido.","og_url":"https:\/\/www.lifenatura.com\/es\/produto\/aceite-esencial-de-eucalipto-globulus-bio-10ml-physalis\/","og_site_name":"Lifenatura","article_publisher":"https:\/\/www.facebook.com\/lifenatura","article_modified_time":"2024-05-28T12:27:39+00:00","og_image":[{"width":1000,"height":1000,"url":"https:\/\/www.lifenatura.com\/wp-content\/uploads\/2024\/05\/oleo-essencial-eucalipto-globulus-bio-physalis.jpg","type":"image\/jpeg"}],"twitter_card":"summary_large_image","twitter_misc":{"Precio":"6,39&nbsp;&euro;","Disponibilidad":"Disponible"},"schema":{"@context":"https:\/\/schema.org","@graph":[{"@type":"WebPage","@id":"https:\/\/www.lifenatura.com\/es\/produto\/aceite-esencial-de-eucalipto-globulus-bio-10ml-physalis\/","url":"https:\/\/www.lifenatura.com\/es\/produto\/aceite-esencial-de-eucalipto-globulus-bio-10ml-physalis\/","name":"Aceite Esencial de Eucalipto Globulus Bio 10ml - Physalis - Lifenatura","isPartOf":{"@id":"https:\/\/www.lifenatura.com\/#website"},"primaryImageOfPage":{"@id":"https:\/\/www.lifenatura.com\/es\/produto\/aceite-esencial-de-eucalipto-globulus-bio-10ml-physalis\/#primaryimage"},"image":{"@id":"https:\/\/www.lifenatura.com\/es\/produto\/aceite-esencial-de-eucalipto-globulus-bio-10ml-physalis\/#primaryimage"},"thumbnailUrl":"https:\/\/www.lifenatura.com\/wp-content\/uploads\/2024\/05\/oleo-essencial-eucalipto-globulus-bio-physalis.jpg","datePublished":"2024-05-16T15:49:06+00:00","dateModified":"2024-05-28T12:27:39+00:00","description":"El aceite esencial de eucalipto globulus tiene un aroma fresco y suele utilizarse para aliviar las v\u00edas respiratorias y facilitar la respiraci\u00f3n.","breadcrumb":{"@id":"https:\/\/www.lifenatura.com\/es\/produto\/aceite-esencial-de-eucalipto-globulus-bio-10ml-physalis\/#breadcrumb"},"inLanguage":"es","potentialAction":[{"@type":"ReadAction","target":["https:\/\/www.lifenatura.com\/es\/produto\/aceite-esencial-de-eucalipto-globulus-bio-10ml-physalis\/"]}]},{"@type":"ImageObject","inLanguage":"es","@id":"https:\/\/www.lifenatura.com\/es\/produto\/aceite-esencial-de-eucalipto-globulus-bio-10ml-physalis\/#primaryimage","url":"https:\/\/www.lifenatura.com\/wp-content\/uploads\/2024\/05\/oleo-essencial-eucalipto-globulus-bio-physalis.jpg","contentUrl":"https:\/\/www.lifenatura.com\/wp-content\/uploads\/2024\/05\/oleo-essencial-eucalipto-globulus-bio-physalis.jpg","width":1000,"height":1000,"caption":"Aceite Esencial de Eucalipto Globulus Bio - 10ml - Physalis"},{"@type":"BreadcrumbList","@id":"https:\/\/www.lifenatura.com\/es\/produto\/aceite-esencial-de-eucalipto-globulus-bio-10ml-physalis\/#breadcrumb","itemListElement":[{"@type":"ListItem","position":1,"name":"In\u00edcio","item":"https:\/\/www.lifenatura.com\/es\/"},{"@type":"ListItem","position":2,"name":"Todos los Productos","item":"https:\/\/www.lifenatura.com\/es\/tienda\/"},{"@type":"ListItem","position":3,"name":"Aceite Esencial de Eucalipto Globulus Bio 10ml &#8211; Physalis"}]},{"@type":"WebSite","@id":"https:\/\/www.lifenatura.com\/#website","url":"https:\/\/www.lifenatura.com\/","name":"Lifenatura","description":"A Lifenatura \u00e9 uma loja de produtos naturais, cosm\u00e9tica natural e alimenta\u00e7\u00e3o Biol\u00f3gica.","publisher":{"@id":"https:\/\/www.lifenatura.com\/#organization"},"potentialAction":[{"@type":"SearchAction","target":{"@type":"EntryPoint","urlTemplate":"https:\/\/www.lifenatura.com\/?s={search_term_string}"},"query-input":{"@type":"PropertyValueSpecification","valueRequired":true,"valueName":"search_term_string"}}],"inLanguage":"es"},{"@type":"Organization","@id":"https:\/\/www.lifenatura.com\/#organization","name":"Lifenatura","url":"https:\/\/www.lifenatura.com\/","logo":{"@type":"ImageObject","inLanguage":"es","@id":"https:\/\/www.lifenatura.com\/#\/schema\/logo\/image\/","url":"https:\/\/www.lifenatura.com\/wp-content\/uploads\/2021\/11\/logo.png","contentUrl":"https:\/\/www.lifenatura.com\/wp-content\/uploads\/2021\/11\/logo.png","width":175,"height":55,"caption":"Lifenatura"},"image":{"@id":"https:\/\/www.lifenatura.com\/#\/schema\/logo\/image\/"},"sameAs":["https:\/\/www.facebook.com\/lifenatura","https:\/\/www.instagram.com\/lifenaturapt\/"]}]},"product_price_amount":"6.39","product_price_currency":"EUR","og_availability":"instock","product_availability":"instock","product_retailer_item_id":"5412360004164","product_condition":"new"},"df_price":6.39,"df_sale_price":"","df_regular_price":6.39,"df_image_link":"https:\/\/www.lifenatura.com\/wp-content\/uploads\/2024\/05\/oleo-essencial-eucalipto-globulus-bio-physalis-300x300.jpg","_links":{"self":[{"href":"https:\/\/www.lifenatura.com\/es\/wp-json\/wp\/v2\/product\/92310","targetHints":{"allow":["GET"]}}],"collection":[{"href":"https:\/\/www.lifenatura.com\/es\/wp-json\/wp\/v2\/product"}],"about":[{"href":"https:\/\/www.lifenatura.com\/es\/wp-json\/wp\/v2\/types\/product"}],"wp:featuredmedia":[{"embeddable":true,"href":"https:\/\/www.lifenatura.com\/es\/wp-json\/wp\/v2\/media\/92063"}],"wp:attachment":[{"href":"https:\/\/www.lifenatura.com\/es\/wp-json\/wp\/v2\/media?parent=92310"}],"wp:term":[{"taxonomy":"product_brand","embeddable":true,"href":"https:\/\/www.lifenatura.com\/es\/wp-json\/wp\/v2\/product_brand?post=92310"},{"taxonomy":"product_cat","embeddable":true,"href":"https:\/\/www.lifenatura.com\/es\/wp-json\/wp\/v2\/product_cat?post=92310"},{"taxonomy":"product_tag","embeddable":true,"href":"https:\/\/www.lifenatura.com\/es\/wp-json\/wp\/v2\/product_tag?post=92310"}],"curies":[{"name":"wp","href":"https:\/\/api.w.org\/{rel}","templated":true}]}}