{"id":92059,"date":"2024-03-26T17:13:21","date_gmt":"2024-03-26T17:13:21","guid":{"rendered":"https:\/\/www.lifenatura.com\/produto\/melatonina-toma-3-paga-2-juventus\/"},"modified":"2026-04-21T00:03:39","modified_gmt":"2026-04-21T00:03:39","slug":"melatonina-toma-3-paga-2-juventus","status":"publish","type":"product","link":"https:\/\/www.lifenatura.com\/es\/produto\/melatonina-toma-3-paga-2-juventus\/","title":{"rendered":"Melatonina Toma 3 Paga 2 &#8211; Juventus"},"content":{"rendered":"<h2 style=\"text-align: left;\"><strong>Melatonina que ayuda a reducir el tiempo de sue\u00f1o<\/strong><\/h2>\n<p>&nbsp;<\/p>\n<p class=\"p1\">La melatonina es un complemento alimenticio en comprimidos bucodispersables para un inicio de acci\u00f3n m\u00e1s r\u00e1pido, que contienen 1,98 mg de melatonina.<\/p>\n<p><strong>Ahora disponible en un pack promocional Lleva 3 Paga 2<\/strong><\/p>\n<p>La Melatonina Juventus es un complemento alimenticio especialmente formulado para ayudar a regular el ciclo del sue\u00f1o, favoreciendo noches de descanso profundo y revitalizante.<\/p>\n<p>Cada comprimido contiene una dosis precisa de melatonina, una hormona natural producida por el organismo que desempe\u00f1a un papel crucial en la regulaci\u00f3n de los ritmos circadianos. Ideal para las personas que padecen insomnio, jet lag o tienen problemas para conciliar el sue\u00f1o, este producto es la soluci\u00f3n perfecta para mejorar la calidad del sue\u00f1o de forma segura y eficaz.<\/p>\n<p><strong>Principales beneficios de la melatonina:<\/strong><\/p>\n<ul>\n<li><strong>Regulaci\u00f3n del ciclo del sue\u00f1o:<\/strong> La melatonina ayuda a ajustar el reloj biol\u00f3gico, lo que facilita conciliar el sue\u00f1o y despertarse a las horas deseadas.<\/li>\n<li><strong>Mejora la calidad del sue\u00f1o:<\/strong> Favorece un sue\u00f1o m\u00e1s profundo y reparador, esencial para la recuperaci\u00f3n f\u00edsica y mental.<\/li>\n<li><strong>Alivio del insomnio:<\/strong> Ideal para quienes padecen insomnio ocasional, ya que ayuda a reducir el tiempo que se tarda en conciliar el sue\u00f1o.<\/li>\n<li><strong>Eficaz para combatir el desfase horario:<\/strong> Ayuda al organismo a adaptarse a nuevas zonas horarias, minimizando los efectos del desfase horario.<\/li>\n<li><strong>F\u00f3rmula natural y segura:<\/strong> Suplemento basado en una hormona presente de forma natural en el organismo, lo que garantiza su seguridad y eficacia en el uso diario.<\/li>\n<\/ul>\n<p><strong>PRESENTACI\u00d3N<\/strong><\/p>\n<p class=\"p1\">120 comprimidos bucodispersables x 3<\/p>\n<p>&nbsp;<\/p>\n","protected":false},"excerpt":{"rendered":"<p>La melatonina de la marca Juventus ya est\u00e1 disponible en Lifenatura en el envase promocional Toma 3 Paga 2, ideal para quienes tienen dificultades para conciliar el sue\u00f1o. [&#8230;]<\/p>\n<p><a class=\"btn btn-secondary understrap-read-more-link\" href=\"https:\/\/www.lifenatura.com\/es\/produto\/melatonina-toma-3-paga-2-juventus\/\">Leer m\u00e1s&#8230;<span class=\"screen-reader-text\"> from Melatonina Toma 3 Paga 2 &#8211; Juventus<\/span><\/a><\/p>\n","protected":false},"featured_media":87948,"template":"","meta":{"_acf_changed":false},"product_brand":[8463],"product_cat":[7214,7659,7276,8060,7263,7179],"product_tag":[],"class_list":{"0":"post-92059","1":"product","2":"type-product","3":"status-publish","4":"has-post-thumbnail","6":"product_brand-juventus-es","7":"product_cat-para-dormir","8":"product_cat-ingrediente-natural-bio","9":"product_cat-lleve-3-pago-2","10":"product_cat-melatonina-es","11":"product_cat-packs-de-salud","12":"product_cat-salud","14":"first","15":"instock","16":"sale","17":"shipping-taxable","18":"purchasable","19":"product-type-simple","20":"add-to-wishlist-before_image"},"acf":[],"yoast_head":"<!-- This site is optimized with the Yoast SEO Premium plugin v27.1 (Yoast SEO v27.5) - https:\/\/yoast.com\/product\/yoast-seo-premium-wordpress\/ -->\n<title>Melatonina Toma 3 Paga 2 - Juventus - Na Lifenatura ao Melhor Pre\u00e7o | Envio em 48h<\/title>\n<meta name=\"description\" content=\"La melatonina est\u00e1 disponible en Lifenatura en el envase promocional Toma 3 Paga 2, ideal para quienes tienen dificultades para conciliar el sue\u00f1o.\" \/>\n<meta name=\"robots\" content=\"index, follow, max-snippet:-1, max-image-preview:large, max-video-preview:-1\" \/>\n<link rel=\"canonical\" href=\"https:\/\/www.lifenatura.com\/es\/produto\/melatonina-toma-3-paga-2-juventus\/\" \/>\n<meta property=\"og:locale\" content=\"es_ES\" \/>\n<meta property=\"og:type\" content=\"article\" \/>\n<meta property=\"og:title\" content=\"Melatonina Toma 3 Paga 2 - Juventus - Na Lifenatura ao Melhor Pre\u00e7o | Envio 48h\" \/>\n<meta property=\"og:description\" content=\"Compre Melatonina Toma 3 Paga 2 - Juventus com envio r\u00e1pido. Entrega em 48h e portes gr\u00e1tis em compras &gt;35\u20ac. Aproveite j\u00e1 na Lifenatura\" \/>\n<meta property=\"og:url\" content=\"https:\/\/www.lifenatura.com\/es\/produto\/melatonina-toma-3-paga-2-juventus\/\" \/>\n<meta property=\"og:site_name\" content=\"Lifenatura\" \/>\n<meta property=\"article:publisher\" content=\"https:\/\/www.facebook.com\/lifenatura\" \/>\n<meta property=\"article:modified_time\" content=\"2026-04-21T00:03:39+00:00\" \/>\n<meta property=\"og:image\" content=\"https:\/\/www.lifenatura.com\/wp-content\/uploads\/2024\/03\/melatonina-pack-juventus.jpg\" \/>\n\t<meta property=\"og:image:width\" content=\"1000\" \/>\n\t<meta property=\"og:image:height\" content=\"1000\" \/>\n\t<meta property=\"og:image:type\" content=\"image\/jpeg\" \/>\n<meta name=\"twitter:card\" content=\"summary_large_image\" \/>\n<meta name=\"twitter:label1\" content=\"Precio\" \/>\n\t<meta name=\"twitter:data1\" content=\"31,98&nbsp;&euro;\" \/>\n\t<meta name=\"twitter:label2\" content=\"Disponibilidad\" \/>\n\t<meta name=\"twitter:data2\" content=\"Disponible\" \/>\n<script type=\"application\/ld+json\" class=\"yoast-schema-graph\">{\"@context\":\"https:\\\/\\\/schema.org\",\"@graph\":[{\"@type\":\"WebPage\",\"@id\":\"https:\\\/\\\/www.lifenatura.com\\\/es\\\/produto\\\/melatonina-toma-3-paga-2-juventus\\\/\",\"url\":\"https:\\\/\\\/www.lifenatura.com\\\/es\\\/produto\\\/melatonina-toma-3-paga-2-juventus\\\/\",\"name\":\"Melatonina Toma 3 Paga 2 - Juventus - Na Lifenatura ao Melhor Pre\u00e7o | Envio em 48h\",\"isPartOf\":{\"@id\":\"https:\\\/\\\/www.lifenatura.com\\\/es\\\/#website\"},\"primaryImageOfPage\":{\"@id\":\"https:\\\/\\\/www.lifenatura.com\\\/es\\\/produto\\\/melatonina-toma-3-paga-2-juventus\\\/#primaryimage\"},\"image\":{\"@id\":\"https:\\\/\\\/www.lifenatura.com\\\/es\\\/produto\\\/melatonina-toma-3-paga-2-juventus\\\/#primaryimage\"},\"thumbnailUrl\":\"https:\\\/\\\/www.lifenatura.com\\\/wp-content\\\/uploads\\\/2024\\\/03\\\/melatonina-pack-juventus.jpg\",\"datePublished\":\"2024-03-26T17:13:21+00:00\",\"dateModified\":\"2026-04-21T00:03:39+00:00\",\"description\":\"La melatonina est\u00e1 disponible en Lifenatura en el envase promocional Toma 3 Paga 2, ideal para quienes tienen dificultades para conciliar el sue\u00f1o.\",\"breadcrumb\":{\"@id\":\"https:\\\/\\\/www.lifenatura.com\\\/es\\\/produto\\\/melatonina-toma-3-paga-2-juventus\\\/#breadcrumb\"},\"inLanguage\":\"es\",\"potentialAction\":[{\"@type\":\"ReadAction\",\"target\":[\"https:\\\/\\\/www.lifenatura.com\\\/es\\\/produto\\\/melatonina-toma-3-paga-2-juventus\\\/\"]}]},{\"@type\":\"ImageObject\",\"inLanguage\":\"es\",\"@id\":\"https:\\\/\\\/www.lifenatura.com\\\/es\\\/produto\\\/melatonina-toma-3-paga-2-juventus\\\/#primaryimage\",\"url\":\"https:\\\/\\\/www.lifenatura.com\\\/wp-content\\\/uploads\\\/2024\\\/03\\\/melatonina-pack-juventus.jpg\",\"contentUrl\":\"https:\\\/\\\/www.lifenatura.com\\\/wp-content\\\/uploads\\\/2024\\\/03\\\/melatonina-pack-juventus.jpg\",\"width\":1000,\"height\":1000,\"caption\":\"Paquete de pastillas de Melatonina Juventus\"},{\"@type\":\"BreadcrumbList\",\"@id\":\"https:\\\/\\\/www.lifenatura.com\\\/es\\\/produto\\\/melatonina-toma-3-paga-2-juventus\\\/#breadcrumb\",\"itemListElement\":[{\"@type\":\"ListItem\",\"position\":1,\"name\":\"In\u00edcio\",\"item\":\"https:\\\/\\\/www.lifenatura.com\\\/es\\\/\"},{\"@type\":\"ListItem\",\"position\":2,\"name\":\"Todos los Productos\",\"item\":\"https:\\\/\\\/www.lifenatura.com\\\/es\\\/tienda\\\/\"},{\"@type\":\"ListItem\",\"position\":3,\"name\":\"Melatonina Toma 3 Paga 2 &#8211; Juventus\"}]},{\"@type\":\"WebSite\",\"@id\":\"https:\\\/\\\/www.lifenatura.com\\\/es\\\/#website\",\"url\":\"https:\\\/\\\/www.lifenatura.com\\\/es\\\/\",\"name\":\"Lifenatura\",\"description\":\"A Lifenatura \u00e9 uma loja de produtos naturais, cosm\u00e9tica natural e alimenta\u00e7\u00e3o Biol\u00f3gica.\",\"publisher\":{\"@id\":\"https:\\\/\\\/www.lifenatura.com\\\/es\\\/#organization\"},\"potentialAction\":[{\"@type\":\"SearchAction\",\"target\":{\"@type\":\"EntryPoint\",\"urlTemplate\":\"https:\\\/\\\/www.lifenatura.com\\\/es\\\/?s={search_term_string}\"},\"query-input\":{\"@type\":\"PropertyValueSpecification\",\"valueRequired\":true,\"valueName\":\"search_term_string\"}}],\"inLanguage\":\"es\"},{\"@type\":\"Organization\",\"@id\":\"https:\\\/\\\/www.lifenatura.com\\\/es\\\/#organization\",\"name\":\"Lifenatura\",\"url\":\"https:\\\/\\\/www.lifenatura.com\\\/es\\\/\",\"logo\":{\"@type\":\"ImageObject\",\"inLanguage\":\"es\",\"@id\":\"https:\\\/\\\/www.lifenatura.com\\\/es\\\/#\\\/schema\\\/logo\\\/image\\\/\",\"url\":\"https:\\\/\\\/www.lifenatura.com\\\/wp-content\\\/uploads\\\/2021\\\/07\\\/logo.png\",\"contentUrl\":\"https:\\\/\\\/www.lifenatura.com\\\/wp-content\\\/uploads\\\/2021\\\/07\\\/logo.png\",\"width\":175,\"height\":55,\"caption\":\"Lifenatura\"},\"image\":{\"@id\":\"https:\\\/\\\/www.lifenatura.com\\\/es\\\/#\\\/schema\\\/logo\\\/image\\\/\"},\"sameAs\":[\"https:\\\/\\\/www.facebook.com\\\/lifenatura\",\"https:\\\/\\\/www.instagram.com\\\/lifenaturapt\\\/\"],\"hasMerchantReturnPolicy\":{\"@type\":\"MerchantReturnPolicy\",\"merchantReturnLink\":\"https:\\\/\\\/www.lifenatura.com\\\/termos-condicoes-lifenatura\\\/\"}}]}<\/script>\n<meta property=\"product:price:amount\" content=\"31.98\" \/>\n<meta property=\"product:price:currency\" content=\"EUR\" \/>\n<meta property=\"og:availability\" content=\"instock\" \/>\n<meta property=\"product:availability\" content=\"instock\" \/>\n<meta property=\"product:retailer_item_id\" content=\"5601653019590pack\" \/>\n<meta property=\"product:condition\" content=\"new\" \/>\n<!-- \/ Yoast SEO Premium plugin. -->","yoast_head_json":{"title":"Melatonina Toma 3 Paga 2 - Juventus - Na Lifenatura ao Melhor Pre\u00e7o | Envio em 48h","description":"La melatonina est\u00e1 disponible en Lifenatura en el envase promocional Toma 3 Paga 2, ideal para quienes tienen dificultades para conciliar el sue\u00f1o.","robots":{"index":"index","follow":"follow","max-snippet":"max-snippet:-1","max-image-preview":"max-image-preview:large","max-video-preview":"max-video-preview:-1"},"canonical":"https:\/\/www.lifenatura.com\/es\/produto\/melatonina-toma-3-paga-2-juventus\/","og_locale":"es_ES","og_type":"article","og_title":"Melatonina Toma 3 Paga 2 - Juventus - Na Lifenatura ao Melhor Pre\u00e7o | Envio 48h","og_description":"Compre Melatonina Toma 3 Paga 2 - Juventus com envio r\u00e1pido. Entrega em 48h e portes gr\u00e1tis em compras >35\u20ac. Aproveite j\u00e1 na Lifenatura","og_url":"https:\/\/www.lifenatura.com\/es\/produto\/melatonina-toma-3-paga-2-juventus\/","og_site_name":"Lifenatura","article_publisher":"https:\/\/www.facebook.com\/lifenatura","article_modified_time":"2026-04-21T00:03:39+00:00","og_image":[{"width":1000,"height":1000,"url":"https:\/\/www.lifenatura.com\/wp-content\/uploads\/2024\/03\/melatonina-pack-juventus.jpg","type":"image\/jpeg"}],"twitter_card":"summary_large_image","twitter_misc":{"Precio":"31,98&nbsp;&euro;","Disponibilidad":"Disponible"},"schema":{"@context":"https:\/\/schema.org","@graph":[{"@type":"WebPage","@id":"https:\/\/www.lifenatura.com\/es\/produto\/melatonina-toma-3-paga-2-juventus\/","url":"https:\/\/www.lifenatura.com\/es\/produto\/melatonina-toma-3-paga-2-juventus\/","name":"Melatonina Toma 3 Paga 2 - Juventus - Na Lifenatura ao Melhor Pre\u00e7o | Envio em 48h","isPartOf":{"@id":"https:\/\/www.lifenatura.com\/es\/#website"},"primaryImageOfPage":{"@id":"https:\/\/www.lifenatura.com\/es\/produto\/melatonina-toma-3-paga-2-juventus\/#primaryimage"},"image":{"@id":"https:\/\/www.lifenatura.com\/es\/produto\/melatonina-toma-3-paga-2-juventus\/#primaryimage"},"thumbnailUrl":"https:\/\/www.lifenatura.com\/wp-content\/uploads\/2024\/03\/melatonina-pack-juventus.jpg","datePublished":"2024-03-26T17:13:21+00:00","dateModified":"2026-04-21T00:03:39+00:00","description":"La melatonina est\u00e1 disponible en Lifenatura en el envase promocional Toma 3 Paga 2, ideal para quienes tienen dificultades para conciliar el sue\u00f1o.","breadcrumb":{"@id":"https:\/\/www.lifenatura.com\/es\/produto\/melatonina-toma-3-paga-2-juventus\/#breadcrumb"},"inLanguage":"es","potentialAction":[{"@type":"ReadAction","target":["https:\/\/www.lifenatura.com\/es\/produto\/melatonina-toma-3-paga-2-juventus\/"]}]},{"@type":"ImageObject","inLanguage":"es","@id":"https:\/\/www.lifenatura.com\/es\/produto\/melatonina-toma-3-paga-2-juventus\/#primaryimage","url":"https:\/\/www.lifenatura.com\/wp-content\/uploads\/2024\/03\/melatonina-pack-juventus.jpg","contentUrl":"https:\/\/www.lifenatura.com\/wp-content\/uploads\/2024\/03\/melatonina-pack-juventus.jpg","width":1000,"height":1000,"caption":"Paquete de pastillas de Melatonina Juventus"},{"@type":"BreadcrumbList","@id":"https:\/\/www.lifenatura.com\/es\/produto\/melatonina-toma-3-paga-2-juventus\/#breadcrumb","itemListElement":[{"@type":"ListItem","position":1,"name":"In\u00edcio","item":"https:\/\/www.lifenatura.com\/es\/"},{"@type":"ListItem","position":2,"name":"Todos los Productos","item":"https:\/\/www.lifenatura.com\/es\/tienda\/"},{"@type":"ListItem","position":3,"name":"Melatonina Toma 3 Paga 2 &#8211; Juventus"}]},{"@type":"WebSite","@id":"https:\/\/www.lifenatura.com\/es\/#website","url":"https:\/\/www.lifenatura.com\/es\/","name":"Lifenatura","description":"A Lifenatura \u00e9 uma loja de produtos naturais, cosm\u00e9tica natural e alimenta\u00e7\u00e3o Biol\u00f3gica.","publisher":{"@id":"https:\/\/www.lifenatura.com\/es\/#organization"},"potentialAction":[{"@type":"SearchAction","target":{"@type":"EntryPoint","urlTemplate":"https:\/\/www.lifenatura.com\/es\/?s={search_term_string}"},"query-input":{"@type":"PropertyValueSpecification","valueRequired":true,"valueName":"search_term_string"}}],"inLanguage":"es"},{"@type":"Organization","@id":"https:\/\/www.lifenatura.com\/es\/#organization","name":"Lifenatura","url":"https:\/\/www.lifenatura.com\/es\/","logo":{"@type":"ImageObject","inLanguage":"es","@id":"https:\/\/www.lifenatura.com\/es\/#\/schema\/logo\/image\/","url":"https:\/\/www.lifenatura.com\/wp-content\/uploads\/2021\/07\/logo.png","contentUrl":"https:\/\/www.lifenatura.com\/wp-content\/uploads\/2021\/07\/logo.png","width":175,"height":55,"caption":"Lifenatura"},"image":{"@id":"https:\/\/www.lifenatura.com\/es\/#\/schema\/logo\/image\/"},"sameAs":["https:\/\/www.facebook.com\/lifenatura","https:\/\/www.instagram.com\/lifenaturapt\/"],"hasMerchantReturnPolicy":{"@type":"MerchantReturnPolicy","merchantReturnLink":"https:\/\/www.lifenatura.com\/termos-condicoes-lifenatura\/"}}]},"product_price_amount":"31.98","product_price_currency":"EUR","og_availability":"instock","product_availability":"instock","product_retailer_item_id":"5601653019590pack","product_condition":"new"},"df_price":31.98,"df_sale_price":31.98,"df_regular_price":56.44,"df_image_link":"https:\/\/www.lifenatura.com\/wp-content\/uploads\/2024\/03\/melatonina-pack-juventus-300x300.jpg","_links":{"self":[{"href":"https:\/\/www.lifenatura.com\/es\/wp-json\/wp\/v2\/product\/92059","targetHints":{"allow":["GET"]}}],"collection":[{"href":"https:\/\/www.lifenatura.com\/es\/wp-json\/wp\/v2\/product"}],"about":[{"href":"https:\/\/www.lifenatura.com\/es\/wp-json\/wp\/v2\/types\/product"}],"wp:featuredmedia":[{"embeddable":true,"href":"https:\/\/www.lifenatura.com\/es\/wp-json\/wp\/v2\/media\/87948"}],"wp:attachment":[{"href":"https:\/\/www.lifenatura.com\/es\/wp-json\/wp\/v2\/media?parent=92059"}],"wp:term":[{"taxonomy":"product_brand","embeddable":true,"href":"https:\/\/www.lifenatura.com\/es\/wp-json\/wp\/v2\/product_brand?post=92059"},{"taxonomy":"product_cat","embeddable":true,"href":"https:\/\/www.lifenatura.com\/es\/wp-json\/wp\/v2\/product_cat?post=92059"},{"taxonomy":"product_tag","embeddable":true,"href":"https:\/\/www.lifenatura.com\/es\/wp-json\/wp\/v2\/product_tag?post=92059"}],"curies":[{"name":"wp","href":"https:\/\/api.w.org\/{rel}","templated":true}]}}