{"id":92041,"date":"2024-05-16T15:49:04","date_gmt":"2024-05-16T15:49:04","guid":{"rendered":"https:\/\/www.lifenatura.com\/produto\/aceite-esencial-de-clavo-bio-10ml-physalis\/"},"modified":"2024-05-24T10:51:15","modified_gmt":"2024-05-24T10:51:15","slug":"aceite-esencial-de-clavo-bio-10ml-physalis","status":"publish","type":"product","link":"https:\/\/www.lifenatura.com\/es\/produto\/aceite-esencial-de-clavo-bio-10ml-physalis\/","title":{"rendered":"Aceite Esencial de Clavo Bio &#8211; 10ml &#8211; Physalis"},"content":{"rendered":"<h2 style=\"text-align: left;\">Aceite esencial de clavo da Physalis<\/h2>\n<p>&nbsp;<\/p>\n<p>El aceite esencial de clavo es un producto puro y natural extra\u00eddo de las flores secas del clavo mediante un proceso de destilaci\u00f3n al vapor. Conocido por su aroma c\u00e1lido y especiado, se utiliza mucho en aromaterapia y pr\u00e1cticas de bienestar. Este aceite proporciona energ\u00eda, favorece la claridad mental, mejora la concentraci\u00f3n, tiene un potente efecto purificador y calienta los m\u00fasculos y las articulaciones en el masaje.<\/p>\n<p>Physalis asegura la m\u00e1xima calidad y pureza en cada frasco, garantizando un producto eficaz y seguro.<\/p>\n<p><strong>Sus principales ventajas:<\/strong><\/p>\n<ul>\n<li><strong>Propiedades analg\u00e9sicas y antiinflamatorias<\/strong>: es conocida por aliviar el dolor muscular y articular, as\u00ed como por reducir la inflamaci\u00f3n.<\/li>\n<li><strong>Acci\u00f3n antis\u00e9ptica y antibacteriana<\/strong>: eficaz para desinfectar heridas y combatir las infecciones bacterianas, por lo que es una excelente elecci\u00f3n para el cuidado de la piel.<\/li>\n<li><strong>Alivio de problemas dentales<\/strong>: se utiliza tradicionalmente para aliviar el dolor de muelas y enc\u00edas por sus propiedades analg\u00e9sicas y antimicrobianas.<\/li>\n<li><strong>Estimulaci\u00f3n del sistema inmunitario<\/strong>: ayuda a reforzar el sistema inmunitario, protegiendo al organismo contra infecciones y enfermedades.<\/li>\n<li><strong>Apoyo digestivo<\/strong>: puede utilizarse para aliviar problemas digestivos como la indigesti\u00f3n, las n\u00e1useas y la flatulencia.<\/li>\n<li><strong>Propiedades energizantes y revitalizantes<\/strong>: el aroma c\u00e1lido y especiado ayuda a revitalizar el cuerpo y la mente, combatiendo la fatiga y mejorando el estado de \u00e1nimo.<\/li>\n<\/ul>\n<p><strong>PRESENTACI\u00d3N<\/strong><\/p>\n<p>10 ml<\/p>\n<p>&nbsp;<\/p>\n","protected":false},"excerpt":{"rendered":"<p>El aceite esencial de clavo tiene un potente efecto purificador, proporciona energ\u00eda, mejora la concentraci\u00f3n en el masaje y calienta los m\u00fasculos y las articulaciones. [&#8230;]<\/p>\n<p><a class=\"btn btn-secondary understrap-read-more-link\" href=\"https:\/\/www.lifenatura.com\/es\/produto\/aceite-esencial-de-clavo-bio-10ml-physalis\/\">Leer m\u00e1s&#8230;<span class=\"screen-reader-text\"> from Aceite Esencial de Clavo Bio &#8211; 10ml &#8211; Physalis<\/span><\/a><\/p>\n","protected":false},"featured_media":91982,"template":"","meta":{"_acf_changed":false},"product_brand":[8318],"product_cat":[7238,7211,7929],"product_tag":[],"class_list":{"0":"post-92041","1":"product","2":"type-product","3":"status-publish","4":"has-post-thumbnail","6":"product_brand-physalis-es","7":"product_cat-energizante-natural","8":"product_cat-reforza-la-inmunidad-salud","9":"product_cat-sin-categoria","10":"pa_caracteristicas-biologico","12":"first","13":"outofstock","14":"shipping-taxable","15":"purchasable","16":"product-type-simple","17":"add-to-wishlist-before_image"},"acf":[],"yoast_head":"<!-- This site is optimized with the Yoast SEO Premium plugin v27.1 (Yoast SEO v27.5) - https:\/\/yoast.com\/product\/yoast-seo-premium-wordpress\/ -->\n<title>Aceite Esencial de Clavo Bio - 10ml - Physalis - Na Lifenatura ao Melhor Pre\u00e7o | Envio em 48h<\/title>\n<meta name=\"description\" content=\"El aceite esencial de clavo tiene un potente efecto purificador, proporciona energ\u00eda, mejora la concentraci\u00f3n y calienta los m\u00fasculos en el masaje.\" \/>\n<meta name=\"robots\" content=\"index, follow, max-snippet:-1, max-image-preview:large, max-video-preview:-1\" \/>\n<link rel=\"canonical\" href=\"https:\/\/www.lifenatura.com\/es\/produto\/aceite-esencial-de-clavo-bio-10ml-physalis\/\" \/>\n<meta property=\"og:locale\" content=\"es_ES\" \/>\n<meta property=\"og:type\" content=\"article\" \/>\n<meta property=\"og:title\" content=\"Aceite Esencial de Clavo Bio - 10ml - Physalis - Na Lifenatura ao Melhor Pre\u00e7o | Envio 48h\" \/>\n<meta property=\"og:description\" content=\"Compre Aceite Esencial de Clavo Bio - 10ml - Physalis com envio r\u00e1pido. Entrega em 48h e portes gr\u00e1tis em compras &gt;35\u20ac. Aproveite j\u00e1 na Lifenatura\" \/>\n<meta property=\"og:url\" content=\"https:\/\/www.lifenatura.com\/es\/produto\/aceite-esencial-de-clavo-bio-10ml-physalis\/\" \/>\n<meta property=\"og:site_name\" content=\"Lifenatura\" \/>\n<meta property=\"article:publisher\" content=\"https:\/\/www.facebook.com\/lifenatura\" \/>\n<meta property=\"article:modified_time\" content=\"2024-05-24T10:51:15+00:00\" \/>\n<meta property=\"og:image\" content=\"https:\/\/www.lifenatura.com\/wp-content\/uploads\/2024\/05\/oleo-essencial-cravinho-physalis-1.jpg\" \/>\n\t<meta property=\"og:image:width\" content=\"1000\" \/>\n\t<meta property=\"og:image:height\" content=\"1000\" \/>\n\t<meta property=\"og:image:type\" content=\"image\/jpeg\" \/>\n<meta name=\"twitter:card\" content=\"summary_large_image\" \/>\n<meta name=\"twitter:label1\" content=\"Precio\" \/>\n\t<meta name=\"twitter:data1\" content=\"9,95&nbsp;&euro;\" \/>\n\t<meta name=\"twitter:label2\" content=\"Disponibilidad\" \/>\n\t<meta name=\"twitter:data2\" content=\"Sin existencias\" \/>\n<script type=\"application\/ld+json\" class=\"yoast-schema-graph\">{\"@context\":\"https:\\\/\\\/schema.org\",\"@graph\":[{\"@type\":\"WebPage\",\"@id\":\"https:\\\/\\\/www.lifenatura.com\\\/es\\\/produto\\\/aceite-esencial-de-clavo-bio-10ml-physalis\\\/\",\"url\":\"https:\\\/\\\/www.lifenatura.com\\\/es\\\/produto\\\/aceite-esencial-de-clavo-bio-10ml-physalis\\\/\",\"name\":\"Aceite Esencial de Clavo Bio - 10ml - Physalis - Na Lifenatura ao Melhor Pre\u00e7o | Envio em 48h\",\"isPartOf\":{\"@id\":\"https:\\\/\\\/www.lifenatura.com\\\/es\\\/#website\"},\"primaryImageOfPage\":{\"@id\":\"https:\\\/\\\/www.lifenatura.com\\\/es\\\/produto\\\/aceite-esencial-de-clavo-bio-10ml-physalis\\\/#primaryimage\"},\"image\":{\"@id\":\"https:\\\/\\\/www.lifenatura.com\\\/es\\\/produto\\\/aceite-esencial-de-clavo-bio-10ml-physalis\\\/#primaryimage\"},\"thumbnailUrl\":\"https:\\\/\\\/www.lifenatura.com\\\/wp-content\\\/uploads\\\/2024\\\/05\\\/oleo-essencial-cravinho-physalis-1.jpg\",\"datePublished\":\"2024-05-16T15:49:04+00:00\",\"dateModified\":\"2024-05-24T10:51:15+00:00\",\"description\":\"El aceite esencial de clavo tiene un potente efecto purificador, proporciona energ\u00eda, mejora la concentraci\u00f3n y calienta los m\u00fasculos en el masaje.\",\"breadcrumb\":{\"@id\":\"https:\\\/\\\/www.lifenatura.com\\\/es\\\/produto\\\/aceite-esencial-de-clavo-bio-10ml-physalis\\\/#breadcrumb\"},\"inLanguage\":\"es\",\"potentialAction\":[{\"@type\":\"ReadAction\",\"target\":[\"https:\\\/\\\/www.lifenatura.com\\\/es\\\/produto\\\/aceite-esencial-de-clavo-bio-10ml-physalis\\\/\"]}]},{\"@type\":\"ImageObject\",\"inLanguage\":\"es\",\"@id\":\"https:\\\/\\\/www.lifenatura.com\\\/es\\\/produto\\\/aceite-esencial-de-clavo-bio-10ml-physalis\\\/#primaryimage\",\"url\":\"https:\\\/\\\/www.lifenatura.com\\\/wp-content\\\/uploads\\\/2024\\\/05\\\/oleo-essencial-cravinho-physalis-1.jpg\",\"contentUrl\":\"https:\\\/\\\/www.lifenatura.com\\\/wp-content\\\/uploads\\\/2024\\\/05\\\/oleo-essencial-cravinho-physalis-1.jpg\",\"width\":1000,\"height\":1000,\"caption\":\"Aceite Esencial de Clavo Bio 10ml - Physalis\"},{\"@type\":\"BreadcrumbList\",\"@id\":\"https:\\\/\\\/www.lifenatura.com\\\/es\\\/produto\\\/aceite-esencial-de-clavo-bio-10ml-physalis\\\/#breadcrumb\",\"itemListElement\":[{\"@type\":\"ListItem\",\"position\":1,\"name\":\"In\u00edcio\",\"item\":\"https:\\\/\\\/www.lifenatura.com\\\/es\\\/\"},{\"@type\":\"ListItem\",\"position\":2,\"name\":\"Todos los Productos\",\"item\":\"https:\\\/\\\/www.lifenatura.com\\\/es\\\/tienda\\\/\"},{\"@type\":\"ListItem\",\"position\":3,\"name\":\"Aceite Esencial de Clavo Bio &#8211; 10ml &#8211; Physalis\"}]},{\"@type\":\"WebSite\",\"@id\":\"https:\\\/\\\/www.lifenatura.com\\\/es\\\/#website\",\"url\":\"https:\\\/\\\/www.lifenatura.com\\\/es\\\/\",\"name\":\"Lifenatura\",\"description\":\"A Lifenatura \u00e9 uma loja de produtos naturais, cosm\u00e9tica natural e alimenta\u00e7\u00e3o Biol\u00f3gica.\",\"publisher\":{\"@id\":\"https:\\\/\\\/www.lifenatura.com\\\/es\\\/#organization\"},\"potentialAction\":[{\"@type\":\"SearchAction\",\"target\":{\"@type\":\"EntryPoint\",\"urlTemplate\":\"https:\\\/\\\/www.lifenatura.com\\\/es\\\/?s={search_term_string}\"},\"query-input\":{\"@type\":\"PropertyValueSpecification\",\"valueRequired\":true,\"valueName\":\"search_term_string\"}}],\"inLanguage\":\"es\"},{\"@type\":\"Organization\",\"@id\":\"https:\\\/\\\/www.lifenatura.com\\\/es\\\/#organization\",\"name\":\"Lifenatura\",\"url\":\"https:\\\/\\\/www.lifenatura.com\\\/es\\\/\",\"logo\":{\"@type\":\"ImageObject\",\"inLanguage\":\"es\",\"@id\":\"https:\\\/\\\/www.lifenatura.com\\\/es\\\/#\\\/schema\\\/logo\\\/image\\\/\",\"url\":\"https:\\\/\\\/www.lifenatura.com\\\/wp-content\\\/uploads\\\/2021\\\/07\\\/logo.png\",\"contentUrl\":\"https:\\\/\\\/www.lifenatura.com\\\/wp-content\\\/uploads\\\/2021\\\/07\\\/logo.png\",\"width\":175,\"height\":55,\"caption\":\"Lifenatura\"},\"image\":{\"@id\":\"https:\\\/\\\/www.lifenatura.com\\\/es\\\/#\\\/schema\\\/logo\\\/image\\\/\"},\"sameAs\":[\"https:\\\/\\\/www.facebook.com\\\/lifenatura\",\"https:\\\/\\\/www.instagram.com\\\/lifenaturapt\\\/\"],\"hasMerchantReturnPolicy\":{\"@type\":\"MerchantReturnPolicy\",\"merchantReturnLink\":\"https:\\\/\\\/www.lifenatura.com\\\/termos-condicoes-lifenatura\\\/\"}}]}<\/script>\n<meta property=\"product:price:amount\" content=\"9.95\" \/>\n<meta property=\"product:price:currency\" content=\"EUR\" \/>\n<meta property=\"og:availability\" content=\"out of stock\" \/>\n<meta property=\"product:availability\" content=\"out of stock\" \/>\n<meta property=\"product:retailer_item_id\" content=\"5412360004171\" \/>\n<meta property=\"product:condition\" content=\"new\" \/>\n<!-- \/ Yoast SEO Premium plugin. -->","yoast_head_json":{"title":"Aceite Esencial de Clavo Bio - 10ml - Physalis - Na Lifenatura ao Melhor Pre\u00e7o | Envio em 48h","description":"El aceite esencial de clavo tiene un potente efecto purificador, proporciona energ\u00eda, mejora la concentraci\u00f3n y calienta los m\u00fasculos en el masaje.","robots":{"index":"index","follow":"follow","max-snippet":"max-snippet:-1","max-image-preview":"max-image-preview:large","max-video-preview":"max-video-preview:-1"},"canonical":"https:\/\/www.lifenatura.com\/es\/produto\/aceite-esencial-de-clavo-bio-10ml-physalis\/","og_locale":"es_ES","og_type":"article","og_title":"Aceite Esencial de Clavo Bio - 10ml - Physalis - Na Lifenatura ao Melhor Pre\u00e7o | Envio 48h","og_description":"Compre Aceite Esencial de Clavo Bio - 10ml - Physalis com envio r\u00e1pido. Entrega em 48h e portes gr\u00e1tis em compras >35\u20ac. Aproveite j\u00e1 na Lifenatura","og_url":"https:\/\/www.lifenatura.com\/es\/produto\/aceite-esencial-de-clavo-bio-10ml-physalis\/","og_site_name":"Lifenatura","article_publisher":"https:\/\/www.facebook.com\/lifenatura","article_modified_time":"2024-05-24T10:51:15+00:00","og_image":[{"width":1000,"height":1000,"url":"https:\/\/www.lifenatura.com\/wp-content\/uploads\/2024\/05\/oleo-essencial-cravinho-physalis-1.jpg","type":"image\/jpeg"}],"twitter_card":"summary_large_image","twitter_misc":{"Precio":"9,95&nbsp;&euro;","Disponibilidad":"Sin existencias"},"schema":{"@context":"https:\/\/schema.org","@graph":[{"@type":"WebPage","@id":"https:\/\/www.lifenatura.com\/es\/produto\/aceite-esencial-de-clavo-bio-10ml-physalis\/","url":"https:\/\/www.lifenatura.com\/es\/produto\/aceite-esencial-de-clavo-bio-10ml-physalis\/","name":"Aceite Esencial de Clavo Bio - 10ml - Physalis - Na Lifenatura ao Melhor Pre\u00e7o | Envio em 48h","isPartOf":{"@id":"https:\/\/www.lifenatura.com\/es\/#website"},"primaryImageOfPage":{"@id":"https:\/\/www.lifenatura.com\/es\/produto\/aceite-esencial-de-clavo-bio-10ml-physalis\/#primaryimage"},"image":{"@id":"https:\/\/www.lifenatura.com\/es\/produto\/aceite-esencial-de-clavo-bio-10ml-physalis\/#primaryimage"},"thumbnailUrl":"https:\/\/www.lifenatura.com\/wp-content\/uploads\/2024\/05\/oleo-essencial-cravinho-physalis-1.jpg","datePublished":"2024-05-16T15:49:04+00:00","dateModified":"2024-05-24T10:51:15+00:00","description":"El aceite esencial de clavo tiene un potente efecto purificador, proporciona energ\u00eda, mejora la concentraci\u00f3n y calienta los m\u00fasculos en el masaje.","breadcrumb":{"@id":"https:\/\/www.lifenatura.com\/es\/produto\/aceite-esencial-de-clavo-bio-10ml-physalis\/#breadcrumb"},"inLanguage":"es","potentialAction":[{"@type":"ReadAction","target":["https:\/\/www.lifenatura.com\/es\/produto\/aceite-esencial-de-clavo-bio-10ml-physalis\/"]}]},{"@type":"ImageObject","inLanguage":"es","@id":"https:\/\/www.lifenatura.com\/es\/produto\/aceite-esencial-de-clavo-bio-10ml-physalis\/#primaryimage","url":"https:\/\/www.lifenatura.com\/wp-content\/uploads\/2024\/05\/oleo-essencial-cravinho-physalis-1.jpg","contentUrl":"https:\/\/www.lifenatura.com\/wp-content\/uploads\/2024\/05\/oleo-essencial-cravinho-physalis-1.jpg","width":1000,"height":1000,"caption":"Aceite Esencial de Clavo Bio 10ml - Physalis"},{"@type":"BreadcrumbList","@id":"https:\/\/www.lifenatura.com\/es\/produto\/aceite-esencial-de-clavo-bio-10ml-physalis\/#breadcrumb","itemListElement":[{"@type":"ListItem","position":1,"name":"In\u00edcio","item":"https:\/\/www.lifenatura.com\/es\/"},{"@type":"ListItem","position":2,"name":"Todos los Productos","item":"https:\/\/www.lifenatura.com\/es\/tienda\/"},{"@type":"ListItem","position":3,"name":"Aceite Esencial de Clavo Bio &#8211; 10ml &#8211; Physalis"}]},{"@type":"WebSite","@id":"https:\/\/www.lifenatura.com\/es\/#website","url":"https:\/\/www.lifenatura.com\/es\/","name":"Lifenatura","description":"A Lifenatura \u00e9 uma loja de produtos naturais, cosm\u00e9tica natural e alimenta\u00e7\u00e3o Biol\u00f3gica.","publisher":{"@id":"https:\/\/www.lifenatura.com\/es\/#organization"},"potentialAction":[{"@type":"SearchAction","target":{"@type":"EntryPoint","urlTemplate":"https:\/\/www.lifenatura.com\/es\/?s={search_term_string}"},"query-input":{"@type":"PropertyValueSpecification","valueRequired":true,"valueName":"search_term_string"}}],"inLanguage":"es"},{"@type":"Organization","@id":"https:\/\/www.lifenatura.com\/es\/#organization","name":"Lifenatura","url":"https:\/\/www.lifenatura.com\/es\/","logo":{"@type":"ImageObject","inLanguage":"es","@id":"https:\/\/www.lifenatura.com\/es\/#\/schema\/logo\/image\/","url":"https:\/\/www.lifenatura.com\/wp-content\/uploads\/2021\/07\/logo.png","contentUrl":"https:\/\/www.lifenatura.com\/wp-content\/uploads\/2021\/07\/logo.png","width":175,"height":55,"caption":"Lifenatura"},"image":{"@id":"https:\/\/www.lifenatura.com\/es\/#\/schema\/logo\/image\/"},"sameAs":["https:\/\/www.facebook.com\/lifenatura","https:\/\/www.instagram.com\/lifenaturapt\/"],"hasMerchantReturnPolicy":{"@type":"MerchantReturnPolicy","merchantReturnLink":"https:\/\/www.lifenatura.com\/termos-condicoes-lifenatura\/"}}]},"product_price_amount":"9.95","product_price_currency":"EUR","og_availability":"out of stock","product_availability":"out of stock","product_retailer_item_id":"5412360004171","product_condition":"new"},"df_price":9.95,"df_sale_price":"","df_regular_price":9.95,"df_image_link":"https:\/\/www.lifenatura.com\/wp-content\/uploads\/2024\/05\/oleo-essencial-cravinho-physalis-1-300x300.jpg","_links":{"self":[{"href":"https:\/\/www.lifenatura.com\/es\/wp-json\/wp\/v2\/product\/92041","targetHints":{"allow":["GET"]}}],"collection":[{"href":"https:\/\/www.lifenatura.com\/es\/wp-json\/wp\/v2\/product"}],"about":[{"href":"https:\/\/www.lifenatura.com\/es\/wp-json\/wp\/v2\/types\/product"}],"wp:featuredmedia":[{"embeddable":true,"href":"https:\/\/www.lifenatura.com\/es\/wp-json\/wp\/v2\/media\/91982"}],"wp:attachment":[{"href":"https:\/\/www.lifenatura.com\/es\/wp-json\/wp\/v2\/media?parent=92041"}],"wp:term":[{"taxonomy":"product_brand","embeddable":true,"href":"https:\/\/www.lifenatura.com\/es\/wp-json\/wp\/v2\/product_brand?post=92041"},{"taxonomy":"product_cat","embeddable":true,"href":"https:\/\/www.lifenatura.com\/es\/wp-json\/wp\/v2\/product_cat?post=92041"},{"taxonomy":"product_tag","embeddable":true,"href":"https:\/\/www.lifenatura.com\/es\/wp-json\/wp\/v2\/product_tag?post=92041"}],"curies":[{"name":"wp","href":"https:\/\/api.w.org\/{rel}","templated":true}]}}