{"id":91735,"date":"2024-03-26T17:13:20","date_gmt":"2024-03-26T17:13:20","guid":{"rendered":"https:\/\/www.lifenatura.com\/produto\/biobacil-sci-toma-3-paga-2-farmodietica\/"},"modified":"2026-04-09T01:27:00","modified_gmt":"2026-04-09T01:27:00","slug":"biobacil-sci-toma-3-paga-2-farmodietica","status":"publish","type":"product","link":"https:\/\/www.lifenatura.com\/es\/produto\/biobacil-sci-toma-3-paga-2-farmodietica\/","title":{"rendered":"Biobacil SCI Toma 3 Paga 2 &#8211; Farmodietica"},"content":{"rendered":"<h2><strong>El biobacilo rico en probi\u00f3ticos y alcachofas reduce el SII<\/strong><\/h2>\n<p>&nbsp;<\/p>\n<p class=\"p1\">Biobacil\u00ae SCI es un complemento alimenticio con prebi\u00f3ticos y probi\u00f3ticos, alcachofa y vitaminas y minerales. Desarrollado espec\u00edficamente para personas que padecen el s\u00edndrome del intestino irritable ( <strong>SII<\/strong> ), con s\u00edntomas asociados como molestias abdominales y alteraciones del tr\u00e1nsito intestinal, como flatulencias, diarrea y estre\u00f1imiento.<\/p>\n<p><strong>Ahora disponible en un pack promocional Lleva 3 Paga 2<\/strong><\/p>\n<p>Este producto contiene una combinaci\u00f3n exclusiva de cepas probi\u00f3ticas cl\u00ednicamente estudiadas que ayudan a equilibrar la flora intestinal y a mejorar la salud digestiva. Farmodi\u00e9tica, marca reconocida por su compromiso con la calidad y la eficacia, garantiza que Biobacil SCI se produce con los m\u00e1s altos est\u00e1ndares de pureza y seguridad.<\/p>\n<p>Ideal para quienes sufren molestias digestivas asociadas al SII, Biobacil SII ofrece una soluci\u00f3n natural y eficaz para mejorar la calidad de vida.<\/p>\n<p><strong>Principales ventajas<\/strong><\/p>\n<ul>\n<li><strong>Alivio de los s\u00edntomas del SII<\/strong>: Contiene cepas probi\u00f3ticas espec\u00edficas que ayudan a reducir los s\u00edntomas de hinchaz\u00f3n, gases, dolor abdominal y cambios en el tr\u00e1nsito intestinal, comunes en el s\u00edndrome del intestino irritable.<\/li>\n<li><strong>Equilibrio de la flora intestinal<\/strong>: Favorece un microbioma intestinal sano, esencial para una digesti\u00f3n equilibrada y eficaz.<\/li>\n<li><strong>Mejora la digesti\u00f3n<\/strong>: Facilita la digesti\u00f3n, ayudando a prevenir las molestias digestivas y promoviendo una sensaci\u00f3n de bienestar despu\u00e9s de las comidas.<\/li>\n<li><strong>Reduce la inflamaci\u00f3n intest<\/strong>inal: Ayuda a reducir la inflamaci\u00f3n del tracto gastrointestinal, contribuyendo a calmar y proteger la mucosa intestinal.<\/li>\n<\/ul>\n<p><strong>PRESENTACI\u00d3N<\/strong><\/p>\n<p>30 c\u00e1psulas x 3<\/p>\n<p>&nbsp;<\/p>\n","protected":false},"excerpt":{"rendered":"<p>Este Biobacil ahora en envase Take 3 Pay 2 es rico en probi\u00f3ticos y alcachofa y est\u00e1 indicado para combatir el S\u00edndrome del Intestino Irritable. [&#8230;]<\/p>\n<p><a class=\"btn btn-secondary understrap-read-more-link\" href=\"https:\/\/www.lifenatura.com\/es\/produto\/biobacil-sci-toma-3-paga-2-farmodietica\/\">Leer m\u00e1s&#8230;<span class=\"screen-reader-text\"> from Biobacil SCI Toma 3 Paga 2 &#8211; Farmodietica<\/span><\/a><\/p>\n","protected":false},"featured_media":87924,"template":"","meta":{"_acf_changed":false},"product_brand":[8488],"product_cat":[7145,7256,7659,7276,7263,7770,7179],"product_tag":[],"class_list":{"0":"post-91735","1":"product","2":"type-product","3":"status-publish","4":"has-post-thumbnail","6":"product_brand-farmodietica","7":"product_cat-alcachofa","8":"product_cat-flora-intestinal-salud","9":"product_cat-ingrediente-natural-bio","10":"product_cat-lleve-3-pago-2","11":"product_cat-packs-de-salud","12":"product_cat-probioticos-es","13":"product_cat-salud","15":"first","16":"instock","17":"sale","18":"shipping-taxable","19":"purchasable","20":"product-type-woosb","21":"add-to-wishlist-before_image"},"acf":[],"yoast_head":"<!-- This site is optimized with the Yoast SEO Premium plugin v27.1 (Yoast SEO v27.3) - https:\/\/yoast.com\/product\/yoast-seo-premium-wordpress\/ -->\n<title>Biobacil SCI Toma 3 Paga 2 - Farmodietica - Lifenatura<\/title>\n<meta name=\"description\" content=\"Este Biobacil ahora en envase Take 3 Pay 2 es rico en probi\u00f3ticos y alcachofa y est\u00e1 indicado para combatir el S\u00edndrome del Intestino Irritable.\" \/>\n<meta name=\"robots\" content=\"index, follow, max-snippet:-1, max-image-preview:large, max-video-preview:-1\" \/>\n<link rel=\"canonical\" href=\"https:\/\/www.lifenatura.com\/es\/produto\/biobacil-sci-toma-3-paga-2-farmodietica\/\" \/>\n<meta property=\"og:locale\" content=\"es_ES\" \/>\n<meta property=\"og:type\" content=\"article\" \/>\n<meta property=\"og:title\" content=\"Biobacil SCI Toma 3 Paga 2 - Farmodietica - Lifenatura\" \/>\n<meta property=\"og:description\" content=\"Compre aqui o seu Biobacil SCI Toma 3 Paga 2 - Farmodietica e a Lifenatura Online envia em 48 H com Portes Gratis &gt;35\u20ac de Pedido.\" \/>\n<meta property=\"og:url\" content=\"https:\/\/www.lifenatura.com\/es\/produto\/biobacil-sci-toma-3-paga-2-farmodietica\/\" \/>\n<meta property=\"og:site_name\" content=\"Lifenatura\" \/>\n<meta property=\"article:publisher\" content=\"https:\/\/www.facebook.com\/lifenatura\" \/>\n<meta property=\"article:modified_time\" content=\"2026-04-09T01:27:00+00:00\" \/>\n<meta property=\"og:image\" content=\"https:\/\/www.lifenatura.com\/wp-content\/uploads\/2024\/03\/biobacil-sci-pack-farmodietica.jpg\" \/>\n\t<meta property=\"og:image:width\" content=\"1000\" \/>\n\t<meta property=\"og:image:height\" content=\"1000\" \/>\n\t<meta property=\"og:image:type\" content=\"image\/jpeg\" \/>\n<meta name=\"twitter:card\" content=\"summary_large_image\" \/>\n<meta name=\"twitter:label1\" content=\"Precio\" \/>\n\t<meta name=\"twitter:data1\" content=\"39,57&nbsp;&euro;\" \/>\n\t<meta name=\"twitter:label2\" content=\"Disponibilidad\" \/>\n\t<meta name=\"twitter:data2\" content=\"Disponible\" \/>\n<meta property=\"product:price:amount\" content=\"39.57\" \/>\n<meta property=\"product:price:currency\" content=\"EUR\" \/>\n<meta property=\"og:availability\" content=\"instock\" \/>\n<meta property=\"product:availability\" content=\"instock\" \/>\n<meta property=\"product:retailer_item_id\" content=\"56016530197366\" \/>\n<meta property=\"product:condition\" content=\"new\" \/>\n<!-- \/ Yoast SEO Premium plugin. -->","yoast_head_json":{"title":"Biobacil SCI Toma 3 Paga 2 - Farmodietica - Lifenatura","description":"Este Biobacil ahora en envase Take 3 Pay 2 es rico en probi\u00f3ticos y alcachofa y est\u00e1 indicado para combatir el S\u00edndrome del Intestino Irritable.","robots":{"index":"index","follow":"follow","max-snippet":"max-snippet:-1","max-image-preview":"max-image-preview:large","max-video-preview":"max-video-preview:-1"},"canonical":"https:\/\/www.lifenatura.com\/es\/produto\/biobacil-sci-toma-3-paga-2-farmodietica\/","og_locale":"es_ES","og_type":"article","og_title":"Biobacil SCI Toma 3 Paga 2 - Farmodietica - Lifenatura","og_description":"Compre aqui o seu Biobacil SCI Toma 3 Paga 2 - Farmodietica e a Lifenatura Online envia em 48 H com Portes Gratis >35\u20ac de Pedido.","og_url":"https:\/\/www.lifenatura.com\/es\/produto\/biobacil-sci-toma-3-paga-2-farmodietica\/","og_site_name":"Lifenatura","article_publisher":"https:\/\/www.facebook.com\/lifenatura","article_modified_time":"2026-04-09T01:27:00+00:00","og_image":[{"width":1000,"height":1000,"url":"https:\/\/www.lifenatura.com\/wp-content\/uploads\/2024\/03\/biobacil-sci-pack-farmodietica.jpg","type":"image\/jpeg"}],"twitter_card":"summary_large_image","twitter_misc":{"Precio":"39,57&nbsp;&euro;","Disponibilidad":"Disponible"},"schema":{"@context":"https:\/\/schema.org","@graph":[{"@type":"WebPage","@id":"https:\/\/www.lifenatura.com\/es\/produto\/biobacil-sci-toma-3-paga-2-farmodietica\/","url":"https:\/\/www.lifenatura.com\/es\/produto\/biobacil-sci-toma-3-paga-2-farmodietica\/","name":"Biobacil SCI Toma 3 Paga 2 - Farmodietica - Lifenatura","isPartOf":{"@id":"https:\/\/www.lifenatura.com\/es\/#website"},"primaryImageOfPage":{"@id":"https:\/\/www.lifenatura.com\/es\/produto\/biobacil-sci-toma-3-paga-2-farmodietica\/#primaryimage"},"image":{"@id":"https:\/\/www.lifenatura.com\/es\/produto\/biobacil-sci-toma-3-paga-2-farmodietica\/#primaryimage"},"thumbnailUrl":"https:\/\/www.lifenatura.com\/wp-content\/uploads\/2024\/03\/biobacil-sci-pack-farmodietica.jpg","datePublished":"2024-03-26T17:13:20+00:00","dateModified":"2026-04-09T01:27:00+00:00","description":"Este Biobacil ahora en envase Take 3 Pay 2 es rico en probi\u00f3ticos y alcachofa y est\u00e1 indicado para combatir el S\u00edndrome del Intestino Irritable.","breadcrumb":{"@id":"https:\/\/www.lifenatura.com\/es\/produto\/biobacil-sci-toma-3-paga-2-farmodietica\/#breadcrumb"},"inLanguage":"es","potentialAction":[{"@type":"ReadAction","target":["https:\/\/www.lifenatura.com\/es\/produto\/biobacil-sci-toma-3-paga-2-farmodietica\/"]}]},{"@type":"ImageObject","inLanguage":"es","@id":"https:\/\/www.lifenatura.com\/es\/produto\/biobacil-sci-toma-3-paga-2-farmodietica\/#primaryimage","url":"https:\/\/www.lifenatura.com\/wp-content\/uploads\/2024\/03\/biobacil-sci-pack-farmodietica.jpg","contentUrl":"https:\/\/www.lifenatura.com\/wp-content\/uploads\/2024\/03\/biobacil-sci-pack-farmodietica.jpg","width":1000,"height":1000,"caption":"Biobacil SCI pack c\u00e1psulas de Farmodietica"},{"@type":"BreadcrumbList","@id":"https:\/\/www.lifenatura.com\/es\/produto\/biobacil-sci-toma-3-paga-2-farmodietica\/#breadcrumb","itemListElement":[{"@type":"ListItem","position":1,"name":"In\u00edcio","item":"https:\/\/www.lifenatura.com\/es\/"},{"@type":"ListItem","position":2,"name":"Todos los Productos","item":"https:\/\/www.lifenatura.com\/es\/tienda\/"},{"@type":"ListItem","position":3,"name":"Biobacil SCI Toma 3 Paga 2 &#8211; Farmodietica"}]},{"@type":"WebSite","@id":"https:\/\/www.lifenatura.com\/es\/#website","url":"https:\/\/www.lifenatura.com\/es\/","name":"Lifenatura","description":"A Lifenatura \u00e9 uma loja de produtos naturais, cosm\u00e9tica natural e alimenta\u00e7\u00e3o Biol\u00f3gica.","publisher":{"@id":"https:\/\/www.lifenatura.com\/es\/#organization"},"potentialAction":[{"@type":"SearchAction","target":{"@type":"EntryPoint","urlTemplate":"https:\/\/www.lifenatura.com\/es\/?s={search_term_string}"},"query-input":{"@type":"PropertyValueSpecification","valueRequired":true,"valueName":"search_term_string"}}],"inLanguage":"es"},{"@type":"Organization","@id":"https:\/\/www.lifenatura.com\/es\/#organization","name":"Lifenatura","url":"https:\/\/www.lifenatura.com\/es\/","logo":{"@type":"ImageObject","inLanguage":"es","@id":"https:\/\/www.lifenatura.com\/es\/#\/schema\/logo\/image\/","url":"https:\/\/www.lifenatura.com\/wp-content\/uploads\/2021\/11\/logo.png","contentUrl":"https:\/\/www.lifenatura.com\/wp-content\/uploads\/2021\/11\/logo.png","width":175,"height":55,"caption":"Lifenatura"},"image":{"@id":"https:\/\/www.lifenatura.com\/es\/#\/schema\/logo\/image\/"},"sameAs":["https:\/\/www.facebook.com\/lifenatura","https:\/\/www.instagram.com\/lifenaturapt\/"]}]},"product_price_amount":"39.57","product_price_currency":"EUR","og_availability":"instock","product_availability":"instock","product_retailer_item_id":"56016530197366","product_condition":"new"},"df_price":39.57,"df_sale_price":68.37,"df_regular_price":71.97,"df_image_link":"https:\/\/www.lifenatura.com\/wp-content\/uploads\/2024\/03\/biobacil-sci-pack-farmodietica-300x300.jpg","_links":{"self":[{"href":"https:\/\/www.lifenatura.com\/es\/wp-json\/wp\/v2\/product\/91735","targetHints":{"allow":["GET"]}}],"collection":[{"href":"https:\/\/www.lifenatura.com\/es\/wp-json\/wp\/v2\/product"}],"about":[{"href":"https:\/\/www.lifenatura.com\/es\/wp-json\/wp\/v2\/types\/product"}],"wp:featuredmedia":[{"embeddable":true,"href":"https:\/\/www.lifenatura.com\/es\/wp-json\/wp\/v2\/media\/87924"}],"wp:attachment":[{"href":"https:\/\/www.lifenatura.com\/es\/wp-json\/wp\/v2\/media?parent=91735"}],"wp:term":[{"taxonomy":"product_brand","embeddable":true,"href":"https:\/\/www.lifenatura.com\/es\/wp-json\/wp\/v2\/product_brand?post=91735"},{"taxonomy":"product_cat","embeddable":true,"href":"https:\/\/www.lifenatura.com\/es\/wp-json\/wp\/v2\/product_cat?post=91735"},{"taxonomy":"product_tag","embeddable":true,"href":"https:\/\/www.lifenatura.com\/es\/wp-json\/wp\/v2\/product_tag?post=91735"}],"curies":[{"name":"wp","href":"https:\/\/api.w.org\/{rel}","templated":true}]}}