{"id":91690,"date":"2024-05-16T15:48:59","date_gmt":"2024-05-16T15:48:59","guid":{"rendered":"https:\/\/www.lifenatura.com\/produto\/aceite-esencial-de-albahaca-bio-10ml-physalis\/"},"modified":"2024-05-20T18:13:31","modified_gmt":"2024-05-20T18:13:31","slug":"aceite-esencial-de-albahaca-bio-10ml-physalis","status":"publish","type":"product","link":"https:\/\/www.lifenatura.com\/es\/produto\/aceite-esencial-de-albahaca-bio-10ml-physalis\/","title":{"rendered":"Aceite Esencial de Albahaca Bio 10ml &#8211; Physalis"},"content":{"rendered":"<h2 style=\"text-align: left;\"><strong>Aceite esencial de albahaca Physalis bio<\/strong><\/h2>\n<p>&nbsp;<\/p>\n<p>El Aceite Esencial de Albahaca Physalis es un producto natural de alta calidad extra\u00eddo de las hojas frescas de la albahaca mediante un cuidadoso proceso de destilaci\u00f3n al vapor.<\/p>\n<p>Conocido por su aroma fresco, dulce y herb\u00e1ceo, este aceite esencial se utiliza mucho en aromaterapia y pr\u00e1cticas de bienestar. Physalis garantiza que su aceite esencial es puro y no contiene aditivos artificiales, ofreciendo un producto aut\u00e9ntico y eficaz.<\/p>\n<p>Ideal para utilizar en difusores, masajes y ba\u00f1os arom\u00e1ticos, este aceite esencial es un poderoso aliado para la salud f\u00edsica y emocional.<\/p>\n<p>La albahaca facilita la digesti\u00f3n, calma e influye positivamente en la concentraci\u00f3n. Tonifica y purifica la piel. Un masaje o un ba\u00f1o con aceite de albahaca calma la mente y alivia las molestias estomacales.<\/p>\n<p><strong>Principales beneficios del aceite esencial de albahaca:<\/strong><\/p>\n<ul>\n<li><strong>Alivio del estr\u00e9s y la ansiedad<\/strong>: el aroma calmante del aceite esencial de albahaca es excelente para reducir el estr\u00e9s y la ansiedad, fomentando una sensaci\u00f3n de calma y bienestar.<\/li>\n<li><strong>Apoyo digestivo<\/strong>: este aceite esencial ayuda a mejorar la digesti\u00f3n, aliviando los s\u00edntomas de indigesti\u00f3n, n\u00e1useas y calambres estomacales.<\/li>\n<li><strong>Propiedades antis\u00e9pticas y antibacterianas<\/strong>: tiene propiedades que ayudan a desinfectar y purificar, y es eficaz para tratar peque\u00f1as heridas y prevenir infecciones.<\/li>\n<li><strong>Aumento de la Concentraci\u00f3n y la Claridad Mental<\/strong>: es conocido por sus propiedades estimulantes, que ayudan a aumentar la concentraci\u00f3n, la claridad mental y el enfoque.<\/li>\n<li><strong>Alivio del dolor muscular y articular<\/strong>: puede utilizarse en masajes para aliviar el dolor muscular y articular, as\u00ed como para reducir la inflamaci\u00f3n.<\/li>\n<li><strong>Efecto revitalizante<\/strong>: el aroma fresco es energizante, ayuda a combatir la fatiga y revitaliza el cuerpo y la mente.<\/li>\n<\/ul>\n<p>Descubre los beneficios del Aceite Esencial de Albahaca Physalis e incorpora este vers\u00e1til producto natural a tu rutina de salud y bienestar.<\/p>\n<p><strong>PRESENTACI\u00d3N<\/strong><\/p>\n<p>10 ml<\/p>\n<p>&nbsp;<\/p>\n","protected":false},"excerpt":{"rendered":"<p>El aceite esencial de albahaca Physalis calma la mente y alivia la hinchaz\u00f3n g\u00e1strica. Aplicado sobre la piel, tiene un efecto tonificante. [&#8230;]<\/p>\n<p><a class=\"btn btn-secondary understrap-read-more-link\" href=\"https:\/\/www.lifenatura.com\/es\/produto\/aceite-esencial-de-albahaca-bio-10ml-physalis\/\">Leer m\u00e1s&#8230;<span class=\"screen-reader-text\"> from Aceite Esencial de Albahaca Bio 10ml &#8211; Physalis<\/span><\/a><\/p>\n","protected":false},"featured_media":91588,"template":"","meta":{"_acf_changed":false},"product_brand":[8318],"product_cat":[7213,7201,7253,7179],"product_tag":[],"class_list":{"0":"post-91690","1":"product","2":"type-product","3":"status-publish","4":"has-post-thumbnail","6":"product_brand-physalis-es","7":"product_cat-ansiedad-y-depresion","8":"product_cat-aromaterapia-salud","9":"product_cat-digestion","10":"product_cat-salud","11":"pa_caracteristicas-biologico","13":"first","14":"instock","15":"shipping-taxable","16":"purchasable","17":"product-type-simple","18":"add-to-wishlist-before_image"},"acf":[],"yoast_head":"<!-- This site is optimized with the Yoast SEO Premium plugin v27.1 (Yoast SEO v27.5) - https:\/\/yoast.com\/product\/yoast-seo-premium-wordpress\/ -->\n<title>Aceite Esencial de Albahaca Bio 10ml - Physalis - Na Lifenatura ao Melhor Pre\u00e7o | Envio em 48h<\/title>\n<meta name=\"description\" content=\"El aceite esencial de albahaca Physalis calma la mente y alivia la hinchaz\u00f3n g\u00e1strica. Aplicado sobre la piel, tiene un efecto tonificante.\" \/>\n<meta name=\"robots\" content=\"index, follow, max-snippet:-1, max-image-preview:large, max-video-preview:-1\" \/>\n<link rel=\"canonical\" href=\"https:\/\/www.lifenatura.com\/es\/produto\/aceite-esencial-de-albahaca-bio-10ml-physalis\/\" \/>\n<meta property=\"og:locale\" content=\"es_ES\" \/>\n<meta property=\"og:type\" content=\"article\" \/>\n<meta property=\"og:title\" content=\"Aceite Esencial de Albahaca Bio 10ml - Physalis - Na Lifenatura ao Melhor Pre\u00e7o | Envio 48h\" \/>\n<meta property=\"og:description\" content=\"Compre Aceite Esencial de Albahaca Bio 10ml - Physalis com envio r\u00e1pido. Entrega em 48h e portes gr\u00e1tis em compras &gt;35\u20ac. Aproveite j\u00e1 na Lifenatura\" \/>\n<meta property=\"og:url\" content=\"https:\/\/www.lifenatura.com\/es\/produto\/aceite-esencial-de-albahaca-bio-10ml-physalis\/\" \/>\n<meta property=\"og:site_name\" content=\"Lifenatura\" \/>\n<meta property=\"article:publisher\" content=\"https:\/\/www.facebook.com\/lifenatura\" \/>\n<meta property=\"article:modified_time\" content=\"2024-05-20T18:13:31+00:00\" \/>\n<meta property=\"og:image\" content=\"https:\/\/www.lifenatura.com\/wp-content\/uploads\/2024\/05\/basilico-10ml-physalis.jpg\" \/>\n\t<meta property=\"og:image:width\" content=\"1000\" \/>\n\t<meta property=\"og:image:height\" content=\"1000\" \/>\n\t<meta property=\"og:image:type\" content=\"image\/jpeg\" \/>\n<meta name=\"twitter:card\" content=\"summary_large_image\" \/>\n<meta name=\"twitter:label1\" content=\"Precio\" \/>\n\t<meta name=\"twitter:data1\" content=\"9,16&nbsp;&euro;\" \/>\n\t<meta name=\"twitter:label2\" content=\"Disponibilidad\" \/>\n\t<meta name=\"twitter:data2\" content=\"Disponible\" \/>\n<script type=\"application\/ld+json\" class=\"yoast-schema-graph\">{\"@context\":\"https:\\\/\\\/schema.org\",\"@graph\":[{\"@type\":\"WebPage\",\"@id\":\"https:\\\/\\\/www.lifenatura.com\\\/es\\\/produto\\\/aceite-esencial-de-albahaca-bio-10ml-physalis\\\/\",\"url\":\"https:\\\/\\\/www.lifenatura.com\\\/es\\\/produto\\\/aceite-esencial-de-albahaca-bio-10ml-physalis\\\/\",\"name\":\"Aceite Esencial de Albahaca Bio 10ml - Physalis - Na Lifenatura ao Melhor Pre\u00e7o | Envio em 48h\",\"isPartOf\":{\"@id\":\"https:\\\/\\\/www.lifenatura.com\\\/es\\\/#website\"},\"primaryImageOfPage\":{\"@id\":\"https:\\\/\\\/www.lifenatura.com\\\/es\\\/produto\\\/aceite-esencial-de-albahaca-bio-10ml-physalis\\\/#primaryimage\"},\"image\":{\"@id\":\"https:\\\/\\\/www.lifenatura.com\\\/es\\\/produto\\\/aceite-esencial-de-albahaca-bio-10ml-physalis\\\/#primaryimage\"},\"thumbnailUrl\":\"https:\\\/\\\/www.lifenatura.com\\\/wp-content\\\/uploads\\\/2024\\\/05\\\/basilico-10ml-physalis.jpg\",\"datePublished\":\"2024-05-16T15:48:59+00:00\",\"dateModified\":\"2024-05-20T18:13:31+00:00\",\"description\":\"El aceite esencial de albahaca Physalis calma la mente y alivia la hinchaz\u00f3n g\u00e1strica. Aplicado sobre la piel, tiene un efecto tonificante.\",\"breadcrumb\":{\"@id\":\"https:\\\/\\\/www.lifenatura.com\\\/es\\\/produto\\\/aceite-esencial-de-albahaca-bio-10ml-physalis\\\/#breadcrumb\"},\"inLanguage\":\"es\",\"potentialAction\":[{\"@type\":\"ReadAction\",\"target\":[\"https:\\\/\\\/www.lifenatura.com\\\/es\\\/produto\\\/aceite-esencial-de-albahaca-bio-10ml-physalis\\\/\"]}]},{\"@type\":\"ImageObject\",\"inLanguage\":\"es\",\"@id\":\"https:\\\/\\\/www.lifenatura.com\\\/es\\\/produto\\\/aceite-esencial-de-albahaca-bio-10ml-physalis\\\/#primaryimage\",\"url\":\"https:\\\/\\\/www.lifenatura.com\\\/wp-content\\\/uploads\\\/2024\\\/05\\\/basilico-10ml-physalis.jpg\",\"contentUrl\":\"https:\\\/\\\/www.lifenatura.com\\\/wp-content\\\/uploads\\\/2024\\\/05\\\/basilico-10ml-physalis.jpg\",\"width\":1000,\"height\":1000,\"caption\":\"Aceite de albahaca Physalis\"},{\"@type\":\"BreadcrumbList\",\"@id\":\"https:\\\/\\\/www.lifenatura.com\\\/es\\\/produto\\\/aceite-esencial-de-albahaca-bio-10ml-physalis\\\/#breadcrumb\",\"itemListElement\":[{\"@type\":\"ListItem\",\"position\":1,\"name\":\"In\u00edcio\",\"item\":\"https:\\\/\\\/www.lifenatura.com\\\/es\\\/\"},{\"@type\":\"ListItem\",\"position\":2,\"name\":\"Todos los Productos\",\"item\":\"https:\\\/\\\/www.lifenatura.com\\\/es\\\/tienda\\\/\"},{\"@type\":\"ListItem\",\"position\":3,\"name\":\"Aceite Esencial de Albahaca Bio 10ml &#8211; Physalis\"}]},{\"@type\":\"WebSite\",\"@id\":\"https:\\\/\\\/www.lifenatura.com\\\/es\\\/#website\",\"url\":\"https:\\\/\\\/www.lifenatura.com\\\/es\\\/\",\"name\":\"Lifenatura\",\"description\":\"A Lifenatura \u00e9 uma loja de produtos naturais, cosm\u00e9tica natural e alimenta\u00e7\u00e3o Biol\u00f3gica.\",\"publisher\":{\"@id\":\"https:\\\/\\\/www.lifenatura.com\\\/es\\\/#organization\"},\"potentialAction\":[{\"@type\":\"SearchAction\",\"target\":{\"@type\":\"EntryPoint\",\"urlTemplate\":\"https:\\\/\\\/www.lifenatura.com\\\/es\\\/?s={search_term_string}\"},\"query-input\":{\"@type\":\"PropertyValueSpecification\",\"valueRequired\":true,\"valueName\":\"search_term_string\"}}],\"inLanguage\":\"es\"},{\"@type\":\"Organization\",\"@id\":\"https:\\\/\\\/www.lifenatura.com\\\/es\\\/#organization\",\"name\":\"Lifenatura\",\"url\":\"https:\\\/\\\/www.lifenatura.com\\\/es\\\/\",\"logo\":{\"@type\":\"ImageObject\",\"inLanguage\":\"es\",\"@id\":\"https:\\\/\\\/www.lifenatura.com\\\/es\\\/#\\\/schema\\\/logo\\\/image\\\/\",\"url\":\"https:\\\/\\\/www.lifenatura.com\\\/wp-content\\\/uploads\\\/2021\\\/07\\\/logo.png\",\"contentUrl\":\"https:\\\/\\\/www.lifenatura.com\\\/wp-content\\\/uploads\\\/2021\\\/07\\\/logo.png\",\"width\":175,\"height\":55,\"caption\":\"Lifenatura\"},\"image\":{\"@id\":\"https:\\\/\\\/www.lifenatura.com\\\/es\\\/#\\\/schema\\\/logo\\\/image\\\/\"},\"sameAs\":[\"https:\\\/\\\/www.facebook.com\\\/lifenatura\",\"https:\\\/\\\/www.instagram.com\\\/lifenaturapt\\\/\"],\"hasMerchantReturnPolicy\":{\"@type\":\"MerchantReturnPolicy\",\"merchantReturnLink\":\"https:\\\/\\\/www.lifenatura.com\\\/termos-condicoes-lifenatura\\\/\"}}]}<\/script>\n<meta property=\"product:price:amount\" content=\"9.16\" \/>\n<meta property=\"product:price:currency\" content=\"EUR\" \/>\n<meta property=\"og:availability\" content=\"instock\" \/>\n<meta property=\"product:availability\" content=\"instock\" \/>\n<meta property=\"product:retailer_item_id\" content=\"2009795702463\" \/>\n<meta property=\"product:condition\" content=\"new\" \/>\n<!-- \/ Yoast SEO Premium plugin. -->","yoast_head_json":{"title":"Aceite Esencial de Albahaca Bio 10ml - Physalis - Na Lifenatura ao Melhor Pre\u00e7o | Envio em 48h","description":"El aceite esencial de albahaca Physalis calma la mente y alivia la hinchaz\u00f3n g\u00e1strica. Aplicado sobre la piel, tiene un efecto tonificante.","robots":{"index":"index","follow":"follow","max-snippet":"max-snippet:-1","max-image-preview":"max-image-preview:large","max-video-preview":"max-video-preview:-1"},"canonical":"https:\/\/www.lifenatura.com\/es\/produto\/aceite-esencial-de-albahaca-bio-10ml-physalis\/","og_locale":"es_ES","og_type":"article","og_title":"Aceite Esencial de Albahaca Bio 10ml - Physalis - Na Lifenatura ao Melhor Pre\u00e7o | Envio 48h","og_description":"Compre Aceite Esencial de Albahaca Bio 10ml - Physalis com envio r\u00e1pido. Entrega em 48h e portes gr\u00e1tis em compras >35\u20ac. Aproveite j\u00e1 na Lifenatura","og_url":"https:\/\/www.lifenatura.com\/es\/produto\/aceite-esencial-de-albahaca-bio-10ml-physalis\/","og_site_name":"Lifenatura","article_publisher":"https:\/\/www.facebook.com\/lifenatura","article_modified_time":"2024-05-20T18:13:31+00:00","og_image":[{"width":1000,"height":1000,"url":"https:\/\/www.lifenatura.com\/wp-content\/uploads\/2024\/05\/basilico-10ml-physalis.jpg","type":"image\/jpeg"}],"twitter_card":"summary_large_image","twitter_misc":{"Precio":"9,16&nbsp;&euro;","Disponibilidad":"Disponible"},"schema":{"@context":"https:\/\/schema.org","@graph":[{"@type":"WebPage","@id":"https:\/\/www.lifenatura.com\/es\/produto\/aceite-esencial-de-albahaca-bio-10ml-physalis\/","url":"https:\/\/www.lifenatura.com\/es\/produto\/aceite-esencial-de-albahaca-bio-10ml-physalis\/","name":"Aceite Esencial de Albahaca Bio 10ml - Physalis - Na Lifenatura ao Melhor Pre\u00e7o | Envio em 48h","isPartOf":{"@id":"https:\/\/www.lifenatura.com\/es\/#website"},"primaryImageOfPage":{"@id":"https:\/\/www.lifenatura.com\/es\/produto\/aceite-esencial-de-albahaca-bio-10ml-physalis\/#primaryimage"},"image":{"@id":"https:\/\/www.lifenatura.com\/es\/produto\/aceite-esencial-de-albahaca-bio-10ml-physalis\/#primaryimage"},"thumbnailUrl":"https:\/\/www.lifenatura.com\/wp-content\/uploads\/2024\/05\/basilico-10ml-physalis.jpg","datePublished":"2024-05-16T15:48:59+00:00","dateModified":"2024-05-20T18:13:31+00:00","description":"El aceite esencial de albahaca Physalis calma la mente y alivia la hinchaz\u00f3n g\u00e1strica. Aplicado sobre la piel, tiene un efecto tonificante.","breadcrumb":{"@id":"https:\/\/www.lifenatura.com\/es\/produto\/aceite-esencial-de-albahaca-bio-10ml-physalis\/#breadcrumb"},"inLanguage":"es","potentialAction":[{"@type":"ReadAction","target":["https:\/\/www.lifenatura.com\/es\/produto\/aceite-esencial-de-albahaca-bio-10ml-physalis\/"]}]},{"@type":"ImageObject","inLanguage":"es","@id":"https:\/\/www.lifenatura.com\/es\/produto\/aceite-esencial-de-albahaca-bio-10ml-physalis\/#primaryimage","url":"https:\/\/www.lifenatura.com\/wp-content\/uploads\/2024\/05\/basilico-10ml-physalis.jpg","contentUrl":"https:\/\/www.lifenatura.com\/wp-content\/uploads\/2024\/05\/basilico-10ml-physalis.jpg","width":1000,"height":1000,"caption":"Aceite de albahaca Physalis"},{"@type":"BreadcrumbList","@id":"https:\/\/www.lifenatura.com\/es\/produto\/aceite-esencial-de-albahaca-bio-10ml-physalis\/#breadcrumb","itemListElement":[{"@type":"ListItem","position":1,"name":"In\u00edcio","item":"https:\/\/www.lifenatura.com\/es\/"},{"@type":"ListItem","position":2,"name":"Todos los Productos","item":"https:\/\/www.lifenatura.com\/es\/tienda\/"},{"@type":"ListItem","position":3,"name":"Aceite Esencial de Albahaca Bio 10ml &#8211; Physalis"}]},{"@type":"WebSite","@id":"https:\/\/www.lifenatura.com\/es\/#website","url":"https:\/\/www.lifenatura.com\/es\/","name":"Lifenatura","description":"A Lifenatura \u00e9 uma loja de produtos naturais, cosm\u00e9tica natural e alimenta\u00e7\u00e3o Biol\u00f3gica.","publisher":{"@id":"https:\/\/www.lifenatura.com\/es\/#organization"},"potentialAction":[{"@type":"SearchAction","target":{"@type":"EntryPoint","urlTemplate":"https:\/\/www.lifenatura.com\/es\/?s={search_term_string}"},"query-input":{"@type":"PropertyValueSpecification","valueRequired":true,"valueName":"search_term_string"}}],"inLanguage":"es"},{"@type":"Organization","@id":"https:\/\/www.lifenatura.com\/es\/#organization","name":"Lifenatura","url":"https:\/\/www.lifenatura.com\/es\/","logo":{"@type":"ImageObject","inLanguage":"es","@id":"https:\/\/www.lifenatura.com\/es\/#\/schema\/logo\/image\/","url":"https:\/\/www.lifenatura.com\/wp-content\/uploads\/2021\/07\/logo.png","contentUrl":"https:\/\/www.lifenatura.com\/wp-content\/uploads\/2021\/07\/logo.png","width":175,"height":55,"caption":"Lifenatura"},"image":{"@id":"https:\/\/www.lifenatura.com\/es\/#\/schema\/logo\/image\/"},"sameAs":["https:\/\/www.facebook.com\/lifenatura","https:\/\/www.instagram.com\/lifenaturapt\/"],"hasMerchantReturnPolicy":{"@type":"MerchantReturnPolicy","merchantReturnLink":"https:\/\/www.lifenatura.com\/termos-condicoes-lifenatura\/"}}]},"product_price_amount":"9.16","product_price_currency":"EUR","og_availability":"instock","product_availability":"instock","product_retailer_item_id":"2009795702463","product_condition":"new"},"df_price":9.16,"df_sale_price":"","df_regular_price":9.16,"df_image_link":"https:\/\/www.lifenatura.com\/wp-content\/uploads\/2024\/05\/basilico-10ml-physalis-300x300.jpg","_links":{"self":[{"href":"https:\/\/www.lifenatura.com\/es\/wp-json\/wp\/v2\/product\/91690","targetHints":{"allow":["GET"]}}],"collection":[{"href":"https:\/\/www.lifenatura.com\/es\/wp-json\/wp\/v2\/product"}],"about":[{"href":"https:\/\/www.lifenatura.com\/es\/wp-json\/wp\/v2\/types\/product"}],"wp:featuredmedia":[{"embeddable":true,"href":"https:\/\/www.lifenatura.com\/es\/wp-json\/wp\/v2\/media\/91588"}],"wp:attachment":[{"href":"https:\/\/www.lifenatura.com\/es\/wp-json\/wp\/v2\/media?parent=91690"}],"wp:term":[{"taxonomy":"product_brand","embeddable":true,"href":"https:\/\/www.lifenatura.com\/es\/wp-json\/wp\/v2\/product_brand?post=91690"},{"taxonomy":"product_cat","embeddable":true,"href":"https:\/\/www.lifenatura.com\/es\/wp-json\/wp\/v2\/product_cat?post=91690"},{"taxonomy":"product_tag","embeddable":true,"href":"https:\/\/www.lifenatura.com\/es\/wp-json\/wp\/v2\/product_tag?post=91690"}],"curies":[{"name":"wp","href":"https:\/\/api.w.org\/{rel}","templated":true}]}}