{"id":90666,"date":"2024-05-09T16:18:39","date_gmt":"2024-05-09T16:18:39","guid":{"rendered":"https:\/\/www.lifenatura.com\/produto\/ultimate-omega-xtra-3400mg-237ml-nordic-naturals\/"},"modified":"2025-02-03T00:02:47","modified_gmt":"2025-02-03T00:02:47","slug":"ultimate-omega-xtra-3400mg-237ml-nordic-naturals","status":"publish","type":"product","link":"https:\/\/www.lifenatura.com\/es\/produto\/ultimate-omega-xtra-3400mg-237ml-nordic-naturals\/","title":{"rendered":"Ultimate Omega XTRA 3400mg 237ml &#8211; Nordic Naturals"},"content":{"rendered":"<h2 style=\"text-align: left;\"><strong>Ultimate Omega Xtra, con triple EPA\/DHA y vitamina D3<\/strong><\/h2>\n<p>&nbsp;<\/p>\n<p>Ultimate Omega Xtra 3400mg de Nordic Naturals es un suplemento nutricional formulado para ofrecer una potencia extra de Omega-3 para promover una salud \u00f3ptima y un bienestar duradero.<\/p>\n<p>Con una alta concentraci\u00f3n de EPA y DHA, este suplemento proporciona importantes beneficios para el cuerpo y la mente.<\/p>\n<p>Cada c\u00e1psula aporta una generosa dosis de EPA y DHA, esenciales para apoyar la salud cardiovascular, cerebral, articular e inmunitaria. Adem\u00e1s, este suplemento se fabrica seg\u00fan las normas de calidad m\u00e1s exigentes, garantizando la m\u00e1xima pureza y frescura.<\/p>\n<p>Ultimate Omega\u00ae Xtra, con predominio de EPA, combina aceite de pescado puro con 1000 UI de vitamina D3 para proporcionar un potente apoyo a los huesos, las articulaciones y un coraz\u00f3n y cerebro sanos.<\/p>\n<p><strong>3400 mg de omega-3 total (neto) | 1000 UI de vitamina D3<\/strong><\/p>\n<p><strong>Principales ventajas:<\/strong><\/p>\n<ul>\n<li><strong>Salud cardiovascular:<\/strong> El EPA y el DHA ayudan a promover la salud del coraz\u00f3n reduciendo los niveles de triglic\u00e9ridos en la sangre, favoreciendo el funcionamiento normal del coraz\u00f3n y manteniendo niveles saludables de colesterol.<\/li>\n<li><strong>Funci\u00f3n cerebral:<\/strong> el DHA es esencial para la salud cerebral, mejorando la memoria, la concentraci\u00f3n y la funci\u00f3n cognitiva general.<\/li>\n<li><strong>Salud articular:<\/strong> Este suplemento puede ayudar a reducir la rigidez y el dolor de las articulaciones, mejorando la movilidad y la flexibilidad, lo que es especialmente beneficioso para las personas activas y los deportistas.<\/li>\n<li><strong>Apoyo inmunitario:<\/strong> Los omega-3 tienen propiedades antiinflamatorias e inmunomoduladoras que ayudan a reforzar el sistema inmunitario, haci\u00e9ndolo m\u00e1s resistente a enfermedades e infecciones.<\/li>\n<\/ul>\n<p><strong>PRESENTACI\u00d3N <\/strong><\/p>\n<p>237 ml<\/p>\n<p>&nbsp;<\/p>\n","protected":false},"excerpt":{"rendered":"<p>Ultimate Omega XTRA con 3400 mg de Omega 3 y el triple de EPA y DHA con vitamina D3, para potenciar los efectos sobre el Cerebro, las Articulaciones y el Coraz\u00f3n. [&#8230;]<\/p>\n<p><a class=\"btn btn-secondary understrap-read-more-link\" href=\"https:\/\/www.lifenatura.com\/es\/produto\/ultimate-omega-xtra-3400mg-237ml-nordic-naturals\/\">Leer m\u00e1s&#8230;<span class=\"screen-reader-text\"> from Ultimate Omega XTRA 3400mg 237ml &#8211; Nordic Naturals<\/span><\/a><\/p>\n","protected":false},"featured_media":90659,"template":"","meta":{"_acf_changed":false},"product_brand":[8431],"product_cat":[7222,7659,7755,7179],"product_tag":[],"class_list":{"0":"post-90666","1":"product","2":"type-product","3":"status-publish","4":"has-post-thumbnail","6":"product_brand-nordic-naturals","7":"product_cat-colesterol-salud","8":"product_cat-ingrediente-natural-bio","9":"product_cat-omega-3-es","10":"product_cat-salud","11":"pa_caracteristicas-sin-omg","12":"pa_dicas-ultima-omega-nordic-naturals-es","14":"first","15":"instock","16":"sale","17":"shipping-taxable","18":"purchasable","19":"product-type-simple","20":"add-to-wishlist-before_image"},"acf":[],"yoast_head":"<!-- This site is optimized with the Yoast SEO Premium plugin v27.1 (Yoast SEO v27.3) - https:\/\/yoast.com\/product\/yoast-seo-premium-wordpress\/ -->\n<title>Ultimate Omega XTRA 3400mg 237ml - Nordic Naturals - Lifenatura<\/title>\n<meta name=\"description\" content=\"Ultimate Omega XTRA con 3400 mg de Omega 3 el triple de EPA y DHA con vitamina D3, potencia los efectos sobre el Cerebro, las Articulaciones y el Coraz\u00f3n.\" \/>\n<meta name=\"robots\" content=\"index, follow, max-snippet:-1, max-image-preview:large, max-video-preview:-1\" \/>\n<link rel=\"canonical\" href=\"https:\/\/www.lifenatura.com\/es\/produto\/ultimate-omega-xtra-3400mg-237ml-nordic-naturals\/\" \/>\n<meta property=\"og:locale\" content=\"es_ES\" \/>\n<meta property=\"og:type\" content=\"article\" \/>\n<meta property=\"og:title\" content=\"Ultimate Omega XTRA 3400mg 237ml - Nordic Naturals - Lifenatura\" \/>\n<meta property=\"og:description\" content=\"Compre aqui o seu Ultimate Omega XTRA 3400mg 237ml - Nordic Naturals e a Lifenatura Online envia em 48 H com Portes Gratis &gt;35\u20ac de Pedido.\" \/>\n<meta property=\"og:url\" content=\"https:\/\/www.lifenatura.com\/es\/produto\/ultimate-omega-xtra-3400mg-237ml-nordic-naturals\/\" \/>\n<meta property=\"og:site_name\" content=\"Lifenatura\" \/>\n<meta property=\"article:publisher\" content=\"https:\/\/www.facebook.com\/lifenatura\" \/>\n<meta property=\"article:modified_time\" content=\"2025-02-03T00:02:47+00:00\" \/>\n<meta property=\"og:image\" content=\"https:\/\/www.lifenatura.com\/wp-content\/uploads\/2024\/05\/ultimate-omega-xtra-237ml-nordic-naturals.jpg\" \/>\n\t<meta property=\"og:image:width\" content=\"1000\" \/>\n\t<meta property=\"og:image:height\" content=\"1000\" \/>\n\t<meta property=\"og:image:type\" content=\"image\/jpeg\" \/>\n<meta name=\"twitter:card\" content=\"summary_large_image\" \/>\n<meta name=\"twitter:label1\" content=\"Precio\" \/>\n\t<meta name=\"twitter:data1\" content=\"100,54&nbsp;&euro;\" \/>\n\t<meta name=\"twitter:label2\" content=\"Disponibilidad\" \/>\n\t<meta name=\"twitter:data2\" content=\"Disponible\" \/>\n<meta property=\"product:price:amount\" content=\"100.54\" \/>\n<meta property=\"product:price:currency\" content=\"EUR\" \/>\n<meta property=\"og:availability\" content=\"instock\" \/>\n<meta property=\"product:availability\" content=\"instock\" \/>\n<meta property=\"product:retailer_item_id\" content=\"0768990018060\" \/>\n<meta property=\"product:condition\" content=\"new\" \/>\n<!-- \/ Yoast SEO Premium plugin. -->","yoast_head_json":{"title":"Ultimate Omega XTRA 3400mg 237ml - Nordic Naturals - Lifenatura","description":"Ultimate Omega XTRA con 3400 mg de Omega 3 el triple de EPA y DHA con vitamina D3, potencia los efectos sobre el Cerebro, las Articulaciones y el Coraz\u00f3n.","robots":{"index":"index","follow":"follow","max-snippet":"max-snippet:-1","max-image-preview":"max-image-preview:large","max-video-preview":"max-video-preview:-1"},"canonical":"https:\/\/www.lifenatura.com\/es\/produto\/ultimate-omega-xtra-3400mg-237ml-nordic-naturals\/","og_locale":"es_ES","og_type":"article","og_title":"Ultimate Omega XTRA 3400mg 237ml - Nordic Naturals - Lifenatura","og_description":"Compre aqui o seu Ultimate Omega XTRA 3400mg 237ml - Nordic Naturals e a Lifenatura Online envia em 48 H com Portes Gratis >35\u20ac de Pedido.","og_url":"https:\/\/www.lifenatura.com\/es\/produto\/ultimate-omega-xtra-3400mg-237ml-nordic-naturals\/","og_site_name":"Lifenatura","article_publisher":"https:\/\/www.facebook.com\/lifenatura","article_modified_time":"2025-02-03T00:02:47+00:00","og_image":[{"width":1000,"height":1000,"url":"https:\/\/www.lifenatura.com\/wp-content\/uploads\/2024\/05\/ultimate-omega-xtra-237ml-nordic-naturals.jpg","type":"image\/jpeg"}],"twitter_card":"summary_large_image","twitter_misc":{"Precio":"100,54&nbsp;&euro;","Disponibilidad":"Disponible"},"schema":{"@context":"https:\/\/schema.org","@graph":[{"@type":"WebPage","@id":"https:\/\/www.lifenatura.com\/es\/produto\/ultimate-omega-xtra-3400mg-237ml-nordic-naturals\/","url":"https:\/\/www.lifenatura.com\/es\/produto\/ultimate-omega-xtra-3400mg-237ml-nordic-naturals\/","name":"Ultimate Omega XTRA 3400mg 237ml - Nordic Naturals - Lifenatura","isPartOf":{"@id":"https:\/\/www.lifenatura.com\/es\/#website"},"primaryImageOfPage":{"@id":"https:\/\/www.lifenatura.com\/es\/produto\/ultimate-omega-xtra-3400mg-237ml-nordic-naturals\/#primaryimage"},"image":{"@id":"https:\/\/www.lifenatura.com\/es\/produto\/ultimate-omega-xtra-3400mg-237ml-nordic-naturals\/#primaryimage"},"thumbnailUrl":"https:\/\/www.lifenatura.com\/wp-content\/uploads\/2024\/05\/ultimate-omega-xtra-237ml-nordic-naturals.jpg","datePublished":"2024-05-09T16:18:39+00:00","dateModified":"2025-02-03T00:02:47+00:00","description":"Ultimate Omega XTRA con 3400 mg de Omega 3 el triple de EPA y DHA con vitamina D3, potencia los efectos sobre el Cerebro, las Articulaciones y el Coraz\u00f3n.","breadcrumb":{"@id":"https:\/\/www.lifenatura.com\/es\/produto\/ultimate-omega-xtra-3400mg-237ml-nordic-naturals\/#breadcrumb"},"inLanguage":"es","potentialAction":[{"@type":"ReadAction","target":["https:\/\/www.lifenatura.com\/es\/produto\/ultimate-omega-xtra-3400mg-237ml-nordic-naturals\/"]}]},{"@type":"ImageObject","inLanguage":"es","@id":"https:\/\/www.lifenatura.com\/es\/produto\/ultimate-omega-xtra-3400mg-237ml-nordic-naturals\/#primaryimage","url":"https:\/\/www.lifenatura.com\/wp-content\/uploads\/2024\/05\/ultimate-omega-xtra-237ml-nordic-naturals.jpg","contentUrl":"https:\/\/www.lifenatura.com\/wp-content\/uploads\/2024\/05\/ultimate-omega-xtra-237ml-nordic-naturals.jpg","width":1000,"height":1000,"caption":"Ultimate Omega XTRA l\u00edquido de nordic naturals"},{"@type":"BreadcrumbList","@id":"https:\/\/www.lifenatura.com\/es\/produto\/ultimate-omega-xtra-3400mg-237ml-nordic-naturals\/#breadcrumb","itemListElement":[{"@type":"ListItem","position":1,"name":"In\u00edcio","item":"https:\/\/www.lifenatura.com\/es\/"},{"@type":"ListItem","position":2,"name":"Todos los Productos","item":"https:\/\/www.lifenatura.com\/es\/tienda\/"},{"@type":"ListItem","position":3,"name":"Ultimate Omega XTRA 3400mg 237ml &#8211; Nordic Naturals"}]},{"@type":"WebSite","@id":"https:\/\/www.lifenatura.com\/es\/#website","url":"https:\/\/www.lifenatura.com\/es\/","name":"Lifenatura","description":"A Lifenatura \u00e9 uma loja de produtos naturais, cosm\u00e9tica natural e alimenta\u00e7\u00e3o Biol\u00f3gica.","publisher":{"@id":"https:\/\/www.lifenatura.com\/es\/#organization"},"potentialAction":[{"@type":"SearchAction","target":{"@type":"EntryPoint","urlTemplate":"https:\/\/www.lifenatura.com\/es\/?s={search_term_string}"},"query-input":{"@type":"PropertyValueSpecification","valueRequired":true,"valueName":"search_term_string"}}],"inLanguage":"es"},{"@type":"Organization","@id":"https:\/\/www.lifenatura.com\/es\/#organization","name":"Lifenatura","url":"https:\/\/www.lifenatura.com\/es\/","logo":{"@type":"ImageObject","inLanguage":"es","@id":"https:\/\/www.lifenatura.com\/es\/#\/schema\/logo\/image\/","url":"https:\/\/www.lifenatura.com\/wp-content\/uploads\/2021\/11\/logo.png","contentUrl":"https:\/\/www.lifenatura.com\/wp-content\/uploads\/2021\/11\/logo.png","width":175,"height":55,"caption":"Lifenatura"},"image":{"@id":"https:\/\/www.lifenatura.com\/es\/#\/schema\/logo\/image\/"},"sameAs":["https:\/\/www.facebook.com\/lifenatura","https:\/\/www.instagram.com\/lifenaturapt\/"]}]},"product_price_amount":"100.54","product_price_currency":"EUR","og_availability":"instock","product_availability":"instock","product_retailer_item_id":"0768990018060","product_condition":"new"},"df_price":100.54,"df_sale_price":100.54,"df_regular_price":140.76,"df_image_link":"https:\/\/www.lifenatura.com\/wp-content\/uploads\/2024\/05\/ultimate-omega-xtra-237ml-nordic-naturals-300x300.jpg","_links":{"self":[{"href":"https:\/\/www.lifenatura.com\/es\/wp-json\/wp\/v2\/product\/90666","targetHints":{"allow":["GET"]}}],"collection":[{"href":"https:\/\/www.lifenatura.com\/es\/wp-json\/wp\/v2\/product"}],"about":[{"href":"https:\/\/www.lifenatura.com\/es\/wp-json\/wp\/v2\/types\/product"}],"wp:featuredmedia":[{"embeddable":true,"href":"https:\/\/www.lifenatura.com\/es\/wp-json\/wp\/v2\/media\/90659"}],"wp:attachment":[{"href":"https:\/\/www.lifenatura.com\/es\/wp-json\/wp\/v2\/media?parent=90666"}],"wp:term":[{"taxonomy":"product_brand","embeddable":true,"href":"https:\/\/www.lifenatura.com\/es\/wp-json\/wp\/v2\/product_brand?post=90666"},{"taxonomy":"product_cat","embeddable":true,"href":"https:\/\/www.lifenatura.com\/es\/wp-json\/wp\/v2\/product_cat?post=90666"},{"taxonomy":"product_tag","embeddable":true,"href":"https:\/\/www.lifenatura.com\/es\/wp-json\/wp\/v2\/product_tag?post=90666"}],"curies":[{"name":"wp","href":"https:\/\/api.w.org\/{rel}","templated":true}]}}