{"id":89619,"date":"2024-04-10T17:05:04","date_gmt":"2024-04-22T17:52:45","guid":{"rendered":"https:\/\/www.lifenatura.com\/produto\/pulsera-energetica-opalita\/"},"modified":"2024-04-22T21:39:20","modified_gmt":"2024-04-22T21:39:20","slug":"pulsera-energetica-opalita","status":"publish","type":"product","link":"https:\/\/www.lifenatura.com\/es\/produto\/pulsera-energetica-opalita\/","title":{"rendered":"Pulsera Energ\u00e9tica &#8211; Opalita"},"content":{"rendered":"<h2 style=\"text-align: left;\"><strong>La Piedra Energ\u00e9tica Opalita aporta paz, amor y protecci\u00f3n<\/strong><\/h2>\n<p>&nbsp;<\/p>\n<p>La Pulsera Energ\u00e9tica de Opalita es una pieza impresionante que combina la belleza \u00fanica de la Opalita con los beneficios terap\u00e9uticos potenciales de las pulseras energ\u00e9ticas. Creada con meticulosa atenci\u00f3n al detalle y artesan\u00eda de calidad, esta pulsera pretende aportar equilibrio y bienestar a su portador.<\/p>\n<p><strong>La Opalita<\/strong> es una piedra que estabiliza las emociones, la armon\u00eda, la paz y el amor, la fertilidad, el bienestar y la protecci\u00f3n.<\/p>\n<p>Es una de las piedras m\u00e1s utilizadas para estabilizar el estado de \u00e1nimo y equilibrar todas las emociones, ya que estimula el autoconocimiento y ayuda as\u00ed a seguir el camino correcto en la vida.<\/p>\n<p><strong>Caracter\u00edsticas principales:<\/strong><\/p>\n<ol>\n<li><strong>Opalita de primera calidad:<\/strong> Esta pulsera est\u00e1 hecha con Opalita de alta calidad, conocida por su aspecto transl\u00facido y luminoso. La opalita se valora no s\u00f3lo por su belleza est\u00e9tica, sino tambi\u00e9n por sus supuestas propiedades terap\u00e9uticas, entre ellas su capacidad para promover la calma y la serenidad.<\/li>\n<li><strong>Dise\u00f1o elegante:<\/strong> Con su suave brillo y sus delicados tonos, la pulsera Aw Artisan Opalite es una aut\u00e9ntica obra de arte que complementa cualquier estilo. Su dise\u00f1o refinado y vers\u00e1til permite llevarlo en diversas ocasiones, desde eventos formales hasta momentos informales.<\/li>\n<li><strong>Efecto energizante:<\/strong> se cree que la Opalita tiene propiedades energizantes que pueden favorecer el equilibrio emocional, aliviar el estr\u00e9s y estimular la creatividad. Llevando esta pulsera, puedes experimentar una sensaci\u00f3n de tranquilidad y armon\u00eda, ayudando a restablecer el equilibrio interior.<\/li>\n<\/ol>\n<p><strong>PRESENTACI\u00d3N<\/strong><\/p>\n<p>1 Pulsera<\/p>\n<p>&nbsp;<\/p>\n","protected":false},"excerpt":{"rendered":"<p>La gema Opalita es un potenciador energ\u00e9tico para estabilizar el estado de \u00e1nimo y equilibrar todas las emociones, ya que estimula el autoconocimiento. [&#8230;]<\/p>\n<p><a class=\"btn btn-secondary understrap-read-more-link\" href=\"https:\/\/www.lifenatura.com\/es\/produto\/pulsera-energetica-opalita\/\">Leer m\u00e1s&#8230;<span class=\"screen-reader-text\"> from Pulsera Energ\u00e9tica &#8211; Opalita<\/span><\/a><\/p>\n","protected":false},"featured_media":113672,"template":"","meta":{"_acf_changed":false},"product_brand":[8290],"product_cat":[7950],"product_tag":[],"class_list":{"0":"post-89619","1":"product","2":"type-product","3":"status-publish","4":"has-post-thumbnail","6":"product_brand-aw-artisan","7":"product_cat-pulseras-energeticas-es","9":"first","10":"instock","11":"shipping-taxable","12":"purchasable","13":"product-type-simple","14":"add-to-wishlist-before_image"},"acf":[],"yoast_head":"<!-- This site is optimized with the Yoast SEO Premium plugin v27.1 (Yoast SEO v27.5) - https:\/\/yoast.com\/product\/yoast-seo-premium-wordpress\/ -->\n<title>Pulsera Energ\u00e9tica - Opalita - Na Lifenatura ao Melhor Pre\u00e7o | Envio em 48h<\/title>\n<meta name=\"description\" content=\"La gema Opalita es un potenciador energ\u00e9tico para estabilizar los estados de \u00e1nimo y equilibrar todas las emociones, ya que estimula el autoconocimiento.\" \/>\n<meta name=\"robots\" content=\"index, follow, max-snippet:-1, max-image-preview:large, max-video-preview:-1\" \/>\n<link rel=\"canonical\" href=\"https:\/\/www.lifenatura.com\/es\/produto\/pulsera-energetica-opalita\/\" \/>\n<meta property=\"og:locale\" content=\"es_ES\" \/>\n<meta property=\"og:type\" content=\"article\" \/>\n<meta property=\"og:title\" content=\"Pulsera Energ\u00e9tica - Opalita - Na Lifenatura ao Melhor Pre\u00e7o | Envio 48h\" \/>\n<meta property=\"og:description\" content=\"Compre Pulsera Energ\u00e9tica - Opalita com envio r\u00e1pido. Entrega em 48h e portes gr\u00e1tis em compras &gt;35\u20ac. Aproveite j\u00e1 na Lifenatura\" \/>\n<meta property=\"og:url\" content=\"https:\/\/www.lifenatura.com\/es\/produto\/pulsera-energetica-opalita\/\" \/>\n<meta property=\"og:site_name\" content=\"Lifenatura\" \/>\n<meta property=\"article:publisher\" content=\"https:\/\/www.facebook.com\/lifenatura\" \/>\n<meta property=\"article:modified_time\" content=\"2024-04-22T21:39:20+00:00\" \/>\n<meta property=\"og:image\" content=\"https:\/\/www.lifenatura.com\/wp-content\/uploads\/2024\/04\/pulseira-de-energia-opalite.jpg\" \/>\n\t<meta property=\"og:image:width\" content=\"1000\" \/>\n\t<meta property=\"og:image:height\" content=\"1000\" \/>\n\t<meta property=\"og:image:type\" content=\"image\/jpeg\" \/>\n<meta name=\"twitter:card\" content=\"summary_large_image\" \/>\n<meta name=\"twitter:label1\" content=\"Precio\" \/>\n\t<meta name=\"twitter:data1\" content=\"7,99&nbsp;&euro;\" \/>\n\t<meta name=\"twitter:label2\" content=\"Disponibilidad\" \/>\n\t<meta name=\"twitter:data2\" content=\"Disponible\" \/>\n<script type=\"application\/ld+json\" class=\"yoast-schema-graph\">{\"@context\":\"https:\\\/\\\/schema.org\",\"@graph\":[{\"@type\":\"WebPage\",\"@id\":\"https:\\\/\\\/www.lifenatura.com\\\/es\\\/produto\\\/pulsera-energetica-opalita\\\/\",\"url\":\"https:\\\/\\\/www.lifenatura.com\\\/es\\\/produto\\\/pulsera-energetica-opalita\\\/\",\"name\":\"Pulsera Energ\u00e9tica - Opalita - Na Lifenatura ao Melhor Pre\u00e7o | Envio em 48h\",\"isPartOf\":{\"@id\":\"https:\\\/\\\/www.lifenatura.com\\\/es\\\/#website\"},\"primaryImageOfPage\":{\"@id\":\"https:\\\/\\\/www.lifenatura.com\\\/es\\\/produto\\\/pulsera-energetica-opalita\\\/#primaryimage\"},\"image\":{\"@id\":\"https:\\\/\\\/www.lifenatura.com\\\/es\\\/produto\\\/pulsera-energetica-opalita\\\/#primaryimage\"},\"thumbnailUrl\":\"https:\\\/\\\/www.lifenatura.com\\\/wp-content\\\/uploads\\\/2025\\\/06\\\/pulseira-energia\u2013opalite.jpg\",\"datePublished\":\"2024-04-22T17:52:45+00:00\",\"dateModified\":\"2024-04-22T21:39:20+00:00\",\"description\":\"La gema Opalita es un potenciador energ\u00e9tico para estabilizar los estados de \u00e1nimo y equilibrar todas las emociones, ya que estimula el autoconocimiento.\",\"breadcrumb\":{\"@id\":\"https:\\\/\\\/www.lifenatura.com\\\/es\\\/produto\\\/pulsera-energetica-opalita\\\/#breadcrumb\"},\"inLanguage\":\"es\",\"potentialAction\":[{\"@type\":\"ReadAction\",\"target\":[\"https:\\\/\\\/www.lifenatura.com\\\/es\\\/produto\\\/pulsera-energetica-opalita\\\/\"]}]},{\"@type\":\"ImageObject\",\"inLanguage\":\"es\",\"@id\":\"https:\\\/\\\/www.lifenatura.com\\\/es\\\/produto\\\/pulsera-energetica-opalita\\\/#primaryimage\",\"url\":\"https:\\\/\\\/www.lifenatura.com\\\/wp-content\\\/uploads\\\/2025\\\/06\\\/pulseira-energia\u2013opalite.jpg\",\"contentUrl\":\"https:\\\/\\\/www.lifenatura.com\\\/wp-content\\\/uploads\\\/2025\\\/06\\\/pulseira-energia\u2013opalite.jpg\",\"width\":1000,\"height\":1000,\"caption\":\"Pulseira de Energia Opalite\"},{\"@type\":\"BreadcrumbList\",\"@id\":\"https:\\\/\\\/www.lifenatura.com\\\/es\\\/produto\\\/pulsera-energetica-opalita\\\/#breadcrumb\",\"itemListElement\":[{\"@type\":\"ListItem\",\"position\":1,\"name\":\"In\u00edcio\",\"item\":\"https:\\\/\\\/www.lifenatura.com\\\/es\\\/\"},{\"@type\":\"ListItem\",\"position\":2,\"name\":\"Todos los Productos\",\"item\":\"https:\\\/\\\/www.lifenatura.com\\\/es\\\/tienda\\\/\"},{\"@type\":\"ListItem\",\"position\":3,\"name\":\"Pulsera Energ\u00e9tica &#8211; Opalita\"}]},{\"@type\":\"WebSite\",\"@id\":\"https:\\\/\\\/www.lifenatura.com\\\/es\\\/#website\",\"url\":\"https:\\\/\\\/www.lifenatura.com\\\/es\\\/\",\"name\":\"Lifenatura\",\"description\":\"A Lifenatura \u00e9 uma loja de produtos naturais, cosm\u00e9tica natural e alimenta\u00e7\u00e3o Biol\u00f3gica.\",\"publisher\":{\"@id\":\"https:\\\/\\\/www.lifenatura.com\\\/es\\\/#organization\"},\"potentialAction\":[{\"@type\":\"SearchAction\",\"target\":{\"@type\":\"EntryPoint\",\"urlTemplate\":\"https:\\\/\\\/www.lifenatura.com\\\/es\\\/?s={search_term_string}\"},\"query-input\":{\"@type\":\"PropertyValueSpecification\",\"valueRequired\":true,\"valueName\":\"search_term_string\"}}],\"inLanguage\":\"es\"},{\"@type\":\"Organization\",\"@id\":\"https:\\\/\\\/www.lifenatura.com\\\/es\\\/#organization\",\"name\":\"Lifenatura\",\"url\":\"https:\\\/\\\/www.lifenatura.com\\\/es\\\/\",\"logo\":{\"@type\":\"ImageObject\",\"inLanguage\":\"es\",\"@id\":\"https:\\\/\\\/www.lifenatura.com\\\/es\\\/#\\\/schema\\\/logo\\\/image\\\/\",\"url\":\"https:\\\/\\\/www.lifenatura.com\\\/wp-content\\\/uploads\\\/2021\\\/07\\\/logo.png\",\"contentUrl\":\"https:\\\/\\\/www.lifenatura.com\\\/wp-content\\\/uploads\\\/2021\\\/07\\\/logo.png\",\"width\":175,\"height\":55,\"caption\":\"Lifenatura\"},\"image\":{\"@id\":\"https:\\\/\\\/www.lifenatura.com\\\/es\\\/#\\\/schema\\\/logo\\\/image\\\/\"},\"sameAs\":[\"https:\\\/\\\/www.facebook.com\\\/lifenatura\",\"https:\\\/\\\/www.instagram.com\\\/lifenaturapt\\\/\"],\"hasMerchantReturnPolicy\":{\"@type\":\"MerchantReturnPolicy\",\"merchantReturnLink\":\"https:\\\/\\\/www.lifenatura.com\\\/termos-condicoes-lifenatura\\\/\"}}]}<\/script>\n<meta property=\"product:price:amount\" content=\"7.99\" \/>\n<meta property=\"product:price:currency\" content=\"EUR\" \/>\n<meta property=\"og:availability\" content=\"instock\" \/>\n<meta property=\"product:availability\" content=\"instock\" \/>\n<meta property=\"product:retailer_item_id\" content=\"5055796579280\" \/>\n<meta property=\"product:condition\" content=\"new\" \/>\n<!-- \/ Yoast SEO Premium plugin. -->","yoast_head_json":{"title":"Pulsera Energ\u00e9tica - Opalita - Na Lifenatura ao Melhor Pre\u00e7o | Envio em 48h","description":"La gema Opalita es un potenciador energ\u00e9tico para estabilizar los estados de \u00e1nimo y equilibrar todas las emociones, ya que estimula el autoconocimiento.","robots":{"index":"index","follow":"follow","max-snippet":"max-snippet:-1","max-image-preview":"max-image-preview:large","max-video-preview":"max-video-preview:-1"},"canonical":"https:\/\/www.lifenatura.com\/es\/produto\/pulsera-energetica-opalita\/","og_locale":"es_ES","og_type":"article","og_title":"Pulsera Energ\u00e9tica - Opalita - Na Lifenatura ao Melhor Pre\u00e7o | Envio 48h","og_description":"Compre Pulsera Energ\u00e9tica - Opalita com envio r\u00e1pido. Entrega em 48h e portes gr\u00e1tis em compras >35\u20ac. Aproveite j\u00e1 na Lifenatura","og_url":"https:\/\/www.lifenatura.com\/es\/produto\/pulsera-energetica-opalita\/","og_site_name":"Lifenatura","article_publisher":"https:\/\/www.facebook.com\/lifenatura","article_modified_time":"2024-04-22T21:39:20+00:00","og_image":[{"width":1000,"height":1000,"url":"https:\/\/www.lifenatura.com\/wp-content\/uploads\/2024\/04\/pulseira-de-energia-opalite.jpg","type":"image\/jpeg"}],"twitter_card":"summary_large_image","twitter_misc":{"Precio":"7,99&nbsp;&euro;","Disponibilidad":"Disponible"},"schema":{"@context":"https:\/\/schema.org","@graph":[{"@type":"WebPage","@id":"https:\/\/www.lifenatura.com\/es\/produto\/pulsera-energetica-opalita\/","url":"https:\/\/www.lifenatura.com\/es\/produto\/pulsera-energetica-opalita\/","name":"Pulsera Energ\u00e9tica - Opalita - Na Lifenatura ao Melhor Pre\u00e7o | Envio em 48h","isPartOf":{"@id":"https:\/\/www.lifenatura.com\/es\/#website"},"primaryImageOfPage":{"@id":"https:\/\/www.lifenatura.com\/es\/produto\/pulsera-energetica-opalita\/#primaryimage"},"image":{"@id":"https:\/\/www.lifenatura.com\/es\/produto\/pulsera-energetica-opalita\/#primaryimage"},"thumbnailUrl":"https:\/\/www.lifenatura.com\/wp-content\/uploads\/2025\/06\/pulseira-energia\u2013opalite.jpg","datePublished":"2024-04-22T17:52:45+00:00","dateModified":"2024-04-22T21:39:20+00:00","description":"La gema Opalita es un potenciador energ\u00e9tico para estabilizar los estados de \u00e1nimo y equilibrar todas las emociones, ya que estimula el autoconocimiento.","breadcrumb":{"@id":"https:\/\/www.lifenatura.com\/es\/produto\/pulsera-energetica-opalita\/#breadcrumb"},"inLanguage":"es","potentialAction":[{"@type":"ReadAction","target":["https:\/\/www.lifenatura.com\/es\/produto\/pulsera-energetica-opalita\/"]}]},{"@type":"ImageObject","inLanguage":"es","@id":"https:\/\/www.lifenatura.com\/es\/produto\/pulsera-energetica-opalita\/#primaryimage","url":"https:\/\/www.lifenatura.com\/wp-content\/uploads\/2025\/06\/pulseira-energia\u2013opalite.jpg","contentUrl":"https:\/\/www.lifenatura.com\/wp-content\/uploads\/2025\/06\/pulseira-energia\u2013opalite.jpg","width":1000,"height":1000,"caption":"Pulseira de Energia Opalite"},{"@type":"BreadcrumbList","@id":"https:\/\/www.lifenatura.com\/es\/produto\/pulsera-energetica-opalita\/#breadcrumb","itemListElement":[{"@type":"ListItem","position":1,"name":"In\u00edcio","item":"https:\/\/www.lifenatura.com\/es\/"},{"@type":"ListItem","position":2,"name":"Todos los Productos","item":"https:\/\/www.lifenatura.com\/es\/tienda\/"},{"@type":"ListItem","position":3,"name":"Pulsera Energ\u00e9tica &#8211; Opalita"}]},{"@type":"WebSite","@id":"https:\/\/www.lifenatura.com\/es\/#website","url":"https:\/\/www.lifenatura.com\/es\/","name":"Lifenatura","description":"A Lifenatura \u00e9 uma loja de produtos naturais, cosm\u00e9tica natural e alimenta\u00e7\u00e3o Biol\u00f3gica.","publisher":{"@id":"https:\/\/www.lifenatura.com\/es\/#organization"},"potentialAction":[{"@type":"SearchAction","target":{"@type":"EntryPoint","urlTemplate":"https:\/\/www.lifenatura.com\/es\/?s={search_term_string}"},"query-input":{"@type":"PropertyValueSpecification","valueRequired":true,"valueName":"search_term_string"}}],"inLanguage":"es"},{"@type":"Organization","@id":"https:\/\/www.lifenatura.com\/es\/#organization","name":"Lifenatura","url":"https:\/\/www.lifenatura.com\/es\/","logo":{"@type":"ImageObject","inLanguage":"es","@id":"https:\/\/www.lifenatura.com\/es\/#\/schema\/logo\/image\/","url":"https:\/\/www.lifenatura.com\/wp-content\/uploads\/2021\/07\/logo.png","contentUrl":"https:\/\/www.lifenatura.com\/wp-content\/uploads\/2021\/07\/logo.png","width":175,"height":55,"caption":"Lifenatura"},"image":{"@id":"https:\/\/www.lifenatura.com\/es\/#\/schema\/logo\/image\/"},"sameAs":["https:\/\/www.facebook.com\/lifenatura","https:\/\/www.instagram.com\/lifenaturapt\/"],"hasMerchantReturnPolicy":{"@type":"MerchantReturnPolicy","merchantReturnLink":"https:\/\/www.lifenatura.com\/termos-condicoes-lifenatura\/"}}]},"product_price_amount":"7.99","product_price_currency":"EUR","og_availability":"instock","product_availability":"instock","product_retailer_item_id":"5055796579280","product_condition":"new"},"df_price":7.99,"df_sale_price":"","df_regular_price":7.99,"df_image_link":"https:\/\/www.lifenatura.com\/wp-content\/uploads\/2025\/06\/pulseira-energia\u2013opalite-300x300.jpg","_links":{"self":[{"href":"https:\/\/www.lifenatura.com\/es\/wp-json\/wp\/v2\/product\/89619","targetHints":{"allow":["GET"]}}],"collection":[{"href":"https:\/\/www.lifenatura.com\/es\/wp-json\/wp\/v2\/product"}],"about":[{"href":"https:\/\/www.lifenatura.com\/es\/wp-json\/wp\/v2\/types\/product"}],"wp:featuredmedia":[{"embeddable":true,"href":"https:\/\/www.lifenatura.com\/es\/wp-json\/wp\/v2\/media\/113672"}],"wp:attachment":[{"href":"https:\/\/www.lifenatura.com\/es\/wp-json\/wp\/v2\/media?parent=89619"}],"wp:term":[{"taxonomy":"product_brand","embeddable":true,"href":"https:\/\/www.lifenatura.com\/es\/wp-json\/wp\/v2\/product_brand?post=89619"},{"taxonomy":"product_cat","embeddable":true,"href":"https:\/\/www.lifenatura.com\/es\/wp-json\/wp\/v2\/product_cat?post=89619"},{"taxonomy":"product_tag","embeddable":true,"href":"https:\/\/www.lifenatura.com\/es\/wp-json\/wp\/v2\/product_tag?post=89619"}],"curies":[{"name":"wp","href":"https:\/\/api.w.org\/{rel}","templated":true}]}}