{"id":89617,"date":"2024-04-10T17:05:03","date_gmt":"2024-04-10T17:05:03","guid":{"rendered":"https:\/\/www.lifenatura.com\/produto\/pulsera-energetica-cuarzo-rosa\/"},"modified":"2024-04-22T21:38:29","modified_gmt":"2024-04-22T21:38:29","slug":"pulsera-energetica-cuarzo-rosa","status":"publish","type":"product","link":"https:\/\/www.lifenatura.com\/es\/produto\/pulsera-energetica-cuarzo-rosa\/","title":{"rendered":"Pulsera Energ\u00e9tica &#8211; Cuarzo Rosa"},"content":{"rendered":"<h2 style=\"text-align: left;\"><strong>La pulsera de Cuarzo Rosa es la piedra del amor<\/strong><\/h2>\n<p>&nbsp;<\/p>\n<p>La Pulsera Energ\u00e9tica de Cuarzo Rosa es un accesorio que combina la belleza est\u00e9tica con los beneficios energ\u00e9ticos. El cuarzo rosa es una gema conocida por sus propiedades calmantes y curativas, lo que la convierte en una elecci\u00f3n popular para las pulseras energ\u00e9ticas.<\/p>\n<p>Los beneficios potenciales de la pulseria de cuarzo rosa<\/p>\n<ul>\n<li><strong>Fomenta el Amor y la Compasi\u00f3n:<\/strong> El Cuarzo Rosa se considera la piedra del amor incondicional y la compasi\u00f3n. Se cree que su energ\u00eda suave y amorosa refuerza las relaciones existentes, fomenta el amor propio y ayuda a curar las heridas emocionales.<\/li>\n<li><strong>Alivia el Estr\u00e9s y la Tensi\u00f3n Emocional:<\/strong> Esta piedra es conocida por su capacidad para calmar las emociones y aliviar el estr\u00e9s y la ansiedad. Llevar una pulsera de Cuarzo Rosa puede ayudar a promover un estado de serenidad y paz interior.<\/li>\n<li><strong>Equilibra el Chakra del Coraz\u00f3n:<\/strong> El Cuarzo Rosa se asocia a menudo con el Chakra del Coraz\u00f3n, que est\u00e1 relacionado con el amor, la compasi\u00f3n y la armon\u00eda. Se cree que llevar una pulsera con esta piedra puede ayudar a equilibrar y desbloquear este centro energ\u00e9tico.<\/li>\n<\/ul>\n<p><strong>El Cuarzo<\/strong> Rosa es la piedra del amor y la paz que permite la curaci\u00f3n interior y la purificaci\u00f3n del cuerpo emocional activando el Chakra del Coraz\u00f3n.<\/p>\n<p><strong>PRESENTACI\u00d3N <\/strong><\/p>\n<p>1 brazalete<\/p>\n<p>&nbsp;<\/p>\n","protected":false},"excerpt":{"rendered":"<p><strong>El Cuarzo<\/strong> Rosa es la piedra del amor y la paz que permite la curaci\u00f3n interior y la purificaci\u00f3n del cuerpo emocional activando el Chakra del Coraz\u00f3n. [&#8230;]<\/p>\n<p><a class=\"btn btn-secondary understrap-read-more-link\" href=\"https:\/\/www.lifenatura.com\/es\/produto\/pulsera-energetica-cuarzo-rosa\/\">Leer m\u00e1s&#8230;<span class=\"screen-reader-text\"> from Pulsera Energ\u00e9tica &#8211; Cuarzo Rosa<\/span><\/a><\/p>\n","protected":false},"featured_media":113674,"template":"","meta":{"_acf_changed":false},"product_brand":[8290],"product_cat":[7950],"product_tag":[],"class_list":{"0":"post-89617","1":"product","2":"type-product","3":"status-publish","4":"has-post-thumbnail","6":"product_brand-aw-artisan","7":"product_cat-pulseras-energeticas-es","9":"first","10":"instock","11":"shipping-taxable","12":"purchasable","13":"product-type-simple","14":"add-to-wishlist-before_image"},"acf":[],"yoast_head":"<!-- This site is optimized with the Yoast SEO Premium plugin v27.1 (Yoast SEO v27.3) - https:\/\/yoast.com\/product\/yoast-seo-premium-wordpress\/ -->\n<title>Pulsera Energ\u00e9tica - Cuarzo Rosa - Lifenatura<\/title>\n<meta name=\"description\" content=\"El Cuarzo Rosa es la piedra del amor y la paz que permite la curaci\u00f3n interior y la purificaci\u00f3n del cuerpo emocional activando el Chakra del Coraz\u00f3n.\" \/>\n<meta name=\"robots\" content=\"index, follow, max-snippet:-1, max-image-preview:large, max-video-preview:-1\" \/>\n<link rel=\"canonical\" href=\"https:\/\/www.lifenatura.com\/es\/produto\/pulsera-energetica-cuarzo-rosa\/\" \/>\n<meta property=\"og:locale\" content=\"es_ES\" \/>\n<meta property=\"og:type\" content=\"article\" \/>\n<meta property=\"og:title\" content=\"Pulsera Energ\u00e9tica - Cuarzo Rosa - Lifenatura\" \/>\n<meta property=\"og:description\" content=\"Compre aqui o seu Pulsera Energ\u00e9tica - Cuarzo Rosa e a Lifenatura Online envia em 48 H com Portes Gratis &gt;35\u20ac de Pedido.\" \/>\n<meta property=\"og:url\" content=\"https:\/\/www.lifenatura.com\/es\/produto\/pulsera-energetica-cuarzo-rosa\/\" \/>\n<meta property=\"og:site_name\" content=\"Lifenatura\" \/>\n<meta property=\"article:publisher\" content=\"https:\/\/www.facebook.com\/lifenatura\" \/>\n<meta property=\"article:modified_time\" content=\"2024-04-22T21:38:29+00:00\" \/>\n<meta property=\"og:image\" content=\"https:\/\/www.lifenatura.com\/wp-content\/uploads\/2024\/04\/pulseira-de-energia-quartzo-rosa.jpg\" \/>\n\t<meta property=\"og:image:width\" content=\"1000\" \/>\n\t<meta property=\"og:image:height\" content=\"1000\" \/>\n\t<meta property=\"og:image:type\" content=\"image\/jpeg\" \/>\n<meta name=\"twitter:card\" content=\"summary_large_image\" \/>\n<meta name=\"twitter:label1\" content=\"Precio\" \/>\n\t<meta name=\"twitter:data1\" content=\"7,99&nbsp;&euro;\" \/>\n\t<meta name=\"twitter:label2\" content=\"Disponibilidad\" \/>\n\t<meta name=\"twitter:data2\" content=\"Disponible\" \/>\n<meta property=\"product:price:amount\" content=\"7.99\" \/>\n<meta property=\"product:price:currency\" content=\"EUR\" \/>\n<meta property=\"og:availability\" content=\"instock\" \/>\n<meta property=\"product:availability\" content=\"instock\" \/>\n<meta property=\"product:retailer_item_id\" content=\"5055796579259\" \/>\n<meta property=\"product:condition\" content=\"new\" \/>\n<!-- \/ Yoast SEO Premium plugin. -->","yoast_head_json":{"title":"Pulsera Energ\u00e9tica - Cuarzo Rosa - Lifenatura","description":"El Cuarzo Rosa es la piedra del amor y la paz que permite la curaci\u00f3n interior y la purificaci\u00f3n del cuerpo emocional activando el Chakra del Coraz\u00f3n.","robots":{"index":"index","follow":"follow","max-snippet":"max-snippet:-1","max-image-preview":"max-image-preview:large","max-video-preview":"max-video-preview:-1"},"canonical":"https:\/\/www.lifenatura.com\/es\/produto\/pulsera-energetica-cuarzo-rosa\/","og_locale":"es_ES","og_type":"article","og_title":"Pulsera Energ\u00e9tica - Cuarzo Rosa - Lifenatura","og_description":"Compre aqui o seu Pulsera Energ\u00e9tica - Cuarzo Rosa e a Lifenatura Online envia em 48 H com Portes Gratis >35\u20ac de Pedido.","og_url":"https:\/\/www.lifenatura.com\/es\/produto\/pulsera-energetica-cuarzo-rosa\/","og_site_name":"Lifenatura","article_publisher":"https:\/\/www.facebook.com\/lifenatura","article_modified_time":"2024-04-22T21:38:29+00:00","og_image":[{"width":1000,"height":1000,"url":"https:\/\/www.lifenatura.com\/wp-content\/uploads\/2024\/04\/pulseira-de-energia-quartzo-rosa.jpg","type":"image\/jpeg"}],"twitter_card":"summary_large_image","twitter_misc":{"Precio":"7,99&nbsp;&euro;","Disponibilidad":"Disponible"},"schema":{"@context":"https:\/\/schema.org","@graph":[{"@type":"WebPage","@id":"https:\/\/www.lifenatura.com\/es\/produto\/pulsera-energetica-cuarzo-rosa\/","url":"https:\/\/www.lifenatura.com\/es\/produto\/pulsera-energetica-cuarzo-rosa\/","name":"Pulsera Energ\u00e9tica - Cuarzo Rosa - Lifenatura","isPartOf":{"@id":"https:\/\/www.lifenatura.com\/es\/#website"},"primaryImageOfPage":{"@id":"https:\/\/www.lifenatura.com\/es\/produto\/pulsera-energetica-cuarzo-rosa\/#primaryimage"},"image":{"@id":"https:\/\/www.lifenatura.com\/es\/produto\/pulsera-energetica-cuarzo-rosa\/#primaryimage"},"thumbnailUrl":"https:\/\/www.lifenatura.com\/wp-content\/uploads\/2025\/06\/pulseira-energia\u2013quartzo-rosa.jpg","datePublished":"2024-04-10T17:05:03+00:00","dateModified":"2024-04-22T21:38:29+00:00","description":"El Cuarzo Rosa es la piedra del amor y la paz que permite la curaci\u00f3n interior y la purificaci\u00f3n del cuerpo emocional activando el Chakra del Coraz\u00f3n.","breadcrumb":{"@id":"https:\/\/www.lifenatura.com\/es\/produto\/pulsera-energetica-cuarzo-rosa\/#breadcrumb"},"inLanguage":"es","potentialAction":[{"@type":"ReadAction","target":["https:\/\/www.lifenatura.com\/es\/produto\/pulsera-energetica-cuarzo-rosa\/"]}]},{"@type":"ImageObject","inLanguage":"es","@id":"https:\/\/www.lifenatura.com\/es\/produto\/pulsera-energetica-cuarzo-rosa\/#primaryimage","url":"https:\/\/www.lifenatura.com\/wp-content\/uploads\/2025\/06\/pulseira-energia\u2013quartzo-rosa.jpg","contentUrl":"https:\/\/www.lifenatura.com\/wp-content\/uploads\/2025\/06\/pulseira-energia\u2013quartzo-rosa.jpg","width":1000,"height":1000,"caption":"Pulseira de Energia Quartzo Rosa"},{"@type":"BreadcrumbList","@id":"https:\/\/www.lifenatura.com\/es\/produto\/pulsera-energetica-cuarzo-rosa\/#breadcrumb","itemListElement":[{"@type":"ListItem","position":1,"name":"In\u00edcio","item":"https:\/\/www.lifenatura.com\/es\/"},{"@type":"ListItem","position":2,"name":"Todos los Productos","item":"https:\/\/www.lifenatura.com\/es\/tienda\/"},{"@type":"ListItem","position":3,"name":"Pulsera Energ\u00e9tica &#8211; Cuarzo Rosa"}]},{"@type":"WebSite","@id":"https:\/\/www.lifenatura.com\/es\/#website","url":"https:\/\/www.lifenatura.com\/es\/","name":"Lifenatura","description":"A Lifenatura \u00e9 uma loja de produtos naturais, cosm\u00e9tica natural e alimenta\u00e7\u00e3o Biol\u00f3gica.","publisher":{"@id":"https:\/\/www.lifenatura.com\/es\/#organization"},"potentialAction":[{"@type":"SearchAction","target":{"@type":"EntryPoint","urlTemplate":"https:\/\/www.lifenatura.com\/es\/?s={search_term_string}"},"query-input":{"@type":"PropertyValueSpecification","valueRequired":true,"valueName":"search_term_string"}}],"inLanguage":"es"},{"@type":"Organization","@id":"https:\/\/www.lifenatura.com\/es\/#organization","name":"Lifenatura","url":"https:\/\/www.lifenatura.com\/es\/","logo":{"@type":"ImageObject","inLanguage":"es","@id":"https:\/\/www.lifenatura.com\/es\/#\/schema\/logo\/image\/","url":"https:\/\/www.lifenatura.com\/wp-content\/uploads\/2021\/11\/logo.png","contentUrl":"https:\/\/www.lifenatura.com\/wp-content\/uploads\/2021\/11\/logo.png","width":175,"height":55,"caption":"Lifenatura"},"image":{"@id":"https:\/\/www.lifenatura.com\/es\/#\/schema\/logo\/image\/"},"sameAs":["https:\/\/www.facebook.com\/lifenatura","https:\/\/www.instagram.com\/lifenaturapt\/"]}]},"product_price_amount":"7.99","product_price_currency":"EUR","og_availability":"instock","product_availability":"instock","product_retailer_item_id":"5055796579259","product_condition":"new"},"df_price":7.99,"df_sale_price":"","df_regular_price":7.99,"df_image_link":"https:\/\/www.lifenatura.com\/wp-content\/uploads\/2025\/06\/pulseira-energia\u2013quartzo-rosa-300x300.jpg","_links":{"self":[{"href":"https:\/\/www.lifenatura.com\/es\/wp-json\/wp\/v2\/product\/89617","targetHints":{"allow":["GET"]}}],"collection":[{"href":"https:\/\/www.lifenatura.com\/es\/wp-json\/wp\/v2\/product"}],"about":[{"href":"https:\/\/www.lifenatura.com\/es\/wp-json\/wp\/v2\/types\/product"}],"wp:featuredmedia":[{"embeddable":true,"href":"https:\/\/www.lifenatura.com\/es\/wp-json\/wp\/v2\/media\/113674"}],"wp:attachment":[{"href":"https:\/\/www.lifenatura.com\/es\/wp-json\/wp\/v2\/media?parent=89617"}],"wp:term":[{"taxonomy":"product_brand","embeddable":true,"href":"https:\/\/www.lifenatura.com\/es\/wp-json\/wp\/v2\/product_brand?post=89617"},{"taxonomy":"product_cat","embeddable":true,"href":"https:\/\/www.lifenatura.com\/es\/wp-json\/wp\/v2\/product_cat?post=89617"},{"taxonomy":"product_tag","embeddable":true,"href":"https:\/\/www.lifenatura.com\/es\/wp-json\/wp\/v2\/product_tag?post=89617"}],"curies":[{"name":"wp","href":"https:\/\/api.w.org\/{rel}","templated":true}]}}