{"id":89614,"date":"2024-04-10T17:05:04","date_gmt":"2024-04-10T17:05:04","guid":{"rendered":"https:\/\/www.lifenatura.com\/produto\/pulsera-energetica-granate-rojo-sangre\/"},"modified":"2024-04-22T21:37:14","modified_gmt":"2024-04-22T21:37:14","slug":"pulsera-energetica-granate-rojo-sangre","status":"publish","type":"product","link":"https:\/\/www.lifenatura.com\/es\/produto\/pulsera-energetica-granate-rojo-sangre\/","title":{"rendered":"Pulsera energ\u00e9tica &#8211; granate rojo sangre"},"content":{"rendered":"<h2 style=\"text-align: left;\"><strong>La gema granate Rojo Sangre Vitalidad y Pasi\u00f3n<\/strong><\/h2>\n<p>&nbsp;<\/p>\n<p>La Pulsera Energ\u00e9tica &#8211; Granate Rojo Sangre es una exquisita pieza de joyer\u00eda que combina la deslumbrante belleza de la gema Granate con los potenciales beneficios terap\u00e9uticos de las pulseras energ\u00e9ticas.<\/p>\n<p>Cada pulsera est\u00e1 h\u00e1bilmente hecha a mano por artesanos experimentados, lo que garantiza la calidad y la atenci\u00f3n al detalle en cada pieza.<\/p>\n<p>La Pulsera Rojo Sangre Granate tiene un color intenso que aporta la energ\u00eda de la pasi\u00f3n y la vitalidad a la vida cotidiana.<\/p>\n<p><strong>Caracter\u00edsticas principales:<\/strong><\/p>\n<ol>\n<li><strong>Aut\u00e9ntico<\/strong> Granate Rojo Sangre<strong>:<\/strong> Esta pulsera est\u00e1 hecha con aut\u00e9nticas cuentas de Granate Rojo Sangre, una gema conocida por su intenso color y profundidad de tono. Se asocia con la energ\u00eda vital, la pasi\u00f3n y la vitalidad, y se valora por su exuberante belleza.<\/li>\n<li><strong>Dise\u00f1o elegante:<\/strong> Con su rica tonalidad y profundidad de color, la pulsera es una llamativa pieza de joyer\u00eda que a\u00f1ade un toque de lujo a cualquier atuendo. Su dise\u00f1o cl\u00e1sico e intemporal lo hace adecuado para el uso diario o para ocasiones especiales.<\/li>\n<li><strong>Efecto energizante:<\/strong> se cree que tiene propiedades energizantes que pueden estimular la vitalidad, el valor y la fuerza interior. Al llevar esta pulsera, puedes sentir un aumento de energ\u00eda y una sensaci\u00f3n de determinaci\u00f3n, que te ayudar\u00e1n a afrontar los retos cotidianos con confianza.<\/li>\n<\/ol>\n<p><strong>PRESENTACI\u00d3N <\/strong><\/p>\n<p>1 Pulsera<\/p>\n<p>&nbsp;<\/p>\n","protected":false},"excerpt":{"rendered":"<p>La pulsera de gemas rojo sangre granate es una elecci\u00f3n ideal para quien busque vitalidad, pasi\u00f3n y valor en su vida cotidiana. [&#8230;]<\/p>\n<p><a class=\"btn btn-secondary understrap-read-more-link\" href=\"https:\/\/www.lifenatura.com\/es\/produto\/pulsera-energetica-granate-rojo-sangre\/\">Leer m\u00e1s&#8230;<span class=\"screen-reader-text\"> from Pulsera energ\u00e9tica &#8211; granate rojo sangre<\/span><\/a><\/p>\n","protected":false},"featured_media":113666,"template":"","meta":{"_acf_changed":false},"product_brand":[8290],"product_cat":[7950],"product_tag":[],"class_list":{"0":"post-89614","1":"product","2":"type-product","3":"status-publish","4":"has-post-thumbnail","6":"product_brand-aw-artisan","7":"product_cat-pulseras-energeticas-es","9":"first","10":"instock","11":"shipping-taxable","12":"purchasable","13":"product-type-simple","14":"add-to-wishlist-before_image"},"acf":[],"yoast_head":"<!-- This site is optimized with the Yoast SEO Premium plugin v27.1 (Yoast SEO v27.4) - https:\/\/yoast.com\/product\/yoast-seo-premium-wordpress\/ -->\n<title>Pulsera energ\u00e9tica - granate rojo sangre - Na Lifenatura ao Melhor Pre\u00e7o | Envio em 48h<\/title>\n<meta name=\"description\" content=\"La pulsera de gemas rojo sangre granate es una elecci\u00f3n ideal para quien busque vitalidad, pasi\u00f3n y valor en su vida cotidiana.\" \/>\n<meta name=\"robots\" content=\"index, follow, max-snippet:-1, max-image-preview:large, max-video-preview:-1\" \/>\n<link rel=\"canonical\" href=\"https:\/\/www.lifenatura.com\/es\/produto\/pulsera-energetica-granate-rojo-sangre\/\" \/>\n<meta property=\"og:locale\" content=\"es_ES\" \/>\n<meta property=\"og:type\" content=\"article\" \/>\n<meta property=\"og:title\" content=\"Pulsera energ\u00e9tica - granate rojo sangre - Na Lifenatura ao Melhor Pre\u00e7o | Envio 48h\" \/>\n<meta property=\"og:description\" content=\"Compre Pulsera energ\u00e9tica - granate rojo sangre com envio r\u00e1pido. Entrega em 48h e portes gr\u00e1tis em compras &gt;35\u20ac. Aproveite j\u00e1 na Lifenatura\" \/>\n<meta property=\"og:url\" content=\"https:\/\/www.lifenatura.com\/es\/produto\/pulsera-energetica-granate-rojo-sangre\/\" \/>\n<meta property=\"og:site_name\" content=\"Lifenatura\" \/>\n<meta property=\"article:publisher\" content=\"https:\/\/www.facebook.com\/lifenatura\" \/>\n<meta property=\"article:modified_time\" content=\"2024-04-22T21:37:14+00:00\" \/>\n<meta property=\"og:image\" content=\"https:\/\/www.lifenatura.com\/wp-content\/uploads\/2024\/04\/pulseirade-energia-garnet-sangue-vermelho.jpg\" \/>\n\t<meta property=\"og:image:width\" content=\"1000\" \/>\n\t<meta property=\"og:image:height\" content=\"1000\" \/>\n\t<meta property=\"og:image:type\" content=\"image\/jpeg\" \/>\n<meta name=\"twitter:card\" content=\"summary_large_image\" \/>\n<meta name=\"twitter:label1\" content=\"Precio\" \/>\n\t<meta name=\"twitter:data1\" content=\"7,99&nbsp;&euro;\" \/>\n\t<meta name=\"twitter:label2\" content=\"Disponibilidad\" \/>\n\t<meta name=\"twitter:data2\" content=\"Disponible\" \/>\n<script type=\"application\/ld+json\" class=\"yoast-schema-graph\">{\"@context\":\"https:\\\/\\\/schema.org\",\"@graph\":[{\"@type\":\"WebPage\",\"@id\":\"https:\\\/\\\/www.lifenatura.com\\\/es\\\/produto\\\/pulsera-energetica-granate-rojo-sangre\\\/\",\"url\":\"https:\\\/\\\/www.lifenatura.com\\\/es\\\/produto\\\/pulsera-energetica-granate-rojo-sangre\\\/\",\"name\":\"Pulsera energ\u00e9tica - granate rojo sangre - Na Lifenatura ao Melhor Pre\u00e7o | Envio em 48h\",\"isPartOf\":{\"@id\":\"https:\\\/\\\/www.lifenatura.com\\\/es\\\/#website\"},\"primaryImageOfPage\":{\"@id\":\"https:\\\/\\\/www.lifenatura.com\\\/es\\\/produto\\\/pulsera-energetica-granate-rojo-sangre\\\/#primaryimage\"},\"image\":{\"@id\":\"https:\\\/\\\/www.lifenatura.com\\\/es\\\/produto\\\/pulsera-energetica-granate-rojo-sangre\\\/#primaryimage\"},\"thumbnailUrl\":\"https:\\\/\\\/www.lifenatura.com\\\/wp-content\\\/uploads\\\/2025\\\/06\\\/pulseira-energia\u2013garnet-sangue-vermelho.jpg\",\"datePublished\":\"2024-04-10T17:05:04+00:00\",\"dateModified\":\"2024-04-22T21:37:14+00:00\",\"description\":\"La pulsera de gemas rojo sangre granate es una elecci\u00f3n ideal para quien busque vitalidad, pasi\u00f3n y valor en su vida cotidiana.\",\"breadcrumb\":{\"@id\":\"https:\\\/\\\/www.lifenatura.com\\\/es\\\/produto\\\/pulsera-energetica-granate-rojo-sangre\\\/#breadcrumb\"},\"inLanguage\":\"es\",\"potentialAction\":[{\"@type\":\"ReadAction\",\"target\":[\"https:\\\/\\\/www.lifenatura.com\\\/es\\\/produto\\\/pulsera-energetica-granate-rojo-sangre\\\/\"]}]},{\"@type\":\"ImageObject\",\"inLanguage\":\"es\",\"@id\":\"https:\\\/\\\/www.lifenatura.com\\\/es\\\/produto\\\/pulsera-energetica-granate-rojo-sangre\\\/#primaryimage\",\"url\":\"https:\\\/\\\/www.lifenatura.com\\\/wp-content\\\/uploads\\\/2025\\\/06\\\/pulseira-energia\u2013garnet-sangue-vermelho.jpg\",\"contentUrl\":\"https:\\\/\\\/www.lifenatura.com\\\/wp-content\\\/uploads\\\/2025\\\/06\\\/pulseira-energia\u2013garnet-sangue-vermelho.jpg\",\"width\":1000,\"height\":1000,\"caption\":\"Pulseira de Energia Garnet Sangue Vermelho\"},{\"@type\":\"BreadcrumbList\",\"@id\":\"https:\\\/\\\/www.lifenatura.com\\\/es\\\/produto\\\/pulsera-energetica-granate-rojo-sangre\\\/#breadcrumb\",\"itemListElement\":[{\"@type\":\"ListItem\",\"position\":1,\"name\":\"In\u00edcio\",\"item\":\"https:\\\/\\\/www.lifenatura.com\\\/es\\\/\"},{\"@type\":\"ListItem\",\"position\":2,\"name\":\"Todos los Productos\",\"item\":\"https:\\\/\\\/www.lifenatura.com\\\/es\\\/tienda\\\/\"},{\"@type\":\"ListItem\",\"position\":3,\"name\":\"Pulsera energ\u00e9tica &#8211; granate rojo sangre\"}]},{\"@type\":\"WebSite\",\"@id\":\"https:\\\/\\\/www.lifenatura.com\\\/es\\\/#website\",\"url\":\"https:\\\/\\\/www.lifenatura.com\\\/es\\\/\",\"name\":\"Lifenatura\",\"description\":\"A Lifenatura \u00e9 uma loja de produtos naturais, cosm\u00e9tica natural e alimenta\u00e7\u00e3o Biol\u00f3gica.\",\"publisher\":{\"@id\":\"https:\\\/\\\/www.lifenatura.com\\\/es\\\/#organization\"},\"potentialAction\":[{\"@type\":\"SearchAction\",\"target\":{\"@type\":\"EntryPoint\",\"urlTemplate\":\"https:\\\/\\\/www.lifenatura.com\\\/es\\\/?s={search_term_string}\"},\"query-input\":{\"@type\":\"PropertyValueSpecification\",\"valueRequired\":true,\"valueName\":\"search_term_string\"}}],\"inLanguage\":\"es\"},{\"@type\":\"Organization\",\"@id\":\"https:\\\/\\\/www.lifenatura.com\\\/es\\\/#organization\",\"name\":\"Lifenatura\",\"url\":\"https:\\\/\\\/www.lifenatura.com\\\/es\\\/\",\"logo\":{\"@type\":\"ImageObject\",\"inLanguage\":\"es\",\"@id\":\"https:\\\/\\\/www.lifenatura.com\\\/es\\\/#\\\/schema\\\/logo\\\/image\\\/\",\"url\":\"https:\\\/\\\/www.lifenatura.com\\\/wp-content\\\/uploads\\\/2021\\\/07\\\/logo.png\",\"contentUrl\":\"https:\\\/\\\/www.lifenatura.com\\\/wp-content\\\/uploads\\\/2021\\\/07\\\/logo.png\",\"width\":175,\"height\":55,\"caption\":\"Lifenatura\"},\"image\":{\"@id\":\"https:\\\/\\\/www.lifenatura.com\\\/es\\\/#\\\/schema\\\/logo\\\/image\\\/\"},\"sameAs\":[\"https:\\\/\\\/www.facebook.com\\\/lifenatura\",\"https:\\\/\\\/www.instagram.com\\\/lifenaturapt\\\/\"],\"hasMerchantReturnPolicy\":{\"@type\":\"MerchantReturnPolicy\",\"merchantReturnLink\":\"https:\\\/\\\/www.lifenatura.com\\\/termos-condicoes-lifenatura\\\/\"}}]}<\/script>\n<meta property=\"product:price:amount\" content=\"7.99\" \/>\n<meta property=\"product:price:currency\" content=\"EUR\" \/>\n<meta property=\"og:availability\" content=\"instock\" \/>\n<meta property=\"product:availability\" content=\"instock\" \/>\n<meta property=\"product:retailer_item_id\" content=\"5055796579273\" \/>\n<meta property=\"product:condition\" content=\"new\" \/>\n<!-- \/ Yoast SEO Premium plugin. -->","yoast_head_json":{"title":"Pulsera energ\u00e9tica - granate rojo sangre - Na Lifenatura ao Melhor Pre\u00e7o | Envio em 48h","description":"La pulsera de gemas rojo sangre granate es una elecci\u00f3n ideal para quien busque vitalidad, pasi\u00f3n y valor en su vida cotidiana.","robots":{"index":"index","follow":"follow","max-snippet":"max-snippet:-1","max-image-preview":"max-image-preview:large","max-video-preview":"max-video-preview:-1"},"canonical":"https:\/\/www.lifenatura.com\/es\/produto\/pulsera-energetica-granate-rojo-sangre\/","og_locale":"es_ES","og_type":"article","og_title":"Pulsera energ\u00e9tica - granate rojo sangre - Na Lifenatura ao Melhor Pre\u00e7o | Envio 48h","og_description":"Compre Pulsera energ\u00e9tica - granate rojo sangre com envio r\u00e1pido. Entrega em 48h e portes gr\u00e1tis em compras >35\u20ac. Aproveite j\u00e1 na Lifenatura","og_url":"https:\/\/www.lifenatura.com\/es\/produto\/pulsera-energetica-granate-rojo-sangre\/","og_site_name":"Lifenatura","article_publisher":"https:\/\/www.facebook.com\/lifenatura","article_modified_time":"2024-04-22T21:37:14+00:00","og_image":[{"width":1000,"height":1000,"url":"https:\/\/www.lifenatura.com\/wp-content\/uploads\/2024\/04\/pulseirade-energia-garnet-sangue-vermelho.jpg","type":"image\/jpeg"}],"twitter_card":"summary_large_image","twitter_misc":{"Precio":"7,99&nbsp;&euro;","Disponibilidad":"Disponible"},"schema":{"@context":"https:\/\/schema.org","@graph":[{"@type":"WebPage","@id":"https:\/\/www.lifenatura.com\/es\/produto\/pulsera-energetica-granate-rojo-sangre\/","url":"https:\/\/www.lifenatura.com\/es\/produto\/pulsera-energetica-granate-rojo-sangre\/","name":"Pulsera energ\u00e9tica - granate rojo sangre - Na Lifenatura ao Melhor Pre\u00e7o | Envio em 48h","isPartOf":{"@id":"https:\/\/www.lifenatura.com\/es\/#website"},"primaryImageOfPage":{"@id":"https:\/\/www.lifenatura.com\/es\/produto\/pulsera-energetica-granate-rojo-sangre\/#primaryimage"},"image":{"@id":"https:\/\/www.lifenatura.com\/es\/produto\/pulsera-energetica-granate-rojo-sangre\/#primaryimage"},"thumbnailUrl":"https:\/\/www.lifenatura.com\/wp-content\/uploads\/2025\/06\/pulseira-energia\u2013garnet-sangue-vermelho.jpg","datePublished":"2024-04-10T17:05:04+00:00","dateModified":"2024-04-22T21:37:14+00:00","description":"La pulsera de gemas rojo sangre granate es una elecci\u00f3n ideal para quien busque vitalidad, pasi\u00f3n y valor en su vida cotidiana.","breadcrumb":{"@id":"https:\/\/www.lifenatura.com\/es\/produto\/pulsera-energetica-granate-rojo-sangre\/#breadcrumb"},"inLanguage":"es","potentialAction":[{"@type":"ReadAction","target":["https:\/\/www.lifenatura.com\/es\/produto\/pulsera-energetica-granate-rojo-sangre\/"]}]},{"@type":"ImageObject","inLanguage":"es","@id":"https:\/\/www.lifenatura.com\/es\/produto\/pulsera-energetica-granate-rojo-sangre\/#primaryimage","url":"https:\/\/www.lifenatura.com\/wp-content\/uploads\/2025\/06\/pulseira-energia\u2013garnet-sangue-vermelho.jpg","contentUrl":"https:\/\/www.lifenatura.com\/wp-content\/uploads\/2025\/06\/pulseira-energia\u2013garnet-sangue-vermelho.jpg","width":1000,"height":1000,"caption":"Pulseira de Energia Garnet Sangue Vermelho"},{"@type":"BreadcrumbList","@id":"https:\/\/www.lifenatura.com\/es\/produto\/pulsera-energetica-granate-rojo-sangre\/#breadcrumb","itemListElement":[{"@type":"ListItem","position":1,"name":"In\u00edcio","item":"https:\/\/www.lifenatura.com\/es\/"},{"@type":"ListItem","position":2,"name":"Todos los Productos","item":"https:\/\/www.lifenatura.com\/es\/tienda\/"},{"@type":"ListItem","position":3,"name":"Pulsera energ\u00e9tica &#8211; granate rojo sangre"}]},{"@type":"WebSite","@id":"https:\/\/www.lifenatura.com\/es\/#website","url":"https:\/\/www.lifenatura.com\/es\/","name":"Lifenatura","description":"A Lifenatura \u00e9 uma loja de produtos naturais, cosm\u00e9tica natural e alimenta\u00e7\u00e3o Biol\u00f3gica.","publisher":{"@id":"https:\/\/www.lifenatura.com\/es\/#organization"},"potentialAction":[{"@type":"SearchAction","target":{"@type":"EntryPoint","urlTemplate":"https:\/\/www.lifenatura.com\/es\/?s={search_term_string}"},"query-input":{"@type":"PropertyValueSpecification","valueRequired":true,"valueName":"search_term_string"}}],"inLanguage":"es"},{"@type":"Organization","@id":"https:\/\/www.lifenatura.com\/es\/#organization","name":"Lifenatura","url":"https:\/\/www.lifenatura.com\/es\/","logo":{"@type":"ImageObject","inLanguage":"es","@id":"https:\/\/www.lifenatura.com\/es\/#\/schema\/logo\/image\/","url":"https:\/\/www.lifenatura.com\/wp-content\/uploads\/2021\/07\/logo.png","contentUrl":"https:\/\/www.lifenatura.com\/wp-content\/uploads\/2021\/07\/logo.png","width":175,"height":55,"caption":"Lifenatura"},"image":{"@id":"https:\/\/www.lifenatura.com\/es\/#\/schema\/logo\/image\/"},"sameAs":["https:\/\/www.facebook.com\/lifenatura","https:\/\/www.instagram.com\/lifenaturapt\/"],"hasMerchantReturnPolicy":{"@type":"MerchantReturnPolicy","merchantReturnLink":"https:\/\/www.lifenatura.com\/termos-condicoes-lifenatura\/"}}]},"product_price_amount":"7.99","product_price_currency":"EUR","og_availability":"instock","product_availability":"instock","product_retailer_item_id":"5055796579273","product_condition":"new"},"df_price":7.99,"df_sale_price":"","df_regular_price":7.99,"df_image_link":"https:\/\/www.lifenatura.com\/wp-content\/uploads\/2025\/06\/pulseira-energia\u2013garnet-sangue-vermelho-300x300.jpg","_links":{"self":[{"href":"https:\/\/www.lifenatura.com\/es\/wp-json\/wp\/v2\/product\/89614","targetHints":{"allow":["GET"]}}],"collection":[{"href":"https:\/\/www.lifenatura.com\/es\/wp-json\/wp\/v2\/product"}],"about":[{"href":"https:\/\/www.lifenatura.com\/es\/wp-json\/wp\/v2\/types\/product"}],"wp:featuredmedia":[{"embeddable":true,"href":"https:\/\/www.lifenatura.com\/es\/wp-json\/wp\/v2\/media\/113666"}],"wp:attachment":[{"href":"https:\/\/www.lifenatura.com\/es\/wp-json\/wp\/v2\/media?parent=89614"}],"wp:term":[{"taxonomy":"product_brand","embeddable":true,"href":"https:\/\/www.lifenatura.com\/es\/wp-json\/wp\/v2\/product_brand?post=89614"},{"taxonomy":"product_cat","embeddable":true,"href":"https:\/\/www.lifenatura.com\/es\/wp-json\/wp\/v2\/product_cat?post=89614"},{"taxonomy":"product_tag","embeddable":true,"href":"https:\/\/www.lifenatura.com\/es\/wp-json\/wp\/v2\/product_tag?post=89614"}],"curies":[{"name":"wp","href":"https:\/\/api.w.org\/{rel}","templated":true}]}}