{"id":89613,"date":"2024-04-10T17:05:07","date_gmt":"2024-04-22T17:52:44","guid":{"rendered":"https:\/\/www.lifenatura.com\/produto\/almohadilla-desintoxicante-para-pies-14-almohadillas-iima-nature\/"},"modified":"2024-04-22T21:23:55","modified_gmt":"2024-04-22T21:23:55","slug":"almohadilla-desintoxicante-para-pies-14-almohadillas-iima-nature","status":"publish","type":"product","link":"https:\/\/www.lifenatura.com\/es\/produto\/almohadilla-desintoxicante-para-pies-14-almohadillas-iima-nature\/","title":{"rendered":"Almohadilla desintoxicante para pies 14 almohadillas &#8211; IIMA Nature"},"content":{"rendered":"<h2 style=\"text-align: left;\"><strong>Pediluvio Detox Revitaliza Tu Cuerpo Mientras Duermes<\/strong><\/h2>\n<p>&nbsp;<\/p>\n<p>Las almohadillas desintoxicantes para pies IIMA Nature son una forma natural y eficaz de ayudar a desintoxicar el cuerpo mientras duermes. Estos sencillos y c\u00f3modos parches est\u00e1n dise\u00f1ados para aplicarse en los pies antes de acostarse, y ayudan a absorber las toxinas e impurezas del cuerpo.<\/p>\n<p>Tiritas 100% naturales que extraen los metales pesados y las toxinas de tu cuerpo mientras duermes.<\/p>\n<p><strong>Los principales beneficios de la almohadilla para pies Detox: <\/strong><\/p>\n<ul>\n<li>Las almohadillas desintoxicantes para los pies contienen una mezcla \u00fanica de ingredientes naturales, como bamb\u00fa, vinagre de bamb\u00fa, turmalina y otras hierbas, que act\u00faan conjuntamente para ayudar a extraer las toxinas del <strong>cuerpo<\/strong> a trav\u00e9s de los pies.<\/li>\n<li><strong>Promueven un sue\u00f1o reparador:<\/strong> Adem\u00e1s de favorecer la desintoxicaci\u00f3n, estas almohadillas ayudan a mejorar la calidad del sue\u00f1o, promoviendo una sensaci\u00f3n de relajaci\u00f3n y alivio del estr\u00e9s.<\/li>\n<li><strong>Revitalizaci\u00f3n general:<\/strong> Con su uso regular, ayuda a promover una sensaci\u00f3n general de bienestar y vitalidad, contribuyendo a reequilibrar el cuerpo y la mente.<\/li>\n<li><strong>F\u00e1cil de usar:<\/strong> s\u00f3lo tienes que aplicar un parche en los pies antes de acostarte y dejarlo actuar toda la noche. Por la ma\u00f1ana, notar\u00e1s un cambio en el color y la textura de las compresas, lo que indica la eliminaci\u00f3n de toxinas del cuerpo.<\/li>\n<\/ul>\n<p><strong>PRESENTACI\u00d3N<\/strong><\/p>\n<p>14 tiritas<\/p>\n<p>&nbsp;<\/p>\n","protected":false},"excerpt":{"rendered":"<p>Revitaliza tu cuerpo y fomenta una sensaci\u00f3n de bienestar general con las Almohadillas Detox para los Pies. Pru\u00e9balo hoy y dale a tu cuerpo el cuidado natural que se merece. [&#8230;]<\/p>\n<p><a class=\"btn btn-secondary understrap-read-more-link\" href=\"https:\/\/www.lifenatura.com\/es\/produto\/almohadilla-desintoxicante-para-pies-14-almohadillas-iima-nature\/\">Leer m\u00e1s&#8230;<span class=\"screen-reader-text\"> from Almohadilla desintoxicante para pies 14 almohadillas &#8211; IIMA Nature<\/span><\/a><\/p>\n","protected":false},"featured_media":88822,"template":"","meta":{"_acf_changed":false},"product_brand":[],"product_cat":[7193,7211,7179],"product_tag":[],"class_list":{"0":"post-89613","1":"product","2":"type-product","3":"status-publish","4":"has-post-thumbnail","6":"product_cat-drenante-y-detox","7":"product_cat-reforza-la-inmunidad-salud","8":"product_cat-salud","10":"first","11":"instock","12":"shipping-taxable","13":"purchasable","14":"product-type-simple","15":"add-to-wishlist-before_image"},"acf":[],"yoast_head":"<!-- This site is optimized with the Yoast SEO Premium plugin v27.1 (Yoast SEO v27.6) - https:\/\/yoast.com\/product\/yoast-seo-premium-wordpress\/ -->\n<title>Almohadilla desintoxicante para pies 14 almohadillas - IIMA Nature - Na Lifenatura ao Melhor Pre\u00e7o | Envio em 48h<\/title>\n<meta name=\"description\" content=\"Fomenta una sensaci\u00f3n de bienestar general con las Almohadillas Detox para los Pies. Pru\u00e9balo hoy y dale a tu cuerpo el cuidado natural que se merece.\" \/>\n<meta name=\"robots\" content=\"index, follow, max-snippet:-1, max-image-preview:large, max-video-preview:-1\" \/>\n<link rel=\"canonical\" href=\"https:\/\/www.lifenatura.com\/es\/produto\/almohadilla-desintoxicante-para-pies-14-almohadillas-iima-nature\/\" \/>\n<meta property=\"og:locale\" content=\"es_ES\" \/>\n<meta property=\"og:type\" content=\"article\" \/>\n<meta property=\"og:title\" content=\"Almohadilla desintoxicante para pies 14 almohadillas - IIMA Nature - Na Lifenatura ao Melhor Pre\u00e7o | Envio 48h\" \/>\n<meta property=\"og:description\" content=\"Compre Almohadilla desintoxicante para pies 14 almohadillas - IIMA Nature com envio r\u00e1pido. Entrega em 48h e portes gr\u00e1tis em compras &gt;35\u20ac. Aproveite j\u00e1 na Lifenatura\" \/>\n<meta property=\"og:url\" content=\"https:\/\/www.lifenatura.com\/es\/produto\/almohadilla-desintoxicante-para-pies-14-almohadillas-iima-nature\/\" \/>\n<meta property=\"og:site_name\" content=\"Lifenatura\" \/>\n<meta property=\"article:publisher\" content=\"https:\/\/www.facebook.com\/lifenatura\" \/>\n<meta property=\"article:modified_time\" content=\"2024-04-22T21:23:55+00:00\" \/>\n<meta property=\"og:image\" content=\"https:\/\/www.lifenatura.com\/wp-content\/uploads\/2024\/04\/detox-foot-pad.jpg\" \/>\n\t<meta property=\"og:image:width\" content=\"1000\" \/>\n\t<meta property=\"og:image:height\" content=\"1000\" \/>\n\t<meta property=\"og:image:type\" content=\"image\/jpeg\" \/>\n<meta name=\"twitter:card\" content=\"summary_large_image\" \/>\n<meta name=\"twitter:label1\" content=\"Precio\" \/>\n\t<meta name=\"twitter:data1\" content=\"19,90&nbsp;&euro;\" \/>\n\t<meta name=\"twitter:label2\" content=\"Disponibilidad\" \/>\n\t<meta name=\"twitter:data2\" content=\"Disponible\" \/>\n<script type=\"application\/ld+json\" class=\"yoast-schema-graph\">{\"@context\":\"https:\\\/\\\/schema.org\",\"@graph\":[{\"@type\":\"WebPage\",\"@id\":\"https:\\\/\\\/www.lifenatura.com\\\/es\\\/produto\\\/almohadilla-desintoxicante-para-pies-14-almohadillas-iima-nature\\\/\",\"url\":\"https:\\\/\\\/www.lifenatura.com\\\/es\\\/produto\\\/almohadilla-desintoxicante-para-pies-14-almohadillas-iima-nature\\\/\",\"name\":\"Almohadilla desintoxicante para pies 14 almohadillas - IIMA Nature - Na Lifenatura ao Melhor Pre\u00e7o | Envio em 48h\",\"isPartOf\":{\"@id\":\"https:\\\/\\\/www.lifenatura.com\\\/es\\\/#website\"},\"primaryImageOfPage\":{\"@id\":\"https:\\\/\\\/www.lifenatura.com\\\/es\\\/produto\\\/almohadilla-desintoxicante-para-pies-14-almohadillas-iima-nature\\\/#primaryimage\"},\"image\":{\"@id\":\"https:\\\/\\\/www.lifenatura.com\\\/es\\\/produto\\\/almohadilla-desintoxicante-para-pies-14-almohadillas-iima-nature\\\/#primaryimage\"},\"thumbnailUrl\":\"https:\\\/\\\/www.lifenatura.com\\\/wp-content\\\/uploads\\\/2024\\\/04\\\/detox-foot-pad.jpg\",\"datePublished\":\"2024-04-22T17:52:44+00:00\",\"dateModified\":\"2024-04-22T21:23:55+00:00\",\"description\":\"Fomenta una sensaci\u00f3n de bienestar general con las Almohadillas Detox para los Pies. Pru\u00e9balo hoy y dale a tu cuerpo el cuidado natural que se merece.\",\"breadcrumb\":{\"@id\":\"https:\\\/\\\/www.lifenatura.com\\\/es\\\/produto\\\/almohadilla-desintoxicante-para-pies-14-almohadillas-iima-nature\\\/#breadcrumb\"},\"inLanguage\":\"es\",\"potentialAction\":[{\"@type\":\"ReadAction\",\"target\":[\"https:\\\/\\\/www.lifenatura.com\\\/es\\\/produto\\\/almohadilla-desintoxicante-para-pies-14-almohadillas-iima-nature\\\/\"]}]},{\"@type\":\"ImageObject\",\"inLanguage\":\"es\",\"@id\":\"https:\\\/\\\/www.lifenatura.com\\\/es\\\/produto\\\/almohadilla-desintoxicante-para-pies-14-almohadillas-iima-nature\\\/#primaryimage\",\"url\":\"https:\\\/\\\/www.lifenatura.com\\\/wp-content\\\/uploads\\\/2024\\\/04\\\/detox-foot-pad.jpg\",\"contentUrl\":\"https:\\\/\\\/www.lifenatura.com\\\/wp-content\\\/uploads\\\/2024\\\/04\\\/detox-foot-pad.jpg\",\"width\":1000,\"height\":1000},{\"@type\":\"BreadcrumbList\",\"@id\":\"https:\\\/\\\/www.lifenatura.com\\\/es\\\/produto\\\/almohadilla-desintoxicante-para-pies-14-almohadillas-iima-nature\\\/#breadcrumb\",\"itemListElement\":[{\"@type\":\"ListItem\",\"position\":1,\"name\":\"In\u00edcio\",\"item\":\"https:\\\/\\\/www.lifenatura.com\\\/es\\\/\"},{\"@type\":\"ListItem\",\"position\":2,\"name\":\"Todos los Productos\",\"item\":\"https:\\\/\\\/www.lifenatura.com\\\/es\\\/tienda\\\/\"},{\"@type\":\"ListItem\",\"position\":3,\"name\":\"Almohadilla desintoxicante para pies 14 almohadillas &#8211; IIMA Nature\"}]},{\"@type\":\"WebSite\",\"@id\":\"https:\\\/\\\/www.lifenatura.com\\\/es\\\/#website\",\"url\":\"https:\\\/\\\/www.lifenatura.com\\\/es\\\/\",\"name\":\"Lifenatura\",\"description\":\"A Lifenatura \u00e9 uma loja de produtos naturais, cosm\u00e9tica natural e alimenta\u00e7\u00e3o Biol\u00f3gica.\",\"publisher\":{\"@id\":\"https:\\\/\\\/www.lifenatura.com\\\/es\\\/#organization\"},\"potentialAction\":[{\"@type\":\"SearchAction\",\"target\":{\"@type\":\"EntryPoint\",\"urlTemplate\":\"https:\\\/\\\/www.lifenatura.com\\\/es\\\/?s={search_term_string}\"},\"query-input\":{\"@type\":\"PropertyValueSpecification\",\"valueRequired\":true,\"valueName\":\"search_term_string\"}}],\"inLanguage\":\"es\"},{\"@type\":\"Organization\",\"@id\":\"https:\\\/\\\/www.lifenatura.com\\\/es\\\/#organization\",\"name\":\"Lifenatura\",\"url\":\"https:\\\/\\\/www.lifenatura.com\\\/es\\\/\",\"logo\":{\"@type\":\"ImageObject\",\"inLanguage\":\"es\",\"@id\":\"https:\\\/\\\/www.lifenatura.com\\\/es\\\/#\\\/schema\\\/logo\\\/image\\\/\",\"url\":\"https:\\\/\\\/www.lifenatura.com\\\/wp-content\\\/uploads\\\/2021\\\/07\\\/logo.png\",\"contentUrl\":\"https:\\\/\\\/www.lifenatura.com\\\/wp-content\\\/uploads\\\/2021\\\/07\\\/logo.png\",\"width\":175,\"height\":55,\"caption\":\"Lifenatura\"},\"image\":{\"@id\":\"https:\\\/\\\/www.lifenatura.com\\\/es\\\/#\\\/schema\\\/logo\\\/image\\\/\"},\"sameAs\":[\"https:\\\/\\\/www.facebook.com\\\/lifenatura\",\"https:\\\/\\\/www.instagram.com\\\/lifenaturapt\\\/\"],\"hasMerchantReturnPolicy\":{\"@type\":\"MerchantReturnPolicy\",\"merchantReturnLink\":\"https:\\\/\\\/www.lifenatura.com\\\/termos-condicoes-lifenatura\\\/\"}}]}<\/script>\n<meta property=\"product:price:amount\" content=\"19.90\" \/>\n<meta property=\"product:price:currency\" content=\"EUR\" \/>\n<meta property=\"og:availability\" content=\"instock\" \/>\n<meta property=\"product:availability\" content=\"instock\" \/>\n<meta property=\"product:retailer_item_id\" content=\"6937448501018\" \/>\n<meta property=\"product:condition\" content=\"new\" \/>\n<!-- \/ Yoast SEO Premium plugin. -->","yoast_head_json":{"title":"Almohadilla desintoxicante para pies 14 almohadillas - IIMA Nature - Na Lifenatura ao Melhor Pre\u00e7o | Envio em 48h","description":"Fomenta una sensaci\u00f3n de bienestar general con las Almohadillas Detox para los Pies. Pru\u00e9balo hoy y dale a tu cuerpo el cuidado natural que se merece.","robots":{"index":"index","follow":"follow","max-snippet":"max-snippet:-1","max-image-preview":"max-image-preview:large","max-video-preview":"max-video-preview:-1"},"canonical":"https:\/\/www.lifenatura.com\/es\/produto\/almohadilla-desintoxicante-para-pies-14-almohadillas-iima-nature\/","og_locale":"es_ES","og_type":"article","og_title":"Almohadilla desintoxicante para pies 14 almohadillas - IIMA Nature - Na Lifenatura ao Melhor Pre\u00e7o | Envio 48h","og_description":"Compre Almohadilla desintoxicante para pies 14 almohadillas - IIMA Nature com envio r\u00e1pido. Entrega em 48h e portes gr\u00e1tis em compras >35\u20ac. Aproveite j\u00e1 na Lifenatura","og_url":"https:\/\/www.lifenatura.com\/es\/produto\/almohadilla-desintoxicante-para-pies-14-almohadillas-iima-nature\/","og_site_name":"Lifenatura","article_publisher":"https:\/\/www.facebook.com\/lifenatura","article_modified_time":"2024-04-22T21:23:55+00:00","og_image":[{"width":1000,"height":1000,"url":"https:\/\/www.lifenatura.com\/wp-content\/uploads\/2024\/04\/detox-foot-pad.jpg","type":"image\/jpeg"}],"twitter_card":"summary_large_image","twitter_misc":{"Precio":"19,90&nbsp;&euro;","Disponibilidad":"Disponible"},"schema":{"@context":"https:\/\/schema.org","@graph":[{"@type":"WebPage","@id":"https:\/\/www.lifenatura.com\/es\/produto\/almohadilla-desintoxicante-para-pies-14-almohadillas-iima-nature\/","url":"https:\/\/www.lifenatura.com\/es\/produto\/almohadilla-desintoxicante-para-pies-14-almohadillas-iima-nature\/","name":"Almohadilla desintoxicante para pies 14 almohadillas - IIMA Nature - Na Lifenatura ao Melhor Pre\u00e7o | Envio em 48h","isPartOf":{"@id":"https:\/\/www.lifenatura.com\/es\/#website"},"primaryImageOfPage":{"@id":"https:\/\/www.lifenatura.com\/es\/produto\/almohadilla-desintoxicante-para-pies-14-almohadillas-iima-nature\/#primaryimage"},"image":{"@id":"https:\/\/www.lifenatura.com\/es\/produto\/almohadilla-desintoxicante-para-pies-14-almohadillas-iima-nature\/#primaryimage"},"thumbnailUrl":"https:\/\/www.lifenatura.com\/wp-content\/uploads\/2024\/04\/detox-foot-pad.jpg","datePublished":"2024-04-22T17:52:44+00:00","dateModified":"2024-04-22T21:23:55+00:00","description":"Fomenta una sensaci\u00f3n de bienestar general con las Almohadillas Detox para los Pies. Pru\u00e9balo hoy y dale a tu cuerpo el cuidado natural que se merece.","breadcrumb":{"@id":"https:\/\/www.lifenatura.com\/es\/produto\/almohadilla-desintoxicante-para-pies-14-almohadillas-iima-nature\/#breadcrumb"},"inLanguage":"es","potentialAction":[{"@type":"ReadAction","target":["https:\/\/www.lifenatura.com\/es\/produto\/almohadilla-desintoxicante-para-pies-14-almohadillas-iima-nature\/"]}]},{"@type":"ImageObject","inLanguage":"es","@id":"https:\/\/www.lifenatura.com\/es\/produto\/almohadilla-desintoxicante-para-pies-14-almohadillas-iima-nature\/#primaryimage","url":"https:\/\/www.lifenatura.com\/wp-content\/uploads\/2024\/04\/detox-foot-pad.jpg","contentUrl":"https:\/\/www.lifenatura.com\/wp-content\/uploads\/2024\/04\/detox-foot-pad.jpg","width":1000,"height":1000},{"@type":"BreadcrumbList","@id":"https:\/\/www.lifenatura.com\/es\/produto\/almohadilla-desintoxicante-para-pies-14-almohadillas-iima-nature\/#breadcrumb","itemListElement":[{"@type":"ListItem","position":1,"name":"In\u00edcio","item":"https:\/\/www.lifenatura.com\/es\/"},{"@type":"ListItem","position":2,"name":"Todos los Productos","item":"https:\/\/www.lifenatura.com\/es\/tienda\/"},{"@type":"ListItem","position":3,"name":"Almohadilla desintoxicante para pies 14 almohadillas &#8211; IIMA Nature"}]},{"@type":"WebSite","@id":"https:\/\/www.lifenatura.com\/es\/#website","url":"https:\/\/www.lifenatura.com\/es\/","name":"Lifenatura","description":"A Lifenatura \u00e9 uma loja de produtos naturais, cosm\u00e9tica natural e alimenta\u00e7\u00e3o Biol\u00f3gica.","publisher":{"@id":"https:\/\/www.lifenatura.com\/es\/#organization"},"potentialAction":[{"@type":"SearchAction","target":{"@type":"EntryPoint","urlTemplate":"https:\/\/www.lifenatura.com\/es\/?s={search_term_string}"},"query-input":{"@type":"PropertyValueSpecification","valueRequired":true,"valueName":"search_term_string"}}],"inLanguage":"es"},{"@type":"Organization","@id":"https:\/\/www.lifenatura.com\/es\/#organization","name":"Lifenatura","url":"https:\/\/www.lifenatura.com\/es\/","logo":{"@type":"ImageObject","inLanguage":"es","@id":"https:\/\/www.lifenatura.com\/es\/#\/schema\/logo\/image\/","url":"https:\/\/www.lifenatura.com\/wp-content\/uploads\/2021\/07\/logo.png","contentUrl":"https:\/\/www.lifenatura.com\/wp-content\/uploads\/2021\/07\/logo.png","width":175,"height":55,"caption":"Lifenatura"},"image":{"@id":"https:\/\/www.lifenatura.com\/es\/#\/schema\/logo\/image\/"},"sameAs":["https:\/\/www.facebook.com\/lifenatura","https:\/\/www.instagram.com\/lifenaturapt\/"],"hasMerchantReturnPolicy":{"@type":"MerchantReturnPolicy","merchantReturnLink":"https:\/\/www.lifenatura.com\/termos-condicoes-lifenatura\/"}}]},"product_price_amount":"19.90","product_price_currency":"EUR","og_availability":"instock","product_availability":"instock","product_retailer_item_id":"6937448501018","product_condition":"new"},"df_price":19.9,"df_sale_price":"","df_regular_price":19.9,"df_image_link":"https:\/\/www.lifenatura.com\/wp-content\/uploads\/2024\/04\/detox-foot-pad-300x300.jpg","_links":{"self":[{"href":"https:\/\/www.lifenatura.com\/es\/wp-json\/wp\/v2\/product\/89613","targetHints":{"allow":["GET"]}}],"collection":[{"href":"https:\/\/www.lifenatura.com\/es\/wp-json\/wp\/v2\/product"}],"about":[{"href":"https:\/\/www.lifenatura.com\/es\/wp-json\/wp\/v2\/types\/product"}],"wp:featuredmedia":[{"embeddable":true,"href":"https:\/\/www.lifenatura.com\/es\/wp-json\/wp\/v2\/media\/88822"}],"wp:attachment":[{"href":"https:\/\/www.lifenatura.com\/es\/wp-json\/wp\/v2\/media?parent=89613"}],"wp:term":[{"taxonomy":"product_brand","embeddable":true,"href":"https:\/\/www.lifenatura.com\/es\/wp-json\/wp\/v2\/product_brand?post=89613"},{"taxonomy":"product_cat","embeddable":true,"href":"https:\/\/www.lifenatura.com\/es\/wp-json\/wp\/v2\/product_cat?post=89613"},{"taxonomy":"product_tag","embeddable":true,"href":"https:\/\/www.lifenatura.com\/es\/wp-json\/wp\/v2\/product_tag?post=89613"}],"curies":[{"name":"wp","href":"https:\/\/api.w.org\/{rel}","templated":true}]}}