{"id":89600,"date":"2024-04-10T17:05:06","date_gmt":"2024-04-10T17:05:06","guid":{"rendered":"https:\/\/www.lifenatura.com\/produto\/pulsera-energetica-cristal-de-miel\/"},"modified":"2024-04-22T21:24:33","modified_gmt":"2024-04-22T21:24:33","slug":"pulsera-energetica-cristal-de-miel","status":"publish","type":"product","link":"https:\/\/www.lifenatura.com\/es\/produto\/pulsera-energetica-cristal-de-miel\/","title":{"rendered":"Pulsera Energ\u00e9tica &#8211; Cristal de Miel"},"content":{"rendered":"<h2 style=\"text-align: left;\"><strong>La piedra energ\u00e9tica, el cristal de miel atrae la riqueza<\/strong><\/h2>\n<p>&nbsp;<\/p>\n<p>La Pulsera Energ\u00e9tica Cristal de Miel es una joya excepcional que armoniza la elegancia del cristal de miel con los beneficios terap\u00e9uticos potenciales de las pulseras energ\u00e9ticas. Desarrollada con minuciosidad y exquisita artesan\u00eda, esta pulsera est\u00e1 dise\u00f1ada para aportar equilibrio y bienestar a su portador.<\/p>\n<p>Los esoteristas y los m\u00edsticos consideran que <strong>la piedra Cristal<\/strong> es el cristal de la abundancia y de la abundancia material, es decir, de la prosperidad misma.<\/p>\n<p>Ideal para los que quieren abrir nuevos caminos.<\/p>\n<p><strong>Caracter\u00edsticas principales:<\/strong><\/p>\n<ol>\n<li>Cristal de miel de alta calidad<strong>:<\/strong> Esta pulsera est\u00e1 cuidadosamente elaborada con cristal de miel de alta calidad, conocido por su belleza natural y sus propiedades terap\u00e9uticas. El cristal de miel est\u00e1 reconocido por favorecer la calma, la claridad mental y el equilibrio emocional.<\/li>\n<li><strong>Dise\u00f1o sofisticado:<\/strong> Con su suave color dorado y su brillo radiante, esta pulsera es una pieza destacada que complementa cualquier estilo. Su dise\u00f1o refinado e intemporal lo hace adecuado para el uso diario, ya sea en el trabajo, en eventos sociales o durante el tiempo de ocio.<\/li>\n<li><strong>Efecto energizante:<\/strong> se cree que el cristal de miel tiene propiedades energizantes que pueden favorecer la estabilidad emocional, el alivio del estr\u00e9s y la vitalidad f\u00edsica. Llevando esta pulsera, puedes sentir una sensaci\u00f3n de tranquilidad y armon\u00eda, que te ayudar\u00e1 a reducir el estr\u00e9s cotidiano.<\/li>\n<\/ol>\n<p><strong>PRESENTACI\u00d3N<\/strong><\/p>\n<p>1 Pulsera<\/p>\n<p>&nbsp;<\/p>\n","protected":false},"excerpt":{"rendered":"<p>La Piedra Energ\u00e9tica Cristal de Miel esta pulsera es una elecci\u00f3n excepcional para quienes buscan equilibrio y serenidad en su vida cotidiana. [&#8230;]<\/p>\n<p><a class=\"btn btn-secondary understrap-read-more-link\" href=\"https:\/\/www.lifenatura.com\/es\/produto\/pulsera-energetica-cristal-de-miel\/\">Leer m\u00e1s&#8230;<span class=\"screen-reader-text\"> from Pulsera Energ\u00e9tica &#8211; Cristal de Miel<\/span><\/a><\/p>\n","protected":false},"featured_media":113652,"template":"","meta":{"_acf_changed":false},"product_brand":[8290],"product_cat":[7950],"product_tag":[],"class_list":{"0":"post-89600","1":"product","2":"type-product","3":"status-publish","4":"has-post-thumbnail","6":"product_brand-aw-artisan","7":"product_cat-pulseras-energeticas-es","9":"first","10":"instock","11":"shipping-taxable","12":"purchasable","13":"product-type-simple","14":"add-to-wishlist-before_image"},"acf":[],"yoast_head":"<!-- This site is optimized with the Yoast SEO Premium plugin v27.1 (Yoast SEO v27.6) - https:\/\/yoast.com\/product\/yoast-seo-premium-wordpress\/ -->\n<title>Pulsera Energ\u00e9tica - Cristal de Miel - Na Lifenatura ao Melhor Pre\u00e7o | Envio em 48h<\/title>\n<meta name=\"description\" content=\"La Piedra Energ\u00e9tica Cristal de Miel esta pulsera es una elecci\u00f3n excepcional para quienes buscan equilibrio y serenidad en su vida cotidiana.\" \/>\n<meta name=\"robots\" content=\"index, follow, max-snippet:-1, max-image-preview:large, max-video-preview:-1\" \/>\n<link rel=\"canonical\" href=\"https:\/\/www.lifenatura.com\/es\/produto\/pulsera-energetica-cristal-de-miel\/\" \/>\n<meta property=\"og:locale\" content=\"es_ES\" \/>\n<meta property=\"og:type\" content=\"article\" \/>\n<meta property=\"og:title\" content=\"Pulsera Energ\u00e9tica - Cristal de Miel - Na Lifenatura ao Melhor Pre\u00e7o | Envio 48h\" \/>\n<meta property=\"og:description\" content=\"Compre Pulsera Energ\u00e9tica - Cristal de Miel com envio r\u00e1pido. Entrega em 48h e portes gr\u00e1tis em compras &gt;35\u20ac. Aproveite j\u00e1 na Lifenatura\" \/>\n<meta property=\"og:url\" content=\"https:\/\/www.lifenatura.com\/es\/produto\/pulsera-energetica-cristal-de-miel\/\" \/>\n<meta property=\"og:site_name\" content=\"Lifenatura\" \/>\n<meta property=\"article:publisher\" content=\"https:\/\/www.facebook.com\/lifenatura\" \/>\n<meta property=\"article:modified_time\" content=\"2024-04-22T21:24:33+00:00\" \/>\n<meta property=\"og:image\" content=\"https:\/\/www.lifenatura.com\/wp-content\/uploads\/2024\/04\/pulseira-de-energia-cristal-de-mel.jpg\" \/>\n\t<meta property=\"og:image:width\" content=\"1000\" \/>\n\t<meta property=\"og:image:height\" content=\"1000\" \/>\n\t<meta property=\"og:image:type\" content=\"image\/jpeg\" \/>\n<meta name=\"twitter:card\" content=\"summary_large_image\" \/>\n<meta name=\"twitter:label1\" content=\"Precio\" \/>\n\t<meta name=\"twitter:data1\" content=\"7,99&nbsp;&euro;\" \/>\n\t<meta name=\"twitter:label2\" content=\"Disponibilidad\" \/>\n\t<meta name=\"twitter:data2\" content=\"Disponible\" \/>\n<script type=\"application\/ld+json\" class=\"yoast-schema-graph\">{\"@context\":\"https:\\\/\\\/schema.org\",\"@graph\":[{\"@type\":\"WebPage\",\"@id\":\"https:\\\/\\\/www.lifenatura.com\\\/es\\\/produto\\\/pulsera-energetica-cristal-de-miel\\\/\",\"url\":\"https:\\\/\\\/www.lifenatura.com\\\/es\\\/produto\\\/pulsera-energetica-cristal-de-miel\\\/\",\"name\":\"Pulsera Energ\u00e9tica - Cristal de Miel - Na Lifenatura ao Melhor Pre\u00e7o | Envio em 48h\",\"isPartOf\":{\"@id\":\"https:\\\/\\\/www.lifenatura.com\\\/es\\\/#website\"},\"primaryImageOfPage\":{\"@id\":\"https:\\\/\\\/www.lifenatura.com\\\/es\\\/produto\\\/pulsera-energetica-cristal-de-miel\\\/#primaryimage\"},\"image\":{\"@id\":\"https:\\\/\\\/www.lifenatura.com\\\/es\\\/produto\\\/pulsera-energetica-cristal-de-miel\\\/#primaryimage\"},\"thumbnailUrl\":\"https:\\\/\\\/www.lifenatura.com\\\/wp-content\\\/uploads\\\/2025\\\/06\\\/pulseira-energia-cristal-mel.jpg\",\"datePublished\":\"2024-04-10T17:05:06+00:00\",\"dateModified\":\"2024-04-22T21:24:33+00:00\",\"description\":\"La Piedra Energ\u00e9tica Cristal de Miel esta pulsera es una elecci\u00f3n excepcional para quienes buscan equilibrio y serenidad en su vida cotidiana.\",\"breadcrumb\":{\"@id\":\"https:\\\/\\\/www.lifenatura.com\\\/es\\\/produto\\\/pulsera-energetica-cristal-de-miel\\\/#breadcrumb\"},\"inLanguage\":\"es\",\"potentialAction\":[{\"@type\":\"ReadAction\",\"target\":[\"https:\\\/\\\/www.lifenatura.com\\\/es\\\/produto\\\/pulsera-energetica-cristal-de-miel\\\/\"]}]},{\"@type\":\"ImageObject\",\"inLanguage\":\"es\",\"@id\":\"https:\\\/\\\/www.lifenatura.com\\\/es\\\/produto\\\/pulsera-energetica-cristal-de-miel\\\/#primaryimage\",\"url\":\"https:\\\/\\\/www.lifenatura.com\\\/wp-content\\\/uploads\\\/2025\\\/06\\\/pulseira-energia-cristal-mel.jpg\",\"contentUrl\":\"https:\\\/\\\/www.lifenatura.com\\\/wp-content\\\/uploads\\\/2025\\\/06\\\/pulseira-energia-cristal-mel.jpg\",\"width\":1000,\"height\":1000,\"caption\":\"Pulseira de Energia Cristal de Mel\"},{\"@type\":\"BreadcrumbList\",\"@id\":\"https:\\\/\\\/www.lifenatura.com\\\/es\\\/produto\\\/pulsera-energetica-cristal-de-miel\\\/#breadcrumb\",\"itemListElement\":[{\"@type\":\"ListItem\",\"position\":1,\"name\":\"In\u00edcio\",\"item\":\"https:\\\/\\\/www.lifenatura.com\\\/es\\\/\"},{\"@type\":\"ListItem\",\"position\":2,\"name\":\"Todos los Productos\",\"item\":\"https:\\\/\\\/www.lifenatura.com\\\/es\\\/tienda\\\/\"},{\"@type\":\"ListItem\",\"position\":3,\"name\":\"Pulsera Energ\u00e9tica &#8211; Cristal de Miel\"}]},{\"@type\":\"WebSite\",\"@id\":\"https:\\\/\\\/www.lifenatura.com\\\/es\\\/#website\",\"url\":\"https:\\\/\\\/www.lifenatura.com\\\/es\\\/\",\"name\":\"Lifenatura\",\"description\":\"A Lifenatura \u00e9 uma loja de produtos naturais, cosm\u00e9tica natural e alimenta\u00e7\u00e3o Biol\u00f3gica.\",\"publisher\":{\"@id\":\"https:\\\/\\\/www.lifenatura.com\\\/es\\\/#organization\"},\"potentialAction\":[{\"@type\":\"SearchAction\",\"target\":{\"@type\":\"EntryPoint\",\"urlTemplate\":\"https:\\\/\\\/www.lifenatura.com\\\/es\\\/?s={search_term_string}\"},\"query-input\":{\"@type\":\"PropertyValueSpecification\",\"valueRequired\":true,\"valueName\":\"search_term_string\"}}],\"inLanguage\":\"es\"},{\"@type\":\"Organization\",\"@id\":\"https:\\\/\\\/www.lifenatura.com\\\/es\\\/#organization\",\"name\":\"Lifenatura\",\"url\":\"https:\\\/\\\/www.lifenatura.com\\\/es\\\/\",\"logo\":{\"@type\":\"ImageObject\",\"inLanguage\":\"es\",\"@id\":\"https:\\\/\\\/www.lifenatura.com\\\/es\\\/#\\\/schema\\\/logo\\\/image\\\/\",\"url\":\"https:\\\/\\\/www.lifenatura.com\\\/wp-content\\\/uploads\\\/2021\\\/07\\\/logo.png\",\"contentUrl\":\"https:\\\/\\\/www.lifenatura.com\\\/wp-content\\\/uploads\\\/2021\\\/07\\\/logo.png\",\"width\":175,\"height\":55,\"caption\":\"Lifenatura\"},\"image\":{\"@id\":\"https:\\\/\\\/www.lifenatura.com\\\/es\\\/#\\\/schema\\\/logo\\\/image\\\/\"},\"sameAs\":[\"https:\\\/\\\/www.facebook.com\\\/lifenatura\",\"https:\\\/\\\/www.instagram.com\\\/lifenaturapt\\\/\"],\"hasMerchantReturnPolicy\":{\"@type\":\"MerchantReturnPolicy\",\"merchantReturnLink\":\"https:\\\/\\\/www.lifenatura.com\\\/termos-condicoes-lifenatura\\\/\"}}]}<\/script>\n<meta property=\"product:price:amount\" content=\"7.99\" \/>\n<meta property=\"product:price:currency\" content=\"EUR\" \/>\n<meta property=\"og:availability\" content=\"instock\" \/>\n<meta property=\"product:availability\" content=\"instock\" \/>\n<meta property=\"product:retailer_item_id\" content=\"5055796579327\" \/>\n<meta property=\"product:condition\" content=\"new\" \/>\n<!-- \/ Yoast SEO Premium plugin. -->","yoast_head_json":{"title":"Pulsera Energ\u00e9tica - Cristal de Miel - Na Lifenatura ao Melhor Pre\u00e7o | Envio em 48h","description":"La Piedra Energ\u00e9tica Cristal de Miel esta pulsera es una elecci\u00f3n excepcional para quienes buscan equilibrio y serenidad en su vida cotidiana.","robots":{"index":"index","follow":"follow","max-snippet":"max-snippet:-1","max-image-preview":"max-image-preview:large","max-video-preview":"max-video-preview:-1"},"canonical":"https:\/\/www.lifenatura.com\/es\/produto\/pulsera-energetica-cristal-de-miel\/","og_locale":"es_ES","og_type":"article","og_title":"Pulsera Energ\u00e9tica - Cristal de Miel - Na Lifenatura ao Melhor Pre\u00e7o | Envio 48h","og_description":"Compre Pulsera Energ\u00e9tica - Cristal de Miel com envio r\u00e1pido. Entrega em 48h e portes gr\u00e1tis em compras >35\u20ac. Aproveite j\u00e1 na Lifenatura","og_url":"https:\/\/www.lifenatura.com\/es\/produto\/pulsera-energetica-cristal-de-miel\/","og_site_name":"Lifenatura","article_publisher":"https:\/\/www.facebook.com\/lifenatura","article_modified_time":"2024-04-22T21:24:33+00:00","og_image":[{"width":1000,"height":1000,"url":"https:\/\/www.lifenatura.com\/wp-content\/uploads\/2024\/04\/pulseira-de-energia-cristal-de-mel.jpg","type":"image\/jpeg"}],"twitter_card":"summary_large_image","twitter_misc":{"Precio":"7,99&nbsp;&euro;","Disponibilidad":"Disponible"},"schema":{"@context":"https:\/\/schema.org","@graph":[{"@type":"WebPage","@id":"https:\/\/www.lifenatura.com\/es\/produto\/pulsera-energetica-cristal-de-miel\/","url":"https:\/\/www.lifenatura.com\/es\/produto\/pulsera-energetica-cristal-de-miel\/","name":"Pulsera Energ\u00e9tica - Cristal de Miel - Na Lifenatura ao Melhor Pre\u00e7o | Envio em 48h","isPartOf":{"@id":"https:\/\/www.lifenatura.com\/es\/#website"},"primaryImageOfPage":{"@id":"https:\/\/www.lifenatura.com\/es\/produto\/pulsera-energetica-cristal-de-miel\/#primaryimage"},"image":{"@id":"https:\/\/www.lifenatura.com\/es\/produto\/pulsera-energetica-cristal-de-miel\/#primaryimage"},"thumbnailUrl":"https:\/\/www.lifenatura.com\/wp-content\/uploads\/2025\/06\/pulseira-energia-cristal-mel.jpg","datePublished":"2024-04-10T17:05:06+00:00","dateModified":"2024-04-22T21:24:33+00:00","description":"La Piedra Energ\u00e9tica Cristal de Miel esta pulsera es una elecci\u00f3n excepcional para quienes buscan equilibrio y serenidad en su vida cotidiana.","breadcrumb":{"@id":"https:\/\/www.lifenatura.com\/es\/produto\/pulsera-energetica-cristal-de-miel\/#breadcrumb"},"inLanguage":"es","potentialAction":[{"@type":"ReadAction","target":["https:\/\/www.lifenatura.com\/es\/produto\/pulsera-energetica-cristal-de-miel\/"]}]},{"@type":"ImageObject","inLanguage":"es","@id":"https:\/\/www.lifenatura.com\/es\/produto\/pulsera-energetica-cristal-de-miel\/#primaryimage","url":"https:\/\/www.lifenatura.com\/wp-content\/uploads\/2025\/06\/pulseira-energia-cristal-mel.jpg","contentUrl":"https:\/\/www.lifenatura.com\/wp-content\/uploads\/2025\/06\/pulseira-energia-cristal-mel.jpg","width":1000,"height":1000,"caption":"Pulseira de Energia Cristal de Mel"},{"@type":"BreadcrumbList","@id":"https:\/\/www.lifenatura.com\/es\/produto\/pulsera-energetica-cristal-de-miel\/#breadcrumb","itemListElement":[{"@type":"ListItem","position":1,"name":"In\u00edcio","item":"https:\/\/www.lifenatura.com\/es\/"},{"@type":"ListItem","position":2,"name":"Todos los Productos","item":"https:\/\/www.lifenatura.com\/es\/tienda\/"},{"@type":"ListItem","position":3,"name":"Pulsera Energ\u00e9tica &#8211; Cristal de Miel"}]},{"@type":"WebSite","@id":"https:\/\/www.lifenatura.com\/es\/#website","url":"https:\/\/www.lifenatura.com\/es\/","name":"Lifenatura","description":"A Lifenatura \u00e9 uma loja de produtos naturais, cosm\u00e9tica natural e alimenta\u00e7\u00e3o Biol\u00f3gica.","publisher":{"@id":"https:\/\/www.lifenatura.com\/es\/#organization"},"potentialAction":[{"@type":"SearchAction","target":{"@type":"EntryPoint","urlTemplate":"https:\/\/www.lifenatura.com\/es\/?s={search_term_string}"},"query-input":{"@type":"PropertyValueSpecification","valueRequired":true,"valueName":"search_term_string"}}],"inLanguage":"es"},{"@type":"Organization","@id":"https:\/\/www.lifenatura.com\/es\/#organization","name":"Lifenatura","url":"https:\/\/www.lifenatura.com\/es\/","logo":{"@type":"ImageObject","inLanguage":"es","@id":"https:\/\/www.lifenatura.com\/es\/#\/schema\/logo\/image\/","url":"https:\/\/www.lifenatura.com\/wp-content\/uploads\/2021\/07\/logo.png","contentUrl":"https:\/\/www.lifenatura.com\/wp-content\/uploads\/2021\/07\/logo.png","width":175,"height":55,"caption":"Lifenatura"},"image":{"@id":"https:\/\/www.lifenatura.com\/es\/#\/schema\/logo\/image\/"},"sameAs":["https:\/\/www.facebook.com\/lifenatura","https:\/\/www.instagram.com\/lifenaturapt\/"],"hasMerchantReturnPolicy":{"@type":"MerchantReturnPolicy","merchantReturnLink":"https:\/\/www.lifenatura.com\/termos-condicoes-lifenatura\/"}}]},"product_price_amount":"7.99","product_price_currency":"EUR","og_availability":"instock","product_availability":"instock","product_retailer_item_id":"5055796579327","product_condition":"new"},"df_price":7.99,"df_sale_price":"","df_regular_price":7.99,"df_image_link":"https:\/\/www.lifenatura.com\/wp-content\/uploads\/2025\/06\/pulseira-energia-cristal-mel-300x300.jpg","_links":{"self":[{"href":"https:\/\/www.lifenatura.com\/es\/wp-json\/wp\/v2\/product\/89600","targetHints":{"allow":["GET"]}}],"collection":[{"href":"https:\/\/www.lifenatura.com\/es\/wp-json\/wp\/v2\/product"}],"about":[{"href":"https:\/\/www.lifenatura.com\/es\/wp-json\/wp\/v2\/types\/product"}],"wp:featuredmedia":[{"embeddable":true,"href":"https:\/\/www.lifenatura.com\/es\/wp-json\/wp\/v2\/media\/113652"}],"wp:attachment":[{"href":"https:\/\/www.lifenatura.com\/es\/wp-json\/wp\/v2\/media?parent=89600"}],"wp:term":[{"taxonomy":"product_brand","embeddable":true,"href":"https:\/\/www.lifenatura.com\/es\/wp-json\/wp\/v2\/product_brand?post=89600"},{"taxonomy":"product_cat","embeddable":true,"href":"https:\/\/www.lifenatura.com\/es\/wp-json\/wp\/v2\/product_cat?post=89600"},{"taxonomy":"product_tag","embeddable":true,"href":"https:\/\/www.lifenatura.com\/es\/wp-json\/wp\/v2\/product_tag?post=89600"}],"curies":[{"name":"wp","href":"https:\/\/api.w.org\/{rel}","templated":true}]}}