{"id":88466,"date":"2024-04-04T17:53:29","date_gmt":"2024-04-04T17:53:29","guid":{"rendered":"https:\/\/www.lifenatura.com\/produto\/thyroid-support-complex-60-capsulas-life-extension\/"},"modified":"2024-04-04T18:36:40","modified_gmt":"2024-04-04T18:36:40","slug":"thyroid-support-complex-60-capsulas-life-extension","status":"publish","type":"product","link":"https:\/\/www.lifenatura.com\/es\/produto\/thyroid-support-complex-60-capsulas-life-extension\/","title":{"rendered":"Thyroid Support Complex 60 C\u00e1psulas &#8211; Life Extension"},"content":{"rendered":"<h2 style=\"text-align: left;\"><strong>Nutrici\u00f3n avanzada para la salud tiroidea<\/strong><\/h2>\n<p>&nbsp;<\/p>\n<p>Thyroid Support Complex de Life Extension es un suplemento diet\u00e9tico dise\u00f1ado para promover la salud de la tiroides y el equilibrio hormonal. Con una combinaci\u00f3n \u00fanica de ingredientes naturales y nutrientes esenciales, este complejo nutricional avanzado ofrece un apoyo integral para una tiroides sana y el bienestar general.<\/p>\n<p>La gl\u00e1ndula tiroides act\u00faa como termostato de nuestro cuerpo y es uno de los principales reguladores del metabolismo. El tiroides produce hormonas esenciales para la energ\u00eda, el metabolismo, el control del peso y la salud cerebral.<\/p>\n<p>Este suplemento natural rico en Ashwagandha combina potentes nutrientes que pueden contribuir a una funci\u00f3n tiroidea saludable.<\/p>\n<p>Los principales beneficios:<\/p>\n<ul>\n<li><strong>Fomento de una funci\u00f3n<\/strong> tiroidea <strong>saludable:<\/strong> Thyroid Support Complex contiene una mezcla precisa de nutrientes que ayudan a optimizar la funci\u00f3n tiroidea, esencial para regular el metabolismo, el peso corporal, el estado de \u00e1nimo y la energ\u00eda.<\/li>\n<li><strong>Equilibrio hormonal:<\/strong> Con ingredientes como el yodo, el selenio y el zinc, este suplemento ayuda a equilibrar los niveles hormonales, promoviendo la producci\u00f3n adecuada de las hormonas tiroideas T3 y T4, que desempe\u00f1an un papel clave en diversas funciones corporales.<\/li>\n<li><strong>Apoyo antioxidante:<\/strong> Adem\u00e1s de promover la salud de la tiroides, Thyroid Support Complex tambi\u00e9n proporciona potentes antioxidantes como la vitamina C y la vitamina E, que ayudan a proteger las c\u00e9lulas contra el da\u00f1o causado por los radicales libres.<\/li>\n<li><strong>Energ\u00eda y vitalidad:<\/strong> Una tiroides sana es esencial para mantener unos niveles adecuados de energ\u00eda y vitalidad. Este complejo nutricional ayuda a mejorar la energ\u00eda, reducir la fatiga y favorecer un estado de bienestar general.<\/li>\n<\/ul>\n<p><strong>PRESENTACI\u00d3N<\/strong><\/p>\n<p>60 c\u00e1psulas<\/p>\n<p>&nbsp;<\/p>\n","protected":false},"excerpt":{"rendered":"<p>Thyroid Support Complex est\u00e1 indicado para personas que buscan promover la salud de su tiroides, s\u00f3lo en caso de deficiencias nutricionales. [&#8230;]<\/p>\n<p><a class=\"btn btn-secondary understrap-read-more-link\" href=\"https:\/\/www.lifenatura.com\/es\/produto\/thyroid-support-complex-60-capsulas-life-extension\/\">Leer m\u00e1s&#8230;<span class=\"screen-reader-text\"> from Thyroid Support Complex 60 C\u00e1psulas &#8211; Life Extension<\/span><\/a><\/p>\n","protected":false},"featured_media":88462,"template":"","meta":{"_acf_changed":false},"product_brand":[8339],"product_cat":[7215,7179],"product_tag":[],"class_list":{"0":"post-88466","1":"product","2":"type-product","3":"status-publish","4":"has-post-thumbnail","6":"product_brand-life-extension-es","7":"product_cat-problemas-en-la-tiroides","8":"product_cat-salud","10":"first","11":"instock","12":"shipping-taxable","13":"purchasable","14":"product-type-simple","15":"add-to-wishlist-before_image"},"acf":[],"yoast_head":"<!-- This site is optimized with the Yoast SEO Premium plugin v27.1 (Yoast SEO v27.3) - https:\/\/yoast.com\/product\/yoast-seo-premium-wordpress\/ -->\n<title>Thyroid Support Complex 60 C\u00e1psulas - Life Extension - Lifenatura<\/title>\n<meta name=\"description\" content=\"Thyroid Support Complex est\u00e1 indicado para personas que buscan promover la salud de su tiroides, s\u00f3lo en caso de deficiencias nutricionales.\" \/>\n<meta name=\"robots\" content=\"index, follow, max-snippet:-1, max-image-preview:large, max-video-preview:-1\" \/>\n<link rel=\"canonical\" href=\"https:\/\/www.lifenatura.com\/es\/produto\/thyroid-support-complex-60-capsulas-life-extension\/\" \/>\n<meta property=\"og:locale\" content=\"es_ES\" \/>\n<meta property=\"og:type\" content=\"article\" \/>\n<meta property=\"og:title\" content=\"Thyroid Support Complex 60 C\u00e1psulas - Life Extension - Lifenatura\" \/>\n<meta property=\"og:description\" content=\"Compre aqui o seu Thyroid Support Complex 60 C\u00e1psulas - Life Extension e a Lifenatura Online envia em 48 H com Portes Gratis &gt;35\u20ac de Pedido.\" \/>\n<meta property=\"og:url\" content=\"https:\/\/www.lifenatura.com\/es\/produto\/thyroid-support-complex-60-capsulas-life-extension\/\" \/>\n<meta property=\"og:site_name\" content=\"Lifenatura\" \/>\n<meta property=\"article:publisher\" content=\"https:\/\/www.facebook.com\/lifenatura\" \/>\n<meta property=\"article:modified_time\" content=\"2024-04-04T18:36:40+00:00\" \/>\n<meta property=\"og:image\" content=\"https:\/\/www.lifenatura.com\/wp-content\/uploads\/2024\/04\/tiroide-support-complex-life-extension.jpg\" \/>\n\t<meta property=\"og:image:width\" content=\"1000\" \/>\n\t<meta property=\"og:image:height\" content=\"1000\" \/>\n\t<meta property=\"og:image:type\" content=\"image\/jpeg\" \/>\n<meta name=\"twitter:card\" content=\"summary_large_image\" \/>\n<meta name=\"twitter:label1\" content=\"Precio\" \/>\n\t<meta name=\"twitter:data1\" content=\"42,90&nbsp;&euro;\" \/>\n\t<meta name=\"twitter:label2\" content=\"Disponibilidad\" \/>\n\t<meta name=\"twitter:data2\" content=\"Disponible\" \/>\n<meta property=\"product:price:amount\" content=\"42.90\" \/>\n<meta property=\"product:price:currency\" content=\"EUR\" \/>\n<meta property=\"og:availability\" content=\"instock\" \/>\n<meta property=\"product:availability\" content=\"instock\" \/>\n<meta property=\"product:retailer_item_id\" content=\"737870200369\" \/>\n<meta property=\"product:condition\" content=\"new\" \/>\n<!-- \/ Yoast SEO Premium plugin. -->","yoast_head_json":{"title":"Thyroid Support Complex 60 C\u00e1psulas - Life Extension - Lifenatura","description":"Thyroid Support Complex est\u00e1 indicado para personas que buscan promover la salud de su tiroides, s\u00f3lo en caso de deficiencias nutricionales.","robots":{"index":"index","follow":"follow","max-snippet":"max-snippet:-1","max-image-preview":"max-image-preview:large","max-video-preview":"max-video-preview:-1"},"canonical":"https:\/\/www.lifenatura.com\/es\/produto\/thyroid-support-complex-60-capsulas-life-extension\/","og_locale":"es_ES","og_type":"article","og_title":"Thyroid Support Complex 60 C\u00e1psulas - Life Extension - Lifenatura","og_description":"Compre aqui o seu Thyroid Support Complex 60 C\u00e1psulas - Life Extension e a Lifenatura Online envia em 48 H com Portes Gratis >35\u20ac de Pedido.","og_url":"https:\/\/www.lifenatura.com\/es\/produto\/thyroid-support-complex-60-capsulas-life-extension\/","og_site_name":"Lifenatura","article_publisher":"https:\/\/www.facebook.com\/lifenatura","article_modified_time":"2024-04-04T18:36:40+00:00","og_image":[{"width":1000,"height":1000,"url":"https:\/\/www.lifenatura.com\/wp-content\/uploads\/2024\/04\/tiroide-support-complex-life-extension.jpg","type":"image\/jpeg"}],"twitter_card":"summary_large_image","twitter_misc":{"Precio":"42,90&nbsp;&euro;","Disponibilidad":"Disponible"},"schema":{"@context":"https:\/\/schema.org","@graph":[{"@type":"WebPage","@id":"https:\/\/www.lifenatura.com\/es\/produto\/thyroid-support-complex-60-capsulas-life-extension\/","url":"https:\/\/www.lifenatura.com\/es\/produto\/thyroid-support-complex-60-capsulas-life-extension\/","name":"Thyroid Support Complex 60 C\u00e1psulas - Life Extension - Lifenatura","isPartOf":{"@id":"https:\/\/www.lifenatura.com\/es\/#website"},"primaryImageOfPage":{"@id":"https:\/\/www.lifenatura.com\/es\/produto\/thyroid-support-complex-60-capsulas-life-extension\/#primaryimage"},"image":{"@id":"https:\/\/www.lifenatura.com\/es\/produto\/thyroid-support-complex-60-capsulas-life-extension\/#primaryimage"},"thumbnailUrl":"https:\/\/www.lifenatura.com\/wp-content\/uploads\/2024\/04\/tiroide-support-complex-life-extension.jpg","datePublished":"2024-04-04T17:53:29+00:00","dateModified":"2024-04-04T18:36:40+00:00","description":"Thyroid Support Complex est\u00e1 indicado para personas que buscan promover la salud de su tiroides, s\u00f3lo en caso de deficiencias nutricionales.","breadcrumb":{"@id":"https:\/\/www.lifenatura.com\/es\/produto\/thyroid-support-complex-60-capsulas-life-extension\/#breadcrumb"},"inLanguage":"es","potentialAction":[{"@type":"ReadAction","target":["https:\/\/www.lifenatura.com\/es\/produto\/thyroid-support-complex-60-capsulas-life-extension\/"]}]},{"@type":"ImageObject","inLanguage":"es","@id":"https:\/\/www.lifenatura.com\/es\/produto\/thyroid-support-complex-60-capsulas-life-extension\/#primaryimage","url":"https:\/\/www.lifenatura.com\/wp-content\/uploads\/2024\/04\/tiroide-support-complex-life-extension.jpg","contentUrl":"https:\/\/www.lifenatura.com\/wp-content\/uploads\/2024\/04\/tiroide-support-complex-life-extension.jpg","width":1000,"height":1000,"caption":"Complejo de apoyo a la tiroides de Life Extension"},{"@type":"BreadcrumbList","@id":"https:\/\/www.lifenatura.com\/es\/produto\/thyroid-support-complex-60-capsulas-life-extension\/#breadcrumb","itemListElement":[{"@type":"ListItem","position":1,"name":"In\u00edcio","item":"https:\/\/www.lifenatura.com\/es\/"},{"@type":"ListItem","position":2,"name":"Todos los Productos","item":"https:\/\/www.lifenatura.com\/es\/tienda\/"},{"@type":"ListItem","position":3,"name":"Thyroid Support Complex 60 C\u00e1psulas &#8211; Life Extension"}]},{"@type":"WebSite","@id":"https:\/\/www.lifenatura.com\/es\/#website","url":"https:\/\/www.lifenatura.com\/es\/","name":"Lifenatura","description":"A Lifenatura \u00e9 uma loja de produtos naturais, cosm\u00e9tica natural e alimenta\u00e7\u00e3o Biol\u00f3gica.","publisher":{"@id":"https:\/\/www.lifenatura.com\/es\/#organization"},"potentialAction":[{"@type":"SearchAction","target":{"@type":"EntryPoint","urlTemplate":"https:\/\/www.lifenatura.com\/es\/?s={search_term_string}"},"query-input":{"@type":"PropertyValueSpecification","valueRequired":true,"valueName":"search_term_string"}}],"inLanguage":"es"},{"@type":"Organization","@id":"https:\/\/www.lifenatura.com\/es\/#organization","name":"Lifenatura","url":"https:\/\/www.lifenatura.com\/es\/","logo":{"@type":"ImageObject","inLanguage":"es","@id":"https:\/\/www.lifenatura.com\/es\/#\/schema\/logo\/image\/","url":"https:\/\/www.lifenatura.com\/wp-content\/uploads\/2021\/11\/logo.png","contentUrl":"https:\/\/www.lifenatura.com\/wp-content\/uploads\/2021\/11\/logo.png","width":175,"height":55,"caption":"Lifenatura"},"image":{"@id":"https:\/\/www.lifenatura.com\/es\/#\/schema\/logo\/image\/"},"sameAs":["https:\/\/www.facebook.com\/lifenatura","https:\/\/www.instagram.com\/lifenaturapt\/"]}]},"product_price_amount":"42.90","product_price_currency":"EUR","og_availability":"instock","product_availability":"instock","product_retailer_item_id":"737870200369","product_condition":"new"},"df_price":42.9,"df_sale_price":"","df_regular_price":42.9,"df_image_link":"https:\/\/www.lifenatura.com\/wp-content\/uploads\/2024\/04\/tiroide-support-complex-life-extension-300x300.jpg","_links":{"self":[{"href":"https:\/\/www.lifenatura.com\/es\/wp-json\/wp\/v2\/product\/88466","targetHints":{"allow":["GET"]}}],"collection":[{"href":"https:\/\/www.lifenatura.com\/es\/wp-json\/wp\/v2\/product"}],"about":[{"href":"https:\/\/www.lifenatura.com\/es\/wp-json\/wp\/v2\/types\/product"}],"wp:featuredmedia":[{"embeddable":true,"href":"https:\/\/www.lifenatura.com\/es\/wp-json\/wp\/v2\/media\/88462"}],"wp:attachment":[{"href":"https:\/\/www.lifenatura.com\/es\/wp-json\/wp\/v2\/media?parent=88466"}],"wp:term":[{"taxonomy":"product_brand","embeddable":true,"href":"https:\/\/www.lifenatura.com\/es\/wp-json\/wp\/v2\/product_brand?post=88466"},{"taxonomy":"product_cat","embeddable":true,"href":"https:\/\/www.lifenatura.com\/es\/wp-json\/wp\/v2\/product_cat?post=88466"},{"taxonomy":"product_tag","embeddable":true,"href":"https:\/\/www.lifenatura.com\/es\/wp-json\/wp\/v2\/product_tag?post=88466"}],"curies":[{"name":"wp","href":"https:\/\/api.w.org\/{rel}","templated":true}]}}