{"id":88383,"date":"2024-03-26T17:13:21","date_gmt":"2024-03-26T17:13:21","guid":{"rendered":"https:\/\/www.lifenatura.com\/produto\/lucidus-estudiante-toma-3-paga-2-farmodietica\/"},"modified":"2026-04-21T00:03:25","modified_gmt":"2026-04-21T00:03:25","slug":"lucidus-estudiante-toma-3-paga-2-farmodietica","status":"publish","type":"product","link":"https:\/\/www.lifenatura.com\/es\/produto\/lucidus-estudiante-toma-3-paga-2-farmodietica\/","title":{"rendered":"Lucidus Estudiante Toma 3 Paga 2 &#8211; Farmodietica"},"content":{"rendered":"<h2 style=\"text-align: left;\"><strong>Lucidus Student: Aumente su concentraci\u00f3n y su memoria<\/strong><\/h2>\n<p>&nbsp;<\/p>\n<p class=\"p1\">Lucidus Student es un complemento alimenticio con una f\u00f3rmula completa que contiene taurina, bacopa monnieri, guaran\u00e1, cafe\u00edna y amino\u00e1cidos, reforzada con un alto contenido en vitaminas del grupo B.<\/p>\n<p><strong>Ahora disponible en un pack promocional Ll\u00e9vese 3 Pague 2<\/strong><\/p>\n<p class=\"p1\">Especialmente desarrollado para \u00e9pocas de mayor estr\u00e9s f\u00edsico e intelectual, no s\u00f3lo aumenta la resistencia al estr\u00e9s, sino que tambi\u00e9n contribuye a las funciones cognitivas y a los niveles de energ\u00eda.<\/p>\n<p>Lucidus Student de Farmodietica es un suplemento nutricional especialmente formulado para estudiantes y personas que desean mejorar su concentraci\u00f3n, enfoque y memoria. Su f\u00f3rmula exclusiva combina una selecci\u00f3n de ingredientes cuidadosamente elegidos, entre ellos extracto de Ginkgo biloba, fosfatidilserina, vitaminas del grupo B y minerales, que act\u00faan sin\u00e9rgicamente para favorecer la funci\u00f3n cognitiva.<\/p>\n<p><strong>Las 3 principales ventajas de Lucidus Student:<\/strong><\/p>\n<ul>\n<li><strong>Concentraci\u00f3n y enfoque mejorados:<\/strong> El extracto de Ginkgo biloba es conocido por sus efectos positivos sobre la circulaci\u00f3n sangu\u00ednea cerebral, que puede ayudar a aumentar el flujo sangu\u00edneo al cerebro, mejorando as\u00ed la concentraci\u00f3n y el enfoque mental durante las actividades intelectuales.<\/li>\n<li><strong>Mejora de la memoria y el aprendizaje:<\/strong> La fosfatidilserina es un fosfol\u00edpido esencial que desempe\u00f1a un papel crucial en la estructura de las membranas de las c\u00e9lulas neuronales. La suplementaci\u00f3n con fosfatidilserina puede ayudar a mejorar la memoria a corto y largo plazo, facilitando la retenci\u00f3n de informaci\u00f3n y el proceso de aprendizaje.<\/li>\n<li><strong>Apoyo nutricional para el cerebro:<\/strong> Las vitaminas del complejo B (como la vitamina B6, B12 y el \u00e1cido f\u00f3lico) y los minerales (como el zinc y el magnesio) desempe\u00f1an funciones importantes en el metabolismo cerebral y la s\u00edntesis de neurotransmisores. Este suplemento natural proporciona un apoyo nutricional esencial para el cerebro, garantizando su correcto funcionamiento y optimizando el rendimiento mental.<\/li>\n<\/ul>\n<p><strong>PRESENTACI\u00d3N<\/strong><\/p>\n<p>30 ampollas x 3<\/p>\n<p>&nbsp;<\/p>\n","protected":false},"excerpt":{"rendered":"<p>Prueba este pack promocional Lleve 3 Paga 2 de Lucidus Estudiantes y lleva tu capacidad cognitiva al siguiente nivel, ayuda a mejorar su memoria. [&#8230;]<\/p>\n<p><a class=\"btn btn-secondary understrap-read-more-link\" href=\"https:\/\/www.lifenatura.com\/es\/produto\/lucidus-estudiante-toma-3-paga-2-farmodietica\/\">Leer m\u00e1s&#8230;<span class=\"screen-reader-text\"> from Lucidus Estudiante Toma 3 Paga 2 &#8211; Farmodietica<\/span><\/a><\/p>\n","protected":false},"featured_media":88382,"template":"","meta":{"_acf_changed":false},"product_brand":[8488,8447],"product_cat":[7223,7276,7263,7179],"product_tag":[],"class_list":{"0":"post-88383","1":"product","2":"type-product","3":"status-publish","4":"has-post-thumbnail","6":"product_brand-farmodietica","7":"product_brand-lucidus","8":"product_cat-concentracion-memoria-salud","9":"product_cat-lleve-3-pago-2","10":"product_cat-packs-de-salud","11":"product_cat-salud","13":"first","14":"instock","15":"sale","16":"shipping-taxable","17":"purchasable","18":"product-type-woosb","19":"add-to-wishlist-before_image"},"acf":[],"yoast_head":"<!-- This site is optimized with the Yoast SEO Premium plugin v27.1 (Yoast SEO v27.5) - https:\/\/yoast.com\/product\/yoast-seo-premium-wordpress\/ -->\n<title>Lucidus Estudiante Toma 3 Paga 2 - Farmodietica - Na Lifenatura ao Melhor Pre\u00e7o | Envio em 48h<\/title>\n<meta name=\"description\" content=\"Prueba este pack promocional Lleve 3 Paga 2 de Lucidus Estudiantes y lleva tu capacidad cognitiva al siguiente nivel, ayuda a mejorar su memoria.\" \/>\n<meta name=\"robots\" content=\"index, follow, max-snippet:-1, max-image-preview:large, max-video-preview:-1\" \/>\n<link rel=\"canonical\" href=\"https:\/\/www.lifenatura.com\/es\/produto\/lucidus-estudiante-toma-3-paga-2-farmodietica\/\" \/>\n<meta property=\"og:locale\" content=\"es_ES\" \/>\n<meta property=\"og:type\" content=\"article\" \/>\n<meta property=\"og:title\" content=\"Lucidus Estudiante Toma 3 Paga 2 - Farmodietica - Na Lifenatura ao Melhor Pre\u00e7o | Envio 48h\" \/>\n<meta property=\"og:description\" content=\"Compre Lucidus Estudiante Toma 3 Paga 2 - Farmodietica com envio r\u00e1pido. Entrega em 48h e portes gr\u00e1tis em compras &gt;35\u20ac. Aproveite j\u00e1 na Lifenatura\" \/>\n<meta property=\"og:url\" content=\"https:\/\/www.lifenatura.com\/es\/produto\/lucidus-estudiante-toma-3-paga-2-farmodietica\/\" \/>\n<meta property=\"og:site_name\" content=\"Lifenatura\" \/>\n<meta property=\"article:publisher\" content=\"https:\/\/www.facebook.com\/lifenatura\" \/>\n<meta property=\"article:modified_time\" content=\"2026-04-21T00:03:25+00:00\" \/>\n<meta property=\"og:image\" content=\"https:\/\/www.lifenatura.com\/wp-content\/uploads\/2024\/03\/lucidus-estudante-pack-farmodietica.jpg\" \/>\n\t<meta property=\"og:image:width\" content=\"1000\" \/>\n\t<meta property=\"og:image:height\" content=\"1000\" \/>\n\t<meta property=\"og:image:type\" content=\"image\/jpeg\" \/>\n<meta name=\"twitter:card\" content=\"summary_large_image\" \/>\n<meta name=\"twitter:label1\" content=\"Precio\" \/>\n\t<meta name=\"twitter:data1\" content=\"75,06&nbsp;&euro;\" \/>\n\t<meta name=\"twitter:label2\" content=\"Disponibilidad\" \/>\n\t<meta name=\"twitter:data2\" content=\"Disponible\" \/>\n<script type=\"application\/ld+json\" class=\"yoast-schema-graph\">{\"@context\":\"https:\\\/\\\/schema.org\",\"@graph\":[{\"@type\":\"WebPage\",\"@id\":\"https:\\\/\\\/www.lifenatura.com\\\/es\\\/produto\\\/lucidus-estudiante-toma-3-paga-2-farmodietica\\\/\",\"url\":\"https:\\\/\\\/www.lifenatura.com\\\/es\\\/produto\\\/lucidus-estudiante-toma-3-paga-2-farmodietica\\\/\",\"name\":\"Lucidus Estudiante Toma 3 Paga 2 - Farmodietica - Na Lifenatura ao Melhor Pre\u00e7o | Envio em 48h\",\"isPartOf\":{\"@id\":\"https:\\\/\\\/www.lifenatura.com\\\/es\\\/#website\"},\"primaryImageOfPage\":{\"@id\":\"https:\\\/\\\/www.lifenatura.com\\\/es\\\/produto\\\/lucidus-estudiante-toma-3-paga-2-farmodietica\\\/#primaryimage\"},\"image\":{\"@id\":\"https:\\\/\\\/www.lifenatura.com\\\/es\\\/produto\\\/lucidus-estudiante-toma-3-paga-2-farmodietica\\\/#primaryimage\"},\"thumbnailUrl\":\"https:\\\/\\\/www.lifenatura.com\\\/wp-content\\\/uploads\\\/2024\\\/03\\\/lucidus-estudante-pack-farmodietica.jpg\",\"datePublished\":\"2024-03-26T17:13:21+00:00\",\"dateModified\":\"2026-04-21T00:03:25+00:00\",\"description\":\"Prueba este pack promocional Lleve 3 Paga 2 de Lucidus Estudiantes y lleva tu capacidad cognitiva al siguiente nivel, ayuda a mejorar su memoria.\",\"breadcrumb\":{\"@id\":\"https:\\\/\\\/www.lifenatura.com\\\/es\\\/produto\\\/lucidus-estudiante-toma-3-paga-2-farmodietica\\\/#breadcrumb\"},\"inLanguage\":\"es\",\"potentialAction\":[{\"@type\":\"ReadAction\",\"target\":[\"https:\\\/\\\/www.lifenatura.com\\\/es\\\/produto\\\/lucidus-estudiante-toma-3-paga-2-farmodietica\\\/\"]}]},{\"@type\":\"ImageObject\",\"inLanguage\":\"es\",\"@id\":\"https:\\\/\\\/www.lifenatura.com\\\/es\\\/produto\\\/lucidus-estudiante-toma-3-paga-2-farmodietica\\\/#primaryimage\",\"url\":\"https:\\\/\\\/www.lifenatura.com\\\/wp-content\\\/uploads\\\/2024\\\/03\\\/lucidus-estudante-pack-farmodietica.jpg\",\"contentUrl\":\"https:\\\/\\\/www.lifenatura.com\\\/wp-content\\\/uploads\\\/2024\\\/03\\\/lucidus-estudante-pack-farmodietica.jpg\",\"width\":1000,\"height\":1000,\"caption\":\"Lucidus Pack Toma 3 Paga 2 Farmodietica\"},{\"@type\":\"BreadcrumbList\",\"@id\":\"https:\\\/\\\/www.lifenatura.com\\\/es\\\/produto\\\/lucidus-estudiante-toma-3-paga-2-farmodietica\\\/#breadcrumb\",\"itemListElement\":[{\"@type\":\"ListItem\",\"position\":1,\"name\":\"In\u00edcio\",\"item\":\"https:\\\/\\\/www.lifenatura.com\\\/es\\\/\"},{\"@type\":\"ListItem\",\"position\":2,\"name\":\"Todos los Productos\",\"item\":\"https:\\\/\\\/www.lifenatura.com\\\/es\\\/tienda\\\/\"},{\"@type\":\"ListItem\",\"position\":3,\"name\":\"Lucidus Estudiante Toma 3 Paga 2 &#8211; Farmodietica\"}]},{\"@type\":\"WebSite\",\"@id\":\"https:\\\/\\\/www.lifenatura.com\\\/es\\\/#website\",\"url\":\"https:\\\/\\\/www.lifenatura.com\\\/es\\\/\",\"name\":\"Lifenatura\",\"description\":\"A Lifenatura \u00e9 uma loja de produtos naturais, cosm\u00e9tica natural e alimenta\u00e7\u00e3o Biol\u00f3gica.\",\"publisher\":{\"@id\":\"https:\\\/\\\/www.lifenatura.com\\\/es\\\/#organization\"},\"potentialAction\":[{\"@type\":\"SearchAction\",\"target\":{\"@type\":\"EntryPoint\",\"urlTemplate\":\"https:\\\/\\\/www.lifenatura.com\\\/es\\\/?s={search_term_string}\"},\"query-input\":{\"@type\":\"PropertyValueSpecification\",\"valueRequired\":true,\"valueName\":\"search_term_string\"}}],\"inLanguage\":\"es\"},{\"@type\":\"Organization\",\"@id\":\"https:\\\/\\\/www.lifenatura.com\\\/es\\\/#organization\",\"name\":\"Lifenatura\",\"url\":\"https:\\\/\\\/www.lifenatura.com\\\/es\\\/\",\"logo\":{\"@type\":\"ImageObject\",\"inLanguage\":\"es\",\"@id\":\"https:\\\/\\\/www.lifenatura.com\\\/es\\\/#\\\/schema\\\/logo\\\/image\\\/\",\"url\":\"https:\\\/\\\/www.lifenatura.com\\\/wp-content\\\/uploads\\\/2021\\\/07\\\/logo.png\",\"contentUrl\":\"https:\\\/\\\/www.lifenatura.com\\\/wp-content\\\/uploads\\\/2021\\\/07\\\/logo.png\",\"width\":175,\"height\":55,\"caption\":\"Lifenatura\"},\"image\":{\"@id\":\"https:\\\/\\\/www.lifenatura.com\\\/es\\\/#\\\/schema\\\/logo\\\/image\\\/\"},\"sameAs\":[\"https:\\\/\\\/www.facebook.com\\\/lifenatura\",\"https:\\\/\\\/www.instagram.com\\\/lifenaturapt\\\/\"],\"hasMerchantReturnPolicy\":{\"@type\":\"MerchantReturnPolicy\",\"merchantReturnLink\":\"https:\\\/\\\/www.lifenatura.com\\\/termos-condicoes-lifenatura\\\/\"}}]}<\/script>\n<meta property=\"product:price:amount\" content=\"75.06\" \/>\n<meta property=\"product:price:currency\" content=\"EUR\" \/>\n<meta property=\"og:availability\" content=\"instock\" \/>\n<meta property=\"product:availability\" content=\"instock\" \/>\n<meta property=\"product:retailer_item_id\" content=\"56016530151277\" \/>\n<meta property=\"product:condition\" content=\"new\" \/>\n<!-- \/ Yoast SEO Premium plugin. -->","yoast_head_json":{"title":"Lucidus Estudiante Toma 3 Paga 2 - Farmodietica - Na Lifenatura ao Melhor Pre\u00e7o | Envio em 48h","description":"Prueba este pack promocional Lleve 3 Paga 2 de Lucidus Estudiantes y lleva tu capacidad cognitiva al siguiente nivel, ayuda a mejorar su memoria.","robots":{"index":"index","follow":"follow","max-snippet":"max-snippet:-1","max-image-preview":"max-image-preview:large","max-video-preview":"max-video-preview:-1"},"canonical":"https:\/\/www.lifenatura.com\/es\/produto\/lucidus-estudiante-toma-3-paga-2-farmodietica\/","og_locale":"es_ES","og_type":"article","og_title":"Lucidus Estudiante Toma 3 Paga 2 - Farmodietica - Na Lifenatura ao Melhor Pre\u00e7o | Envio 48h","og_description":"Compre Lucidus Estudiante Toma 3 Paga 2 - Farmodietica com envio r\u00e1pido. Entrega em 48h e portes gr\u00e1tis em compras >35\u20ac. Aproveite j\u00e1 na Lifenatura","og_url":"https:\/\/www.lifenatura.com\/es\/produto\/lucidus-estudiante-toma-3-paga-2-farmodietica\/","og_site_name":"Lifenatura","article_publisher":"https:\/\/www.facebook.com\/lifenatura","article_modified_time":"2026-04-21T00:03:25+00:00","og_image":[{"width":1000,"height":1000,"url":"https:\/\/www.lifenatura.com\/wp-content\/uploads\/2024\/03\/lucidus-estudante-pack-farmodietica.jpg","type":"image\/jpeg"}],"twitter_card":"summary_large_image","twitter_misc":{"Precio":"75,06&nbsp;&euro;","Disponibilidad":"Disponible"},"schema":{"@context":"https:\/\/schema.org","@graph":[{"@type":"WebPage","@id":"https:\/\/www.lifenatura.com\/es\/produto\/lucidus-estudiante-toma-3-paga-2-farmodietica\/","url":"https:\/\/www.lifenatura.com\/es\/produto\/lucidus-estudiante-toma-3-paga-2-farmodietica\/","name":"Lucidus Estudiante Toma 3 Paga 2 - Farmodietica - Na Lifenatura ao Melhor Pre\u00e7o | Envio em 48h","isPartOf":{"@id":"https:\/\/www.lifenatura.com\/es\/#website"},"primaryImageOfPage":{"@id":"https:\/\/www.lifenatura.com\/es\/produto\/lucidus-estudiante-toma-3-paga-2-farmodietica\/#primaryimage"},"image":{"@id":"https:\/\/www.lifenatura.com\/es\/produto\/lucidus-estudiante-toma-3-paga-2-farmodietica\/#primaryimage"},"thumbnailUrl":"https:\/\/www.lifenatura.com\/wp-content\/uploads\/2024\/03\/lucidus-estudante-pack-farmodietica.jpg","datePublished":"2024-03-26T17:13:21+00:00","dateModified":"2026-04-21T00:03:25+00:00","description":"Prueba este pack promocional Lleve 3 Paga 2 de Lucidus Estudiantes y lleva tu capacidad cognitiva al siguiente nivel, ayuda a mejorar su memoria.","breadcrumb":{"@id":"https:\/\/www.lifenatura.com\/es\/produto\/lucidus-estudiante-toma-3-paga-2-farmodietica\/#breadcrumb"},"inLanguage":"es","potentialAction":[{"@type":"ReadAction","target":["https:\/\/www.lifenatura.com\/es\/produto\/lucidus-estudiante-toma-3-paga-2-farmodietica\/"]}]},{"@type":"ImageObject","inLanguage":"es","@id":"https:\/\/www.lifenatura.com\/es\/produto\/lucidus-estudiante-toma-3-paga-2-farmodietica\/#primaryimage","url":"https:\/\/www.lifenatura.com\/wp-content\/uploads\/2024\/03\/lucidus-estudante-pack-farmodietica.jpg","contentUrl":"https:\/\/www.lifenatura.com\/wp-content\/uploads\/2024\/03\/lucidus-estudante-pack-farmodietica.jpg","width":1000,"height":1000,"caption":"Lucidus Pack Toma 3 Paga 2 Farmodietica"},{"@type":"BreadcrumbList","@id":"https:\/\/www.lifenatura.com\/es\/produto\/lucidus-estudiante-toma-3-paga-2-farmodietica\/#breadcrumb","itemListElement":[{"@type":"ListItem","position":1,"name":"In\u00edcio","item":"https:\/\/www.lifenatura.com\/es\/"},{"@type":"ListItem","position":2,"name":"Todos los Productos","item":"https:\/\/www.lifenatura.com\/es\/tienda\/"},{"@type":"ListItem","position":3,"name":"Lucidus Estudiante Toma 3 Paga 2 &#8211; Farmodietica"}]},{"@type":"WebSite","@id":"https:\/\/www.lifenatura.com\/es\/#website","url":"https:\/\/www.lifenatura.com\/es\/","name":"Lifenatura","description":"A Lifenatura \u00e9 uma loja de produtos naturais, cosm\u00e9tica natural e alimenta\u00e7\u00e3o Biol\u00f3gica.","publisher":{"@id":"https:\/\/www.lifenatura.com\/es\/#organization"},"potentialAction":[{"@type":"SearchAction","target":{"@type":"EntryPoint","urlTemplate":"https:\/\/www.lifenatura.com\/es\/?s={search_term_string}"},"query-input":{"@type":"PropertyValueSpecification","valueRequired":true,"valueName":"search_term_string"}}],"inLanguage":"es"},{"@type":"Organization","@id":"https:\/\/www.lifenatura.com\/es\/#organization","name":"Lifenatura","url":"https:\/\/www.lifenatura.com\/es\/","logo":{"@type":"ImageObject","inLanguage":"es","@id":"https:\/\/www.lifenatura.com\/es\/#\/schema\/logo\/image\/","url":"https:\/\/www.lifenatura.com\/wp-content\/uploads\/2021\/07\/logo.png","contentUrl":"https:\/\/www.lifenatura.com\/wp-content\/uploads\/2021\/07\/logo.png","width":175,"height":55,"caption":"Lifenatura"},"image":{"@id":"https:\/\/www.lifenatura.com\/es\/#\/schema\/logo\/image\/"},"sameAs":["https:\/\/www.facebook.com\/lifenatura","https:\/\/www.instagram.com\/lifenaturapt\/"],"hasMerchantReturnPolicy":{"@type":"MerchantReturnPolicy","merchantReturnLink":"https:\/\/www.lifenatura.com\/termos-condicoes-lifenatura\/"}}]},"product_price_amount":"75.06","product_price_currency":"EUR","og_availability":"instock","product_availability":"instock","product_retailer_item_id":"56016530151277","product_condition":"new"},"df_price":75.06,"df_sale_price":75.07,"df_regular_price":143.67000000000002,"df_image_link":"https:\/\/www.lifenatura.com\/wp-content\/uploads\/2024\/03\/lucidus-estudante-pack-farmodietica-300x300.jpg","_links":{"self":[{"href":"https:\/\/www.lifenatura.com\/es\/wp-json\/wp\/v2\/product\/88383","targetHints":{"allow":["GET"]}}],"collection":[{"href":"https:\/\/www.lifenatura.com\/es\/wp-json\/wp\/v2\/product"}],"about":[{"href":"https:\/\/www.lifenatura.com\/es\/wp-json\/wp\/v2\/types\/product"}],"wp:featuredmedia":[{"embeddable":true,"href":"https:\/\/www.lifenatura.com\/es\/wp-json\/wp\/v2\/media\/88382"}],"wp:attachment":[{"href":"https:\/\/www.lifenatura.com\/es\/wp-json\/wp\/v2\/media?parent=88383"}],"wp:term":[{"taxonomy":"product_brand","embeddable":true,"href":"https:\/\/www.lifenatura.com\/es\/wp-json\/wp\/v2\/product_brand?post=88383"},{"taxonomy":"product_cat","embeddable":true,"href":"https:\/\/www.lifenatura.com\/es\/wp-json\/wp\/v2\/product_cat?post=88383"},{"taxonomy":"product_tag","embeddable":true,"href":"https:\/\/www.lifenatura.com\/es\/wp-json\/wp\/v2\/product_tag?post=88383"}],"curies":[{"name":"wp","href":"https:\/\/api.w.org\/{rel}","templated":true}]}}