{"id":87720,"date":"2024-03-22T17:38:35","date_gmt":"2024-03-22T17:38:35","guid":{"rendered":"https:\/\/www.lifenatura.com\/produto\/vitamina-c-60-capsulas-liposomia\/"},"modified":"2024-03-22T18:04:35","modified_gmt":"2024-03-22T18:04:35","slug":"vitamina-c-60-capsulas-liposomia","status":"publish","type":"product","link":"https:\/\/www.lifenatura.com\/es\/produto\/vitamina-c-60-capsulas-liposomia\/","title":{"rendered":"Vitamina C 60 C\u00e1psulas &#8211; Liposomia"},"content":{"rendered":"<h2 style=\"text-align: left;\">Vitamina C para el funcionamiento normal del sistema inmunitario<\/h2>\n<p>&nbsp;<\/p>\n<p>Las c\u00e1psulas de vitamina C con tecnolog\u00eda liposomal proporcionan una forma avanzada de complementar este importante nutriente, ofreciendo beneficios inmunoestimulantes y antioxidantes en una forma m\u00e1s eficaz y biodisponible. La vitamina C es un antioxidante esencial que desempe\u00f1a un papel vital en el mantenimiento de la salud del sistema inmunitario, la producci\u00f3n de col\u00e1geno, la absorci\u00f3n del hierro y la protecci\u00f3n contra los da\u00f1os causados por los radicales libres. Estas c\u00e1psulas han sido formuladas para garantizar que los beneficios de este suplemento sean m\u00e1ximos.<\/p>\n<p><strong>Principales ventajas:<\/strong><\/p>\n<p><strong>Refuerzo inmunitario:<\/strong> refuerza el sistema inmunitario, ayudando al organismo a combatir las infecciones v\u00edricas y bacterianas. Estimula la producci\u00f3n de las c\u00e9lulas de defensa del organismo y ayuda a reducir la gripe y los resfriados.<\/p>\n<p><strong>Propiedades antioxidantes:<\/strong> ayuda a proteger las c\u00e9lulas contra los radicales libres, que pueden provocar el envejecimiento prematuro y el desarrollo de enfermedades cr\u00f3nicas. Neutraliza los radicales libres, favoreciendo la salud celular y el bienestar general.<\/p>\n<p><strong>Apoyo a la salud de la piel:<\/strong> La vitamina C desempe\u00f1a un papel crucial en la producci\u00f3n de col\u00e1geno, una prote\u00edna esencial para la salud de la piel, el cabello y las u\u00f1as. Ayuda a mantener la piel firme, el\u00e1stica y joven.<\/p>\n<p><strong>PRESENTACI\u00d3N<\/strong><\/p>\n<p>60 c\u00e1psulas<\/p>\n<p>&nbsp;<\/p>\n","protected":false},"excerpt":{"rendered":"<p>La vitamina C es un antioxidante esencial para el sistema inmunitario, la absorci\u00f3n del hierro y la protecci\u00f3n contra los da\u00f1os causados por los radicales libres. [&#8230;]<\/p>\n<p><a class=\"btn btn-secondary understrap-read-more-link\" href=\"https:\/\/www.lifenatura.com\/es\/produto\/vitamina-c-60-capsulas-liposomia\/\">Leer m\u00e1s&#8230;<span class=\"screen-reader-text\"> from Vitamina C 60 C\u00e1psulas &#8211; Liposomia<\/span><\/a><\/p>\n","protected":false},"featured_media":87302,"template":"","meta":{"_acf_changed":false},"product_brand":[8448],"product_cat":[7236,7211,7179],"product_tag":[],"class_list":{"0":"post-87720","1":"product","2":"type-product","3":"status-publish","4":"has-post-thumbnail","6":"product_brand-liposomia","7":"product_cat-antioxidantes-salud","8":"product_cat-reforza-la-inmunidad-salud","9":"product_cat-salud","11":"first","12":"outofstock","13":"shipping-taxable","14":"purchasable","15":"product-type-simple","16":"add-to-wishlist-before_image"},"acf":[],"yoast_head":"<!-- This site is optimized with the Yoast SEO Premium plugin v27.1 (Yoast SEO v27.3) - https:\/\/yoast.com\/product\/yoast-seo-premium-wordpress\/ -->\n<title>Vitamina C 60 C\u00e1psulas - Liposomia - Lifenatura<\/title>\n<meta name=\"description\" content=\"La vitamina C es un antioxidante esencial para el sistema inmunitario, la absorci\u00f3n del hierro y la protecci\u00f3n contra los da\u00f1os causados por los radicales libres.\" \/>\n<meta name=\"robots\" content=\"index, follow, max-snippet:-1, max-image-preview:large, max-video-preview:-1\" \/>\n<link rel=\"canonical\" href=\"https:\/\/www.lifenatura.com\/es\/produto\/vitamina-c-60-capsulas-liposomia\/\" \/>\n<meta property=\"og:locale\" content=\"es_ES\" \/>\n<meta property=\"og:type\" content=\"article\" \/>\n<meta property=\"og:title\" content=\"Vitamina C 60 C\u00e1psulas - Liposomia - Lifenatura\" \/>\n<meta property=\"og:description\" content=\"Compre aqui o seu Vitamina C 60 C\u00e1psulas - Liposomia e a Lifenatura Online envia em 48 H com Portes Gratis &gt;35\u20ac de Pedido.\" \/>\n<meta property=\"og:url\" content=\"https:\/\/www.lifenatura.com\/es\/produto\/vitamina-c-60-capsulas-liposomia\/\" \/>\n<meta property=\"og:site_name\" content=\"Lifenatura\" \/>\n<meta property=\"article:publisher\" content=\"https:\/\/www.facebook.com\/lifenatura\" \/>\n<meta property=\"article:modified_time\" content=\"2024-03-22T18:04:35+00:00\" \/>\n<meta property=\"og:image\" content=\"https:\/\/www.lifenatura.com\/wp-content\/uploads\/2024\/03\/Vitamin-C-60-capsulas-Liposomia.jpg\" \/>\n\t<meta property=\"og:image:width\" content=\"1000\" \/>\n\t<meta property=\"og:image:height\" content=\"1000\" \/>\n\t<meta property=\"og:image:type\" content=\"image\/jpeg\" \/>\n<meta name=\"twitter:card\" content=\"summary_large_image\" \/>\n<meta name=\"twitter:label1\" content=\"Precio\" \/>\n\t<meta name=\"twitter:data1\" content=\"16,30&nbsp;&euro;\" \/>\n\t<meta name=\"twitter:label2\" content=\"Disponibilidad\" \/>\n\t<meta name=\"twitter:data2\" content=\"Sin existencias\" \/>\n<meta property=\"product:price:amount\" content=\"16.30\" \/>\n<meta property=\"product:price:currency\" content=\"EUR\" \/>\n<meta property=\"og:availability\" content=\"out of stock\" \/>\n<meta property=\"product:availability\" content=\"out of stock\" \/>\n<meta property=\"product:retailer_item_id\" content=\"3760293912547\" \/>\n<meta property=\"product:condition\" content=\"new\" \/>\n<!-- \/ Yoast SEO Premium plugin. -->","yoast_head_json":{"title":"Vitamina C 60 C\u00e1psulas - Liposomia - Lifenatura","description":"La vitamina C es un antioxidante esencial para el sistema inmunitario, la absorci\u00f3n del hierro y la protecci\u00f3n contra los da\u00f1os causados por los radicales libres.","robots":{"index":"index","follow":"follow","max-snippet":"max-snippet:-1","max-image-preview":"max-image-preview:large","max-video-preview":"max-video-preview:-1"},"canonical":"https:\/\/www.lifenatura.com\/es\/produto\/vitamina-c-60-capsulas-liposomia\/","og_locale":"es_ES","og_type":"article","og_title":"Vitamina C 60 C\u00e1psulas - Liposomia - Lifenatura","og_description":"Compre aqui o seu Vitamina C 60 C\u00e1psulas - Liposomia e a Lifenatura Online envia em 48 H com Portes Gratis >35\u20ac de Pedido.","og_url":"https:\/\/www.lifenatura.com\/es\/produto\/vitamina-c-60-capsulas-liposomia\/","og_site_name":"Lifenatura","article_publisher":"https:\/\/www.facebook.com\/lifenatura","article_modified_time":"2024-03-22T18:04:35+00:00","og_image":[{"width":1000,"height":1000,"url":"https:\/\/www.lifenatura.com\/wp-content\/uploads\/2024\/03\/Vitamin-C-60-capsulas-Liposomia.jpg","type":"image\/jpeg"}],"twitter_card":"summary_large_image","twitter_misc":{"Precio":"16,30&nbsp;&euro;","Disponibilidad":"Sin existencias"},"schema":{"@context":"https:\/\/schema.org","@graph":[{"@type":"WebPage","@id":"https:\/\/www.lifenatura.com\/es\/produto\/vitamina-c-60-capsulas-liposomia\/","url":"https:\/\/www.lifenatura.com\/es\/produto\/vitamina-c-60-capsulas-liposomia\/","name":"Vitamina C 60 C\u00e1psulas - Liposomia - Lifenatura","isPartOf":{"@id":"https:\/\/www.lifenatura.com\/es\/#website"},"primaryImageOfPage":{"@id":"https:\/\/www.lifenatura.com\/es\/produto\/vitamina-c-60-capsulas-liposomia\/#primaryimage"},"image":{"@id":"https:\/\/www.lifenatura.com\/es\/produto\/vitamina-c-60-capsulas-liposomia\/#primaryimage"},"thumbnailUrl":"https:\/\/www.lifenatura.com\/wp-content\/uploads\/2024\/03\/Vitamin-C-60-capsulas-Liposomia.jpg","datePublished":"2024-03-22T17:38:35+00:00","dateModified":"2024-03-22T18:04:35+00:00","description":"La vitamina C es un antioxidante esencial para el sistema inmunitario, la absorci\u00f3n del hierro y la protecci\u00f3n contra los da\u00f1os causados por los radicales libres.","breadcrumb":{"@id":"https:\/\/www.lifenatura.com\/es\/produto\/vitamina-c-60-capsulas-liposomia\/#breadcrumb"},"inLanguage":"es","potentialAction":[{"@type":"ReadAction","target":["https:\/\/www.lifenatura.com\/es\/produto\/vitamina-c-60-capsulas-liposomia\/"]}]},{"@type":"ImageObject","inLanguage":"es","@id":"https:\/\/www.lifenatura.com\/es\/produto\/vitamina-c-60-capsulas-liposomia\/#primaryimage","url":"https:\/\/www.lifenatura.com\/wp-content\/uploads\/2024\/03\/Vitamin-C-60-capsulas-Liposomia.jpg","contentUrl":"https:\/\/www.lifenatura.com\/wp-content\/uploads\/2024\/03\/Vitamin-C-60-capsulas-Liposomia.jpg","width":1000,"height":1000,"caption":"Vitamina C 60 C\u00e1psulas - Liposomia"},{"@type":"BreadcrumbList","@id":"https:\/\/www.lifenatura.com\/es\/produto\/vitamina-c-60-capsulas-liposomia\/#breadcrumb","itemListElement":[{"@type":"ListItem","position":1,"name":"In\u00edcio","item":"https:\/\/www.lifenatura.com\/es\/"},{"@type":"ListItem","position":2,"name":"Todos los Productos","item":"https:\/\/www.lifenatura.com\/es\/tienda\/"},{"@type":"ListItem","position":3,"name":"Vitamina C 60 C\u00e1psulas &#8211; Liposomia"}]},{"@type":"WebSite","@id":"https:\/\/www.lifenatura.com\/es\/#website","url":"https:\/\/www.lifenatura.com\/es\/","name":"Lifenatura","description":"A Lifenatura \u00e9 uma loja de produtos naturais, cosm\u00e9tica natural e alimenta\u00e7\u00e3o Biol\u00f3gica.","publisher":{"@id":"https:\/\/www.lifenatura.com\/es\/#organization"},"potentialAction":[{"@type":"SearchAction","target":{"@type":"EntryPoint","urlTemplate":"https:\/\/www.lifenatura.com\/es\/?s={search_term_string}"},"query-input":{"@type":"PropertyValueSpecification","valueRequired":true,"valueName":"search_term_string"}}],"inLanguage":"es"},{"@type":"Organization","@id":"https:\/\/www.lifenatura.com\/es\/#organization","name":"Lifenatura","url":"https:\/\/www.lifenatura.com\/es\/","logo":{"@type":"ImageObject","inLanguage":"es","@id":"https:\/\/www.lifenatura.com\/es\/#\/schema\/logo\/image\/","url":"https:\/\/www.lifenatura.com\/wp-content\/uploads\/2021\/11\/logo.png","contentUrl":"https:\/\/www.lifenatura.com\/wp-content\/uploads\/2021\/11\/logo.png","width":175,"height":55,"caption":"Lifenatura"},"image":{"@id":"https:\/\/www.lifenatura.com\/es\/#\/schema\/logo\/image\/"},"sameAs":["https:\/\/www.facebook.com\/lifenatura","https:\/\/www.instagram.com\/lifenaturapt\/"]}]},"product_price_amount":"16.30","product_price_currency":"EUR","og_availability":"out of stock","product_availability":"out of stock","product_retailer_item_id":"3760293912547","product_condition":"new"},"df_price":16.3,"df_sale_price":"","df_regular_price":16.3,"df_image_link":"https:\/\/www.lifenatura.com\/wp-content\/uploads\/2024\/03\/Vitamin-C-60-capsulas-Liposomia-300x300.jpg","_links":{"self":[{"href":"https:\/\/www.lifenatura.com\/es\/wp-json\/wp\/v2\/product\/87720","targetHints":{"allow":["GET"]}}],"collection":[{"href":"https:\/\/www.lifenatura.com\/es\/wp-json\/wp\/v2\/product"}],"about":[{"href":"https:\/\/www.lifenatura.com\/es\/wp-json\/wp\/v2\/types\/product"}],"wp:featuredmedia":[{"embeddable":true,"href":"https:\/\/www.lifenatura.com\/es\/wp-json\/wp\/v2\/media\/87302"}],"wp:attachment":[{"href":"https:\/\/www.lifenatura.com\/es\/wp-json\/wp\/v2\/media?parent=87720"}],"wp:term":[{"taxonomy":"product_brand","embeddable":true,"href":"https:\/\/www.lifenatura.com\/es\/wp-json\/wp\/v2\/product_brand?post=87720"},{"taxonomy":"product_cat","embeddable":true,"href":"https:\/\/www.lifenatura.com\/es\/wp-json\/wp\/v2\/product_cat?post=87720"},{"taxonomy":"product_tag","embeddable":true,"href":"https:\/\/www.lifenatura.com\/es\/wp-json\/wp\/v2\/product_tag?post=87720"}],"curies":[{"name":"wp","href":"https:\/\/api.w.org\/{rel}","templated":true}]}}