{"id":87621,"date":"2024-03-21T18:34:04","date_gmt":"2024-03-21T18:34:04","guid":{"rendered":"https:\/\/www.lifenatura.com\/?post_type=product&#038;p=87621"},"modified":"2026-04-21T00:03:18","modified_gmt":"2026-04-21T00:03:18","slug":"nutriwell-colageno-cuidado-de-la-piel-pack-farmodietica","status":"publish","type":"product","link":"https:\/\/www.lifenatura.com\/es\/produto\/nutriwell-colageno-cuidado-de-la-piel-pack-farmodietica\/","title":{"rendered":"Nutriwell Col\u00e1geno Cuidado de la Piel Leve 3 Pago 2 &#8211; Farmodietica"},"content":{"rendered":"<h2><strong>Nutriwell Collagen Skin Care para mantener la piel, el cabello y las u\u00f1as sanos<\/strong><\/h2>\n<p>&nbsp;<\/p>\n<p>Nutriwell Skin Care es un complemento alimenticio que contiene Col\u00e1geno, \u00c1cido Hialur\u00f3nico, Vitamina C, Resveratrol, Coenzima Q10, A\u00e7a\u00ed y Granada, as\u00ed como Selenio.<\/p>\n<p><strong>Ahora disponible en pack Lleve 3 Pago 2<\/strong><\/p>\n<p>Nutriwell Collagen Skin Care de Farmodietica es un suplemento nutricional formulado para promover la salud y la belleza de la piel desde el interior. Con una combinaci\u00f3n de ingredientes cuidadosamente seleccionados, este suplemento proporciona los nutrientes esenciales necesarios para mantener la piel hidratada, firme y radiante.<\/p>\n<p><strong>Los 3 beneficios principales:<\/strong><\/p>\n<ul>\n<li><strong>Hidrataci\u00f3n profunda:<\/strong> Nutriwell Collagen Skin Care contiene col\u00e1geno hidrolizado, una forma de col\u00e1geno que el organismo absorbe f\u00e1cilmente. Este col\u00e1geno ayuda a mantener la piel hidratada, reduciendo la sequedad y mejorando la elasticidad de la piel.<\/li>\n<li><strong>Favorece la firmeza de la piel:<\/strong> El col\u00e1geno tambi\u00e9n desempe\u00f1a un papel importante en el mantenimiento de la firmeza y la elasticidad de la piel. Al aumentar los niveles de col\u00e1geno en la piel, este suplemento ayuda a reducir la aparici\u00f3n de arrugas y l\u00edneas de expresi\u00f3n, dejando la piel con un aspecto m\u00e1s firme y tonificado.<\/li>\n<li><strong>Combate los signos del envejecimiento:<\/strong> Nutriwell Collagen Skin Care est\u00e1 enriquecido con potentes antioxidantes, como las vitaminas C y E, que ayudan a combatir el da\u00f1o causado por los radicales libres y el estr\u00e9s oxidativo. Esto ayuda a prevenir el envejecimiento prematuro de la piel y a mantener un aspecto joven y saludable.<\/li>\n<\/ul>\n<p>El <strong>col\u00e1geno<\/strong> proporciona soporte estructural a los tejidos, contribuyendo a un efecto antienvejecimiento.<\/p>\n<p>Tambi\u00e9n contiene <strong>Vitamina C y Selenio<\/strong>, que contribuyen a la normalidad de la piel y tienen una acci\u00f3n antioxidante.<\/p>\n<p><strong>PRESENTACI\u00d3N<\/strong><\/p>\n<p>300g x 3<\/p>\n<p>&nbsp;<\/p>\n","protected":false},"excerpt":{"rendered":"<p>Nutriwell Skin Care, disponible en Lleve 3 Pago 2, proporciona hidrataci\u00f3n profunda, favorece la firmeza de la piel y combate los signos del envejecimiento. [&#8230;]<\/p>\n<p><a class=\"btn btn-secondary understrap-read-more-link\" href=\"https:\/\/www.lifenatura.com\/es\/produto\/nutriwell-colageno-cuidado-de-la-piel-pack-farmodietica\/\">Leer m\u00e1s&#8230;<span class=\"screen-reader-text\"> from Nutriwell Col\u00e1geno Cuidado de la Piel Leve 3 Pago 2 &#8211; Farmodietica<\/span><\/a><\/p>\n","protected":false},"featured_media":87623,"template":"","meta":{"_acf_changed":false},"product_brand":[8488],"product_cat":[7276,7263,7239,7179],"product_tag":[],"class_list":{"0":"post-87621","1":"product","2":"type-product","3":"status-publish","4":"has-post-thumbnail","6":"product_brand-farmodietica","7":"product_cat-lleve-3-pago-2","8":"product_cat-packs-de-salud","9":"product_cat-cuidado-de-la-piel","10":"product_cat-salud","12":"first","13":"instock","14":"sale","15":"shipping-taxable","16":"purchasable","17":"product-type-woosb","18":"add-to-wishlist-before_image"},"acf":[],"yoast_head":"<!-- This site is optimized with the Yoast SEO Premium plugin v27.1 (Yoast SEO v27.4) - https:\/\/yoast.com\/product\/yoast-seo-premium-wordpress\/ -->\n<title>Nutriwell Col\u00e1geno Cuidado de la Piel Lleve 3 Pago 2 - Lifenatura<\/title>\n<meta name=\"description\" content=\"Nutriwell Skin Care, disponible en Lleve 3 Pago 2, proporciona hidrataci\u00f3n profunda, favorece la firmeza de la piel y combate los signos del envejecimiento.\" \/>\n<meta name=\"robots\" content=\"index, follow, max-snippet:-1, max-image-preview:large, max-video-preview:-1\" \/>\n<link rel=\"canonical\" href=\"https:\/\/www.lifenatura.com\/es\/produto\/nutriwell-colageno-cuidado-de-la-piel-pack-farmodietica\/\" \/>\n<meta property=\"og:locale\" content=\"es_ES\" \/>\n<meta property=\"og:type\" content=\"article\" \/>\n<meta property=\"og:title\" content=\"Nutriwell Col\u00e1geno Cuidado de la Piel Leve 3 Pago 2 - Farmodietica - Lifenatura\" \/>\n<meta property=\"og:description\" content=\"Compre aqui o seu Nutriwell Col\u00e1geno Cuidado de la Piel Leve 3 Pago 2 - Farmodietica e a Lifenatura Online envia em 48 H com Portes Gratis &gt;35\u20ac de Pedido.\" \/>\n<meta property=\"og:url\" content=\"https:\/\/www.lifenatura.com\/es\/produto\/nutriwell-colageno-cuidado-de-la-piel-pack-farmodietica\/\" \/>\n<meta property=\"og:site_name\" content=\"Lifenatura\" \/>\n<meta property=\"article:publisher\" content=\"https:\/\/www.facebook.com\/lifenatura\" \/>\n<meta property=\"article:modified_time\" content=\"2026-04-21T00:03:18+00:00\" \/>\n<meta property=\"og:image\" content=\"https:\/\/www.lifenatura.com\/wp-content\/uploads\/2024\/03\/nutriwell-colagenio-skin-care-pack.jpg\" \/>\n\t<meta property=\"og:image:width\" content=\"1000\" \/>\n\t<meta property=\"og:image:height\" content=\"1000\" \/>\n\t<meta property=\"og:image:type\" content=\"image\/jpeg\" \/>\n<meta name=\"twitter:card\" content=\"summary_large_image\" \/>\n<meta name=\"twitter:label1\" content=\"Precio\" \/>\n\t<meta name=\"twitter:data1\" content=\"78,63&nbsp;&euro;\" \/>\n\t<meta name=\"twitter:label2\" content=\"Disponibilidad\" \/>\n\t<meta name=\"twitter:data2\" content=\"Disponible\" \/>\n<meta property=\"product:price:amount\" content=\"78.63\" \/>\n<meta property=\"product:price:currency\" content=\"EUR\" \/>\n<meta property=\"og:availability\" content=\"instock\" \/>\n<meta property=\"product:availability\" content=\"instock\" \/>\n<meta property=\"product:retailer_item_id\" content=\"56016530179788\" \/>\n<meta property=\"product:condition\" content=\"new\" \/>\n<!-- \/ Yoast SEO Premium plugin. -->","yoast_head_json":{"title":"Nutriwell Col\u00e1geno Cuidado de la Piel Lleve 3 Pago 2 - Lifenatura","description":"Nutriwell Skin Care, disponible en Lleve 3 Pago 2, proporciona hidrataci\u00f3n profunda, favorece la firmeza de la piel y combate los signos del envejecimiento.","robots":{"index":"index","follow":"follow","max-snippet":"max-snippet:-1","max-image-preview":"max-image-preview:large","max-video-preview":"max-video-preview:-1"},"canonical":"https:\/\/www.lifenatura.com\/es\/produto\/nutriwell-colageno-cuidado-de-la-piel-pack-farmodietica\/","og_locale":"es_ES","og_type":"article","og_title":"Nutriwell Col\u00e1geno Cuidado de la Piel Leve 3 Pago 2 - Farmodietica - Lifenatura","og_description":"Compre aqui o seu Nutriwell Col\u00e1geno Cuidado de la Piel Leve 3 Pago 2 - Farmodietica e a Lifenatura Online envia em 48 H com Portes Gratis >35\u20ac de Pedido.","og_url":"https:\/\/www.lifenatura.com\/es\/produto\/nutriwell-colageno-cuidado-de-la-piel-pack-farmodietica\/","og_site_name":"Lifenatura","article_publisher":"https:\/\/www.facebook.com\/lifenatura","article_modified_time":"2026-04-21T00:03:18+00:00","og_image":[{"width":1000,"height":1000,"url":"https:\/\/www.lifenatura.com\/wp-content\/uploads\/2024\/03\/nutriwell-colagenio-skin-care-pack.jpg","type":"image\/jpeg"}],"twitter_card":"summary_large_image","twitter_misc":{"Precio":"78,63&nbsp;&euro;","Disponibilidad":"Disponible"},"schema":{"@context":"https:\/\/schema.org","@graph":[{"@type":"WebPage","@id":"https:\/\/www.lifenatura.com\/es\/produto\/nutriwell-colageno-cuidado-de-la-piel-pack-farmodietica\/","url":"https:\/\/www.lifenatura.com\/es\/produto\/nutriwell-colageno-cuidado-de-la-piel-pack-farmodietica\/","name":"Nutriwell Col\u00e1geno Cuidado de la Piel Lleve 3 Pago 2 - Lifenatura","isPartOf":{"@id":"https:\/\/www.lifenatura.com\/es\/#website"},"primaryImageOfPage":{"@id":"https:\/\/www.lifenatura.com\/es\/produto\/nutriwell-colageno-cuidado-de-la-piel-pack-farmodietica\/#primaryimage"},"image":{"@id":"https:\/\/www.lifenatura.com\/es\/produto\/nutriwell-colageno-cuidado-de-la-piel-pack-farmodietica\/#primaryimage"},"thumbnailUrl":"https:\/\/www.lifenatura.com\/wp-content\/uploads\/2024\/03\/nutriwell-colagenio-skin-care-pack.jpg","datePublished":"2024-03-21T18:34:04+00:00","dateModified":"2026-04-21T00:03:18+00:00","description":"Nutriwell Skin Care, disponible en Lleve 3 Pago 2, proporciona hidrataci\u00f3n profunda, favorece la firmeza de la piel y combate los signos del envejecimiento.","breadcrumb":{"@id":"https:\/\/www.lifenatura.com\/es\/produto\/nutriwell-colageno-cuidado-de-la-piel-pack-farmodietica\/#breadcrumb"},"inLanguage":"es","potentialAction":[{"@type":"ReadAction","target":["https:\/\/www.lifenatura.com\/es\/produto\/nutriwell-colageno-cuidado-de-la-piel-pack-farmodietica\/"]}]},{"@type":"ImageObject","inLanguage":"es","@id":"https:\/\/www.lifenatura.com\/es\/produto\/nutriwell-colageno-cuidado-de-la-piel-pack-farmodietica\/#primaryimage","url":"https:\/\/www.lifenatura.com\/wp-content\/uploads\/2024\/03\/nutriwell-colagenio-skin-care-pack.jpg","contentUrl":"https:\/\/www.lifenatura.com\/wp-content\/uploads\/2024\/03\/nutriwell-colagenio-skin-care-pack.jpg","width":1000,"height":1000,"caption":"nutriwell skin care pack da farmodietica"},{"@type":"BreadcrumbList","@id":"https:\/\/www.lifenatura.com\/es\/produto\/nutriwell-colageno-cuidado-de-la-piel-pack-farmodietica\/#breadcrumb","itemListElement":[{"@type":"ListItem","position":1,"name":"In\u00edcio","item":"https:\/\/www.lifenatura.com\/es\/"},{"@type":"ListItem","position":2,"name":"Todos los Productos","item":"https:\/\/www.lifenatura.com\/es\/tienda\/"},{"@type":"ListItem","position":3,"name":"Nutriwell Col\u00e1geno Cuidado de la Piel Leve 3 Pago 2 &#8211; Farmodietica"}]},{"@type":"WebSite","@id":"https:\/\/www.lifenatura.com\/es\/#website","url":"https:\/\/www.lifenatura.com\/es\/","name":"Lifenatura","description":"A Lifenatura \u00e9 uma loja de produtos naturais, cosm\u00e9tica natural e alimenta\u00e7\u00e3o Biol\u00f3gica.","publisher":{"@id":"https:\/\/www.lifenatura.com\/es\/#organization"},"potentialAction":[{"@type":"SearchAction","target":{"@type":"EntryPoint","urlTemplate":"https:\/\/www.lifenatura.com\/es\/?s={search_term_string}"},"query-input":{"@type":"PropertyValueSpecification","valueRequired":true,"valueName":"search_term_string"}}],"inLanguage":"es"},{"@type":"Organization","@id":"https:\/\/www.lifenatura.com\/es\/#organization","name":"Lifenatura","url":"https:\/\/www.lifenatura.com\/es\/","logo":{"@type":"ImageObject","inLanguage":"es","@id":"https:\/\/www.lifenatura.com\/es\/#\/schema\/logo\/image\/","url":"https:\/\/www.lifenatura.com\/wp-content\/uploads\/2021\/11\/logo.png","contentUrl":"https:\/\/www.lifenatura.com\/wp-content\/uploads\/2021\/11\/logo.png","width":175,"height":55,"caption":"Lifenatura"},"image":{"@id":"https:\/\/www.lifenatura.com\/es\/#\/schema\/logo\/image\/"},"sameAs":["https:\/\/www.facebook.com\/lifenatura","https:\/\/www.instagram.com\/lifenaturapt\/"]}]},"product_price_amount":"78.63","product_price_currency":"EUR","og_availability":"instock","product_availability":"instock","product_retailer_item_id":"56016530179788","product_condition":"new"},"df_price":78.63,"df_sale_price":78.63,"df_regular_price":150.51,"df_image_link":"https:\/\/www.lifenatura.com\/wp-content\/uploads\/2024\/03\/nutriwell-colagenio-skin-care-pack-300x300.jpg","_links":{"self":[{"href":"https:\/\/www.lifenatura.com\/es\/wp-json\/wp\/v2\/product\/87621","targetHints":{"allow":["GET"]}}],"collection":[{"href":"https:\/\/www.lifenatura.com\/es\/wp-json\/wp\/v2\/product"}],"about":[{"href":"https:\/\/www.lifenatura.com\/es\/wp-json\/wp\/v2\/types\/product"}],"wp:featuredmedia":[{"embeddable":true,"href":"https:\/\/www.lifenatura.com\/es\/wp-json\/wp\/v2\/media\/87623"}],"wp:attachment":[{"href":"https:\/\/www.lifenatura.com\/es\/wp-json\/wp\/v2\/media?parent=87621"}],"wp:term":[{"taxonomy":"product_brand","embeddable":true,"href":"https:\/\/www.lifenatura.com\/es\/wp-json\/wp\/v2\/product_brand?post=87621"},{"taxonomy":"product_cat","embeddable":true,"href":"https:\/\/www.lifenatura.com\/es\/wp-json\/wp\/v2\/product_cat?post=87621"},{"taxonomy":"product_tag","embeddable":true,"href":"https:\/\/www.lifenatura.com\/es\/wp-json\/wp\/v2\/product_tag?post=87621"}],"curies":[{"name":"wp","href":"https:\/\/api.w.org\/{rel}","templated":true}]}}